{"id":2655,"date":"2025-01-03T05:45:44","date_gmt":"2025-01-03T05:45:44","guid":{"rendered":"https:\/\/fmp-components.com\/product\/high-quality-hydraulic-cylinder-of-platform-lifting\/"},"modified":"2025-01-04T00:42:34","modified_gmt":"2025-01-04T00:42:34","slug":"high-quality-hydraulic-cylinder-of-platform-lifting","status":"publish","type":"product","link":"https:\/\/fmp-components.com\/pl\/product\/high-quality-hydraulic-cylinder-of-platform-lifting\/","title":{"rendered":"Wysokiej jako\u015bci si\u0142ownik hydrauliczny do podnoszenia platform"},"content":{"rendered":"<h3>Wysokiej jako\u015bci si\u0142ownik hydrauliczny do podnoszenia platform<\/h3>\n<p><strong>Opis produktu:<\/strong><\/p>\n<p>Nasz wysokiej jako\u015bci si\u0142ownik hydrauliczny do podnoszenia platform zosta\u0142 zaprojektowany z my\u015bl\u0105 o wyj\u0105tkowej wydajno\u015bci i niezawodno\u015bci w r\u00f3\u017cnych zastosowaniach d\u017awigowych. Zaprojektowany z precyzj\u0105, ten si\u0142ownik hydrauliczny idealnie nadaje si\u0119 do zastosowa\u0144 przemys\u0142owych, budowlanych i motoryzacyjnych.<\/p>\n<p><strong>G\u0142\u00f3wne cechy:<\/strong><\/p>\n<ul>\n<li><strong>Solidna konstrukcja:<\/strong> Nasz si\u0142ownik hydrauliczny wykonany jest z wysokowytrzyma\u0142ej stali i jest skonstruowany tak, aby wytrzymywa\u0107 du\u017ce obci\u0105\u017cenia i trudne warunki pracy, co gwarantuje d\u0142ugotrwa\u0142\u0105 trwa\u0142o\u015b\u0107.<\/li>\n<li><strong>Zaawansowana technologia uszczelniania:<\/strong> Wyposa\u017cone w najnowocze\u015bniejsze uszczelnienia zapobiegaj\u0105ce wyciekom i utrzymuj\u0105ce optymalne ci\u015bnienie hydrauliczne, co zwi\u0119ksza wydajno\u015b\u0107 i bezpiecze\u0144stwo.<\/li>\n<li><strong>P\u0142ynna praca:<\/strong> Konstrukcja cylindra umo\u017cliwia p\u0142ynne i kontrolowane podnoszenie, minimalizuj\u0105c zu\u017cycie maszyn.<\/li>\n<li><strong>Wszechstronne zastosowania:<\/strong> Nadaje si\u0119 do szerokiej gamy platform podnosz\u0105cych, w tym podno\u015bnik\u00f3w no\u017cycowych, podno\u015bnik\u00f3w koszowych i innego ci\u0119\u017ckiego sprz\u0119tu.<\/li>\n<li><strong>Opcje dostosowywania:<\/strong> Dost\u0119pne w r\u00f3\u017cnych rozmiarach i d\u0142ugo\u015bciach skoku, aby spe\u0142ni\u0107 okre\u015blone wymagania operacyjne.<\/li>\n<li><strong>\u0141atwa instalacja:<\/strong> Zaprojektowane z my\u015bl\u0105 o prostej instalacji i \u0142atwej integracji z istniej\u0105cymi systemami.<\/li>\n<\/ul>\n<p>Zainwestuj w nasze wysokiej jako\u015bci si\u0142owniki hydrauliczne do podnoszenia platform i przekonaj si\u0119 o idealnym po\u0142\u0105czeniu niezawodno\u015bci, wydajno\u015bci i bezpiecze\u0144stwa podczas podnoszenia.<\/p>\n<h3>Zasada dzia\u0142ania i zastosowania uk\u0142ad\u00f3w hydraulicznych<\/h3>\n<p>Si\u0142ownik hydrauliczny dzia\u0142a na zasadzie si\u0142y hydraulicznej, gdzie ci\u015bnienie jest przyk\u0142adane w jednym punkcie i przenoszone do innego punktu za pomoc\u0105 nie\u015bci\u015bliwego p\u0142ynu, w tym przypadku oleju. Si\u0142ownik znajduje szerokie zastosowanie w bran\u017cach wymagaj\u0105cych podnoszenia du\u017cych ci\u0119\u017car\u00f3w. Dzi\u0119ki naszemu si\u0142ownikowi hydraulicznemu operacje staj\u0105 si\u0119 bezpieczniejsze, wydajniejsze i bardziej niezawodne.<\/p>\n<h2>Zalety si\u0142ownik\u00f3w hydraulicznych do wywrotek i przyczep<\/h2>\n<ul>\n<li><strong>Zwi\u0119kszona wydajno\u015b\u0107:<\/strong> Wywrotki i przyczepy wyposa\u017cone w si\u0142owniki hydrauliczne mog\u0105 pracowa\u0107 wydajniej ni\u017c te bez nich. Uk\u0142ad hydrauliczny zapewnia p\u0142ynny i niezawodny transfer mocy, co pozwala na szybszy i bardziej precyzyjny roz\u0142adunek materia\u0142\u00f3w. Oszcz\u0119dza to czas i koszty pracy, jednocze\u015bnie zwi\u0119kszaj\u0105c og\u00f3ln\u0105 wydajno\u015b\u0107. Co wi\u0119cej, uk\u0142ady hydrauliczne charakteryzuj\u0105 si\u0119 wysok\u0105 wydajno\u015bci\u0105 energetyczn\u0105. Wymagaj\u0105 mniej energii do dzia\u0142ania w por\u00f3wnaniu z uk\u0142adami mechanicznymi, co oznacza ni\u017csze koszty paliwa i mniejszy wp\u0142yw na \u015brodowisko. Co wi\u0119cej, si\u0142owniki hydrauliczne zosta\u0142y zaprojektowane z my\u015bl\u0105 o d\u0142ugotrwa\u0142ej pracy, co ogranicza konieczno\u015b\u0107 cz\u0119stej konserwacji i napraw.<\/li>\n<li><strong>Poprawa bezpiecze\u0144stwa:<\/strong> Wywrotki i przyczepy mog\u0105 by\u0107 niebezpieczne, je\u015bli nie s\u0105 prawid\u0142owo obs\u0142ugiwane. Jednak si\u0142owniki hydrauliczne mog\u0105 poprawi\u0107 bezpiecze\u0144stwo, zmniejszaj\u0105c ryzyko przewr\u00f3cenia si\u0119 lub rozlania podczas wy\u0142adunku. Uk\u0142ad hydrauliczny zapewnia stabilne i p\u0142ynne przenoszenie mocy, zapobiegaj\u0105c nag\u0142ym ruchom lub szarpni\u0119ciom, kt\u00f3re mog\u0142yby zdestabilizowa\u0107 pojazd. Ponadto uk\u0142ady hydrauliczne mog\u0105 by\u0107 wyposa\u017cone w funkcje bezpiecze\u0144stwa, takie jak zawory bezpiecze\u0144stwa i zabezpieczenia przed przeci\u0105\u017ceniem, kt\u00f3re zapobiegaj\u0105 przekroczeniu maksymalnej wydajno\u015bci uk\u0142adu. Zwi\u0119kszaj\u0105c bezpiecze\u0144stwo, si\u0142owniki hydrauliczne mog\u0105 pom\u00f3c zmniejszy\u0107 ryzyko wypadk\u00f3w i obra\u017ce\u0144, chroni\u0105c zar\u00f3wno pracownik\u00f3w, jak i sprz\u0119t.<\/li>\n<li><strong>Wi\u0119ksza wszechstronno\u015b\u0107:<\/strong> Wywrotki i przyczepy wyposa\u017cone w si\u0142owniki hydrauliczne mog\u0105 by\u0107 wykorzystywane w wielu zastosowaniach. Uk\u0142ady hydrauliczne s\u0105 niezwykle elastyczne i mo\u017cna je dostosowa\u0107 do specyficznych potrzeb r\u00f3\u017cnych bran\u017c i zastosowa\u0144. Na przyk\u0142ad si\u0142owniki hydrauliczne mog\u0105 by\u0107 zaprojektowane do pracy przy r\u00f3\u017cnych ci\u015bnieniach i pr\u0119dko\u015bciach, co pozwala na precyzyjn\u0105 kontrol\u0119 procesu wysypywania. Mog\u0105 by\u0107 r\u00f3wnie\u017c wykorzystywane do podnoszenia ci\u0119\u017ckich \u0142adunk\u00f3w lub odsuwania materia\u0142\u00f3w, co czyni je przydatnymi w budownictwie, g\u00f3rnictwie i rolnictwie.<\/li>\n<li><strong>Wi\u0119kszy komfort:<\/strong> Operatorzy wywrotek i przyczep mog\u0105 skorzysta\u0107 z wi\u0119kszego komfortu zapewnianego przez uk\u0142ady hydrauliczne. P\u0142ynna praca si\u0142ownik\u00f3w hydraulicznych redukuje wibracje i wstrz\u0105sy, zmniejszaj\u0105c zm\u0119czenie operatora i poprawiaj\u0105c og\u00f3lny komfort. Ponadto uk\u0142ady hydrauliczne mog\u0105 by\u0107 zaprojektowane tak, aby pracowa\u0142y cicho, redukuj\u0105c ha\u0142as i tworz\u0105c bardziej komfortowe \u015brodowisko pracy. Mo\u017ce to by\u0107 szczeg\u00f3lnie istotne w przypadku zastosowa\u0144, w kt\u00f3rych pracownicy przebywaj\u0105 w bliskim s\u0105siedztwie sprz\u0119tu przez d\u0142u\u017cszy czas.<\/li>\n<li><strong>Wi\u0119ksza kontrola:<\/strong> Si\u0142owniki hydrauliczne zapewniaj\u0105 precyzyjn\u0105 kontrol\u0119 nad procesem wysypywania, umo\u017cliwiaj\u0105c operatorom regulacj\u0119 pr\u0119dko\u015bci i k\u0105ta wysypu. Ten poziom kontroli mo\u017ce by\u0107 szczeg\u00f3lnie przydatny w zastosowaniach, w kt\u00f3rych zrzucane materia\u0142y s\u0105 delikatne lub wymagaj\u0105 precyzyjnego pozycjonowania. Ponadto si\u0142owniki hydrauliczne mo\u017cna obs\u0142ugiwa\u0107 zdalnie, co zapewnia jeszcze wi\u0119ksz\u0105 kontrol\u0119 i elastyczno\u015b\u0107. Mo\u017ce to by\u0107 przydatne w zastosowaniach, w kt\u00f3rych operator musi znajdowa\u0107 si\u0119 w innym miejscu ni\u017c sprz\u0119t lub w kt\u00f3rych widoczno\u015b\u0107 jest ograniczona.<\/li>\n<\/ul>\n<p><img loading=\"lazy\" decoding=\"async\" class=\"alignnone size-full wp-image-2676\" src=\"https:\/\/fmp-components.com\/wp-content\/uploads\/2025\/01\/hydraulic-cylinder-workshop.webp\" alt=\"warsztat cylindr\u00f3w hydraulicznych\" width=\"914\" height=\"733\" title=\"\" srcset=\"https:\/\/fmp-components.com\/wp-content\/uploads\/2025\/01\/hydraulic-cylinder-workshop.webp 914w, https:\/\/fmp-components.com\/wp-content\/uploads\/2025\/01\/hydraulic-cylinder-workshop-480x385.webp 480w\" sizes=\"(min-width: 0px) and (max-width: 480px) 480px, (min-width: 481px) 914px, 100vw\" \/><\/p>\n<h2>O FMP<\/h2>\n<p>FMP to wiod\u0105ca firma z siedzib\u0105 we W\u0142oszech, specjalizuj\u0105ca si\u0119 w sprzeda\u017cy i serwisie akcesori\u00f3w oraz kompletnych maszyn budowlanych. Nasza firma posiada bogate do\u015bwiadczenie w bran\u017cy i profesjonalny zesp\u00f3\u0142, kt\u00f3ry dok\u0142ada wszelkich stara\u0144, aby dostarcza\u0107 klientom wysokiej jako\u015bci i niezawodne rozwi\u0105zania w zakresie maszyn budowlanych.<\/p>\n<p>Oto pi\u0119\u0107 powod\u00f3w, dla kt\u00f3rych warto wybra\u0107 FMP:<\/p>\n<p>1. Wysokiej jako\u015bci precyzyjne cylindry hydrauliczne<br \/>\nW FMP dbamy o jako\u015b\u0107 na ka\u017cdym etapie dzia\u0142alno\u015bci. Nasze cylindry hydrauliczne s\u0105 precyzyjnie zaprojektowane, aby spe\u0142nia\u0107 najwy\u017csze standardy bran\u017cowe. U\u017cywamy wy\u0142\u0105cznie wysokiej jako\u015bci surowc\u00f3w i przeprowadzamy rygorystyczne kontrole jako\u015bci gotowych produkt\u00f3w, aby zapewni\u0107 naszym klientom najwy\u017csz\u0105 jako\u015b\u0107.<\/p>\n<p>2. Szeroka gama produkt\u00f3w<br \/>\nOferujemy szerok\u0105 gam\u0119 akcesori\u00f3w i kompletnych maszyn budowlanych, w tym si\u0142owniki hydrauliczne, przek\u0142adnie, \u0142a\u0144cuchy i ko\u0142a z\u0119bate. Nasza oferta obejmuje wszystkie rodzaje maszyn budowlanych i akcesori\u00f3w, w tym akcesoria do silnik\u00f3w, elementy uk\u0142adu hydraulicznego, akcesoria do podwozia oraz akcesoria do uk\u0142adu elektrycznego.<\/p>\n<p>3. D\u0142ugoterminowe i stabilne relacje kooperacyjne z dostawcami<br \/>\nFMP nawi\u0105za\u0142o d\u0142ugotrwa\u0142\u0105 i stabiln\u0105 wsp\u00f3\u0142prac\u0119 z wieloma wysokiej jako\u015bci krajowymi i zagranicznymi dostawcami. Dzi\u0119ki temu wszystkie dostarczane akcesoria spe\u0142niaj\u0105 surowe standardy jako\u015bci, a nasi klienci otrzymuj\u0105 produkty najwy\u017cszej jako\u015bci.<\/p>\n<p>4. Do\u015bwiadczony i wykwalifikowany zesp\u00f3\u0142 sprzeda\u017cy<br \/>\nNasz zesp\u00f3\u0142 sprzeda\u017cy to do\u015bwiadczeni i wykwalifikowani specjali\u015bci w bran\u017cy maszyn budowlanych. Znaj\u0105 najnowsze trendy rozwojowe i potrzeby klient\u00f3w, oferuj\u0105c profesjonalne doradztwo produktowe i przemy\u015blane porady zakupowe, aby zapewni\u0107 naszym klientom produkty idealnie dopasowane do ich potrzeb.<\/p>\n<p>5. Wydajny system dystrybucji logistycznej<br \/>\nDysponujemy wydajnym systemem dystrybucji logistycznej, kt\u00f3ry gwarantuje naszym klientom terminowe i dok\u0142adne dostarczenie potrzebnych cz\u0119\u015bci. Nasz zesp\u00f3\u0142 logistyczny dok\u0142ada wszelkich stara\u0144, aby zapewni\u0107 jak najlepsz\u0105 obs\u0142ug\u0119 i satysfakcj\u0119 naszych klient\u00f3w.<\/p>\n<p>Je\u015bli szukasz wysokiej jako\u015bci akcesori\u00f3w i kompletnych maszyn budowlanych, FMP to najlepszy wyb\u00f3r. Skontaktuj si\u0119 z nami ju\u017c dzi\u015b, aby dowiedzie\u0107 si\u0119 wi\u0119cej o naszych produktach i o tym, jak mo\u017cemy pom\u00f3c Ci zaspokoi\u0107 Twoje potrzeby w zakresie maszyn budowlanych.<\/p>\n<p><img loading=\"lazy\" decoding=\"async\" class=\"alignnone wp-image-2672\" src=\"https:\/\/fmp-components.com\/wp-content\/uploads\/2025\/01\/Dump-Truck-Trailer-Hydraulic-Cylinder-product-3-2.webp\" alt=\"Si\u0142ownik hydrauliczny do wywrotek i przyczep - produkt-3\" width=\"921\" height=\"675\" title=\"\" srcset=\"https:\/\/fmp-components.com\/wp-content\/uploads\/2025\/01\/Dump-Truck-Trailer-Hydraulic-Cylinder-product-3-2.webp 921w, https:\/\/fmp-components.com\/wp-content\/uploads\/2025\/01\/Dump-Truck-Trailer-Hydraulic-Cylinder-product-3-2-480x352.webp 480w\" sizes=\"(min-width: 0px) and (max-width: 480px) 480px, (min-width: 481px) 921px, 100vw\" \/><br \/>\nAutor: CX<\/p>","protected":false},"excerpt":{"rendered":"<p>High Quality Hydraulic Cylinder for Platform Lifting Product Description: Our High-Quality Hydraulic Cylinder for Platform Lifting is designed to deliver exceptional performance and reliability in various lifting applications. Engineered with precision, this hydraulic cylinder is ideal for use in industrial, construction, and automotive settings. Key Features: Robust Construction: Made from high-strength steel, our hydraulic cylinder [&hellip;]<\/p>","protected":false},"featured_media":2656,"comment_status":"closed","ping_status":"closed","template":"","meta":{"_et_pb_use_builder":"","_et_pb_old_content":"","_et_gb_content_width":""},"product_brand":[],"product_cat":[63],"product_tag":[65,34],"class_list":{"0":"post-2655","1":"product","2":"type-product","3":"status-publish","4":"has-post-thumbnail","6":"product_cat-dump-truck-trailer-hydraulic-cylinder","7":"product_tag-dump-truck-trailer-hydraulic-cylinder","8":"product_tag-hydraulic-cylinder","10":"first","11":"instock","12":"product-type-simple"},"_links":{"self":[{"href":"https:\/\/fmp-components.com\/pl\/wp-json\/wp\/v2\/product\/2655","targetHints":{"allow":["GET"]}}],"collection":[{"href":"https:\/\/fmp-components.com\/pl\/wp-json\/wp\/v2\/product"}],"about":[{"href":"https:\/\/fmp-components.com\/pl\/wp-json\/wp\/v2\/types\/product"}],"replies":[{"embeddable":true,"href":"https:\/\/fmp-components.com\/pl\/wp-json\/wp\/v2\/comments?post=2655"}],"wp:featuredmedia":[{"embeddable":true,"href":"https:\/\/fmp-components.com\/pl\/wp-json\/wp\/v2\/media\/2656"}],"wp:attachment":[{"href":"https:\/\/fmp-components.com\/pl\/wp-json\/wp\/v2\/media?parent=2655"}],"wp:term":[{"taxonomy":"product_brand","embeddable":true,"href":"https:\/\/fmp-components.com\/pl\/wp-json\/wp\/v2\/product_brand?post=2655"},{"taxonomy":"product_cat","embeddable":true,"href":"https:\/\/fmp-components.com\/pl\/wp-json\/wp\/v2\/product_cat?post=2655"},{"taxonomy":"product_tag","embeddable":true,"href":"https:\/\/fmp-components.com\/pl\/wp-json\/wp\/v2\/product_tag?post=2655"}],"curies":[{"name":"wp","href":"https:\/\/api.w.org\/{rel}","templated":true}]}}