{"id":2627,"date":"2025-01-03T03:21:09","date_gmt":"2025-01-03T03:21:09","guid":{"rendered":"https:\/\/fmp-components.com\/?page_id=8"},"modified":"2025-01-03T03:25:57","modified_gmt":"2025-01-03T03:25:57","slug":"square-baler-gearbox-fmp-dfk192-for-big-square-baler","status":"publish","type":"product","link":"https:\/\/fmp-components.com\/pl\/product\/square-baler-gearbox-fmp-dfk192-for-big-square-baler\/","title":{"rendered":"Skrzynia bieg\u00f3w prasy kwadratowej FMP-DFK192 do du\u017cej prasy kwadratowej"},"content":{"rendered":"<h2>Wymiary przek\u0142adni prasy kostkuj\u0105cej FMP-DFK192<\/h2>\n<p><img loading=\"lazy\" decoding=\"async\" class=\"alignnone size-full wp-image-2635\" src=\"https:\/\/fmp-components.com\/wp-content\/uploads\/2025\/01\/Square-Baler-Gearbox-EP-DFK192-Dimensions.webp\" alt=\"Skrzynia bieg\u00f3w prasy kwadratowej FMP-DFK192-Wymiary\" width=\"979\" height=\"1024\" title=\"\" srcset=\"https:\/\/fmp-components.com\/wp-content\/uploads\/2025\/01\/Square-Baler-Gearbox-EP-DFK192-Dimensions.webp 979w, https:\/\/fmp-components.com\/wp-content\/uploads\/2025\/01\/Square-Baler-Gearbox-EP-DFK192-Dimensions-480x502.webp 480w\" sizes=\"(min-width: 0px) and (max-width: 480px) 480px, (min-width: 481px) 979px, 100vw\" \/><\/p>\n<h2>Dane techniczne przek\u0142adni prasy kostkuj\u0105cej FMP-DFK192<\/h2>\n<table style=\"width: 99.0645%; height: 101px;\" border=\"1\" cellspacing=\"0\" cellpadding=\"0\">\n<tbody>\n<tr style=\"height: 23px;\">\n<td style=\"height: 46px;\" colspan=\"3\" rowspan=\"2\">I<\/td>\n<td style=\"height: 46px;\" rowspan=\"2\">Odpowiedni<\/td>\n<td style=\"height: 23px;\">Wej\u015bcie obr.\/min<\/td>\n<td style=\"height: 23px;\">KW(Nom)<\/td>\n<td style=\"height: 23px;\">Moment znamionowy<\/td>\n<td style=\"height: 23px;\">Maksymalne obci\u0105\u017cenie<\/td>\n<td style=\"height: 46px;\" rowspan=\"2\">Typ osi X<\/td>\n<\/tr>\n<tr style=\"height: 23px;\">\n<td style=\"height: 23px;\">obr.\/min<\/td>\n<td style=\"height: 23px;\">kw<\/td>\n<td style=\"height: 23px;\">Nm<\/td>\n<td style=\"height: 23px;\">Nm<\/td>\n<\/tr>\n<tr style=\"height: 23px;\">\n<td style=\"height: 23px;\">XY<\/td>\n<td style=\"height: 23px;\">XZ<\/td>\n<td style=\"height: 23px;\">XE<\/td>\n<td style=\"height: 23px;\">Du\u017ca prasa kostkuj\u0105ca<\/td>\n<td style=\"height: 23px;\">1000<\/td>\n<td style=\"height: 23px;\">192<\/td>\n<td style=\"height: 23px;\">1825<\/td>\n<td style=\"height: 23px;\">4000<\/td>\n<td style=\"height: 23px;\">2 typy<\/td>\n<\/tr>\n<tr style=\"height: 23px;\">\n<td style=\"height: 23px;\" colspan=\"9\">Uwaga: Je\u015bli masz jakie\u015b specjalne \u017cyczenia, daj mi zna\u0107, realizujemy r\u00f3wnie\u017c zam\u00f3wienia niestandardowe.<\/td>\n<\/tr>\n<\/tbody>\n<\/table>\n<h2>Zalety przek\u0142adni prasy kostkuj\u0105cej FMP-DFK192 do du\u017cych pras kostkuj\u0105cych<\/h2>\n<p>Przek\u0142adnia prasy kostkuj\u0105cej FMP-DFK192 zosta\u0142a zaprojektowana specjalnie do du\u017cych pras kostkuj\u0105cych, zapewniaj\u0105c szereg korzy\u015bci, kt\u00f3re zwi\u0119kszaj\u0105 wydajno\u015b\u0107, trwa\u0142o\u015b\u0107 i efektywno\u015b\u0107 w du\u017cych gospodarstwach rolnych. Poni\u017cej przedstawiono kluczowe korzy\u015bci p\u0142yn\u0105ce z zastosowania przek\u0142adni prasy kostkuj\u0105cej FMP-DFK192:<\/p>\n<p><strong>Wysoki moment obrotowy<\/strong><\/p>\n<ul>\n<li>Zaleta: Przek\u0142adnia FMP-DFK192 zosta\u0142a zaprojektowana z my\u015bl\u0105 o zapewnieniu wysokiego momentu obrotowego, niezb\u0119dnego do obs\u0142ugi du\u017cego zapotrzebowania na moc prasy kostkuj\u0105cej. Ma to kluczowe znaczenie dla zapewnienia efektywnego prasowania i belowania du\u017cych ilo\u015bci s\u0142omy, siana i innych materia\u0142\u00f3w bez przeci\u0105\u017cania systemu.<\/li>\n<li>Dlaczego to wa\u017cne: Du\u017ce prasy kostkuj\u0105ce wymagaj\u0105 znacznego momentu obrotowego do obs\u0142ugi mechanizm\u00f3w zag\u0119szczaj\u0105cych i wi\u0105zania, a wysoki moment obrotowy zapewniany przez t\u0119 przek\u0142adni\u0119 gwarantuje optymaln\u0105 wydajno\u015b\u0107 i zapobiega niedostatecznej wydajno\u015bci lub blokowaniu si\u0119 maszyny.<\/li>\n<\/ul>\n<p><strong>Zwi\u0119kszona trwa\u0142o\u015b\u0107 i d\u0142ugowieczno\u015b\u0107<\/strong><\/p>\n<ul>\n<li>Zaleta: Wykonana z wysokiej jako\u015bci materia\u0142\u00f3w i solidnych podzespo\u0142\u00f3w przek\u0142adnia FMP-DFK192 jest zaprojektowana tak, aby wytrzyma\u0107 obci\u0105\u017cenia wyst\u0119puj\u0105ce podczas ci\u0119\u017ckich prac rolniczych, co gwarantuje d\u0142ug\u0105 \u017cywotno\u015b\u0107.<\/li>\n<li>Dlaczego to wa\u017cne: W przypadku belowania na du\u017c\u0105 skal\u0119 przestoje s\u0105 kosztowne. Trwa\u0142o\u015b\u0107 przek\u0142adni FMP-DFK192 zmniejsza prawdopodobie\u0144stwo awarii, co przek\u0142ada si\u0119 na mniejsz\u0105 liczb\u0119 napraw, ni\u017csze koszty konserwacji i wi\u0119ksz\u0105 niezawodno\u015b\u0107 w okresach szczytowych zbior\u00f3w.<\/li>\n<\/ul>\n<p><strong>Wydajne przenoszenie mocy<\/strong><\/p>\n<ul>\n<li>Zaleta: Przek\u0142adnia zosta\u0142a zaprojektowana tak, aby efektywnie przenosi\u0107 moc z WOM ci\u0105gnika do mechanizm\u00f3w prasy, optymalizuj\u0105c proces konwersji energii i minimalizuj\u0105c straty.<\/li>\n<li>Dlaczego to wa\u017cne: Efektywne przeniesienie mocy zmniejsza zu\u017cycie paliwa, co jest istotne w przypadku operacji na du\u017c\u0105 skal\u0119, gdzie koszty paliwa mog\u0105 szybko rosn\u0105\u0107. Ta funkcja pomaga utrzyma\u0107 wysok\u0105 wydajno\u015b\u0107 operacyjn\u0105 i obni\u017cy\u0107 koszty operacyjne.<\/li>\n<\/ul>\n<p><strong>Precyzyjna kontrola pr\u0119dko\u015bci<\/strong><\/p>\n<ul>\n<li>Zaleta: Przek\u0142adnia FMP-DFK192 zapewnia precyzyjn\u0105 kontrol\u0119 pr\u0119dko\u015bci, co jest niezb\u0119dne do regulacji pracy prasy. Zarz\u0105dzaj\u0105c pr\u0119dko\u015bci\u0105 mechanizm\u00f3w zag\u0119szczaj\u0105cych i wi\u0105\u017c\u0105cych, zapewnia prawid\u0142owe i r\u00f3wnomierne formowanie bel.<\/li>\n<li>Dlaczego to wa\u017cne: Precyzyjna kontrola pr\u0119dko\u015bci zapewnia sta\u0142\u0105 jako\u015b\u0107 bel, minimalizuje straty produktu i poprawia og\u00f3ln\u0105 wydajno\u015b\u0107 procesu belowania. Jest to szczeg\u00f3lnie wa\u017cne w przypadku du\u017cych operacji, gdzie sta\u0142y rozmiar i jako\u015b\u0107 bel maj\u0105 kluczowe znaczenie.<\/li>\n<\/ul>\n<p><img loading=\"lazy\" decoding=\"async\" class=\"alignnone size-full wp-image-2629\" src=\"https:\/\/fmp-components.com\/wp-content\/uploads\/2025\/01\/Square-Baler-Gearbox-321.webp\" alt=\"Skrzynia bieg\u00f3w prasy kwadratowej 32(1)\" width=\"1920\" height=\"1115\" title=\"\" srcset=\"https:\/\/fmp-components.com\/wp-content\/uploads\/2025\/01\/Square-Baler-Gearbox-321.webp 1920w, https:\/\/fmp-components.com\/wp-content\/uploads\/2025\/01\/Square-Baler-Gearbox-321-1280x743.webp 1280w, https:\/\/fmp-components.com\/wp-content\/uploads\/2025\/01\/Square-Baler-Gearbox-321-980x569.webp 980w, https:\/\/fmp-components.com\/wp-content\/uploads\/2025\/01\/Square-Baler-Gearbox-321-480x279.webp 480w\" sizes=\"(min-width: 0px) and (max-width: 480px) 480px, (min-width: 481px) and (max-width: 980px) 980px, (min-width: 981px) and (max-width: 1280px) 1280px, (min-width: 1281px) 1920px, 100vw\" \/><\/p>\n<p><strong>Ochrona przed przeci\u0105\u017ceniem<\/strong><\/p>\n<ul>\n<li>Zaleta: Przek\u0142adnia FMP-DFK192 zosta\u0142a wyposa\u017cona w zabezpieczenia przeci\u0105\u017ceniowe, takie jak ogranicznik momentu obrotowego lub sprz\u0119g\u0142o po\u015blizgowe, kt\u00f3re zapobiegaj\u0105 uszkodzeniu przek\u0142adni na skutek dzia\u0142ania nadmiernych si\u0142.<\/li>\n<li>Dlaczego to wa\u017cne: Zabezpieczenie przeci\u0105\u017ceniowe pomaga chroni\u0107 przek\u0142adni\u0119 i inne pod\u0142\u0105czone podzespo\u0142y przed potencjalnie szkodliwymi skutkami nag\u0142ego oporu, na przyk\u0142ad gdy du\u017ca masa materia\u0142u powoduje zablokowanie. Minimalizuje to przestoje i koszty konserwacji.<\/li>\n<\/ul>\n<p>Przek\u0142adnia FMP-DFK192 do du\u017cych pras kostkuj\u0105cych oferuje szereg zalet, kt\u00f3re zwi\u0119kszaj\u0105 wydajno\u015b\u0107 operacyjn\u0105, zmniejszaj\u0105 potrzeby konserwacyjne i poprawiaj\u0105 og\u00f3ln\u0105 wydajno\u015b\u0107 operacji belowania na du\u017c\u0105 skal\u0119 w rolnictwie. Zapewniaj\u0105c wysoki moment obrotowy, trwa\u0142o\u015b\u0107, precyzyjn\u0105 kontrol\u0119 pr\u0119dko\u015bci i zabezpieczenie przed przeci\u0105\u017ceniem, umo\u017cliwia prasom sprostanie wyzwaniom ci\u0119\u017ckich zada\u0144, gwarantuj\u0105c jednocze\u015bnie produkcj\u0119 bel o powtarzalnej, wysokiej jako\u015bci. Niezale\u017cnie od tego, czy pracujesz w du\u017cych gospodarstwach komercyjnych, czy \u015bwiadczysz us\u0142ugi belowania, przek\u0142adnia FMP-DFK192 to niezawodne i wydajne rozwi\u0105zanie, kt\u00f3re spe\u0142ni Twoje potrzeby w zakresie belowania.<img loading=\"lazy\" decoding=\"async\" class=\"alignnone size-full wp-image-2631\" src=\"https:\/\/fmp-components.com\/wp-content\/uploads\/2025\/01\/Square-Baler-Gearbox-EP-DFK192-Benefits1.webp\" alt=\"Skrzynia bieg\u00f3w prasy kwadratowej EP-DFK192 \u2013 zalety (1)\" width=\"980\" height=\"340\" title=\"\" srcset=\"https:\/\/fmp-components.com\/wp-content\/uploads\/2025\/01\/Square-Baler-Gearbox-EP-DFK192-Benefits1.webp 980w, https:\/\/fmp-components.com\/wp-content\/uploads\/2025\/01\/Square-Baler-Gearbox-EP-DFK192-Benefits1-480x167.webp 480w\" sizes=\"(min-width: 0px) and (max-width: 480px) 480px, (min-width: 481px) 980px, 100vw\" \/><\/p>\n<article class=\"w-full scroll-mb-[var(--thread-trailing-height,150px)] text-token-text-primary focus-visible:outline-2 focus-visible:outline-offset-[-4px]\" dir=\"auto\" data-testid=\"conversation-turn-42\" data-scroll-anchor=\"false\">\n<div class=\"m-auto text-base py-[18px] px-3 md:px-4 w-full md:px-5 lg:px-4 xl:px-5\">\n<div class=\"mx-auto flex flex-1 gap-4 text-base md:gap-5 lg:gap-6 md:max-w-3xl lg:max-w-[40rem] xl:max-w-[48rem]\">\n<div class=\"group\/conversation-turn relative flex w-full min-w-0 flex-col\">\n<div class=\"flex-col gap-1 md:gap-3\">\n<div class=\"flex max-w-full flex-col flex-grow\">\n<div class=\"min-h-8 text-message flex w-full flex-col items-end gap-2 whitespace-normal break-words text-start [.text-message+&amp;]:mt-5\" dir=\"auto\" data-message-author-role=\"user\" data-message-id=\"aaa2e9e4-5469-438b-aa2c-1351bf6585ed\">\n<div class=\"flex w-full flex-col gap-1 empty:hidden items-end rtl:items-start\">\n<div class=\"relative max-w-[var(--user-chat-width,70%)] rounded-3xl bg-token-message-surface px-5 py-2.5\">\n<h2 class=\"whitespace-pre-wrap\">Wybierz odpowiedni\u0105 przek\u0142adni\u0119 prasy kostkuj\u0105cej do du\u017cej prasy kostkuj\u0105cej<\/h2>\n<\/div>\n<\/div>\n<\/div>\n<\/div>\n<\/div>\n<\/div>\n<\/div>\n<\/div>\n<\/article>\n<p>Wyb\u00f3r odpowiedniej przek\u0142adni do prasy kostkuj\u0105cej o du\u017cej wydajno\u015bci ma kluczowe znaczenie dla zapewnienia optymalnej wydajno\u015bci, trwa\u0142o\u015bci i efektywno\u015bci w rolnictwie na du\u017c\u0105 skal\u0119. Przek\u0142adnia to kluczowy element, kt\u00f3ry przekazuje moc z WOM ci\u0105gnika do mechanizm\u00f3w prasy, takich jak uk\u0142ad zag\u0119szczania i wi\u0105zania. Oto kilka czynnik\u00f3w, kt\u00f3re nale\u017cy wzi\u0105\u0107 pod uwag\u0119 przy wyborze odpowiedniej przek\u0142adni:<\/p>\n<p><strong>Wymagania dotycz\u0105ce mocy i momentu obrotowego<\/strong><\/p>\n<ul>\n<li>Dlaczego to wa\u017cne: Du\u017ce prasy kostkuj\u0105ce wymagaj\u0105 wysokiego momentu obrotowego, aby sprasowa\u0107 du\u017ce obj\u0119to\u015bci s\u0142omy, siana lub innych materia\u0142\u00f3w w jednolite bele. Przek\u0142adnia powinna by\u0107 w stanie sprosta\u0107 zapotrzebowaniu prasy na moc i moment obrotowy, zapewniaj\u0105c p\u0142ynn\u0105 prac\u0119 i zapobiegaj\u0105c przeci\u0105\u017ceniom.<\/li>\n<li>Do rozwa\u017cenia: Sprawd\u017a specyfikacj\u0119 prasy pod k\u0105tem wymaganej mocy i momentu obrotowego WOM. Wybierz przek\u0142adni\u0119, kt\u00f3ra odpowiada lub nieznacznie przewy\u017csza wymagania dotycz\u0105ce momentu obrotowego i mocy dla Twojego modelu prasy.<\/li>\n<\/ul>\n<p><strong>Prze\u0142o\u017cenie skrzyni bieg\u00f3w (konwersja pr\u0119dko\u015bci i momentu obrotowego)<\/strong><\/p>\n<ul>\n<li>Dlaczego to wa\u017cne: Prze\u0142o\u017cenie skrzyni bieg\u00f3w okre\u015bla pr\u0119dko\u015b\u0107 i moment obrotowy przekazywany z WOM ci\u0105gnika na systemy prasy. Prawid\u0142owe prze\u0142o\u017cenie zapewnia, \u017ce \u200b\u200bprasa pracuje z odpowiedni\u0105 pr\u0119dko\u015bci\u0105, co zapewnia wydajne belowanie i odpowiednie zag\u0119szczanie materia\u0142u.<\/li>\n<li>Do rozwa\u017cenia: Wybierz przek\u0142adni\u0119 o odpowiednim prze\u0142o\u017ceniu dla swojej prasy. Zale\u017cy to od takich czynnik\u00f3w, jak rozmiar prasy, rodzaj prasowanego materia\u0142u oraz po\u017c\u0105dany rozmiar i g\u0119sto\u015b\u0107 beli.<\/li>\n<\/ul>\n<p><strong>Trwa\u0142o\u015b\u0107 i materia\u0142y budowlane<\/strong><\/p>\n<ul>\n<li>Dlaczego to wa\u017cne: Przek\u0142adnia musi wytrzyma\u0107 trudne warunki pracy podczas belowania na du\u017c\u0105 skal\u0119, w tym intensywne u\u017cytkowanie oraz nara\u017cenie na kurz, wilgo\u0107 i inne czynniki \u015brodowiskowe. Wysokiej jako\u015bci materia\u0142y konstrukcyjne zapewniaj\u0105 d\u0142u\u017csz\u0105 \u017cywotno\u015b\u0107 przek\u0142adni i mniejsze wymagania konserwacyjne.<\/li>\n<li>Rozwa\u017c: Wybierz skrzyni\u0119 bieg\u00f3w wykonan\u0105 z trwa\u0142ych materia\u0142\u00f3w, takich jak stal o wysokiej wytrzyma\u0142o\u015bci, odporna na zu\u017cycie. Szukaj przek\u0142adni z uszczelnionymi \u0142o\u017cyskami i pow\u0142okami ochronnymi, aby zwi\u0119kszy\u0107 trwa\u0142o\u015b\u0107.<\/li>\n<\/ul>\n<p><img loading=\"lazy\" decoding=\"async\" class=\"alignnone size-full wp-image-2630\" src=\"https:\/\/fmp-components.com\/wp-content\/uploads\/2025\/01\/Square-Baler-Gearbox-EP-DFK192-Applications1.webp\" alt=\"Skrzynia bieg\u00f3w prasy kwadratowej EP-DFK192-Zastosowania(1)\" width=\"1000\" height=\"620\" title=\"\" srcset=\"https:\/\/fmp-components.com\/wp-content\/uploads\/2025\/01\/Square-Baler-Gearbox-EP-DFK192-Applications1.webp 1000w, https:\/\/fmp-components.com\/wp-content\/uploads\/2025\/01\/Square-Baler-Gearbox-EP-DFK192-Applications1-980x608.webp 980w, https:\/\/fmp-components.com\/wp-content\/uploads\/2025\/01\/Square-Baler-Gearbox-EP-DFK192-Applications1-480x298.webp 480w\" sizes=\"(min-width: 0px) and (max-width: 480px) 480px, (min-width: 481px) and (max-width: 980px) 980px, (min-width: 981px) 1000px, 100vw\" \/><\/p>\n<p><strong>Zabezpieczenie przed przeci\u0105\u017ceniem<\/strong><\/p>\n<ul>\n<li>Dlaczego to wa\u017cne: Zabezpieczenie przed przeci\u0105\u017ceniem jest niezb\u0119dne, aby zapobiec uszkodzeniu przek\u0142adni i innych pod\u0142\u0105czonych element\u00f3w w przypadku zablokowania lub nadmiernego oporu w procesie prasowania.<\/li>\n<li>Rozwa\u017c: Szukaj przek\u0142adni wyposa\u017conych w mechanizmy zabezpieczaj\u0105ce przed przeci\u0105\u017ceniem, takie jak ograniczniki momentu obrotowego, sprz\u0119g\u0142a po\u015blizgowe lub sworznie \u015bcinane, kt\u00f3re roz\u0142\u0105czaj\u0105 przek\u0142adni\u0119 w przypadku wykrycia nadmiernej si\u0142y, zapobiegaj\u0105c potencjalnym uszkodzeniom.<\/li>\n<\/ul>\n<p><strong>Wydajno\u015b\u0107 i transmisja mocy<\/strong><\/p>\n<ul>\n<li>Dlaczego to wa\u017cne: Efektywne przenoszenie mocy ogranicza straty energii i pomaga zoptymalizowa\u0107 zu\u017cycie paliwa, co jest wa\u017cne dla minimalizacji koszt\u00f3w operacyjnych, zw\u0142aszcza w przypadku operacji na du\u017c\u0105 skal\u0119.<\/li>\n<li>Do rozwa\u017cenia: Wybierz skrzyni\u0119 bieg\u00f3w z ko\u0142ami z\u0119batymi o wysokiej wydajno\u015bci, kt\u00f3re minimalizuj\u0105 straty mocy i gwarantuj\u0105 maksymalne przeniesienie momentu obrotowego z WOM ci\u0105gnika na podzespo\u0142y prasy.<\/li>\n<\/ul>\n<p>Wybieraj\u0105c przek\u0142adni\u0119 do prasy kostkuj\u0105cej, nale\u017cy wzi\u0105\u0107 pod uwag\u0119 kluczowe czynniki wymienione powy\u017cej. Koncentruj\u0105c si\u0119 na zapotrzebowaniu na moc i moment obrotowy, prze\u0142o\u017ceniu, trwa\u0142o\u015bci, zabezpieczeniu przed przeci\u0105\u017ceniem i \u0142atwo\u015bci konserwacji, mo\u017cna wybra\u0107 przek\u0142adni\u0119 najlepiej odpowiadaj\u0105c\u0105 potrzebom.<\/p>\n<p>Aby zapewni\u0107 optymaln\u0105 wydajno\u015b\u0107, upewnij si\u0119, \u017ce przek\u0142adnia jest dostosowana do konkretnych wymaga\u0144 modelu prasy i zapewnia wydajne przenoszenie mocy przy wysokim momencie obrotowym. Nie zapomnij sprawdzi\u0107 kompatybilno\u015bci, wymaga\u0144 konserwacyjnych i reputacji producenta, aby zapewni\u0107 d\u0142ugoterminow\u0105 niezawodno\u015b\u0107 i zminimalizowa\u0107 przestoje w pracy.<\/p>\n<p><img loading=\"lazy\" decoding=\"async\" class=\"alignnone size-full wp-image-2628\" src=\"https:\/\/fmp-components.com\/wp-content\/uploads\/2025\/01\/Square-Baler-Gearbox-29-11.webp\" alt=\"Skrzynia bieg\u00f3w prasy kwadratowej 29-1(1)\" width=\"1203\" height=\"586\" title=\"\" srcset=\"https:\/\/fmp-components.com\/wp-content\/uploads\/2025\/01\/Square-Baler-Gearbox-29-11.webp 1203w, https:\/\/fmp-components.com\/wp-content\/uploads\/2025\/01\/Square-Baler-Gearbox-29-11-980x477.webp 980w, https:\/\/fmp-components.com\/wp-content\/uploads\/2025\/01\/Square-Baler-Gearbox-29-11-480x234.webp 480w\" sizes=\"(min-width: 0px) and (max-width: 480px) 480px, (min-width: 481px) and (max-width: 980px) 980px, (min-width: 981px) 1203px, 100vw\" \/><\/p>\n<h3>O FMP<\/h3>\n<p>Z siedzib\u0105 g\u0142\u00f3wn\u0105 we W\u0142oszech, FMP to wiod\u0105cy producent znany z zaawansowanej in\u017cynierii, projektowania i produkcji wysokowydajnych przek\u0142adni, ze szczeg\u00f3lnym uwzgl\u0119dnieniem bran\u017cy maszyn rolniczych. Znana z precyzji, innowacyjno\u015bci i wyj\u0105tkowej niezawodno\u015bci, FMP sta\u0142a si\u0119 zaufanym partnerem w zaspokajaniu zmieniaj\u0105cych si\u0119 potrzeb zar\u00f3wno sektora rolniczego, jak i przemys\u0142owego. Nasze bogate portfolio produkt\u00f3w obejmuje specjalistyczne przek\u0142adnie do kosiarek, wa\u0142ki odbioru mocy (WOM) i inne niezb\u0119dne komponenty mechaniczne \u2013 ka\u017cdy z nich starannie wykonany, aby oferowa\u0107 rozwi\u0105zania dostosowane do szerokiego zakresu zastosowa\u0144.<\/p>\n<p>W FMP rozumiemy, \u017ce ka\u017cdy klient stoi przed unikalnymi wyzwaniami i wymaganiami. Dlatego specjalizujemy si\u0119 w dostarczaniu rozwi\u0105za\u0144 dostosowanych do indywidualnych potrzeb, zar\u00f3wno dla pojedynczych komponent\u00f3w, jak i w pe\u0142ni zintegrowanych system\u00f3w. Dzi\u0119ki bliskiej wsp\u00f3\u0142pracy z naszymi klientami gwarantujemy, \u017ce ka\u017cde rozwi\u0105zanie nie tylko spe\u0142nia ich potrzeby, ale tak\u017ce optymalizuje wydajno\u015b\u0107 i maksymalizuje warto\u015b\u0107. Nasze zaanga\u017cowanie w udzielanie szybkich, profesjonalnych odpowiedzi i fachowe doradztwo gwarantuje, \u017ce ka\u017cde zapytanie jest obs\u0142ugiwane z najwy\u017csz\u0105 staranno\u015bci\u0105 i precyzj\u0105, co prowadzi do optymalnych rezultat\u00f3w.<\/p>\n<p>Przywi\u0105zujemy du\u017c\u0105 wag\u0119 do otwartej, ci\u0105g\u0142ej komunikacji na ka\u017cdym etapie procesu rozwoju produktu. Nasz zesp\u00f3\u0142 ekspert\u00f3w wsp\u00f3\u0142pracuje bezpo\u015brednio z klientami, aby w pe\u0142ni zrozumie\u0107 ich specyficzne potrzeby, oferuj\u0105c cenne spostrze\u017cenia i spersonalizowane rekomendacje, kt\u00f3re gwarantuj\u0105 najskuteczniejsze rozwi\u0105zania. Niezale\u017cnie od tego, czy chodzi o projektowanie innowacyjnych produkt\u00f3w, czy realizacj\u0119 bie\u017c\u0105cych zam\u00f3wie\u0144, FMP dok\u0142ada wszelkich stara\u0144, aby dostarcza\u0107 precyzyjnie zaprojektowane, wysokiej jako\u015bci rozwi\u0105zania na czas i za ka\u017cdym razem. Nasz\u0105 misj\u0105 jest zapewnienie klientom wyj\u0105tkowej obs\u0142ugi i rezultat\u00f3w, stale przekraczaj\u0105c ich oczekiwania w ka\u017cdym projekcie.<\/p>\n<p>Podstaw\u0105 dzia\u0142alno\u015bci FMP jest niezmienne zaanga\u017cowanie w jako\u015b\u0107. Przestrzegamy najwy\u017cszych standard\u00f3w produkcyjnych, stosuj\u0105c rygorystyczne \u015brodki kontroli jako\u015bci, aby zapewni\u0107, \u017ce ka\u017cdy produkt nie tylko spe\u0142nia, ale wr\u0119cz przewy\u017csza standardy bran\u017cowe. To zaanga\u017cowanie w jako\u015b\u0107, w po\u0142\u0105czeniu z naszymi podstawowymi warto\u015bciami, takimi jak uczciwo\u015b\u0107, praca zespo\u0142owa i wytrwa\u0142o\u015b\u0107, pozwoli\u0142o nam zbudowa\u0107 trwa\u0142e, oparte na zaufaniu relacje z klientami w prawie 30 krajach na ca\u0142ym \u015bwiecie.<\/p>\n<p>FMP jest zawsze otwarta na globalne partnerstwa i niezmiennie anga\u017cuje si\u0119 w zapewnianie eksperckiego doradztwa i rozwi\u0105za\u0144 dostosowanych do zr\u00f3\u017cnicowanych potrzeb naszych klient\u00f3w. Nie ograniczamy si\u0119 do dostarczania produkt\u00f3w; naszym celem jest budowanie trwa\u0142ych relacji, kt\u00f3re przyczyniaj\u0105 si\u0119 do sukcesu ka\u017cdego projektu. Niezale\u017cnie od tego, czy potrzebujesz innowacyjnych rozwi\u0105za\u0144 dla nowej inicjatywy, czy sta\u0142ego wsparcia dla istniej\u0105cego systemu, FMP jest do Twojej dyspozycji, aby sprosta\u0107 Twoim wyzwaniom technicznym i zapewni\u0107 Ci ci\u0105g\u0142y sukces.<\/p>\n<p><img loading=\"lazy\" decoding=\"async\" class=\"alignnone size-full wp-image-1861\" src=\"https:\/\/fmp-components.com\/wp-content\/uploads\/2024\/12\/Other-Agricultural-Gearboxes.webp\" sizes=\"(min-width: 0px) and (max-width: 480px) 480px, (min-width: 481px) and (max-width: 980px) 980px, (min-width: 981px) 1200px, 100vw\" srcset=\"https:\/\/fmp-components.com\/wp-content\/uploads\/2024\/12\/Other-Agricultural-Gearboxes.webp 1200w, https:\/\/fmp-components.com\/wp-content\/uploads\/2024\/12\/Other-Agricultural-Gearboxes-980x1143.webp 980w, https:\/\/fmp-components.com\/wp-content\/uploads\/2024\/12\/Other-Agricultural-Gearboxes-480x560.webp 480w\" alt=\"Inne zmiany rolnicze\" width=\"1200\" height=\"1400\" title=\"\"><\/p>\n<p>Autor: CX<\/p>","protected":false},"excerpt":{"rendered":"<p>Square Baler Gearbox FMP-DFK192 Dimensions Square Baler Gearbox FMP-DFK192 Technical Data i Suitable Rpm input KW(Nom) Rated torque Maximum Load X-axis type r\/min kw N.m N.m X-Y X-Z X-E Big Square Baler 1000 192 1825 4000 2 types Remark: If you have any special require feel free let me know, we also accept custom. Benefits [&hellip;]<\/p>","protected":false},"featured_media":2632,"comment_status":"open","ping_status":"closed","template":"","meta":{"_et_pb_use_builder":"","_et_pb_old_content":"","_et_gb_content_width":""},"product_brand":[],"product_cat":[62],"product_tag":[],"class_list":{"0":"post-2627","1":"product","2":"type-product","3":"status-publish","4":"has-post-thumbnail","6":"product_cat-square-baler-gearbox","8":"first","9":"instock","10":"shipping-taxable","11":"product-type-simple"},"_links":{"self":[{"href":"https:\/\/fmp-components.com\/pl\/wp-json\/wp\/v2\/product\/2627","targetHints":{"allow":["GET"]}}],"collection":[{"href":"https:\/\/fmp-components.com\/pl\/wp-json\/wp\/v2\/product"}],"about":[{"href":"https:\/\/fmp-components.com\/pl\/wp-json\/wp\/v2\/types\/product"}],"replies":[{"embeddable":true,"href":"https:\/\/fmp-components.com\/pl\/wp-json\/wp\/v2\/comments?post=2627"}],"wp:featuredmedia":[{"embeddable":true,"href":"https:\/\/fmp-components.com\/pl\/wp-json\/wp\/v2\/media\/2632"}],"wp:attachment":[{"href":"https:\/\/fmp-components.com\/pl\/wp-json\/wp\/v2\/media?parent=2627"}],"wp:term":[{"taxonomy":"product_brand","embeddable":true,"href":"https:\/\/fmp-components.com\/pl\/wp-json\/wp\/v2\/product_brand?post=2627"},{"taxonomy":"product_cat","embeddable":true,"href":"https:\/\/fmp-components.com\/pl\/wp-json\/wp\/v2\/product_cat?post=2627"},{"taxonomy":"product_tag","embeddable":true,"href":"https:\/\/fmp-components.com\/pl\/wp-json\/wp\/v2\/product_tag?post=2627"}],"curies":[{"name":"wp","href":"https:\/\/api.w.org\/{rel}","templated":true}]}}