{"id":2616,"date":"2025-01-03T02:57:42","date_gmt":"2025-01-03T02:57:42","guid":{"rendered":"https:\/\/fmp-components.com\/?page_id=8"},"modified":"2025-01-03T02:57:42","modified_gmt":"2025-01-03T02:57:42","slug":"square-baler-gearbox-fmp-fk155-for-automatic-feed-baler","status":"publish","type":"product","link":"https:\/\/fmp-components.com\/pl\/product\/square-baler-gearbox-fmp-fk155-for-automatic-feed-baler\/","title":{"rendered":"Skrzynia bieg\u00f3w prasy kwadratowej FMP-FK155 do automatycznej prasy podaj\u0105cej"},"content":{"rendered":"<p><img loading=\"lazy\" decoding=\"async\" class=\"size-full wp-image-2619 aligncenter\" src=\"https:\/\/fmp-components.com\/wp-content\/uploads\/2025\/01\/Square-Baler-Gearbox-FMP-FK1551.webp\" alt=\"Skrzynia bieg\u00f3w prasy kwadratowej FMP-FK155(1)\" width=\"600\" height=\"600\" title=\"\" srcset=\"https:\/\/fmp-components.com\/wp-content\/uploads\/2025\/01\/Square-Baler-Gearbox-FMP-FK1551.webp 600w, https:\/\/fmp-components.com\/wp-content\/uploads\/2025\/01\/Square-Baler-Gearbox-FMP-FK1551-480x480.webp 480w\" sizes=\"(min-width: 0px) and (max-width: 480px) 480px, (min-width: 481px) 600px, 100vw\" \/><\/p>\n<h2>Wymiary przek\u0142adni prasy kostkuj\u0105cej FMP-FK155<\/h2>\n<p><img loading=\"lazy\" decoding=\"async\" class=\"alignnone size-full wp-image-2617\" src=\"https:\/\/fmp-components.com\/wp-content\/uploads\/2025\/01\/Square-Baler-Gearbox-FMP-FK155-Dimensions-1.webp\" alt=\"Skrzynia bieg\u00f3w prasy kwadratowej FMP-FK155-Wymiary-1\" width=\"1268\" height=\"840\" title=\"\" srcset=\"https:\/\/fmp-components.com\/wp-content\/uploads\/2025\/01\/Square-Baler-Gearbox-FMP-FK155-Dimensions-1.webp 1268w, https:\/\/fmp-components.com\/wp-content\/uploads\/2025\/01\/Square-Baler-Gearbox-FMP-FK155-Dimensions-1-980x649.webp 980w, https:\/\/fmp-components.com\/wp-content\/uploads\/2025\/01\/Square-Baler-Gearbox-FMP-FK155-Dimensions-1-480x318.webp 480w\" sizes=\"(min-width: 0px) and (max-width: 480px) 480px, (min-width: 481px) and (max-width: 980px) 980px, (min-width: 981px) 1268px, 100vw\" \/> <img loading=\"lazy\" decoding=\"async\" class=\"alignnone size-full wp-image-2618\" src=\"https:\/\/fmp-components.com\/wp-content\/uploads\/2025\/01\/Square-Baler-Gearbox-EP-FK155-Dimensions-2.webp\" alt=\"Skrzynia bieg\u00f3w prasy kwadratowej EP-FK155-Wymiary-2\" width=\"1198\" height=\"362\" title=\"\" srcset=\"https:\/\/fmp-components.com\/wp-content\/uploads\/2025\/01\/Square-Baler-Gearbox-EP-FK155-Dimensions-2.webp 1198w, https:\/\/fmp-components.com\/wp-content\/uploads\/2025\/01\/Square-Baler-Gearbox-EP-FK155-Dimensions-2-980x296.webp 980w, https:\/\/fmp-components.com\/wp-content\/uploads\/2025\/01\/Square-Baler-Gearbox-EP-FK155-Dimensions-2-480x145.webp 480w\" sizes=\"(min-width: 0px) and (max-width: 480px) 480px, (min-width: 481px) and (max-width: 980px) 980px, (min-width: 981px) 1198px, 100vw\" \/><\/p>\n<h2>Dane techniczne przek\u0142adni prasy kostkuj\u0105cej FMP-FK155<\/h2>\n<table style=\"width: 99.2395%; height: 129px;\" border=\"1\" cellspacing=\"0\" cellpadding=\"0\">\n<tbody>\n<tr>\n<td colspan=\"2\" rowspan=\"2\">I<\/td>\n<td rowspan=\"2\">Odpowiedni<\/td>\n<td>Wej\u015bcie obr.\/min<\/td>\n<td>Wyj\u015bcie obr.\/min<\/td>\n<td>KW(Nom)<\/td>\n<td>kW (maks.)<\/td>\n<td rowspan=\"2\">Uz\u0119bienie<\/td>\n<\/tr>\n<tr>\n<td>obr.\/min<\/td>\n<td>obr.\/min<\/td>\n<td>KM<\/td>\n<td>KM<\/td>\n<\/tr>\n<tr>\n<td>Wyj\u015bcie lewe i \u015bwiat\u0142o<\/td>\n<td>1:2.46<\/td>\n<td rowspan=\"2\">Automatyczna prasa do belowania paszy itp.<\/td>\n<td>540<\/td>\n<td>1328<\/td>\n<td>180<\/td>\n<td>1080<\/td>\n<td rowspan=\"2\">Helikalny Gleasona<br \/>\nZ\u0119by<\/td>\n<\/tr>\n<tr>\n<td>Wynik dalszych dzia\u0142a\u0144<\/td>\n<td>1.24:1<\/td>\n<td>1328<\/td>\n<td>1070<\/td>\n<td>130<\/td>\n<td>1100<\/td>\n<\/tr>\n<tr>\n<td colspan=\"8\">Uwaga: Je\u015bli masz jakie\u015b specjalne \u017cyczenia, daj mi zna\u0107, realizujemy r\u00f3wnie\u017c zam\u00f3wienia niestandardowe.<\/td>\n<\/tr>\n<\/tbody>\n<\/table>\n<h3>Zalety przek\u0142adni prasy kostkuj\u0105cej FMP-FK155<\/h3>\n<p>Przek\u0142adnia prasy kostkuj\u0105cej FMP-FK155 to wysokowydajna przek\u0142adnia zaprojektowana specjalnie do pras kostkuj\u0105cych. Oferuje szereg zalet, kt\u00f3re czyni\u0105 j\u0105 idealnym wyborem do zastosowa\u0144 rolniczych, szczeg\u00f3lnie tych wymagaj\u0105cych wydajnego i niezawodnego prasowania. Poni\u017cej przedstawiono kluczowe zalety przek\u0142adni prasy kostkuj\u0105cej FMP-FK155:<\/p>\n<p><strong>Wysoka no\u015bno\u015b\u0107 momentu obrotowego<\/strong><\/p>\n<ul>\n<li>Zaleta: Przek\u0142adnia FMP-FK155 zosta\u0142a zaprojektowana tak, aby radzi\u0107 sobie z obci\u0105\u017ceniami o du\u017cym momencie obrotowym, dzi\u0119ki czemu nadaje si\u0119 do wymagaj\u0105cych zastosowa\u0144, takich jak belowanie g\u0119stych materia\u0142\u00f3w: siana, s\u0142omy i kiszonki.<\/li>\n<li>Zaleta: Wysoki moment obrotowy gwarantuje niezawodn\u0105 prac\u0119 w trudnych warunkach, umo\u017cliwiaj\u0105c prasie formowanie zwartych, jednolitych bel bez obci\u0105\u017cania przek\u0142adni.<\/li>\n<\/ul>\n<p><strong>Trwa\u0142o\u015b\u0107 i d\u0142ugowieczno\u015b\u0107<\/strong><\/p>\n<ul>\n<li>Zaleta: Wykonana z najwy\u017cszej jako\u015bci materia\u0142\u00f3w i precyzyjnie zaprojektowanych komponent\u00f3w, przek\u0142adnia FMP-FK155 jest stworzona do d\u0142ugotrwa\u0142ej pracy w trudnych warunkach panuj\u0105cych w rolnictwie.<\/li>\n<li>Zaleta: Trwa\u0142o\u015b\u0107 zmniejsza potrzeb\u0119 cz\u0119stej konserwacji lub wymiany, co gwarantuje d\u0142ugoterminow\u0105 wydajno\u015b\u0107 operacyjn\u0105 i zmniejsza og\u00f3lne koszty konserwacji dla operator\u00f3w.<\/li>\n<\/ul>\n<p><strong>Kompaktowa i zajmuj\u0105ca ma\u0142o miejsca konstrukcja<\/strong><\/p>\n<ul>\n<li>Zaleta: Pomimo swojej wysokiej wydajno\u015bci, przek\u0142adnia FMP-FK155 charakteryzuje si\u0119 kompaktow\u0105 konstrukcj\u0105, co pozwala zoptymalizowa\u0107 wykorzystanie przestrzeni w maszynach do belowania.<\/li>\n<li>Zaleta: Ta oszcz\u0119dzaj\u0105ca miejsce konstrukcja pozwala na \u0142atw\u0105 integracj\u0119 z r\u00f3\u017cnymi modelami pras do belowania bez uszczerbku dla wydajno\u015bci, dzi\u0119ki czemu jest to uniwersalny wyb\u00f3r do r\u00f3\u017cnych zastosowa\u0144 rolniczych.<\/li>\n<\/ul>\n<p><strong>In\u017cynieria precyzyjna<\/strong><\/p>\n<ul>\n<li>Zaleta: Ko\u0142a z\u0119bate i elementy wewn\u0119trzne FMP-FK155 zaprojektowano z precyzj\u0105, co zapewnia p\u0142ynne przenoszenie mocy i minimalne zu\u017cycie k\u00f3\u0142 z\u0119batych.<\/li>\n<li>Zaleta: Dzi\u0119ki temu proces belowania przebiega wydajniej, straty energii s\u0105 mniejsze, a og\u00f3lna wydajno\u015b\u0107 pracy wzrasta, a przek\u0142adnia pracuje cicho i generuje minimalne wibracje.<\/li>\n<\/ul>\n<p>Przek\u0142adnia prasy kostkuj\u0105cej FMP-FK155 oferuje szereg zalet, kt\u00f3re czyni\u0105 j\u0105 doskona\u0142ym wyborem do zastosowa\u0144 rolniczych. Jej wysoki moment obrotowy, trwa\u0142o\u015b\u0107 i wydajno\u015b\u0107 to kluczowe atuty dla tych, kt\u00f3rzy poszukuj\u0105 niezawodnych i bezobs\u0142ugowych przek\u0142adni, kt\u00f3re poradz\u0105 sobie z trudami belowania. Kompaktowa, odporna na korozj\u0119 i uniwersalna konstrukcja gwarantuje, \u017ce przek\u0142adnia jest kompatybilna z r\u00f3\u017cnymi systemami i zastosowaniami belowania, a cicha praca i niskie wymagania konserwacyjne sprawiaj\u0105, \u017ce jest to ekonomiczne i przyjazne dla u\u017cytkownika rozwi\u0105zanie dla nowoczesnych gospodarstw rolnych.<\/p>\n<p><img loading=\"lazy\" decoding=\"async\" class=\"alignnone size-full wp-image-2620\" src=\"https:\/\/fmp-components.com\/wp-content\/uploads\/2025\/01\/Square-Baler-Gearbox-EP-FK155-Advantages1.webp\" alt=\"Skrzynia bieg\u00f3w prasy kwadratowej EP-FK155-Zalety(1)\" width=\"883\" height=\"360\" title=\"\" srcset=\"https:\/\/fmp-components.com\/wp-content\/uploads\/2025\/01\/Square-Baler-Gearbox-EP-FK155-Advantages1.webp 883w, https:\/\/fmp-components.com\/wp-content\/uploads\/2025\/01\/Square-Baler-Gearbox-EP-FK155-Advantages1-480x196.webp 480w\" sizes=\"(min-width: 0px) and (max-width: 480px) 480px, (min-width: 481px) 883px, 100vw\" \/><\/p>\n<h2>Zastosowania przek\u0142adni prasy kostkuj\u0105cej FMP-FK155 w rolnictwie<\/h2>\n<div class=\"flex max-w-full flex-col flex-grow\">\n<div class=\"min-h-8 text-message flex w-full flex-col items-end gap-2 whitespace-normal break-words text-start [.text-message+&amp;]:mt-5\" dir=\"auto\" data-message-author-role=\"assistant\" data-message-id=\"fec87163-3921-4a88-9fd0-dcaf569f414b\" data-message-model-slug=\"gpt-4o\">\n<div class=\"flex w-full flex-col gap-1 empty:hidden first:pt-[3px]\">\n<div class=\"markdown prose w-full break-words dark:prose-invert light\">\n<p>Przek\u0142adnia prasy kostkuj\u0105cej FMP-FK155 to niezb\u0119dny element nowoczesnych maszyn rolniczych, zaprojektowany specjalnie w celu zwi\u0119kszenia wydajno\u015bci i niezawodno\u015bci belowania. Jej solidna konstrukcja i wysoka wydajno\u015b\u0107 sprawiaj\u0105, \u017ce doskonale nadaje si\u0119 do r\u00f3\u017cnorodnych zastosowa\u0144 rolniczych. Poni\u017cej przedstawiono kluczowe zastosowania przek\u0142adni prasy kostkuj\u0105cej FMP-FK155 w rolnictwie:<\/p>\n<p><strong>Prasowanie siana<\/strong><\/p>\n<ul>\n<li>Zastosowanie: Przek\u0142adnia FMP-FK155 jest powszechnie stosowana w prasach do siana w celu formowania \u015bci\u015ble upakowanych kwadratowych bel wysuszonej trawy.<\/li>\n<li>Zaleta: Wysoki moment obrotowy zapewnia p\u0142ynn\u0105 prac\u0119 nawet w przypadku du\u017cych ilo\u015bci siana, pozwalaj\u0105c uzyska\u0107 jednolite, g\u0119ste bele, kt\u00f3re s\u0105 \u0142atwe do przechowywania i transportu na pasz\u0119 dla zwierz\u0105t lub do innych cel\u00f3w.<\/li>\n<\/ul>\n<p><strong>Prasowanie s\u0142omy<\/strong><\/p>\n<ul>\n<li>Zastosowanie: Po zbiorze zb\u00f3\u017c, np. pszenicy lub j\u0119czmienia, pozosta\u0142\u0105 s\u0142om\u0119 cz\u0119sto prasuje si\u0119 i wykorzystuje jako \u015bci\u00f3\u0142k\u0119 dla zwierz\u0105t gospodarskich, \u015bci\u00f3\u0142k\u0119 lub do produkcji bioenergii.<\/li>\n<li>Zaleta: Przek\u0142adnia zapewnia niezb\u0119dn\u0105 przewag\u0119 mechaniczn\u0105 przy obr\u00f3bce twardej, w\u0142\u00f3knistej s\u0142omy, gwarantuj\u0105c, \u017ce prasa produkuje r\u00f3wne, kwadratowe bele, kt\u00f3re s\u0105 mocne i zwarte.<\/li>\n<\/ul>\n<p><strong>Prasowanie kiszonki<\/strong><\/p>\n<ul>\n<li>Zastosowanie: W produkcji kiszonki przek\u0142adnia FMP-FK155 stosowana jest w prasach do zag\u0119szczania wilgotnych materia\u0142\u00f3w paszowych, takich jak trawa, kukurydza lub lucerna, w g\u0119ste, zgrzane bele kwadratowe.<\/li>\n<li>Zaleta: Mo\u017cliwo\u015b\u0107 radzenia sobie z wilgotnymi, ci\u0119\u017ckimi materia\u0142ami gwarantuje uzyskanie wysokiej jako\u015bci bel kiszonki, kt\u00f3re idealnie nadaj\u0105 si\u0119 do przechowywania i p\u00f3\u017aniejszego skarmiania, zachowuj\u0105c swoje warto\u015bci od\u017cywcze.<\/li>\n<\/ul>\n<p><strong>Prasowanie paszy<\/strong><\/p>\n<ul>\n<li>Zastosowanie: Ro\u015bliny pastewne, takie jak lucerna lub koniczyna, s\u0105 prasowane przy u\u017cyciu przek\u0142adni FMP-FK155 w celu wykorzystania jako wysokiej jako\u015bci pasza dla zwierz\u0105t.<\/li>\n<li>Zaleta: Precyzyjna konstrukcja przek\u0142adni gwarantuje formowanie \u015bci\u015ble upakowanych, dobrze uformowanych kwadratowych bel, kt\u00f3re zachowuj\u0105 jako\u015b\u0107 paszy podczas przechowywania i transportu.<\/li>\n<\/ul>\n<p>Przek\u0142adnia prasy kostkuj\u0105cej FMP-FK155 to niezast\u0105pione narz\u0119dzie w nowoczesnym rolnictwie, oferuj\u0105ce niezawodno\u015b\u0107, trwa\u0142o\u015b\u0107 i wszechstronno\u015b\u0107 w szerokim zakresie zastosowa\u0144. Od belowania siana i s\u0142omy, przez produkcj\u0119 kiszonki, po zagospodarowanie odpad\u00f3w rolniczych, ta przek\u0142adnia zapewnia optymaln\u0105 wydajno\u015b\u0107 i efektywno\u015b\u0107. Wysoki moment obrotowy, precyzyjna konstrukcja i niskie wymagania konserwacyjne sprawiaj\u0105, \u017ce idealnie nadaje si\u0119 zar\u00f3wno do ma\u0142ych gospodarstw, jak i du\u017cych przedsi\u0119biorstw komercyjnych, znacz\u0105co przyczyniaj\u0105c si\u0119 do sukcesu i wydajno\u015bci maszyn rolniczych wykorzystywanych do belowania.<\/p>\n<p><img loading=\"lazy\" decoding=\"async\" class=\"alignnone size-full wp-image-2608\" src=\"https:\/\/fmp-components.com\/wp-content\/uploads\/2025\/01\/Square-Baler-Gearbox-EP-FK136-Common-Applications1.webp\" alt=\"Skrzynia bieg\u00f3w prasy kwadratowej FMP-FK136-Typowe zastosowania(1)\" width=\"1024\" height=\"564\" title=\"\" srcset=\"https:\/\/fmp-components.com\/wp-content\/uploads\/2025\/01\/Square-Baler-Gearbox-EP-FK136-Common-Applications1.webp 1024w, https:\/\/fmp-components.com\/wp-content\/uploads\/2025\/01\/Square-Baler-Gearbox-EP-FK136-Common-Applications1-980x540.webp 980w, https:\/\/fmp-components.com\/wp-content\/uploads\/2025\/01\/Square-Baler-Gearbox-EP-FK136-Common-Applications1-480x264.webp 480w\" sizes=\"(min-width: 0px) and (max-width: 480px) 480px, (min-width: 481px) and (max-width: 980px) 980px, (min-width: 981px) 1024px, 100vw\" \/><\/p>\n<h3>O FMP<\/h3>\n<p>Firma FMP, z siedzib\u0105 g\u0142\u00f3wn\u0105 we W\u0142oszech, jest wiod\u0105cym producentem znanym ze swojego do\u015bwiadczenia w projektowaniu, rozwoju i produkcji wysokowydajnych przek\u0142adni, ze szczeg\u00f3lnym uwzgl\u0119dnieniem sektora maszyn rolniczych. Dzi\u0119ki reputacji w zakresie precyzyjnej in\u017cynierii, innowacyjnych rozwi\u0105za\u0144 i niezawodnej pracy, FMP ugruntowa\u0142a swoj\u0105 pozycj\u0119 zaufanego partnera zar\u00f3wno w sektorze rolniczym, jak i przemys\u0142owym. Nasze bogate portfolio produkt\u00f3w obejmuje specjalistyczne przek\u0142adnie do kosiarek, wa\u0142y odbioru mocy (WOM) i inne niezb\u0119dne komponenty, zaprojektowane przez ekspert\u00f3w, aby zapewni\u0107 rozwi\u0105zania dostosowane do indywidualnych potrzeb w szerokim zakresie zastosowa\u0144.<\/p>\n<p>W FMP rozumiemy, \u017ce ka\u017cdy klient ma unikalne wymagania i wyzwania. Dlatego specjalizujemy si\u0119 w dostarczaniu rozwi\u0105za\u0144 szytych na miar\u0119, zar\u00f3wno dla pojedynczych komponent\u00f3w, jak i w pe\u0142ni zintegrowanych system\u00f3w. Dzi\u0119ki bliskiej wsp\u00f3\u0142pracy z naszymi klientami zapewniamy, \u017ce ka\u017cde rozwi\u0105zanie jest skuteczne i wydajne, optymalizuj\u0105c wydajno\u015b\u0107 i warto\u015b\u0107. Nasze zaanga\u017cowanie w udzielanie szybkich i profesjonalnych odpowiedzi \u2013 poparte fachowym doradztwem \u2013 gwarantuje, \u017ce ka\u017cde zapytanie jest obs\u0142ugiwane z najwy\u017csz\u0105 staranno\u015bci\u0105 i precyzj\u0105, co przek\u0142ada si\u0119 na najlepsze mo\u017cliwe rezultaty.<\/p>\n<p>Priorytetem jest dla nas otwarta i ci\u0105g\u0142a komunikacja w ca\u0142ym procesie rozwoju produktu. Nasz zaanga\u017cowany zesp\u00f3\u0142 wsp\u00f3\u0142pracuje bezpo\u015brednio z klientami, aby w pe\u0142ni zrozumie\u0107 ich specyficzne potrzeby, oferuj\u0105c cenne spostrze\u017cenia i rekomendacje, kt\u00f3re pomog\u0105 w zapewnieniu optymalnych rozwi\u0105za\u0144. Niezale\u017cnie od tego, czy projektujemy innowacyjne produkty, czy realizujemy bie\u017c\u0105ce zam\u00f3wienia, FMP dok\u0142ada wszelkich stara\u0144, aby dostarcza\u0107 wysokiej jako\u015bci, precyzyjnie zaprojektowane rozwi\u0105zania na czas i za ka\u017cdym razem. Naszym celem jest przekraczanie oczekiwa\u0144, zapewniaj\u0105c najlepsz\u0105 obs\u0142ug\u0119 i najlepsze rezultaty w ka\u017cdym projekcie.<\/p>\n<p>Jako\u015b\u0107 jest fundamentem dzia\u0142alno\u015bci FMP. Przestrzegamy najwy\u017cszych standard\u00f3w produkcyjnych i wdra\u017camy rygorystyczne \u015brodki kontroli jako\u015bci, aby zapewni\u0107, \u017ce ka\u017cdy produkt nie tylko spe\u0142nia, ale wr\u0119cz przewy\u017csza oczekiwania bran\u017cy. To nieustanne zaanga\u017cowanie w jako\u015b\u0107, w po\u0142\u0105czeniu z naszymi podstawowymi warto\u015bciami, takimi jak uczciwo\u015b\u0107, praca zespo\u0142owa i wytrwa\u0142o\u015b\u0107, pozwoli\u0142o nam zbudowa\u0107 d\u0142ugotrwa\u0142e, oparte na zaufaniu relacje z klientami w prawie 30 krajach na ca\u0142ym \u015bwiecie.<\/p>\n<p>FMP anga\u017cuje si\u0119 w budowanie globalnych partnerstw oraz zapewnianie eksperckiego doradztwa i rozwi\u0105za\u0144 dostosowanych do indywidualnych potrzeb, odpowiadaj\u0105cych zr\u00f3\u017cnicowanym potrzebom naszych klient\u00f3w. Nie ograniczamy si\u0119 do dostarczania produkt\u00f3w; koncentrujemy si\u0119 na budowaniu trwa\u0142ych relacji, kt\u00f3re przyczyniaj\u0105 si\u0119 do sukcesu ka\u017cdego projektu. Niezale\u017cnie od tego, czy potrzebujesz innowacyjnych rozwi\u0105za\u0144 dla nowej inicjatywy, czy sta\u0142ego wsparcia dla istniej\u0105cego systemu, FMP jest do Twojej dyspozycji, aby sprosta\u0107 Twoim wyzwaniom technicznym i zapewni\u0107 Ci ci\u0105g\u0142y sukces.<\/p>\n<p><img loading=\"lazy\" decoding=\"async\" class=\"alignnone size-full wp-image-1861\" src=\"https:\/\/fmp-components.com\/wp-content\/uploads\/2024\/12\/Other-Agricultural-Gearboxes.webp\" sizes=\"(min-width: 0px) and (max-width: 480px) 480px, (min-width: 481px) and (max-width: 980px) 980px, (min-width: 981px) 1200px, 100vw\" srcset=\"https:\/\/fmp-components.com\/wp-content\/uploads\/2024\/12\/Other-Agricultural-Gearboxes.webp 1200w, https:\/\/fmp-components.com\/wp-content\/uploads\/2024\/12\/Other-Agricultural-Gearboxes-980x1143.webp 980w, https:\/\/fmp-components.com\/wp-content\/uploads\/2024\/12\/Other-Agricultural-Gearboxes-480x560.webp 480w\" alt=\"Inne zmiany rolnicze\" width=\"1200\" height=\"1400\" title=\"\"><\/p>\n<p>Autor: CX<\/p>\n<\/div>\n<\/div>\n<\/div>\n<\/div>","protected":false},"excerpt":{"rendered":"<p>Square Baler Gearbox FMP-FK155 Dimensions Square Baler Gearbox FMP-FK155 Technical Data i Suitable Rpm input Rpm output KW(Nom) KW(Max) Toothing r\/min r\/min hp hp Left and Light output 1:2.46 Automatic feed baler, etc 540 1328 180 1080 Gleason Helical Teeth Follow-up output 1.24:1 1328 1070 130 1100 Remark: If you have any special require feel [&hellip;]<\/p>","protected":false},"featured_media":2619,"comment_status":"open","ping_status":"closed","template":"","meta":{"_et_pb_use_builder":"","_et_pb_old_content":"","_et_gb_content_width":""},"product_brand":[],"product_cat":[62],"product_tag":[],"class_list":{"0":"post-2616","1":"product","2":"type-product","3":"status-publish","4":"has-post-thumbnail","6":"product_cat-square-baler-gearbox","8":"first","9":"instock","10":"shipping-taxable","11":"product-type-simple"},"_links":{"self":[{"href":"https:\/\/fmp-components.com\/pl\/wp-json\/wp\/v2\/product\/2616","targetHints":{"allow":["GET"]}}],"collection":[{"href":"https:\/\/fmp-components.com\/pl\/wp-json\/wp\/v2\/product"}],"about":[{"href":"https:\/\/fmp-components.com\/pl\/wp-json\/wp\/v2\/types\/product"}],"replies":[{"embeddable":true,"href":"https:\/\/fmp-components.com\/pl\/wp-json\/wp\/v2\/comments?post=2616"}],"wp:featuredmedia":[{"embeddable":true,"href":"https:\/\/fmp-components.com\/pl\/wp-json\/wp\/v2\/media\/2619"}],"wp:attachment":[{"href":"https:\/\/fmp-components.com\/pl\/wp-json\/wp\/v2\/media?parent=2616"}],"wp:term":[{"taxonomy":"product_brand","embeddable":true,"href":"https:\/\/fmp-components.com\/pl\/wp-json\/wp\/v2\/product_brand?post=2616"},{"taxonomy":"product_cat","embeddable":true,"href":"https:\/\/fmp-components.com\/pl\/wp-json\/wp\/v2\/product_cat?post=2616"},{"taxonomy":"product_tag","embeddable":true,"href":"https:\/\/fmp-components.com\/pl\/wp-json\/wp\/v2\/product_tag?post=2616"}],"curies":[{"name":"wp","href":"https:\/\/api.w.org\/{rel}","templated":true}]}}