{"id":2610,"date":"2025-01-03T02:45:39","date_gmt":"2025-01-03T02:45:39","guid":{"rendered":"https:\/\/fmp-components.com\/?page_id=8"},"modified":"2025-01-03T02:51:12","modified_gmt":"2025-01-03T02:51:12","slug":"square-baler-gearbox-fmp-fk150","status":"publish","type":"product","link":"https:\/\/fmp-components.com\/pl\/product\/square-baler-gearbox-fmp-fk150\/","title":{"rendered":"Przek\u0142adnia prasy kwadratowej FMP-FK150"},"content":{"rendered":"<p><img loading=\"lazy\" decoding=\"async\" class=\"size-full wp-image-2613 aligncenter\" src=\"https:\/\/fmp-components.com\/wp-content\/uploads\/2025\/01\/Square-Baler-Gearbox-FMP-FK1501.webp\" alt=\"Skrzynia bieg\u00f3w prasy kwadratowej FMP-FK150(1)\" width=\"600\" height=\"600\" title=\"\" srcset=\"https:\/\/fmp-components.com\/wp-content\/uploads\/2025\/01\/Square-Baler-Gearbox-FMP-FK1501.webp 600w, https:\/\/fmp-components.com\/wp-content\/uploads\/2025\/01\/Square-Baler-Gearbox-FMP-FK1501-480x480.webp 480w\" sizes=\"(min-width: 0px) and (max-width: 480px) 480px, (min-width: 481px) 600px, 100vw\" \/><\/p>\n<h2>Wymiary przek\u0142adni prasy kostkuj\u0105cej FMP-FK150<\/h2>\n<p><img loading=\"lazy\" decoding=\"async\" class=\"alignnone size-full wp-image-2611\" src=\"https:\/\/fmp-components.com\/wp-content\/uploads\/2025\/01\/Square-Baler-Gearbox-FMP-FK150-Dimensions.webp\" alt=\"Skrzynia bieg\u00f3w prasy kwadratowej FMP-FK150-Wymiary\" width=\"1335\" height=\"818\" title=\"\" srcset=\"https:\/\/fmp-components.com\/wp-content\/uploads\/2025\/01\/Square-Baler-Gearbox-FMP-FK150-Dimensions.webp 1335w, https:\/\/fmp-components.com\/wp-content\/uploads\/2025\/01\/Square-Baler-Gearbox-FMP-FK150-Dimensions-1280x784.webp 1280w, https:\/\/fmp-components.com\/wp-content\/uploads\/2025\/01\/Square-Baler-Gearbox-FMP-FK150-Dimensions-980x600.webp 980w, https:\/\/fmp-components.com\/wp-content\/uploads\/2025\/01\/Square-Baler-Gearbox-FMP-FK150-Dimensions-480x294.webp 480w\" sizes=\"(min-width: 0px) and (max-width: 480px) 480px, (min-width: 481px) and (max-width: 980px) 980px, (min-width: 981px) and (max-width: 1280px) 1280px, (min-width: 1281px) 1335px, 100vw\" \/><\/p>\n<h2>Wymiary wa\u0142u przek\u0142adni prasy kostkuj\u0105cej FMP-FK150<\/h2>\n<p><img loading=\"lazy\" decoding=\"async\" class=\"alignnone size-full wp-image-2612\" src=\"https:\/\/fmp-components.com\/wp-content\/uploads\/2025\/01\/Square-Baler-Gearbox-FMP-FK150-Shaft-Dimensions.webp\" alt=\"Skrzynia bieg\u00f3w prasy kwadratowej FMP-FK150-Wymiary wa\u0142u\" width=\"1376\" height=\"417\" title=\"\" srcset=\"https:\/\/fmp-components.com\/wp-content\/uploads\/2025\/01\/Square-Baler-Gearbox-FMP-FK150-Shaft-Dimensions.webp 1376w, https:\/\/fmp-components.com\/wp-content\/uploads\/2025\/01\/Square-Baler-Gearbox-FMP-FK150-Shaft-Dimensions-1280x388.webp 1280w, https:\/\/fmp-components.com\/wp-content\/uploads\/2025\/01\/Square-Baler-Gearbox-FMP-FK150-Shaft-Dimensions-980x297.webp 980w, https:\/\/fmp-components.com\/wp-content\/uploads\/2025\/01\/Square-Baler-Gearbox-FMP-FK150-Shaft-Dimensions-480x145.webp 480w\" sizes=\"(min-width: 0px) and (max-width: 480px) 480px, (min-width: 481px) and (max-width: 980px) 980px, (min-width: 981px) and (max-width: 1280px) 1280px, (min-width: 1281px) 1376px, 100vw\" \/><\/p>\n<h2>Dane techniczne przek\u0142adni prasy kostkuj\u0105cej FMP-FK150<\/h2>\n<table style=\"width: 100.825%; height: 130px;\" border=\"1\" cellspacing=\"0\" cellpadding=\"0\">\n<tbody>\n<tr>\n<td colspan=\"2\" rowspan=\"2\">I<\/td>\n<td rowspan=\"2\">Odpowiedni<\/td>\n<td>Wej\u015bcie obr.\/min<\/td>\n<td>Wyj\u015bcie obr.\/min<\/td>\n<td>KW(Nom)<\/td>\n<td>kW (maks.)<\/td>\n<td rowspan=\"2\">Uz\u0119bienie<\/td>\n<\/tr>\n<tr>\n<td>obr.\/min<\/td>\n<td>obr.\/min<\/td>\n<td>KM<\/td>\n<td>KM<\/td>\n<\/tr>\n<tr>\n<td>Zwi\u0119kszenie pr\u0119dko\u015bci<\/td>\n<td>1:2.07<\/td>\n<td>Prasa kostkuj\u0105ca itp.<\/td>\n<td>540<\/td>\n<td>1117.8<\/td>\n<td>120<\/td>\n<td>550<\/td>\n<td>Gleason Straight<br \/>\nZ\u0119by<\/td>\n<\/tr>\n<tr>\n<td colspan=\"8\">Uwaga: Je\u015bli masz jakie\u015b specjalne \u017cyczenia, daj mi zna\u0107, realizujemy r\u00f3wnie\u017c zam\u00f3wienia niestandardowe.<\/td>\n<\/tr>\n<\/tbody>\n<\/table>\n<article class=\"w-full scroll-mb-[var(--thread-trailing-height,150px)] text-token-text-primary focus-visible:outline-2 focus-visible:outline-offset-[-4px]\" dir=\"auto\" data-testid=\"conversation-turn-26\" data-scroll-anchor=\"false\">\n<div class=\"m-auto text-base py-[18px] px-3 md:px-4 w-full md:px-5 lg:px-4 xl:px-5\">\n<div class=\"mx-auto flex flex-1 gap-4 text-base md:gap-5 lg:gap-6 md:max-w-3xl lg:max-w-[40rem] xl:max-w-[48rem]\">\n<div class=\"group\/conversation-turn relative flex w-full min-w-0 flex-col\">\n<div class=\"flex-col gap-1 md:gap-3\">\n<div class=\"flex max-w-full flex-col flex-grow\">\n<div class=\"min-h-8 text-message flex w-full flex-col items-end gap-2 whitespace-normal break-words text-start [.text-message+&amp;]:mt-5\" dir=\"auto\" data-message-author-role=\"user\" data-message-id=\"aaa2abf4-977c-48e0-ae16-b607cec7c331\">\n<div class=\"flex w-full flex-col gap-1 empty:hidden items-end rtl:items-start\">\n<div class=\"relative max-w-[var(--user-chat-width,70%)] rounded-3xl bg-token-message-surface px-5 py-2.5\">\n<h2 class=\"whitespace-pre-wrap\">Cechy konstrukcyjne przek\u0142adni prasy kostkuj\u0105cej FMP-FK150<\/h2>\n<\/div>\n<\/div>\n<\/div>\n<\/div>\n<\/div>\n<\/div>\n<\/div>\n<\/div>\n<\/article>\n<p>Przek\u0142adnia prasy kostkuj\u0105cej FMP-FK150 zosta\u0142a zaprojektowana specjalnie z my\u015bl\u0105 o spe\u0142nieniu wysokich wymaga\u0144 maszyn rolniczych do belowania, w szczeg\u00f3lno\u015bci do formowania bel kwadratowych z siana, s\u0142omy, kiszonki i innych upraw. Jej konstrukcja wykorzystuje zaawansowane rozwi\u0105zania techniczne, aby zapewni\u0107 niezawodn\u0105 wydajno\u015b\u0107, trwa\u0142o\u015b\u0107 i \u0142atwo\u015b\u0107 obs\u0142ugi. Poni\u017cej przedstawiono kluczowe cechy konstrukcyjne przek\u0142adni prasy kostkuj\u0105cej FMP-FK150:<\/p>\n<h4><strong>Wysoka no\u015bno\u015b\u0107 momentu obrotowego<\/strong><\/h4>\n<ul>\n<li><strong>Funkcja<\/strong>Przek\u0142adnia FMP-FK150 zosta\u0142a zaprojektowana z my\u015bl\u0105 o wysokim momencie obrotowym, dzi\u0119ki czemu nadaje si\u0119 do wymagaj\u0105cych zada\u0144 rolniczych, takich jak belowanie. Jej solidne komponenty wewn\u0119trzne s\u0105 zaprojektowane tak, aby wytrzyma\u0107 du\u017ce si\u0142y wywierane podczas procesu belowania.<\/li>\n<li><strong>Korzy\u015b\u0107<\/strong>:Zapewnia p\u0142ynn\u0105 i wydajn\u0105 prac\u0119 nawet pod obci\u0105\u017ceniem, umo\u017cliwiaj\u0105c prasie formowanie g\u0119stych, jednolitych bel bez ryzyka problem\u00f3w z wydajno\u015bci\u0105 lub awarii podzespo\u0142\u00f3w.<\/li>\n<\/ul>\n<h4><strong>Precyzyjna konstrukcja przek\u0142adni<\/strong><\/h4>\n<ul>\n<li><strong>Funkcja<\/strong>Ko\u0142a z\u0119bate w skrzyni bieg\u00f3w FMP-FK150 zosta\u0142y zaprojektowane z precyzj\u0105, aby zapewni\u0107 p\u0142ynne zaz\u0119bienie i minimalne zu\u017cycie. Wysokiej jako\u015bci ko\u0142a z\u0119bate optymalizuj\u0105 efektywno\u015b\u0107 przenoszenia mocy.<\/li>\n<li><strong>Korzy\u015b\u0107<\/strong>:Dzi\u0119ki temu zmniejsza si\u0119 strata energii, co zwi\u0119ksza wydajno\u015b\u0107 procesu belowania, a tak\u017ce wyd\u0142u\u017ca si\u0119 \u017cywotno\u015b\u0107 przek\u0142adni poprzez redukcj\u0119 zu\u017cycia element\u00f3w wewn\u0119trznych.<\/li>\n<\/ul>\n<h4><strong>Obudowa o du\u017cej wytrzyma\u0142o\u015bci<\/strong><\/h4>\n<ul>\n<li><strong>Funkcja<\/strong>:Przek\u0142adnia umieszczona jest w solidnej, trwa\u0142ej obudowie wykonanej z wysokiej jako\u015bci materia\u0142\u00f3w, takich jak \u017celiwo lub stopy zbrojone.<\/li>\n<li><strong>Korzy\u015b\u0107<\/strong>Solidna obudowa chroni wewn\u0119trzne ko\u0142a z\u0119bate przed uderzeniami zewn\u0119trznymi i trudnymi warunkami rolniczymi, zapewniaj\u0105c d\u0142ugoterminow\u0105 trwa\u0142o\u015b\u0107 i niezawodno\u015b\u0107.<\/li>\n<\/ul>\n<h4><strong>Wydajny system smarowania<\/strong><\/h4>\n<ul>\n<li><strong>Funkcja<\/strong>:FMP-FK150 zosta\u0142 wyposa\u017cony w wydajny system smarowania, kt\u00f3ry zapewnia r\u00f3wnomierne rozprowadzanie smaru po wszystkich ruchomych cz\u0119\u015bciach. System ten pomaga utrzyma\u0107 optymaln\u0105 temperatur\u0119 pracy i minimalizuje tarcie.<\/li>\n<li><strong>Korzy\u015b\u0107<\/strong>:Udoskonalony system smarowania zmniejsza zu\u017cycie przek\u0142adni, zmniejsza ryzyko przegrzania i wyd\u0142u\u017ca \u017cywotno\u015b\u0107 skrzyni bieg\u00f3w, nawet podczas d\u0142ugotrwa\u0142ej pracy.<\/li>\n<\/ul>\n<p>Przek\u0142adnia prasy kostkuj\u0105cej FMP-FK150 zosta\u0142a zaprojektowana z wykorzystaniem zaawansowanych funkcji, kt\u00f3re zapewniaj\u0105 wysok\u0105 wydajno\u015b\u0107, trwa\u0142o\u015b\u0107 i \u0142atwo\u015b\u0107 obs\u0142ugi w wymagaj\u0105cych warunkach rolniczych. Wysoki moment obrotowy, precyzja wykonania i trwa\u0142a obudowa sprawiaj\u0105, \u017ce jest to niezawodny wyb\u00f3r do formowania sp\u00f3jnych, wysokiej jako\u015bci bel kostkuj\u0105cych. Wszechstronna, kompaktowa konstrukcja gwarantuje kompatybilno\u015b\u0107 z szerok\u0105 gam\u0105 pras i sprz\u0119tu rolniczego, a nacisk na niezawodno\u015b\u0107 i niskie koszty konserwacji pomaga obni\u017cy\u0107 koszty operacyjne i zwi\u0119kszy\u0107 wydajno\u015b\u0107. Niezale\u017cnie od tego, czy jest u\u017cywana do zbioru siana, s\u0142omy, kiszonki, czy innych zastosowa\u0144, przek\u0142adnia FMP-FK150 jest kluczowym elementem nowoczesnego rolnictwa.<\/p>\n<p><img loading=\"lazy\" decoding=\"async\" class=\"alignnone size-full wp-image-2588\" src=\"https:\/\/fmp-components.com\/wp-content\/uploads\/2025\/01\/FMP-FK215-Square-Baler-Gearbox-Applications-980x4831-1.webp\" alt=\"FMP-FK215-Skrzynia bieg\u00f3w prasy kostkuj\u0105cej-Zastosowania-980x483(1)\" width=\"980\" height=\"483\" title=\"\" srcset=\"https:\/\/fmp-components.com\/wp-content\/uploads\/2025\/01\/FMP-FK215-Square-Baler-Gearbox-Applications-980x4831-1.webp 980w, https:\/\/fmp-components.com\/wp-content\/uploads\/2025\/01\/FMP-FK215-Square-Baler-Gearbox-Applications-980x4831-1-480x237.webp 480w\" sizes=\"(min-width: 0px) and (max-width: 480px) 480px, (min-width: 481px) 980px, 100vw\" \/><\/p>\n<h3>Obszary zastosowa\u0144 przek\u0142adni prasy kostkuj\u0105cej FMP-FK150<\/h3>\n<p>Przek\u0142adnia prasy kostkuj\u0105cej FMP-FK150 zosta\u0142a zaprojektowana specjalnie do r\u00f3\u017cnych zastosowa\u0144 rolniczych, w szczeg\u00f3lno\u015bci w systemach belowania. Jej solidna i wydajna konstrukcja sprawia, \u017ce \u200b\u200bnadaje si\u0119 do szerokiej gamy maszyn i operacji rolniczych. Poni\u017cej przedstawiono kluczowe obszary zastosowa\u0144, w kt\u00f3rych przek\u0142adnia FMP-FK150 sprawdza si\u0119 znakomicie:<\/p>\n<h4><strong>Prasowanie siana<\/strong><\/h4>\n<ul>\n<li><strong>Aplikacja<\/strong>:Przek\u0142adnia FMP-FK150 jest szeroko stosowana w prasach do siana w celu tworzenia kwadratowych bel wysuszonej trawy lub siana, co stanowi kluczowy sk\u0142adnik w produkcji paszy dla zwierz\u0105t gospodarskich.<\/li>\n<li><strong>Korzy\u015b\u0107<\/strong>:Przek\u0142adnia zapewnia wydajne przenoszenie mocy do mechanizm\u00f3w belowania, czego efektem s\u0105 dobrze uformowane, \u015bci\u015ble upakowane kwadratowe bele siana, kt\u00f3re s\u0105 \u0142atwe do przechowywania i transportu.<\/li>\n<\/ul>\n<h4><strong>Prasowanie s\u0142omy<\/strong><\/h4>\n<ul>\n<li><strong>Aplikacja<\/strong>S\u0142oma, produkt uboczny upraw takich jak pszenica, j\u0119czmie\u0144 i owies, jest cz\u0119sto belowana i wykorzystywana jako \u015bci\u00f3\u0142ka dla zwierz\u0105t lub do kompostowania i produkcji bioenergii. Przek\u0142adnia FMP-FK150 idealnie nadaje si\u0119 do tego zastosowania.<\/li>\n<li><strong>Korzy\u015b\u0107<\/strong>:Wysoki moment obrotowy i niezawodna praca zapewniaj\u0105, \u017ce prasa dzia\u0142a wydajnie nawet w przypadku g\u0119stej lub twardej s\u0142omy, produkuj\u0105c mocne, jednolite bele.<\/li>\n<\/ul>\n<h4><strong>Prasowanie kiszonki<\/strong><\/h4>\n<ul>\n<li><strong>Aplikacja<\/strong>W produkcji kiszonki ro\u015bliny takie jak trawa, kukurydza czy ro\u015bliny str\u0105czkowe s\u0105 belowane i przechowywane w warunkach beztlenowych, aby zachowa\u0107 ich warto\u015b\u0107 od\u017cywcz\u0105. Przek\u0142adnia FMP-FK150 mo\u017ce by\u0107 stosowana w prasach do kiszonki do formowania zwartych, zgrzanych bel kwadratowych.<\/li>\n<li><strong>Korzy\u015b\u0107<\/strong>:Przek\u0142adnia zapewnia niezb\u0119dny moment obrotowy do \u015bciskania wilgotnej, ci\u0119\u017ckiej kiszonki, co pozwala na uzyskanie bel o du\u017cej g\u0119sto\u015bci, kt\u00f3re s\u0105 \u0142atwe do przechowywania i konserwacji.<\/li>\n<\/ul>\n<h4><strong>Prasowanie resztek po\u017cniwnych<\/strong><\/h4>\n<ul>\n<li><strong>Aplikacja<\/strong>:Po zbiorach resztki po\u017cniwne, takie jak \u0142odygi kukurydzy, \u0142odygi bawe\u0142ny i inne materia\u0142y ro\u015blinne, s\u0105 cz\u0119sto belowane w celu wykorzystania w produkcji bioenergii lub jako surowiec do r\u00f3\u017cnych proces\u00f3w rolniczych.<\/li>\n<li><strong>Korzy\u015b\u0107<\/strong>:Przek\u0142adnia spe\u0142nia wysokie wymagania zwi\u0105zane z belowaniem twardych, w\u0142\u00f3knistych resztek po\u017cniwnych, gwarantuj\u0105c, \u017ce bele b\u0119d\u0105 \u015bci\u015ble upakowane i nadaj\u0105 si\u0119 do dalszego przetwarzania lub u\u017cytkowania.<\/li>\n<\/ul>\n<p>Przek\u0142adnia prasy kostkuj\u0105cej FMP-FK150 idealnie nadaje si\u0119 do szerokiej gamy zastosowa\u0144 rolniczych, gdzie wymagane s\u0105 bele kwadratowe o du\u017cej g\u0119sto\u015bci. Niezale\u017cnie od tego, czy chodzi o siano, s\u0142om\u0119, kiszonk\u0119, czy resztki po\u017cniwne, przek\u0142adnia zapewnia niezawodn\u0105 i wydajn\u0105 prac\u0119, maksymalizuj\u0105c wydajno\u015b\u0107 operacyjn\u0105 maszyn do belowania. Jej wszechstronno\u015b\u0107, wysoki moment obrotowy i trwa\u0142o\u015b\u0107 czyni\u0105 j\u0105 cennym elementem w gospodarstwach rolnych, zar\u00f3wno w ma\u0142ych gospodarstwach rodzinnych, jak i du\u017cych przedsi\u0119biorstwach komercyjnych.<\/p>\n<table style=\"border-collapse: collapse; width: 99.3125%; height: 24px;\" border=\"0\" width=\"128\" cellspacing=\"0\" cellpadding=\"0\">\n<tbody>\n<tr style=\"height: 13.8pt;\">\n<td style=\"height: 13.8pt; width: 48pt;\" align=\"right\" width=\"64\" height=\"18\"><img loading=\"lazy\" decoding=\"async\" class=\"alignnone size-full wp-image-2615\" src=\"https:\/\/fmp-components.com\/wp-content\/uploads\/2025\/01\/Square-Baler-Gearbox-EP-FK150-Application-Area-1-1024x6861-1.webp\" alt=\"Skrzynia bieg\u00f3w prasy kwadratowej EP-FK150-Obszar-zastosowania-1-1024x686(1)\" width=\"1024\" height=\"686\" title=\"\" srcset=\"https:\/\/fmp-components.com\/wp-content\/uploads\/2025\/01\/Square-Baler-Gearbox-EP-FK150-Application-Area-1-1024x6861-1.webp 1024w, https:\/\/fmp-components.com\/wp-content\/uploads\/2025\/01\/Square-Baler-Gearbox-EP-FK150-Application-Area-1-1024x6861-1-980x657.webp 980w, https:\/\/fmp-components.com\/wp-content\/uploads\/2025\/01\/Square-Baler-Gearbox-EP-FK150-Application-Area-1-1024x6861-1-480x322.webp 480w\" sizes=\"(min-width: 0px) and (max-width: 480px) 480px, (min-width: 481px) and (max-width: 980px) 980px, (min-width: 981px) 1024px, 100vw\" \/><\/td>\n<td style=\"width: 48pt;\" align=\"right\" width=\"64\"><img loading=\"lazy\" decoding=\"async\" class=\"alignnone size-full wp-image-2614\" src=\"https:\/\/fmp-components.com\/wp-content\/uploads\/2025\/01\/Square-Baler-Gearbox-EP-FK150-Application-Area-2-1024x6861-1.webp\" alt=\"Skrzynia bieg\u00f3w prasy kwadratowej EP-FK150-Obszar-zastosowania-2-1024x686(1)\" width=\"1024\" height=\"686\" title=\"\" srcset=\"https:\/\/fmp-components.com\/wp-content\/uploads\/2025\/01\/Square-Baler-Gearbox-EP-FK150-Application-Area-2-1024x6861-1.webp 1024w, https:\/\/fmp-components.com\/wp-content\/uploads\/2025\/01\/Square-Baler-Gearbox-EP-FK150-Application-Area-2-1024x6861-1-980x657.webp 980w, https:\/\/fmp-components.com\/wp-content\/uploads\/2025\/01\/Square-Baler-Gearbox-EP-FK150-Application-Area-2-1024x6861-1-480x322.webp 480w\" sizes=\"(min-width: 0px) and (max-width: 480px) 480px, (min-width: 481px) and (max-width: 980px) 980px, (min-width: 981px) 1024px, 100vw\" \/><\/td>\n<\/tr>\n<\/tbody>\n<\/table>\n<h3>O FMP<\/h3>\n<p>Firma FMP, z siedzib\u0105 g\u0142\u00f3wn\u0105 we W\u0142oszech, jest wiod\u0105cym producentem, znanym ze swojego do\u015bwiadczenia w projektowaniu, rozwoju i produkcji wysokowydajnych przek\u0142adni, ze szczeg\u00f3lnym uwzgl\u0119dnieniem sektora maszyn rolniczych. Dzi\u0119ki reputacji w zakresie precyzyjnej in\u017cynierii, innowacyjnych rozwi\u0105za\u0144 i niezawodnej konstrukcji, FMP sta\u0142a si\u0119 zaufanym partnerem w zaspokajaniu zmieniaj\u0105cych si\u0119 potrzeb zar\u00f3wno sektora rolniczego, jak i przemys\u0142owego. Nasza r\u00f3\u017cnorodna oferta produkt\u00f3w obejmuje specjalistyczne przek\u0142adnie do kosiarek, wa\u0142y odbioru mocy (WOM) i inne niezb\u0119dne komponenty, starannie zaprojektowane, aby zapewni\u0107 rozwi\u0105zania dostosowane do indywidualnych potrzeb w szerokim spektrum zastosowa\u0144.<\/p>\n<p>W FMP rozumiemy, \u017ce ka\u017cdy klient ma unikalne wymagania i wyzwania. Dlatego specjalizujemy si\u0119 w oferowaniu rozwi\u0105za\u0144 szytych na miar\u0119, zar\u00f3wno dla pojedynczych komponent\u00f3w, jak i w pe\u0142ni zintegrowanych system\u00f3w. \u015aci\u015ble wsp\u00f3\u0142pracujemy z naszymi klientami, aby zapewni\u0107, \u017ce ka\u017cde rozwi\u0105zanie jest nie tylko skuteczne, ale i wydajne, optymalizuj\u0105c zar\u00f3wno wydajno\u015b\u0107, jak i warto\u015b\u0107. Nasze zaanga\u017cowanie w udzielanie szybkich i profesjonalnych odpowiedzi, w po\u0142\u0105czeniu z fachowym doradztwem, gwarantuje, \u017ce ka\u017cde zapytanie jest traktowane z najwy\u017csz\u0105 staranno\u015bci\u0105 i precyzj\u0105, co prowadzi do najlepszych mo\u017cliwych rezultat\u00f3w.<\/p>\n<p>Priorytetem jest dla nas otwarta i ci\u0105g\u0142a komunikacja w ca\u0142ym procesie rozwoju produktu. Nasz zaanga\u017cowany zesp\u00f3\u0142 wsp\u00f3\u0142pracuje bezpo\u015brednio z klientami, aby w pe\u0142ni zrozumie\u0107 ich specyficzne potrzeby, oferuj\u0105c cenne spostrze\u017cenia i rekomendacje, kt\u00f3re pomog\u0105 w zapewnieniu optymalnych rozwi\u0105za\u0144. Niezale\u017cnie od tego, czy projektujemy innowacyjne produkty, czy realizujemy bie\u017c\u0105ce zam\u00f3wienia, FMP dok\u0142ada wszelkich stara\u0144, aby dostarcza\u0107 wysokiej jako\u015bci, precyzyjnie zaprojektowane rozwi\u0105zania na czas i za ka\u017cdym razem. Naszym celem jest zapewnienie klientom najlepszej obs\u0142ugi i rezultat\u00f3w, przewy\u017cszaj\u0105cych ich oczekiwania w ka\u017cdym projekcie.<\/p>\n<p>Jako\u015b\u0107 jest fundamentem dzia\u0142alno\u015bci FMP. Przestrzegamy najwy\u017cszych standard\u00f3w produkcyjnych, wdra\u017caj\u0105c rygorystyczne \u015brodki kontroli jako\u015bci, aby zapewni\u0107, \u017ce ka\u017cdy produkt nie tylko spe\u0142nia, ale wr\u0119cz przewy\u017csza standardy bran\u017cowe. To niez\u0142omne zaanga\u017cowanie w jako\u015b\u0107, w po\u0142\u0105czeniu z naszymi podstawowymi warto\u015bciami, takimi jak uczciwo\u015b\u0107, praca zespo\u0142owa i wytrwa\u0142o\u015b\u0107, pozwoli\u0142o nam zbudowa\u0107 d\u0142ugotrwa\u0142e, oparte na zaufaniu relacje z klientami w prawie 30 krajach na ca\u0142ym \u015bwiecie.<\/p>\n<p>FMP jest zawsze otwarta na globalne partnerstwa i niezmiennie oferuje fachowe doradztwo oraz rozwi\u0105zania dostosowane do indywidualnych potrzeb naszych klient\u00f3w. Nie ograniczamy si\u0119 do dostarczania produkt\u00f3w; d\u0105\u017cymy do budowania trwa\u0142ych relacji, kt\u00f3re przyczyniaj\u0105 si\u0119 do sukcesu ka\u017cdego projektu. Niezale\u017cnie od tego, czy potrzebujesz innowacyjnych rozwi\u0105za\u0144 dla nowej inicjatywy, czy sta\u0142ego wsparcia dla istniej\u0105cego systemu, FMP jest do Twojej dyspozycji, aby stawi\u0107 czo\u0142a Twoim wyzwaniom technicznym i zapewni\u0107 Ci ci\u0105g\u0142y sukces.<\/p>\n<p><img loading=\"lazy\" decoding=\"async\" class=\"alignnone size-full wp-image-1861\" src=\"https:\/\/fmp-components.com\/wp-content\/uploads\/2024\/12\/Other-Agricultural-Gearboxes.webp\" sizes=\"(min-width: 0px) and (max-width: 480px) 480px, (min-width: 481px) and (max-width: 980px) 980px, (min-width: 981px) 1200px, 100vw\" srcset=\"https:\/\/fmp-components.com\/wp-content\/uploads\/2024\/12\/Other-Agricultural-Gearboxes.webp 1200w, https:\/\/fmp-components.com\/wp-content\/uploads\/2024\/12\/Other-Agricultural-Gearboxes-980x1143.webp 980w, https:\/\/fmp-components.com\/wp-content\/uploads\/2024\/12\/Other-Agricultural-Gearboxes-480x560.webp 480w\" alt=\"Inne zmiany rolnicze\" width=\"1200\" height=\"1400\" title=\"\"><\/p>\n<p>Autor: CX<\/p>","protected":false},"excerpt":{"rendered":"<p>Square Baler Gearbox FMP-FK150 Dimensions Square Baler Gearbox FMP-FK150 Shaft Dimensions Square Baler Gearbox FMP-FK150 Technical Data i Suitable Rpm input Rpm output KW(Nom) KW(Max) Toothing r\/min r\/min hp hp Speed increase 1:2.07 Square Baler, etc 540 1117.8 120 550 Gleason Straight Teeth Remark: If you have any special require feel free let me know, [&hellip;]<\/p>","protected":false},"featured_media":2613,"comment_status":"open","ping_status":"closed","template":"","meta":{"_et_pb_use_builder":"","_et_pb_old_content":"","_et_gb_content_width":""},"product_brand":[],"product_cat":[62],"product_tag":[],"class_list":{"0":"post-2610","1":"product","2":"type-product","3":"status-publish","4":"has-post-thumbnail","6":"product_cat-square-baler-gearbox","8":"first","9":"instock","10":"shipping-taxable","11":"product-type-simple"},"_links":{"self":[{"href":"https:\/\/fmp-components.com\/pl\/wp-json\/wp\/v2\/product\/2610","targetHints":{"allow":["GET"]}}],"collection":[{"href":"https:\/\/fmp-components.com\/pl\/wp-json\/wp\/v2\/product"}],"about":[{"href":"https:\/\/fmp-components.com\/pl\/wp-json\/wp\/v2\/types\/product"}],"replies":[{"embeddable":true,"href":"https:\/\/fmp-components.com\/pl\/wp-json\/wp\/v2\/comments?post=2610"}],"wp:featuredmedia":[{"embeddable":true,"href":"https:\/\/fmp-components.com\/pl\/wp-json\/wp\/v2\/media\/2613"}],"wp:attachment":[{"href":"https:\/\/fmp-components.com\/pl\/wp-json\/wp\/v2\/media?parent=2610"}],"wp:term":[{"taxonomy":"product_brand","embeddable":true,"href":"https:\/\/fmp-components.com\/pl\/wp-json\/wp\/v2\/product_brand?post=2610"},{"taxonomy":"product_cat","embeddable":true,"href":"https:\/\/fmp-components.com\/pl\/wp-json\/wp\/v2\/product_cat?post=2610"},{"taxonomy":"product_tag","embeddable":true,"href":"https:\/\/fmp-components.com\/pl\/wp-json\/wp\/v2\/product_tag?post=2610"}],"curies":[{"name":"wp","href":"https:\/\/api.w.org\/{rel}","templated":true}]}}