{"id":2552,"date":"2025-01-02T06:41:12","date_gmt":"2025-01-02T06:41:12","guid":{"rendered":"https:\/\/fmp-components.com\/?page_id=8"},"modified":"2025-01-02T06:41:13","modified_gmt":"2025-01-02T06:41:13","slug":"feed-mixer-machines-gearboxes-replacement-of-comer-code-d-732a-11-1-411","status":"publish","type":"product","link":"https:\/\/fmp-components.com\/pl\/product\/feed-mixer-machines-gearboxes-replacement-of-comer-code-d-732a-11-1-411\/","title":{"rendered":"Przek\u0142adnie do mieszalnik\u00f3w pasz \u2013 wymiana przek\u0142adni Comer Code D-732A 1:1\/1,41:1"},"content":{"rendered":"<p><img loading=\"lazy\" decoding=\"async\" class=\"size-full wp-image-2554 aligncenter\" src=\"https:\/\/fmp-components.com\/wp-content\/uploads\/2025\/01\/Horizontal-Feed-Mixer-Gearbox-131.webp\" alt=\"Pozioma mieszalnik paszy z przek\u0142adni\u0105\" width=\"800\" height=\"800\" title=\"\" srcset=\"https:\/\/fmp-components.com\/wp-content\/uploads\/2025\/01\/Horizontal-Feed-Mixer-Gearbox-131.webp 800w, https:\/\/fmp-components.com\/wp-content\/uploads\/2025\/01\/Horizontal-Feed-Mixer-Gearbox-131-480x480.webp 480w\" sizes=\"(min-width: 0px) and (max-width: 480px) 480px, (min-width: 481px) 800px, 100vw\" \/><\/p>\n<h2>Wymiary przek\u0142adni poziomego mieszalnika pasz D732A<\/h2>\n<p><img loading=\"lazy\" decoding=\"async\" class=\"alignnone size-full wp-image-2555\" src=\"https:\/\/fmp-components.com\/wp-content\/uploads\/2025\/01\/Horizontal-Feed-Mixer-Gearbox-D732A-Dimensions.webp\" alt=\"Przek\u0142adnia mieszalnika pasz poziomych D732A \u2013 wymiary\" width=\"712\" height=\"390\" title=\"\" srcset=\"https:\/\/fmp-components.com\/wp-content\/uploads\/2025\/01\/Horizontal-Feed-Mixer-Gearbox-D732A-Dimensions.webp 712w, https:\/\/fmp-components.com\/wp-content\/uploads\/2025\/01\/Horizontal-Feed-Mixer-Gearbox-D732A-Dimensions-480x263.webp 480w\" sizes=\"(min-width: 0px) and (max-width: 480px) 480px, (min-width: 481px) 712px, 100vw\" \/><\/p>\n<h2>Specyfikacja produktu:<\/h2>\n<table class=\"kh-1xzm1su\" border=\"1\" cellspacing=\"0\" cellpadding=\"0\" data-intent=\"lists-product-attributes\" data-test-id=\"attributes-list\">\n<tbody class=\"kh-1ago99h\">\n<tr id=\"alexis#custom#item-id\" class=\"kh-bwvum6\" data-test-id=\"attribute-row\">\n<th class=\"kh-10oizfy\">Opis produktu<\/th>\n<td class=\"kh-1f5nhat\">\n<div class=\"kh-pkx4zo\">Przek\u0142adnia poziomego mieszalnika pasz \u2013 wymiana przek\u0142adni Comer D732A<\/div>\n<\/td>\n<\/tr>\n<tr id=\"attProductDetails\" class=\"kh-bwvum6\" data-test-id=\"attribute-row\">\n<th class=\"kh-10oizfy\">Szczeg\u00f3\u0142y produktu<\/th>\n<td class=\"kh-1f5nhat\">\n<ul>\n<li class=\"kh-16zd49f\">Skontaktuj si\u0119 z nami, aby uzyska\u0107 moc przy innych obrotach na minut\u0119<\/li>\n<li class=\"kh-16zd49f\">Skrzynia bieg\u00f3w dostarczana jest bez oleju i przed pierwszym u\u017cyciem nale\u017cy j\u0105 nape\u0142ni\u0107.<\/li>\n<li class=\"kh-16zd49f\">Pierwsza wymiana oleju po 50-70 godzinach pracy, nast\u0119pnie po 500-700 godzinach pracy lub co najmniej raz w roku.<\/li>\n<\/ul>\n<\/td>\n<\/tr>\n<tr id=\"attApplicationRange\" class=\"kh-bwvum6\" data-test-id=\"attribute-row\">\n<th class=\"kh-10oizfy\">Zakres zastosowania<\/th>\n<td class=\"kh-1f5nhat\">\n<div class=\"kh-pkx4zo\">W\u00f3z mieszaj\u0105cy<\/div>\n<\/td>\n<\/tr>\n<tr id=\"attConsistsOf\" class=\"kh-bwvum6\" data-test-id=\"attribute-row\">\n<th class=\"kh-10oizfy\">Sk\u0142ada si\u0119 z<\/th>\n<td class=\"kh-1f5nhat\">\n<ul>\n<li class=\"kh-16zd49f\">Skrzynia bieg\u00f3w<\/li>\n<li class=\"kh-16zd49f\">Bez oleju<\/li>\n<\/ul>\n<\/td>\n<\/tr>\n<tr id=\"taMaxInputPowerKw\" class=\"kh-bwvum6\" data-test-id=\"attribute-row\">\n<th class=\"kh-10oizfy\">Maksymalna moc wej\u015bciowa<\/th>\n<td class=\"kh-1f5nhat\">\n<div class=\"kh-pkx4zo\">59 kW<\/div>\n<\/td>\n<\/tr>\n<tr id=\"taMaxOutputPowerHp\" class=\"kh-bwvum6\" data-test-id=\"attribute-row\">\n<th class=\"kh-10oizfy\">Maksymalna moc wyj\u015bciowa<\/th>\n<td class=\"kh-1f5nhat\">\n<div class=\"kh-pkx4zo\">80 KM<\/div>\n<\/td>\n<\/tr>\n<tr id=\"taConnect1OutsideDiameterInch\" class=\"kh-bwvum6\" data-test-id=\"attribute-row\">\n<th class=\"kh-10oizfy\">Przy\u0142\u0105cze 1 \u015brednica zewn\u0119trzna<\/th>\n<td class=\"kh-1f5nhat\">\n<div class=\"kh-pkx4zo\">1-3\/8 cala<\/div>\n<\/td>\n<\/tr>\n<tr id=\"taConnect1SplinesNumber\" class=\"kh-bwvum6\" data-test-id=\"attribute-row\">\n<th class=\"kh-10oizfy\">Po\u0142\u0105czenie 1 liczba rowk\u00f3w<\/th>\n<td class=\"kh-1f5nhat\">\n<div class=\"kh-pkx4zo\">6<\/div>\n<\/td>\n<\/tr>\n<tr id=\"taConnect2OutsideDiameterInch\" class=\"kh-bwvum6\" data-test-id=\"attribute-row\">\n<th class=\"kh-10oizfy\">Przy\u0142\u0105cze 2 \u015brednica zewn\u0119trzna<\/th>\n<td class=\"kh-1f5nhat\">\n<div class=\"kh-pkx4zo\">1-3\/4 cala<\/div>\n<\/td>\n<\/tr>\n<tr id=\"taConnect2SplinesNumber\" class=\"kh-bwvum6\" data-test-id=\"attribute-row\">\n<th class=\"kh-10oizfy\">Po\u0142\u0105czenie 2 liczba rowk\u00f3w<\/th>\n<td class=\"kh-1f5nhat\">\n<div class=\"kh-pkx4zo\">6<\/div>\n<\/td>\n<\/tr>\n<tr id=\"taContainsOil\" class=\"kh-bwvum6\" data-test-id=\"attribute-row\">\n<th class=\"kh-10oizfy\">Zawiera olej<\/th>\n<td class=\"kh-1f5nhat\">\n<div class=\"kh-pkx4zo\">NIE<\/div>\n<\/td>\n<\/tr>\n<tr id=\"taMaxOilCapacityL\" class=\"kh-bwvum6\" data-test-id=\"attribute-row\">\n<th class=\"kh-10oizfy\">Maksymalna pojemno\u015b\u0107 oleju<\/th>\n<td class=\"kh-1f5nhat\">\n<div class=\"kh-pkx4zo\">5,6 l<\/div>\n<\/td>\n<\/tr>\n<tr id=\"taMaxOilChangeIntervalH\" class=\"kh-bwvum6\" data-test-id=\"attribute-row\">\n<th class=\"kh-10oizfy\">Maksymalny odst\u0119p mi\u0119dzy wymianami oleju<\/th>\n<td class=\"kh-1f5nhat\">\n<div class=\"kh-pkx4zo\">500 godzin<\/div>\n<\/td>\n<\/tr>\n<tr id=\"taOilSAEViscosityGrade\" class=\"kh-bwvum6\" data-test-id=\"attribute-row\">\n<th class=\"kh-10oizfy\">Klasa lepko\u015bci oleju SAE<\/th>\n<td class=\"kh-1f5nhat\">\n<div class=\"kh-pkx4zo\">80W-90<\/div>\n<\/td>\n<\/tr>\n<tr id=\"taHousingMaterial_16\" class=\"kh-bwvum6\" data-test-id=\"attribute-row\">\n<th class=\"kh-10oizfy\">Materia\u0142 obudowy<\/th>\n<td class=\"kh-1f5nhat\">\n<div class=\"kh-pkx4zo\">\u017beliwo GG25<\/div>\n<\/td>\n<\/tr>\n<tr id=\"taWeightKg_75\" class=\"kh-bwvum6\" data-test-id=\"attribute-row\">\n<th class=\"kh-10oizfy\">Waga<\/th>\n<td class=\"kh-1f5nhat\">\n<div class=\"kh-pkx4zo\">63 kg<\/div>\n<\/td>\n<\/tr>\n<\/tbody>\n<\/table>\n<h3>Zalety stosowania przek\u0142adni poziomego mieszalnika pasz D732A<\/h3>\n<ol>\n<li><strong>Zwi\u0119kszona wydajno\u015b\u0107 mieszania<\/strong><br \/>\nPrzek\u0142adnia poziomego mieszalnika pasz D732A zosta\u0142a zaprojektowana specjalnie z my\u015bl\u0105 o doskona\u0142ej wydajno\u015bci mieszania. Dzi\u0119ki wysokiemu momentowi obrotowemu i wydajnemu przenoszeniu mocy zapewnia sp\u00f3jn\u0105 i jednorodn\u0105 mieszank\u0119 sk\u0142adnik\u00f3w paszy. Przek\u0142ada si\u0119 to na bardziej efektywne mieszanie, poprawiaj\u0105c og\u00f3ln\u0105 jako\u015b\u0107 i warto\u015b\u0107 od\u017cywcz\u0105 paszy.<\/li>\n<li><strong>Trwa\u0142a i niezawodna konstrukcja<\/strong><br \/>\nPrzek\u0142adnia zosta\u0142a wykonana z materia\u0142\u00f3w o wysokiej wytrzyma\u0142o\u015bci, kt\u00f3re wytrzymuj\u0105 trudne warunki pracy zwi\u0105zane z mieszaniem pasz. Jej solidna konstrukcja gwarantuje d\u0142ugotrwa\u0142\u0105 trwa\u0142o\u015b\u0107, nawet w trudnych warunkach pracy, redukuj\u0105c potrzeb\u0119 cz\u0119stej konserwacji lub wymiany cz\u0119\u015bci i wyd\u0142u\u017caj\u0105c og\u00f3ln\u0105 \u017cywotno\u015b\u0107 urz\u0105dzenia.<\/li>\n<li><strong>Efektywno\u015b\u0107 energetyczna<\/strong><br \/>\nPrzek\u0142adnia D732A zosta\u0142a zaprojektowana z my\u015bl\u0105 o optymalizacji zu\u017cycia energii, zapewniaj\u0105c efektywne wykorzystanie energii przy jednoczesnym zachowaniu wysokiej wydajno\u015bci. Ta energooszcz\u0119dna konstrukcja pomaga obni\u017cy\u0107 koszty eksploatacji, co czyni j\u0105 op\u0142acalnym wyborem dla firm, kt\u00f3re opieraj\u0105 swoj\u0105 dzia\u0142alno\u015b\u0107 na ci\u0105g\u0142ym mieszaniu pasz.<\/li>\n<li><strong>P\u0142ynna praca i niskie wibracje<\/strong><br \/>\nDzi\u0119ki zaawansowanej technologii, przek\u0142adnia D732A zapewnia p\u0142ynn\u0105 prac\u0119 przy minimalnych wibracjach, gwarantuj\u0105c stabiln\u0105 prac\u0119. To nie tylko zwi\u0119ksza niezawodno\u015b\u0107 mieszalnika, ale tak\u017ce przyczynia si\u0119 do komfortu i bezpiecze\u0144stwa operator\u00f3w, zmniejszaj\u0105c ryzyko awarii mechanicznych i poprawiaj\u0105c wydajno\u015b\u0107 operacyjn\u0105.<\/li>\n<li><strong>Wszechstronno\u015b\u0107 zastosowa\u0144<\/strong><br \/>\nPrzek\u0142adnia D732A nadaje si\u0119 do szerokiego zakresu zastosowa\u0144 w mieszaniu pasz. Niezale\u017cnie od tego, czy chodzi o produkcj\u0119 pasz w rolnictwie, hodowli zwierz\u0105t, czy w przemy\u015ble, przek\u0142adnia ta oferuje elastyczno\u015b\u0107, aby sprosta\u0107 zr\u00f3\u017cnicowanym potrzebom operacyjnym. Jej mo\u017cliwo\u015b\u0107 adaptacji do r\u00f3\u017cnych system\u00f3w mieszania sprawia, \u017ce \u200b\u200bjest idealnym wyborem do r\u00f3\u017cnych proces\u00f3w produkcji pasz.<\/li>\n<\/ol>\n<p>Dzi\u0119ki tym zaletom przek\u0142adnia poziomego mieszalnika pasz D732A jest cennym nabytkiem dla przedsi\u0119biorstw z sektora rolniczego, gwarantuj\u0105c optymaln\u0105 wydajno\u015b\u0107, trwa\u0142o\u015b\u0107 i efektywno\u015b\u0107 produkcji pasz.<\/p>\n<p><img loading=\"lazy\" decoding=\"async\" class=\"alignnone  wp-image-2553\" src=\"https:\/\/fmp-components.com\/wp-content\/uploads\/2025\/01\/Horizontal-Feed-Mixer-Gearbox-141.webp\" alt=\"Pozioma mieszalnik paszy z przek\u0142adni\u0105\" width=\"941\" height=\"941\" title=\"\" srcset=\"https:\/\/fmp-components.com\/wp-content\/uploads\/2025\/01\/Horizontal-Feed-Mixer-Gearbox-141.webp 941w, https:\/\/fmp-components.com\/wp-content\/uploads\/2025\/01\/Horizontal-Feed-Mixer-Gearbox-141-480x480.webp 480w\" sizes=\"(min-width: 0px) and (max-width: 480px) 480px, (min-width: 481px) 941px, 100vw\" \/><\/p>\n<h3>Kluczowe elementy przek\u0142adni poziomego mieszalnika paszy nap\u0119dzanego WOM ci\u0105gnika<\/h3>\n<ol>\n<li><strong>Wa\u0142 odbioru mocy (WOM)<\/strong><br \/>\nWa\u0142 odbioru mocy (WOM) jest kluczowym punktem po\u0142\u0105czenia mi\u0119dzy ci\u0105gnikiem a skrzyni\u0105 bieg\u00f3w mieszalnika pasz. Przenosi on moc mechaniczn\u0105 z silnika ci\u0105gnika do skrzyni bieg\u00f3w, umo\u017cliwiaj\u0105c mieszanie. Wa\u0142 odbioru mocy zapewnia p\u0142ynne przenoszenie energii, umo\u017cliwiaj\u0105c wydajn\u0105 prac\u0119 skrzyni bieg\u00f3w.<\/li>\n<li><strong>Przek\u0142adnie \u015brubowe<\/strong><br \/>\nPrzek\u0142adnia poziomego mieszalnika paszy zazwyczaj zawiera ko\u0142a z\u0119bate o z\u0119bach \u015brubowych, kt\u00f3re zapewniaj\u0105 p\u0142ynniejsz\u0105 i cichsz\u0105 prac\u0119 w por\u00f3wnaniu z innymi typami przek\u0142adni. Przek\u0142adnie te s\u0105 zaprojektowane do przenoszenia wysokich moment\u00f3w obrotowych i zapewniaj\u0105 efektywne przenoszenie mocy, redukuj\u0105c zu\u017cycie i zu\u017cycie podczas ci\u0105g\u0142ej pracy.<\/li>\n<li><strong>Mieszkania<\/strong><br \/>\nTen <strong>obudowa skrzyni bieg\u00f3w<\/strong> To zewn\u0119trzna obudowa, kt\u00f3ra zawiera wszystkie elementy wewn\u0119trzne, takie jak ko\u0142a z\u0119bate, wa\u0142y i \u0142o\u017cyska. Zazwyczaj jest wykonana z trwa\u0142ych materia\u0142\u00f3w, takich jak \u017celiwo lub stal o wysokiej wytrzyma\u0142o\u015bci, co zapewnia solidno\u015b\u0107 skrzyni bieg\u00f3w i odporno\u015b\u0107 na trudne warunki panuj\u0105ce w rolnictwie.<\/li>\n<li><strong>Namiar<\/strong><br \/>\n<strong>Namiar<\/strong> to kluczowe elementy, kt\u00f3re wspieraj\u0105 obracaj\u0105ce si\u0119 wa\u0142y i redukuj\u0105 tarcie w przek\u0142adni. Zapewniaj\u0105 p\u0142ynn\u0105 prac\u0119 i minimalizuj\u0105 zu\u017cycie, umo\u017cliwiaj\u0105c niezawodne dzia\u0142anie przek\u0142adni przez d\u0142ugi czas bez nadmiernej konserwacji.<\/li>\n<li><strong>Wa\u0142 wyj\u015bciowy<\/strong><br \/>\nTen <strong>wa\u0142 wyj\u015bciowy<\/strong> jest po\u0142\u0105czony ze \u015blimakiem mieszaj\u0105cym lub innymi elementami mieszalnika pasz. Przenosi on moc z przek\u0142adni do mechanizmu mieszaj\u0105cego, umo\u017cliwiaj\u0105c wydajne mieszanie sk\u0142adnik\u00f3w paszy. Wa\u0142 wyj\u015bciowy musi by\u0107 zaprojektowany tak, aby przenosi\u0107 moment obrotowy i pr\u0119dko\u015b\u0107 obrotow\u0105 wymagane dla optymalnej wydajno\u015bci mieszania.<\/li>\n<\/ol>\n<p>Wszystkie te kluczowe elementy wsp\u00f3\u0142pracuj\u0105 ze sob\u0105, aby zapewni\u0107 p\u0142ynn\u0105, wydajn\u0105 i niezawodn\u0105 prac\u0119 przek\u0142adni poziomego mieszalnika paszy nap\u0119dzanego przez WOM ci\u0105gnika, co przek\u0142ada si\u0119 na optymaln\u0105 wydajno\u015b\u0107 w zastosowaniach rolniczych polegaj\u0105cych na mieszaniu pasz.<\/p>\n<p><img loading=\"lazy\" decoding=\"async\" class=\"alignnone size-full wp-image-2556\" src=\"https:\/\/fmp-components.com\/wp-content\/uploads\/2025\/01\/PTO-Shaft-for-Horizontal-Feed-Mixer-Gearbox1.webp\" alt=\"Wa\u0142 odbioru mocy do poziomej skrzyni bieg\u00f3w mieszalnika paszy\" width=\"1178\" height=\"600\" title=\"\" srcset=\"https:\/\/fmp-components.com\/wp-content\/uploads\/2025\/01\/PTO-Shaft-for-Horizontal-Feed-Mixer-Gearbox1.webp 1178w, https:\/\/fmp-components.com\/wp-content\/uploads\/2025\/01\/PTO-Shaft-for-Horizontal-Feed-Mixer-Gearbox1-980x499.webp 980w, https:\/\/fmp-components.com\/wp-content\/uploads\/2025\/01\/PTO-Shaft-for-Horizontal-Feed-Mixer-Gearbox1-480x244.webp 480w\" sizes=\"(min-width: 0px) and (max-width: 480px) 480px, (min-width: 481px) and (max-width: 980px) 980px, (min-width: 981px) 1178px, 100vw\" \/><\/p>\n<h3>Zasada dzia\u0142ania przek\u0142adni maszyn mieszalnik\u00f3w pasz<\/h3>\n<p>Mieszalniki pasz odgrywaj\u0105 kluczow\u0105 rol\u0119 w mieszaniu r\u00f3\u017cnych rodzaj\u00f3w pasz dla zwierz\u0105t, zapewniaj\u0105c jednorodn\u0105 konsystencj\u0119 i warto\u015b\u0107 od\u017cywcz\u0105. Przek\u0142adnia odgrywa kluczow\u0105 rol\u0119 w nap\u0119dzaniu mechanizmu mieszania paszy. Poni\u017cej przedstawiono zasad\u0119 dzia\u0142ania przek\u0142adni w mieszalnikach pasz:<br \/>\n1. <strong>Przenoszenie mocy z ci\u0105gnika lub silnika do skrzyni bieg\u00f3w<\/strong><\/p>\n<ul>\n<li>W zale\u017cno\u015bci od konstrukcji mieszalnika pasz, przek\u0142adnia nap\u0119dzana jest albo wa\u0142kiem odbioru mocy ci\u0105gnika, albo silnikiem elektrycznym.<\/li>\n<li>W przypadku mikser\u00f3w nap\u0119dzanych za pomoc\u0105 wa\u0142u odbioru mocy (WOM), wa\u0142 WOM po\u0142\u0105czony z ci\u0105gnikiem przekazuje moc obrotow\u0105 z silnika ci\u0105gnika do skrzyni bieg\u00f3w.<\/li>\n<li>W przypadku uk\u0142ad\u00f3w nap\u0119dzanych silnikiem elektrycznym, silnik nap\u0119dza przek\u0142adni\u0119 bezpo\u015brednio za pomoc\u0105 sprz\u0119g\u0142a.<\/li>\n<\/ul>\n<p>2. <strong>Redukcja pr\u0119dko\u015bci i wzmocnienie momentu obrotowego<\/strong><\/p>\n<ul>\n<li>Przek\u0142adnia s\u0142u\u017cy do redukcji pr\u0119dko\u015bci obrotowej przy jednoczesnym zwi\u0119kszeniu momentu obrotowego. Jest to niezb\u0119dne do nap\u0119dzania ci\u0119\u017ckich \u0142opatek mieszaj\u0105cych lub \u015blimak\u00f3w wewn\u0105trz mieszalnika paszowego.<\/li>\n<li>Mechanizm przek\u0142adniowy, sk\u0142adaj\u0105cy si\u0119 zwykle z k\u00f3\u0142 z\u0119batych \u015brubowych, sto\u017ckowych lub planetarnych, zmniejsza pr\u0119dko\u015b\u0107 obrotow\u0105 \u017ar\u00f3d\u0142a zasilania i zapewnia optymaln\u0105 pr\u0119dko\u015b\u0107 wyj\u015bciow\u0105 wymagan\u0105 do mieszania.<\/li>\n<\/ul>\n<p>3. <strong>Obr\u00f3t \u015blimak\u00f3w lub \u0142opatek mieszaj\u0105cych<\/strong><\/p>\n<ul>\n<li>Wa\u0142 wyj\u015bciowy przek\u0142adni \u0142\u0105czy si\u0119 ze \u015blimakiem mieszaj\u0105cym lub \u0142opatkami, kt\u00f3re s\u0105 g\u0142\u00f3wnymi elementami odpowiedzialnymi za przemieszczanie i mieszanie sk\u0142adnik\u00f3w paszy.<\/li>\n<li>W momencie, gdy przek\u0142adnia przekazuje moc do \u015blimaka lub \u0142opatek, mechanizm mieszaj\u0105cy zaczyna si\u0119 obraca\u0107, podnosz\u0105c i obracaj\u0105c materia\u0142y wsadowe, co zapewnia r\u00f3wnomierne rozprowadzenie i dok\u0142adne wymieszanie.<\/li>\n<li>Ruch obrotowy \u015blimak\u00f3w lub ostrzy powoduje efekt \u015bcinania, kt\u00f3ry rozbija grudki sk\u0142adnik\u00f3w paszy, zapewniaj\u0105c jednolit\u0105 mieszank\u0119.<\/li>\n<\/ul>\n<p>4. <strong>Efektywne przetwarzanie materia\u0142\u00f3w<\/strong><\/p>\n<ul>\n<li>Przek\u0142adnia zapewnia sta\u0142\u0105 i mo\u017cliw\u0105 do kontrolowania pr\u0119dko\u015b\u0107 obrotow\u0105 \u015blimak\u00f3w lub ostrzy, co przek\u0142ada si\u0119 na wydajne przenoszenie materia\u0142u.<\/li>\n<li>Konstrukcja przek\u0142adni umo\u017cliwia dok\u0142adne mieszanie materia\u0142\u00f3w wsadowych bez nadmiernego obci\u0105\u017cenia lub przeci\u0105\u017cenia silnika lub wa\u0142u odbioru mocy.<\/li>\n<\/ul>\n<p>5. <strong>Ci\u0105g\u0142y przep\u0142yw mocy<\/strong><\/p>\n<ul>\n<li>Przek\u0142adnia mieszalnika paszy zapewnia ci\u0105g\u0142y przep\u0142yw mocy od wej\u015bcia (wa\u0142u odbioru mocy lub silnika) do wyj\u015bcia (mechanizmu mieszaj\u0105cego) w trakcie pracy.<\/li>\n<li>W zale\u017cno\u015bci od konstrukcji, przek\u0142adnia mo\u017ce by\u0107 wyposa\u017cona w funkcje takie jak zabezpieczenie przed przeci\u0105\u017ceniem, kt\u00f3re maj\u0105 zapewni\u0107, \u017ce nadmierne obci\u0105\u017cenie lub zablokowanie uk\u0142adu nie uszkodzi przek\u0142adni.<\/li>\n<\/ul>\n<p>Podsumowuj\u0105c, zasada dzia\u0142ania przek\u0142adni w mieszalnikach pasz polega na przeniesieniu mocy z ci\u0105gnika lub silnika do przek\u0142adni, co zmniejsza pr\u0119dko\u015b\u0107 i zwi\u0119ksza moment obrotowy nap\u0119dzaj\u0105cy \u015blimaki lub ostrza mieszaj\u0105ce. Przek\u0142adnia zapewnia wydajne i r\u00f3wnomierne mieszanie poprzez nap\u0119dzanie \u0142opat lub \u015blimak\u00f3w, zapewniaj\u0105c r\u00f3wnomierne wymieszanie sk\u0142adnik\u00f3w paszy do po\u017c\u0105danej konsystencji. Prawid\u0142owe mechanizmy smarowania i ch\u0142odzenia r\u00f3wnie\u017c przyczyniaj\u0105 si\u0119 do p\u0142ynnej pracy przek\u0142adni w ca\u0142ym procesie.<\/p>\n<p><img loading=\"lazy\" decoding=\"async\" class=\"alignnone  wp-image-2557\" src=\"https:\/\/fmp-components.com\/wp-content\/uploads\/2025\/01\/Horizontal-Feed-Mixer-Gearbox-321.webp\" alt=\"Pozioma mieszalnik paszy z przek\u0142adni\u0105\" width=\"928\" height=\"928\" title=\"\" srcset=\"https:\/\/fmp-components.com\/wp-content\/uploads\/2025\/01\/Horizontal-Feed-Mixer-Gearbox-321.webp 928w, https:\/\/fmp-components.com\/wp-content\/uploads\/2025\/01\/Horizontal-Feed-Mixer-Gearbox-321-480x480.webp 480w\" sizes=\"(min-width: 0px) and (max-width: 480px) 480px, (min-width: 481px) 928px, 100vw\" \/><\/p>\n<h3>O FMP<\/h3>\n<p>Firma FMP, z siedzib\u0105 g\u0142\u00f3wn\u0105 we W\u0142oszech, jest wiod\u0105cym producentem, znanym ze swojego do\u015bwiadczenia w projektowaniu, rozwoju i produkcji wysokowydajnych przek\u0142adni, ze szczeg\u00f3lnym uwzgl\u0119dnieniem sektora maszyn rolniczych. Dzi\u0119ki reputacji w zakresie precyzyjnej in\u017cynierii, innowacyjnych rozwi\u0105za\u0144 i niezawodnej konstrukcji, FMP sta\u0142a si\u0119 zaufanym partnerem w zaspokajaniu zmieniaj\u0105cych si\u0119 potrzeb zar\u00f3wno sektora rolniczego, jak i przemys\u0142owego. Nasza r\u00f3\u017cnorodna oferta produkt\u00f3w obejmuje specjalistyczne przek\u0142adnie do kosiarek, wa\u0142y odbioru mocy (WOM) i inne niezb\u0119dne komponenty, starannie zaprojektowane, aby zapewni\u0107 rozwi\u0105zania dostosowane do indywidualnych potrzeb w szerokim spektrum zastosowa\u0144.<\/p>\n<p>W FMP rozumiemy, \u017ce ka\u017cdy klient ma unikalne wymagania i wyzwania. Dlatego specjalizujemy si\u0119 w oferowaniu rozwi\u0105za\u0144 szytych na miar\u0119, zar\u00f3wno dla pojedynczych komponent\u00f3w, jak i w pe\u0142ni zintegrowanych system\u00f3w. \u015aci\u015ble wsp\u00f3\u0142pracujemy z naszymi klientami, aby zapewni\u0107, \u017ce ka\u017cde rozwi\u0105zanie jest nie tylko skuteczne, ale i wydajne, optymalizuj\u0105c zar\u00f3wno wydajno\u015b\u0107, jak i warto\u015b\u0107. Nasze zaanga\u017cowanie w udzielanie szybkich i profesjonalnych odpowiedzi, w po\u0142\u0105czeniu z fachowym doradztwem, gwarantuje, \u017ce ka\u017cde zapytanie jest traktowane z najwy\u017csz\u0105 staranno\u015bci\u0105 i precyzj\u0105, co prowadzi do najlepszych mo\u017cliwych rezultat\u00f3w.<\/p>\n<p>Priorytetem jest dla nas otwarta i ci\u0105g\u0142a komunikacja w ca\u0142ym procesie rozwoju produktu. Nasz zaanga\u017cowany zesp\u00f3\u0142 wsp\u00f3\u0142pracuje bezpo\u015brednio z klientami, aby w pe\u0142ni zrozumie\u0107 ich specyficzne potrzeby, oferuj\u0105c cenne spostrze\u017cenia i rekomendacje, kt\u00f3re pomog\u0105 w zapewnieniu optymalnych rozwi\u0105za\u0144. Niezale\u017cnie od tego, czy projektujemy innowacyjne produkty, czy realizujemy bie\u017c\u0105ce zam\u00f3wienia, FMP dok\u0142ada wszelkich stara\u0144, aby dostarcza\u0107 wysokiej jako\u015bci, precyzyjnie zaprojektowane rozwi\u0105zania na czas i za ka\u017cdym razem. Naszym celem jest zapewnienie klientom najlepszej obs\u0142ugi i rezultat\u00f3w, przewy\u017cszaj\u0105cych ich oczekiwania w ka\u017cdym projekcie.<\/p>\n<p>Jako\u015b\u0107 jest fundamentem dzia\u0142alno\u015bci FMP. Przestrzegamy najwy\u017cszych standard\u00f3w produkcyjnych, wdra\u017caj\u0105c rygorystyczne \u015brodki kontroli jako\u015bci, aby zapewni\u0107, \u017ce ka\u017cdy produkt nie tylko spe\u0142nia, ale wr\u0119cz przewy\u017csza standardy bran\u017cowe. To niez\u0142omne zaanga\u017cowanie w jako\u015b\u0107, w po\u0142\u0105czeniu z naszymi podstawowymi warto\u015bciami, takimi jak uczciwo\u015b\u0107, praca zespo\u0142owa i wytrwa\u0142o\u015b\u0107, pozwoli\u0142o nam zbudowa\u0107 d\u0142ugotrwa\u0142e, oparte na zaufaniu relacje z klientami w prawie 30 krajach na ca\u0142ym \u015bwiecie.<\/p>\n<p>FMP jest zawsze otwarta na globalne partnerstwa i niezmiennie oferuje fachowe doradztwo oraz rozwi\u0105zania dostosowane do indywidualnych potrzeb naszych klient\u00f3w. Nie ograniczamy si\u0119 do dostarczania produkt\u00f3w; d\u0105\u017cymy do budowania trwa\u0142ych relacji, kt\u00f3re przyczyniaj\u0105 si\u0119 do sukcesu ka\u017cdego projektu. Niezale\u017cnie od tego, czy potrzebujesz innowacyjnych rozwi\u0105za\u0144 dla nowej inicjatywy, czy sta\u0142ego wsparcia dla istniej\u0105cego systemu, FMP jest do Twojej dyspozycji, aby stawi\u0107 czo\u0142a Twoim wyzwaniom technicznym i zapewni\u0107 Ci ci\u0105g\u0142y sukces.<\/p>\n<p><img loading=\"lazy\" decoding=\"async\" class=\"alignnone size-full wp-image-1861\" src=\"https:\/\/fmp-components.com\/wp-content\/uploads\/2024\/12\/Other-Agricultural-Gearboxes.webp\" sizes=\"(min-width: 0px) and (max-width: 480px) 480px, (min-width: 481px) and (max-width: 980px) 980px, (min-width: 981px) 1200px, 100vw\" srcset=\"https:\/\/fmp-components.com\/wp-content\/uploads\/2024\/12\/Other-Agricultural-Gearboxes.webp 1200w, https:\/\/fmp-components.com\/wp-content\/uploads\/2024\/12\/Other-Agricultural-Gearboxes-980x1143.webp 980w, https:\/\/fmp-components.com\/wp-content\/uploads\/2024\/12\/Other-Agricultural-Gearboxes-480x560.webp 480w\" alt=\"Inne zmiany rolnicze\" width=\"1200\" height=\"1400\" title=\"\"><\/p>\n<p>Autor: CX<\/p>\n<p>&nbsp;<\/p>","protected":false},"excerpt":{"rendered":"<p>Horizontal Feed Mixer Gearbox D732A Dimensions Product Specifications: Product Description Horizontal Feed Mixer Gearbox-Replacement of Comer D732A Gearbox Product details Contact us for power at a different RPM The gearbox is delivered without oil and must be filled before first use. First oil change after 50-70 operating hours, then after 500-700 operating hours or at [&hellip;]<\/p>","protected":false},"featured_media":2553,"comment_status":"open","ping_status":"closed","template":"","meta":{"_et_pb_use_builder":"","_et_pb_old_content":"","_et_gb_content_width":""},"product_brand":[],"product_cat":[60],"product_tag":[],"class_list":{"0":"post-2552","1":"product","2":"type-product","3":"status-publish","4":"has-post-thumbnail","6":"product_cat-feed-mixer-gearbox","8":"first","9":"instock","10":"shipping-taxable","11":"product-type-simple"},"_links":{"self":[{"href":"https:\/\/fmp-components.com\/pl\/wp-json\/wp\/v2\/product\/2552","targetHints":{"allow":["GET"]}}],"collection":[{"href":"https:\/\/fmp-components.com\/pl\/wp-json\/wp\/v2\/product"}],"about":[{"href":"https:\/\/fmp-components.com\/pl\/wp-json\/wp\/v2\/types\/product"}],"replies":[{"embeddable":true,"href":"https:\/\/fmp-components.com\/pl\/wp-json\/wp\/v2\/comments?post=2552"}],"wp:featuredmedia":[{"embeddable":true,"href":"https:\/\/fmp-components.com\/pl\/wp-json\/wp\/v2\/media\/2553"}],"wp:attachment":[{"href":"https:\/\/fmp-components.com\/pl\/wp-json\/wp\/v2\/media?parent=2552"}],"wp:term":[{"taxonomy":"product_brand","embeddable":true,"href":"https:\/\/fmp-components.com\/pl\/wp-json\/wp\/v2\/product_brand?post=2552"},{"taxonomy":"product_cat","embeddable":true,"href":"https:\/\/fmp-components.com\/pl\/wp-json\/wp\/v2\/product_cat?post=2552"},{"taxonomy":"product_tag","embeddable":true,"href":"https:\/\/fmp-components.com\/pl\/wp-json\/wp\/v2\/product_tag?post=2552"}],"curies":[{"name":"wp","href":"https:\/\/api.w.org\/{rel}","templated":true}]}}