{"id":2536,"date":"2025-01-02T06:00:51","date_gmt":"2025-01-02T06:00:51","guid":{"rendered":"https:\/\/fmp-components.com\/?page_id=8"},"modified":"2025-01-02T06:00:51","modified_gmt":"2025-01-02T06:00:51","slug":"pga1202vm-mixing-wagon-gearboxes-replacement-of-comer-code-pga-1202","status":"publish","type":"product","link":"https:\/\/fmp-components.com\/pl\/product\/pga1202vm-mixing-wagon-gearboxes-replacement-of-comer-code-pga-1202\/","title":{"rendered":"Przek\u0142adnie wozu mieszaj\u0105cego PGA1202VM \u2013 wymiana kodu Comer PGA-1202"},"content":{"rendered":"<h2>Specyfikacja przek\u0142adni wozu mieszaj\u0105cego PGA1202VM<\/h2>\n<table style=\"width: 100%;\" border=\"1\" width=\"100%\" cellspacing=\"0\" cellpadding=\"0\">\n<tbody>\n<tr>\n<th>Opis<\/th>\n<td>Przek\u0142adnie woz\u00f3w mieszaj\u0105cych PGA1202VM \u2013 zamienniki kod\u00f3w Comer PGA-1202<\/td>\n<\/tr>\n<tr>\n<th>Specyfikacje<\/th>\n<td>Posiada specjalne \u0142o\u017cysko, do kt\u00f3rego mo\u017cna bezpo\u015brednio pod\u0142\u0105czy\u0107 wrzeciono \u015bruby.<\/td>\n<\/tr>\n<tr>\n<th>Korzy\u015bci<\/th>\n<td>Wci\u0105garka nie wymaga stosowania osobnego \u0142o\u017cyska.<\/td>\n<\/tr>\n<tr>\n<th>Aplikacja<\/th>\n<td>W\u00f3z mieszaj\u0105cy<\/td>\n<\/tr>\n<tr>\n<th>Nadaje si\u0119 do<\/th>\n<td>Mieszalnik pojedynczy 10\u201314 metr\u00f3w sze\u015bciennych, Mieszalnik podw\u00f3jny 16\u201324 metr\u00f3w sze\u015bciennych<\/td>\n<\/tr>\n<tr>\n<th>Sk\u0142ada si\u0119 z<\/th>\n<td>Skrzynia bieg\u00f3w<\/td>\n<\/tr>\n<tr>\n<th>Zam\u00f3w olej<\/th>\n<td>Zam\u00f3w olej osobno<\/td>\n<\/tr>\n<tr>\n<th>Zawiera olej<\/th>\n<td>NIE<\/td>\n<\/tr>\n<\/tbody>\n<\/table>\n<h2>Cechy przek\u0142adni maszyn mieszalnik\u00f3w pasz<\/h2>\n<p>Przek\u0142adnie w mieszalnikach pasz to niezb\u0119dne elementy zapewniaj\u0105ce prawid\u0142owe mieszanie sk\u0142adnik\u00f3w paszy w rolnictwie. Przek\u0142adnie te zosta\u0142y zaprojektowane z my\u015bl\u0105 o pracy w trudnych warunkach i zapewniaj\u0105 wydajne przenoszenie mocy, co czyni je kluczowymi dla optymalizacji procesu przygotowywania paszy. Oto kluczowe cechy przek\u0142adni w mieszalnikach pasz:<\/p>\n<p><strong>Wysoka wydajno\u015b\u0107 transmisji mocy<\/strong><\/p>\n<ul>\n<li><strong>Mocne i wydajne przenoszenie mocy:<\/strong> Przek\u0142adnie mieszalnik\u00f3w pasz zosta\u0142y zaprojektowane tak, aby przenosi\u0107 moc z WOM lub silnika ci\u0105gnika na elementy mieszaj\u0105ce (takie jak \u015blimaki lub \u0142opatki) przy minimalnych stratach energii. Gwarantuje to optymaln\u0105 prac\u0119 mieszalnika, zapewniaj\u0105c wymagan\u0105 pr\u0119dko\u015b\u0107 obrotow\u0105 i moment obrotowy.<\/li>\n<li><strong>Znaczenie:<\/strong> Maksymalna efektywno\u015b\u0107 energetyczna zapewnia p\u0142ynn\u0105 i stabiln\u0105 prac\u0119, redukuj\u0105c zu\u017cycie paliwa i koszty operacyjne.<\/li>\n<\/ul>\n<p><strong>Regulowana pr\u0119dko\u015b\u0107 i kontrola momentu obrotowego<\/strong><\/p>\n<ul>\n<li><strong>Ustawienia zmiennej pr\u0119dko\u015bci i momentu obrotowego:<\/strong> Wiele przek\u0142adni mieszalnik\u00f3w pasz oferuje regulacj\u0119 pr\u0119dko\u015bci i momentu obrotowego. Ta elastyczno\u015b\u0107 pozwala operatorowi dostosowa\u0107 pr\u0119dko\u015b\u0107 mieszania do r\u00f3\u017cnych rodzaj\u00f3w pasz, od gruboziarnistej masy suchej po mokre, w\u0142\u00f3kniste sk\u0142adniki.<\/li>\n<li><strong>Znaczenie:<\/strong> Precyzyjna kontrola pr\u0119dko\u015bci i momentu obrotowego zapewnia dok\u0142adne mieszanie, dzi\u0119ki czemu uzyskuje si\u0119 bardziej jednolit\u0105 mieszank\u0119 paszow\u0105, co jest niezb\u0119dne do zbilansowanego \u017cywienia zwierz\u0105t.<\/li>\n<\/ul>\n<p><strong>Trwa\u0142o\u015b\u0107 i solidna konstrukcja<\/strong><\/p>\n<ul>\n<li><strong>Konstrukcja o du\u017cej wytrzyma\u0142o\u015bci:<\/strong> Przek\u0142adnie mieszalnik\u00f3w pasz s\u0105 zaprojektowane tak, aby wytrzyma\u0107 du\u017ce obci\u0105\u017cenia i trudne warunki pracy typowe dla rolnictwa. Wykonane s\u0105 z trwa\u0142ych materia\u0142\u00f3w, w tym wysokiej jako\u015bci stali i wzmocnionych k\u00f3\u0142 z\u0119batych, co zapewnia d\u0142ugotrwa\u0142\u0105 wydajno\u015b\u0107.<\/li>\n<li><strong>Znaczenie:<\/strong> Trwa\u0142o\u015b\u0107 zapewnia, \u017ce \u200b\u200bskrzynia bieg\u00f3w mo\u017ce pracowa\u0107 w trybie ci\u0105g\u0142ym i jest odporna na zu\u017cycie i uszkodzenia wyst\u0119puj\u0105ce w \u015brodowisku rolniczym, co zmniejsza cz\u0119stotliwo\u015b\u0107 konserwacji i napraw.<\/li>\n<\/ul>\n<p><strong>Kompaktowa i oszcz\u0119dzaj\u0105ca miejsce konstrukcja<\/strong><\/p>\n<ul>\n<li><strong>Kompaktowa konstrukcja:<\/strong> Przek\u0142adnie mieszalnik\u00f3w pasz zaprojektowano z my\u015bl\u0105 o oszcz\u0119dno\u015bci miejsca, zapewniaj\u0105c ich bezproblemow\u0105 integracj\u0119 z ograniczon\u0105 przestrzeni\u0105 wozu paszowego. Pomimo kompaktowych rozmiar\u00f3w, przek\u0142adnie te zapewniaj\u0105 znaczn\u0105 moc i moment obrotowy, co przek\u0142ada si\u0119 na wydajne mieszanie.<\/li>\n<li><strong>Znaczenie:<\/strong> Kompaktowa konstrukcja pozwala na \u0142atw\u0105 instalacj\u0119 i konserwacj\u0119, szczeg\u00f3lnie w przypadku maszyn o ograniczonej przestrzeni.<\/li>\n<\/ul>\n<p><strong>P\u0142ynna i cicha praca<\/strong><\/p>\n<ul>\n<li><strong>Praca o niskim poziomie ha\u0142asu:<\/strong> Nowoczesne przek\u0142adnie mieszalnik\u00f3w pasz s\u0105 projektowane z my\u015bl\u0105 o p\u0142ynnej i cichej pracy. Redukcj\u0119 ha\u0142asu osi\u0105gni\u0119to dzi\u0119ki precyzyjnej konstrukcji, lepszemu smarowaniu i zoptymalizowanej konstrukcji przek\u0142adni.<\/li>\n<li><strong>Znaczenie:<\/strong> Zmniejszony ha\u0142as nie tylko poprawia komfort operatora, ale tak\u017ce zmniejsza zu\u017cycie przek\u0142adni, zwi\u0119kszaj\u0105c jej \u017cywotno\u015b\u0107 i zmniejszaj\u0105c potrzeby konserwacyjne.<\/li>\n<\/ul>\n<p>Przek\u0142adnie w mieszalnikach pasz zosta\u0142y zaprojektowane z wykorzystaniem licznych zaawansowanych funkcji, aby zapewni\u0107 ich wydajn\u0105 i niezawodn\u0105 prac\u0119 w trudnych warunkach rolniczych. Od wysokiej sprawno\u015bci przek\u0142adni i regulowanej kontroli pr\u0119dko\u015bci, po trwa\u0142o\u015b\u0107, mechanizmy bezpiecze\u0144stwa i \u0142atwo\u015b\u0107 konserwacji \u2013 te cechy sprawiaj\u0105, \u017ce przek\u0142adnie w mieszalnikach pasz s\u0105 niezb\u0119dne do wydajnej produkcji paszy. Ich zdolno\u015b\u0107 do zapewnienia p\u0142ynnego, r\u00f3wnomiernego mieszania, przy jednoczesnym zachowaniu bezpiecze\u0144stwa i niezawodno\u015bci, jest kluczowa dla utrzymania optymalnego \u017cywienia zwierz\u0105t i poprawy wydajno\u015bci gospodarstwa.<\/p>\n<p><img loading=\"lazy\" decoding=\"async\" class=\"alignnone size-full wp-image-2539\" src=\"https:\/\/fmp-components.com\/wp-content\/uploads\/2025\/01\/Feed-Mixer-Gearboxes-in-Mixing-Wagon-21.webp\" alt=\"Przek\u0142adnie do mieszalnik\u00f3w pasz w wozie mieszaj\u0105cym\" width=\"1024\" height=\"683\" title=\"\" srcset=\"https:\/\/fmp-components.com\/wp-content\/uploads\/2025\/01\/Feed-Mixer-Gearboxes-in-Mixing-Wagon-21.webp 1024w, https:\/\/fmp-components.com\/wp-content\/uploads\/2025\/01\/Feed-Mixer-Gearboxes-in-Mixing-Wagon-21-980x654.webp 980w, https:\/\/fmp-components.com\/wp-content\/uploads\/2025\/01\/Feed-Mixer-Gearboxes-in-Mixing-Wagon-21-480x320.webp 480w\" sizes=\"(min-width: 0px) and (max-width: 480px) 480px, (min-width: 481px) and (max-width: 980px) 980px, (min-width: 981px) 1024px, 100vw\" \/><\/p>\n<h2>Wa\u0142 przegubowo-teleskopowy do maszyn rolniczych, przek\u0142adnie do mieszalnik\u00f3w pasz<\/h2>\n<p>Wa\u0142 odbioru mocy (WOM) to kluczowy element \u0142\u0105cz\u0105cy ci\u0105gnik lub inne \u017ar\u00f3d\u0142a nap\u0119du z maszynami rolniczymi, w tym z mieszalniami pasz. Wa\u0142 odbioru mocy przekazuje moc mechaniczn\u0105 do przek\u0142adni mieszalnika pasz, umo\u017cliwiaj\u0105c proces mieszania i optymalne przygotowanie paszy. Oto szczeg\u00f3\u0142owe om\u00f3wienie rolniczego wa\u0142u odbioru mocy i jego roli w mieszalniach pasz:<\/p>\n<p><strong>Wydajne przenoszenie mocy<\/strong><\/p>\n<ul>\n<li><strong>Funkcjonalno\u015b\u0107:<\/strong> Podstawow\u0105 rol\u0105 wa\u0142u odbioru mocy (WOM) jest przeniesienie mocy z ci\u0105gnika lub innego nap\u0119du g\u0142\u00f3wnego do przek\u0142adni mieszalnika pasz. Zapewnia to, \u017ce przek\u0142adnia otrzymuje niezb\u0119dn\u0105 energi\u0119 obrotow\u0105 do nap\u0119dzania \u015blimak\u00f3w lub \u0142opatek w mieszalniku.<\/li>\n<li><strong>Znaczenie:<\/strong> Wydajne przeniesienie mocy zapewnia, \u017ce \u200b\u200bmieszalnik pracuje z odpowiedni\u0105 pr\u0119dko\u015bci\u0105 i momentem obrotowym, zapewniaj\u0105c optymaln\u0105 wydajno\u015b\u0107 mieszania. Pomaga to zapobiega\u0107 stratom energii, co przek\u0142ada si\u0119 na lepsz\u0105 efektywno\u015b\u0107 paliwow\u0105 i og\u00f3ln\u0105 wydajno\u015b\u0107 systemu mieszania.<\/li>\n<\/ul>\n<p><strong>Ci\u0119\u017cka konstrukcja<\/strong><\/p>\n<ul>\n<li><strong>Trwa\u0142o\u015b\u0107:<\/strong> Wa\u0142y odbioru mocy (WOM) do maszyn rolniczych s\u0105 zaprojektowane tak, aby wytrzymywa\u0107 du\u017ce obci\u0105\u017cenia, wibracje i trudne warunki \u015brodowiskowe, cz\u0119sto wyst\u0119puj\u0105ce w rolnictwie. Wykonane s\u0105 z wysokowytrzyma\u0142ej stali i zaprojektowane tak, aby wytrzymywa\u0142y ci\u0105g\u0142\u0105 prac\u0119 w trudnych warunkach rolniczych.<\/li>\n<li><strong>Znaczenie:<\/strong> Solidna konstrukcja gwarantuje, \u017ce wa\u0142 odbioru mocy mo\u017ce wytrzyma\u0107 obci\u0105\u017cenia wyst\u0119puj\u0105ce podczas podawania materia\u0142u do mieszalnika, zapewniaj\u0105c jednocze\u015bnie niezawodne przenoszenie mocy, co zmniejsza ryzyko awarii i wyd\u0142u\u017ca \u017cywotno\u015b\u0107 urz\u0105dzenia.<\/li>\n<\/ul>\n<p><strong>\u0141atwe pod\u0142\u0105czanie i od\u0142\u0105czanie<\/strong><\/p>\n<ul>\n<li><strong>Wygoda:<\/strong> Wa\u0142 odbioru mocy (WOM) zosta\u0142 zaprojektowany z my\u015bl\u0105 o szybkim i \u0142atwym pod\u0142\u0105czeniu do ci\u0105gnika i skrzyni bieg\u00f3w mieszalnika pasz. Wiele modeli jest wyposa\u017conych w mechanizm szybkiej blokady, kt\u00f3ry zapewnia bezpieczne po\u0142\u0105czenie i upraszcza proces pod\u0142\u0105czania i od\u0142\u0105czania wa\u0142u.<\/li>\n<li><strong>Znaczenie:<\/strong> \u0141atwo\u015b\u0107 u\u017cytkowania skraca przestoje, dzi\u0119ki czemu operatorzy mog\u0105 szybko ustawi\u0107 i roz\u0142\u0105czy\u0107 wa\u0142ek odbioru mocy, gdy zajdzie taka potrzeba, co zwi\u0119ksza og\u00f3ln\u0105 wydajno\u015b\u0107 operacyjn\u0105.<\/li>\n<\/ul>\n<p><strong>Regulowana d\u0142ugo\u015b\u0107 dla wszechstronno\u015bci<\/strong><\/p>\n<ul>\n<li><strong>Personalizacja:<\/strong> Wa\u0142y odbioru mocy (WOM) s\u0105 dost\u0119pne w r\u00f3\u017cnych d\u0142ugo\u015bciach, aby pasowa\u0107 do r\u00f3\u017cnych typ\u00f3w maszyn rolniczych. Regulowana d\u0142ugo\u015b\u0107 pozwala na dopasowanie wa\u0142u do r\u00f3\u017cnych modeli woz\u00f3w paszowych i ci\u0105gnik\u00f3w o r\u00f3\u017cnych rozmiarach.<\/li>\n<li><strong>Znaczenie:<\/strong> Taka elastyczno\u015b\u0107 pozwala na zastosowanie wa\u0142u odbioru mocy w szerokiej gamie maszyn do mieszania pasz i ci\u0105gnik\u00f3w, co czyni go wszechstronnym i \u0142atwym do adaptacji elementem w r\u00f3\u017cnych rodzajach gospodarstw rolnych.<\/li>\n<\/ul>\n<p><strong>P\u0142ynna praca<\/strong><\/p>\n<ul>\n<li><strong>R\u00f3wnowaga i redukcja wibracji:<\/strong> Wa\u0142y odbioru mocy (WOM) zosta\u0142y zaprojektowane z precyzj\u0105, aby zapewni\u0107 p\u0142ynn\u0105 prac\u0119 poprzez minimalizacj\u0119 drga\u0144 i utrzymanie r\u00f3wnowagi podczas pracy. Niekt\u00f3re wa\u0142y s\u0105 wyposa\u017cone w przeguby krzy\u017cakowe, kt\u00f3re poch\u0142aniaj\u0105 obci\u0105\u017cenia udarowe, zapewniaj\u0105c sta\u0142y moment obrotowy w przek\u0142adni mieszalnika pasz.<\/li>\n<li><strong>Znaczenie:<\/strong> P\u0142ynna praca zmniejsza zu\u017cycie maszyn, zwi\u0119ksza komfort operatora i wyd\u0142u\u017ca \u017cywotno\u015b\u0107 wa\u0142u odbioru mocy oraz przek\u0142adni mieszalnika pasz.<\/li>\n<\/ul>\n<p>Rolniczy wa\u0142ek odbioru mocy (WOM) do przek\u0142adni w mieszalnikach pasz jest niezb\u0119dnym elementem przenosz\u0105cym moc z ci\u0105gnika na mieszalnik. Zapewnia on wydajn\u0105 i efektywn\u0105 prac\u0119 mieszalnika, zapewniaj\u0105c r\u00f3wnomierne i dok\u0142adne mieszanie sk\u0142adnik\u00f3w paszy. Dzi\u0119ki wytrzyma\u0142ej konstrukcji, \u0142atwo\u015bci u\u017cytkowania, wszechstronno\u015bci i funkcjom bezpiecze\u0144stwa, wa\u0142ek odbioru mocy odgrywa kluczow\u0105 rol\u0119 w zapewnieniu trwa\u0142o\u015bci, wydajno\u015bci i niezawodno\u015bci systemu mieszalnika pasz. Wybieraj\u0105c odpowiedni wa\u0142ek odbioru mocy, rolnicy mog\u0105 zwi\u0119kszy\u0107 wydajno\u015b\u0107, obni\u017cy\u0107 koszty konserwacji i zapewni\u0107 p\u0142ynne dzia\u0142anie podczas przygotowywania paszy.<\/p>\n<p><img loading=\"lazy\" decoding=\"async\" class=\"alignnone size-full wp-image-2540\" src=\"https:\/\/fmp-components.com\/wp-content\/uploads\/2025\/01\/Feed-Mixer-Gearbox-for-Mixing-Wagon-Working-Principle.webp\" alt=\"Zasada dzia\u0142ania mieszalnika pasz dla wozu paszowego\" width=\"1024\" height=\"592\" title=\"\" srcset=\"https:\/\/fmp-components.com\/wp-content\/uploads\/2025\/01\/Feed-Mixer-Gearbox-for-Mixing-Wagon-Working-Principle.webp 1024w, https:\/\/fmp-components.com\/wp-content\/uploads\/2025\/01\/Feed-Mixer-Gearbox-for-Mixing-Wagon-Working-Principle-980x567.webp 980w, https:\/\/fmp-components.com\/wp-content\/uploads\/2025\/01\/Feed-Mixer-Gearbox-for-Mixing-Wagon-Working-Principle-480x278.webp 480w\" sizes=\"(min-width: 0px) and (max-width: 480px) 480px, (min-width: 481px) and (max-width: 980px) 980px, (min-width: 981px) 1024px, 100vw\" \/><\/p>\n<h3>O FMP<\/h3>\n<p>Firma FMP, z siedzib\u0105 g\u0142\u00f3wn\u0105 we W\u0142oszech, jest wiod\u0105cym producentem, znanym ze swojego do\u015bwiadczenia w projektowaniu, rozwoju i produkcji wysokowydajnych przek\u0142adni, ze szczeg\u00f3lnym uwzgl\u0119dnieniem sektora maszyn rolniczych. Dzi\u0119ki reputacji w zakresie precyzyjnej in\u017cynierii, innowacyjnych rozwi\u0105za\u0144 i niezawodnej konstrukcji, FMP sta\u0142a si\u0119 zaufanym partnerem w zaspokajaniu zmieniaj\u0105cych si\u0119 potrzeb zar\u00f3wno sektora rolniczego, jak i przemys\u0142owego. Nasza r\u00f3\u017cnorodna oferta produkt\u00f3w obejmuje specjalistyczne przek\u0142adnie do kosiarek, wa\u0142y odbioru mocy (WOM) i inne niezb\u0119dne komponenty, starannie zaprojektowane, aby zapewni\u0107 rozwi\u0105zania dostosowane do indywidualnych potrzeb w szerokim spektrum zastosowa\u0144.<\/p>\n<p>W FMP rozumiemy, \u017ce ka\u017cdy klient ma unikalne wymagania i wyzwania. Dlatego specjalizujemy si\u0119 w oferowaniu rozwi\u0105za\u0144 szytych na miar\u0119, zar\u00f3wno dla pojedynczych komponent\u00f3w, jak i w pe\u0142ni zintegrowanych system\u00f3w. \u015aci\u015ble wsp\u00f3\u0142pracujemy z naszymi klientami, aby zapewni\u0107, \u017ce ka\u017cde rozwi\u0105zanie jest nie tylko skuteczne, ale i wydajne, optymalizuj\u0105c zar\u00f3wno wydajno\u015b\u0107, jak i warto\u015b\u0107. Nasze zaanga\u017cowanie w udzielanie szybkich i profesjonalnych odpowiedzi, w po\u0142\u0105czeniu z fachowym doradztwem, gwarantuje, \u017ce ka\u017cde zapytanie jest traktowane z najwy\u017csz\u0105 staranno\u015bci\u0105 i precyzj\u0105, co prowadzi do najlepszych mo\u017cliwych rezultat\u00f3w.<\/p>\n<p>Priorytetem jest dla nas otwarta i ci\u0105g\u0142a komunikacja w ca\u0142ym procesie rozwoju produktu. Nasz zaanga\u017cowany zesp\u00f3\u0142 wsp\u00f3\u0142pracuje bezpo\u015brednio z klientami, aby w pe\u0142ni zrozumie\u0107 ich specyficzne potrzeby, oferuj\u0105c cenne spostrze\u017cenia i rekomendacje, kt\u00f3re pomog\u0105 w zapewnieniu optymalnych rozwi\u0105za\u0144. Niezale\u017cnie od tego, czy projektujemy innowacyjne produkty, czy realizujemy bie\u017c\u0105ce zam\u00f3wienia, FMP dok\u0142ada wszelkich stara\u0144, aby dostarcza\u0107 wysokiej jako\u015bci, precyzyjnie zaprojektowane rozwi\u0105zania na czas i za ka\u017cdym razem. Naszym celem jest zapewnienie klientom najlepszej obs\u0142ugi i rezultat\u00f3w, przewy\u017cszaj\u0105cych ich oczekiwania w ka\u017cdym projekcie.<\/p>\n<p>Jako\u015b\u0107 jest fundamentem dzia\u0142alno\u015bci FMP. Przestrzegamy najwy\u017cszych standard\u00f3w produkcyjnych, wdra\u017caj\u0105c rygorystyczne \u015brodki kontroli jako\u015bci, aby zapewni\u0107, \u017ce ka\u017cdy produkt nie tylko spe\u0142nia, ale wr\u0119cz przewy\u017csza standardy bran\u017cowe. To niez\u0142omne zaanga\u017cowanie w jako\u015b\u0107, w po\u0142\u0105czeniu z naszymi podstawowymi warto\u015bciami, takimi jak uczciwo\u015b\u0107, praca zespo\u0142owa i wytrwa\u0142o\u015b\u0107, pozwoli\u0142o nam zbudowa\u0107 d\u0142ugotrwa\u0142e, oparte na zaufaniu relacje z klientami w prawie 30 krajach na ca\u0142ym \u015bwiecie.<\/p>\n<p>FMP jest zawsze otwarta na globalne partnerstwa i niezmiennie oferuje fachowe doradztwo oraz rozwi\u0105zania dostosowane do indywidualnych potrzeb naszych klient\u00f3w. Nie ograniczamy si\u0119 do dostarczania produkt\u00f3w; d\u0105\u017cymy do budowania trwa\u0142ych relacji, kt\u00f3re przyczyniaj\u0105 si\u0119 do sukcesu ka\u017cdego projektu. Niezale\u017cnie od tego, czy potrzebujesz innowacyjnych rozwi\u0105za\u0144 dla nowej inicjatywy, czy sta\u0142ego wsparcia dla istniej\u0105cego systemu, FMP jest do Twojej dyspozycji, aby stawi\u0107 czo\u0142a Twoim wyzwaniom technicznym i zapewni\u0107 Ci ci\u0105g\u0142y sukces.<\/p>\n<p><img loading=\"lazy\" decoding=\"async\" class=\"alignnone size-full wp-image-1861\" src=\"https:\/\/fmp-components.com\/wp-content\/uploads\/2024\/12\/Other-Agricultural-Gearboxes.webp\" sizes=\"(min-width: 0px) and (max-width: 480px) 480px, (min-width: 481px) and (max-width: 980px) 980px, (min-width: 981px) 1200px, 100vw\" srcset=\"https:\/\/fmp-components.com\/wp-content\/uploads\/2024\/12\/Other-Agricultural-Gearboxes.webp 1200w, https:\/\/fmp-components.com\/wp-content\/uploads\/2024\/12\/Other-Agricultural-Gearboxes-980x1143.webp 980w, https:\/\/fmp-components.com\/wp-content\/uploads\/2024\/12\/Other-Agricultural-Gearboxes-480x560.webp 480w\" alt=\"Inne zmiany rolnicze\" width=\"1200\" height=\"1400\" title=\"\"><\/p>\n<p>Autor: CX<\/p>","protected":false},"excerpt":{"rendered":"<p>PGA1202VM Mixing wagon Gearboxes Specification Description PGA1202VM Mixing Wagon Gearboxes &#8211; Replacement of Comer Code PGA-1202 Specifications Has a special bearing complete where the screw spindle can be directly connected. Benefits No separate bearing complete required for the winch. Application Mixing wagon Suitable For Single mixer 10\u201314 cubic metres, Double mixer 16\u201324 cubic metres Consists [&hellip;]<\/p>","protected":false},"featured_media":2544,"comment_status":"open","ping_status":"closed","template":"","meta":{"_et_pb_use_builder":"","_et_pb_old_content":"","_et_gb_content_width":""},"product_brand":[],"product_cat":[60],"product_tag":[],"class_list":{"0":"post-2536","1":"product","2":"type-product","3":"status-publish","4":"has-post-thumbnail","6":"product_cat-feed-mixer-gearbox","8":"first","9":"instock","10":"shipping-taxable","11":"product-type-simple"},"_links":{"self":[{"href":"https:\/\/fmp-components.com\/pl\/wp-json\/wp\/v2\/product\/2536","targetHints":{"allow":["GET"]}}],"collection":[{"href":"https:\/\/fmp-components.com\/pl\/wp-json\/wp\/v2\/product"}],"about":[{"href":"https:\/\/fmp-components.com\/pl\/wp-json\/wp\/v2\/types\/product"}],"replies":[{"embeddable":true,"href":"https:\/\/fmp-components.com\/pl\/wp-json\/wp\/v2\/comments?post=2536"}],"wp:featuredmedia":[{"embeddable":true,"href":"https:\/\/fmp-components.com\/pl\/wp-json\/wp\/v2\/media\/2544"}],"wp:attachment":[{"href":"https:\/\/fmp-components.com\/pl\/wp-json\/wp\/v2\/media?parent=2536"}],"wp:term":[{"taxonomy":"product_brand","embeddable":true,"href":"https:\/\/fmp-components.com\/pl\/wp-json\/wp\/v2\/product_brand?post=2536"},{"taxonomy":"product_cat","embeddable":true,"href":"https:\/\/fmp-components.com\/pl\/wp-json\/wp\/v2\/product_cat?post=2536"},{"taxonomy":"product_tag","embeddable":true,"href":"https:\/\/fmp-components.com\/pl\/wp-json\/wp\/v2\/product_tag?post=2536"}],"curies":[{"name":"wp","href":"https:\/\/api.w.org\/{rel}","templated":true}]}}