{"id":2523,"date":"2025-01-02T03:45:19","date_gmt":"2025-01-02T03:45:19","guid":{"rendered":"https:\/\/fmp-components.com\/?page_id=8"},"modified":"2025-01-02T03:59:23","modified_gmt":"2025-01-02T03:59:23","slug":"round-baler-gearbox-fmp2100-t3-for-round-baler-and-harvester","status":"publish","type":"product","link":"https:\/\/fmp-components.com\/pl\/product\/round-baler-gearbox-fmp2100-t3-for-round-baler-and-harvester\/","title":{"rendered":"Przek\u0142adnia prasy zwijaj\u0105cej FMP2100-T3 do prasy zwijaj\u0105cej i kombajnu"},"content":{"rendered":"<p><img loading=\"lazy\" decoding=\"async\" class=\"size-full wp-image-2524 aligncenter\" src=\"https:\/\/fmp-components.com\/wp-content\/uploads\/2025\/01\/Round-Baler-Gearbox-EP2100-T31.webp\" alt=\"Przek\u0142adnia prasy okr\u0105g\u0142ej FMP2100-T3(1)\" width=\"600\" height=\"600\" title=\"\" srcset=\"https:\/\/fmp-components.com\/wp-content\/uploads\/2025\/01\/Round-Baler-Gearbox-EP2100-T31.webp 600w, https:\/\/fmp-components.com\/wp-content\/uploads\/2025\/01\/Round-Baler-Gearbox-EP2100-T31-480x480.webp 480w\" sizes=\"(min-width: 0px) and (max-width: 480px) 480px, (min-width: 481px) 600px, 100vw\" \/><\/p>\n<h2>Dane techniczne przek\u0142adni prasy roluj\u0105cej FMP2100-T3<\/h2>\n<table style=\"width: 93.8969%; height: 116px;\" border=\"1\" cellspacing=\"0\" cellpadding=\"0\">\n<tbody>\n<tr style=\"height: 23px;\">\n<td style=\"height: 46px; width: 15.8921%;\" colspan=\"2\" rowspan=\"2\">I<\/td>\n<td style=\"height: 46px; width: 25.3373%;\" rowspan=\"2\">Odpowiedni<\/td>\n<td style=\"height: 23px; width: 9.89505%;\">Wej\u015bcie obr.\/min<\/td>\n<td style=\"height: 23px; width: 11.0945%;\">Wyj\u015bcie obr.\/min<\/td>\n<td style=\"height: 23px; width: 9.44528%;\">KW(Nom)<\/td>\n<td style=\"height: 23px; width: 13.0435%;\">Moment wyj\u015bciowy<\/td>\n<td style=\"height: 46px; width: 45.2774%;\" rowspan=\"2\">Uz\u0119bienie<\/td>\n<\/tr>\n<tr style=\"height: 23px;\">\n<td style=\"height: 23px; width: 9.89505%;\">obr.\/min<\/td>\n<td style=\"height: 23px; width: 11.0945%;\">obr.\/min<\/td>\n<td style=\"height: 23px; width: 9.44528%;\">KM<\/td>\n<td style=\"height: 23px; width: 13.0435%;\">Nm<\/td>\n<\/tr>\n<tr style=\"height: 47px;\">\n<td style=\"height: 47px; width: 10.3448%;\">Zmniejsza\u0107 pr\u0119dko\u015b\u0107<\/td>\n<td style=\"height: 47px; width: 5.54723%;\">2.1 :1<\/td>\n<td style=\"height: 47px; width: 25.3373%;\">Prasa okr\u0105g\u0142a, kombajn itp.<\/td>\n<td style=\"height: 47px; width: 9.89505%;\">540<\/td>\n<td style=\"height: 47px; width: 11.0945%;\">257<\/td>\n<td style=\"height: 47px; width: 9.44528%;\">80<\/td>\n<td style=\"height: 47px; width: 13.0435%;\">100<\/td>\n<td style=\"height: 47px; width: 45.2774%;\">Helikalny Gleasona<br \/>\nZ\u0119by<\/td>\n<\/tr>\n<tr style=\"height: 23px;\">\n<td style=\"height: 23px; width: 129.985%;\" colspan=\"8\">Uwaga: Je\u015bli masz jakie\u015b specjalne \u017cyczenia, daj mi zna\u0107, realizujemy r\u00f3wnie\u017c zam\u00f3wienia niestandardowe.<\/td>\n<\/tr>\n<\/tbody>\n<\/table>\n<h2>Struktura podzespo\u0142\u00f3w przek\u0142adni prasy okr\u0105g\u0142ej FMP2100-T3<\/h2>\n<p>Przek\u0142adnia prasy roluj\u0105cej FMP2100-T3 zosta\u0142a zaprojektowana z my\u015bl\u0105 o wysokiej wydajno\u015bci i niezawodno\u015bci w wymagaj\u0105cych zastosowaniach rolniczych. Przek\u0142adnia charakteryzuje si\u0119 przemy\u015blan\u0105 konstrukcj\u0105 podzespo\u0142\u00f3w, zapewniaj\u0105c\u0105 optymalne funkcjonowanie i trwa\u0142o\u015b\u0107. Poni\u017cej przedstawiono opis jej kluczowych komponent\u00f3w:<\/p>\n<p><strong>Obudowa skrzyni bieg\u00f3w<\/strong><\/p>\n<ul>\n<li>Materia\u0142: Wykonany z wytrzyma\u0142ego \u017celiwa lub stali, co gwarantuje solidno\u015b\u0107 i odporno\u015b\u0107 na zu\u017cycie i napr\u0119\u017cenia.<\/li>\n<li>Funkcja: Os\u0142ania wewn\u0119trzne podzespo\u0142y, zapewniaj\u0105c ochron\u0119 przed uszkodzeniami zewn\u0119trznymi i gwarantuj\u0105c p\u0142ynn\u0105 prac\u0119.<\/li>\n<\/ul>\n<p><strong>Wa\u0142 wej\u015bciowy<\/strong><\/p>\n<ul>\n<li>Materia\u0142: Stal o wysokiej wytrzyma\u0142o\u015bci.<\/li>\n<li>Funkcja: Przenosi moc obrotow\u0105 z WOM ci\u0105gnika na ko\u0142a z\u0119bate wewn\u0119trzne skrzyni bieg\u00f3w.<\/li>\n<\/ul>\n<p><strong>Wa\u0142 wyj\u015bciowy<\/strong><\/p>\n<ul>\n<li>Materia\u0142: Stal hartowana.<\/li>\n<li>Funkcja: przekazuje moc ze skrzyni bieg\u00f3w do mechanizm\u00f3w roboczych prasy, gwarantuj\u0105c wydajne przekazywanie energii podczas takich operacji jak formowanie bel.<\/li>\n<\/ul>\n<p><strong>Ko\u0142a z\u0119bate<\/strong><\/p>\n<ul>\n<li>Materia\u0142: Stal stopowa, poddana obr\u00f3bce zapewniaj\u0105cej zwi\u0119kszon\u0105 trwa\u0142o\u015b\u0107 i odporno\u015b\u0107 na zu\u017cycie.<\/li>\n<li>Funkcja: Przek\u0142adnie wewn\u0119trzne (np. sto\u017ckowe lub walcowe) u\u0142atwiaj\u0105 przenoszenie mocy i momentu obrotowego, zapewniaj\u0105c w\u0142a\u015bciwe pr\u0119dko\u015bci obrotowe podzespo\u0142\u00f3w prasy.<\/li>\n<\/ul>\n<p><strong>Namiar<\/strong><\/p>\n<ul>\n<li>Materia\u0142: Wysokiej jako\u015bci \u0142o\u017cyska przeznaczone do maszyn rolniczych.<\/li>\n<li>Funkcja: Wsparcie wa\u0142\u00f3w i przek\u0142adni, zapewniaj\u0105ce p\u0142ynn\u0105 prac\u0119 i redukuj\u0105ce tarcie, co wyd\u0142u\u017ca \u017cywotno\u015b\u0107.<\/li>\n<\/ul>\n<p>Komponenty przek\u0142adni prasy roluj\u0105cej FMP2100-T3 zaprojektowano z dba\u0142o\u015bci\u0105 o szczeg\u00f3\u0142y, aby sprosta\u0107 trudnym warunkom eksploatacji w rolnictwie, a jednocze\u015bnie zapewni\u0107 wydajne przenoszenie mocy, co przek\u0142ada si\u0119 na optymaln\u0105 wydajno\u015b\u0107 prasy.<\/p>\n<table style=\"width: 101.691%; height: 5px;\" width=\"136\">\n<tbody>\n<tr style=\"height: 23px;\">\n<td style=\"height: 23px; width: 49.5218%;\" width=\"72\"><img loading=\"lazy\" decoding=\"async\" class=\"alignnone size-full wp-image-2526\" src=\"https:\/\/fmp-components.com\/wp-content\/uploads\/2025\/01\/Round-Baler-Gearbox-EP2100-T3-Agricultural-Applications-2-980x6321-1.webp\" alt=\"Przek\u0142adnia prasy okr\u0105g\u0142ej\" width=\"980\" height=\"632\" title=\"\" srcset=\"https:\/\/fmp-components.com\/wp-content\/uploads\/2025\/01\/Round-Baler-Gearbox-EP2100-T3-Agricultural-Applications-2-980x6321-1.webp 980w, https:\/\/fmp-components.com\/wp-content\/uploads\/2025\/01\/Round-Baler-Gearbox-EP2100-T3-Agricultural-Applications-2-980x6321-1-480x310.webp 480w\" sizes=\"(min-width: 0px) and (max-width: 480px) 480px, (min-width: 481px) 980px, 100vw\" \/><\/td>\n<td style=\"height: 23px; width: 49.8406%;\" width=\"64\"><img loading=\"lazy\" decoding=\"async\" class=\"alignnone size-full wp-image-2525\" src=\"https:\/\/fmp-components.com\/wp-content\/uploads\/2025\/01\/Round-Baler-Gearbox-EP2100-T3-Agricultural-Applications-1-980x6321-1.webp\" alt=\"Przek\u0142adnia prasy zwijaj\u0105cej EP2100 T3 do zastosowa\u0144 rolniczych 1\" width=\"980\" height=\"632\" title=\"\" srcset=\"https:\/\/fmp-components.com\/wp-content\/uploads\/2025\/01\/Round-Baler-Gearbox-EP2100-T3-Agricultural-Applications-1-980x6321-1.webp 980w, https:\/\/fmp-components.com\/wp-content\/uploads\/2025\/01\/Round-Baler-Gearbox-EP2100-T3-Agricultural-Applications-1-980x6321-1-480x310.webp 480w\" sizes=\"(min-width: 0px) and (max-width: 480px) 480px, (min-width: 481px) 980px, 100vw\" \/><\/td>\n<\/tr>\n<\/tbody>\n<\/table>\n<h2>Zalety stosowania przek\u0142adni prasy zwijaj\u0105cej FMP2100-T3<\/h2>\n<p>Przek\u0142adnia prasy zwijaj\u0105cej FMP2100-T3 oferuje szereg zalet, kt\u00f3re czyni\u0105 j\u0105 idealnym wyborem do zastosowa\u0144 rolniczych, szczeg\u00f3lnie w zakresie wydajnej pracy pras zwijaj\u0105cych. Poni\u017cej przedstawiono najwa\u017cniejsze korzy\u015bci:<\/p>\n<p><strong>Wysoka trwa\u0142o\u015b\u0107 i niezawodno\u015b\u0107<\/strong><\/p>\n<ul>\n<li>Zaleta: Solidna konstrukcja i wysokiej jako\u015bci materia\u0142y, takie jak stal stopowa i \u017celiwo, gwarantuj\u0105, \u017ce przek\u0142adnia wytrzyma trudne warunki rolnicze, zmniejszaj\u0105c prawdopodobie\u0144stwo zu\u017cycia i awarii.<\/li>\n<li>Zaleta: Zwi\u0119ksza \u017cywotno\u015b\u0107 skrzyni bieg\u00f3w, umo\u017cliwiaj\u0105c ci\u0105g\u0142\u0105 prac\u0119 bez konieczno\u015bci cz\u0119stej wymiany lub napraw.<\/li>\n<\/ul>\n<p><strong>Wydajne przenoszenie mocy<\/strong><\/p>\n<ul>\n<li>Zaleta: Dobrze zaprojektowane ko\u0142a z\u0119bate i wytrzyma\u0142e wa\u0142y zapewniaj\u0105 wydajne przenoszenie mocy z WOM ci\u0105gnika do prasy.<\/li>\n<li>Zaleta: Dzi\u0119ki temu formowanie bel jest g\u0142adkie i sp\u00f3jne, co zmniejsza obci\u0105\u017cenie operacyjne sprz\u0119tu i zwi\u0119ksza og\u00f3ln\u0105 wydajno\u015b\u0107.<\/li>\n<\/ul>\n<p><strong>Kompaktowa i oszcz\u0119dzaj\u0105ca miejsce konstrukcja<\/strong><\/p>\n<ul>\n<li>Zaleta: Kompaktowa konstrukcja przek\u0142adni FMP2100-T3 pozwala na \u0142atw\u0105 integracj\u0119 z pras\u0105 do belowania zwoj\u00f3w okr\u0105g\u0142ych bez zajmowania nadmiernej przestrzeni.<\/li>\n<li>Zaleta: Zapewnia usprawnion\u0105 i wydajn\u0105 konfiguracj\u0119, co ma kluczowe znaczenie dla zmniejszenia ca\u0142kowitych rozmiar\u00f3w maszyn rolniczych i poprawy zwrotno\u015bci.<\/li>\n<\/ul>\n<p><strong>\u0141atwa konserwacja<\/strong><\/p>\n<ul>\n<li>Zaleta: Przek\u0142adnia zosta\u0142a zaprojektowana z przyjaznym dla u\u017cytkownika systemem smarowania, uszczelnieniami i \u0142atwo dost\u0119pnymi komponentami, co pozwala na \u0142atw\u0105 konserwacj\u0119.<\/li>\n<li>Zaleta: upraszcza rutynowe czynno\u015bci konserwacyjne, skraca przestoje i obni\u017ca koszty posiadania.<\/li>\n<\/ul>\n<p><strong>Optymalna wydajno\u015b\u0107 przy du\u017cych obci\u0105\u017ceniach<\/strong><\/p>\n<ul>\n<li>Zaleta: Silnik FMP2100-T3 zosta\u0142 zaprojektowany do wydajnej pracy pod du\u017cym obci\u0105\u017ceniem, zapewniaj\u0105c wysoki moment obrotowy i minimaln\u0105 utrat\u0119 mocy.<\/li>\n<li>Zaleta: Dzi\u0119ki temu jest to idealne rozwi\u0105zanie do obs\u0142ugi du\u017cych ilo\u015bci materia\u0142\u00f3w, takich jak siano i s\u0142oma, przy zachowaniu wysokiej wydajno\u015bci nawet w trudnych warunkach.<\/li>\n<\/ul>\n<p>Przek\u0142adnia prasy zwijaj\u0105cej FMP2100-T3 \u0142\u0105czy w sobie niezawodno\u015b\u0107, wydajno\u015b\u0107 i \u0142atwo\u015b\u0107 obs\u0142ugi, dzi\u0119ki czemu jest doskona\u0142ym wyborem, je\u015bli chodzi o zwi\u0119kszenie wydajno\u015bci rolniczych pras zwijaj\u0105cych.<\/p>\n<table style=\"width: 98.0248%; height: 103px;\" width=\"136\">\n<tbody>\n<tr style=\"height: 45px;\">\n<td style=\"height: 45px; width: 49.7243%;\" width=\"72\"><img loading=\"lazy\" decoding=\"async\" class=\"alignnone size-full wp-image-2531\" src=\"https:\/\/fmp-components.com\/wp-content\/uploads\/2025\/01\/Round-Baler-Gearbox-EP2100-T3-Agricultural-Applications-3.webp\" alt=\"Przek\u0142adnia prasy zwijaj\u0105cej FMP2100 T3 do zastosowa\u0144 rolniczych 3\" width=\"980\" height=\"632\" title=\"\" srcset=\"https:\/\/fmp-components.com\/wp-content\/uploads\/2025\/01\/Round-Baler-Gearbox-EP2100-T3-Agricultural-Applications-3.webp 980w, https:\/\/fmp-components.com\/wp-content\/uploads\/2025\/01\/Round-Baler-Gearbox-EP2100-T3-Agricultural-Applications-3-480x310.webp 480w\" sizes=\"(min-width: 0px) and (max-width: 480px) 480px, (min-width: 481px) 980px, 100vw\" \/><\/td>\n<td style=\"height: 45px; width: 49.6141%;\" width=\"64\"><img loading=\"lazy\" decoding=\"async\" class=\"alignnone size-full wp-image-2527\" src=\"https:\/\/fmp-components.com\/wp-content\/uploads\/2025\/01\/Round-Baler-Gearbox-EP2100-T3-Agricultural-Applications-4-980x6321-1.webp\" alt=\"Przek\u0142adnia prasy okr\u0105g\u0142ej\" width=\"980\" height=\"632\" title=\"\" srcset=\"https:\/\/fmp-components.com\/wp-content\/uploads\/2025\/01\/Round-Baler-Gearbox-EP2100-T3-Agricultural-Applications-4-980x6321-1.webp 980w, https:\/\/fmp-components.com\/wp-content\/uploads\/2025\/01\/Round-Baler-Gearbox-EP2100-T3-Agricultural-Applications-4-980x6321-1-480x310.webp 480w\" sizes=\"(min-width: 0px) and (max-width: 480px) 480px, (min-width: 481px) 980px, 100vw\" \/><\/td>\n<\/tr>\n<\/tbody>\n<\/table>\n<h2>Przek\u0142adnia prasy zwijaj\u0105cej FMP2100-T3 Zastosowania w rolnictwie<\/h2>\n<p>Przek\u0142adnia prasy zwijaj\u0105cej FMP2100-T3 zosta\u0142a zaprojektowana specjalnie do stosowania w maszynach rolniczych, z naciskiem na optymalizacj\u0119 pracy pras zwijaj\u0105cych. Poni\u017cej przedstawiono kluczowe zastosowania tej przek\u0142adni w rolnictwie:<\/p>\n<p><strong>Operacje belowania okr\u0105g\u0142ego<\/strong><\/p>\n<ul>\n<li>Zastosowanie: Przek\u0142adnia FMP2100-T3 jest stosowana przede wszystkim w prasach zwijaj\u0105cych, kluczowych urz\u0105dzeniach w gospodarstwach rolnych zbieraj\u0105cych siano, s\u0142om\u0119 i kiszonk\u0119.<\/li>\n<li>Zaleta: Zapewnia wydajne formowanie jednolitych okr\u0105g\u0142ych bel, zwi\u0119kszaj\u0105c wydajno\u015b\u0107 i umo\u017cliwiaj\u0105c rolnikom szybkie i efektywne zbieranie i przechowywanie materia\u0142u uprawowego do p\u00f3\u017aniejszego wykorzystania lub sprzeda\u017cy.<\/li>\n<\/ul>\n<p><strong>Zbi\u00f3r siana i paszy<\/strong><\/p>\n<ul>\n<li>Zastosowanie: Przek\u0142adnia idealnie nadaje si\u0119 do stosowania w maszynach do zbioru siana i paszy, w kt\u00f3rych nap\u0119dzana przez WOM prasa zwijaj\u0105ca prasuje skoszon\u0105 traw\u0119 w bele przeznaczone do przechowywania lub transportu.<\/li>\n<li>Zaleta: Przek\u0142adnia sprawnie przekazuje moc, umo\u017cliwiaj\u0105c obs\u0142ug\u0119 r\u00f3\u017cnych warunk\u00f3w zbior\u00f3w, gwarantuj\u0105c efektywne przetwarzanie suchego siana, kiszonki i innych materia\u0142\u00f3w paszowych.<\/li>\n<\/ul>\n<p><strong>Produkcja kiszonki<\/strong><\/p>\n<ul>\n<li>Zastosowanie: W produkcji kiszonki przek\u0142adnia odgrywa kluczow\u0105 rol\u0119 w nap\u0119dzie pras zwijaj\u0105cych s\u0142u\u017c\u0105cych do zag\u0119szczania i magazynowania kiszonki.<\/li>\n<li>Zaleta: Bele kiszonki s\u0105 niezb\u0119dne do produkcji paszy dla zwierz\u0105t, zw\u0142aszcza w regionach, w kt\u00f3rych sezony wypasu s\u0105 ograniczone, a przek\u0142adnia zapewnia niezawodn\u0105 i wydajn\u0105 prac\u0119 procesu belowania, nawet w przypadku mokrych i g\u0119stych materia\u0142\u00f3w.<\/li>\n<\/ul>\n<p><strong>Zbi\u00f3rka s\u0142omy<\/strong><\/p>\n<ul>\n<li>Zastosowanie: Przek\u0142adnia FMP2100-T3 jest stosowana w pracach po\u017cniwnych przy zbiorze s\u0142omy na polach zb\u00f3\u017c i zb\u00f3\u017c.<\/li>\n<li>Zaleta: Przek\u0142adnia umo\u017cliwia wydajne zag\u0119szczanie s\u0142omy w bele, kt\u00f3re mo\u017cna wykorzysta\u0107 jako \u015bci\u00f3\u0142k\u0119, pasz\u0119 dla zwierz\u0105t lub biopaliwo, co pozwala na zwi\u0119kszenie warto\u015bci uzyskanych plon\u00f3w.<\/li>\n<\/ul>\n<p><strong>Zbi\u00f3r mieszanych upraw<\/strong><\/p>\n<ul>\n<li>Zastosowanie: Przek\u0142adnia jest uniwersalna i mo\u017cna j\u0105 stosowa\u0107 do zbioru mieszanych upraw, w kt\u00f3rych r\u00f3\u017cne rodzaje materia\u0142u (trawa, siano, s\u0142oma itp.) s\u0105 prasowane przy u\u017cyciu tej samej prasy okr\u0105g\u0142ej.<\/li>\n<li>Zaleta: FMP2100-T3 gwarantuje kompatybilno\u015b\u0107 z r\u00f3\u017cnymi uprawami, dzi\u0119ki czemu jest idealnym wyborem dla rolnik\u00f3w zajmuj\u0105cych si\u0119 r\u00f3\u017cnorodnymi pracami rolnymi i wymagaj\u0105cych elastycznego sprz\u0119tu.<\/li>\n<\/ul>\n<p>Przek\u0142adnia prasy zwijaj\u0105cej FMP2100-T3 to niezwykle wszechstronny i niezawodny element do szerokiej gamy zastosowa\u0144 rolniczych, szczeg\u00f3lnie w zakresie produkcji pasz, kiszonki, s\u0142omy i biomasy. Jej wydajno\u015b\u0107 i trwa\u0142o\u015b\u0107 zapewniaj\u0105 p\u0142ynn\u0105 prac\u0119 pras zwijaj\u0105cych, zwi\u0119kszaj\u0105c wydajno\u015b\u0107 i optymalizuj\u0105c przechowywanie plon\u00f3w w zale\u017cno\u015bci od potrzeb rolnictwa.<\/p>\n<p><img loading=\"lazy\" decoding=\"async\" class=\"alignnone size-full wp-image-2528\" src=\"https:\/\/fmp-components.com\/wp-content\/uploads\/2025\/01\/Using-the-Round-Baler-Gearbox-EP2100-T3-Advantages1-scaled.webp\" alt=\"Przek\u0142adnia prasy zwijaj\u0105cej FMP2100-T3\" width=\"2560\" height=\"1421\" title=\"\" srcset=\"https:\/\/fmp-components.com\/wp-content\/uploads\/2025\/01\/Using-the-Round-Baler-Gearbox-EP2100-T3-Advantages1-scaled.webp 2560w, https:\/\/fmp-components.com\/wp-content\/uploads\/2025\/01\/Using-the-Round-Baler-Gearbox-EP2100-T3-Advantages1-1280x711.webp 1280w, https:\/\/fmp-components.com\/wp-content\/uploads\/2025\/01\/Using-the-Round-Baler-Gearbox-EP2100-T3-Advantages1-980x544.webp 980w, https:\/\/fmp-components.com\/wp-content\/uploads\/2025\/01\/Using-the-Round-Baler-Gearbox-EP2100-T3-Advantages1-480x266.webp 480w\" sizes=\"(min-width: 0px) and (max-width: 480px) 480px, (min-width: 481px) and (max-width: 980px) 980px, (min-width: 981px) and (max-width: 1280px) 1280px, (min-width: 1281px) 2560px, 100vw\" \/><\/p>\n<h3>O FMP<\/h3>\n<p>Firma FMP, z siedzib\u0105 g\u0142\u00f3wn\u0105 we W\u0142oszech, jest wiod\u0105cym producentem, znanym ze swojego do\u015bwiadczenia w projektowaniu, rozwoju i produkcji wysokowydajnych przek\u0142adni, ze szczeg\u00f3lnym uwzgl\u0119dnieniem sektora maszyn rolniczych. Dzi\u0119ki reputacji w zakresie precyzyjnej in\u017cynierii, innowacyjnych rozwi\u0105za\u0144 i niezawodnej konstrukcji, FMP sta\u0142a si\u0119 zaufanym partnerem w zaspokajaniu zmieniaj\u0105cych si\u0119 potrzeb zar\u00f3wno sektora rolniczego, jak i przemys\u0142owego. Nasza r\u00f3\u017cnorodna oferta produkt\u00f3w obejmuje specjalistyczne przek\u0142adnie do kosiarek, wa\u0142y odbioru mocy (WOM) i inne niezb\u0119dne komponenty, starannie zaprojektowane, aby zapewni\u0107 rozwi\u0105zania dostosowane do indywidualnych potrzeb w szerokim spektrum zastosowa\u0144.<\/p>\n<p>W FMP rozumiemy, \u017ce ka\u017cdy klient ma unikalne wymagania i wyzwania. Dlatego specjalizujemy si\u0119 w oferowaniu rozwi\u0105za\u0144 szytych na miar\u0119, zar\u00f3wno dla pojedynczych komponent\u00f3w, jak i w pe\u0142ni zintegrowanych system\u00f3w. \u015aci\u015ble wsp\u00f3\u0142pracujemy z naszymi klientami, aby zapewni\u0107, \u017ce ka\u017cde rozwi\u0105zanie jest nie tylko skuteczne, ale i wydajne, optymalizuj\u0105c zar\u00f3wno wydajno\u015b\u0107, jak i warto\u015b\u0107. Nasze zaanga\u017cowanie w udzielanie szybkich i profesjonalnych odpowiedzi, w po\u0142\u0105czeniu z fachowym doradztwem, gwarantuje, \u017ce ka\u017cde zapytanie jest traktowane z najwy\u017csz\u0105 staranno\u015bci\u0105 i precyzj\u0105, co prowadzi do najlepszych mo\u017cliwych rezultat\u00f3w.<\/p>\n<p>Priorytetem jest dla nas otwarta i ci\u0105g\u0142a komunikacja w ca\u0142ym procesie rozwoju produktu. Nasz zaanga\u017cowany zesp\u00f3\u0142 wsp\u00f3\u0142pracuje bezpo\u015brednio z klientami, aby w pe\u0142ni zrozumie\u0107 ich specyficzne potrzeby, oferuj\u0105c cenne spostrze\u017cenia i rekomendacje, kt\u00f3re pomog\u0105 w zapewnieniu optymalnych rozwi\u0105za\u0144. Niezale\u017cnie od tego, czy projektujemy innowacyjne produkty, czy realizujemy bie\u017c\u0105ce zam\u00f3wienia, FMP dok\u0142ada wszelkich stara\u0144, aby dostarcza\u0107 wysokiej jako\u015bci, precyzyjnie zaprojektowane rozwi\u0105zania na czas i za ka\u017cdym razem. Naszym celem jest zapewnienie klientom najlepszej obs\u0142ugi i rezultat\u00f3w, przewy\u017cszaj\u0105cych ich oczekiwania w ka\u017cdym projekcie.<\/p>\n<p>Jako\u015b\u0107 jest fundamentem dzia\u0142alno\u015bci FMP. Przestrzegamy najwy\u017cszych standard\u00f3w produkcyjnych, wdra\u017caj\u0105c rygorystyczne \u015brodki kontroli jako\u015bci, aby zapewni\u0107, \u017ce ka\u017cdy produkt nie tylko spe\u0142nia, ale wr\u0119cz przewy\u017csza standardy bran\u017cowe. To niez\u0142omne zaanga\u017cowanie w jako\u015b\u0107, w po\u0142\u0105czeniu z naszymi podstawowymi warto\u015bciami, takimi jak uczciwo\u015b\u0107, praca zespo\u0142owa i wytrwa\u0142o\u015b\u0107, pozwoli\u0142o nam zbudowa\u0107 d\u0142ugotrwa\u0142e, oparte na zaufaniu relacje z klientami w prawie 30 krajach na ca\u0142ym \u015bwiecie.<\/p>\n<p>FMP jest zawsze otwarta na globalne partnerstwa i niezmiennie oferuje fachowe doradztwo oraz rozwi\u0105zania dostosowane do indywidualnych potrzeb naszych klient\u00f3w. Nie ograniczamy si\u0119 do dostarczania produkt\u00f3w; d\u0105\u017cymy do budowania trwa\u0142ych relacji, kt\u00f3re przyczyniaj\u0105 si\u0119 do sukcesu ka\u017cdego projektu. Niezale\u017cnie od tego, czy potrzebujesz innowacyjnych rozwi\u0105za\u0144 dla nowej inicjatywy, czy sta\u0142ego wsparcia dla istniej\u0105cego systemu, FMP jest do Twojej dyspozycji, aby stawi\u0107 czo\u0142a Twoim wyzwaniom technicznym i zapewni\u0107 Ci ci\u0105g\u0142y sukces.<\/p>\n<p><img loading=\"lazy\" decoding=\"async\" class=\"alignnone size-full wp-image-1861\" src=\"https:\/\/fmp-components.com\/wp-content\/uploads\/2024\/12\/Other-Agricultural-Gearboxes.webp\" sizes=\"(min-width: 0px) and (max-width: 480px) 480px, (min-width: 481px) and (max-width: 980px) 980px, (min-width: 981px) 1200px, 100vw\" srcset=\"https:\/\/fmp-components.com\/wp-content\/uploads\/2024\/12\/Other-Agricultural-Gearboxes.webp 1200w, https:\/\/fmp-components.com\/wp-content\/uploads\/2024\/12\/Other-Agricultural-Gearboxes-980x1143.webp 980w, https:\/\/fmp-components.com\/wp-content\/uploads\/2024\/12\/Other-Agricultural-Gearboxes-480x560.webp 480w\" alt=\"Inne zmiany rolnicze\" width=\"1200\" height=\"1400\" title=\"\"><\/p>\n<p>Autor: CX<\/p>","protected":false},"excerpt":{"rendered":"<p>Round Baler Gearbox FMP2100-T3 Technical Data i Suitable Rpm input Rpm output KW(Nom) Output torque Toothing r\/min r\/min hp N.m Decelerate 2.1 :1 Round baler, harvester, etc 540 257 80 100 Gleason Helical Teeth Remark: If you have any special require feel free let me know, we also accept custom. Round Baler Gearbox FMP2100-T3 Component [&hellip;]<\/p>","protected":false},"featured_media":2524,"comment_status":"open","ping_status":"closed","template":"","meta":{"_et_pb_use_builder":"","_et_pb_old_content":"","_et_gb_content_width":""},"product_brand":[],"product_cat":[59],"product_tag":[],"class_list":{"0":"post-2523","1":"product","2":"type-product","3":"status-publish","4":"has-post-thumbnail","6":"product_cat-round-baler-gearbox","8":"first","9":"instock","10":"shipping-taxable","11":"product-type-simple"},"_links":{"self":[{"href":"https:\/\/fmp-components.com\/pl\/wp-json\/wp\/v2\/product\/2523","targetHints":{"allow":["GET"]}}],"collection":[{"href":"https:\/\/fmp-components.com\/pl\/wp-json\/wp\/v2\/product"}],"about":[{"href":"https:\/\/fmp-components.com\/pl\/wp-json\/wp\/v2\/types\/product"}],"replies":[{"embeddable":true,"href":"https:\/\/fmp-components.com\/pl\/wp-json\/wp\/v2\/comments?post=2523"}],"wp:featuredmedia":[{"embeddable":true,"href":"https:\/\/fmp-components.com\/pl\/wp-json\/wp\/v2\/media\/2524"}],"wp:attachment":[{"href":"https:\/\/fmp-components.com\/pl\/wp-json\/wp\/v2\/media?parent=2523"}],"wp:term":[{"taxonomy":"product_brand","embeddable":true,"href":"https:\/\/fmp-components.com\/pl\/wp-json\/wp\/v2\/product_brand?post=2523"},{"taxonomy":"product_cat","embeddable":true,"href":"https:\/\/fmp-components.com\/pl\/wp-json\/wp\/v2\/product_cat?post=2523"},{"taxonomy":"product_tag","embeddable":true,"href":"https:\/\/fmp-components.com\/pl\/wp-json\/wp\/v2\/product_tag?post=2523"}],"curies":[{"name":"wp","href":"https:\/\/api.w.org\/{rel}","templated":true}]}}