{"id":2515,"date":"2025-01-02T03:12:18","date_gmt":"2025-01-02T03:12:18","guid":{"rendered":"https:\/\/fmp-components.com\/?page_id=8"},"modified":"2025-01-02T03:14:23","modified_gmt":"2025-01-02T03:14:23","slug":"round-baler-gearbox-fmp246-for-round-baler-and-harvester","status":"publish","type":"product","link":"https:\/\/fmp-components.com\/pl\/product\/round-baler-gearbox-fmp246-for-round-baler-and-harvester\/","title":{"rendered":"Przek\u0142adnia prasy zwijaj\u0105cej FMP246 do prasy zwijaj\u0105cej i kombajnu"},"content":{"rendered":"<p><img loading=\"lazy\" decoding=\"async\" class=\"size-full wp-image-2521 aligncenter\" src=\"https:\/\/fmp-components.com\/wp-content\/uploads\/2025\/01\/Round-Baler-Gearbox-EP246.webp\" alt=\"Przek\u0142adnia prasy okr\u0105g\u0142ej FMP246\" width=\"600\" height=\"600\" title=\"\" srcset=\"https:\/\/fmp-components.com\/wp-content\/uploads\/2025\/01\/Round-Baler-Gearbox-EP246.webp 600w, https:\/\/fmp-components.com\/wp-content\/uploads\/2025\/01\/Round-Baler-Gearbox-EP246-480x480.webp 480w\" sizes=\"(min-width: 0px) and (max-width: 480px) 480px, (min-width: 481px) 600px, 100vw\" \/><\/p>\n<h2>Wymiary przek\u0142adni prasy okr\u0105g\u0142ej EP246 z podw\u00f3jnym wyj\u015bciem<\/h2>\n<p><img loading=\"lazy\" decoding=\"async\" class=\"alignnone size-full wp-image-2519\" src=\"https:\/\/fmp-components.com\/wp-content\/uploads\/2025\/01\/Round-Baler-Gearbox-EP246-Double-Output-Dimensions.webp\" alt=\"Przek\u0142adnia prasy okr\u0105g\u0142ej EP246 z podw\u00f3jnym wyj\u015bciem \u2013 wymiary\" width=\"1662\" height=\"834\" title=\"\" srcset=\"https:\/\/fmp-components.com\/wp-content\/uploads\/2025\/01\/Round-Baler-Gearbox-EP246-Double-Output-Dimensions.webp 1662w, https:\/\/fmp-components.com\/wp-content\/uploads\/2025\/01\/Round-Baler-Gearbox-EP246-Double-Output-Dimensions-1280x642.webp 1280w, https:\/\/fmp-components.com\/wp-content\/uploads\/2025\/01\/Round-Baler-Gearbox-EP246-Double-Output-Dimensions-980x492.webp 980w, https:\/\/fmp-components.com\/wp-content\/uploads\/2025\/01\/Round-Baler-Gearbox-EP246-Double-Output-Dimensions-480x241.webp 480w\" sizes=\"(min-width: 0px) and (max-width: 480px) 480px, (min-width: 481px) and (max-width: 980px) 980px, (min-width: 981px) and (max-width: 1280px) 1280px, (min-width: 1281px) 1662px, 100vw\" \/><\/p>\n<h2>Wymiary przek\u0142adni prasy okr\u0105g\u0142ej FMP246 z pojedynczym wyj\u015bciem<\/h2>\n<p><img loading=\"lazy\" decoding=\"async\" class=\"alignnone size-full wp-image-2518\" src=\"https:\/\/fmp-components.com\/wp-content\/uploads\/2025\/01\/Round-Baler-Gearbox-EP246-Single-Output-Dimensions.webp\" alt=\"Przek\u0142adnia prasy okr\u0105g\u0142ej EP246, pojedyncze wyj\u015bcie, wymiary\" width=\"1425\" height=\"695\" title=\"\" srcset=\"https:\/\/fmp-components.com\/wp-content\/uploads\/2025\/01\/Round-Baler-Gearbox-EP246-Single-Output-Dimensions.webp 1425w, https:\/\/fmp-components.com\/wp-content\/uploads\/2025\/01\/Round-Baler-Gearbox-EP246-Single-Output-Dimensions-1280x624.webp 1280w, https:\/\/fmp-components.com\/wp-content\/uploads\/2025\/01\/Round-Baler-Gearbox-EP246-Single-Output-Dimensions-980x478.webp 980w, https:\/\/fmp-components.com\/wp-content\/uploads\/2025\/01\/Round-Baler-Gearbox-EP246-Single-Output-Dimensions-480x234.webp 480w\" sizes=\"(min-width: 0px) and (max-width: 480px) 480px, (min-width: 481px) and (max-width: 980px) 980px, (min-width: 981px) and (max-width: 1280px) 1280px, (min-width: 1281px) 1425px, 100vw\" \/><\/p>\n<h2>Dane techniczne przek\u0142adni prasy roluj\u0105cej FMP246<\/h2>\n<table style=\"width: 98.4538%; height: 211px;\" border=\"1\" cellspacing=\"0\" cellpadding=\"0\">\n<tbody>\n<tr style=\"height: 47px;\">\n<td style=\"height: 70px;\" colspan=\"2\" rowspan=\"2\">I<\/td>\n<td style=\"height: 70px;\" rowspan=\"2\">Odpowiedni<\/td>\n<td style=\"height: 47px;\">Wej\u015bcie obr.\/min<\/td>\n<td style=\"height: 47px;\">Wyj\u015bcie obr.\/min<\/td>\n<td style=\"height: 47px;\">KW(Nom)<\/td>\n<td style=\"height: 47px;\">Moment wyj\u015bciowy<\/td>\n<td style=\"height: 70px;\" rowspan=\"2\">Uz\u0119bienie<\/td>\n<\/tr>\n<tr style=\"height: 23px;\">\n<td style=\"height: 23px;\">obr.\/min<\/td>\n<td style=\"height: 23px;\">obr.\/min<\/td>\n<td style=\"height: 23px;\">KM<\/td>\n<td style=\"height: 23px;\">Nm<\/td>\n<\/tr>\n<tr style=\"height: 71px;\">\n<td style=\"height: 71px;\">Zmniejsza\u0107 pr\u0119dko\u015b\u0107<\/td>\n<td style=\"height: 71px;\">1.92:1<\/td>\n<td style=\"height: 71px;\">Prasa okr\u0105g\u0142a, kombajn itp.<\/td>\n<td style=\"height: 71px;\">540<\/td>\n<td style=\"height: 71px;\">282<\/td>\n<td style=\"height: 71px;\">100<\/td>\n<td style=\"height: 71px;\">2000<\/td>\n<td style=\"height: 71px;\">Helikalny Gleasona<br \/>\nZ\u0119by<\/td>\n<\/tr>\n<tr style=\"height: 23px;\">\n<td style=\"height: 23px;\" colspan=\"8\">Uwaga: Je\u015bli masz jakie\u015b specjalne \u017cyczenia, daj mi zna\u0107, realizujemy r\u00f3wnie\u017c zam\u00f3wienia niestandardowe.<\/td>\n<\/tr>\n<\/tbody>\n<\/table>\n<h2>Wymiary wa\u0142u przek\u0142adni prasy okr\u0105g\u0142ej FMP246<\/h2>\n<p><img loading=\"lazy\" decoding=\"async\" class=\"alignnone size-full wp-image-2517\" src=\"https:\/\/fmp-components.com\/wp-content\/uploads\/2025\/01\/Round-Baler-Gearbox-EP246-Shaft-Dimensions.webp\" alt=\"Wymiary wa\u0142u przek\u0142adni prasy okr\u0105g\u0142ej EP246\" width=\"1573\" height=\"474\" title=\"\" srcset=\"https:\/\/fmp-components.com\/wp-content\/uploads\/2025\/01\/Round-Baler-Gearbox-EP246-Shaft-Dimensions.webp 1573w, https:\/\/fmp-components.com\/wp-content\/uploads\/2025\/01\/Round-Baler-Gearbox-EP246-Shaft-Dimensions-1280x386.webp 1280w, https:\/\/fmp-components.com\/wp-content\/uploads\/2025\/01\/Round-Baler-Gearbox-EP246-Shaft-Dimensions-980x295.webp 980w, https:\/\/fmp-components.com\/wp-content\/uploads\/2025\/01\/Round-Baler-Gearbox-EP246-Shaft-Dimensions-480x145.webp 480w\" sizes=\"(min-width: 0px) and (max-width: 480px) 480px, (min-width: 481px) and (max-width: 980px) 980px, (min-width: 981px) and (max-width: 1280px) 1280px, (min-width: 1281px) 1573px, 100vw\" \/><\/p>\n<h2>Wymiary rury przed\u0142u\u017caj\u0105cej przek\u0142adni prasy okr\u0105g\u0142ej FMP246<\/h2>\n<p><img loading=\"lazy\" decoding=\"async\" class=\"alignnone size-full wp-image-2516\" src=\"https:\/\/fmp-components.com\/wp-content\/uploads\/2025\/01\/Round-Baler-Gearbox-EP246-Extension-Pipe-Dimensions.webp\" alt=\"Wymiary rury przed\u0142u\u017caj\u0105cej prasy do belowania okr\u0105g\u0142ego EP246\" width=\"1554\" height=\"820\" title=\"\" srcset=\"https:\/\/fmp-components.com\/wp-content\/uploads\/2025\/01\/Round-Baler-Gearbox-EP246-Extension-Pipe-Dimensions.webp 1554w, https:\/\/fmp-components.com\/wp-content\/uploads\/2025\/01\/Round-Baler-Gearbox-EP246-Extension-Pipe-Dimensions-1280x675.webp 1280w, https:\/\/fmp-components.com\/wp-content\/uploads\/2025\/01\/Round-Baler-Gearbox-EP246-Extension-Pipe-Dimensions-980x517.webp 980w, https:\/\/fmp-components.com\/wp-content\/uploads\/2025\/01\/Round-Baler-Gearbox-EP246-Extension-Pipe-Dimensions-480x253.webp 480w\" sizes=\"(min-width: 0px) and (max-width: 480px) 480px, (min-width: 481px) and (max-width: 980px) 980px, (min-width: 981px) and (max-width: 1280px) 1280px, (min-width: 1281px) 1554px, 100vw\" \/><\/p>\n<h3>Struktura komponent\u00f3w przek\u0142adni prasy okr\u0105g\u0142ej FMP246<\/h3>\n<p>Przek\u0142adnia prasy zwijaj\u0105cej FMP246 to solidny, precyzyjnie zaprojektowany komponent, zaprojektowany specjalnie do pras zwijaj\u0105cych. Odgrywa kluczow\u0105 rol\u0119 w wydajnej pracy maszyn rolniczych do belowania, zapewniaj\u0105c prawid\u0142owe przenoszenie mocy, redukcj\u0119 pr\u0119dko\u015bci i synchronizacj\u0119 mechaniczn\u0105. Poni\u017cej znajduje si\u0119 szczeg\u00f3\u0142owy opis budowy podzespo\u0142\u00f3w przek\u0142adni prasy zwijaj\u0105cej FMP246:<\/p>\n<p><strong>Mieszkania<\/strong><\/p>\n<ul>\n<li>Materia\u0142 i funkcja: Obudowa jest zazwyczaj wykonana z wytrzyma\u0142ego \u017celiwa lub stali, co zapewnia trwa\u0142o\u015b\u0107 i chroni wewn\u0119trzne elementy przed uderzeniami zewn\u0119trznymi, kurzem i wilgoci\u0105.<\/li>\n<li>Cel: Os\u0142ania wszystkie wewn\u0119trzne ko\u0142a z\u0119bate, wa\u0142ki i \u0142o\u017cyska, zapewniaj\u0105c jednocze\u015bnie odporno\u015b\u0107 skrzyni bieg\u00f3w na trudne warunki terenowe i napr\u0119\u017cenia mechaniczne.<\/li>\n<li>Zaleta: Zapewnia d\u0142ugoterminow\u0105 stabilno\u015b\u0107 skrzyni bieg\u00f3w i chroni precyzyjne elementy wewn\u0105trz.<\/li>\n<\/ul>\n<p><strong>Wa\u0142 wej\u015bciowy<\/strong><\/p>\n<ul>\n<li>Materia\u0142 i funkcja: Wa\u0142 wej\u015bciowy jest zazwyczaj wykonany z wysokogatunkowej stali i \u0142\u0105czy si\u0119 bezpo\u015brednio z uk\u0142adem odbioru mocy (WOM) ci\u0105gnika.<\/li>\n<li>Cel: Odpowiada za odbi\u00f3r ruchu obrotowego i momentu obrotowego z ci\u0105gnika i przekazanie go do uk\u0142adu skrzyni bieg\u00f3w.<\/li>\n<li>Zaleta: Zapewnia wydajne przenoszenie mocy z ci\u0105gnika do skrzyni bieg\u00f3w przy minimalnych stratach.<\/li>\n<\/ul>\n<p><strong>Wa\u0142 wyj\u015bciowy<\/strong><\/p>\n<ul>\n<li>Materia\u0142 i funkcja: Podobnie jak wa\u0142 wej\u015bciowy, wa\u0142 wyj\u015bciowy wykonany jest z wytrzyma\u0142ej stali, aby wytrzyma\u0107 obci\u0105\u017cenia mechaniczne skrzyni bieg\u00f3w.<\/li>\n<li>Cel: Przenosi moc ze skrzyni bieg\u00f3w na wewn\u0119trzne mechanizmy prasy do bel okr\u0105g\u0142ych, takie jak rolki, uk\u0142ad kompresji i mechanizm wi\u0105zania.<\/li>\n<li>Zaleta: Zapewnia p\u0142ynn\u0105 i r\u00f3wnomiern\u0105 moc, gwarantuj\u0105c wydajne belowanie.<\/li>\n<\/ul>\n<p><strong>Uk\u0142ad przek\u0142adni planetarnej<\/strong><\/p>\n<ul>\n<li>Materia\u0142 i funkcja: Uk\u0142ad przek\u0142adni planetarnej to zestaw k\u00f3\u0142 z\u0119batych obejmuj\u0105cy ko\u0142o s\u0142oneczne, ko\u0142a planetarne i ko\u0142o pier\u015bcieniowe, wszystkie wykonane z hartowanej stali lub stopu.<\/li>\n<li>Zastosowanie: Ten uk\u0142ad przek\u0142adni zapewnia zwielokrotnienie momentu obrotowego i redukcj\u0119 pr\u0119dko\u015bci, zamieniaj\u0105c du\u017c\u0105 pr\u0119dko\u015b\u0107 obrotow\u0105 z WOM na optymaln\u0105 pr\u0119dko\u015b\u0107 obrotow\u0105 prasy.<\/li>\n<li>Zaleta: Zapewnia wydajn\u0105 prac\u0119 dzi\u0119ki zapewnieniu momentu obrotowego niezb\u0119dnego do obs\u0142ugi ci\u0119\u017ckich zada\u0144 zwi\u0105zanych z belowaniem, przy jednoczesnym zachowaniu wydajno\u015bci operacyjnej.<\/li>\n<\/ul>\n<p><strong>\u0141o\u017cyska i uszczelnienia<\/strong><\/p>\n<ul>\n<li>Materia\u0142 i funkcja: \u0141o\u017cyska s\u0105 zazwyczaj wykonane z wysokiej jako\u015bci stali lub ceramiki, natomiast uszczelnienia s\u0105 wykonane z wytrzyma\u0142ej gumy lub materia\u0142\u00f3w syntetycznych.<\/li>\n<li>Przeznaczenie: \u0141o\u017cyska podtrzymuj\u0105 obracaj\u0105ce si\u0119 wa\u0142y i ko\u0142a z\u0119bate, redukuj\u0105c tarcie i zapewniaj\u0105c p\u0142ynny obr\u00f3t. Uszczelnienia zapobiegaj\u0105 przedostawaniu si\u0119 brudu, wilgoci i zanieczyszcze\u0144 do przek\u0142adni, utrzymuj\u0105c jej wewn\u0119trzn\u0105 czysto\u015b\u0107 i wydajno\u015b\u0107.<\/li>\n<li>Zaleta: Zmniejsza zu\u017cycie, zapewnia d\u0142ug\u0105 \u017cywotno\u015b\u0107 i poprawia wydajno\u015b\u0107 skrzyni bieg\u00f3w poprzez minimalizowanie tarcia i zapobieganie zanieczyszczeniom.<\/li>\n<\/ul>\n<p>Przek\u0142adnia prasy roluj\u0105cej FMP246 charakteryzuje si\u0119 wysoce przemy\u015blan\u0105 i starannie zaprojektowan\u0105 konstrukcj\u0105, kt\u00f3ra zapewnia wydajn\u0105, niezawodn\u0105 i p\u0142ynn\u0105 prac\u0119 w wymagaj\u0105cych warunkach rolniczych. Jej komponenty \u2013 w tym obudowa, wa\u0142ki wej\u015bciowe\/wyj\u015bciowe, przek\u0142adnie planetarne, \u0142o\u017cyska i uk\u0142ad smarowania \u2013 harmonijnie ze sob\u0105 wsp\u00f3\u0142pracuj\u0105, zapewniaj\u0105c efektywne przenoszenie mocy, optymalizacj\u0119 momentu obrotowego i p\u0142ynn\u0105 prac\u0119 przek\u0142adni przez d\u0142ugi czas. Taka konstrukcja sprawia, \u017ce \u200b\u200bFMP246 to idealny wyb\u00f3r do ci\u0119\u017ckich zastosowa\u0144 zwi\u0105zanych z belowaniem, oferuj\u0105c trwa\u0142o\u015b\u0107, wydajno\u015b\u0107 i \u0142atwo\u015b\u0107 konserwacji.<\/p>\n<p><img loading=\"lazy\" decoding=\"async\" class=\"alignnone size-full wp-image-2520\" src=\"https:\/\/fmp-components.com\/wp-content\/uploads\/2025\/01\/Round-Baler-Gearbox-EP246-Component-Structure-scaled.webp\" alt=\"Przek\u0142adnia prasy zwijaj\u0105cej FMP246 \u2013 struktura komponent\u00f3w\" width=\"2560\" height=\"2544\" title=\"\" srcset=\"https:\/\/fmp-components.com\/wp-content\/uploads\/2025\/01\/Round-Baler-Gearbox-EP246-Component-Structure-scaled.webp 2560w, https:\/\/fmp-components.com\/wp-content\/uploads\/2025\/01\/Round-Baler-Gearbox-EP246-Component-Structure-1280x1272.webp 1280w, https:\/\/fmp-components.com\/wp-content\/uploads\/2025\/01\/Round-Baler-Gearbox-EP246-Component-Structure-980x974.webp 980w, https:\/\/fmp-components.com\/wp-content\/uploads\/2025\/01\/Round-Baler-Gearbox-EP246-Component-Structure-480x477.webp 480w\" sizes=\"(min-width: 0px) and (max-width: 480px) 480px, (min-width: 481px) and (max-width: 980px) 980px, (min-width: 981px) and (max-width: 1280px) 1280px, (min-width: 1281px) 2560px, 100vw\" \/><\/p>\n<h2>Zalety przek\u0142adni prasy zwijaj\u0105cej FMP246<\/h2>\n<p>Przek\u0142adnia prasy roluj\u0105cej FMP246 zosta\u0142a zaprojektowana specjalnie z my\u015bl\u0105 o spe\u0142nieniu wysokich wymaga\u0144 rolniczych maszyn do belowania. Dzi\u0119ki solidnej konstrukcji i innowacyjnym funkcjom oferuje szereg kluczowych zalet, kt\u00f3re przyczyniaj\u0105 si\u0119 do poprawy wydajno\u015bci, trwa\u0142o\u015bci i osi\u0105g\u00f3w. Poni\u017cej przedstawiono g\u0142\u00f3wne korzy\u015bci p\u0142yn\u0105ce z zastosowania przek\u0142adni prasy roluj\u0105cej FMP246:<\/p>\n<p><strong>Wysoki moment obrotowy i wydajno\u015b\u0107 przenoszenia mocy<\/strong><\/p>\n<ul>\n<li>Zaleta: Przek\u0142adnia FMP246 zosta\u0142a zaprojektowana tak, aby przenosi\u0107 wysoki moment obrotowy przy minimalnej utracie mocy, co gwarantuje wydajn\u0105 prac\u0119 prasy do belowania bel okr\u0105g\u0142ych, nawet przy du\u017cym obci\u0105\u017ceniu.<\/li>\n<li>Wp\u0142yw: Umo\u017cliwia efektywne belowanie g\u0119stych materia\u0142\u00f3w, zwi\u0119kszaj\u0105c wydajno\u015b\u0107 i redukuj\u0105c zu\u017cycie paliwa poprzez optymalizacj\u0119 przekazywania mocy z ci\u0105gnika.<\/li>\n<\/ul>\n<p><strong>Trwa\u0142o\u015b\u0107 i d\u0142ugowieczno\u015b\u0107<\/strong><\/p>\n<ul>\n<li>Zaleta: Wykonana z materia\u0142\u00f3w o wysokiej wytrzyma\u0142o\u015bci, takich jak hartowana stal i \u017celiwo, przek\u0142adnia FMP246 jest zaprojektowana tak, aby wytrzyma\u0107 trudy ci\u0105g\u0142ej pracy w trudnych warunkach terenowych.<\/li>\n<li>Wp\u0142yw: Solidna konstrukcja gwarantuje d\u0142ugowieczno\u015b\u0107, zmniejsza potrzeb\u0119 cz\u0119stych napraw lub wymian i przyczynia si\u0119 do obni\u017cenia koszt\u00f3w konserwacji.<\/li>\n<\/ul>\n<p><strong>P\u0142ynne przenoszenie mocy i zmniejszone wibracje<\/strong><\/p>\n<ul>\n<li>Zaleta: W modelu FMP246 zastosowano zaawansowany system przek\u0142adni planetarnych, kt\u00f3ry redukuje wibracje i zapewnia p\u0142ynne, r\u00f3wnomierne przenoszenie mocy.<\/li>\n<li>Wp\u0142yw: Rezultatem jest cichsza praca i p\u0142ynniejszy proces belowania, a tak\u017ce mniejsze zu\u017cycie przek\u0142adni i pod\u0142\u0105czonych maszyn, co przek\u0142ada si\u0119 na d\u0142u\u017csz\u0105 \u017cywotno\u015b\u0107 maszyny.<\/li>\n<\/ul>\n<p><strong>\u0141atwa integracja z r\u00f3\u017cnymi modelami pras beluj\u0105cych<\/strong><\/p>\n<ul>\n<li>Zaleta: Przek\u0142adnia FMP246 zosta\u0142a zaprojektowana z my\u015bl\u0105 o wszechstronno\u015bci. Posiada standardowe opcje monta\u017cu i jest kompatybilna z szerok\u0105 gam\u0105 pras do belowania zwoj\u00f3w okr\u0105g\u0142ych.<\/li>\n<li>Wp\u0142yw: Taka elastyczno\u015b\u0107 pozwala na \u0142atw\u0105 integracj\u0119 z istniej\u0105cym sprz\u0119tem, co czyni j\u0105 op\u0142acalnym wyborem dla rolnik\u00f3w, kt\u00f3rzy chc\u0105 wymieni\u0107 lub zmodernizowa\u0107 swoje maszyny do belowania.<\/li>\n<\/ul>\n<p><strong>Niskie wymagania konserwacyjne<\/strong><\/p>\n<ul>\n<li>Zaleta: Dzi\u0119ki wysokiej jako\u015bci \u0142o\u017cyskom, uszczelnieniom i systemowi smarowania, skrzynia bieg\u00f3w FMP246 wymaga minimalnej konserwacji. Regularne kontrole i wymiana oleju zazwyczaj wystarczaj\u0105, aby zapewni\u0107 p\u0142ynn\u0105 prac\u0119 skrzyni bieg\u00f3w.<\/li>\n<li>Wp\u0142yw: Zmniejsza przestoje i koszty konserwacji, dzi\u0119ki czemu jest to idealne rozwi\u0105zanie dla rolnik\u00f3w, kt\u00f3rzy potrzebuj\u0105 niezawodnego sprz\u0119tu o niskich wymaganiach konserwacyjnych do codziennej pracy.<\/li>\n<\/ul>\n<p>Przek\u0142adnia prasy zwijaj\u0105cej FMP246 oferuje liczne zalety, kt\u00f3re czyni\u0105 j\u0105 cennym uzupe\u0142nieniem maszyn rolniczych. Jej trwa\u0142o\u015b\u0107, wydajno\u015b\u0107 i p\u0142ynna praca gwarantuj\u0105 rolnikom niezmienn\u0105 wydajno\u015b\u0107 podczas r\u00f3\u017cnych zada\u0144 zwi\u0105zanych z belowaniem. Niezale\u017cnie od tego, czy zale\u017cy Ci na kr\u00f3tszych przestojach, lepszym przenoszeniu mocy, czy d\u0142u\u017cszej \u017cywotno\u015bci sprz\u0119tu, przek\u0142adnia FMP246 zosta\u0142a zaprojektowana tak, aby sprosta\u0107 wysokim wymaganiom wsp\u00f3\u0142czesnego rolnictwa.<\/p>\n<p><img loading=\"lazy\" decoding=\"async\" class=\"alignnone size-full wp-image-2505\" src=\"https:\/\/fmp-components.com\/wp-content\/uploads\/2025\/01\/Round-Baler-Gearbox-191-scaled.webp\" alt=\"Przek\u0142adnia prasy okr\u0105g\u0142ej 19(1)\" width=\"2560\" height=\"1920\" title=\"\" srcset=\"https:\/\/fmp-components.com\/wp-content\/uploads\/2025\/01\/Round-Baler-Gearbox-191-scaled.webp 2560w, https:\/\/fmp-components.com\/wp-content\/uploads\/2025\/01\/Round-Baler-Gearbox-191-1280x960.webp 1280w, https:\/\/fmp-components.com\/wp-content\/uploads\/2025\/01\/Round-Baler-Gearbox-191-980x735.webp 980w, https:\/\/fmp-components.com\/wp-content\/uploads\/2025\/01\/Round-Baler-Gearbox-191-480x360.webp 480w\" sizes=\"(min-width: 0px) and (max-width: 480px) 480px, (min-width: 481px) and (max-width: 980px) 980px, (min-width: 981px) and (max-width: 1280px) 1280px, (min-width: 1281px) 2560px, 100vw\" \/><\/p>\n<h3>O FMP<\/h3>\n<p>Firma FMP, z siedzib\u0105 g\u0142\u00f3wn\u0105 we W\u0142oszech, jest wiod\u0105cym producentem, znanym ze swojego do\u015bwiadczenia w projektowaniu, rozwoju i produkcji wysokowydajnych przek\u0142adni, ze szczeg\u00f3lnym uwzgl\u0119dnieniem sektora maszyn rolniczych. Dzi\u0119ki reputacji w zakresie precyzyjnej in\u017cynierii, innowacyjnych rozwi\u0105za\u0144 i niezawodnej konstrukcji, FMP sta\u0142a si\u0119 zaufanym partnerem w zaspokajaniu zmieniaj\u0105cych si\u0119 potrzeb zar\u00f3wno sektora rolniczego, jak i przemys\u0142owego. Nasza r\u00f3\u017cnorodna oferta produkt\u00f3w obejmuje specjalistyczne przek\u0142adnie do kosiarek, wa\u0142y odbioru mocy (WOM) i inne niezb\u0119dne komponenty, starannie zaprojektowane, aby zapewni\u0107 rozwi\u0105zania dostosowane do indywidualnych potrzeb w szerokim spektrum zastosowa\u0144.<\/p>\n<p>W FMP rozumiemy, \u017ce ka\u017cdy klient ma unikalne wymagania i wyzwania. Dlatego specjalizujemy si\u0119 w oferowaniu rozwi\u0105za\u0144 szytych na miar\u0119, zar\u00f3wno dla pojedynczych komponent\u00f3w, jak i w pe\u0142ni zintegrowanych system\u00f3w. \u015aci\u015ble wsp\u00f3\u0142pracujemy z naszymi klientami, aby zapewni\u0107, \u017ce ka\u017cde rozwi\u0105zanie jest nie tylko skuteczne, ale i wydajne, optymalizuj\u0105c zar\u00f3wno wydajno\u015b\u0107, jak i warto\u015b\u0107. Nasze zaanga\u017cowanie w udzielanie szybkich i profesjonalnych odpowiedzi, w po\u0142\u0105czeniu z fachowym doradztwem, gwarantuje, \u017ce ka\u017cde zapytanie jest traktowane z najwy\u017csz\u0105 staranno\u015bci\u0105 i precyzj\u0105, co prowadzi do najlepszych mo\u017cliwych rezultat\u00f3w.<\/p>\n<p>Priorytetem jest dla nas otwarta i ci\u0105g\u0142a komunikacja w ca\u0142ym procesie rozwoju produktu. Nasz zaanga\u017cowany zesp\u00f3\u0142 wsp\u00f3\u0142pracuje bezpo\u015brednio z klientami, aby w pe\u0142ni zrozumie\u0107 ich specyficzne potrzeby, oferuj\u0105c cenne spostrze\u017cenia i rekomendacje, kt\u00f3re pomog\u0105 w zapewnieniu optymalnych rozwi\u0105za\u0144. Niezale\u017cnie od tego, czy projektujemy innowacyjne produkty, czy realizujemy bie\u017c\u0105ce zam\u00f3wienia, FMP dok\u0142ada wszelkich stara\u0144, aby dostarcza\u0107 wysokiej jako\u015bci, precyzyjnie zaprojektowane rozwi\u0105zania na czas i za ka\u017cdym razem. Naszym celem jest zapewnienie klientom najlepszej obs\u0142ugi i rezultat\u00f3w, przewy\u017cszaj\u0105cych ich oczekiwania w ka\u017cdym projekcie.<\/p>\n<p>Jako\u015b\u0107 jest fundamentem dzia\u0142alno\u015bci FMP. Przestrzegamy najwy\u017cszych standard\u00f3w produkcyjnych, wdra\u017caj\u0105c rygorystyczne \u015brodki kontroli jako\u015bci, aby zapewni\u0107, \u017ce ka\u017cdy produkt nie tylko spe\u0142nia, ale wr\u0119cz przewy\u017csza standardy bran\u017cowe. To niez\u0142omne zaanga\u017cowanie w jako\u015b\u0107, w po\u0142\u0105czeniu z naszymi podstawowymi warto\u015bciami, takimi jak uczciwo\u015b\u0107, praca zespo\u0142owa i wytrwa\u0142o\u015b\u0107, pozwoli\u0142o nam zbudowa\u0107 d\u0142ugotrwa\u0142e, oparte na zaufaniu relacje z klientami w prawie 30 krajach na ca\u0142ym \u015bwiecie.<\/p>\n<p>FMP jest zawsze otwarta na globalne partnerstwa i niezmiennie oferuje fachowe doradztwo oraz rozwi\u0105zania dostosowane do indywidualnych potrzeb naszych klient\u00f3w. Nie ograniczamy si\u0119 do dostarczania produkt\u00f3w; d\u0105\u017cymy do budowania trwa\u0142ych relacji, kt\u00f3re przyczyniaj\u0105 si\u0119 do sukcesu ka\u017cdego projektu. Niezale\u017cnie od tego, czy potrzebujesz innowacyjnych rozwi\u0105za\u0144 dla nowej inicjatywy, czy sta\u0142ego wsparcia dla istniej\u0105cego systemu, FMP jest do Twojej dyspozycji, aby stawi\u0107 czo\u0142a Twoim wyzwaniom technicznym i zapewni\u0107 Ci ci\u0105g\u0142y sukces.<\/p>\n<p><img loading=\"lazy\" decoding=\"async\" class=\"alignnone size-full wp-image-1861\" src=\"https:\/\/fmp-components.com\/wp-content\/uploads\/2024\/12\/Other-Agricultural-Gearboxes.webp\" sizes=\"(min-width: 0px) and (max-width: 480px) 480px, (min-width: 481px) and (max-width: 980px) 980px, (min-width: 981px) 1200px, 100vw\" srcset=\"https:\/\/fmp-components.com\/wp-content\/uploads\/2024\/12\/Other-Agricultural-Gearboxes.webp 1200w, https:\/\/fmp-components.com\/wp-content\/uploads\/2024\/12\/Other-Agricultural-Gearboxes-980x1143.webp 980w, https:\/\/fmp-components.com\/wp-content\/uploads\/2024\/12\/Other-Agricultural-Gearboxes-480x560.webp 480w\" alt=\"Inne zmiany rolnicze\" width=\"1200\" height=\"1400\" title=\"\"><\/p>\n<p>Autor: CX<\/p>","protected":false},"excerpt":{"rendered":"<p>Round Baler Gearbox EP246 Double Output Dimensions Round Baler Gearbox FMP246 Single Output Dimensions Round Baler Gearbox FMP246 Technical Data i Suitable Rpm input Rpm output KW(Nom) Output torque Toothing r\/min r\/min hp N.m Decelerate 1.92:1 Round baler, harvester, etc 540 282 100 2000 Gleason Helical Teeth Remark: If you have any special require feel [&hellip;]<\/p>","protected":false},"featured_media":2521,"comment_status":"open","ping_status":"closed","template":"","meta":{"_et_pb_use_builder":"","_et_pb_old_content":"","_et_gb_content_width":""},"product_brand":[],"product_cat":[59],"product_tag":[],"class_list":{"0":"post-2515","1":"product","2":"type-product","3":"status-publish","4":"has-post-thumbnail","6":"product_cat-round-baler-gearbox","8":"first","9":"instock","10":"shipping-taxable","11":"product-type-simple"},"_links":{"self":[{"href":"https:\/\/fmp-components.com\/pl\/wp-json\/wp\/v2\/product\/2515","targetHints":{"allow":["GET"]}}],"collection":[{"href":"https:\/\/fmp-components.com\/pl\/wp-json\/wp\/v2\/product"}],"about":[{"href":"https:\/\/fmp-components.com\/pl\/wp-json\/wp\/v2\/types\/product"}],"replies":[{"embeddable":true,"href":"https:\/\/fmp-components.com\/pl\/wp-json\/wp\/v2\/comments?post=2515"}],"wp:featuredmedia":[{"embeddable":true,"href":"https:\/\/fmp-components.com\/pl\/wp-json\/wp\/v2\/media\/2521"}],"wp:attachment":[{"href":"https:\/\/fmp-components.com\/pl\/wp-json\/wp\/v2\/media?parent=2515"}],"wp:term":[{"taxonomy":"product_brand","embeddable":true,"href":"https:\/\/fmp-components.com\/pl\/wp-json\/wp\/v2\/product_brand?post=2515"},{"taxonomy":"product_cat","embeddable":true,"href":"https:\/\/fmp-components.com\/pl\/wp-json\/wp\/v2\/product_cat?post=2515"},{"taxonomy":"product_tag","embeddable":true,"href":"https:\/\/fmp-components.com\/pl\/wp-json\/wp\/v2\/product_tag?post=2515"}],"curies":[{"name":"wp","href":"https:\/\/api.w.org\/{rel}","templated":true}]}}