{"id":2510,"date":"2025-01-02T02:57:49","date_gmt":"2025-01-02T02:57:49","guid":{"rendered":"https:\/\/fmp-components.com\/?page_id=8"},"modified":"2025-01-02T03:35:08","modified_gmt":"2025-01-02T03:35:08","slug":"round-baler-gearbox-fmp9-35-for-round-baler-and-harvester","status":"publish","type":"product","link":"https:\/\/fmp-components.com\/pl\/product\/round-baler-gearbox-fmp9-35-for-round-baler-and-harvester\/","title":{"rendered":"Przek\u0142adnia prasy zwijaj\u0105cej FMP9.35 do prasy zwijaj\u0105cej i kombajnu"},"content":{"rendered":"<p><img loading=\"lazy\" decoding=\"async\" class=\"alignnone size-full wp-image-2514\" src=\"https:\/\/fmp-components.com\/wp-content\/uploads\/2025\/01\/Round-Baler-Gearbox-EP9.35-Advantages.webp\" alt=\"Przek\u0142adnia prasy zwijaj\u0105cej FMP9.35 \u2013 zalety\" width=\"1440\" height=\"789\" title=\"\" srcset=\"https:\/\/fmp-components.com\/wp-content\/uploads\/2025\/01\/Round-Baler-Gearbox-EP9.35-Advantages.webp 1440w, https:\/\/fmp-components.com\/wp-content\/uploads\/2025\/01\/Round-Baler-Gearbox-EP9.35-Advantages-1280x701.webp 1280w, https:\/\/fmp-components.com\/wp-content\/uploads\/2025\/01\/Round-Baler-Gearbox-EP9.35-Advantages-980x537.webp 980w, https:\/\/fmp-components.com\/wp-content\/uploads\/2025\/01\/Round-Baler-Gearbox-EP9.35-Advantages-480x263.webp 480w\" sizes=\"(min-width: 0px) and (max-width: 480px) 480px, (min-width: 481px) and (max-width: 980px) 980px, (min-width: 981px) and (max-width: 1280px) 1280px, (min-width: 1281px) 1440px, 100vw\" \/><\/p>\n<h2>Wymiary przek\u0142adni prasy zwijaj\u0105cej FMP9.35<\/h2>\n<p><img loading=\"lazy\" decoding=\"async\" class=\"alignnone size-full wp-image-2513\" src=\"https:\/\/fmp-components.com\/wp-content\/uploads\/2025\/01\/Round-Baler-Gearbox-EP9.35-Dimensions-2.webp\" alt=\"Przek\u0142adnia prasy zwijaj\u0105cej FMP9.35 Wymiary 2\" width=\"1530\" height=\"489\" title=\"\" srcset=\"https:\/\/fmp-components.com\/wp-content\/uploads\/2025\/01\/Round-Baler-Gearbox-EP9.35-Dimensions-2.webp 1530w, https:\/\/fmp-components.com\/wp-content\/uploads\/2025\/01\/Round-Baler-Gearbox-EP9.35-Dimensions-2-1280x409.webp 1280w, https:\/\/fmp-components.com\/wp-content\/uploads\/2025\/01\/Round-Baler-Gearbox-EP9.35-Dimensions-2-980x313.webp 980w, https:\/\/fmp-components.com\/wp-content\/uploads\/2025\/01\/Round-Baler-Gearbox-EP9.35-Dimensions-2-480x153.webp 480w\" sizes=\"(min-width: 0px) and (max-width: 480px) 480px, (min-width: 481px) and (max-width: 980px) 980px, (min-width: 981px) and (max-width: 1280px) 1280px, (min-width: 1281px) 1530px, 100vw\" \/><\/p>\n<p><img loading=\"lazy\" decoding=\"async\" class=\"alignnone size-full wp-image-2512\" src=\"https:\/\/fmp-components.com\/wp-content\/uploads\/2025\/01\/Round-Baler-Gearbox-EP9.35-Dimensions-1.webp\" alt=\"Przek\u0142adnia prasy okr\u0105g\u0142ej FMP9.35 Wymiary 1\" width=\"1548\" height=\"889\" title=\"\" srcset=\"https:\/\/fmp-components.com\/wp-content\/uploads\/2025\/01\/Round-Baler-Gearbox-EP9.35-Dimensions-1.webp 1548w, https:\/\/fmp-components.com\/wp-content\/uploads\/2025\/01\/Round-Baler-Gearbox-EP9.35-Dimensions-1-1280x735.webp 1280w, https:\/\/fmp-components.com\/wp-content\/uploads\/2025\/01\/Round-Baler-Gearbox-EP9.35-Dimensions-1-980x563.webp 980w, https:\/\/fmp-components.com\/wp-content\/uploads\/2025\/01\/Round-Baler-Gearbox-EP9.35-Dimensions-1-480x276.webp 480w\" sizes=\"(min-width: 0px) and (max-width: 480px) 480px, (min-width: 481px) and (max-width: 980px) 980px, (min-width: 981px) and (max-width: 1280px) 1280px, (min-width: 1281px) 1548px, 100vw\" \/><\/p>\n<h2>Dane techniczne przek\u0142adni prasy roluj\u0105cej FMP9.35<\/h2>\n<table style=\"width: 99.9284%; height: 128px;\" border=\"1\" cellspacing=\"0\" cellpadding=\"0\">\n<tbody>\n<tr>\n<td colspan=\"2\" rowspan=\"2\">I<\/td>\n<td rowspan=\"2\">Odpowiedni<\/td>\n<td>Wej\u015bcie obr.\/min<\/td>\n<td>Wyj\u015bcie obr.\/min<\/td>\n<td>KW(Nom)<\/td>\n<td>kW (maks.)<\/td>\n<td rowspan=\"2\">Uz\u0119bienie<\/td>\n<\/tr>\n<tr>\n<td>obr.\/min<\/td>\n<td>obr.\/min<\/td>\n<td>KM<\/td>\n<td>KM<\/td>\n<\/tr>\n<tr>\n<td>Zmniejsza\u0107 pr\u0119dko\u015b\u0107<\/td>\n<td>1.92:1<\/td>\n<td>Prasa okr\u0105g\u0142a,<br \/>\nkombajn itp.<\/td>\n<td>540<\/td>\n<td>282<\/td>\n<td>120<\/td>\n<td>3000<\/td>\n<td>Helikalny Gleasona<br \/>\nZ\u0119by<\/td>\n<\/tr>\n<tr>\n<td colspan=\"8\">Uwaga: Je\u015bli masz jakie\u015b specjalne \u017cyczenia, daj mi zna\u0107, realizujemy r\u00f3wnie\u017c zam\u00f3wienia niestandardowe.<\/td>\n<\/tr>\n<\/tbody>\n<\/table>\n<h3>Zalety przek\u0142adni prasy zwijaj\u0105cej FMP9.35<\/h3>\n<p>Przek\u0142adnia FMP9.35 do prasy zwijaj\u0105cej to wysokowydajna przek\u0142adnia zaprojektowana specjalnie do rolniczych pras zwijaj\u0105cych, oferuj\u0105ca liczne korzy\u015bci w zakresie poprawy wydajno\u015bci operacyjnej i trwa\u0142o\u015bci. Poni\u017cej przedstawiono najwa\u017cniejsze zalety przek\u0142adni FMP9.35:<\/p>\n<p><strong>Mo\u017cliwo\u015b\u0107 obs\u0142ugi du\u017cej mocy<\/strong><\/p>\n<ul>\n<li>Zaleta: Maszyna FMP9.35 zosta\u0142a zaprojektowana tak, aby radzi\u0107 sobie z obci\u0105\u017ceniami o wysokim momencie obrotowym, dzi\u0119ki czemu idealnie nadaje si\u0119 do ci\u0119\u017ckich zastosowa\u0144 zwi\u0105zanych z belowaniem.<\/li>\n<li>Zaleta: Dzi\u0119ki temu przek\u0142adnia mo\u017ce skutecznie radzi\u0107 sobie z trudnymi materia\u0142ami, takimi jak siano, s\u0142oma, kiszonka i odpady rolnicze, gwarantuj\u0105c niezawodne przenoszenie mocy i optymaln\u0105 wydajno\u015b\u0107 prasowania, nawet w trudnych warunkach.<\/li>\n<\/ul>\n<p><strong>Zwi\u0119kszona trwa\u0142o\u015b\u0107 i d\u0142ugowieczno\u015b\u0107<\/strong><\/p>\n<ul>\n<li>Zaleta: Wykonana z najwy\u017cszej jako\u015bci materia\u0142\u00f3w i o solidnej konstrukcji skrzynia bieg\u00f3w FMP9.35 zosta\u0142a zaprojektowana z my\u015bl\u0105 o d\u0142ugotrwa\u0142ej wydajno\u015bci.<\/li>\n<li>Zaleta: Trwa\u0142a konstrukcja znacznie zmniejsza zu\u017cycie i uszkodzenia, dzi\u0119ki czemu maszyna wytrzymuje lata intensywnego u\u017cytkowania bez cz\u0119stych napraw lub wymian, co obni\u017ca og\u00f3lne koszty operacyjne dla rolnik\u00f3w.<\/li>\n<\/ul>\n<p><strong>P\u0142ynna i wydajna praca<\/strong><\/p>\n<ul>\n<li>Zaleta: Przek\u0142adnia FMP9.35 zosta\u0142a zoptymalizowana pod k\u0105tem p\u0142ynnego przenoszenia mocy, minimalizuj\u0105c straty energii podczas pracy.<\/li>\n<li>Zaleta: Wydajny transfer mocy zmniejsza zu\u017cycie paliwa i zwi\u0119ksza og\u00f3ln\u0105 wydajno\u015b\u0107 prasy, dzi\u0119ki czemu praca jest nie tylko efektywna, ale i ekonomiczna.<\/li>\n<\/ul>\n<p><strong>Niskie wymagania konserwacyjne<\/strong><\/p>\n<ul>\n<li>Zaleta: Skrzynia bieg\u00f3w zosta\u0142a zaprojektowana z my\u015bl\u0105 o \u0142atwej konserwacji i posiada funkcje umo\u017cliwiaj\u0105ce szybkie kontrole i proste serwisowanie.<\/li>\n<li>Zaleta: Zmniejsza to przestoje i gwarantuje, \u017ce przek\u0142adnia pozostanie w doskona\u0142ym stanie przy minimalnym wysi\u0142ku, co pozwala na bardziej ci\u0105g\u0142\u0105 prac\u0119 i mniej przerw w sezonie belowania.<\/li>\n<\/ul>\n<p><strong>Kompaktowa i oszcz\u0119dzaj\u0105ca miejsce konstrukcja<\/strong><\/p>\n<ul>\n<li>Zaleta: FMP9.35 ma kompaktow\u0105 konstrukcj\u0119, kt\u00f3ra pozwala zaoszcz\u0119dzi\u0107 miejsce, zapewniaj\u0105c jednocze\u015bnie optymaln\u0105 wydajno\u015b\u0107.<\/li>\n<li>Zaleta: Kompaktowe rozmiary sprawiaj\u0105, \u017ce maszyna jest l\u017cejsza i \u0142atwiejsza w manewrowaniu, co zapewnia wi\u0119ksz\u0105 elastyczno\u015b\u0107 podczas pracy na ciasnych polach lub w trudno dost\u0119pnych miejscach.<\/li>\n<\/ul>\n<p><strong>Wszechstronno\u015b\u0107 dla r\u00f3\u017cnych zastosowa\u0144<\/strong><\/p>\n<ul>\n<li>Zaleta: Przek\u0142adnia FMP9.35 jest wszechstronna, nadaje si\u0119 do r\u00f3\u017cnych typ\u00f3w belowania, w tym siana, s\u0142omy i kiszonki.<\/li>\n<li>Zaleta: Wszechstronno\u015b\u0107 tej przek\u0142adni sprawia, \u017ce \u200b\u200bjest to doskona\u0142y wyb\u00f3r dla rolnik\u00f3w potrzebuj\u0105cych przek\u0142adni, kt\u00f3ra poradzi sobie z r\u00f3\u017cnymi uprawami i materia\u0142ami, gwarantuj\u0105c optymaln\u0105 prac\u0119 prasy w r\u00f3\u017cnych warunkach rolniczych.<\/li>\n<\/ul>\n<p>Przek\u0142adnia FMP9.35 do prasy zwijaj\u0105cej to mocna, trwa\u0142a i wydajna przek\u0142adnia zaprojektowana z my\u015bl\u0105 o spe\u0142nieniu wysokich wymaga\u0144 nowoczesnych operacji belowania w rolnictwie. Jej solidna konstrukcja, p\u0142ynna praca i niskie wymagania konserwacyjne sprawiaj\u0105, \u017ce jest to idealny wyb\u00f3r dla rolnik\u00f3w poszukuj\u0105cych niezawodnej i wydajnej przek\u0142adni. FMP9.35 pomaga zmaksymalizowa\u0107 wydajno\u015b\u0107, obni\u017cy\u0107 koszty operacyjne i zapewni\u0107 d\u0142ugotrwa\u0142\u0105 niezawodno\u015b\u0107, przyczyniaj\u0105c si\u0119 do og\u00f3lnego sukcesu w belowaniu w r\u00f3\u017cnych zastosowaniach rolniczych.<\/p>\n<p><img loading=\"lazy\" decoding=\"async\" class=\"alignnone size-full wp-image-2507\" src=\"https:\/\/fmp-components.com\/wp-content\/uploads\/2025\/01\/Round-Baler-Gearbox-EP9.0-HL01-for-Agricultural-21.webp\" alt=\"Przek\u0142adnia prasy zwijaj\u0105cej FMP9.0-HL01-do-rolnictwa-2(1)\" width=\"980\" height=\"653\" title=\"\" srcset=\"https:\/\/fmp-components.com\/wp-content\/uploads\/2025\/01\/Round-Baler-Gearbox-EP9.0-HL01-for-Agricultural-21.webp 980w, https:\/\/fmp-components.com\/wp-content\/uploads\/2025\/01\/Round-Baler-Gearbox-EP9.0-HL01-for-Agricultural-21-480x320.webp 480w\" sizes=\"(min-width: 0px) and (max-width: 480px) 480px, (min-width: 481px) 980px, 100vw\" \/><\/p>\n<h3>Funkcja przek\u0142adni prasy zwijaj\u0105cej FMP9.35 w rolnictwie<\/h3>\n<p>Przek\u0142adnia prasy zwijaj\u0105cej FMP9.35 odgrywa kluczow\u0105 rol\u0119 w dzia\u0142aniu pras zwijaj\u0105cych, kt\u00f3re s\u0105 niezb\u0119dnymi maszynami rolniczymi do zag\u0119szczania i belowania materia\u0142\u00f3w takich jak siano, s\u0142oma i kiszonka. Przek\u0142adnia ta zapewnia efektywne przenoszenie mocy z ci\u0105gnika na pras\u0119, zapewniaj\u0105c optymaln\u0105 wydajno\u015b\u0107 podczas belowania. Poni\u017cej przedstawiono kluczowe funkcje przek\u0142adni prasy zwijaj\u0105cej FMP9.35:<\/p>\n<p><strong>Przenoszenie mocy<\/strong><\/p>\n<ul>\n<li>Funkcja: Podstawow\u0105 funkcj\u0105 skrzyni bieg\u00f3w FMP9.35 jest przenoszenie mocy z wa\u0142u odbioru mocy (WOM) ci\u0105gnika do wewn\u0119trznych mechanizm\u00f3w prasy do bel okr\u0105g\u0142ych.<\/li>\n<li>Zaleta: Zapewnia p\u0142ynne i wydajne przenoszenie mocy, dzi\u0119ki czemu prasa mo\u017ce wykonywa\u0107 r\u00f3\u017cne funkcje, takie jak podawanie, \u015bciskanie i wi\u0105zanie materia\u0142\u00f3w w celu formowania zwartych bel.<\/li>\n<\/ul>\n<p><strong>Mno\u017cenie momentu obrotowego<\/strong><\/p>\n<ul>\n<li>Funkcja: Przek\u0142adnia zapewnia zwielokrotnienie momentu obrotowego, zwi\u0119kszaj\u0105c si\u0142\u0119 obrotow\u0105, kt\u00f3ra jest przy\u0142o\u017cona do podzespo\u0142\u00f3w prasy.<\/li>\n<li>Zaleta: Jest to szczeg\u00f3lnie wa\u017cne w przypadku materia\u0142\u00f3w twardych i g\u0119stych, takich jak mokre siano lub s\u0142oma, poniewa\u017c zapewnia, \u017ce \u200b\u200bprasa pracuje z wymagan\u0105 wydajno\u015bci\u0105 i moc\u0105, nie przeci\u0105\u017caj\u0105c systemu.<\/li>\n<\/ul>\n<p><strong>Redukcja pr\u0119dko\u015bci<\/strong><\/p>\n<ul>\n<li>Funkcja: Przek\u0142adnia FMP9.35 redukuje wysok\u0105 pr\u0119dko\u015b\u0107 obrotow\u0105 WOM ci\u0105gnika do pr\u0119dko\u015bci optymalnej dla podzespo\u0142\u00f3w roboczych prasy, takich jak walce i mechanizm zag\u0119szczaj\u0105cy.<\/li>\n<li>Zaleta: Kontrolowana redukcja pr\u0119dko\u015bci zapobiega uszkodzeniom uk\u0142adu belowania i zapewnia, \u017ce \u200b\u200bprasa pracuje w idealnym tempie, umo\u017cliwiaj\u0105cym wydajne zag\u0119szczanie i formowanie bel.<\/li>\n<\/ul>\n<p><strong>Synchronizacja mechanizm\u00f3w prasy<\/strong><\/p>\n<ul>\n<li>Funkcja: Przek\u0142adnia odpowiada za synchronizacj\u0119 r\u00f3\u017cnych podzespo\u0142\u00f3w mechanicznych prasy, w tym uk\u0142ad\u00f3w pobierania, kompresji i wi\u0105zania.<\/li>\n<li>Zaleta: Koordynuj\u0105c ruch tych podzespo\u0142\u00f3w, przek\u0142adnia zapewnia harmonijny przebieg wszystkich operacji, co przek\u0142ada si\u0119 na sp\u00f3jne i wysokiej jako\u015bci formowanie bel.<\/li>\n<\/ul>\n<p><strong>Dystrybucja obci\u0105\u017cenia<\/strong><\/p>\n<ul>\n<li>Funkcja: Przek\u0142adnia FMP9.35 pomaga r\u00f3wnomiernie roz\u0142o\u017cy\u0107 obci\u0105\u017cenie mechaniczne w ca\u0142ym uk\u0142adzie, gwarantuj\u0105c, \u017ce \u017caden pojedynczy element nie zostanie nadmiernie obci\u0105\u017cony.<\/li>\n<li>Zaleta: Taki rozk\u0142ad obci\u0105\u017cenia minimalizuje zu\u017cycie najwa\u017cniejszych podzespo\u0142\u00f3w, zwi\u0119kszaj\u0105c \u017cywotno\u015b\u0107 prasy i zmniejszaj\u0105c wymagania konserwacyjne.<\/li>\n<\/ul>\n<p>Przek\u0142adnia prasy zwijaj\u0105cej FMP9.35 jest niezb\u0119dna do zapewnienia wydajnej i niezawodnej pracy pras zwijaj\u0105cych w zastosowaniach rolniczych. Zapewniaj\u0105c p\u0142ynne przenoszenie mocy, multiplikacj\u0119 momentu obrotowego, redukcj\u0119 pr\u0119dko\u015bci i rozk\u0142ad obci\u0105\u017cenia, maksymalizuje wydajno\u015b\u0107 prasy, minimalizuj\u0105c jednocze\u015bnie koszty eksploatacji i wymagania konserwacyjne. Ta przek\u0142adnia pomaga rolnikom uzyska\u0107 powtarzalne, wysokiej jako\u015bci bele i zwi\u0119ksza og\u00f3ln\u0105 wydajno\u015b\u0107 belowania.<\/p>\n<p><img loading=\"lazy\" decoding=\"async\" class=\"alignnone size-full wp-image-2505\" src=\"https:\/\/fmp-components.com\/wp-content\/uploads\/2025\/01\/Round-Baler-Gearbox-191-scaled.webp\" alt=\"Przek\u0142adnia prasy okr\u0105g\u0142ej 19(1)\" width=\"2560\" height=\"1920\" title=\"\" srcset=\"https:\/\/fmp-components.com\/wp-content\/uploads\/2025\/01\/Round-Baler-Gearbox-191-scaled.webp 2560w, https:\/\/fmp-components.com\/wp-content\/uploads\/2025\/01\/Round-Baler-Gearbox-191-1280x960.webp 1280w, https:\/\/fmp-components.com\/wp-content\/uploads\/2025\/01\/Round-Baler-Gearbox-191-980x735.webp 980w, https:\/\/fmp-components.com\/wp-content\/uploads\/2025\/01\/Round-Baler-Gearbox-191-480x360.webp 480w\" sizes=\"(min-width: 0px) and (max-width: 480px) 480px, (min-width: 481px) and (max-width: 980px) 980px, (min-width: 981px) and (max-width: 1280px) 1280px, (min-width: 1281px) 2560px, 100vw\" \/><\/p>\n<h3>O FMP<\/h3>\n<p>Z siedzib\u0105 g\u0142\u00f3wn\u0105 we W\u0142oszech, FMP to czo\u0142owy producent, znany ze swojego do\u015bwiadczenia w projektowaniu, rozwoju i produkcji wysokowydajnych przek\u0142adni, szczeg\u00f3lnie dla sektora maszyn rolniczych. Znana z precyzyjnej in\u017cynierii, innowacyjnych rozwi\u0105za\u0144 i niezmiennej niezawodno\u015bci, FMP ugruntowa\u0142a swoj\u0105 pozycj\u0119 zaufanego partnera w spe\u0142nianiu zmieniaj\u0105cych si\u0119 potrzeb rynku rolniczego i przemys\u0142owego. Nasze bogate portfolio produkt\u00f3w obejmuje specjalistyczne przek\u0142adnie do kosiarek, wa\u0142y odbioru mocy (WOM) i wiele innych kluczowych komponent\u00f3w, wszystkie zaprojektowane z my\u015bl\u0105 o dostarczaniu rozwi\u0105za\u0144 dostosowanych do szerokiego zakresu zastosowa\u0144.<\/p>\n<p>W FMP zdajemy sobie spraw\u0119, \u017ce potrzeby ka\u017cdego klienta s\u0105 wyj\u0105tkowe. Dlatego specjalizujemy si\u0119 w dostarczaniu rozwi\u0105za\u0144 dostosowanych do indywidualnych potrzeb, zar\u00f3wno dla pojedynczych komponent\u00f3w, jak i w pe\u0142ni zintegrowanych system\u00f3w. Dzi\u0119ki bliskiej wsp\u00f3\u0142pracy z naszymi klientami zapewniamy, \u017ce ka\u017cde rozwi\u0105zanie jest nie tylko skuteczne, ale tak\u017ce zoptymalizowane pod k\u0105tem wydajno\u015bci, efektywno\u015bci i warto\u015bci. Nasze zaanga\u017cowanie w udzielanie szybkich i profesjonalnych odpowiedzi, wspierane przez fachowe doradztwo, gwarantuje, \u017ce ka\u017cde zapytanie jest obs\u0142ugiwane z precyzj\u0105, co przek\u0142ada si\u0119 na najlepsze mo\u017cliwe rezultaty.<\/p>\n<p>Priorytetem jest dla nas transparentna i ci\u0105g\u0142a komunikacja w ca\u0142ym procesie rozwoju produktu. Nasz zaanga\u017cowany zesp\u00f3\u0142 wsp\u00f3\u0142pracuje bezpo\u015brednio z klientami, aby dog\u0142\u0119bnie zrozumie\u0107 ich specyficzne wymagania, oferuj\u0105c praktyczne spostrze\u017cenia i rekomendacje, kt\u00f3re prowadz\u0105 do optymalnych rozwi\u0105za\u0144. Niezale\u017cnie od tego, czy projektujemy innowacyjne produkty, czy realizujemy bie\u017c\u0105ce zam\u00f3wienia, FMP dok\u0142ada wszelkich stara\u0144, aby dostarcza\u0107 wysokiej jako\u015bci, precyzyjnie zaprojektowane rozwi\u0105zania na czas i za ka\u017cdym razem. Nasz\u0105 misj\u0105 jest zapewnienie klientom najwy\u017cszej jako\u015bci obs\u0142ugi i rezultat\u00f3w, stale przekraczaj\u0105c ich oczekiwania w ka\u017cdym projekcie.<\/p>\n<p>Jako\u015b\u0107 jest fundamentem dzia\u0142alno\u015bci FMP. Przestrzegamy najwy\u017cszych standard\u00f3w produkcyjnych, wdra\u017caj\u0105c rygorystyczne procesy kontroli jako\u015bci, aby zapewni\u0107, \u017ce ka\u017cdy produkt nie tylko spe\u0142nia, ale wr\u0119cz przewy\u017csza standardy bran\u017cowe. To niez\u0142omne zaanga\u017cowanie w jako\u015b\u0107, w po\u0142\u0105czeniu z naszymi podstawowymi warto\u015bciami, takimi jak uczciwo\u015b\u0107, praca zespo\u0142owa i wytrwa\u0142o\u015b\u0107, pozwoli\u0142o nam zbudowa\u0107 d\u0142ugotrwa\u0142e, oparte na zaufaniu relacje z klientami w prawie 30 krajach na ca\u0142ym \u015bwiecie.<\/p>\n<p>W FMP jeste\u015bmy zawsze otwarci na nawi\u0105zywanie globalnych partnerstw i z zaanga\u017cowaniem oferujemy fachowe doradztwo oraz rozwi\u0105zania dostosowane do indywidualnych potrzeb naszych klient\u00f3w. Nie ograniczamy si\u0119 do dostarczania produkt\u00f3w; d\u0105\u017cymy do budowania trwa\u0142ych relacji, kt\u00f3re przyczyniaj\u0105 si\u0119 do sukcesu ka\u017cdego projektu. Niezale\u017cnie od tego, czy potrzebujesz innowacyjnych rozwi\u0105za\u0144 dla nowej inicjatywy, czy sta\u0142ego wsparcia dla istniej\u0105cego systemu, FMP jest do Twojej dyspozycji, aby stawi\u0107 czo\u0142a Twoim wyzwaniom technicznym i zapewni\u0107 Ci ci\u0105g\u0142y sukces.<\/p>\n<p><img loading=\"lazy\" decoding=\"async\" class=\"alignnone size-full wp-image-1861\" src=\"https:\/\/fmp-components.com\/wp-content\/uploads\/2024\/12\/Other-Agricultural-Gearboxes.webp\" sizes=\"(min-width: 0px) and (max-width: 480px) 480px, (min-width: 481px) and (max-width: 980px) 980px, (min-width: 981px) 1200px, 100vw\" srcset=\"https:\/\/fmp-components.com\/wp-content\/uploads\/2024\/12\/Other-Agricultural-Gearboxes.webp 1200w, https:\/\/fmp-components.com\/wp-content\/uploads\/2024\/12\/Other-Agricultural-Gearboxes-980x1143.webp 980w, https:\/\/fmp-components.com\/wp-content\/uploads\/2024\/12\/Other-Agricultural-Gearboxes-480x560.webp 480w\" alt=\"Inne zmiany rolnicze\" width=\"1200\" height=\"1400\" title=\"\"><\/p>\n<p>Autor: CX<\/p>","protected":false},"excerpt":{"rendered":"<p>Round Baler Gearbox FMP9.35 Dimensions Round Baler Gearbox FMP9.35 Technical Data i Suitable Rpm input Rpm output KW(Nom) KW(Max) Toothing r\/min r\/min hp hp Decelerate 1.92:1 Round baler, harvester, etc 540 282 120 3000 Gleason Helical Teeth Remark: If you have any special require feel free let me know, we also accept custom. Advantages of [&hellip;]<\/p>","protected":false},"featured_media":2514,"comment_status":"open","ping_status":"closed","template":"","meta":{"_et_pb_use_builder":"","_et_pb_old_content":"","_et_gb_content_width":""},"product_brand":[],"product_cat":[59],"product_tag":[],"class_list":{"0":"post-2510","1":"product","2":"type-product","3":"status-publish","4":"has-post-thumbnail","6":"product_cat-round-baler-gearbox","8":"first","9":"instock","10":"shipping-taxable","11":"product-type-simple"},"_links":{"self":[{"href":"https:\/\/fmp-components.com\/pl\/wp-json\/wp\/v2\/product\/2510","targetHints":{"allow":["GET"]}}],"collection":[{"href":"https:\/\/fmp-components.com\/pl\/wp-json\/wp\/v2\/product"}],"about":[{"href":"https:\/\/fmp-components.com\/pl\/wp-json\/wp\/v2\/types\/product"}],"replies":[{"embeddable":true,"href":"https:\/\/fmp-components.com\/pl\/wp-json\/wp\/v2\/comments?post=2510"}],"wp:featuredmedia":[{"embeddable":true,"href":"https:\/\/fmp-components.com\/pl\/wp-json\/wp\/v2\/media\/2514"}],"wp:attachment":[{"href":"https:\/\/fmp-components.com\/pl\/wp-json\/wp\/v2\/media?parent=2510"}],"wp:term":[{"taxonomy":"product_brand","embeddable":true,"href":"https:\/\/fmp-components.com\/pl\/wp-json\/wp\/v2\/product_brand?post=2510"},{"taxonomy":"product_cat","embeddable":true,"href":"https:\/\/fmp-components.com\/pl\/wp-json\/wp\/v2\/product_cat?post=2510"},{"taxonomy":"product_tag","embeddable":true,"href":"https:\/\/fmp-components.com\/pl\/wp-json\/wp\/v2\/product_tag?post=2510"}],"curies":[{"name":"wp","href":"https:\/\/api.w.org\/{rel}","templated":true}]}}