{"id":2494,"date":"2025-01-02T02:23:31","date_gmt":"2025-01-02T02:23:31","guid":{"rendered":"https:\/\/fmp-components.com\/?page_id=8"},"modified":"2025-01-02T02:27:07","modified_gmt":"2025-01-02T02:27:07","slug":"round-baler-gearbox-fmp9-0-for-round-baler-and-harvester","status":"publish","type":"product","link":"https:\/\/fmp-components.com\/pl\/product\/round-baler-gearbox-fmp9-0-for-round-baler-and-harvester\/","title":{"rendered":"Przek\u0142adnia prasy zwijaj\u0105cej FMP9.0 do prasy zwijaj\u0105cej i kombajnu"},"content":{"rendered":"<p><img loading=\"lazy\" decoding=\"async\" class=\"alignnone size-full wp-image-2498\" src=\"https:\/\/fmp-components.com\/wp-content\/uploads\/2025\/01\/Round-Baler-Gearbox-EP9.0-Components-and-Features1.webp\" alt=\"Przek\u0142adnia prasy okr\u0105g\u0142ej EP9.0 \u2013 komponenty i funkcje (1)\" width=\"1140\" height=\"865\" title=\"\" srcset=\"https:\/\/fmp-components.com\/wp-content\/uploads\/2025\/01\/Round-Baler-Gearbox-EP9.0-Components-and-Features1.webp 1140w, https:\/\/fmp-components.com\/wp-content\/uploads\/2025\/01\/Round-Baler-Gearbox-EP9.0-Components-and-Features1-980x744.webp 980w, https:\/\/fmp-components.com\/wp-content\/uploads\/2025\/01\/Round-Baler-Gearbox-EP9.0-Components-and-Features1-480x364.webp 480w\" sizes=\"(min-width: 0px) and (max-width: 480px) 480px, (min-width: 481px) and (max-width: 980px) 980px, (min-width: 981px) 1140px, 100vw\" \/><\/p>\n<h2>Wymiary przek\u0142adni prasy zwijaj\u0105cej FMP9.0\u00a0<img loading=\"lazy\" decoding=\"async\" class=\"alignnone size-full wp-image-2497\" src=\"https:\/\/fmp-components.com\/wp-content\/uploads\/2025\/01\/Round-Baler-Gearbox-EP9.0-Dimensions-1.webp\" alt=\"Wymiary skrzyni bieg\u00f3w prasy zwijaj\u0105cej EP9.0\" width=\"1381\" height=\"458\" title=\"\" srcset=\"https:\/\/fmp-components.com\/wp-content\/uploads\/2025\/01\/Round-Baler-Gearbox-EP9.0-Dimensions-1.webp 1381w, https:\/\/fmp-components.com\/wp-content\/uploads\/2025\/01\/Round-Baler-Gearbox-EP9.0-Dimensions-1-1280x425.webp 1280w, https:\/\/fmp-components.com\/wp-content\/uploads\/2025\/01\/Round-Baler-Gearbox-EP9.0-Dimensions-1-980x325.webp 980w, https:\/\/fmp-components.com\/wp-content\/uploads\/2025\/01\/Round-Baler-Gearbox-EP9.0-Dimensions-1-480x159.webp 480w\" sizes=\"(min-width: 0px) and (max-width: 480px) 480px, (min-width: 481px) and (max-width: 980px) 980px, (min-width: 981px) and (max-width: 1280px) 1280px, (min-width: 1281px) 1381px, 100vw\" \/><\/h2>\n<p><img loading=\"lazy\" decoding=\"async\" class=\"alignnone size-full wp-image-2496\" src=\"https:\/\/fmp-components.com\/wp-content\/uploads\/2025\/01\/Round-Baler-Gearbox-EP9.0-Dimensions-2.webp\" alt=\"Wymiary skrzyni bieg\u00f3w prasy zwijaj\u0105cej EP9.0\" width=\"1363\" height=\"812\" title=\"\" srcset=\"https:\/\/fmp-components.com\/wp-content\/uploads\/2025\/01\/Round-Baler-Gearbox-EP9.0-Dimensions-2.webp 1363w, https:\/\/fmp-components.com\/wp-content\/uploads\/2025\/01\/Round-Baler-Gearbox-EP9.0-Dimensions-2-1280x763.webp 1280w, https:\/\/fmp-components.com\/wp-content\/uploads\/2025\/01\/Round-Baler-Gearbox-EP9.0-Dimensions-2-980x584.webp 980w, https:\/\/fmp-components.com\/wp-content\/uploads\/2025\/01\/Round-Baler-Gearbox-EP9.0-Dimensions-2-480x286.webp 480w\" sizes=\"(min-width: 0px) and (max-width: 480px) 480px, (min-width: 481px) and (max-width: 980px) 980px, (min-width: 981px) and (max-width: 1280px) 1280px, (min-width: 1281px) 1363px, 100vw\" \/><\/p>\n<h2>Dane techniczne przek\u0142adni prasy roluj\u0105cej FMP9.0<\/h2>\n<table style=\"width: 100.25%; height: 134px;\" border=\"1\" cellspacing=\"0\" cellpadding=\"0\">\n<tbody>\n<tr>\n<td colspan=\"2\" rowspan=\"2\">I<\/td>\n<td rowspan=\"2\">Odpowiedni<\/td>\n<td>Wej\u015bcie obr.\/min<\/td>\n<td>Wyj\u015bcie obr.\/min<\/td>\n<td>KW(Nom)<\/td>\n<td>kW (maks.)<\/td>\n<td rowspan=\"2\">Uz\u0119bienie<\/td>\n<\/tr>\n<tr>\n<td>obr.\/min<\/td>\n<td>obr.\/min<\/td>\n<td>KM<\/td>\n<td>KM<\/td>\n<\/tr>\n<tr>\n<td>Zmniejsza\u0107 pr\u0119dko\u015b\u0107<\/td>\n<td>1.92:1<\/td>\n<td>Prasa okr\u0105g\u0142a,<br \/>\nkombajn itp.<\/td>\n<td>540<\/td>\n<td>282<\/td>\n<td>120<\/td>\n<td>3000<\/td>\n<td>Helikalny Gleasona<br \/>\nZ\u0119by<\/td>\n<\/tr>\n<tr>\n<td colspan=\"8\">Uwaga: Je\u015bli masz jakie\u015b specjalne \u017cyczenia, daj mi zna\u0107, realizujemy r\u00f3wnie\u017c zam\u00f3wienia niestandardowe.<\/td>\n<\/tr>\n<\/tbody>\n<\/table>\n<h3>Komponenty i funkcje przek\u0142adni prasy roluj\u0105cej FMP9.0<\/h3>\n<p>Przek\u0142adnia prasy zwijaj\u0105cej FMP9.0 zosta\u0142a zaprojektowana specjalnie do belowania w rolnictwie, oferuj\u0105c wysok\u0105 niezawodno\u015b\u0107 i wyj\u0105tkow\u0105 wydajno\u015b\u0107. Zosta\u0142a zaprojektowana tak, aby sprosta\u0107 wymagaj\u0105cym warunkom pracy maszyn do belowania, zapewniaj\u0105c jednocze\u015bnie optymalne przenoszenie mocy i trwa\u0142o\u015b\u0107. Poni\u017cej przedstawiono kluczowe komponenty i cechy przek\u0142adni FMP9.0:<\/p>\n<p><strong>Obudowa skrzyni bieg\u00f3w<\/strong><\/p>\n<ul>\n<li>Materia\u0142: Obudowa przek\u0142adni FMP9.0 jest zazwyczaj wykonana z wytrzyma\u0142ego \u017celiwa lub stali, co zapewnia solidno\u015b\u0107 i d\u0142ugotrwa\u0142\u0105 trwa\u0142o\u015b\u0107 przy du\u017cych obci\u0105\u017ceniach eksploatacyjnych.<\/li>\n<li>Konstrukcja: Obudowa jest kompaktowa i odporna na zu\u017cycie zewn\u0119trzne i korozj\u0119, zapewniaj\u0105c ochron\u0119 podzespo\u0142\u00f3w wewn\u0119trznych i gwarantuj\u0105c niezawodn\u0105 prac\u0119 w trudnych warunkach rolniczych.<\/li>\n<\/ul>\n<p>Cecha: Trwa\u0142o\u015b\u0107 i ochrona<br \/>\nZapewnia d\u0142ugowieczno\u015b\u0107 skrzyni bieg\u00f3w, chroni\u0105c jej wewn\u0119trzne elementy przed zu\u017cyciem, korozj\u0105 i uderzeniami.<\/p>\n<p><strong>Przek\u0142adnie i mechanizmy przek\u0142adniowe<\/strong><\/p>\n<ul>\n<li>Przek\u0142adnie o wysokiej precyzji: Przek\u0142adnia FMP9.0 jest wyposa\u017cona w precyzyjnie doci\u0119te ko\u0142a z\u0119bate wykonane z wysokiej jako\u015bci materia\u0142\u00f3w, zazwyczaj ze stali naw\u0119glanej lub stali stopowej. Przek\u0142adnie te zosta\u0142y zaprojektowane z my\u015bl\u0105 o efektywnym przenoszeniu mocy i wytrzymywaniu wysokiego momentu obrotowego wymaganego przez prasy zwijaj\u0105ce.<\/li>\n<li>Prze\u0142o\u017cenia: Skrzynia bieg\u00f3w charakteryzuje si\u0119 okre\u015blonymi prze\u0142o\u017ceniami (takimi jak 1:3, 1:4 itd.), zoptymalizowanymi pod k\u0105tem po\u017c\u0105danej pr\u0119dko\u015bci wyj\u015bciowej i momentu obrotowego, zapewniaj\u0105c r\u00f3wnowag\u0119 mi\u0119dzy moc\u0105 i wydajno\u015bci\u0105 procesu prasowania.<\/li>\n<\/ul>\n<p>Cecha: Wysokowydajna transmisja mocy<br \/>\nZapewnia p\u0142ynn\u0105 prac\u0119 i maksymalizuje wydajno\u015b\u0107 sprz\u0119tu do belowania, zmniejszaj\u0105c zu\u017cycie energii i zu\u017cycie.<\/p>\n<p><strong>\u0141o\u017cyska i wa\u0142y<\/strong><\/p>\n<ul>\n<li>Wytrzyma\u0142e \u0142o\u017cyska: Przek\u0142adnia FMP9.0 zawiera wysokiej jako\u015bci \u0142o\u017cyska, wykonane zazwyczaj ze stali chromowanej lub materia\u0142\u00f3w ceramicznych, co zmniejsza tarcie i gwarantuje p\u0142ynny obr\u00f3t k\u00f3\u0142 z\u0119batych.<\/li>\n<li>Konstrukcja wa\u0142u: Wa\u0142y s\u0105 solidnie zaprojektowane, aby przenosi\u0107 moc z wa\u0142u odbioru mocy (WOM) na r\u00f3\u017cne podzespo\u0142y prasy, takie jak podajnik i uk\u0142ad zag\u0119szczaj\u0105cy. S\u0105 one przystosowane do pracy z du\u017c\u0105 pr\u0119dko\u015bci\u0105 obrotow\u0105 i du\u017cymi obci\u0105\u017ceniami.<\/li>\n<\/ul>\n<p>Cechy: P\u0142ynna praca i du\u017ca \u0142adowno\u015b\u0107<br \/>\nZapewnia cich\u0105 prac\u0119 i redukuje wibracje, co przyczynia si\u0119 do wyd\u0142u\u017cenia \u017cywotno\u015bci przek\u0142adni i prasy.<\/p>\n<p><strong>Uk\u0142ad smarowania<\/strong><\/p>\n<ul>\n<li>Automatyczne smarowanie: Skrzynia bieg\u00f3w FMP9.0 jest wyposa\u017cona w zaawansowany system smarowania, kt\u00f3ry zapewnia optymaln\u0105 cyrkulacj\u0119 oleju w ca\u0142ej skrzyni. Pomaga on zmniejszy\u0107 tarcie, ch\u0142odzi elementy wewn\u0119trzne i zapobiega przedwczesnemu zu\u017cyciu.<\/li>\n<li>Uszczelki olejowe: Wysokiej jako\u015bci uszczelki olejowe zapobiegaj\u0105 wyciekom, zapewniaj\u0105c nienaruszone smarowanie, co wyd\u0142u\u017ca \u017cywotno\u015b\u0107 skrzyni bieg\u00f3w.<\/li>\n<\/ul>\n<p>Cecha: Optymalne smarowanie zapewniaj\u0105ce d\u0142ugowieczno\u015b\u0107<br \/>\nMinimalizuje zu\u017cycie wewn\u0119trznych podzespo\u0142\u00f3w, zapewniaj\u0105c p\u0142ynn\u0105 prac\u0119 i zmniejszaj\u0105c potrzeb\u0119 cz\u0119stej konserwacji.<\/p>\n<p><strong>Ko\u0142nierz wyj\u015bciowy i sprz\u0119g\u0142o WOM<\/strong><\/p>\n<ul>\n<li>Z\u0142\u0105cze WOM: Skrzynia bieg\u00f3w FMP9.0 jest wyposa\u017cona w sprz\u0119g\u0142o wa\u0142u odbioru mocy, kt\u00f3re \u0142\u0105czy si\u0119 z uk\u0142adem WOM ci\u0105gnika. Ko\u0142nierz wyj\u015bciowy zosta\u0142 zaprojektowany tak, aby bezpiecznie zamocowa\u0107 go do urz\u0105dzenia do belowania, zapewniaj\u0105c bezpieczne i wydajne przenoszenie mocy.<\/li>\n<li>Funkcje bezpiecze\u0144stwa: Skrzynia bieg\u00f3w posiada wbudowane mechanizmy bezpiecze\u0144stwa, kt\u00f3re zapobiegaj\u0105 uszkodzeniom maszyny w przypadku nag\u0142ego przeci\u0105\u017cenia lub niewsp\u00f3\u0142osiowo\u015bci. Te funkcje bezpiecze\u0144stwa pomagaj\u0105 chroni\u0107 zar\u00f3wno skrzyni\u0119 bieg\u00f3w, jak i ci\u0105gnik przed potencjalnymi uszkodzeniami.<\/li>\n<\/ul>\n<p>Funkcja: Bezpieczne przesy\u0142anie mocy i bezpiecze\u0144stwo<br \/>\nZapewnia bezpieczne i stabilne po\u0142\u0105czenie ci\u0105gnika z pras\u0105, zmniejszaj\u0105c ryzyko awarii mechanicznych i zwi\u0119kszaj\u0105c bezpiecze\u0144stwo pracy.<\/p>\n<p>Przek\u0142adnia prasy zwijaj\u0105cej FMP9.0 zosta\u0142a zaprojektowana z my\u015bl\u0105 o wysokiej wydajno\u015bci i niezawodno\u015bci w rolnictwie. Dzi\u0119ki komponentom zaprojektowanym z my\u015bl\u0105 o trwa\u0142o\u015bci, efektywnym przenoszeniu mocy i zoptymalizowanym smarowaniu, FMP9.0 zapewnia p\u0142ynne i wydajne belowanie, nawet przy du\u017cych obci\u0105\u017ceniach. Solidna konstrukcja, funkcje bezpiecze\u0144stwa i \u0142atwa konserwacja sprawiaj\u0105, \u017ce jest to doskona\u0142y wyb\u00f3r do wymagaj\u0105cych zastosowa\u0144 rolniczych, zapewniaj\u0105cy operatorom niezawodno\u015b\u0107 i spok\u00f3j ducha.<\/p>\n<p><img loading=\"lazy\" decoding=\"async\" class=\"alignnone size-full wp-image-2499\" src=\"https:\/\/fmp-components.com\/wp-content\/uploads\/2025\/01\/Round-Baler-Gearbox-EP9.0-Applications-Area1-scaled.webp\" alt=\"Przek\u0142adnia prasy okr\u0105g\u0142ej EP9.0 \u2013 Obszar zastosowa\u0144 (1)\" width=\"2560\" height=\"1461\" title=\"\" srcset=\"https:\/\/fmp-components.com\/wp-content\/uploads\/2025\/01\/Round-Baler-Gearbox-EP9.0-Applications-Area1-scaled.webp 2560w, https:\/\/fmp-components.com\/wp-content\/uploads\/2025\/01\/Round-Baler-Gearbox-EP9.0-Applications-Area1-1280x731.webp 1280w, https:\/\/fmp-components.com\/wp-content\/uploads\/2025\/01\/Round-Baler-Gearbox-EP9.0-Applications-Area1-980x559.webp 980w, https:\/\/fmp-components.com\/wp-content\/uploads\/2025\/01\/Round-Baler-Gearbox-EP9.0-Applications-Area1-480x274.webp 480w\" sizes=\"(min-width: 0px) and (max-width: 480px) 480px, (min-width: 481px) and (max-width: 980px) 980px, (min-width: 981px) and (max-width: 1280px) 1280px, (min-width: 1281px) 2560px, 100vw\" \/><\/p>\n<h2>Obszar zastosowa\u0144 przek\u0142adni prasy zwijaj\u0105cej FMP9.0<\/h2>\n<p>Przek\u0142adnia prasy zwijaj\u0105cej FMP9.0 zosta\u0142a zaprojektowana z my\u015bl\u0105 o wysokiej wydajno\u015bci w szerokim zakresie zastosowa\u0144 rolniczych. Jej solidna konstrukcja, wydajne przenoszenie mocy i trwa\u0142o\u015b\u0107 sprawiaj\u0105, \u017ce idealnie nadaje si\u0119 do stosowania w wymagaj\u0105cych maszynach do belowania. Poni\u017cej przedstawiono kluczowe obszary, w kt\u00f3rych przek\u0142adnia FMP9.0 jest powszechnie stosowana:<\/p>\n<p><strong>Prasowanie siana i s\u0142omy<\/strong><\/p>\n<ul>\n<li>Zastosowanie: Przek\u0142adnia FMP9.0 jest powszechnie stosowana w prasach do siana i s\u0142omy, gdzie odgrywa kluczow\u0105 rol\u0119 w prasowaniu i wi\u0105zaniu siana lub s\u0142omy w jednolite bele, u\u0142atwiaj\u0105ce ich przenoszenie i przechowywanie.<\/li>\n<li>Zaleta: Przek\u0142adnia umo\u017cliwia wydajne przenoszenie mocy do mechanizmu podaj\u0105cego i zag\u0119szczaj\u0105cego prasy, co pozwala uzyska\u0107 r\u00f3wnomierne formowanie bel nawet przy zmieniaj\u0105cych si\u0119 warunkach obci\u0105\u017cenia.<\/li>\n<\/ul>\n<p>Cecha: Wysoka wydajno\u015b\u0107 operacji belowania<br \/>\nZwi\u0119ksza zdolno\u015b\u0107 do produkcji jednolitych bel, zapewniaj\u0105c minimaln\u0105 ilo\u015b\u0107 odpad\u00f3w i maksymalizuj\u0105c wydajno\u015b\u0107 podczas zbioru siana i s\u0142omy.<\/p>\n<p><strong>Prasowanie kiszonki<\/strong><\/p>\n<ul>\n<li>Zastosowanie: Przek\u0142adnia FMP9.0 jest r\u00f3wnie\u017c wykorzystywana w belowaniu kiszonki, gdzie pomaga w prasowaniu posiekanej paszy (np. kukurydzy lub trawy) w bele do fermentacji i przechowywania jako pasza dla zwierz\u0105t.<\/li>\n<li>Zaleta: Przek\u0142adnia gwarantuje niezawodn\u0105 prac\u0119 w trudnych warunkach, radzi sobie z du\u017cymi obci\u0105\u017ceniami i szybkimi operacjami wymaganymi przy belowaniu kiszonki, zmniejszaj\u0105c przestoje i zwi\u0119kszaj\u0105c wydajno\u015b\u0107 operacyjn\u0105.<\/li>\n<\/ul>\n<p>Cecha: Niezawodna praca pod du\u017cym obci\u0105\u017ceniem<br \/>\nZapewnia p\u0142ynn\u0105 prac\u0119 nawet w przypadku materia\u0142\u00f3w o wysokiej wilgotno\u015bci, np. kiszonki, co przek\u0142ada si\u0119 na sta\u0142\u0105 wydajno\u015b\u0107 i d\u0142ugoterminow\u0105 trwa\u0142o\u015b\u0107.<\/p>\n<p><strong>Recykling odpad\u00f3w rolniczych<\/strong><\/p>\n<ul>\n<li>Zastosowanie: Przek\u0142adnia jest niezb\u0119dna w prasach okr\u0105g\u0142ych stosowanych w recyklingu odpad\u00f3w rolniczych, gdy\u017c pomaga zag\u0119szcza\u0107 i wi\u0105za\u0107 odpady organiczne w \u0142atwe do opanowania bele przeznaczone do kompostowania lub utylizacji.<\/li>\n<li>Zaleta: Przek\u0142adnia FMP9.0 umo\u017cliwia prasom wydajn\u0105 obs\u0142ug\u0119 r\u00f3\u017cnych materia\u0142\u00f3w organicznych, zwi\u0119kszaj\u0105c wszechstronno\u015b\u0107 operacji recyklingu w gospodarstwach rolnych i du\u017cych przedsi\u0119biorstwach rolnych.<\/li>\n<\/ul>\n<p>Cecha: Wszechstronno\u015b\u0107 w przetwarzaniu odpad\u00f3w rolniczych<br \/>\nZapewnia niezawodne i wydajne belowanie r\u00f3\u017cnych odpad\u00f3w organicznych, wspieraj\u0105c dzia\u0142ania na rzecz zr\u00f3wnowa\u017conego rozwoju i gospodarowania odpadami w rolnictwie.<\/p>\n<p><strong>Gospodarstwa rolne i hodowla na du\u017c\u0105 skal\u0119<\/strong><\/p>\n<ul>\n<li>Zastosowanie: W du\u017cych gospodarstwach rolnych i hodowlach przek\u0142adnia FMP9.0 jest cz\u0119sto stosowana w prasach o du\u017cej wydajno\u015bci do produkcji du\u017cych ilo\u015bci siana, s\u0142omy lub kiszonki na potrzeby karmienia zwierz\u0105t gospodarskich.<\/li>\n<li>Zaleta: Trwa\u0142o\u015b\u0107 i niezawodno\u015b\u0107 s\u0105 niezb\u0119dne do zapewnienia p\u0142ynnego dzia\u0142ania operacji na du\u017c\u0105 skal\u0119, minimalizacji przestoj\u00f3w i maksymalizacji wydajno\u015bci w sezonach zbior\u00f3w.<\/li>\n<\/ul>\n<p>Cecha: Trwa\u0142o\u015b\u0107 przy produkcji wielkoseryjnej<br \/>\nIdealna do du\u017cych operacji, przek\u0142adnia FMP9.0 wytrzymuje du\u017ce cykle pracy, zapewniaj\u0105c wysok\u0105 wydajno\u015b\u0107 i minimalne potrzeby konserwacyjne.<\/p>\n<p><strong>Us\u0142ugi komercyjne w zakresie siana i paszy<\/strong><\/p>\n<ul>\n<li>Zastosowanie: Wiele komercyjnych us\u0142ug zwi\u0105zanych z sianem i pasz\u0105 wykorzystuje w swoich prasach przek\u0142adni\u0119 FMP9.0, aby sprosta\u0107 wymaganiom r\u00f3\u017cnych klient\u00f3w \u2014 od ma\u0142ych gospodarstw rodzinnych po wi\u0119ksze przedsi\u0119biorstwa komercyjne.<\/li>\n<li>Zaleta: Wydajne przenoszenie mocy i \u0142atwa konserwacja przek\u0142adni sprawiaj\u0105, \u017ce jest to idealny wyb\u00f3r dla dostawc\u00f3w us\u0142ug, kt\u00f3rzy potrzebuj\u0105 niezawodnego, wydajnego sprz\u0119tu do obs\u0142ugi r\u00f3\u017cnych rodzaj\u00f3w paszy i warunk\u00f3w belowania.<\/li>\n<\/ul>\n<p>Cecha: Niezawodna i zorientowana na us\u0142ugi konstrukcja<br \/>\nWspiera dostawc\u00f3w us\u0142ug, oferuj\u0105c niezawodno\u015b\u0107 i \u0142atwo\u015b\u0107 u\u017cytkowania, gwarantuj\u0105c, \u017ce klienci stale otrzymuj\u0105 wysokiej jako\u015bci bele.<\/p>\n<p><strong>Produkcja bioenergii<\/strong><\/p>\n<ul>\n<li>Zastosowanie: Przek\u0142adnia FMP9.0 stosowana jest w prasach do belowania biomasy w formie bel przeznaczonych do produkcji bioenergii, przetwarzaj\u0105cych materia\u0142y organiczne, takie jak s\u0142oma lub trawa, na paliwo do wytwarzania energii.<\/li>\n<li>Zaleta: Przek\u0142adnia zapewnia wydajne przenoszenie mocy w trakcie procesu belowania, co pomaga w uzyskaniu jednolitych bel, kt\u00f3re mo\u017cna \u0142atwo przetworzy\u0107 na bioenergi\u0119.<\/li>\n<\/ul>\n<p>Funkcja: Zr\u00f3wnowa\u017cony rozw\u00f3j i efektywno\u015b\u0107 energetyczna<br \/>\nWspiera zr\u00f3wnowa\u017cone praktyki w przemy\u015ble bioenergetycznym, zapewniaj\u0105c efektywne belowanie odnawialnych materia\u0142\u00f3w organicznych w celu produkcji energii.<\/p>\n<p>Przek\u0142adnia prasy zwijaj\u0105cej FMP9.0 znajduje zastosowanie przede wszystkim w zbiorze siana, s\u0142omy, kiszonki, recyklingu odpad\u00f3w rolniczych, rolnictwie na du\u017c\u0105 skal\u0119 oraz produkcji bioenergii. Po\u0142\u0105czenie trwa\u0142o\u015bci, niezawodno\u015bci i wysokiej wydajno\u015bci sprawia, \u017ce \u200b\u200bjest to doskona\u0142y wyb\u00f3r do r\u00f3\u017cnych zastosowa\u0144 rolniczych i przemys\u0142owych, gwarantuj\u0105c wysok\u0105 jako\u015b\u0107 rezultat\u00f3w i wspieraj\u0105c efektywn\u0105 prac\u0119 urz\u0105dze\u0144 do belowania w r\u00f3\u017cnych sektorach.<\/p>\n<p><img loading=\"lazy\" decoding=\"async\" class=\"alignnone size-full wp-image-2500\" src=\"https:\/\/fmp-components.com\/wp-content\/uploads\/2025\/01\/Round-Baler-Gearbox-131-scaled.webp\" alt=\"Przek\u0142adnia prasy okr\u0105g\u0142ej 13(1)\" width=\"2560\" height=\"1459\" title=\"\" srcset=\"https:\/\/fmp-components.com\/wp-content\/uploads\/2025\/01\/Round-Baler-Gearbox-131-scaled.webp 2560w, https:\/\/fmp-components.com\/wp-content\/uploads\/2025\/01\/Round-Baler-Gearbox-131-1280x730.webp 1280w, https:\/\/fmp-components.com\/wp-content\/uploads\/2025\/01\/Round-Baler-Gearbox-131-980x559.webp 980w, https:\/\/fmp-components.com\/wp-content\/uploads\/2025\/01\/Round-Baler-Gearbox-131-480x274.webp 480w\" sizes=\"(min-width: 0px) and (max-width: 480px) 480px, (min-width: 481px) and (max-width: 980px) 980px, (min-width: 981px) and (max-width: 1280px) 1280px, (min-width: 1281px) 2560px, 100vw\" \/><\/p>\n<h3>O FMP<\/h3>\n<p>Firma FMP, z siedzib\u0105 g\u0142\u00f3wn\u0105 we W\u0142oszech, jest wiod\u0105cym producentem, znanym ze swojego do\u015bwiadczenia w projektowaniu, rozwoju i produkcji wysokowydajnych przek\u0142adni, ze szczeg\u00f3lnym uwzgl\u0119dnieniem sektora maszyn rolniczych. Dzi\u0119ki reputacji w zakresie precyzyjnej in\u017cynierii, innowacyjnych rozwi\u0105za\u0144 i niezawodnej konstrukcji, FMP sta\u0142a si\u0119 zaufanym partnerem w zaspokajaniu zmieniaj\u0105cych si\u0119 potrzeb zar\u00f3wno sektora rolniczego, jak i przemys\u0142owego. Nasza r\u00f3\u017cnorodna oferta produkt\u00f3w obejmuje specjalistyczne przek\u0142adnie do kosiarek, wa\u0142y odbioru mocy (WOM) i inne niezb\u0119dne komponenty, starannie zaprojektowane, aby zapewni\u0107 rozwi\u0105zania dostosowane do indywidualnych potrzeb w szerokim spektrum zastosowa\u0144.<\/p>\n<p>W FMP rozumiemy, \u017ce ka\u017cdy klient ma unikalne wymagania i wyzwania. Dlatego specjalizujemy si\u0119 w oferowaniu rozwi\u0105za\u0144 szytych na miar\u0119, zar\u00f3wno dla pojedynczych komponent\u00f3w, jak i w pe\u0142ni zintegrowanych system\u00f3w. \u015aci\u015ble wsp\u00f3\u0142pracujemy z naszymi klientami, aby zapewni\u0107, \u017ce ka\u017cde rozwi\u0105zanie jest nie tylko skuteczne, ale i wydajne, optymalizuj\u0105c zar\u00f3wno wydajno\u015b\u0107, jak i warto\u015b\u0107. Nasze zaanga\u017cowanie w udzielanie szybkich i profesjonalnych odpowiedzi, w po\u0142\u0105czeniu z fachowym doradztwem, gwarantuje, \u017ce ka\u017cde zapytanie jest traktowane z najwy\u017csz\u0105 staranno\u015bci\u0105 i precyzj\u0105, co prowadzi do najlepszych mo\u017cliwych rezultat\u00f3w.<\/p>\n<p>Priorytetem jest dla nas otwarta i ci\u0105g\u0142a komunikacja w ca\u0142ym procesie rozwoju produktu. Nasz zaanga\u017cowany zesp\u00f3\u0142 wsp\u00f3\u0142pracuje bezpo\u015brednio z klientami, aby w pe\u0142ni zrozumie\u0107 ich specyficzne potrzeby, oferuj\u0105c cenne spostrze\u017cenia i rekomendacje, kt\u00f3re pomog\u0105 w zapewnieniu optymalnych rozwi\u0105za\u0144. Niezale\u017cnie od tego, czy projektujemy innowacyjne produkty, czy realizujemy bie\u017c\u0105ce zam\u00f3wienia, FMP dok\u0142ada wszelkich stara\u0144, aby dostarcza\u0107 wysokiej jako\u015bci, precyzyjnie zaprojektowane rozwi\u0105zania na czas i za ka\u017cdym razem. Naszym celem jest zapewnienie klientom najlepszej obs\u0142ugi i rezultat\u00f3w, przewy\u017cszaj\u0105cych ich oczekiwania w ka\u017cdym projekcie.<\/p>\n<p>Jako\u015b\u0107 jest fundamentem dzia\u0142alno\u015bci FMP. Przestrzegamy najwy\u017cszych standard\u00f3w produkcyjnych, wdra\u017caj\u0105c rygorystyczne \u015brodki kontroli jako\u015bci, aby zapewni\u0107, \u017ce ka\u017cdy produkt nie tylko spe\u0142nia, ale wr\u0119cz przewy\u017csza standardy bran\u017cowe. To niez\u0142omne zaanga\u017cowanie w jako\u015b\u0107, w po\u0142\u0105czeniu z naszymi podstawowymi warto\u015bciami, takimi jak uczciwo\u015b\u0107, praca zespo\u0142owa i wytrwa\u0142o\u015b\u0107, pozwoli\u0142o nam zbudowa\u0107 d\u0142ugotrwa\u0142e, oparte na zaufaniu relacje z klientami w prawie 30 krajach na ca\u0142ym \u015bwiecie.<\/p>\n<p>FMP jest zawsze otwarta na globalne partnerstwa i niezmiennie oferuje fachowe doradztwo oraz rozwi\u0105zania dostosowane do indywidualnych potrzeb naszych klient\u00f3w. Nie ograniczamy si\u0119 do dostarczania produkt\u00f3w; d\u0105\u017cymy do budowania trwa\u0142ych relacji, kt\u00f3re przyczyniaj\u0105 si\u0119 do sukcesu ka\u017cdego projektu. Niezale\u017cnie od tego, czy potrzebujesz innowacyjnych rozwi\u0105za\u0144 dla nowej inicjatywy, czy sta\u0142ego wsparcia dla istniej\u0105cego systemu, FMP jest do Twojej dyspozycji, aby stawi\u0107 czo\u0142a Twoim wyzwaniom technicznym i zapewni\u0107 Ci ci\u0105g\u0142y sukces.<\/p>\n<p><img loading=\"lazy\" decoding=\"async\" class=\"alignnone size-full wp-image-1861\" src=\"https:\/\/fmp-components.com\/wp-content\/uploads\/2024\/12\/Other-Agricultural-Gearboxes.webp\" sizes=\"(min-width: 0px) and (max-width: 480px) 480px, (min-width: 481px) and (max-width: 980px) 980px, (min-width: 981px) 1200px, 100vw\" srcset=\"https:\/\/fmp-components.com\/wp-content\/uploads\/2024\/12\/Other-Agricultural-Gearboxes.webp 1200w, https:\/\/fmp-components.com\/wp-content\/uploads\/2024\/12\/Other-Agricultural-Gearboxes-980x1143.webp 980w, https:\/\/fmp-components.com\/wp-content\/uploads\/2024\/12\/Other-Agricultural-Gearboxes-480x560.webp 480w\" alt=\"Inne zmiany rolnicze\" width=\"1200\" height=\"1400\" title=\"\"><\/p>\n<p>Autor: CX<\/p>\n<p>&nbsp;<\/p>","protected":false},"excerpt":{"rendered":"<p>Round Baler Gearbox FMP9.0 Dimensions\u00a0 Round Baler Gearbox FMP9.0 Technical Data i Suitable Rpm input Rpm output KW(Nom) KW(Max) Toothing r\/min r\/min hp hp Decelerate 1.92:1 Round baler, harvester, etc 540 282 120 3000 Gleason Helical Teeth Remark: If you have any special require feel free let me know, we also accept custom. Round Baler [&hellip;]<\/p>","protected":false},"featured_media":2502,"comment_status":"open","ping_status":"closed","template":"","meta":{"_et_pb_use_builder":"","_et_pb_old_content":"","_et_gb_content_width":""},"product_brand":[],"product_cat":[59],"product_tag":[],"class_list":{"0":"post-2494","1":"product","2":"type-product","3":"status-publish","4":"has-post-thumbnail","6":"product_cat-round-baler-gearbox","8":"first","9":"instock","10":"shipping-taxable","11":"product-type-simple"},"_links":{"self":[{"href":"https:\/\/fmp-components.com\/pl\/wp-json\/wp\/v2\/product\/2494","targetHints":{"allow":["GET"]}}],"collection":[{"href":"https:\/\/fmp-components.com\/pl\/wp-json\/wp\/v2\/product"}],"about":[{"href":"https:\/\/fmp-components.com\/pl\/wp-json\/wp\/v2\/types\/product"}],"replies":[{"embeddable":true,"href":"https:\/\/fmp-components.com\/pl\/wp-json\/wp\/v2\/comments?post=2494"}],"wp:featuredmedia":[{"embeddable":true,"href":"https:\/\/fmp-components.com\/pl\/wp-json\/wp\/v2\/media\/2502"}],"wp:attachment":[{"href":"https:\/\/fmp-components.com\/pl\/wp-json\/wp\/v2\/media?parent=2494"}],"wp:term":[{"taxonomy":"product_brand","embeddable":true,"href":"https:\/\/fmp-components.com\/pl\/wp-json\/wp\/v2\/product_brand?post=2494"},{"taxonomy":"product_cat","embeddable":true,"href":"https:\/\/fmp-components.com\/pl\/wp-json\/wp\/v2\/product_cat?post=2494"},{"taxonomy":"product_tag","embeddable":true,"href":"https:\/\/fmp-components.com\/pl\/wp-json\/wp\/v2\/product_tag?post=2494"}],"curies":[{"name":"wp","href":"https:\/\/api.w.org\/{rel}","templated":true}]}}