{"id":2476,"date":"2025-01-01T08:57:07","date_gmt":"2025-01-01T08:57:07","guid":{"rendered":"https:\/\/fmp-components.com\/?page_id=8"},"modified":"2025-01-02T01:23:56","modified_gmt":"2025-01-02T01:23:56","slug":"round-baler-gearbox-replacement-of-comer-code-t-292e","status":"publish","type":"product","link":"https:\/\/fmp-components.com\/pl\/product\/round-baler-gearbox-replacement-of-comer-code-t-292e\/","title":{"rendered":"Przek\u0142adnia prasy roluj\u0105cej \u2013 wymiana kodu Comer T-292E"},"content":{"rendered":"<p><img loading=\"lazy\" decoding=\"async\" class=\"size-full wp-image-2477 aligncenter\" src=\"https:\/\/fmp-components.com\/wp-content\/uploads\/2025\/01\/round-baler-gearbox-t292e-11.webp\" alt=\"skrzynia-przek\u0142adni-prasy-okr\u0105g\u0142ej-t292e-1(1)\" width=\"372\" height=\"300\" title=\"\" srcset=\"https:\/\/fmp-components.com\/wp-content\/uploads\/2025\/01\/round-baler-gearbox-t292e-11.webp 372w, https:\/\/fmp-components.com\/wp-content\/uploads\/2025\/01\/round-baler-gearbox-t292e-11-300x242.webp 300w, https:\/\/fmp-components.com\/wp-content\/uploads\/2025\/01\/round-baler-gearbox-t292e-11-15x12.webp 15w\" sizes=\"(max-width: 372px) 100vw, 372px\" \/><\/p>\n<h2>Specyfikacja przek\u0142adni prasy roluj\u0105cej T292E<\/h2>\n<p><img loading=\"lazy\" decoding=\"async\" class=\"alignnone wp-image-2478\" src=\"https:\/\/fmp-components.com\/wp-content\/uploads\/2025\/01\/china-round-baler-gearbox-details-T292E.webp\" alt=\"szczeg\u00f3\u0142y skrzyni bieg\u00f3w prasy do belowania okr\u0105g\u0142ego w Chinach T292E\" width=\"911\" height=\"811\" title=\"\" srcset=\"https:\/\/fmp-components.com\/wp-content\/uploads\/2025\/01\/china-round-baler-gearbox-details-T292E.webp 911w, https:\/\/fmp-components.com\/wp-content\/uploads\/2025\/01\/china-round-baler-gearbox-details-T292E-480x427.webp 480w\" sizes=\"(min-width: 0px) and (max-width: 480px) 480px, (min-width: 481px) 911px, 100vw\" \/><\/p>\n<table style=\"width: 98.5091%; height: 503px;\" border=\"1\">\n<tbody>\n<tr>\n<td><strong>I<\/strong><\/td>\n<td>1.86<\/td>\n<\/tr>\n<tr>\n<td><strong>N<sub>1<\/sub>[obr.\/min]<\/strong><\/td>\n<td>540<\/td>\n<\/tr>\n<tr>\n<td><strong>P<sub>1<\/sub>[kW]<\/strong><\/td>\n<td>47.7<\/td>\n<\/tr>\n<tr>\n<td><strong>M<sub>2<\/sub>[Nm]<\/strong><\/td>\n<td>&#8211;<\/td>\n<\/tr>\n<tr>\n<td><strong>Wa\u0142 X<br \/>\n<img loading=\"lazy\" decoding=\"async\" class=\"size-full wp-image-2473 aligncenter\" src=\"https:\/\/fmp-components.com\/wp-content\/uploads\/2025\/01\/shaft-x.webp\" alt=\"wa\u0142-x\" width=\"81\" height=\"78\" title=\"\" srcset=\"https:\/\/fmp-components.com\/wp-content\/uploads\/2025\/01\/shaft-x.webp 81w, https:\/\/fmp-components.com\/wp-content\/uploads\/2025\/01\/shaft-x-12x12.webp 12w\" sizes=\"(max-width: 81px) 100vw, 81px\" \/><br \/>\n<\/strong><\/td>\n<td>\u00a01\u201d 3\/8 Z6<\/td>\n<\/tr>\n<tr>\n<td><strong>Wa\u0142 Y<img loading=\"lazy\" decoding=\"async\" class=\"size-full wp-image-2473 aligncenter\" src=\"https:\/\/fmp-components.com\/wp-content\/uploads\/2025\/01\/shaft-x.webp\" alt=\"wa\u0142-x\" width=\"81\" height=\"78\" title=\"\" srcset=\"https:\/\/fmp-components.com\/wp-content\/uploads\/2025\/01\/shaft-x.webp 81w, https:\/\/fmp-components.com\/wp-content\/uploads\/2025\/01\/shaft-x-12x12.webp 12w\" sizes=\"(max-width: 81px) 100vw, 81px\" \/><\/strong><\/td>\n<td>1\u201d 3\/8 Z6<\/td>\n<\/tr>\n<tr>\n<td><strong>Wa\u0142 Z<img loading=\"lazy\" decoding=\"async\" class=\"size-full wp-image-2480 aligncenter\" src=\"https:\/\/fmp-components.com\/wp-content\/uploads\/2025\/01\/shaft1.webp\" alt=\"wa\u0142\" width=\"83\" height=\"83\" title=\"\" srcset=\"https:\/\/fmp-components.com\/wp-content\/uploads\/2025\/01\/shaft1.webp 83w, https:\/\/fmp-components.com\/wp-content\/uploads\/2025\/01\/shaft1-12x12.webp 12w\" sizes=\"(max-width: 83px) 100vw, 83px\" \/><\/strong><\/td>\n<td>L200 \u03a655<\/td>\n<\/tr>\n<tr>\n<td><strong>Wej\u015bcie<\/strong><\/td>\n<td>X<\/td>\n<\/tr>\n<\/tbody>\n<\/table>\n<h2>Cechy przek\u0142adni prasy do belowania bel okr\u0105g\u0142ych<\/h2>\n<p>Przek\u0142adnia prasy zwijaj\u0105cej to kluczowy element w maszynach rolniczych do belowania, zapewniaj\u0105cy efektywn\u0105 prac\u0119 pras zwijaj\u0105cych. Poni\u017cej przedstawiono kluczowe cechy typowej przek\u0142adni prasy zwijaj\u0105cej, zaprojektowanej w celu zwi\u0119kszenia wydajno\u015bci, trwa\u0142o\u015bci i niezawodno\u015bci:<\/p>\n<p><strong>Wysoka no\u015bno\u015b\u0107 momentu obrotowego<\/strong><\/p>\n<p>Przek\u0142adnie pras zwijaj\u0105cych zaprojektowano z my\u015bl\u0105 o zapewnieniu wysokiego momentu obrotowego, umo\u017cliwiaj\u0105c prasie wydajne przetwarzanie du\u017cych ilo\u015bci materia\u0142u ro\u015blinnego, w tym siana, s\u0142omy i kiszonki. Wysoki moment obrotowy zapewnia p\u0142ynn\u0105 prac\u0119 prasy, nawet przy du\u017cym obci\u0105\u017ceniu.<\/p>\n<ul>\n<li>Zaleta: Zapewnia sta\u0142e i niezawodne zasilanie w przypadku g\u0119stych i wilgotnych upraw, redukuj\u0105c ryzyko przeci\u0105\u017cenia.<\/li>\n<\/ul>\n<p><strong>Solidna konstrukcja<\/strong><\/p>\n<p>Przek\u0142adnie pras zwijaj\u0105cych s\u0105 wykonane z materia\u0142\u00f3w o wysokiej wytrzyma\u0142o\u015bci, kt\u00f3re wytrzymuj\u0105 trudne warunki panuj\u0105ce w rolnictwie. Wytrzyma\u0142a obudowa i przek\u0142adnie zapewniaj\u0105 d\u0142ugotrwa\u0142\u0105 wydajno\u015b\u0107, nawet w wymagaj\u0105cych warunkach, takich jak trudne warunki pogodowe, wilgo\u0107 i wysokie ci\u015bnienie.<\/p>\n<ul>\n<li>Zaleta: Maksymalna trwa\u0142o\u015b\u0107 i minimalizacja ryzyka awarii, co zmniejsza przestoje i koszty konserwacji.<\/li>\n<\/ul>\n<p><strong>Precyzyjny stosunek prze\u0142o\u017cenia (np. 1:3 lub 1:4)<\/strong><\/p>\n<p>Prze\u0142o\u017cenie przek\u0142adni prasy do bel okr\u0105g\u0142ych jest zoptymalizowane, aby zr\u00f3wnowa\u017cy\u0107 moment obrotowy i pr\u0119dko\u015b\u0107. Typowe prze\u0142o\u017cenia, takie jak 1:3 lub 1:4, zapewniaj\u0105 odpowiedni\u0105 moc do formowania zwartych, jednolitych bel bez obci\u0105\u017cania systemu. Odpowiednie prze\u0142o\u017cenie pomaga prasie wydajnie pracowa\u0107 z r\u00f3\u017cnymi rodzajami upraw.<\/p>\n<ul>\n<li>Zaleta: Zapewnia p\u0142ynn\u0105 prac\u0119 i r\u00f3wnomierne formowanie bel przy u\u017cyciu r\u00f3\u017cnych materia\u0142\u00f3w i w r\u00f3\u017cnych warunkach polowych.<\/li>\n<\/ul>\n<p><strong>P\u0142ynna praca i niskie wibracje<\/strong><\/p>\n<p>Przek\u0142adnie pras do bel okr\u0105g\u0142ych zosta\u0142y zaprojektowane z my\u015bl\u0105 o p\u0142ynnej pracy, dzi\u0119ki zaawansowanej konstrukcji, kt\u00f3ra minimalizuje wibracje i obci\u0105\u017cenia mechaniczne. Efektem jest cichsza praca i mniejsze zu\u017cycie zar\u00f3wno przek\u0142adni, jak i innych pod\u0142\u0105czonych element\u00f3w.<\/p>\n<ul>\n<li>Zaleta: Wyd\u0142u\u017ca \u017cywotno\u015b\u0107 skrzyni bieg\u00f3w i po\u0142\u0105czonych podzespo\u0142\u00f3w, zapewniaj\u0105c jednocze\u015bnie cichsz\u0105 i wydajniejsz\u0105 prac\u0119 prasy.<\/li>\n<\/ul>\n<p><strong>\u0141atwa konserwacja<\/strong><\/p>\n<p>Przek\u0142adnia zosta\u0142a zaprojektowana z my\u015bl\u0105 o \u0142atwej konserwacji, z punktami dost\u0119pu do smarowania, kontroli i serwisowania. Regularne czynno\u015bci konserwacyjne s\u0105 uproszczone, dzi\u0119ki czemu operatorzy mog\u0105 utrzyma\u0107 wydajn\u0105 prac\u0119 przek\u0142adni bez nadmiernych przestoj\u00f3w.<\/p>\n<ul>\n<li>Korzy\u015b\u0107: Zmniejsza z\u0142o\u017cono\u015b\u0107 i czas potrzebny na konserwacj\u0119, wyd\u0142u\u017caj\u0105c czas sprawno\u015bci operacyjnej.<\/li>\n<\/ul>\n<p>Przek\u0142adnia prasy zwijaj\u0105cej to niezb\u0119dny element zapewniaj\u0105cy wydajn\u0105 prac\u0119 pras. Jej wysoki moment obrotowy, solidna konstrukcja, precyzyjne prze\u0142o\u017cenia i \u0142atwa konserwacja zapewniaj\u0105 optymaln\u0105 wydajno\u015b\u0107, niezawodno\u015b\u0107 i trwa\u0142o\u015b\u0107 w rolnictwie. Niezale\u017cnie od tego, czy chodzi o belowanie siana, s\u0142omy czy kiszonki, przek\u0142adnia prasy zwijaj\u0105cej zapewnia p\u0142ynn\u0105, wydajn\u0105 i ekonomiczn\u0105 prac\u0119, co czyni j\u0105 cenn\u0105 inwestycj\u0105 dla rolnik\u00f3w i wykonawc\u00f3w.<\/p>\n<p><img loading=\"lazy\" decoding=\"async\" class=\"size-full wp-image-2479 aligncenter\" src=\"https:\/\/fmp-components.com\/wp-content\/uploads\/2025\/01\/round-baler-gearbox-T292E-e1.webp\" alt=\"przek\u0142adnia-prasy-okr\u0105g\u0142ej-T292E-e(1)\" width=\"500\" height=\"500\" title=\"\" srcset=\"https:\/\/fmp-components.com\/wp-content\/uploads\/2025\/01\/round-baler-gearbox-T292E-e1.webp 500w, https:\/\/fmp-components.com\/wp-content\/uploads\/2025\/01\/round-baler-gearbox-T292E-e1-480x480.webp 480w\" sizes=\"(min-width: 0px) and (max-width: 480px) 480px, (min-width: 481px) 500px, 100vw\" \/><\/p>\n<h3>O FMP<\/h3>\n<p>Firma FMP, z siedzib\u0105 g\u0142\u00f3wn\u0105 we W\u0142oszech, jest uznanym liderem w projektowaniu, rozwoju i produkcji wysokowydajnych przek\u0142adni, ze szczeg\u00f3lnym naciskiem na maszyny rolnicze. Znana z precyzyjnej in\u017cynierii, innowacyjnych rozwi\u0105za\u0144 i bezkompromisowej niezawodno\u015bci, FMP zdoby\u0142a zaufanie zar\u00f3wno w sektorze rolniczym, jak i przemys\u0142owym. Nasza kompleksowa oferta produkt\u00f3w obejmuje specjalistyczne przek\u0142adnie do kosiarek, wa\u0142ki odbioru mocy (WOM) i inne niezb\u0119dne komponenty, zaprojektowane z my\u015bl\u0105 o dostarczaniu rozwi\u0105za\u0144 dostosowanych do szerokiego zakresu zastosowa\u0144.<\/p>\n<p>W FMP rozumiemy, \u017ce ka\u017cdy klient ma unikalne wyzwania i wymagania. Dlatego specjalizujemy si\u0119 w dostarczaniu rozwi\u0105za\u0144 szytych na miar\u0119, zar\u00f3wno dla pojedynczych komponent\u00f3w, jak i kompletnych, zintegrowanych system\u00f3w. \u015aci\u015ble wsp\u00f3\u0142pracujemy z naszymi klientami, aby zapewni\u0107, \u017ce ka\u017cde rozwi\u0105zanie jest nie tylko skuteczne, ale tak\u017ce wydajne, optymalizuj\u0105c wydajno\u015b\u0107 i warto\u015b\u0107. Nasze zaanga\u017cowanie w szybk\u0105, profesjonaln\u0105 obs\u0142ug\u0119 i fachowe doradztwo gwarantuje, \u017ce ka\u017cde zapytanie jest obs\u0142ugiwane z precyzj\u0105, co przek\u0142ada si\u0119 na najlepsze mo\u017cliwe rezultaty.<\/p>\n<p>K\u0142adziemy du\u017cy nacisk na otwart\u0105 i ci\u0105g\u0142\u0105 komunikacj\u0119 w ca\u0142ym procesie rozwoju produktu. Nasz zaanga\u017cowany zesp\u00f3\u0142 wsp\u00f3\u0142pracuje bezpo\u015brednio z klientami, aby dog\u0142\u0119bnie zrozumie\u0107 ich specyficzne potrzeby, oferuj\u0105c wnikliwe rekomendacje i praktyczne rozwi\u0105zania. Niezale\u017cnie od tego, czy opracowujemy nowe, innowacyjne produkty, czy realizujemy bie\u017c\u0105ce zam\u00f3wienia, FMP niezmiennie dostarcza wysokiej jako\u015bci, precyzyjnie zaprojektowane rozwi\u0105zania, konsekwentnie i zgodnie z harmonogramem. Naszym celem jest przekraczanie oczekiwa\u0144 klient\u00f3w, zapewniaj\u0105c niezr\u00f3wnan\u0105 obs\u0142ug\u0119 i znakomite rezultaty w ka\u017cdym projekcie.<\/p>\n<p>Podstaw\u0105 dzia\u0142alno\u015bci FMP jest niezmienne zaanga\u017cowanie w jako\u015b\u0107. Przestrzegamy najwy\u017cszych standard\u00f3w produkcyjnych i stosujemy rygorystyczne protoko\u0142y kontroli jako\u015bci, aby zapewni\u0107, \u017ce ka\u017cdy produkt nie tylko spe\u0142nia, ale wr\u0119cz przewy\u017csza oczekiwania bran\u017cy. To zaanga\u017cowanie w jako\u015b\u0107, w po\u0142\u0105czeniu z naszymi podstawowymi warto\u015bciami, takimi jak uczciwo\u015b\u0107, wsp\u00f3\u0142praca i odporno\u015b\u0107, pozwoli\u0142o nam nawi\u0105za\u0107 trwa\u0142e relacje z klientami w ponad 30 krajach na ca\u0142ym \u015bwiecie.<\/p>\n<p>FMP anga\u017cuje si\u0119 w budowanie globalnych partnerstw i niezmiennie oferuje fachowe doradztwo oraz rozwi\u0105zania dostosowane do indywidualnych potrzeb naszych klient\u00f3w. Nie tylko dostarczamy produkty, ale tak\u017ce piel\u0119gnujemy d\u0142ugoterminowe relacje, kt\u00f3re przyczyniaj\u0105 si\u0119 do trwa\u0142ego sukcesu ka\u017cdego projektu. Niezale\u017cnie od tego, czy szukasz innowacyjnych rozwi\u0105za\u0144 dla nowego przedsi\u0119wzi\u0119cia, czy sta\u0142ego wsparcia dla istniej\u0105cego systemu, FMP jest do Twojej dyspozycji, aby sprosta\u0107 Twoim wyzwaniom technicznym i zapewni\u0107 ci\u0105g\u0142y rozw\u00f3j.<\/p>\n<p><img loading=\"lazy\" decoding=\"async\" class=\"alignnone size-full wp-image-1861\" src=\"https:\/\/fmp-components.com\/wp-content\/uploads\/2024\/12\/Other-Agricultural-Gearboxes.webp\" sizes=\"(min-width: 0px) and (max-width: 480px) 480px, (min-width: 481px) and (max-width: 980px) 980px, (min-width: 981px) 1200px, 100vw\" srcset=\"https:\/\/fmp-components.com\/wp-content\/uploads\/2024\/12\/Other-Agricultural-Gearboxes.webp 1200w, https:\/\/fmp-components.com\/wp-content\/uploads\/2024\/12\/Other-Agricultural-Gearboxes-980x1143.webp 980w, https:\/\/fmp-components.com\/wp-content\/uploads\/2024\/12\/Other-Agricultural-Gearboxes-480x560.webp 480w\" alt=\"Inne zmiany rolnicze\" width=\"1200\" height=\"1400\" title=\"\"><\/p>\n<p>Autor: CX<\/p>","protected":false},"excerpt":{"rendered":"<p>Round Baler Gearbox T292E\u00a0Specification i 1.86 N1[rpm] 540 P1[kW] 47.7 M2[Nm] &#8211; Shaft X \u00a01&#8221; 3\/8 Z6 Shaft Y 1&#8221; 3\/8 Z6 Shaft Z L200 \u03a655 Input X Round Baler Gearbox Features The Round Baler Gearbox is a critical component in agricultural baling machinery, ensuring the effective operation of round balers. Below are the key [&hellip;]<\/p>","protected":false},"featured_media":2479,"comment_status":"open","ping_status":"closed","template":"","meta":{"_et_pb_use_builder":"","_et_pb_old_content":"","_et_gb_content_width":""},"product_brand":[],"product_cat":[59],"product_tag":[],"class_list":{"0":"post-2476","1":"product","2":"type-product","3":"status-publish","4":"has-post-thumbnail","6":"product_cat-round-baler-gearbox","8":"first","9":"instock","10":"shipping-taxable","11":"product-type-simple"},"_links":{"self":[{"href":"https:\/\/fmp-components.com\/pl\/wp-json\/wp\/v2\/product\/2476","targetHints":{"allow":["GET"]}}],"collection":[{"href":"https:\/\/fmp-components.com\/pl\/wp-json\/wp\/v2\/product"}],"about":[{"href":"https:\/\/fmp-components.com\/pl\/wp-json\/wp\/v2\/types\/product"}],"replies":[{"embeddable":true,"href":"https:\/\/fmp-components.com\/pl\/wp-json\/wp\/v2\/comments?post=2476"}],"wp:featuredmedia":[{"embeddable":true,"href":"https:\/\/fmp-components.com\/pl\/wp-json\/wp\/v2\/media\/2479"}],"wp:attachment":[{"href":"https:\/\/fmp-components.com\/pl\/wp-json\/wp\/v2\/media?parent=2476"}],"wp:term":[{"taxonomy":"product_brand","embeddable":true,"href":"https:\/\/fmp-components.com\/pl\/wp-json\/wp\/v2\/product_brand?post=2476"},{"taxonomy":"product_cat","embeddable":true,"href":"https:\/\/fmp-components.com\/pl\/wp-json\/wp\/v2\/product_cat?post=2476"},{"taxonomy":"product_tag","embeddable":true,"href":"https:\/\/fmp-components.com\/pl\/wp-json\/wp\/v2\/product_tag?post=2476"}],"curies":[{"name":"wp","href":"https:\/\/api.w.org\/{rel}","templated":true}]}}