{"id":2319,"date":"2024-12-31T08:13:54","date_gmt":"2024-12-31T08:13:54","guid":{"rendered":"https:\/\/fmp-components.com\/?page_id=8"},"modified":"2024-12-31T08:13:54","modified_gmt":"2024-12-31T08:13:54","slug":"irrigation-center-drive-gearbox-syf-2m-series","status":"publish","type":"product","link":"https:\/\/fmp-components.com\/pl\/product\/irrigation-center-drive-gearbox-syf-2m-series\/","title":{"rendered":"Przek\u0142adnia z nap\u0119dem centralnym do nawadniania serii SYF-2M"},"content":{"rendered":"<h2>Numery modeli przek\u0142adni centralno-nap\u0119dowej do nawadniania serii SYF-2M<\/h2>\n<p>SYF-2M-20=87 obr\/min (prze\u0142o\u017cenie 20:1, silnik 1-1\/2 KM)<br \/>\nSYF-2M-30=58 obr.\/min (prze\u0142o\u017cenie 30:1, silnik 1-1\/2 KM)<br \/>\nSYF-2M-40=43 obr.\/min (prze\u0142o\u017cenie 40:1, silnik 1 KM)<br \/>\nSYF-2M-50=35 obr.\/min (prze\u0142o\u017cenie 50:1, silnik 1 KM)<br \/>\nSYF-2M-58=30 obr.\/min (stosunek 58:1, silnik 1 KM)<br \/>\nSYF-2M-60=29 obr.\/min (prze\u0142o\u017cenie 60:1, silnik 1 KM)<br \/>\n(Gdy pr\u0119dko\u015b\u0107 wej\u015bciowa wynosi 1740 obr.\/min)<\/p>\n<h2>Przek\u0142adnia z centralnym nap\u0119dem do nawadniania serii SYF-2M<\/h2>\n<p>1. Stosunek: 20:1, 30:1, 40:1, 50:1, 58:1, 60:1 (dost\u0119pne inne).<br \/>\n2. Zastosowanie samoblokuj\u0105cego po\u0142\u0105czenia wa\u0142u sto\u017ckowego (silnik do wa\u0142u \u015blimakowego) umo\u017cliwia wymian\u0119 na miejscu bez<br \/>\nusuni\u0119cie wa\u0142u \u015blimakowego lub od\u0142\u0105czenie obci\u0105\u017cenia. Zapewnia to precyzyjne ustawienie i eliminuje fretting.<br \/>\naby przyspieszy\u0107 demonta\u017c silnika.<br \/>\n3. Zamontuj rozstaw \u015brub 5\u201d \u00d7 6\u201d.<br \/>\n4. Przek\u0142adnia \u015blimakowa z br\u0105zu aluminiowego o wysokiej wytrzyma\u0142o\u015bci.<br \/>\n5. Wysy\u0142ane z olejem.<br \/>\n6. Zawiera specjalne zewn\u0119trzne uszczelki zabezpieczaj\u0105ce plon.<br \/>\n7. Precyzyjna obudowa z odlewu ci\u015bnieniowego z hartowanego aluminium.<br \/>\n8. Wszystkie istotne po\u0142\u0105czenia elektryczne s\u0105 zabezpieczone przed wnikaniem wilgoci.<br \/>\n9. Specjalnie zaprojektowane do trudnych prac nawadniaj\u0105cych.<br \/>\n10. 460\/380 V, 3 fazy, podw\u00f3jne napi\u0119cie 60\/50 Hz.<br \/>\n11. Zabezpieczenie termiczne; automatyczne resetowanie.<br \/>\n12. Ch\u0142odzenie wewn\u0119trzne \u017cebrowe.<br \/>\n13. Ca\u0142kowicie zamkni\u0119ta, lekka i \u0142atwo dost\u0119pna g\u00f3rna puszka przy\u0142\u0105czeniowa.<br \/>\n14. Izolacja klasy F.<br \/>\n15. Minimalny pob\u00f3r pr\u0105du: pr\u0105d pe\u0142nego obci\u0105\u017cenia przy napi\u0119ciu znamionowym, 2,3 ampera.<br \/>\n16. Waga: 43,2 funta (19,6 kg).<br \/>\n17. Pojemno\u015b\u0107 zbiornika oleju: 0,21 galona (0,8 l)<\/p>\n<h2>Monta\u017c i wymiary konturowe przek\u0142adni centralno-nap\u0119dowej do nawadniania serii SYF-2M<\/h2>\n<p><img loading=\"lazy\" decoding=\"async\" class=\"alignnone size-full wp-image-2321\" src=\"https:\/\/fmp-components.com\/wp-content\/uploads\/2024\/12\/Irrigation-Center-Drive-Gearbox-SYF-2M-Series-Installation-and-Contour-Dimensions.webp\" alt=\"Nap\u0119d centralny nawadniania, przek\u0142adnia, seria SYF 2M, monta\u017c i wymiary konturu\" width=\"1536\" height=\"880\" title=\"\" srcset=\"https:\/\/fmp-components.com\/wp-content\/uploads\/2024\/12\/Irrigation-Center-Drive-Gearbox-SYF-2M-Series-Installation-and-Contour-Dimensions.webp 1536w, https:\/\/fmp-components.com\/wp-content\/uploads\/2024\/12\/Irrigation-Center-Drive-Gearbox-SYF-2M-Series-Installation-and-Contour-Dimensions-1280x733.webp 1280w, https:\/\/fmp-components.com\/wp-content\/uploads\/2024\/12\/Irrigation-Center-Drive-Gearbox-SYF-2M-Series-Installation-and-Contour-Dimensions-980x561.webp 980w, https:\/\/fmp-components.com\/wp-content\/uploads\/2024\/12\/Irrigation-Center-Drive-Gearbox-SYF-2M-Series-Installation-and-Contour-Dimensions-480x275.webp 480w\" sizes=\"(min-width: 0px) and (max-width: 480px) 480px, (min-width: 481px) and (max-width: 980px) 980px, (min-width: 981px) and (max-width: 1280px) 1280px, (min-width: 1281px) 1536px, 100vw\" \/><\/p>\n<h2>Zalety przek\u0142adni centralno-nap\u0119dowej do nawadniania serii SYF-2M<\/h2>\n<p>Przek\u0142adnia z centralnym nap\u0119dem do system\u00f3w nawadniaj\u0105cych serii SYF-2M oferuje liczne korzy\u015bci w nowoczesnych systemach nawadniaj\u0105cych, szczeg\u00f3lnie w systemach z centralnym nap\u0119dem obrotowym i liniowym. Zaprojektowana z my\u015bl\u0105 o wysokiej wydajno\u015bci i trwa\u0142o\u015bci, seria SYF-2M zapewnia p\u0142ynne przenoszenie mocy, niezawodno\u015b\u0107 i \u0142atwo\u015b\u0107 konserwacji, co czyni j\u0105 idealnym wyborem do system\u00f3w nawadniaj\u0105cych w rolnictwie i ogrodnictwie. Poni\u017cej przedstawiono najwa\u017cniejsze korzy\u015bci p\u0142yn\u0105ce z zastosowania przek\u0142adni z centralnym nap\u0119dem do system\u00f3w nawadniaj\u0105cych serii SYF-2M:<\/p>\n<p><strong>Zwi\u0119kszona efektywno\u015b\u0107 energetyczna<\/strong><\/p>\n<p>Przek\u0142adnia serii SYF-2M zosta\u0142a zaprojektowana z my\u015bl\u0105 o zapewnieniu wysoce wydajnego przeniesienia mocy z WOM ci\u0105gnika na centraln\u0105 o\u015b obrotu. Dzi\u0119ki optymalizacji prze\u0142o\u017ce\u0144 i redukcji strat energii, przek\u0142adnia zapewnia efektywne przenoszenie mocy, umo\u017cliwiaj\u0105c systemowi nawadniaj\u0105cemu prac\u0119 przy minimalnym zu\u017cyciu energii. Ta zwi\u0119kszona sprawno\u015b\u0107 energetyczna pomaga obni\u017cy\u0107 koszty operacyjne, czyni\u0105c seri\u0119 SYF-2M ekonomicznym rozwi\u0105zaniem dla du\u017cych system\u00f3w nawadniaj\u0105cych.<\/p>\n<p><strong>Wysoka trwa\u0142o\u015b\u0107 i niezawodno\u015b\u0107<\/strong><\/p>\n<p>Wykonana z materia\u0142\u00f3w o wysokiej wytrzyma\u0142o\u015bci, takich jak hartowana stal i precyzyjnie zaprojektowane komponenty, przek\u0142adnia serii SYF-2M zosta\u0142a zaprojektowana z my\u015bl\u0105 o du\u017cych obci\u0105\u017ceniach i ci\u0105g\u0142ej pracy. Solidna konstrukcja gwarantuje, \u017ce przek\u0142adnia poradzi sobie z wymagaj\u0105cymi warunkami panuj\u0105cymi w rolniczych systemach nawadniaj\u0105cych, zapewniaj\u0105c niezawodn\u0105 prac\u0119 w ekstremalnych warunkach, takich jak wysoki moment obrotowy, zmienne temperatury i trudne warunki pogodowe. Jej trwa\u0142o\u015b\u0107 minimalizuje potrzeb\u0119 cz\u0119stych napraw lub wymian, zapewniaj\u0105c d\u0142ugotrwa\u0142\u0105 niezawodno\u015b\u0107 i redukuj\u0105c koszty konserwacji.<\/p>\n<p><strong>Niskie wymagania konserwacyjne<\/strong><\/p>\n<p>Przek\u0142adnia serii SYF-2M zosta\u0142a zaprojektowana z my\u015bl\u0105 o niskich wymaganiach konserwacyjnych, z uszczelnionymi \u0142o\u017cyskami i precyzyjnymi przek\u0142adniami, kt\u00f3re redukuj\u0105 tarcie wewn\u0119trzne i zu\u017cycie. Jej konstrukcja minimalizuje ryzyko uszkodzenia podzespo\u0142\u00f3w, zapewniaj\u0105c p\u0142ynniejsz\u0105 prac\u0119 przy minimalnych wymaganiach konserwacyjnych. Regularne smarowanie i okresowe przegl\u0105dy zazwyczaj wystarczaj\u0105 do utrzymania optymalnej wydajno\u015bci, co pomaga obni\u017cy\u0107 ca\u0142kowity koszt posiadania i skr\u00f3ci\u0107 przestoje, zapewniaj\u0105c sprawne i wydajne dzia\u0142anie system\u00f3w nawadniaj\u0105cych.<\/p>\n<p><strong>Konstrukcja odporna na warunki atmosferyczne i korozj\u0119<\/strong><\/p>\n<p>Jedn\u0105 z wyr\u00f3\u017cniaj\u0105cych cech przek\u0142adni serii SYF-2M jest jej odporna na warunki atmosferyczne i korozj\u0119 konstrukcja. Przek\u0142adnia jest wyposa\u017cona w pow\u0142oki ochronne i uszczelnienia, kt\u00f3re chroni\u0105 j\u0105 przed wilgoci\u0105, kurzem i innymi czynnikami \u015brodowiskowymi. Ta odporna na warunki atmosferyczne konstrukcja gwarantuje efektywn\u0105 prac\u0119 przek\u0142adni w r\u00f3\u017cnych warunkach, od ulewnego deszczu po ekstremalne upa\u0142y i mrozy, co czyni j\u0105 idealn\u0105 do zastosowa\u0144 w rolnictwie na wolnym powietrzu. Jej odporno\u015b\u0107 na trudne warunki pogodowe gwarantuje sta\u0142\u0105 wydajno\u015b\u0107 przez ca\u0142y sezon nawadniania.<\/p>\n<p><strong>Zgodno\u015b\u0107 i \u0142atwa integracja<\/strong><\/p>\n<p>Przek\u0142adnia serii SYF-2M jest niezwykle wszechstronna i kompatybilna z r\u00f3\u017cnymi konfiguracjami system\u00f3w nawadniaj\u0105cych, w tym z systemem centralnego obrotu i systemami nawadniania liniowego. Mo\u017cna j\u0105 \u0142atwo zintegrowa\u0107 z istniej\u0105cymi systemami, oferuj\u0105c prost\u0105 opcj\u0119 wymiany zu\u017cytych lub uszkodzonych przek\u0142adni. Jej kompatybilno\u015b\u0107 ze standardowymi systemami nawadniaj\u0105cymi gwarantuje minimalny czas instalacji, umo\u017cliwiaj\u0105c szybk\u0105 modernizacj\u0119 lub napraw\u0119 systemu bez konieczno\u015bci rozleg\u0142ych modyfikacji, gwarantuj\u0105c p\u0142ynne przej\u015bcie i minimalne zak\u0142\u00f3cenia w dzia\u0142aniu system\u00f3w nawadniaj\u0105cych.<\/p>\n<p>Przek\u0142adnia z centralnym nap\u0119dem do nawadniania serii SYF-2M oferuje znacz\u0105ce korzy\u015bci w zakresie wydajno\u015bci energetycznej, trwa\u0142o\u015bci i niskich koszt\u00f3w konserwacji. Jej wysokowydajna konstrukcja gwarantuje niezawodn\u0105 i ekonomiczn\u0105 prac\u0119 w r\u00f3\u017cnorodnych systemach nawadniania w rolnictwie i ogrodnictwie. Odporna na warunki atmosferyczne i korozj\u0119 konstrukcja przek\u0142adni, w po\u0142\u0105czeniu z \u0142atwo\u015bci\u0105 integracji z istniej\u0105cymi systemami, czyni j\u0105 doskona\u0142ym wyborem do zwi\u0119kszenia wydajno\u015bci i trwa\u0142o\u015bci system\u00f3w nawadniania z centralnym nap\u0119dem obrotowym i liniowych. Redukuj\u0105c koszty operacyjne i czas przestoj\u00f3w, przek\u0142adnia serii SYF-2M pomaga zoptymalizowa\u0107 zarz\u0105dzanie wod\u0105 i wydajno\u015b\u0107 nawadniania w rolnictwie.<\/p>\n<p><img loading=\"lazy\" decoding=\"async\" class=\"alignnone size-full wp-image-2323\" src=\"https:\/\/fmp-components.com\/wp-content\/uploads\/2024\/12\/Irrigation-Center-Drive-Gearbox-SYF-2M-Series-Applications.webp\" alt=\"Nawadnianie-Nap\u0119d-Przek\u0142adnia-Seria-SYF-2M-Zastosowania\" width=\"1540\" height=\"800\" title=\"\" srcset=\"https:\/\/fmp-components.com\/wp-content\/uploads\/2024\/12\/Irrigation-Center-Drive-Gearbox-SYF-2M-Series-Applications.webp 1540w, https:\/\/fmp-components.com\/wp-content\/uploads\/2024\/12\/Irrigation-Center-Drive-Gearbox-SYF-2M-Series-Applications-1280x665.webp 1280w, https:\/\/fmp-components.com\/wp-content\/uploads\/2024\/12\/Irrigation-Center-Drive-Gearbox-SYF-2M-Series-Applications-980x509.webp 980w, https:\/\/fmp-components.com\/wp-content\/uploads\/2024\/12\/Irrigation-Center-Drive-Gearbox-SYF-2M-Series-Applications-480x249.webp 480w\" sizes=\"(min-width: 0px) and (max-width: 480px) 480px, (min-width: 481px) and (max-width: 980px) 980px, (min-width: 981px) and (max-width: 1280px) 1280px, (min-width: 1281px) 1540px, 100vw\" \/><\/p>\n<h2>Zastosowania przek\u0142adni centralno-nap\u0119dowej do nawadniania serii SYF-2M<\/h2>\n<p>Przek\u0142adnia z centralnym nap\u0119dem do system\u00f3w nawadniaj\u0105cych serii SYF-2M zosta\u0142a zaprojektowana z my\u015bl\u0105 o niezawodnym i wydajnym przenoszeniu mocy w r\u00f3\u017cnych systemach nawadniaj\u0105cych. Przek\u0142adnia ta zosta\u0142a zaprojektowana specjalnie do zastosowa\u0144 rolniczych i ogrodniczych, zapewniaj\u0105c r\u00f3wnomierne rozprowadzanie wody i optymalizuj\u0105c wydajno\u015b\u0107 systemu. Poni\u017cej przedstawiono kluczowe zastosowania przek\u0142adni z centralnym nap\u0119dem do system\u00f3w nawadniaj\u0105cych serii SYF-2M:<\/p>\n<p><strong>Systemy nawadniaj\u0105ce z centraln\u0105 osi\u0105 obrotu<\/strong><\/p>\n<p>Przek\u0142adnia serii SYF-2M jest kluczowym elementem system\u00f3w nawadniaj\u0105cych z centralnym punktem obrotu, gdzie nap\u0119dza konstrukcj\u0119 centralnego punktu obrotu. Systemy te s\u0105 szeroko stosowane do nawadniania du\u017cych p\u00f3l, a przek\u0142adnia zapewnia p\u0142ynny i wydajny obr\u00f3t ramienia obrotowego. Przenosz\u0105c moc z uk\u0142adu WOM na nap\u0119d mechaniczny, przek\u0142adnia pomaga uzyska\u0107 r\u00f3wnomierne rozprowadzanie wody, zmniejszaj\u0105c jej straty i poprawiaj\u0105c plony.<\/p>\n<p><strong>Systemy nawadniania liniowego<\/strong><\/p>\n<p>W liniowych systemach nawadniania, przek\u0142adnia serii SYF-2M s\u0142u\u017cy do nap\u0119dzania liniowego ruchu ruroci\u0105g\u00f3w nawadniaj\u0105cych w poprzek pola. Systemy te zapewniaj\u0105 precyzyjne nawadnianie, a przek\u0142adnia zapewnia r\u00f3wnomierny ruch ruroci\u0105g\u00f3w nawadniaj\u0105cych w poprzek pola, co przek\u0142ada si\u0119 na wydajne dostarczanie wody. Jej zdolno\u015b\u0107 do radzenia sobie z r\u00f3\u017cnymi obci\u0105\u017ceniami i utrzymywania precyzyjnego ruchu sprawia, \u017ce \u200b\u200bidealnie nadaje si\u0119 zar\u00f3wno do ma\u0142ych, jak i du\u017cych projekt\u00f3w nawadniaj\u0105cych.<\/p>\n<p><strong>Systemy nawadniania szklarni<\/strong><\/p>\n<p>Przek\u0142adnia serii SYF-2M doskonale nadaje si\u0119 r\u00f3wnie\u017c do system\u00f3w nawadniania szklarni, gdzie utrzymanie stabilnego i r\u00f3wnomiernego przep\u0142ywu wody ma kluczowe znaczenie dla zdrowia ro\u015blin. Przek\u0142adnia odpowiada za zasilanie linii nawadniaj\u0105cych, zapewniaj\u0105c ka\u017cdej sekcji szklarni odpowiedni\u0105 ilo\u015b\u0107 wody. Jej niskie wymagania konserwacyjne, wysoka trwa\u0142o\u015b\u0107 i wydajne przenoszenie mocy pomagaj\u0105 zoptymalizowa\u0107 zu\u017cycie wody, obni\u017cy\u0107 koszty operacyjne i utrzyma\u0107 stabilne warunki uprawy.<\/p>\n<p><strong>Nawadnianie trawnik\u00f3w i teren\u00f3w zielonych<\/strong><\/p>\n<p>W systemach nawadniania trawnik\u00f3w i teren\u00f3w zielonych, przek\u0142adnia serii SYF-2M jest wykorzystywana do nap\u0119dzania system\u00f3w nawadniaj\u0105cych pola golfowe, boiska sportowe, parki i inne tereny zielone. Systemy te wymagaj\u0105 wydajnego przeniesienia nap\u0119du, aby zapewni\u0107 r\u00f3wnomierne nawadnianie du\u017cych powierzchni trawnik\u00f3w. Odporna na warunki atmosferyczne i korozj\u0119 konstrukcja przek\u0142adni gwarantuje niezawodn\u0105 prac\u0119 w zmiennych warunkach pogodowych, gwarantuj\u0105c sta\u0142\u0105 wydajno\u015b\u0107 przez ca\u0142y sezon nawadniania.<\/p>\n<p><strong>Nawadnianie rolnicze p\u00f3l uprawnych<\/strong><\/p>\n<p>Przek\u0142adnia serii SYF-2M jest szeroko stosowana w systemach nawadniania rolniczego na du\u017c\u0105 skal\u0119, gdzie pomaga utrzyma\u0107 r\u00f3wnomierne nawadnianie na polach upraw rz\u0119dowych, sadach i uprawach specjalistycznych. Zapewniaj\u0105c wydajn\u0105 prac\u0119 system\u00f3w nawadniania z centralnym punktem obrotu i liniowych, przek\u0142adnia pomaga zoptymalizowa\u0107 zu\u017cycie wody, zwi\u0119kszy\u0107 plony i ograniczy\u0107 straty wody. Jej zdolno\u015b\u0107 do radzenia sobie z wymagaj\u0105cymi warunkami panuj\u0105cymi w rolnictwie gwarantuje niezawodne nawadnianie, kt\u00f3re jest niezb\u0119dne do maksymalizacji produkcji i utrzymania zdrowej gleby.<\/p>\n<p>Przek\u0142adnia z centralnym nap\u0119dem do system\u00f3w nawadniaj\u0105cych serii SYF-2M zosta\u0142a zaprojektowana do szerokiego zakresu zastosowa\u0144 nawadniaj\u0105cych, w tym system\u00f3w z centralnym obrotem, system\u00f3w nawadniania liniowego, system\u00f3w nawadniania szklarni, trawnik\u00f3w i teren\u00f3w zielonych oraz system\u00f3w nawadniania p\u00f3l uprawnych. Jej trwa\u0142o\u015b\u0107, wydajno\u015b\u0107 i \u0142atwo\u015b\u0107 integracji sprawiaj\u0105, \u017ce jest to doskona\u0142y wyb\u00f3r do optymalizacji dystrybucji wody i wydajno\u015bci system\u00f3w nawadniaj\u0105cych. Zapewniaj\u0105c sp\u00f3jn\u0105 i niezawodn\u0105 transmisj\u0119 mocy, przek\u0142adnia serii SYF-2M gwarantuje wydajn\u0105 prac\u0119 system\u00f3w nawadniaj\u0105cych, redukuj\u0105c koszty i zwi\u0119kszaj\u0105c wydajno\u015b\u0107 upraw.<\/p>\n<p><img loading=\"lazy\" decoding=\"async\" class=\"alignnone size-full wp-image-2324\" src=\"https:\/\/fmp-components.com\/wp-content\/uploads\/2024\/12\/Irrigation-Center-Drive-Gearbox-SYF-2M-Series-Benefits.webp\" alt=\"Nawadnianie-Nap\u0119d-Przek\u0142adnia-Seria-SYF-2M-Korzy\u015bci\" width=\"980\" height=\"544\" title=\"\" srcset=\"https:\/\/fmp-components.com\/wp-content\/uploads\/2024\/12\/Irrigation-Center-Drive-Gearbox-SYF-2M-Series-Benefits.webp 980w, https:\/\/fmp-components.com\/wp-content\/uploads\/2024\/12\/Irrigation-Center-Drive-Gearbox-SYF-2M-Series-Benefits-480x266.webp 480w\" sizes=\"(min-width: 0px) and (max-width: 480px) 480px, (min-width: 481px) 980px, 100vw\" \/><\/p>\n<h3>O FMP<\/h3>\n<p>Firma FMP, z siedzib\u0105 g\u0142\u00f3wn\u0105 we W\u0142oszech, jest wiod\u0105cym producentem, znanym ze swojego do\u015bwiadczenia w projektowaniu, rozwoju i produkcji wysokowydajnych przek\u0142adni, ze szczeg\u00f3lnym uwzgl\u0119dnieniem sektora maszyn rolniczych. Dzi\u0119ki reputacji w zakresie precyzyjnej in\u017cynierii, innowacyjnych rozwi\u0105za\u0144 i niezawodnej konstrukcji, FMP sta\u0142a si\u0119 zaufanym partnerem w zaspokajaniu zmieniaj\u0105cych si\u0119 potrzeb zar\u00f3wno sektora rolniczego, jak i przemys\u0142owego. Nasza r\u00f3\u017cnorodna oferta produkt\u00f3w obejmuje specjalistyczne przek\u0142adnie do kosiarek, wa\u0142y odbioru mocy (WOM) i inne niezb\u0119dne komponenty, starannie zaprojektowane, aby zapewni\u0107 rozwi\u0105zania dostosowane do indywidualnych potrzeb w szerokim spektrum zastosowa\u0144.<\/p>\n<p>W FMP rozumiemy, \u017ce ka\u017cdy klient ma unikalne wymagania i wyzwania. Dlatego specjalizujemy si\u0119 w oferowaniu rozwi\u0105za\u0144 szytych na miar\u0119, zar\u00f3wno dla pojedynczych komponent\u00f3w, jak i w pe\u0142ni zintegrowanych system\u00f3w. \u015aci\u015ble wsp\u00f3\u0142pracujemy z naszymi klientami, aby zapewni\u0107, \u017ce ka\u017cde rozwi\u0105zanie jest nie tylko skuteczne, ale i wydajne, optymalizuj\u0105c zar\u00f3wno wydajno\u015b\u0107, jak i warto\u015b\u0107. Nasze zaanga\u017cowanie w udzielanie szybkich i profesjonalnych odpowiedzi, w po\u0142\u0105czeniu z fachowym doradztwem, gwarantuje, \u017ce ka\u017cde zapytanie jest traktowane z najwy\u017csz\u0105 staranno\u015bci\u0105 i precyzj\u0105, co prowadzi do najlepszych mo\u017cliwych rezultat\u00f3w.<\/p>\n<p>Priorytetem jest dla nas otwarta i ci\u0105g\u0142a komunikacja w ca\u0142ym procesie rozwoju produktu. Nasz zaanga\u017cowany zesp\u00f3\u0142 wsp\u00f3\u0142pracuje bezpo\u015brednio z klientami, aby w pe\u0142ni zrozumie\u0107 ich specyficzne potrzeby, oferuj\u0105c cenne spostrze\u017cenia i rekomendacje, kt\u00f3re pomog\u0105 w zapewnieniu optymalnych rozwi\u0105za\u0144. Niezale\u017cnie od tego, czy projektujemy innowacyjne produkty, czy realizujemy bie\u017c\u0105ce zam\u00f3wienia, FMP dok\u0142ada wszelkich stara\u0144, aby dostarcza\u0107 wysokiej jako\u015bci, precyzyjnie zaprojektowane rozwi\u0105zania na czas i za ka\u017cdym razem. Naszym celem jest zapewnienie klientom najlepszej obs\u0142ugi i rezultat\u00f3w, przewy\u017cszaj\u0105cych ich oczekiwania w ka\u017cdym projekcie.<\/p>\n<p>Jako\u015b\u0107 jest fundamentem dzia\u0142alno\u015bci FMP. Przestrzegamy najwy\u017cszych standard\u00f3w produkcyjnych, wdra\u017caj\u0105c rygorystyczne \u015brodki kontroli jako\u015bci, aby zapewni\u0107, \u017ce ka\u017cdy produkt nie tylko spe\u0142nia, ale wr\u0119cz przewy\u017csza standardy bran\u017cowe. To niez\u0142omne zaanga\u017cowanie w jako\u015b\u0107, w po\u0142\u0105czeniu z naszymi podstawowymi warto\u015bciami, takimi jak uczciwo\u015b\u0107, praca zespo\u0142owa i wytrwa\u0142o\u015b\u0107, pozwoli\u0142o nam zbudowa\u0107 d\u0142ugotrwa\u0142e, oparte na zaufaniu relacje z klientami w prawie 30 krajach na ca\u0142ym \u015bwiecie.<\/p>\n<p>FMP jest zawsze otwarta na globalne partnerstwa i niezmiennie oferuje fachowe doradztwo oraz rozwi\u0105zania dostosowane do indywidualnych potrzeb naszych klient\u00f3w. Nie ograniczamy si\u0119 do dostarczania produkt\u00f3w; d\u0105\u017cymy do budowania trwa\u0142ych relacji, kt\u00f3re przyczyniaj\u0105 si\u0119 do sukcesu ka\u017cdego projektu. Niezale\u017cnie od tego, czy potrzebujesz innowacyjnych rozwi\u0105za\u0144 dla nowej inicjatywy, czy sta\u0142ego wsparcia dla istniej\u0105cego systemu, FMP jest do Twojej dyspozycji, aby stawi\u0107 czo\u0142a Twoim wyzwaniom technicznym i zapewni\u0107 Ci ci\u0105g\u0142y sukces.<\/p>\n<p><img loading=\"lazy\" decoding=\"async\" class=\"alignnone size-full wp-image-1861\" src=\"https:\/\/fmp-components.com\/wp-content\/uploads\/2024\/12\/Other-Agricultural-Gearboxes.webp\" sizes=\"(min-width: 0px) and (max-width: 480px) 480px, (min-width: 481px) and (max-width: 980px) 980px, (min-width: 981px) 1200px, 100vw\" srcset=\"https:\/\/fmp-components.com\/wp-content\/uploads\/2024\/12\/Other-Agricultural-Gearboxes.webp 1200w, https:\/\/fmp-components.com\/wp-content\/uploads\/2024\/12\/Other-Agricultural-Gearboxes-980x1143.webp 980w, https:\/\/fmp-components.com\/wp-content\/uploads\/2024\/12\/Other-Agricultural-Gearboxes-480x560.webp 480w\" alt=\"Inne zmiany rolnicze\" width=\"1200\" height=\"1400\" title=\"\"><\/p>\n<p>Autor: CX<\/p>","protected":false},"excerpt":{"rendered":"<p>Irrigation Center-Drive Gearbox SYF-2M Series Model Numbers SYF-2M-20=87rpm(20:1 ratio,1-1\/2 HP motor) SYF-2M-30=58rpm(30:1 ratio, 1-1\/2 HP motor) SYF-2M-40=43rpm(40:1 ratio, 1 HP motor) SYF-2M-50=35rpm(50:1 ratio, 1 HP motor) SYF-2M-58=30rpm(58:1 ratio, 1 HP motor) SYF-2M-60=29rpm(60:1 ratio, 1 HP motor) (When input speed is 1740 rpm) Irrigation Center-Drive Gearbox SYF-2M Series Performance 1. Ratio: 20:1, 30:1, 40:1, 50:1, 58:1, [&hellip;]<\/p>","protected":false},"featured_media":2322,"comment_status":"open","ping_status":"closed","template":"","meta":{"_et_pb_use_builder":"","_et_pb_old_content":"","_et_gb_content_width":""},"product_brand":[],"product_cat":[57],"product_tag":[],"class_list":{"0":"post-2319","1":"product","2":"type-product","3":"status-publish","4":"has-post-thumbnail","6":"product_cat-irrigation-gearbox","8":"first","9":"instock","10":"shipping-taxable","11":"product-type-simple"},"_links":{"self":[{"href":"https:\/\/fmp-components.com\/pl\/wp-json\/wp\/v2\/product\/2319","targetHints":{"allow":["GET"]}}],"collection":[{"href":"https:\/\/fmp-components.com\/pl\/wp-json\/wp\/v2\/product"}],"about":[{"href":"https:\/\/fmp-components.com\/pl\/wp-json\/wp\/v2\/types\/product"}],"replies":[{"embeddable":true,"href":"https:\/\/fmp-components.com\/pl\/wp-json\/wp\/v2\/comments?post=2319"}],"wp:featuredmedia":[{"embeddable":true,"href":"https:\/\/fmp-components.com\/pl\/wp-json\/wp\/v2\/media\/2322"}],"wp:attachment":[{"href":"https:\/\/fmp-components.com\/pl\/wp-json\/wp\/v2\/media?parent=2319"}],"wp:term":[{"taxonomy":"product_brand","embeddable":true,"href":"https:\/\/fmp-components.com\/pl\/wp-json\/wp\/v2\/product_brand?post=2319"},{"taxonomy":"product_cat","embeddable":true,"href":"https:\/\/fmp-components.com\/pl\/wp-json\/wp\/v2\/product_cat?post=2319"},{"taxonomy":"product_tag","embeddable":true,"href":"https:\/\/fmp-components.com\/pl\/wp-json\/wp\/v2\/product_tag?post=2319"}],"curies":[{"name":"wp","href":"https:\/\/api.w.org\/{rel}","templated":true}]}}