{"id":2233,"date":"2024-12-31T02:30:52","date_gmt":"2024-12-31T02:30:52","guid":{"rendered":"https:\/\/fmp-components.com\/?page_id=8"},"modified":"2024-12-31T02:48:33","modified_gmt":"2024-12-31T02:48:33","slug":"rotary-cutter-gearboxes-replacement-of-omni-code-rc-51-gearbox","status":"publish","type":"product","link":"https:\/\/fmp-components.com\/pl\/product\/rotary-cutter-gearboxes-replacement-of-omni-code-rc-51-gearbox\/","title":{"rendered":"Przek\u0142adnie no\u017ca obrotowego \u2013 wymiana przek\u0142adni Omni Code RC-51"},"content":{"rendered":"<h2>Specyfikacja przek\u0142adni no\u017ca obrotowego RC51<\/h2>\n<p><img loading=\"lazy\" decoding=\"async\" class=\"alignnone size-full wp-image-2235\" src=\"https:\/\/fmp-components.com\/wp-content\/uploads\/2024\/12\/RC51-Rotary-Cutter-Gearbox-Specifications.webp\" alt=\"RC51-Przek\u0142adnia-no\u017ca-obrotowego-Specyfikacja\" width=\"1135\" height=\"717\" title=\"\" srcset=\"https:\/\/fmp-components.com\/wp-content\/uploads\/2024\/12\/RC51-Rotary-Cutter-Gearbox-Specifications.webp 1135w, https:\/\/fmp-components.com\/wp-content\/uploads\/2024\/12\/RC51-Rotary-Cutter-Gearbox-Specifications-980x619.webp 980w, https:\/\/fmp-components.com\/wp-content\/uploads\/2024\/12\/RC51-Rotary-Cutter-Gearbox-Specifications-480x303.webp 480w\" sizes=\"(min-width: 0px) and (max-width: 480px) 480px, (min-width: 481px) and (max-width: 980px) 980px, (min-width: 981px) 1135px, 100vw\" \/><\/p>\n<table style=\"width: 98.1133%; height: 333px;\" border=\"1\" cellspacing=\"0\" cellpadding=\"0\">\n<tbody>\n<tr>\n<td style=\"width: 34.0308%;\">Model<\/td>\n<td style=\"width: 65.7489%;\">Przek\u0142adnia no\u017ca obrotowego FMP-RC51<\/td>\n<\/tr>\n<tr>\n<td style=\"width: 34.0308%;\">Moment obrotowy<\/td>\n<td style=\"width: 65.7489%;\">2800 \u2013 4667 funt\u00f3w-cali.<br \/>\n(316 \u2013 527 Nm.)<\/td>\n<\/tr>\n<tr>\n<td style=\"width: 34.0308%;\">Proporcje<\/td>\n<td style=\"width: 65.7489%;\">1:1.47, 1:1.71, 1:1.93<\/td>\n<\/tr>\n<tr>\n<td style=\"width: 34.0308%;\">Typ przek\u0142adni<\/td>\n<td style=\"width: 65.7489%;\">Ukos<\/td>\n<\/tr>\n<tr>\n<td style=\"width: 34.0308%;\">Typ uszczelnienia<\/td>\n<td style=\"width: 65.7489%;\">Potr\u00f3jna warga spr\u0119\u017cynowa<\/td>\n<\/tr>\n<tr>\n<td style=\"width: 34.0308%;\">Typ \u0142o\u017cyska<\/td>\n<td style=\"width: 65.7489%;\">Wa\u0142ek sto\u017ckowy,<br \/>\nPi\u0142ka z g\u0142\u0119bokim rowkiem<\/td>\n<\/tr>\n<tr>\n<td style=\"width: 34.0308%;\">Pojemno\u015b\u0107 oleju<\/td>\n<td style=\"width: 65.7489%;\">27 uncji.<br \/>\n(0,80 l)<\/td>\n<\/tr>\n<tr>\n<td style=\"width: 34.0308%;\">Waga<\/td>\n<td style=\"width: 65.7489%;\">56 funt\u00f3w.<br \/>\n(25,4 kg.)<\/td>\n<\/tr>\n<\/tbody>\n<\/table>\n<h2>Przek\u0142adnia no\u017ca obrotowego RC51 do no\u017cy obrotowych<\/h2>\n<p>Przek\u0142adnia RC51 do kosiarek obrotowych to wysokowydajna przek\u0142adnia zaprojektowana specjalnie do kosiarek obrotowych, oferuj\u0105ca doskona\u0142e przenoszenie mocy i trwa\u0142o\u015b\u0107 w wymagaj\u0105cych zastosowaniach rolniczych i w utrzymaniu teren\u00f3w zielonych. Zaprojektowana z my\u015bl\u0105 o wydajnej pracy i d\u0142ugotrwa\u0142ej niezawodno\u015bci, przek\u0142adnia RC51 to idealne rozwi\u0105zanie dla operator\u00f3w poszukuj\u0105cych optymalnej wydajno\u015bci dla swoich kosiarek obrotowych.<\/p>\n<ol>\n<li>Du\u017ca moc (50 KM)<br \/>\nPrzek\u0142adnia RC51 zosta\u0142a zaprojektowana do pracy z moc\u0105 do 50 koni mechanicznych, dzi\u0119ki czemu nadaje si\u0119 do wi\u0119kszych i mocniejszych kosiarek obrotowych. Zapewnia ona moc niezb\u0119dn\u0105 do intensywnego koszenia, karczowania i innych prac rolniczych, gwarantuj\u0105c optymaln\u0105 wydajno\u015b\u0107 ci\u0119cia nawet w najtrudniejszych warunkach.<\/li>\n<li>Trwa\u0142a i solidna konstrukcja<br \/>\nPrzek\u0142adnia zosta\u0142a wykonana z wysokiej jako\u015bci, wytrzyma\u0142ych materia\u0142\u00f3w, kt\u00f3re zapewniaj\u0105 trwa\u0142o\u015b\u0107 i odporno\u015b\u0107 na zu\u017cycie, nawet w trudnych warunkach eksploatacji. Ta solidna konstrukcja minimalizuje potrzeb\u0119 cz\u0119stych napraw i wymian, oferuj\u0105c ekonomiczne rozwi\u0105zanie do d\u0142ugotrwa\u0142ego u\u017cytkowania.<\/li>\n<li>Wydajne przenoszenie mocy<br \/>\nPrzek\u0142adnia RC51 zosta\u0142a zaprojektowana tak, aby przenosi\u0107 moc z wa\u0142u odbioru mocy (WOM) na no\u017ce tn\u0105ce z maksymaln\u0105 wydajno\u015bci\u0105. Minimalizuje to straty energii, co przek\u0142ada si\u0119 na lepsz\u0105 wydajno\u015b\u0107 i mniejsze zu\u017cycie paliwa, co ma kluczowe znaczenie dla obni\u017cenia koszt\u00f3w operacyjnych w gospodarstwach rolnych na du\u017c\u0105 skal\u0119.<\/li>\n<li>Doskona\u0142e odprowadzanie ciep\u0142a<br \/>\nZaprojektowana z my\u015bl\u0105 o efektywnym zarz\u0105dzaniu ciep\u0142em, skrzynia bieg\u00f3w RC51 zapewnia optymaln\u0105 temperatur\u0119 pracy, nawet podczas d\u0142ugotrwa\u0142ego u\u017cytkowania. Ten zaawansowany system odprowadzania ciep\u0142a zapobiega przegrzaniu, zmniejsza zu\u017cycie element\u00f3w wewn\u0119trznych i wyd\u0142u\u017ca \u017cywotno\u015b\u0107 skrzyni bieg\u00f3w.<\/li>\n<li>\u0141atwo\u015b\u0107 konserwacji<br \/>\nPrzek\u0142adnia RC51 zosta\u0142a zaprojektowana z my\u015bl\u0105 o \u0142atwo\u015bci konserwacji, dzi\u0119ki takim rozwi\u0105zaniom jak uszczelnione \u0142o\u017cyska i \u0142atwo dost\u0119pne elementy wewn\u0119trzne. Upraszcza to rutynowe czynno\u015bci konserwacyjne, takie jak smarowanie i przegl\u0105dy, skracaj\u0105c przestoje i zapewniaj\u0105c wydajn\u0105 prac\u0119 sprz\u0119tu przy minimalnym wysi\u0142ku.<\/li>\n<\/ol>\n<p>Przek\u0142adnia RC51 do kosiarki obrotowej to solidne i wydajne rozwi\u0105zanie dla kosiarek obrotowych, zaprojektowane do wykonywania ci\u0119\u017ckich zada\u0144 w rolnictwie i przemy\u015ble. Wysoka moc, trwa\u0142o\u015b\u0107, sprawne przenoszenie mocy i \u0142atwa konserwacja sprawiaj\u0105, \u017ce jest to doskona\u0142y wyb\u00f3r dla operator\u00f3w poszukuj\u0105cych niezawodno\u015bci, wydajno\u015bci i d\u0142ugoterminowych oszcz\u0119dno\u015bci. Niezale\u017cnie od tego, czy chodzi o karczowanie, koszenie, czy inne zadania zwi\u0105zane z kosiark\u0105 obrotow\u0105, przek\u0142adnia RC51 zapewnia moc i niezawodno\u015b\u0107 niezb\u0119dne do efektywnego i wydajnego wykonania zadania.<\/p>\n<table style=\"border-collapse: collapse; width: 102.047%; height: 108px;\" border=\"0\" width=\"128\" cellspacing=\"0\" cellpadding=\"0\">\n<tbody>\n<tr style=\"height: 13.8pt;\">\n<td style=\"height: 13.8pt; width: 48pt;\" align=\"right\" width=\"64\" height=\"18\"><img loading=\"lazy\" decoding=\"async\" class=\"alignnone size-full wp-image-2240\" src=\"https:\/\/fmp-components.com\/wp-content\/uploads\/2024\/12\/Agricultural-PTO-Shaft-for-Rotary-Cutter-Gearbox-21.webp\" alt=\"\" width=\"800\" height=\"552\" title=\"\" srcset=\"https:\/\/fmp-components.com\/wp-content\/uploads\/2024\/12\/Agricultural-PTO-Shaft-for-Rotary-Cutter-Gearbox-21.webp 800w, https:\/\/fmp-components.com\/wp-content\/uploads\/2024\/12\/Agricultural-PTO-Shaft-for-Rotary-Cutter-Gearbox-21-480x331.webp 480w\" sizes=\"(min-width: 0px) and (max-width: 480px) 480px, (min-width: 481px) 800px, 100vw\" \/><\/td>\n<td style=\"width: 48pt;\" align=\"right\" width=\"64\"><img loading=\"lazy\" decoding=\"async\" class=\"alignnone size-full wp-image-2241\" src=\"https:\/\/fmp-components.com\/wp-content\/uploads\/2024\/12\/Agricultural-PTO-Shaft-for-Rotary-Cutter-Gearbox-11.webp\" alt=\"\" width=\"800\" height=\"552\" title=\"\" srcset=\"https:\/\/fmp-components.com\/wp-content\/uploads\/2024\/12\/Agricultural-PTO-Shaft-for-Rotary-Cutter-Gearbox-11.webp 800w, https:\/\/fmp-components.com\/wp-content\/uploads\/2024\/12\/Agricultural-PTO-Shaft-for-Rotary-Cutter-Gearbox-11-480x331.webp 480w\" sizes=\"(min-width: 0px) and (max-width: 480px) 480px, (min-width: 481px) 800px, 100vw\" \/><\/td>\n<\/tr>\n<\/tbody>\n<\/table>\n<h2>Wa\u0142 odbioru mocy rolniczy do przek\u0142adni kosiarki obrotowej<\/h2>\n<p>Wa\u0142 odbioru mocy (WOM) do przek\u0142adni kosiarki obrotowej to kluczowy element zaprojektowany do efektywnego przekazywania mocy z uk\u0142adu WOM ci\u0105gnika do przek\u0142adni kosiarki obrotowej. Wa\u0142 ten zosta\u0142 zaprojektowany do przenoszenia wysokich obci\u0105\u017ce\u0144 momentem obrotowym i zapewnia p\u0142ynn\u0105 i niezawodn\u0105 prac\u0119 kosiarki obrotowej w r\u00f3\u017cnych zastosowaniach rolniczych, takich jak koszenie, koszenie trawy i karczowanie grunt\u00f3w.<\/p>\n<p>Wykonany z materia\u0142\u00f3w o wysokiej wytrzyma\u0142o\u015bci wa\u0142ek WOM zosta\u0142 zaprojektowany z my\u015bl\u0105 o trwa\u0142o\u015bci i odporno\u015bci na trudne warunki typowe dla rolnictwa. Jego solidna konstrukcja gwarantuje d\u0142ugotrwa\u0142\u0105 prac\u0119, zmniejszaj\u0105c ryzyko zu\u017cycia i minimalizuj\u0105c potrzeb\u0119 cz\u0119stych wymian lub napraw.<\/p>\n<p>Wa\u0142 zosta\u0142 zaprojektowany z my\u015bl\u0105 o \u0142atwej instalacji i kompatybilno\u015bci z szerok\u0105 gam\u0105 przek\u0142adni kosiarek obrotowych, w tym z tymi o r\u00f3\u017cnych konfiguracjach mocowania. Ta wszechstronno\u015b\u0107 pozwala rolnikom i operatorom na szybk\u0105 integracj\u0119 wa\u0142u WOM z istniej\u0105cym sprz\u0119tem, co zwi\u0119ksza wydajno\u015b\u0107 i skraca przestoje podczas konfiguracji.<\/p>\n<p>Wyposa\u017cony w wysokiej jako\u015bci przeguby krzy\u017cakowe, wa\u0142ek odbioru mocy zapewnia p\u0142ynne przenoszenie mocy, a jednocze\u015bnie dostosowuje si\u0119 do ruchu obrotowego ci\u0105gnika i kosiarki. Przeguby krzy\u017cakowe pomagaj\u0105 r\u00f3wnie\u017c zminimalizowa\u0107 wibracje, co dodatkowo poprawia wydajno\u015b\u0107 operacyjn\u0105 i wyd\u0142u\u017ca \u017cywotno\u015b\u0107 zar\u00f3wno wa\u0142ka odbioru mocy, jak i skrzyni bieg\u00f3w.<\/p>\n<p>Podsumowuj\u0105c, wa\u0142ek odbioru mocy do przek\u0142adni kosiarki obrotowej oferuje wyj\u0105tkow\u0105 niezawodno\u015b\u0107, wydajno\u015b\u0107 i \u0142atwo\u015b\u0107 obs\u0142ugi, co czyni go niezb\u0119dnym elementem zapewniaj\u0105cym wydajn\u0105 prac\u0119 kosiarek obrotowych w r\u00f3\u017cnych zastosowaniach rolniczych. Zapewnia on p\u0142ynn\u0105 prac\u0119 ca\u0142ego systemu, przyczyniaj\u0105c si\u0119 do wi\u0119kszej wydajno\u015bci i ni\u017cszych koszt\u00f3w konserwacji.<\/p>\n<table style=\"border-collapse: collapse; width: 101.5%; height: 29px;\" border=\"0\" width=\"128\" cellspacing=\"0\" cellpadding=\"0\">\n<tbody>\n<tr style=\"height: 13.8pt;\">\n<td style=\"height: 13.8pt; width: 48pt;\" align=\"right\" width=\"64\" height=\"18\"><img loading=\"lazy\" decoding=\"async\" class=\"alignnone size-full wp-image-2239\" src=\"https:\/\/fmp-components.com\/wp-content\/uploads\/2024\/12\/RC51-Rotary-Cutter-Gearbox-for-Rotary-Cutters-11.webp\" alt=\"\" width=\"1069\" height=\"676\" title=\"\" srcset=\"https:\/\/fmp-components.com\/wp-content\/uploads\/2024\/12\/RC51-Rotary-Cutter-Gearbox-for-Rotary-Cutters-11.webp 1069w, https:\/\/fmp-components.com\/wp-content\/uploads\/2024\/12\/RC51-Rotary-Cutter-Gearbox-for-Rotary-Cutters-11-980x620.webp 980w, https:\/\/fmp-components.com\/wp-content\/uploads\/2024\/12\/RC51-Rotary-Cutter-Gearbox-for-Rotary-Cutters-11-480x304.webp 480w\" sizes=\"(min-width: 0px) and (max-width: 480px) 480px, (min-width: 481px) and (max-width: 980px) 980px, (min-width: 981px) 1069px, 100vw\" \/><\/td>\n<td style=\"width: 48pt;\" align=\"right\" width=\"64\"><img loading=\"lazy\" decoding=\"async\" class=\"alignnone size-full wp-image-2238\" src=\"https:\/\/fmp-components.com\/wp-content\/uploads\/2024\/12\/RC51-Rotary-Cutter-Gearbox-for-Rotary-Cutters-21.webp\" alt=\"\" width=\"1069\" height=\"676\" title=\"\" srcset=\"https:\/\/fmp-components.com\/wp-content\/uploads\/2024\/12\/RC51-Rotary-Cutter-Gearbox-for-Rotary-Cutters-21.webp 1069w, https:\/\/fmp-components.com\/wp-content\/uploads\/2024\/12\/RC51-Rotary-Cutter-Gearbox-for-Rotary-Cutters-21-980x620.webp 980w, https:\/\/fmp-components.com\/wp-content\/uploads\/2024\/12\/RC51-Rotary-Cutter-Gearbox-for-Rotary-Cutters-21-480x304.webp 480w\" sizes=\"(min-width: 0px) and (max-width: 480px) 480px, (min-width: 481px) and (max-width: 980px) 980px, (min-width: 981px) 1069px, 100vw\" \/><\/td>\n<\/tr>\n<\/tbody>\n<\/table>\n<p>&nbsp;<\/p>\n<h3>O FMP<\/h3>\n<p>Firma FMP, z siedzib\u0105 g\u0142\u00f3wn\u0105 we W\u0142oszech, jest wiod\u0105cym producentem, znanym ze swojego do\u015bwiadczenia w projektowaniu, rozwoju i produkcji wysokowydajnych przek\u0142adni, ze szczeg\u00f3lnym uwzgl\u0119dnieniem sektora maszyn rolniczych. Dzi\u0119ki reputacji w zakresie precyzyjnej in\u017cynierii, innowacyjnych rozwi\u0105za\u0144 i niezawodnej konstrukcji, FMP sta\u0142a si\u0119 zaufanym partnerem w zaspokajaniu zmieniaj\u0105cych si\u0119 potrzeb zar\u00f3wno sektora rolniczego, jak i przemys\u0142owego. Nasza r\u00f3\u017cnorodna oferta produkt\u00f3w obejmuje specjalistyczne przek\u0142adnie do kosiarek, wa\u0142y odbioru mocy (WOM) i inne niezb\u0119dne komponenty, starannie zaprojektowane, aby zapewni\u0107 rozwi\u0105zania dostosowane do indywidualnych potrzeb w szerokim spektrum zastosowa\u0144.<\/p>\n<p>W FMP rozumiemy, \u017ce ka\u017cdy klient ma unikalne wymagania i wyzwania. Dlatego specjalizujemy si\u0119 w oferowaniu rozwi\u0105za\u0144 szytych na miar\u0119, zar\u00f3wno dla pojedynczych komponent\u00f3w, jak i w pe\u0142ni zintegrowanych system\u00f3w. \u015aci\u015ble wsp\u00f3\u0142pracujemy z naszymi klientami, aby zapewni\u0107, \u017ce ka\u017cde rozwi\u0105zanie jest nie tylko skuteczne, ale i wydajne, optymalizuj\u0105c zar\u00f3wno wydajno\u015b\u0107, jak i warto\u015b\u0107. Nasze zaanga\u017cowanie w udzielanie szybkich i profesjonalnych odpowiedzi, w po\u0142\u0105czeniu z fachowym doradztwem, gwarantuje, \u017ce ka\u017cde zapytanie jest traktowane z najwy\u017csz\u0105 staranno\u015bci\u0105 i precyzj\u0105, co prowadzi do najlepszych mo\u017cliwych rezultat\u00f3w.<\/p>\n<p>Priorytetem jest dla nas otwarta i ci\u0105g\u0142a komunikacja w ca\u0142ym procesie rozwoju produktu. Nasz zaanga\u017cowany zesp\u00f3\u0142 wsp\u00f3\u0142pracuje bezpo\u015brednio z klientami, aby w pe\u0142ni zrozumie\u0107 ich specyficzne potrzeby, oferuj\u0105c cenne spostrze\u017cenia i rekomendacje, kt\u00f3re pomog\u0105 w zapewnieniu optymalnych rozwi\u0105za\u0144. Niezale\u017cnie od tego, czy projektujemy innowacyjne produkty, czy realizujemy bie\u017c\u0105ce zam\u00f3wienia, FMP dok\u0142ada wszelkich stara\u0144, aby dostarcza\u0107 wysokiej jako\u015bci, precyzyjnie zaprojektowane rozwi\u0105zania na czas i za ka\u017cdym razem. Naszym celem jest zapewnienie klientom najlepszej obs\u0142ugi i rezultat\u00f3w, przewy\u017cszaj\u0105cych ich oczekiwania w ka\u017cdym projekcie.<\/p>\n<p>Jako\u015b\u0107 jest fundamentem dzia\u0142alno\u015bci FMP. Przestrzegamy najwy\u017cszych standard\u00f3w produkcyjnych, wdra\u017caj\u0105c rygorystyczne \u015brodki kontroli jako\u015bci, aby zapewni\u0107, \u017ce ka\u017cdy produkt nie tylko spe\u0142nia, ale wr\u0119cz przewy\u017csza standardy bran\u017cowe. To niez\u0142omne zaanga\u017cowanie w jako\u015b\u0107, w po\u0142\u0105czeniu z naszymi podstawowymi warto\u015bciami, takimi jak uczciwo\u015b\u0107, praca zespo\u0142owa i wytrwa\u0142o\u015b\u0107, pozwoli\u0142o nam zbudowa\u0107 d\u0142ugotrwa\u0142e, oparte na zaufaniu relacje z klientami w prawie 30 krajach na ca\u0142ym \u015bwiecie.<\/p>\n<p>FMP jest zawsze otwarta na globalne partnerstwa i niezmiennie oferuje fachowe doradztwo oraz rozwi\u0105zania dostosowane do indywidualnych potrzeb naszych klient\u00f3w. Nie ograniczamy si\u0119 do dostarczania produkt\u00f3w; d\u0105\u017cymy do budowania trwa\u0142ych relacji, kt\u00f3re przyczyniaj\u0105 si\u0119 do sukcesu ka\u017cdego projektu. Niezale\u017cnie od tego, czy potrzebujesz innowacyjnych rozwi\u0105za\u0144 dla nowej inicjatywy, czy sta\u0142ego wsparcia dla istniej\u0105cego systemu, FMP jest do Twojej dyspozycji, aby stawi\u0107 czo\u0142a Twoim wyzwaniom technicznym i zapewni\u0107 Ci ci\u0105g\u0142y sukces.<\/p>\n<p><img loading=\"lazy\" decoding=\"async\" class=\"alignnone size-full wp-image-1861\" src=\"https:\/\/fmp-components.com\/wp-content\/uploads\/2024\/12\/Other-Agricultural-Gearboxes.webp\" sizes=\"(min-width: 0px) and (max-width: 480px) 480px, (min-width: 481px) and (max-width: 980px) 980px, (min-width: 981px) 1200px, 100vw\" srcset=\"https:\/\/fmp-components.com\/wp-content\/uploads\/2024\/12\/Other-Agricultural-Gearboxes.webp 1200w, https:\/\/fmp-components.com\/wp-content\/uploads\/2024\/12\/Other-Agricultural-Gearboxes-980x1143.webp 980w, https:\/\/fmp-components.com\/wp-content\/uploads\/2024\/12\/Other-Agricultural-Gearboxes-480x560.webp 480w\" alt=\"Inne zmiany rolnicze\" width=\"1200\" height=\"1400\" title=\"\"><\/p>\n<p>Autor: CX<\/p>","protected":false},"excerpt":{"rendered":"<p>RC51 Rotary Cutter Gearbox Specifications Model FMP-RC51 Rotary Cutter Gearbox Torque 2,800 &#8211; 4,667 lb.-in. (316 &#8211; 527 Nm.) Ratios 1:1.47, 1:1.71, 1:1.93 Gear Type Bevel Seal Type Triple Lip Spring Loaded Bearing Type Tapered Roller, Deep Groove Ball Oil Capacity 27 oz. (0.80 L) Weight 56 lbs. (25.4 kg.) RC51 Rotary Cutter Gearbox for [&hellip;]<\/p>","protected":false},"featured_media":2236,"comment_status":"open","ping_status":"closed","template":"","meta":{"_et_pb_use_builder":"","_et_pb_old_content":"","_et_gb_content_width":""},"product_brand":[],"product_cat":[56],"product_tag":[],"class_list":{"0":"post-2233","1":"product","2":"type-product","3":"status-publish","4":"has-post-thumbnail","6":"product_cat-rotary-cutter-gearbox","8":"first","9":"instock","10":"shipping-taxable","11":"product-type-simple"},"_links":{"self":[{"href":"https:\/\/fmp-components.com\/pl\/wp-json\/wp\/v2\/product\/2233","targetHints":{"allow":["GET"]}}],"collection":[{"href":"https:\/\/fmp-components.com\/pl\/wp-json\/wp\/v2\/product"}],"about":[{"href":"https:\/\/fmp-components.com\/pl\/wp-json\/wp\/v2\/types\/product"}],"replies":[{"embeddable":true,"href":"https:\/\/fmp-components.com\/pl\/wp-json\/wp\/v2\/comments?post=2233"}],"wp:featuredmedia":[{"embeddable":true,"href":"https:\/\/fmp-components.com\/pl\/wp-json\/wp\/v2\/media\/2236"}],"wp:attachment":[{"href":"https:\/\/fmp-components.com\/pl\/wp-json\/wp\/v2\/media?parent=2233"}],"wp:term":[{"taxonomy":"product_brand","embeddable":true,"href":"https:\/\/fmp-components.com\/pl\/wp-json\/wp\/v2\/product_brand?post=2233"},{"taxonomy":"product_cat","embeddable":true,"href":"https:\/\/fmp-components.com\/pl\/wp-json\/wp\/v2\/product_cat?post=2233"},{"taxonomy":"product_tag","embeddable":true,"href":"https:\/\/fmp-components.com\/pl\/wp-json\/wp\/v2\/product_tag?post=2233"}],"curies":[{"name":"wp","href":"https:\/\/api.w.org\/{rel}","templated":true}]}}