{"id":2226,"date":"2024-12-31T02:13:47","date_gmt":"2024-12-31T02:13:47","guid":{"rendered":"https:\/\/fmp-components.com\/?page_id=8"},"modified":"2024-12-31T02:25:49","modified_gmt":"2024-12-31T02:25:49","slug":"rotary-cutter-gearboxes-replacement-of-omni-code-rc-30-gearbox","status":"publish","type":"product","link":"https:\/\/fmp-components.com\/pl\/product\/rotary-cutter-gearboxes-replacement-of-omni-code-rc-30-gearbox\/","title":{"rendered":"Przek\u0142adnie no\u017ca obrotowego \u2013 wymiana przek\u0142adni Omni Code RC-30"},"content":{"rendered":"<p style=\"text-align: center;\"><span style=\"font-size: 18pt;\">Przek\u0142adnie no\u017ca obrotowego \u2013 zamiennik przek\u0142adni Omni Code RC-30<\/span><\/p>\n<p>Przek\u0142adnia no\u017ca obrotowego \u2013 zamiennik przek\u0142adni Omni Code RC-30 zosta\u0142a zaprojektowana jako bezpo\u015bredni zamiennik przek\u0142adni Omni Code RC-30, zapewniaj\u0105c niezawodne i wydajne rozwi\u0105zanie dla no\u017cy obrotowych stosowanych w rolnictwie, utrzymaniu teren\u00f3w zielonych i przemy\u015ble. Ta zamienna przek\u0142adnia zosta\u0142a zaprojektowana z my\u015bl\u0105 o zapewnieniu bezproblemowej kompatybilno\u015bci, gwarantuj\u0105c pe\u0142ne przywr\u00f3cenie funkcjonalno\u015bci i wydajno\u015bci no\u017ca obrotowego, a w wielu przypadkach jego zwi\u0119kszenie.<\/p>\n<p><img loading=\"lazy\" decoding=\"async\" class=\"alignnone size-full wp-image-2230\" src=\"https:\/\/fmp-components.com\/wp-content\/uploads\/2024\/12\/Rotary-Cutter-Gearbox-121.webp\" alt=\"Przek\u0142adnia no\u017ca obrotowego\" width=\"1827\" height=\"1828\" title=\"\" srcset=\"https:\/\/fmp-components.com\/wp-content\/uploads\/2024\/12\/Rotary-Cutter-Gearbox-121.webp 1827w, https:\/\/fmp-components.com\/wp-content\/uploads\/2024\/12\/Rotary-Cutter-Gearbox-121-1280x1281.webp 1280w, https:\/\/fmp-components.com\/wp-content\/uploads\/2024\/12\/Rotary-Cutter-Gearbox-121-980x981.webp 980w, https:\/\/fmp-components.com\/wp-content\/uploads\/2024\/12\/Rotary-Cutter-Gearbox-121-480x480.webp 480w\" sizes=\"(min-width: 0px) and (max-width: 480px) 480px, (min-width: 481px) and (max-width: 980px) 980px, (min-width: 981px) and (max-width: 1280px) 1280px, (min-width: 1281px) 1827px, 100vw\" \/><\/p>\n<h3>G\u0142\u00f3wne cechy:<\/h3>\n<ol>\n<li>Bezpo\u015bredni zamiennik kodu Omni RC-30<br \/>\nZamienna przek\u0142adnia zosta\u0142a zaprojektowana specjalnie pod k\u0105tem specyfikacji Omni Code RC-30, zapewniaj\u0105c idealn\u0105 kompatybilno\u015b\u0107 z istniej\u0105cymi no\u017cami obrotowymi. Bez problemu dopasowuje si\u0119 do systemu, bez konieczno\u015bci dodatkowych modyfikacji.<\/li>\n<li>Du\u017ca moc (40 KM)<br \/>\nTa przek\u0142adnia zosta\u0142a zaprojektowana do obs\u0142ugi maszyn o mocy do 40 koni mechanicznych i zapewnia moc niezb\u0119dn\u0105 do ci\u0119\u017ckich prac zwi\u0105zanych z koszeniem obrotowym. Dzi\u0119ki temu nadaje si\u0119 do koszenia na du\u017c\u0105 skal\u0119, karczowania teren\u00f3w i innych wymagaj\u0105cych zada\u0144.<\/li>\n<li>Trwa\u0142a konstrukcja<br \/>\nWykonana z wysokiej jako\u015bci, wytrzyma\u0142ych materia\u0142\u00f3w, przek\u0142adnia zosta\u0142a zaprojektowana z my\u015bl\u0105 o d\u0142ugotrwa\u0142ej trwa\u0142o\u015bci i odporno\u015bci na zu\u017cycie, nawet w najtrudniejszych warunkach terenowych. Zosta\u0142a zaprojektowana tak, aby wytrzyma\u0107 obci\u0105\u017cenia zwi\u0105zane z ci\u0105g\u0142\u0105 prac\u0105 w trudnych warunkach.<\/li>\n<li>Wydajne przenoszenie mocy<br \/>\nPrzek\u0142adnia optymalizuje przenoszenie mocy z WOM ci\u0105gnika na no\u017ce tn\u0105ce, zmniejszaj\u0105c straty energii i poprawiaj\u0105c wydajno\u015b\u0107 ci\u0119cia. Taka wydajno\u015b\u0107 przek\u0142ada si\u0119 na mniejsze zu\u017cycie paliwa i ni\u017csze koszty eksploatacji.<\/li>\n<li>\u0141atwo\u015b\u0107 konserwacji<br \/>\nZaprojektowana z my\u015bl\u0105 o prostocie, zamienna skrzynia bieg\u00f3w jest wyposa\u017cona w uszczelnione \u0142o\u017cyska i \u0142atwo dost\u0119pne komponenty, co zmniejsza cz\u0119stotliwo\u015b\u0107 i z\u0142o\u017cono\u015b\u0107 czynno\u015bci konserwacyjnych. Dzi\u0119ki temu jest idealna dla operator\u00f3w, kt\u00f3rzy chc\u0105 zminimalizowa\u0107 przestoje i koszty konserwacji.<\/li>\n<\/ol>\n<p>Przek\u0142adnia no\u017ca obrotowego \u2013 zamiennik przek\u0142adni Omni Code RC-30 to idealne rozwi\u0105zanie dla operator\u00f3w poszukuj\u0105cych niezawodnego, wydajnego zamiennika, kt\u00f3ry zapewnia tak\u0105 sam\u0105 lub lepsz\u0105 wydajno\u015b\u0107 ni\u017c oryginalna przek\u0142adnia RC-30. Dzi\u0119ki trwa\u0142ej konstrukcji, du\u017cej mocy i \u0142atwej konserwacji, przek\u0142adnia ta oferuje doskona\u0142y stosunek jako\u015bci do ceny i idealnie nadaje si\u0119 do wymagaj\u0105cych zastosowa\u0144 zwi\u0105zanych z ci\u0119ciem obrotowym. Niezale\u017cnie od tego, czy wymieniasz zu\u017cyt\u0105 przek\u0142adni\u0119 Omni Code RC-30, czy modernizujesz sw\u00f3j sprz\u0119t, ta zamienna przek\u0142adnia zapewnia sta\u0142\u0105 wydajno\u015b\u0107 i trwa\u0142o\u015b\u0107 Twojej no\u017ca obrotowego.<\/p>\n<h2>Specyfikacje przek\u0142adni obrotowych RC-30<\/h2>\n<p><img loading=\"lazy\" decoding=\"async\" class=\"alignnone size-full wp-image-2227\" src=\"https:\/\/fmp-components.com\/wp-content\/uploads\/2024\/12\/FMP-RC30-Series-Rotary-Cutter-Gearboxes-Specifications.webp\" alt=\"Specyfikacje przek\u0142adni obrotowych FMP-RC30 Series\" width=\"1469\" height=\"882\" title=\"\" srcset=\"https:\/\/fmp-components.com\/wp-content\/uploads\/2024\/12\/FMP-RC30-Series-Rotary-Cutter-Gearboxes-Specifications.webp 1469w, https:\/\/fmp-components.com\/wp-content\/uploads\/2024\/12\/FMP-RC30-Series-Rotary-Cutter-Gearboxes-Specifications-1280x769.webp 1280w, https:\/\/fmp-components.com\/wp-content\/uploads\/2024\/12\/FMP-RC30-Series-Rotary-Cutter-Gearboxes-Specifications-980x588.webp 980w, https:\/\/fmp-components.com\/wp-content\/uploads\/2024\/12\/FMP-RC30-Series-Rotary-Cutter-Gearboxes-Specifications-480x288.webp 480w\" sizes=\"(min-width: 0px) and (max-width: 480px) 480px, (min-width: 481px) and (max-width: 980px) 980px, (min-width: 981px) and (max-width: 1280px) 1280px, (min-width: 1281px) 1469px, 100vw\" \/><\/p>\n<table style=\"width: 96.259%; height: 494px;\" border=\"1\" cellspacing=\"0\" cellpadding=\"0\">\n<tbody>\n<tr>\n<td>Model<\/td>\n<td>Przek\u0142adnie no\u017cowe serii FMP-RC30<\/td>\n<td>Moc w koniach mechanicznych<\/td>\n<td>40 KM<\/td>\n<\/tr>\n<tr>\n<td class=\"et2\" rowspan=\"2\" width=\"117\" height=\"126\">Moment obrotowy<\/td>\n<td class=\"et2\" width=\"117\">2800 \u2013 4667 funt\u00f3w-cali.<\/td>\n<td>Obroty wej\u015bciowe<\/td>\n<td>540\/1000<\/td>\n<\/tr>\n<tr>\n<td class=\"et2\" width=\"117\">(316 \u2013 527 Nm.)<\/td>\n<td>Obroty wyj\u015bciowe<\/td>\n<td>793\/1470<\/td>\n<\/tr>\n<tr>\n<td class=\"et2\" width=\"117\" height=\"72\">Proporcje<\/td>\n<td class=\"et2\" width=\"117\">1:1.47, 1:1.71, 1:1.93<\/td>\n<td class=\"a-text-bold\">\u015arednica wa\u0142u wej\u015bciowego<\/td>\n<td>1-3\/8\u201d \u2013 6 rowk\u00f3w<\/td>\n<\/tr>\n<tr>\n<td>Typ przek\u0142adni<\/td>\n<td>Ukos<\/td>\n<td class=\"a-text-bold\">Otw\u00f3r na \u015brub\u0119 \u015bcinaj\u0105c\u0105<\/td>\n<td>1\/2&#8243;<\/td>\n<\/tr>\n<tr>\n<td>Typ uszczelnienia<\/td>\n<td>Potr\u00f3jna warga spr\u0119\u017cynowa<\/td>\n<td class=\"a-text-bold\">\u015arednica wa\u0142u wyj\u015bciowego<\/td>\n<td>1,47\u2033 \u2013 12 sto\u017ckowych rowk\u00f3w<\/td>\n<\/tr>\n<tr>\n<td>Typ \u0142o\u017cyska<\/td>\n<td>Pi\u0142ka z g\u0142\u0119bokim rowkiem<\/td>\n<td class=\"a-text-bold\">Uchwyt<\/td>\n<td>Monta\u017c na 4 \u015bruby<\/td>\n<\/tr>\n<tr>\n<td class=\"et2\" rowspan=\"2\" width=\"117\" height=\"54\">Pojemno\u015b\u0107 oleju<\/td>\n<td class=\"et2\" width=\"117\">23 uncje.<\/td>\n<td class=\"a-text-bold\">Wz\u00f3r \u015brub<\/td>\n<td>4-3\/4&#8243;<\/td>\n<\/tr>\n<tr>\n<td class=\"et2\" width=\"117\">(0,68 l)<\/td>\n<td>Obr\u00f3t<\/td>\n<td>Wej\u015bcie CCW daje wyj\u015bcie CW<\/td>\n<\/tr>\n<tr>\n<td class=\"et2\" rowspan=\"2\" width=\"117\" height=\"54\">Waga<\/td>\n<td class=\"et2\" width=\"117\">51 funt\u00f3w.<\/td>\n<td>Rozmiar<\/td>\n<td>10-1\/4\u2033 x 7\u2033 x 7\u2033<\/td>\n<\/tr>\n<tr>\n<td class=\"et2\" width=\"117\">(23,1 kg.)<\/td>\n<td>Pilot<\/td>\n<td>5-1\/4\u2033 \u015brednicy.<\/td>\n<\/tr>\n<\/tbody>\n<\/table>\n<h2>Cechy przek\u0142adni tn\u0105cych RC-30 o mocy 40 KM<\/h2>\n<p>Przek\u0142adnia RC-30 o mocy 40 KM zosta\u0142a zaprojektowana do ci\u0119\u017ckich zastosowa\u0144 rolniczych, oferuj\u0105c solidne rozwi\u0105zanie dla kosiarek obrotowych o mocy znamionowej 40 KM. Jej wysoka moc zapewnia doskona\u0142\u0105 wydajno\u015b\u0107 w wymagaj\u0105cych warunkach, sprawnie radz\u0105c sobie z zadaniami takimi jak karczowanie i piel\u0119gnacja trawnik\u00f3w. Przek\u0142adnia zosta\u0142a wykonana z wytrzyma\u0142ych materia\u0142\u00f3w i precyzyjnie zaprojektowana, aby zapewni\u0107 d\u0142ugotrwa\u0142\u0105 trwa\u0142o\u015b\u0107 i niezawodno\u015b\u0107, nawet w trudnych warunkach pracy.<\/p>\n<p>Zaprojektowana z my\u015bl\u0105 o \u0142atwo\u015bci u\u017cytkowania, przek\u0142adnia RC-30 zawiera rozwi\u0105zania zwi\u0119kszaj\u0105ce efektywno\u015b\u0107 konserwacji, takie jak \u0142atwo dost\u0119pne elementy wewn\u0119trzne i uszczelnione \u0142o\u017cyska. Te cechy minimalizuj\u0105 przestoje i obni\u017caj\u0105 koszty konserwacji, dzi\u0119ki czemu przek\u0142adnia jest idealnym wyborem dla operator\u00f3w poszukuj\u0105cych niezawodno\u015bci i niskich wymaga\u0144 konserwacyjnych. Co wi\u0119cej, jej kompaktowa i lekka konstrukcja umo\u017cliwia \u0142atw\u0105 integracj\u0119 z r\u00f3\u017cnymi systemami no\u017cy obrotowych bez obni\u017cania wydajno\u015bci.<\/p>\n<p>Przek\u0142adnia doskonale odprowadza ciep\u0142o, utrzymuj\u0105c optymaln\u0105 temperatur\u0119 podczas d\u0142ugotrwa\u0142ego u\u017cytkowania i zapobiegaj\u0105c przegrzaniu. Posiada r\u00f3wnie\u017c mechanizmy zabezpieczaj\u0105ce przed uszkodzeniami spowodowanymi przeci\u0105\u017ceniem, co zapewnia d\u0142ug\u0105 \u017cywotno\u015b\u0107 i ci\u0105g\u0142o\u015b\u0107 pracy. Konstrukcja zosta\u0142a zaprojektowana specjalnie z my\u015bl\u0105 o maksymalizacji efektywno\u015bci przenoszenia mocy, zmniejszeniu strat energii i zwi\u0119kszeniu oszcz\u0119dno\u015bci paliwa dla operator\u00f3w.<\/p>\n<p>Kompatybilno\u015b\u0107 z szerok\u0105 gam\u0105 no\u017cy obrotowych sprawia, \u017ce \u200b\u200bRC-30 to wszechstronne rozwi\u0105zanie dla maszyn rolniczych i przemys\u0142owych. Jego odporna na korozj\u0119 konstrukcja gwarantuje doskona\u0142\u0105 wydajno\u015b\u0107 w zr\u00f3\u017cnicowanych warunkach \u015brodowiskowych, w tym w regionach wilgotnych i nadmorskich. Podsumowuj\u0105c, przek\u0142adnia no\u017ca obrotowego RC-30 o mocy 40 KM zapewnia niezawodne, wydajne i trwa\u0142e rozwi\u0105zanie dla wymagaj\u0105cych prac rolniczych.<\/p>\n<p><img loading=\"lazy\" decoding=\"async\" class=\"alignnone size-full wp-image-2229\" src=\"https:\/\/fmp-components.com\/wp-content\/uploads\/2024\/12\/Rotary-Cutter-Gearbox-561.webp\" alt=\"Przek\u0142adnia no\u017ca obrotowego\" width=\"2559\" height=\"1601\" title=\"\" srcset=\"https:\/\/fmp-components.com\/wp-content\/uploads\/2024\/12\/Rotary-Cutter-Gearbox-561.webp 2559w, https:\/\/fmp-components.com\/wp-content\/uploads\/2024\/12\/Rotary-Cutter-Gearbox-561-1280x801.webp 1280w, https:\/\/fmp-components.com\/wp-content\/uploads\/2024\/12\/Rotary-Cutter-Gearbox-561-980x613.webp 980w, https:\/\/fmp-components.com\/wp-content\/uploads\/2024\/12\/Rotary-Cutter-Gearbox-561-480x300.webp 480w\" sizes=\"(min-width: 0px) and (max-width: 480px) 480px, (min-width: 481px) and (max-width: 980px) 980px, (min-width: 981px) and (max-width: 1280px) 1280px, (min-width: 1281px) 2559px, 100vw\" \/><\/p>\n<h2>Zalety stosowania przek\u0142adni obrotowej no\u017ca RC-30<\/h2>\n<p>Przek\u0142adnia tn\u0105ca RC-30 oferuje szereg wyra\u017anych zalet, kt\u00f3re czyni\u0105 j\u0105 doskona\u0142ym wyborem do zastosowa\u0144 rolniczych i przemys\u0142owych:<\/p>\n<p><strong>Zwi\u0119kszona trwa\u0142o\u015b\u0107 i d\u0142ugowieczno\u015b\u0107<\/strong><\/p>\n<ul>\n<li>Przek\u0142adnia zosta\u0142a zaprojektowana z wykorzystaniem wytrzyma\u0142ych materia\u0142\u00f3w i precyzyjnej in\u017cynierii, co gwarantuje jej odporno\u015b\u0107 na najtrudniejsze warunki panuj\u0105ce w rolnictwie. Jej trwa\u0142a konstrukcja minimalizuje konieczno\u015b\u0107 cz\u0119stej wymiany, zapewniaj\u0105c d\u0142ugotrwa\u0142\u0105 niezawodno\u015b\u0107.<\/li>\n<\/ul>\n<p><strong>Wysoka wydajno\u015b\u0107 energetyczna<\/strong><\/p>\n<ul>\n<li>Dzi\u0119ki mocy 40 KM, przek\u0142adnia RC-30 efektywnie przekazuje moc z wa\u0142u odbioru mocy do no\u017ca obrotowego, minimalizuj\u0105c straty energii. Ta wysoka sprawno\u015b\u0107 nie tylko poprawia wydajno\u015b\u0107 ci\u0119cia, ale tak\u017ce pomaga obni\u017cy\u0107 zu\u017cycie paliwa i koszty eksploatacji.<\/li>\n<\/ul>\n<p><strong>Niskie wymagania konserwacyjne i \u0142atwa obs\u0142uga<\/strong><\/p>\n<ul>\n<li>Przek\u0142adnia RC-30 zosta\u0142a zaprojektowana z my\u015bl\u0105 o \u0142atwo\u015bci konserwacji, z \u0142atwo dost\u0119pnymi komponentami i uszczelnionymi \u0142o\u017cyskami, kt\u00f3re wymagaj\u0105 rzadszego smarowania. Skraca to przestoje i minimalizuje zak\u0142\u00f3cenia w pracy, zapewniaj\u0105c bardziej wydajne i ekonomiczne rozwi\u0105zanie.<\/li>\n<\/ul>\n<p><strong>Ulepszone odprowadzanie ciep\u0142a<\/strong><\/p>\n<ul>\n<li>Przek\u0142adnia zosta\u0142a zoptymalizowana pod k\u0105tem zarz\u0105dzania ciep\u0142em, co zapewnia jej wydajn\u0105 prac\u0119 nawet przy du\u017cych obci\u0105\u017ceniach lub d\u0142ugotrwa\u0142ym u\u017cytkowaniu. Jej doskona\u0142a konstrukcja odprowadzaj\u0105ca ciep\u0142o zapobiega przegrzaniu, chroni\u0105c wewn\u0119trzne komponenty i zapewniaj\u0105c sta\u0142\u0105 wydajno\u015b\u0107.<\/li>\n<\/ul>\n<p><strong>Wszechstronno\u015b\u0107 i kompatybilno\u015b\u0107<\/strong><\/p>\n<ul>\n<li>Przek\u0142adnia RC-30 jest kompatybilna z szerok\u0105 gam\u0105 no\u017cy obrotowych, oferuj\u0105c elastyczno\u015b\u0107 w r\u00f3\u017cnorodnych zastosowaniach rolniczych i przemys\u0142owych. Mo\u017cna j\u0105 \u0142atwo zintegrowa\u0107 z istniej\u0105cymi systemami, co czyni j\u0105 wszechstronnym rozwi\u0105zaniem dla r\u00f3\u017cnych konfiguracji maszyn.<\/li>\n<\/ul>\n<p>Dzi\u0119ki tym zaletom przek\u0142adnia no\u017ca obrotowego RC-30 jest idealnym wyborem dla tych, kt\u00f3rzy szukaj\u0105 niezawodnego, wydajnego sprz\u0119tu zapewniaj\u0105cego d\u0142ugotrwa\u0142e rezultaty przy minimalnych kosztach konserwacji i eksploatacji.<\/p>\n<p><img loading=\"lazy\" decoding=\"async\" class=\"alignnone size-full wp-image-2228\" src=\"https:\/\/fmp-components.com\/wp-content\/uploads\/2024\/12\/Rotary-Cutter-Gearbox-601.webp\" alt=\"Przek\u0142adnia no\u017ca obrotowego\" width=\"1060\" height=\"930\" title=\"\" srcset=\"https:\/\/fmp-components.com\/wp-content\/uploads\/2024\/12\/Rotary-Cutter-Gearbox-601.webp 1060w, https:\/\/fmp-components.com\/wp-content\/uploads\/2024\/12\/Rotary-Cutter-Gearbox-601-980x860.webp 980w, https:\/\/fmp-components.com\/wp-content\/uploads\/2024\/12\/Rotary-Cutter-Gearbox-601-480x421.webp 480w\" sizes=\"(min-width: 0px) and (max-width: 480px) 480px, (min-width: 481px) and (max-width: 980px) 980px, (min-width: 981px) 1060px, 100vw\" \/><\/p>\n<h2>Przek\u0142adnia no\u017ca obrotowego RC-30 o mocy 40 KM do no\u017ca obrotowego<\/h2>\n<p>Przek\u0142adnia RC-30 o mocy 40 KM do kosiarki obrotowej to specjalistyczna przek\u0142adnia zaprojektowana w celu optymalizacji wydajno\u015bci i efektywno\u015bci kosiarek obrotowych stosowanych w rolnictwie i utrzymaniu grunt\u00f3w. Ta przek\u0142adnia jest kluczowym elementem zapewniaj\u0105cym niezawodne przenoszenie mocy z WOM (wa\u0142u odbioru mocy) ci\u0105gnika na no\u017ce kosiarki obrotowej, umo\u017cliwiaj\u0105c p\u0142ynne i r\u00f3wnomierne koszenie. Poni\u017cej przedstawiono najwa\u017cniejsze cechy i zalety przek\u0142adni RC-30 o mocy 40 KM do kosiarki obrotowej, zaprojektowanej specjalnie do kosiarek obrotowych:<\/p>\n<p><strong>Wysoka moc (40 KM)<\/strong><\/p>\n<p>Przek\u0142adnia RC-30 zosta\u0142a zaprojektowana do obs\u0142ugi mocy do 40 koni mechanicznych, zapewniaj\u0105c wystarczaj\u0105c\u0105 moc dla ci\u0119\u017ckich kosiarek obrotowych. Dzi\u0119ki temu idealnie nadaje si\u0119 do karczowania du\u017cych teren\u00f3w, koszenia i innych wymagaj\u0105cych prac rolniczych, gwarantuj\u0105c efektywn\u0105 prac\u0119 kosiarki obrotowej w r\u00f3\u017cnych warunkach.<br \/>\n<strong>Trwa\u0142a i solidna konstrukcja<\/strong><\/p>\n<p>Wykonana z materia\u0142\u00f3w o wysokiej wytrzyma\u0142o\u015bci, przek\u0142adnia RC-30 zosta\u0142a zaprojektowana tak, aby sprosta\u0107 trudnym warunkom terenowym. Jej solidna konstrukcja gwarantuje, \u017ce b\u0119dzie dzia\u0142a\u0107 nawet w trudnych warunkach, w tym na nier\u00f3wnym terenie i w g\u0119stej ro\u015blinno\u015bci, co przek\u0142ada si\u0119 na d\u0142u\u017csz\u0105 \u017cywotno\u015b\u0107 i mniejsze potrzeby konserwacyjne.<\/p>\n<p><strong>Wydajne przenoszenie mocy<\/strong><\/p>\n<p>Przek\u0142adnia zapewnia efektywne przenoszenie mocy z WOM ci\u0105gnika na kosiark\u0119 rotacyjn\u0105, minimalizuj\u0105c straty energii i optymalizuj\u0105c wydajno\u015b\u0107 koszenia. Ta wysoka sprawno\u015b\u0107 pomaga r\u00f3wnie\u017c zmniejszy\u0107 zu\u017cycie paliwa i koszty eksploatacji, co czyni j\u0105 ekonomicznie op\u0142acalnym wyborem dla operator\u00f3w.<\/p>\n<p><strong>\u0141atwo\u015b\u0107 konserwacji<\/strong><\/p>\n<p>Zaprojektowana z my\u015bl\u0105 o \u0142atwo\u015bci konserwacji, przek\u0142adnia RC-30 wyposa\u017cona jest w uszczelnione \u0142o\u017cyska i \u0142atwo dost\u0119pne elementy wewn\u0119trzne, co upraszcza regularne czynno\u015bci konserwacyjne, takie jak smarowanie. Ta funkcja pomaga zminimalizowa\u0107 przestoje, zapewniaj\u0105c, \u017ce frez obrotowy pozostaje w optymalnej kondycji przy minimalnym wysi\u0142ku.<\/p>\n<p><strong>Odprowadzanie ciep\u0142a i ochrona przed przeci\u0105\u017ceniem<\/strong><\/p>\n<p>Przek\u0142adnia RC-30 zosta\u0142a zaprojektowana z my\u015bl\u0105 o doskona\u0142ym odprowadzaniu ciep\u0142a, aby zapobiec przegrzaniu podczas d\u0142ugotrwa\u0142ego u\u017cytkowania. Dodatkowo, zintegrowane mechanizmy zabezpieczaj\u0105ce przed przeci\u0105\u017ceniem chroni\u0105 przek\u0142adni\u0119 przed nadmiernym obci\u0105\u017ceniem, zapewniaj\u0105c jej trwa\u0142o\u015b\u0107 i zmniejszaj\u0105c ryzyko przedwczesnej awarii.<\/p>\n<p><strong>Wszechstronno\u015b\u0107 i kompatybilno\u015b\u0107<\/strong><\/p>\n<p>Przek\u0142adnia RC-30 jest kompatybilna z szerok\u0105 gam\u0105 no\u017cy obrotowych, co czyni j\u0105 wszechstronnym rozwi\u0105zaniem do r\u00f3\u017cnych zastosowa\u0144. Jej elastyczna konstrukcja pozwala na bezproblemow\u0105 integracj\u0119 z istniej\u0105cym sprz\u0119tem, oferuj\u0105c elastyczno\u015b\u0107 w r\u00f3\u017cnych zastosowaniach rolniczych.<\/p>\n<p><strong>Konstrukcja odporna na korozj\u0119<\/strong><\/p>\n<p>Przek\u0142adnia zosta\u0142a zaprojektowana tak, aby by\u0142a odporna na korozj\u0119, nawet w wilgotnym \u015brodowisku lub na wybrze\u017cu, dzi\u0119ki czemu nadaje si\u0119 do stosowania w r\u00f3\u017cnych klimatach i warunkach pogodowych. Gwarantuje to d\u0142ugowieczno\u015b\u0107 i niezawodn\u0105 prac\u0119 przek\u0142adni niezale\u017cnie od zewn\u0119trznych czynnik\u00f3w \u015brodowiskowych.<\/p>\n<p>Przek\u0142adnia RC-30 o mocy 40 KM do kosiarki obrotowej to mocna, wydajna i trwa\u0142a przek\u0142adnia, zaprojektowana z my\u015bl\u0105 o optymalizacji wydajno\u015bci kosiarek obrotowych. Jej du\u017ca moc, trwa\u0142a konstrukcja i \u0142atwo\u015b\u0107 konserwacji sprawiaj\u0105, \u017ce jest to idealny wyb\u00f3r do zastosowa\u0144 rolniczych i przemys\u0142owych, oferuj\u0105c operatorom niezawodne rozwi\u0105zanie do wymagaj\u0105cych zada\u0144 koszenia i karczowania teren\u00f3w. RC-30 zapewnia p\u0142ynn\u0105 prac\u0119, skraca przestoje i minimalizuje koszty eksploatacji, zachowuj\u0105c jednocze\u015bnie wysokie standardy mocy i wydajno\u015bci niezb\u0119dne do wydajnego koszenia obrotowego.<\/p>\n<p><img loading=\"lazy\" decoding=\"async\" class=\"alignnone size-full wp-image-2232\" src=\"https:\/\/fmp-components.com\/wp-content\/uploads\/2024\/12\/40-HP-Rotary-Cutter-Gearbox-for-Rotary-Cutter1.webp\" alt=\"Przek\u0142adnia no\u017ca obrotowego\" width=\"1000\" height=\"530\" title=\"\" srcset=\"https:\/\/fmp-components.com\/wp-content\/uploads\/2024\/12\/40-HP-Rotary-Cutter-Gearbox-for-Rotary-Cutter1.webp 1000w, https:\/\/fmp-components.com\/wp-content\/uploads\/2024\/12\/40-HP-Rotary-Cutter-Gearbox-for-Rotary-Cutter1-980x519.webp 980w, https:\/\/fmp-components.com\/wp-content\/uploads\/2024\/12\/40-HP-Rotary-Cutter-Gearbox-for-Rotary-Cutter1-480x254.webp 480w\" sizes=\"(min-width: 0px) and (max-width: 480px) 480px, (min-width: 481px) and (max-width: 980px) 980px, (min-width: 981px) 1000px, 100vw\" \/><\/p>\n<h3>O FMP<\/h3>\n<p>Firma FMP, z siedzib\u0105 g\u0142\u00f3wn\u0105 we W\u0142oszech, jest wiod\u0105cym producentem, znanym ze swojego do\u015bwiadczenia w projektowaniu, rozwoju i produkcji wysokowydajnych przek\u0142adni, ze szczeg\u00f3lnym uwzgl\u0119dnieniem sektora maszyn rolniczych. Dzi\u0119ki reputacji w zakresie precyzyjnej in\u017cynierii, innowacyjnych rozwi\u0105za\u0144 i niezawodnej konstrukcji, FMP sta\u0142a si\u0119 zaufanym partnerem w zaspokajaniu zmieniaj\u0105cych si\u0119 potrzeb zar\u00f3wno sektora rolniczego, jak i przemys\u0142owego. Nasza r\u00f3\u017cnorodna oferta produkt\u00f3w obejmuje specjalistyczne przek\u0142adnie do kosiarek, wa\u0142y odbioru mocy (WOM) i inne niezb\u0119dne komponenty, starannie zaprojektowane, aby zapewni\u0107 rozwi\u0105zania dostosowane do indywidualnych potrzeb w szerokim spektrum zastosowa\u0144.<\/p>\n<p>W FMP rozumiemy, \u017ce ka\u017cdy klient ma unikalne wymagania i wyzwania. Dlatego specjalizujemy si\u0119 w oferowaniu rozwi\u0105za\u0144 szytych na miar\u0119, zar\u00f3wno dla pojedynczych komponent\u00f3w, jak i w pe\u0142ni zintegrowanych system\u00f3w. \u015aci\u015ble wsp\u00f3\u0142pracujemy z naszymi klientami, aby zapewni\u0107, \u017ce ka\u017cde rozwi\u0105zanie jest nie tylko skuteczne, ale i wydajne, optymalizuj\u0105c zar\u00f3wno wydajno\u015b\u0107, jak i warto\u015b\u0107. Nasze zaanga\u017cowanie w udzielanie szybkich i profesjonalnych odpowiedzi, w po\u0142\u0105czeniu z fachowym doradztwem, gwarantuje, \u017ce ka\u017cde zapytanie jest traktowane z najwy\u017csz\u0105 staranno\u015bci\u0105 i precyzj\u0105, co prowadzi do najlepszych mo\u017cliwych rezultat\u00f3w.<\/p>\n<p>Priorytetem jest dla nas otwarta i ci\u0105g\u0142a komunikacja w ca\u0142ym procesie rozwoju produktu. Nasz zaanga\u017cowany zesp\u00f3\u0142 wsp\u00f3\u0142pracuje bezpo\u015brednio z klientami, aby w pe\u0142ni zrozumie\u0107 ich specyficzne potrzeby, oferuj\u0105c cenne spostrze\u017cenia i rekomendacje, kt\u00f3re pomog\u0105 w zapewnieniu optymalnych rozwi\u0105za\u0144. Niezale\u017cnie od tego, czy projektujemy innowacyjne produkty, czy realizujemy bie\u017c\u0105ce zam\u00f3wienia, FMP dok\u0142ada wszelkich stara\u0144, aby dostarcza\u0107 wysokiej jako\u015bci, precyzyjnie zaprojektowane rozwi\u0105zania na czas i za ka\u017cdym razem. Naszym celem jest zapewnienie klientom najlepszej obs\u0142ugi i rezultat\u00f3w, przewy\u017cszaj\u0105cych ich oczekiwania w ka\u017cdym projekcie.<\/p>\n<p>Jako\u015b\u0107 jest fundamentem dzia\u0142alno\u015bci FMP. Przestrzegamy najwy\u017cszych standard\u00f3w produkcyjnych, wdra\u017caj\u0105c rygorystyczne \u015brodki kontroli jako\u015bci, aby zapewni\u0107, \u017ce ka\u017cdy produkt nie tylko spe\u0142nia, ale wr\u0119cz przewy\u017csza standardy bran\u017cowe. To niez\u0142omne zaanga\u017cowanie w jako\u015b\u0107, w po\u0142\u0105czeniu z naszymi podstawowymi warto\u015bciami, takimi jak uczciwo\u015b\u0107, praca zespo\u0142owa i wytrwa\u0142o\u015b\u0107, pozwoli\u0142o nam zbudowa\u0107 d\u0142ugotrwa\u0142e, oparte na zaufaniu relacje z klientami w prawie 30 krajach na ca\u0142ym \u015bwiecie.<\/p>\n<p>FMP jest zawsze otwarta na globalne partnerstwa i niezmiennie oferuje fachowe doradztwo oraz rozwi\u0105zania dostosowane do indywidualnych potrzeb naszych klient\u00f3w. Nie ograniczamy si\u0119 do dostarczania produkt\u00f3w; d\u0105\u017cymy do budowania trwa\u0142ych relacji, kt\u00f3re przyczyniaj\u0105 si\u0119 do sukcesu ka\u017cdego projektu. Niezale\u017cnie od tego, czy potrzebujesz innowacyjnych rozwi\u0105za\u0144 dla nowej inicjatywy, czy sta\u0142ego wsparcia dla istniej\u0105cego systemu, FMP jest do Twojej dyspozycji, aby stawi\u0107 czo\u0142a Twoim wyzwaniom technicznym i zapewni\u0107 Ci ci\u0105g\u0142y sukces.<\/p>\n<p><img loading=\"lazy\" decoding=\"async\" class=\"alignnone size-full wp-image-1861\" src=\"https:\/\/fmp-components.com\/wp-content\/uploads\/2024\/12\/Other-Agricultural-Gearboxes.webp\" sizes=\"(min-width: 0px) and (max-width: 480px) 480px, (min-width: 481px) and (max-width: 980px) 980px, (min-width: 981px) 1200px, 100vw\" srcset=\"https:\/\/fmp-components.com\/wp-content\/uploads\/2024\/12\/Other-Agricultural-Gearboxes.webp 1200w, https:\/\/fmp-components.com\/wp-content\/uploads\/2024\/12\/Other-Agricultural-Gearboxes-980x1143.webp 980w, https:\/\/fmp-components.com\/wp-content\/uploads\/2024\/12\/Other-Agricultural-Gearboxes-480x560.webp 480w\" alt=\"Inne zmiany rolnicze\" width=\"1200\" height=\"1400\" title=\"\"><\/p>\n<p>Autor: CX<\/p>","protected":false},"excerpt":{"rendered":"<p>Rotary Cutter Gearboxes \u2013 Replacement for Omni Code RC-30 Gearbox The Rotary Cutter Gearbox \u2013 Replacement for Omni Code RC-30 Gearbox is designed as a direct replacement for the Omni Code RC-30 gearbox, providing a reliable and high-performance solution for rotary cutters used in agricultural, land maintenance, and industrial applications. This replacement gearbox is engineered [&hellip;]<\/p>","protected":false},"featured_media":2231,"comment_status":"open","ping_status":"closed","template":"","meta":{"_et_pb_use_builder":"","_et_pb_old_content":"","_et_gb_content_width":""},"product_brand":[],"product_cat":[56],"product_tag":[],"class_list":{"0":"post-2226","1":"product","2":"type-product","3":"status-publish","4":"has-post-thumbnail","6":"product_cat-rotary-cutter-gearbox","8":"first","9":"instock","10":"shipping-taxable","11":"product-type-simple"},"_links":{"self":[{"href":"https:\/\/fmp-components.com\/pl\/wp-json\/wp\/v2\/product\/2226","targetHints":{"allow":["GET"]}}],"collection":[{"href":"https:\/\/fmp-components.com\/pl\/wp-json\/wp\/v2\/product"}],"about":[{"href":"https:\/\/fmp-components.com\/pl\/wp-json\/wp\/v2\/types\/product"}],"replies":[{"embeddable":true,"href":"https:\/\/fmp-components.com\/pl\/wp-json\/wp\/v2\/comments?post=2226"}],"wp:featuredmedia":[{"embeddable":true,"href":"https:\/\/fmp-components.com\/pl\/wp-json\/wp\/v2\/media\/2231"}],"wp:attachment":[{"href":"https:\/\/fmp-components.com\/pl\/wp-json\/wp\/v2\/media?parent=2226"}],"wp:term":[{"taxonomy":"product_brand","embeddable":true,"href":"https:\/\/fmp-components.com\/pl\/wp-json\/wp\/v2\/product_brand?post=2226"},{"taxonomy":"product_cat","embeddable":true,"href":"https:\/\/fmp-components.com\/pl\/wp-json\/wp\/v2\/product_cat?post=2226"},{"taxonomy":"product_tag","embeddable":true,"href":"https:\/\/fmp-components.com\/pl\/wp-json\/wp\/v2\/product_tag?post=2226"}],"curies":[{"name":"wp","href":"https:\/\/api.w.org\/{rel}","templated":true}]}}