{"id":2195,"date":"2024-12-30T08:47:28","date_gmt":"2024-12-30T08:47:28","guid":{"rendered":"https:\/\/fmp-components.com\/?page_id=8"},"modified":"2024-12-30T08:54:18","modified_gmt":"2024-12-30T08:54:18","slug":"agricultural-sprayer-gearbox-replacement-of-comer-code-d21a","status":"publish","type":"product","link":"https:\/\/fmp-components.com\/pl\/product\/agricultural-sprayer-gearbox-replacement-of-comer-code-d21a\/","title":{"rendered":"Przek\u0142adnia opryskiwacza rolniczego \u2013 wymiana o kodzie COMER D21A"},"content":{"rendered":"<h2>Dane techniczne przek\u0142adni opryskiwacza rolniczego D21A<\/h2>\n<h3><em>D21A<\/em><\/h3>\n<p><img loading=\"lazy\" decoding=\"async\" class=\"alignnone size-full wp-image-2196\" src=\"https:\/\/fmp-components.com\/wp-content\/uploads\/2024\/12\/agricultural-sprayer-gearbox-specification-D21A.webp\" alt=\"specyfikacja-przek\u0142adni-opryskiwacza-rolniczego-D21A\" width=\"855\" height=\"456\" title=\"\" srcset=\"https:\/\/fmp-components.com\/wp-content\/uploads\/2024\/12\/agricultural-sprayer-gearbox-specification-D21A.webp 855w, https:\/\/fmp-components.com\/wp-content\/uploads\/2024\/12\/agricultural-sprayer-gearbox-specification-D21A-480x256.webp 480w\" sizes=\"(min-width: 0px) and (max-width: 480px) 480px, (min-width: 481px) 855px, 100vw\" \/><\/p>\n<table style=\"width: 98.7604%; height: 303px;\" border=\"1\" cellspacing=\"0\" cellpadding=\"0\">\n<tbody>\n<tr>\n<td rowspan=\"2\"><strong>I<\/strong><\/td>\n<td rowspan=\"2\"><strong>N<sub>1<\/sub>[obr.\/min]<\/strong><\/td>\n<td rowspan=\"2\"><strong>P<sub>1<\/sub>[kW]<\/strong><\/td>\n<td rowspan=\"2\"><strong>M<sub>2<\/sub>[Nm]<\/strong><\/td>\n<td colspan=\"2\"><strong>Typ wa\u0142u<\/strong><strong><br \/>\n<\/strong><\/td>\n<td rowspan=\"2\"><strong>Wej\u015bcie<\/strong><\/td>\n<\/tr>\n<tr>\n<td><strong>X<br \/>\n<\/strong>\u00a0<img loading=\"lazy\" decoding=\"async\" class=\"size-full wp-image-2180 aligncenter\" src=\"https:\/\/fmp-components.com\/wp-content\/uploads\/2024\/12\/shaft-x-3.webp\" alt=\"wa\u0142-x\" width=\"81\" height=\"78\" title=\"\" srcset=\"https:\/\/fmp-components.com\/wp-content\/uploads\/2024\/12\/shaft-x-3.webp 81w, https:\/\/fmp-components.com\/wp-content\/uploads\/2024\/12\/shaft-x-3-12x12.webp 12w\" sizes=\"(max-width: 81px) 100vw, 81px\" \/><\/td>\n<td><strong>Z<\/strong><strong><img loading=\"lazy\" decoding=\"async\" class=\"size-full wp-image-2181 aligncenter\" src=\"https:\/\/fmp-components.com\/wp-content\/uploads\/2024\/12\/shaft-z.webp\" alt=\"wa\u0142-z\" width=\"81\" height=\"84\" title=\"\" srcset=\"https:\/\/fmp-components.com\/wp-content\/uploads\/2024\/12\/shaft-z.webp 81w, https:\/\/fmp-components.com\/wp-content\/uploads\/2024\/12\/shaft-z-12x12.webp 12w\" sizes=\"(max-width: 81px) 100vw, 81px\" \/><\/strong><\/td>\n<\/tr>\n<tr>\n<td>6.95<br \/>\n7.45<\/td>\n<td>540<\/td>\n<td>26.5<\/td>\n<td>&#8211;<\/td>\n<td>1\u201d 3\/8 Z6<\/td>\n<td>L108 35<\/td>\n<td>X<\/td>\n<\/tr>\n<tr>\n<td>3.90<br \/>\n4.90<\/td>\n<td>540<\/td>\n<td>40.5<\/td>\n<td>&#8211;<\/td>\n<td>1\u201d 3\/8 Z6<\/td>\n<td>\u00a0L271.5 30<\/td>\n<td>X<\/td>\n<\/tr>\n<tr>\n<td>3.60<br \/>\n4.50<\/td>\n<td>540<\/td>\n<td>40.5<\/td>\n<td>&#8211;<\/td>\n<td>1\u201d 3\/8 Z6<\/td>\n<td>L273 40<\/td>\n<td>X<\/td>\n<\/tr>\n<tr>\n<td>3.60<br \/>\n4.50<\/td>\n<td>540<\/td>\n<td>40.5<\/td>\n<td>&#8211;<\/td>\n<td>1\u201d 3\/8 Z6<\/td>\n<td>L270 35<\/td>\n<td>X<\/td>\n<\/tr>\n<tr>\n<td>3.60<br \/>\n4.50<\/td>\n<td>540<\/td>\n<td>47.8<\/td>\n<td>&#8211;<\/td>\n<td>1\u201d 3\/8 Z6<\/td>\n<td>L100 35<\/td>\n<td>X<\/td>\n<\/tr>\n<\/tbody>\n<\/table>\n<h3><em><strong>D21A Podw\u00f3jne wyj\u015bcie<\/strong><\/em><\/h3>\n<p><img loading=\"lazy\" decoding=\"async\" class=\"alignnone size-full wp-image-2197\" src=\"https:\/\/fmp-components.com\/wp-content\/uploads\/2024\/12\/agricultural-sprayer-gearbox-specification-D21A-double-output.webp\" alt=\"Specyfikacja przek\u0142adni opryskiwacza rolniczego D21A z podw\u00f3jnym wyj\u015bciem\" width=\"881\" height=\"655\" title=\"\" srcset=\"https:\/\/fmp-components.com\/wp-content\/uploads\/2024\/12\/agricultural-sprayer-gearbox-specification-D21A-double-output.webp 881w, https:\/\/fmp-components.com\/wp-content\/uploads\/2024\/12\/agricultural-sprayer-gearbox-specification-D21A-double-output-480x357.webp 480w\" sizes=\"(min-width: 0px) and (max-width: 480px) 480px, (min-width: 481px) 881px, 100vw\" \/><\/p>\n<table style=\"width: 99.1636%; height: 123px;\" border=\"1\" cellspacing=\"0\" cellpadding=\"0\">\n<tbody>\n<tr>\n<td rowspan=\"2\"><strong>I<\/strong><\/td>\n<td rowspan=\"2\"><strong>N<sub>1<\/sub>[obr.\/min]<\/strong><\/td>\n<td rowspan=\"2\"><strong>P<sub>1<\/sub>[kW]<\/strong><\/td>\n<td rowspan=\"2\"><strong>M<sub>2<\/sub>[Nm]<\/strong><\/td>\n<td colspan=\"2\"><strong>Typ wa\u0142u<\/strong><strong><br \/>\n<\/strong><\/td>\n<td rowspan=\"2\"><strong>Wej\u015bcie<\/strong><\/td>\n<\/tr>\n<tr>\n<td><strong>X<br \/>\n<\/strong><img loading=\"lazy\" decoding=\"async\" class=\"size-full wp-image-2180 aligncenter\" src=\"https:\/\/fmp-components.com\/wp-content\/uploads\/2024\/12\/shaft-x-3.webp\" alt=\"wa\u0142-x\" width=\"81\" height=\"78\" title=\"\" srcset=\"https:\/\/fmp-components.com\/wp-content\/uploads\/2024\/12\/shaft-x-3.webp 81w, https:\/\/fmp-components.com\/wp-content\/uploads\/2024\/12\/shaft-x-3-12x12.webp 12w\" sizes=\"(max-width: 81px) 100vw, 81px\" \/><\/td>\n<td><strong>Z<img loading=\"lazy\" decoding=\"async\" class=\"size-full wp-image-2181 aligncenter\" src=\"https:\/\/fmp-components.com\/wp-content\/uploads\/2024\/12\/shaft-z.webp\" alt=\"wa\u0142-z\" width=\"81\" height=\"84\" title=\"\" srcset=\"https:\/\/fmp-components.com\/wp-content\/uploads\/2024\/12\/shaft-z.webp 81w, https:\/\/fmp-components.com\/wp-content\/uploads\/2024\/12\/shaft-z-12x12.webp 12w\" sizes=\"(max-width: 81px) 100vw, 81px\" \/><\/strong><\/td>\n<\/tr>\n<tr>\n<td>3.60<br \/>\n4.93<\/td>\n<td>540<\/td>\n<td>40.5<\/td>\n<td>&#8211;<\/td>\n<td>1\u201d 3\/8 Z6<\/td>\n<td>L360 35<br \/>\n\u03a630<\/td>\n<td>X<\/td>\n<\/tr>\n<\/tbody>\n<\/table>\n<h3>Charakterystyka przek\u0142adni opryskiwacza rolniczego<\/h3>\n<ol>\n<li><strong>Trwa\u0142o\u015b\u0107 i solidna konstrukcja<\/strong><br \/>\nPrzek\u0142adnie opryskiwaczy rolniczych zosta\u0142y zaprojektowane tak, aby sprosta\u0107 trudnym warunkom panuj\u0105cym w rolnictwie. Przek\u0142adnie te s\u0105 wykonane z materia\u0142\u00f3w o wysokiej wytrzyma\u0142o\u015bci, takich jak stal stopowa, co zapewnia im wytrzyma\u0142o\u015b\u0107 na intensywne u\u017cytkowanie oraz odporno\u015b\u0107 na zu\u017cycie i uszkodzenia spowodowane brudem, wilgoci\u0105 i wibracjami. Ta solidno\u015b\u0107 gwarantuje niezawodn\u0105 prac\u0119 przek\u0142adni przez d\u0142ugi czas, nawet w trudnych warunkach pracy, co jest kluczowe w zastosowaniach rolniczych, gdzie sprz\u0119t cz\u0119sto pracuje w trudnych warunkach.<\/li>\n<li><strong>Wysoka wydajno\u015b\u0107 transmisji mocy<\/strong><br \/>\nPrzek\u0142adnie opryskiwaczy rolniczych zosta\u0142y zaprojektowane tak, aby efektywnie przenosi\u0107 moc mechaniczn\u0105 z uk\u0142adu WOM ci\u0105gnika do pompy opryskiwacza. Przek\u0142adnia przekszta\u0142ca energi\u0119 obrotow\u0105 dostarczan\u0105 przez silnik ci\u0105gnika w moc potrzebn\u0105 do zasilania r\u00f3\u017cnych podzespo\u0142\u00f3w opryskiwacza, zapewniaj\u0105c p\u0142ynne i r\u00f3wnomierne opryskiwanie \u015brodkami chemicznymi lub nawozami. To efektywne przenoszenie mocy jest niezb\u0119dne dla optymalnego ci\u015bnienia oprysku, nat\u0119\u017cenia przep\u0142ywu i og\u00f3lnej wydajno\u015bci, co czyni przek\u0142adni\u0119 kluczowym elementem maksymalizuj\u0105cym wydajno\u015b\u0107.<\/li>\n<li><strong>Kompaktowa i zajmuj\u0105ca ma\u0142o miejsca konstrukcja<\/strong><br \/>\nPrzek\u0142adnie opryskiwaczy rolniczych s\u0105 cz\u0119sto projektowane jako kompaktowe i zajmuj\u0105ce ma\u0142o miejsca, co pozwala na \u0142atwy monta\u017c w r\u00f3\u017cnych systemach opryskiwaczy bez zajmowania nadmiernej przestrzeni. Ta cecha konstrukcyjna jest szczeg\u00f3lnie wa\u017cna dla zachowania r\u00f3wnowagi i zwrotno\u015bci opryskiwacza. Kompaktowa przek\u0142adnia zapewnia, \u017ce \u200b\u200bnie koliduje ona z innymi elementami opryskiwacza, takimi jak zbiornik czy dysze, a jednocze\u015bnie zapewnia lekko\u015b\u0107 i \u0142atwo\u015b\u0107 obs\u0142ugi.<\/li>\n<li><strong>Wszechstronno\u015b\u0107 i zdolno\u015b\u0107 adaptacji<\/strong><br \/>\nTe przek\u0142adnie s\u0105 niezwykle wszechstronne i mog\u0105 by\u0107 stosowane w szerokiej gamie opryskiwaczy rolniczych, zar\u00f3wno ma\u0142ych, jak i du\u017cych. Niezale\u017cnie od tego, czy s\u0105 stosowane w opryskiwaczach ci\u0105gnikowych, czy samojezdnych, przek\u0142adnie opryskiwaczy rolniczych s\u0105 zaprojektowane z my\u015bl\u0105 o wszechstronno\u015bci i mog\u0105 sprosta\u0107 zmiennemu zapotrzebowaniu na moc. Ich kompatybilno\u015b\u0107 z r\u00f3\u017cnymi konfiguracjami opryskiwaczy i warunkami pracy sprawia, \u017ce \u200b\u200bstanowi\u0105 niezawodne rozwi\u0105zanie dla r\u00f3\u017cnorodnych zastosowa\u0144 rolniczych, od ochrony upraw po nawo\u017cenie.<\/li>\n<li><strong>\u0141atwa konserwacja i trwa\u0142o\u015b\u0107<\/strong><br \/>\nPrzek\u0142adnie opryskiwaczy rolniczych s\u0105 projektowane z my\u015bl\u0105 o \u0142atwo\u015bci konserwacji. Cz\u0119sto charakteryzuj\u0105 si\u0119 one przyjazn\u0105 dla u\u017cytkownika konstrukcj\u0105, kt\u00f3ra umo\u017cliwia \u0142atwy dost\u0119p do podzespo\u0142\u00f3w wewn\u0119trznych w celu smarowania i kontroli. Rutynowa konserwacja, taka jak sprawdzanie poziomu oleju, smarowanie i wymiana uszczelek lub filtr\u00f3w, jest prosta i mo\u017ce wyd\u0142u\u017cy\u0107 \u017cywotno\u015b\u0107 przek\u0142adni. Trwa\u0142a konstrukcja przek\u0142adni wyd\u0142u\u017ca jej \u017cywotno\u015b\u0107, zapewniaj\u0105c sta\u0142\u0105 wydajno\u015b\u0107 przez wiele sezon\u00f3w uprawowych, co jest kluczowe dla rolnik\u00f3w, kt\u00f3rzy polegaj\u0105 na sprz\u0119cie, kt\u00f3ry dzia\u0142a niezawodnie rok po roku.<\/li>\n<li><strong>Wbudowane funkcje bezpiecze\u0144stwa<\/strong><br \/>\nWiele przek\u0142adni opryskiwaczy rolniczych jest wyposa\u017conych w zabezpieczenia, kt\u00f3re chroni\u0105 zar\u00f3wno przek\u0142adni\u0119, jak i pod\u0142\u0105czone do niej elementy. Do zabezpiecze\u0144 tych nale\u017c\u0105 m.in. systemy zabezpieczaj\u0105ce przed przeci\u0105\u017ceniem, takie jak sworznie \u015bcinane lub sprz\u0119g\u0142a, kt\u00f3re zapobiegaj\u0105 uszkodzeniu przek\u0142adni w przypadku nag\u0142ego obci\u0105\u017cenia mechanicznego lub przeszkody. W przypadku wykrycia nadmiernej si\u0142y, mechanizmy te roz\u0142\u0105czaj\u0105 lub ograniczaj\u0105 przenoszenie mocy, zapobiegaj\u0105c awariom i zmniejszaj\u0105c ryzyko kosztownych napraw lub przestoj\u00f3w.<\/li>\n<\/ol>\n<p>Przek\u0142adnie opryskiwaczy rolniczych charakteryzuj\u0105 si\u0119 trwa\u0142o\u015bci\u0105, sprawno\u015bci\u0105 przenoszenia mocy, kompaktow\u0105 konstrukcj\u0105 i \u0142atwo\u015bci\u0105 konserwacji. Te cechy sprawiaj\u0105, \u017ce s\u0105 one niezb\u0119dne do niezawodnej i d\u0142ugotrwa\u0142ej pracy w wymagaj\u0105cych warunkach rolniczych. Dzi\u0119ki swojej wszechstronno\u015bci, wbudowanym mechanizmom bezpiecze\u0144stwa i niezawodnej pracy, przek\u0142adnie opryskiwaczy rolniczych odgrywaj\u0105 kluczow\u0105 rol\u0119 w zapewnieniu wydajnych i efektywnych system\u00f3w opryskowych w szerokim zakresie zastosowa\u0144 rolniczych.<\/p>\n<p><img loading=\"lazy\" decoding=\"async\" class=\"size-full wp-image-2198 aligncenter\" src=\"https:\/\/fmp-components.com\/wp-content\/uploads\/2024\/12\/Agricultural-Sprayer-Gearbox-8.webp\" alt=\"Przek\u0142adnia opryskiwacza rolniczego 8\" width=\"800\" height=\"800\" title=\"\" srcset=\"https:\/\/fmp-components.com\/wp-content\/uploads\/2024\/12\/Agricultural-Sprayer-Gearbox-8.webp 800w, https:\/\/fmp-components.com\/wp-content\/uploads\/2024\/12\/Agricultural-Sprayer-Gearbox-8-480x480.webp 480w\" sizes=\"(min-width: 0px) and (max-width: 480px) 480px, (min-width: 481px) 800px, 100vw\" \/><\/p>\n<h3>Zastosowania przek\u0142adni opryskiwacza rolniczego<\/h3>\n<ol>\n<li><strong>Opryskiwacze zawieszane na ci\u0105gniku<\/strong><br \/>\nPrzek\u0142adnie opryskiwaczy rolniczych s\u0105 szeroko stosowane w opryskiwaczach montowanych na ci\u0105gnikach, gdzie odpowiadaj\u0105 za przeniesienie mocy z WOM ci\u0105gnika do pompy opryskiwacza. Przek\u0142adnie te umo\u017cliwiaj\u0105 opryskiwaczowi r\u00f3wnomierne rozprowadzanie nawoz\u00f3w, pestycyd\u00f3w i herbicyd\u00f3w na uprawach. Opryskiwacze montowane na ci\u0105gnikach s\u0105 wykorzystywane w r\u00f3\u017cnorodnych zastosowaniach, od wielkoobszarowych gospodarstw komercyjnych po mniejsze sady i winnice, co sprawia, \u017ce \u200b\u200bprzek\u0142adnia jest niezb\u0119dna do zapewnienia r\u00f3wnomiernego oprysku i efektywnego stosowania \u015brodk\u00f3w chemicznych.<\/li>\n<li><strong>Opryskiwacze samojezdne<\/strong><br \/>\nW opryskiwaczach samojezdnych przek\u0142adnia odgrywa kluczow\u0105 rol\u0119 w nap\u0119dzaniu uk\u0142adu opryskiwacza niezale\u017cnie od ci\u0105gnika. Opryskiwacze te s\u0105 powszechnie stosowane do oprysk\u00f3w na du\u017cych powierzchniach i wyposa\u017cone we w\u0142asne silniki oraz uk\u0142ady przeniesienia nap\u0119du. Przek\u0142adnia w opryskiwaczach samojezdnych pomaga kontrolowa\u0107 pr\u0119dko\u015b\u0107 obrotow\u0105 pompy opryskiwacza, zapewniaj\u0105c precyzyjne i wydajne rozprowadzanie \u015brodka chemicznego. Umo\u017cliwia r\u00f3wnie\u017c \u0142atw\u0105 regulacj\u0119 dawek oprysku, zapewniaj\u0105c elastyczno\u015b\u0107 w zale\u017cno\u015bci od rodzaju upraw i warunk\u00f3w polowych.<\/li>\n<li><strong>Opryskiwacze belkowe<\/strong><br \/>\nPrzek\u0142adnie opryskiwaczy rolniczych s\u0105 integraln\u0105 cz\u0119\u015bci\u0105 opryskiwaczy belkowych, kt\u00f3re s\u0142u\u017c\u0105 do opryskiwania du\u017cych powierzchni, takich jak pola zb\u00f3\u017c, warzyw i innych upraw. Przek\u0142adnia nap\u0119dza pompy zasilaj\u0105ce dysze opryskiwacza na belce. Zapewnia r\u00f3wnomierny oprysk i precyzyjn\u0105 kontrol\u0119 nad opryskiwanym obszarem. Systemy te s\u0105 cz\u0119sto stosowane w rolnictwie precyzyjnym, gdzie r\u00f3wnomierne stosowanie ma kluczowe znaczenie dla minimalizacji strat i optymalizacji ochrony upraw.<\/li>\n<li><strong>Jednostki rozsiewaj\u0105ce nawozy<\/strong><br \/>\nWiele rozsiewaczy nawoz\u00f3w jest zintegrowanych z systemami opryskiwaczy, umo\u017cliwiaj\u0105cymi podw\u00f3jne zastosowanie, takie jak jednoczesne nawo\u017cenie i opryskiwanie. Przek\u0142adnia w tych systemach odpowiada za dostarczanie mocy niezb\u0119dnej do obs\u0142ugi mechanizm\u00f3w obrotowych rozsiewacza, zapewniaj\u0105c jednocze\u015bnie prawid\u0142owe dzia\u0142anie opryskiwacza. Rozwi\u0105zanie to jest szczeg\u00f3lnie przydatne na polach, gdzie zar\u00f3wno naw\u00f3z, jak i \u015brodki ochrony ro\u015blin musz\u0105 by\u0107 stosowane jednocze\u015bnie, usprawniaj\u0105c proces i redukuj\u0105c liczb\u0119 przejazd\u00f3w.<\/li>\n<li><strong>Ochrona upraw polowych<\/strong><br \/>\nPrzek\u0142adnie opryskiwaczy s\u0105 powszechnie stosowane w ochronie upraw polowych, gdzie nap\u0119dzaj\u0105 opryskiwacze u\u017cywane do aplikacji pestycyd\u00f3w i herbicyd\u00f3w na du\u017cych polach uprawnych, takich jak zbo\u017ca, kukurydza i soja. Przek\u0142adnia zapewnia prawid\u0142owe ci\u015bnienie i nat\u0119\u017cenie przep\u0142ywu w uk\u0142adzie opryskowym, co ma kluczowe znaczenie dla skutecznego zwalczania szkodnik\u00f3w i chwast\u00f3w. Zapewniaj\u0105c r\u00f3wnomierne rozprowadzanie, przek\u0142adnia pomaga ograniczy\u0107 nadmierne stosowanie \u015brodk\u00f3w chemicznych, przyczyniaj\u0105c si\u0119 do zr\u00f3wnowa\u017conego rozwoju \u015brodowiska i obni\u017caj\u0105c koszty produkcji ponoszone przez rolnik\u00f3w.<\/li>\n<li><strong>Opryski sad\u00f3w i winnic<\/strong><br \/>\nW sadach i winnicach przek\u0142adnie opryskiwaczy s\u0105 stosowane w specjalistycznych opryskiwaczach przeznaczonych do poruszania si\u0119 w ciasnych rz\u0119dach drzew lub winoro\u015bli. Opryskiwacze te cz\u0119sto wykorzystuj\u0105 mniejsze, bardziej kompaktowe przek\u0142adnie, dostosowane do specyficznych potrzeb uprawy drzew owocowych. Przek\u0142adnia nap\u0119dza pompy opryskiwacza, kt\u00f3re rozprowadzaj\u0105 wod\u0119, nawozy lub pestycydy. Zapewniaj\u0105c sta\u0142e ci\u015bnienie oprysku, przek\u0142adnia pomaga zapewni\u0107 optymalne opryskiwanie tych delikatnych upraw bez ich uszkadzania.<\/li>\n<\/ol>\n<p>Przek\u0142adnie opryskiwaczy rolniczych odgrywaj\u0105 kluczow\u0105 rol\u0119 w r\u00f3\u017cnorodnych zastosowaniach, od ochrony upraw polowych na du\u017c\u0105 skal\u0119 po specjalistyczne opryskiwacze w sadach i szklarniach. Ich g\u0142\u00f3wnym zadaniem jest efektywne przenoszenie mocy z ci\u0105gnika lub agregatu samojezdnego do pompy opryskiwacza, zapewniaj\u0105c r\u00f3wnomierne i precyzyjne rozprowadzanie \u015brodk\u00f3w chemicznych. Niezale\u017cnie od tego, czy chodzi o pestycydy, nawozy czy herbicydy, przek\u0142adnia zapewnia efektywne dzia\u0142anie system\u00f3w opryskowych w szerokim zakresie zastosowa\u0144 rolniczych, przyczyniaj\u0105c si\u0119 do lepszego zarz\u0105dzania uprawami, zr\u00f3wnowa\u017conego rozwoju i wydajno\u015bci.<\/p>\n<p><img loading=\"lazy\" decoding=\"async\" class=\"alignnone size-full wp-image-2193\" src=\"https:\/\/fmp-components.com\/wp-content\/uploads\/2024\/12\/Agricultural-Sprayer-Gearbox-19.webp\" alt=\"Przek\u0142adnia opryskiwacza rolniczego\" width=\"2016\" height=\"1512\" title=\"\" srcset=\"https:\/\/fmp-components.com\/wp-content\/uploads\/2024\/12\/Agricultural-Sprayer-Gearbox-19.webp 2016w, https:\/\/fmp-components.com\/wp-content\/uploads\/2024\/12\/Agricultural-Sprayer-Gearbox-19-1280x960.webp 1280w, https:\/\/fmp-components.com\/wp-content\/uploads\/2024\/12\/Agricultural-Sprayer-Gearbox-19-980x735.webp 980w, https:\/\/fmp-components.com\/wp-content\/uploads\/2024\/12\/Agricultural-Sprayer-Gearbox-19-480x360.webp 480w\" sizes=\"(min-width: 0px) and (max-width: 480px) 480px, (min-width: 481px) and (max-width: 980px) 980px, (min-width: 981px) and (max-width: 1280px) 1280px, (min-width: 1281px) 2016px, 100vw\" \/><\/p>\n<h3>O FMP<\/h3>\n<p>Firma FMP z siedzib\u0105 we W\u0142oszech jest wiod\u0105cym producentem specjalizuj\u0105cym si\u0119 w projektowaniu, rozwoju i produkcji wysokowydajnych przek\u0142adni, g\u0142\u00f3wnie dla sektora maszyn rolniczych. Znana z precyzyjnej in\u017cynierii, innowacji i niezawodno\u015bci, firma FMP zbudowa\u0142a ugruntowan\u0105 reputacj\u0119 dostarczaj\u0105c wysokiej jako\u015bci produkty, kt\u00f3re spe\u0142niaj\u0105 zmieniaj\u0105ce si\u0119 potrzeby zar\u00f3wno rynku rolniczego, jak i przemys\u0142owego. Nasza szeroka gama produkt\u00f3w obejmuje specjalistyczne przek\u0142adnie do kosiarek, wa\u0142y odbioru mocy (WOM) i inne kluczowe komponenty, zaprojektowane z my\u015bl\u0105 o zapewnieniu rozwi\u0105za\u0144 dostosowanych do indywidualnych potrzeb w szerokim zakresie zastosowa\u0144.<\/p>\n<p>Rozumiemy, \u017ce ka\u017cdy klient ma unikalne wymagania, dlatego oferujemy rozwi\u0105zania szyte na miar\u0119, zar\u00f3wno w formie pojedynczych komponent\u00f3w, jak i kompletnych, zintegrowanych system\u00f3w. Dzi\u0119ki bliskiej wsp\u00f3\u0142pracy z naszymi klientami dbamy o to, aby ka\u017cde rozwi\u0105zanie by\u0142o skuteczne i wydajne. Nasze zaanga\u017cowanie w szybk\u0105, profesjonaln\u0105 obs\u0142ug\u0119 i fachowe doradztwo gwarantuje, \u017ce ka\u017cde zapytanie jest obs\u0142ugiwane z dba\u0142o\u015bci\u0105 i precyzj\u0105, zapewniaj\u0105c optymalne rezultaty.<\/p>\n<p>Otwarta komunikacja jest podstaw\u0105 naszego podej\u015bcia, szczeg\u00f3lnie w obszarze rozwoju produkt\u00f3w. Nasz zesp\u00f3\u0142 wsp\u00f3\u0142pracuje bezpo\u015brednio z klientami, aby w pe\u0142ni zrozumie\u0107 ich potrzeby i dostarcza\u0107 im cenne informacje, kt\u00f3re prowadz\u0105 do najlepszych rozwi\u0105za\u0144. Niezale\u017cnie od tego, czy projektujemy innowacyjne produkty, czy realizujemy zam\u00f3wienia, FMP dok\u0142ada wszelkich stara\u0144, aby dostarcza\u0107 wysokiej jako\u015bci, precyzyjnie zaprojektowane rozwi\u0105zania na czas i za ka\u017cdym razem.<\/p>\n<p>Jako\u015b\u0107 jest sercem dzia\u0142alno\u015bci FMP. Przestrzegamy najwy\u017cszych standard\u00f3w produkcyjnych i wdra\u017camy rygorystyczne \u015brodki kontroli jako\u015bci, aby zapewni\u0107, \u017ce ka\u017cdy produkt przekracza oczekiwania bran\u017cy. To skupienie na jako\u015bci, w po\u0142\u0105czeniu z naszymi podstawowymi warto\u015bciami, takimi jak uczciwo\u015b\u0107, praca zespo\u0142owa i wytrwa\u0142o\u015b\u0107, pomog\u0142o nam nawi\u0105za\u0107 d\u0142ugotrwa\u0142e relacje z klientami w prawie 30 krajach na ca\u0142ym \u015bwiecie.<\/p>\n<p>FMP anga\u017cuje si\u0119 w budowanie globalnych partnerstw, oferuj\u0105c fachowe doradztwo i rozwi\u0105zania dopasowane do zr\u00f3\u017cnicowanych potrzeb klient\u00f3w. Wykraczamy poza dostarczanie produkt\u00f3w, d\u0105\u017c\u0105c do budowania trwa\u0142ych relacji, kt\u00f3re nap\u0119dzaj\u0105 sukces ka\u017cdego projektu. Niezale\u017cnie od tego, czy szukasz innowacyjnych rozwi\u0105za\u0144 dla nowego przedsi\u0119wzi\u0119cia, czy sta\u0142ego wsparcia dla istniej\u0105cego systemu, FMP z zaanga\u017cowaniem stawia czo\u0142a Twoim wyzwaniom technicznym i zapewnia sta\u0142y sukces.<\/p>\n<p><img loading=\"lazy\" decoding=\"async\" class=\"alignnone size-full wp-image-1861\" src=\"https:\/\/fmp-components.com\/wp-content\/uploads\/2024\/12\/Other-Agricultural-Gearboxes.webp\" sizes=\"(min-width: 0px) and (max-width: 480px) 480px, (min-width: 481px) and (max-width: 980px) 980px, (min-width: 981px) 1200px, 100vw\" srcset=\"https:\/\/fmp-components.com\/wp-content\/uploads\/2024\/12\/Other-Agricultural-Gearboxes.webp 1200w, https:\/\/fmp-components.com\/wp-content\/uploads\/2024\/12\/Other-Agricultural-Gearboxes-980x1143.webp 980w, https:\/\/fmp-components.com\/wp-content\/uploads\/2024\/12\/Other-Agricultural-Gearboxes-480x560.webp 480w\" alt=\"Inne zmiany rolnicze\" width=\"1200\" height=\"1400\" title=\"\"><\/p>\n<p>Autor: CX<\/p>","protected":false},"excerpt":{"rendered":"<p>Dane techniczne przek\u0142adni opryskiwacza rolniczego D21A D21A i N1[obr.\/min] P1[kW] M2[Nm] Typ wa\u0142u Wej\u015bcie X Z 6,95 7,45 540 26,5 \u2013 1\u201d 3\/8 Z6 L108 35 X 3,90 4,90 540 40,5 \u2013 1\u201d 3\/8 Z6 L271,5 30 X 3,60 4,50 540 40,5 \u2013 1\u201d 3\/8 Z6 L273 40 X 3,60 4,50 540 40,5 \u2013 [\u2026]<\/p>","protected":false},"featured_media":2199,"comment_status":"open","ping_status":"closed","template":"","meta":{"_et_pb_use_builder":"","_et_pb_old_content":"","_et_gb_content_width":""},"product_brand":[],"product_cat":[55],"product_tag":[],"class_list":{"0":"post-2195","1":"product","2":"type-product","3":"status-publish","4":"has-post-thumbnail","6":"product_cat-agricultural-sprayer-gearbox","8":"first","9":"instock","10":"shipping-taxable","11":"product-type-simple"},"_links":{"self":[{"href":"https:\/\/fmp-components.com\/pl\/wp-json\/wp\/v2\/product\/2195","targetHints":{"allow":["GET"]}}],"collection":[{"href":"https:\/\/fmp-components.com\/pl\/wp-json\/wp\/v2\/product"}],"about":[{"href":"https:\/\/fmp-components.com\/pl\/wp-json\/wp\/v2\/types\/product"}],"replies":[{"embeddable":true,"href":"https:\/\/fmp-components.com\/pl\/wp-json\/wp\/v2\/comments?post=2195"}],"wp:featuredmedia":[{"embeddable":true,"href":"https:\/\/fmp-components.com\/pl\/wp-json\/wp\/v2\/media\/2199"}],"wp:attachment":[{"href":"https:\/\/fmp-components.com\/pl\/wp-json\/wp\/v2\/media?parent=2195"}],"wp:term":[{"taxonomy":"product_brand","embeddable":true,"href":"https:\/\/fmp-components.com\/pl\/wp-json\/wp\/v2\/product_brand?post=2195"},{"taxonomy":"product_cat","embeddable":true,"href":"https:\/\/fmp-components.com\/pl\/wp-json\/wp\/v2\/product_cat?post=2195"},{"taxonomy":"product_tag","embeddable":true,"href":"https:\/\/fmp-components.com\/pl\/wp-json\/wp\/v2\/product_tag?post=2195"}],"curies":[{"name":"wp","href":"https:\/\/api.w.org\/{rel}","templated":true}]}}