{"id":2158,"date":"2024-12-30T07:35:02","date_gmt":"2024-12-30T07:35:02","guid":{"rendered":"https:\/\/fmp-components.com\/?page_id=8"},"modified":"2024-12-30T08:06:30","modified_gmt":"2024-12-30T08:06:30","slug":"fertilizer-spreader-gearbox-replacement-of-comer-code-l-25j","status":"publish","type":"product","link":"https:\/\/fmp-components.com\/pl\/product\/fertilizer-spreader-gearbox-replacement-of-comer-code-l-25j\/","title":{"rendered":"Przek\u0142adnia rozsiewacza nawozu \u2013 wymiana Comer Code L-25J"},"content":{"rendered":"<p><img loading=\"lazy\" decoding=\"async\" class=\"alignnone size-full wp-image-2159\" src=\"https:\/\/fmp-components.com\/wp-content\/uploads\/2024\/12\/Agricultural-Gearbox-and-PTO-Drive-Shaft-3.webp\" alt=\"Rolnicza skrzynia bieg\u00f3w i wa\u0142 nap\u0119dowy WOM-3\" width=\"1200\" height=\"540\" title=\"\" srcset=\"https:\/\/fmp-components.com\/wp-content\/uploads\/2024\/12\/Agricultural-Gearbox-and-PTO-Drive-Shaft-3.webp 1200w, https:\/\/fmp-components.com\/wp-content\/uploads\/2024\/12\/Agricultural-Gearbox-and-PTO-Drive-Shaft-3-980x441.webp 980w, https:\/\/fmp-components.com\/wp-content\/uploads\/2024\/12\/Agricultural-Gearbox-and-PTO-Drive-Shaft-3-480x216.webp 480w\" sizes=\"(min-width: 0px) and (max-width: 480px) 480px, (min-width: 481px) and (max-width: 980px) 980px, (min-width: 981px) 1200px, 100vw\" \/><\/p>\n<h2>Dane techniczne przek\u0142adni rozsiewacza nawozu L-25J<\/h2>\n<table style=\"width: 103.326%; height: 185px;\" width=\"270\">\n<tbody>\n<tr>\n<td width=\"132\"><img loading=\"lazy\" decoding=\"async\" class=\"alignnone size-full wp-image-2163\" src=\"https:\/\/fmp-components.com\/wp-content\/uploads\/2024\/12\/Fertilizer-Spreader-Gearbox-L-25J-Specifications-1.webp\" alt=\"Rozsiewacz nawozu - Skrzynia bieg\u00f3w - L-25J - Specyfikacje - 1\" width=\"600\" height=\"600\" title=\"\" srcset=\"https:\/\/fmp-components.com\/wp-content\/uploads\/2024\/12\/Fertilizer-Spreader-Gearbox-L-25J-Specifications-1.webp 600w, https:\/\/fmp-components.com\/wp-content\/uploads\/2024\/12\/Fertilizer-Spreader-Gearbox-L-25J-Specifications-1-480x480.webp 480w\" sizes=\"(min-width: 0px) and (max-width: 480px) 480px, (min-width: 481px) 600px, 100vw\" \/><\/td>\n<td width=\"138\"><img loading=\"lazy\" decoding=\"async\" class=\"alignnone size-full wp-image-2164\" src=\"https:\/\/fmp-components.com\/wp-content\/uploads\/2024\/12\/Fertilizer-Spreader-Gearbox-L-25J-Specifications-2.webp\" alt=\"Rozsiewacz nawozu - Skrzynia bieg\u00f3w - L-25J - Specyfikacje - 2\" width=\"600\" height=\"600\" title=\"\" srcset=\"https:\/\/fmp-components.com\/wp-content\/uploads\/2024\/12\/Fertilizer-Spreader-Gearbox-L-25J-Specifications-2.webp 600w, https:\/\/fmp-components.com\/wp-content\/uploads\/2024\/12\/Fertilizer-Spreader-Gearbox-L-25J-Specifications-2-480x480.webp 480w\" sizes=\"(min-width: 0px) and (max-width: 480px) 480px, (min-width: 481px) 600px, 100vw\" \/><\/td>\n<\/tr>\n<\/tbody>\n<\/table>\n<table class=\"kh-1xzm1su\" border=\"1\" cellspacing=\"0\" cellpadding=\"0\" data-intent=\"lists-product-attributes\" data-test-id=\"attributes-list\">\n<tbody class=\"kh-1ago99h\">\n<tr id=\"attLongDescription\" class=\"kh-bwvum6\">\n<th class=\"kh-10oizfy\">Opis<\/th>\n<td class=\"kh-1f5nhat\">\n<div class=\"kh-pkx4zo\">Przek\u0142adnia rozsiewacza nawozu \u2013 wymiana przek\u0142adni Comer L-25J<\/div>\n<\/td>\n<\/tr>\n<tr id=\"attApplicationRange\" class=\"kh-bwvum6\">\n<th class=\"kh-10oizfy\">Aplikacja<\/th>\n<td class=\"kh-1f5nhat\">\n<ul>\n<li class=\"kh-16zd49f\">R\u00f3\u017cne zastosowania (rolnicze)<\/li>\n<li class=\"kh-16zd49f\">Kosiarki<\/li>\n<li class=\"kh-16zd49f\">Rozsiewacze nawoz\u00f3w chemicznych<\/li>\n<li class=\"kh-16zd49f\">Pi\u0142y ta\u015bmowe<\/li>\n<\/ul>\n<\/td>\n<\/tr>\n<tr id=\"attConsistsOf\" class=\"kh-bwvum6\">\n<th class=\"kh-10oizfy\">Sk\u0142ada si\u0119 z<\/th>\n<td class=\"kh-1f5nhat\">\n<ul>\n<li class=\"kh-16zd49f\">Skrzynia bieg\u00f3w<\/li>\n<li class=\"kh-16zd49f\">Bez oleju<\/li>\n<\/ul>\n<\/td>\n<\/tr>\n<tr id=\"attTechnicalInformation\" class=\"kh-bwvum6\">\n<th class=\"kh-10oizfy\">Informacje techniczne<\/th>\n<td class=\"kh-1f5nhat\">\n<ul>\n<li class=\"kh-16zd49f\">Je\u015bli masz pytania dotycz\u0105ce wydajno\u015bci przy innych pr\u0119dko\u015bciach, nie wahaj si\u0119 z nami skontaktowa\u0107.<\/li>\n<li class=\"kh-16zd49f\">Przy pierwszym u\u017cyciu olej nale\u017cy wymieni\u0107 po 50 godzinach pracy.<\/li>\n<\/ul>\n<\/td>\n<\/tr>\n<tr id=\"taMaxOutputTorqueDaNm\" class=\"kh-bwvum6\">\n<th class=\"kh-10oizfy\">Maksymalny moment wyj\u015bciowy<\/th>\n<td class=\"kh-1f5nhat\">\n<div class=\"kh-pkx4zo\">22,7 daNm<\/div>\n<\/td>\n<\/tr>\n<tr id=\"taContainsOil\" class=\"kh-bwvum6\">\n<th class=\"kh-10oizfy\">Zawiera olej<\/th>\n<td class=\"kh-1f5nhat\">\n<div class=\"kh-pkx4zo\">NIE<\/div>\n<\/td>\n<\/tr>\n<tr id=\"taMaxOilCapacityL\" class=\"kh-bwvum6\">\n<th class=\"kh-10oizfy\">Maksymalna pojemno\u015b\u0107 oleju<\/th>\n<td class=\"kh-1f5nhat\">\n<div class=\"kh-pkx4zo\">0,35 l<\/div>\n<\/td>\n<\/tr>\n<tr id=\"taMaxOilChangeIntervalH\" class=\"kh-bwvum6\">\n<th class=\"kh-10oizfy\">Maksymalny odst\u0119p mi\u0119dzy wymianami oleju<\/th>\n<td class=\"kh-1f5nhat\">\n<div class=\"kh-pkx4zo\">500 godzin<\/div>\n<\/td>\n<\/tr>\n<tr id=\"taOilSAEViscosityGrade\" class=\"kh-bwvum6\">\n<th class=\"kh-10oizfy\">Klasa lepko\u015bci oleju SAE<\/th>\n<td class=\"kh-1f5nhat\">\n<div class=\"kh-pkx4zo\">80W-90<\/div>\n<\/td>\n<\/tr>\n<tr id=\"taHousingMaterial_16\" class=\"kh-bwvum6\">\n<th class=\"kh-10oizfy\">Materia\u0142 obudowy<\/th>\n<td class=\"kh-1f5nhat\">\n<div class=\"kh-pkx4zo\">Aluminium<\/div>\n<\/td>\n<\/tr>\n<tr id=\"taWeightKg_75\" class=\"kh-bwvum6\">\n<th class=\"kh-10oizfy\">Waga<\/th>\n<td class=\"kh-1f5nhat\">\n<div class=\"kh-pkx4zo\">4,1 kg<\/div>\n<\/td>\n<\/tr>\n<tr id=\"taGearArrangementRed\" class=\"kh-bwvum6\">\n<th class=\"kh-10oizfy\">Uk\u0142ad przek\u0142adni redukuj\u0105cy<\/th>\n<td class=\"kh-1f5nhat\">\n<div class=\"kh-pkx4zo\">3 &#8211; 4<\/div>\n<\/td>\n<\/tr>\n<tr id=\"taInputPowerKwHpInc\" class=\"kh-bwvum6\">\n<th class=\"kh-10oizfy\">Moc wej\u015bciowa kW \/ KM Rosn\u0105ca<\/th>\n<td class=\"kh-1f5nhat\">\n<div class=\"kh-pkx4zo\">11 \/ 15 kW\/KM<\/div>\n<\/td>\n<\/tr>\n<tr id=\"taInputShaftIncreasi\" class=\"kh-bwvum6\">\n<th class=\"kh-10oizfy\">Wa\u0142 wej\u015bciowy zwi\u0119kszaj\u0105cy<\/th>\n<td class=\"kh-1f5nhat\">\n<div class=\"kh-pkx4zo\">X<\/div>\n<\/td>\n<\/tr>\n<tr id=\"taInputShaftReducing\" class=\"kh-bwvum6\">\n<th class=\"kh-10oizfy\">Wa\u0142 wej\u015bciowy Redukcja<\/th>\n<td class=\"kh-1f5nhat\">\n<div class=\"kh-pkx4zo\">Z<\/div>\n<\/td>\n<\/tr>\n<tr id=\"taNSInputpowerKW-HPR\" class=\"kh-bwvum6\">\n<th class=\"kh-10oizfy\">Moc wej\u015bciowa kW \/ KM Zmniejszenie<\/th>\n<td class=\"kh-1f5nhat\">\n<div class=\"kh-pkx4zo\">7 \/ 9,5 kW\/KM<\/div>\n<\/td>\n<\/tr>\n<tr id=\"taNSOutputTorqueDaNm_1\" class=\"kh-bwvum6\">\n<th class=\"kh-10oizfy\">Moment obrotowy wyj\u015bciowy DaNm wzrasta<\/th>\n<td class=\"kh-1f5nhat\">\n<div class=\"kh-pkx4zo\">9,9 daNm<\/div>\n<\/td>\n<\/tr>\n<tr id=\"taRatioIncreasing\" class=\"kh-bwvum6\">\n<th class=\"kh-10oizfy\">Wsp\u00f3\u0142czynnik wzrastaj\u0105cy<\/th>\n<td class=\"kh-1f5nhat\">\n<div class=\"kh-pkx4zo\">1: 1,9<\/div>\n<\/td>\n<\/tr>\n<tr id=\"taRatioReducing\" class=\"kh-bwvum6\">\n<th class=\"kh-10oizfy\">Zmniejszanie wsp\u00f3\u0142czynnika<\/th>\n<td class=\"kh-1f5nhat\">\n<div class=\"kh-pkx4zo\">1.9: 1<\/div>\n<\/td>\n<\/tr>\n<tr id=\"taShaftX\" class=\"kh-bwvum6\">\n<th class=\"kh-10oizfy\">Wa\u0142 X<\/th>\n<td class=\"kh-1f5nhat\">\n<div class=\"kh-pkx4zo\">1 3\/8\u2033 (6) (A)<\/div>\n<\/td>\n<\/tr>\n<tr id=\"taShaftZ\" class=\"kh-bwvum6\">\n<th class=\"kh-10oizfy\">Wa\u0142 Z<\/th>\n<td class=\"kh-1f5nhat\">\n<div class=\"kh-pkx4zo\">22 (D)<\/div>\n<\/td>\n<\/tr>\n<\/tbody>\n<\/table>\n<h2>Charakterystyka przek\u0142adni rozsiewacza nawoz\u00f3w L-25J<\/h2>\n<ol>\n<li><strong>Wysoka wydajno\u015b\u0107 i efektywno\u015b\u0107<\/strong>Przek\u0142adnia rozsiewacza nawozu L-25J zosta\u0142a zaprojektowana z my\u015bl\u0105 o zapewnieniu optymalnej wydajno\u015bci w szerokim zakresie zastosowa\u0144. Efektywnie przekazuje moc z WOM ci\u0105gnika do rozsiewacza nawozu, zapewniaj\u0105c p\u0142ynn\u0105 i r\u00f3wnomiern\u0105 prac\u0119. Jej wysoka sprawno\u015b\u0107 pozwala na efektywne wykorzystanie zasob\u00f3w, zmniejszaj\u0105c zu\u017cycie paliwa i jednocze\u015bnie zwi\u0119kszaj\u0105c wydajno\u015b\u0107.<\/li>\n<li><strong>Trwa\u0142a konstrukcja<\/strong>Wykonana z wytrzyma\u0142ych materia\u0142\u00f3w, przek\u0142adnia L-25J zosta\u0142a zaprojektowana tak, aby wytrzyma\u0107 trudne warunki powszechnie spotykane w rolnictwie. Jej wytrzyma\u0142a obudowa i elementy wewn\u0119trzne s\u0105 odporne na zu\u017cycie i korozj\u0119, zapewniaj\u0105c d\u0142ugotrwa\u0142\u0105 trwa\u0142o\u015b\u0107 i zmniejszaj\u0105c cz\u0119stotliwo\u015b\u0107 konserwacji lub wymiany.<\/li>\n<li><strong>Kompaktowa i zajmuj\u0105ca ma\u0142o miejsca konstrukcja<\/strong>Przek\u0142adnia L-25J jest kompaktowa i \u0142atwa do zintegrowania z systemami rozsiewaczy nawoz\u00f3w. Jej kompaktowa konstrukcja pozwala na monta\u017c bez zb\u0119dnych komplikacji, oferuj\u0105c jednocze\u015bnie \u0142atwo\u015b\u0107 u\u017cytkowania i monta\u017cu w r\u00f3\u017cnorodnych maszynach rolniczych.<\/li>\n<li><strong>P\u0142ynna transmisja mocy<\/strong>:Ta przek\u0142adnia charakteryzuje si\u0119 p\u0142ynnym mechanizmem przeniesienia mocy, kt\u00f3ry zapewnia r\u00f3wnomierne rozprowadzanie nawoz\u00f3w, pomagaj\u0105c uzyska\u0107 r\u00f3wnomierne rozprowadzenie na du\u017cych obszarach rolnych. Jej konstrukcja minimalizuje wibracje, zapewniaj\u0105c stabiln\u0105 i kontrolowan\u0105 prac\u0119, zapobiegaj\u0105c nier\u00f3wnomiernemu nawo\u017ceniu.<\/li>\n<li><strong>Wszechstronne zastosowanie<\/strong>Przek\u0142adnia L-25J jest niezwykle wszechstronna i znajduje zastosowanie w r\u00f3\u017cnych typach rozsiewaczy nawoz\u00f3w, w tym w rozsiewaczach granulowanych i peletowanych. Obs\u0142uguje r\u00f3\u017cne szeroko\u015bci rozsiewu i regulowane nat\u0119\u017cenie przep\u0142ywu, dzi\u0119ki czemu nadaje si\u0119 do szerokiego zakresu zastosowa\u0144 rolniczych, od ma\u0142ych po du\u017ce gospodarstwa rolne.<\/li>\n<\/ol>\n<p>Przek\u0142adnia rozsiewacza nawoz\u00f3w L-25J to niezawodne i wydajne rozwi\u0105zanie do zada\u0144 zwi\u0105zanych z rozrzucaniem nawoz\u00f3w. Charakteryzuje si\u0119 trwa\u0142o\u015bci\u0105, p\u0142ynn\u0105 prac\u0105 i wszechstronno\u015bci\u0105, co czyni j\u0105 niezb\u0119dnym elementem optymalizacji prac rolniczych.<\/p>\n<p><img loading=\"lazy\" decoding=\"async\" class=\"alignnone size-full wp-image-2172\" src=\"https:\/\/fmp-components.com\/wp-content\/uploads\/2024\/12\/Characteristic-of-Fertilizer-Spreader-Gearbox-L-25J.webp\" alt=\"Charakterystyka przek\u0142adni rozsiewacza nawoz\u00f3w L-25J\" width=\"1200\" height=\"743\" title=\"\" srcset=\"https:\/\/fmp-components.com\/wp-content\/uploads\/2024\/12\/Characteristic-of-Fertilizer-Spreader-Gearbox-L-25J.webp 1200w, https:\/\/fmp-components.com\/wp-content\/uploads\/2024\/12\/Characteristic-of-Fertilizer-Spreader-Gearbox-L-25J-980x607.webp 980w, https:\/\/fmp-components.com\/wp-content\/uploads\/2024\/12\/Characteristic-of-Fertilizer-Spreader-Gearbox-L-25J-480x297.webp 480w\" sizes=\"(min-width: 0px) and (max-width: 480px) 480px, (min-width: 481px) and (max-width: 980px) 980px, (min-width: 981px) 1200px, 100vw\" \/><\/p>\n<h3>Wa\u0142y przegubowo-teleskopowe do przek\u0142adni rozsiewacza nawoz\u00f3w rolniczych<\/h3>\n<ol>\n<li><strong>Niezawodna transmisja mocy<\/strong><br \/>\nWa\u0142y odbioru mocy (WOM) do skrzy\u0144 bieg\u00f3w rozsiewaczy nawoz\u00f3w rolniczych s\u0105 niezb\u0119dne do efektywnego przenoszenia mocy z ci\u0105gnika do skrzyni bieg\u00f3w. Wa\u0142y te zosta\u0142y zaprojektowane tak, aby zapewni\u0107 r\u00f3wnomierne i niezawodne przenoszenie mocy, gwarantuj\u0105c p\u0142ynn\u0105 prac\u0119 rozsiewacza nawoz\u00f3w. Dzi\u0119ki dobrze zaprojektowanemu wa\u0142owi WOM, skrzynia bieg\u00f3w mo\u017ce skutecznie nap\u0119dza\u0107 mechanizm rozsiewaj\u0105cy, utrzymuj\u0105c prawid\u0142ow\u0105 dawk\u0119 nawozu.<\/li>\n<li><strong>Ci\u0119\u017cka konstrukcja<\/strong><br \/>\nWa\u0142y odbioru mocy (WOM) do maszyn rolniczych zosta\u0142y zaprojektowane tak, aby sprosta\u0107 trudnym warunkom panuj\u0105cym w rolnictwie. Wykonane z materia\u0142\u00f3w o wysokiej wytrzyma\u0142o\u015bci, s\u0105 odporne na du\u017ce obci\u0105\u017cenia, wstrz\u0105sy i napr\u0119\u017cenia podczas ci\u0105g\u0142ej pracy. Zar\u00f3wno w suchym, mokrym, jak i b\u0142otnistym \u015brodowisku, te wa\u0142y WOM s\u0105 odporne na zu\u017cycie i korozj\u0119, zapewniaj\u0105c d\u0142ugotrwa\u0142\u0105 trwa\u0142o\u015b\u0107 i niezawodn\u0105 prac\u0119 nawet w trudnych warunkach rolniczych.<\/li>\n<li><strong>\u0141atwe pod\u0142\u0105czanie i od\u0142\u0105czanie<\/strong><br \/>\nJedn\u0105 z wyr\u00f3\u017cniaj\u0105cych cech wa\u0142\u00f3w odbioru mocy (WOM) do rozsiewaczy nawoz\u00f3w jest \u0142atwo\u015b\u0107 ich pod\u0142\u0105czania i od\u0142\u0105czania. Zaprojektowane z my\u015bl\u0105 o szybkim pod\u0142\u0105czeniu do ci\u0105gnika i skrzyni bieg\u00f3w, wa\u0142ki te zapewniaj\u0105 rolnikom wygod\u0119 podczas pracy. Funkcja szybkiego pod\u0142\u0105czania minimalizuje przestoje i pozwala operatorom na szybk\u0105 zmian\u0119 sprz\u0119tu w razie potrzeby, zwi\u0119kszaj\u0105c wydajno\u015b\u0107 operacyjn\u0105.<\/li>\n<li><strong>Funkcje bezpiecze\u0144stwa<\/strong><br \/>\nBezpiecze\u0144stwo jest kwesti\u0105 priorytetow\u0105 w maszynach rolniczych, a wa\u0142y odbioru mocy (WOM) do rozsiewaczy nawoz\u00f3w s\u0105 wyposa\u017cone we wbudowane zabezpieczenia. Zazwyczaj obejmuj\u0105 one os\u0142ony i sprz\u0119g\u0142a bezpiecze\u0144stwa, kt\u00f3re zapobiegaj\u0105 przypadkowemu roz\u0142\u0105czeniu i zmniejszaj\u0105 ryzyko obra\u017ce\u0144. Os\u0142ony chroni\u0105 cz\u0119\u015bci obrotowe, a sprz\u0119g\u0142a bezpiecze\u0144stwa zapewniaj\u0105 roz\u0142\u0105czenie wa\u0142u w przypadku awarii, zapewniaj\u0105c operatorowi dodatkowe bezpiecze\u0144stwo podczas u\u017cytkowania.<\/li>\n<li><strong>Regulowana d\u0142ugo\u015b\u0107 dla wszechstronno\u015bci<\/strong><br \/>\nWa\u0142y odbioru mocy (WOM) s\u0105 dost\u0119pne w regulowanych d\u0142ugo\u015bciach, dopasowanych do r\u00f3\u017cnych konfiguracji maszyn rolniczych. Ta elastyczno\u015b\u0107 gwarantuje, \u017ce wa\u0142 mo\u017ce by\u0107 stosowany w szerokiej gamie rozsiewaczy nawoz\u00f3w i ci\u0105gnik\u00f3w, niezale\u017cnie od ich rozmiaru i konfiguracji. Mo\u017cliwo\u015b\u0107 regulacji d\u0142ugo\u015bci wa\u0142u zapewnia optymalne ustawienie i efektywne przenoszenie mocy, dzi\u0119ki czemu te wa\u0142y WOM s\u0105 wszechstronnym rozwi\u0105zaniem dla r\u00f3\u017cnych typ\u00f3w prac rolniczych.<\/li>\n<\/ol>\n<table style=\"width: 103.326%; height: 185px;\" width=\"270\">\n<tbody>\n<tr>\n<td style=\"width: 49.6862%;\" width=\"132\"><img loading=\"lazy\" decoding=\"async\" class=\"alignnone size-full wp-image-2170\" src=\"https:\/\/fmp-components.com\/wp-content\/uploads\/2024\/12\/PTO-Shafts-for-Agricultural-Fertilizer-Spreader-Gearbox-2.webp\" alt=\"Wa\u0142y odbioru mocy do rozsiewaczy nawoz\u00f3w rolniczych i przek\u0142adni 2\" width=\"1200\" height=\"800\" title=\"\" srcset=\"https:\/\/fmp-components.com\/wp-content\/uploads\/2024\/12\/PTO-Shafts-for-Agricultural-Fertilizer-Spreader-Gearbox-2.webp 1200w, https:\/\/fmp-components.com\/wp-content\/uploads\/2024\/12\/PTO-Shafts-for-Agricultural-Fertilizer-Spreader-Gearbox-2-980x653.webp 980w, https:\/\/fmp-components.com\/wp-content\/uploads\/2024\/12\/PTO-Shafts-for-Agricultural-Fertilizer-Spreader-Gearbox-2-480x320.webp 480w\" sizes=\"(min-width: 0px) and (max-width: 480px) 480px, (min-width: 481px) and (max-width: 980px) 980px, (min-width: 981px) 1200px, 100vw\" \/><\/td>\n<td style=\"width: 49.6862%;\" width=\"138\"><img loading=\"lazy\" decoding=\"async\" class=\"alignnone size-full wp-image-2171\" src=\"https:\/\/fmp-components.com\/wp-content\/uploads\/2024\/12\/PTO-Shafts-for-Agricultural-Fertilizer-Spreader-Gearbox-1.webp\" alt=\"Wa\u0142y odbioru mocy do rozsiewaczy nawoz\u00f3w rolniczych - skrzynia bieg\u00f3w - 1\" width=\"1200\" height=\"800\" title=\"\" srcset=\"https:\/\/fmp-components.com\/wp-content\/uploads\/2024\/12\/PTO-Shafts-for-Agricultural-Fertilizer-Spreader-Gearbox-1.webp 1200w, https:\/\/fmp-components.com\/wp-content\/uploads\/2024\/12\/PTO-Shafts-for-Agricultural-Fertilizer-Spreader-Gearbox-1-980x653.webp 980w, https:\/\/fmp-components.com\/wp-content\/uploads\/2024\/12\/PTO-Shafts-for-Agricultural-Fertilizer-Spreader-Gearbox-1-480x320.webp 480w\" sizes=\"(min-width: 0px) and (max-width: 480px) 480px, (min-width: 481px) and (max-width: 980px) 980px, (min-width: 981px) 1200px, 100vw\" \/><\/td>\n<\/tr>\n<\/tbody>\n<\/table>\n<h3>O FMP<\/h3>\n<p>Firma FMP, z siedzib\u0105 g\u0142\u00f3wn\u0105 we W\u0142oszech, jest liderem w bran\u017cy produkcji skrzy\u0144 bieg\u00f3w, znanym ze swojego do\u015bwiadczenia w projektowaniu, rozwoju i produkcji wysokowydajnych skrzy\u0144 bieg\u00f3w. Specjalizuj\u0105c si\u0119 w maszynach rolniczych, FMP zyska\u0142a sobie pozycj\u0119 zaufanej marki w tym sektorze. Dzi\u0119ki reputacji zbudowanej na precyzyjnej in\u017cynierii, innowacyjno\u015bci i niezmiennej niezawodno\u015bci, dostarczamy produkty najwy\u017cszej jako\u015bci, kt\u00f3re spe\u0142niaj\u0105 zmieniaj\u0105ce si\u0119 wymagania zar\u00f3wno rynku rolniczego, jak i przemys\u0142owego. Nasze zr\u00f3\u017cnicowane portfolio produkt\u00f3w obejmuje specjalistyczne skrzynie bieg\u00f3w do kosiarek, wa\u0142y odbioru mocy (WOM) i inne kluczowe komponenty, zaprojektowane z my\u015bl\u0105 o zapewnieniu rozwi\u0105za\u0144 dostosowanych do szerokiego zakresu zastosowa\u0144.<\/p>\n<p>FMP d\u0105\u017cy do oferowania czego\u015b wi\u0119cej ni\u017c tylko produkt\u00f3w; oferujemy kompleksowe, zindywidualizowane rozwi\u0105zania, kt\u00f3re odpowiadaj\u0105 na wyj\u0105tkowe wyzwania stoj\u0105ce przed naszymi klientami. Niezale\u017cnie od tego, czy chodzi o pojedyncze komponenty, czy kompletne, w pe\u0142ni zintegrowane systemy, specjalizujemy si\u0119 w tworzeniu rozwi\u0105za\u0144 optymalizuj\u0105cych wydajno\u015b\u0107 i dodaj\u0105cych warto\u015bci. Dzi\u0119ki bliskiej wsp\u00f3\u0142pracy z naszymi klientami dbamy o to, aby ka\u017cde rozwi\u0105zanie by\u0142o skuteczne i wydajne, starannie zaprojektowane, aby spe\u0142nia\u0107 specyficzne potrzeby, a jednocze\u015bnie maksymalizowa\u0107 wydajno\u015b\u0107. Nasze zaanga\u017cowanie w szybk\u0105 i profesjonaln\u0105 obs\u0142ug\u0119, w po\u0142\u0105czeniu z fachowym doradztwem, gwarantuje, \u017ce ka\u017cde zapytanie jest obs\u0142ugiwane z precyzj\u0105 i staranno\u015bci\u0105, co wzmacnia nasz\u0105 reputacj\u0119 w zakresie niezawodno\u015bci.<\/p>\n<p>Otwarta komunikacja jest kluczem do naszego sukcesu, zw\u0142aszcza w kontek\u015bcie rozwoju nowych produkt\u00f3w. Nasz zaanga\u017cowany zesp\u00f3\u0142 \u015bci\u015ble wsp\u00f3\u0142pracuje z klientami, aby w pe\u0142ni zrozumie\u0107 ich unikalne potrzeby, dostarczaj\u0105c cennych informacji, kt\u00f3re prowadz\u0105 do najskuteczniejszych rozwi\u0105za\u0144. Niezale\u017cnie od tego, czy projektujemy nowatorskie produkty, czy realizujemy bie\u017c\u0105ce zam\u00f3wienia, dok\u0142adamy wszelkich stara\u0144, aby dostarcza\u0107 wysokiej jako\u015bci, precyzyjnie zaprojektowane rozwi\u0105zania, charakteryzuj\u0105ce si\u0119 wydajno\u015bci\u0105 i sp\u00f3jno\u015bci\u0105. W FMP do ka\u017cdego projektu podchodzimy z my\u015bl\u0105 o zapewnieniu d\u0142ugoterminowej satysfakcji i najwy\u017cszej funkcjonalno\u015bci.<\/p>\n<p>Jako\u015b\u0107 jest sercem wszystkiego, co robimy. Przestrzegamy najwy\u017cszych standard\u00f3w produkcyjnych, wdra\u017caj\u0105c rygorystyczne procesy kontroli jako\u015bci, aby zapewni\u0107, \u017ce ka\u017cdy produkt nie tylko spe\u0142nia, ale wr\u0119cz przewy\u017csza oczekiwania bran\u017cy. Nasze zaanga\u017cowanie w ci\u0105g\u0142e doskonalenie, w po\u0142\u0105czeniu z naszymi podstawowymi warto\u015bciami, takimi jak uczciwo\u015b\u0107, wsp\u00f3\u0142praca i wytrwa\u0142o\u015b\u0107, pozwoli\u0142o nam zbudowa\u0107 trwa\u0142e relacje z klientami w ponad 30 krajach na ca\u0142ym \u015bwiecie. To d\u0105\u017cenie do doskona\u0142o\u015bci gwarantuje, \u017ce FMP pozostaje preferowanym partnerem dla firm poszukuj\u0105cych niezawodnych i wydajnych komponent\u00f3w.<\/p>\n<p>FMP jest zawsze otwarte na budowanie i rozwijanie globalnych partnerstw. Rozumiemy, \u017ce ka\u017cdy klient ma specyficzne potrzeby i z zaanga\u017cowaniem oferujemy fachowe doradztwo i rozwi\u0105zania szyte na miar\u0119, aby sprosta\u0107 tym wymaganiom. Nasze podej\u015bcie wykracza poza samo dostarczanie produkt\u00f3w; d\u0105\u017cymy do budowania d\u0142ugoterminowych relacji, kt\u00f3re wspieraj\u0105 sukces ka\u017cdego projektu. Niezale\u017cnie od tego, czy potrzebujesz innowacyjnych rozwi\u0105za\u0144 dla nowej inicjatywy, czy sta\u0142ego wsparcia dla istniej\u0105cego systemu, FMP jest do Twojej dyspozycji, aby sprosta\u0107 Twoim wyzwaniom technicznym i zapewni\u0107 Ci sta\u0142y sukces. Z FMP zyskujesz wi\u0119cej ni\u017c dostawc\u0119 \u2013 zyskujesz zaufanego partnera, kt\u00f3ry z zaanga\u017cowaniem wspiera rozw\u00f3j Twojej firmy.<\/p>\n<p><img loading=\"lazy\" decoding=\"async\" class=\"alignnone size-full wp-image-1861\" src=\"https:\/\/fmp-components.com\/wp-content\/uploads\/2024\/12\/Other-Agricultural-Gearboxes.webp\" sizes=\"(min-width: 0px) and (max-width: 480px) 480px, (min-width: 481px) and (max-width: 980px) 980px, (min-width: 981px) 1200px, 100vw\" srcset=\"https:\/\/fmp-components.com\/wp-content\/uploads\/2024\/12\/Other-Agricultural-Gearboxes.webp 1200w, https:\/\/fmp-components.com\/wp-content\/uploads\/2024\/12\/Other-Agricultural-Gearboxes-980x1143.webp 980w, https:\/\/fmp-components.com\/wp-content\/uploads\/2024\/12\/Other-Agricultural-Gearboxes-480x560.webp 480w\" alt=\"Inne zmiany rolnicze\" width=\"1200\" height=\"1400\" title=\"\"><\/p>\n<p>Autor: CX<\/p>","protected":false},"excerpt":{"rendered":"<p>Specifications of Fertilizer Spreader Gearbox L-25J Description Fertilizer Spreader Gearbox &#8211; Replacement of Comer Gearbox L-25J Application Various (agricultural) applications Mowers Chemical fertilizer spreaders Band saws Consists of Gearbox Without oil Technical information If you have any questions regarding performance at different speeds, please do not hesitate to contact us. When using it for the [&hellip;]<\/p>","protected":false},"featured_media":2160,"comment_status":"open","ping_status":"closed","template":"","meta":{"_et_pb_use_builder":"","_et_pb_old_content":"","_et_gb_content_width":""},"product_brand":[],"product_cat":[53],"product_tag":[],"class_list":{"0":"post-2158","1":"product","2":"type-product","3":"status-publish","4":"has-post-thumbnail","6":"product_cat-rotary-tiller-gearbox","8":"first","9":"instock","10":"shipping-taxable","11":"product-type-simple"},"_links":{"self":[{"href":"https:\/\/fmp-components.com\/pl\/wp-json\/wp\/v2\/product\/2158","targetHints":{"allow":["GET"]}}],"collection":[{"href":"https:\/\/fmp-components.com\/pl\/wp-json\/wp\/v2\/product"}],"about":[{"href":"https:\/\/fmp-components.com\/pl\/wp-json\/wp\/v2\/types\/product"}],"replies":[{"embeddable":true,"href":"https:\/\/fmp-components.com\/pl\/wp-json\/wp\/v2\/comments?post=2158"}],"wp:featuredmedia":[{"embeddable":true,"href":"https:\/\/fmp-components.com\/pl\/wp-json\/wp\/v2\/media\/2160"}],"wp:attachment":[{"href":"https:\/\/fmp-components.com\/pl\/wp-json\/wp\/v2\/media?parent=2158"}],"wp:term":[{"taxonomy":"product_brand","embeddable":true,"href":"https:\/\/fmp-components.com\/pl\/wp-json\/wp\/v2\/product_brand?post=2158"},{"taxonomy":"product_cat","embeddable":true,"href":"https:\/\/fmp-components.com\/pl\/wp-json\/wp\/v2\/product_cat?post=2158"},{"taxonomy":"product_tag","embeddable":true,"href":"https:\/\/fmp-components.com\/pl\/wp-json\/wp\/v2\/product_tag?post=2158"}],"curies":[{"name":"wp","href":"https:\/\/api.w.org\/{rel}","templated":true}]}}