{"id":2151,"date":"2024-12-30T06:59:10","date_gmt":"2024-12-30T06:59:10","guid":{"rendered":"https:\/\/fmp-components.com\/?page_id=8"},"modified":"2024-12-30T08:06:25","modified_gmt":"2024-12-30T08:06:25","slug":"fertilizer-spreader-gearbox-replacement-of-comer-code-l-25c","status":"publish","type":"product","link":"https:\/\/fmp-components.com\/pl\/product\/fertilizer-spreader-gearbox-replacement-of-comer-code-l-25c\/","title":{"rendered":"Przek\u0142adnia rozsiewacza nawozu \u2013 wymiana Comer Code L-25C"},"content":{"rendered":"<p><img loading=\"lazy\" decoding=\"async\" class=\"wp-image-2156 aligncenter\" src=\"https:\/\/fmp-components.com\/wp-content\/uploads\/2024\/12\/fertilizer-spreader-gearbox-l25c.webp\" alt=\"rozsiewacz-nawoz\u00f3w-skrzynia-przekladniowa-l25c\" width=\"790\" height=\"790\" title=\"\" srcset=\"https:\/\/fmp-components.com\/wp-content\/uploads\/2024\/12\/fertilizer-spreader-gearbox-l25c.webp 300w, https:\/\/fmp-components.com\/wp-content\/uploads\/2024\/12\/fertilizer-spreader-gearbox-l25c-150x150.webp 150w, https:\/\/fmp-components.com\/wp-content\/uploads\/2024\/12\/fertilizer-spreader-gearbox-l25c-12x12.webp 12w, https:\/\/fmp-components.com\/wp-content\/uploads\/2024\/12\/fertilizer-spreader-gearbox-l25c-100x100.webp 100w\" sizes=\"(max-width: 790px) 100vw, 790px\" \/><\/p>\n<h2>Dane techniczne przek\u0142adni rozsiewacza nawozu L-25C<\/h2>\n<p><img loading=\"lazy\" decoding=\"async\" class=\"alignnone size-full wp-image-2157\" src=\"https:\/\/fmp-components.com\/wp-content\/uploads\/2024\/12\/fertilizer-spreader-gearbox-specifications-l25c.webp\" alt=\"Specyfikacje skrzyni bieg\u00f3w rozsiewacza nawoz\u00f3w L25C\" width=\"974\" height=\"544\" title=\"\" srcset=\"https:\/\/fmp-components.com\/wp-content\/uploads\/2024\/12\/fertilizer-spreader-gearbox-specifications-l25c.webp 974w, https:\/\/fmp-components.com\/wp-content\/uploads\/2024\/12\/fertilizer-spreader-gearbox-specifications-l25c-480x268.webp 480w\" sizes=\"(min-width: 0px) and (max-width: 480px) 480px, (min-width: 481px) 974px, 100vw\" \/><\/p>\n<table style=\"width: 100%;\" border=\"1\" width=\"100%\" cellspacing=\"0\" cellpadding=\"0\">\n<tbody>\n<tr>\n<th style=\"width: 53.1318%;\">Wsp\u00f3\u0142czynnik wej\u015bciowy (i)<\/th>\n<td style=\"width: 46.6522%;\">1.35<\/td>\n<\/tr>\n<tr>\n<th style=\"width: 53.1318%;\">Pr\u0119dko\u015b\u0107 wej\u015bciowa (N1 [obr.\/min])<\/th>\n<td style=\"width: 46.6522%;\">540<\/td>\n<\/tr>\n<tr>\n<th style=\"width: 53.1318%;\">Moc wej\u015bciowa (P1 [kW])<\/th>\n<td style=\"width: 46.6522%;\">9.9<\/td>\n<\/tr>\n<tr>\n<th style=\"width: 53.1318%;\">Moment obrotowy wyj\u015bciowy (M2 [Nm])<\/th>\n<td style=\"width: 46.6522%;\">126<\/td>\n<\/tr>\n<tr>\n<th style=\"width: 53.1318%;\">Typ wej\u015bcia<\/th>\n<td style=\"width: 46.6522%;\">Z<\/td>\n<\/tr>\n<tr>\n<th style=\"width: 53.1318%;\">Waga<\/th>\n<td style=\"width: 46.6522%;\">17 kg<\/td>\n<\/tr>\n<\/tbody>\n<\/table>\n<p><span style=\"color: #333333; font-size: 26px;\">Cechy przek\u0142adni rozsiewacza nawozu<\/span><\/p>\n<article class=\"w-full scroll-mb-[var(--thread-trailing-height,150px)] text-token-text-primary focus-visible:outline-2 focus-visible:outline-offset-[-4px]\" dir=\"auto\" data-testid=\"conversation-turn-92\" data-scroll-anchor=\"false\">\n<div class=\"m-auto text-base py-[18px] px-3 md:px-4 w-full md:px-5 lg:px-4 xl:px-5\">\n<div class=\"mx-auto flex flex-1 gap-4 text-base md:gap-5 lg:gap-6 md:max-w-3xl lg:max-w-[40rem] xl:max-w-[48rem]\">\n<div class=\"group\/conversation-turn relative flex w-full min-w-0 flex-col\">\n<div class=\"flex-col gap-1 md:gap-3\">\n<div class=\"flex max-w-full flex-col flex-grow\">\n<div class=\"min-h-8 text-message flex w-full flex-col items-end gap-2 whitespace-normal break-words text-start [.text-message+&amp;]:mt-5\" dir=\"auto\" data-message-author-role=\"user\" data-message-id=\"aaa27537-8ed0-4e1f-9cf5-d9a41e7e7f9f\">\n<div class=\"flex w-full flex-col gap-1 empty:hidden items-end rtl:items-start\">\n<div class=\"relative max-w-[var(--user-chat-width,70%)] rounded-3xl bg-token-message-surface px-5 py-2.5\">\n<ol>\n<li><strong>Precyzyjna dystrybucja mocy<\/strong><br \/>\nPrzek\u0142adnia rozsiewacza nawozu zosta\u0142a zaprojektowana tak, aby zapewni\u0107 precyzyjn\u0105 kontrol\u0119 obrot\u00f3w i pr\u0119dko\u015bci obrotowej podzespo\u0142\u00f3w rozsiewacza. Zapewnia to r\u00f3wnomierne i dok\u0142adne rozprowadzanie nawozu na polu, zapobiegaj\u0105c nadmiernemu lub niedostatecznemu rozprowadzaniu, kt\u00f3re mo\u017ce szkodzi\u0107 uprawom i prowadzi\u0107 do marnotrawstwa zasob\u00f3w. Przek\u0142adnia optymalizuje przep\u0142yw mocy z ci\u0105gnika do rozsiewacza, zapewniaj\u0105c r\u00f3wnomierne pokrycie przy ka\u017cdym przeje\u017adzie.<\/li>\n<li><strong>Ci\u0119\u017cka konstrukcja<\/strong><br \/>\nPrzek\u0142adnia rozsiewacza nawoz\u00f3w, zaprojektowana do trudnych warunk\u00f3w rolniczych, zosta\u0142a wykonana z wysokiej jako\u015bci materia\u0142\u00f3w, kt\u00f3re zapewniaj\u0105 trwa\u0142o\u015b\u0107 i odporno\u015b\u0107 w trudnych warunkach u\u017cytkowania. Zosta\u0142a zaprojektowana tak, aby wytrzyma\u0107 obci\u0105\u017cenia i wysoki moment obrotowy generowany podczas pracy, zapewniaj\u0105c d\u0142ugotrwa\u0142\u0105 niezawodno\u015b\u0107 i d\u0142u\u017csz\u0105 \u017cywotno\u015b\u0107. Przek\u0142adnia jest odporna na trudne warunki, takie jak wilgo\u0107, kurz i gleba, bez uszczerbku dla wydajno\u015bci.<\/li>\n<li><strong>Regulowane pr\u0119dko\u015bci wyj\u015bciowe<\/strong><br \/>\nWiele przek\u0142adni rozsiewaczy nawoz\u00f3w posiada regulowan\u0105 pr\u0119dko\u015b\u0107 wyj\u015bciow\u0105, co pozwala operatorom kontrolowa\u0107 dawk\u0119 nawozu i zapewni\u0107 jej spe\u0142nienie okre\u015blonych wymaga\u0144 dotycz\u0105cych nawo\u017cenia. Ta funkcja zwi\u0119ksza wszechstronno\u015b\u0107 przek\u0142adni, dzi\u0119ki czemu nadaje si\u0119 ona do r\u00f3\u017cnorodnych zada\u0144, od lekkiego rozsiewania po intensywne zastosowania. Reguluj\u0105c pr\u0119dko\u015b\u0107, u\u017cytkownicy mog\u0105 optymalizowa\u0107 zu\u017cycie nawozu w zale\u017cno\u015bci od upraw i warunk\u00f3w polowych.<\/li>\n<li><strong>Kompaktowa i zajmuj\u0105ca ma\u0142o miejsca konstrukcja<\/strong><br \/>\nPrzek\u0142adnie rozsiewaczy nawozu s\u0105 kompaktowe i zajmuj\u0105 ma\u0142o miejsca, co u\u0142atwia ich monta\u017c w wielu modelach rozsiewaczy. Ich kompaktowa konstrukcja pozwala na sprawn\u0105 integracj\u0119 przy minimalnych modyfikacjach, dzi\u0119ki czemu nie zajmuj\u0105 zbyt du\u017co miejsca ani nie zwi\u0119kszaj\u0105 niepotrzebnie masy. Wp\u0142ywa to na og\u00f3ln\u0105 \u0142atwo\u015b\u0107 obs\u0142ugi i zwrotno\u015b\u0107 rozsiewacza podczas pracy.<\/li>\n<li><strong>Niskie koszty utrzymania i wysoka wydajno\u015b\u0107<\/strong><br \/>\nPrzek\u0142adnia rozsiewacza nawozu zosta\u0142a zaprojektowana z my\u015bl\u0105 o bezobs\u0142ugowej pracy, wyposa\u017cona w solidne uszczelnienia i elementy samosmaruj\u0105ce, kt\u00f3re minimalizuj\u0105 konieczno\u015b\u0107 cz\u0119stego serwisowania. Pomaga to skr\u00f3ci\u0107 przestoje i zapewni\u0107 ci\u0105g\u0142\u0105 prac\u0119 przez ca\u0142y sezon siewu i nawo\u017cenia. Wysokowydajna przek\u0142adnia redukuje straty mocy, poprawiaj\u0105c oszcz\u0119dno\u015b\u0107 paliwa i czyni\u0105c j\u0105 ekonomicznym rozwi\u0105zaniem dla gospodarstw rolnych na du\u017c\u0105 skal\u0119. Dodatkowo, przek\u0142adnia jest \u0142atwa w konserwacji, z \u0142atwo dost\u0119pnymi punktami smarowania i trwa\u0142ymi \u0142o\u017cyskami, co przyczynia si\u0119 do jej d\u0142ugiej \u017cywotno\u015bci.<\/li>\n<\/ol>\n<div class=\"absolute bottom-0 right-full top-0 -mr-3.5 hidden pr-5 pt-1 [.group\\\/conversation-turn:hover_&amp;]:block\"><\/div>\n<\/div>\n<\/div>\n<\/div>\n<\/div>\n<\/div>\n<\/div>\n<\/div>\n<\/div>\n<\/article>\n<article class=\"w-full scroll-mb-[var(--thread-trailing-height,150px)] text-token-text-primary focus-visible:outline-2 focus-visible:outline-offset-[-4px]\" dir=\"auto\" data-testid=\"conversation-turn-93\" data-scroll-anchor=\"true\">\n<h6 class=\"sr-only\"><\/h6>\n<\/article>\n<p>\u00a0<img loading=\"lazy\" decoding=\"async\" class=\"wp-image-2155 aligncenter\" src=\"https:\/\/fmp-components.com\/wp-content\/uploads\/2024\/12\/fertilizer-spreader-gearbox-2.webp\" alt=\"rozsiewacz nawoz\u00f3w-skrzynia-2\" width=\"631\" height=\"631\" title=\"\" srcset=\"https:\/\/fmp-components.com\/wp-content\/uploads\/2024\/12\/fertilizer-spreader-gearbox-2.webp 400w, https:\/\/fmp-components.com\/wp-content\/uploads\/2024\/12\/fertilizer-spreader-gearbox-2-300x300.webp 300w, https:\/\/fmp-components.com\/wp-content\/uploads\/2024\/12\/fertilizer-spreader-gearbox-2-150x150.webp 150w, https:\/\/fmp-components.com\/wp-content\/uploads\/2024\/12\/fertilizer-spreader-gearbox-2-12x12.webp 12w, https:\/\/fmp-components.com\/wp-content\/uploads\/2024\/12\/fertilizer-spreader-gearbox-2-100x100.webp 100w\" sizes=\"(max-width: 631px) 100vw, 631px\" \/><\/p>\n<h2>Wa\u0142y przegubowo-teleskopowe do przek\u0142adni rozsiewacza nawoz\u00f3w rolniczych<\/h2>\n<p>Wa\u0142y odbioru mocy (WOM) do skrzy\u0144 bieg\u00f3w rozsiewaczy nawoz\u00f3w rolniczych to niezb\u0119dne elementy, kt\u00f3re przenosz\u0105 moc mechaniczn\u0105 z ci\u0105gnika do skrzyni bieg\u00f3w, umo\u017cliwiaj\u0105c dzia\u0142anie rozsiewacza nawoz\u00f3w. Wa\u0142y te zosta\u0142y zaprojektowane specjalnie z my\u015bl\u0105 o wymagaj\u0105cych zastosowaniach rolniczych, zapewniaj\u0105c niezawodne i wydajne przenoszenie mocy, gwarantuj\u0105c sta\u0142\u0105 wydajno\u015b\u0107 w r\u00f3\u017cnych warunkach polowych. \u0141\u0105cz\u0105c silnik ci\u0105gnika ze skrzyni\u0105 bieg\u00f3w, wa\u0142y WOM odgrywaj\u0105 kluczow\u0105 rol\u0119 w zapewnieniu funkcjonalno\u015bci i wydajno\u015bci rozsiewacza.<\/p>\n<p><strong>1. Solidne przeniesienie mocy:<\/strong> Wa\u0142y odbioru mocy do przek\u0142adni rozsiewaczy nawoz\u00f3w s\u0105 zaprojektowane tak, aby wytrzyma\u0107 wysoki moment obrotowy i intensywne u\u017cytkowanie. Wykonane z trwa\u0142ych materia\u0142\u00f3w, takich jak stal o wysokiej wytrzyma\u0142o\u015bci, wa\u0142y te zapewniaj\u0105 optymalne przenoszenie mocy bez uszczerbku dla wydajno\u015bci. Ta solidna konstrukcja pomaga zapobiega\u0107 zu\u017cyciu podczas d\u0142ugotrwa\u0142ego u\u017cytkowania, dzi\u0119ki czemu wa\u0142y idealnie sprawdzaj\u0105 si\u0119 w wymagaj\u0105cych warunkach rolniczych, gdzie niezawodno\u015b\u0107 i trwa\u0142o\u015b\u0107 s\u0105 priorytetem.<\/p>\n<p><strong>2. In\u017cynieria precyzyjna:<\/strong> Zaprojektowane z precyzj\u0105, wa\u0142y WOM s\u0105 zoptymalizowane pod k\u0105tem bezproblemowej wsp\u00f3\u0142pracy ze skrzyni\u0105 bieg\u00f3w rozsiewacza nawozu. D\u0142ugo\u015b\u0107, \u015brednica i punkty po\u0142\u0105cze\u0144 wa\u0142u zosta\u0142y starannie zaprojektowane, aby zapewni\u0107 efektywne przenoszenie mocy z silnika ci\u0105gnika na skrzyni\u0119 bieg\u00f3w, zapewniaj\u0105c niezb\u0119dn\u0105 si\u0142\u0119 obrotow\u0105 do obs\u0142ugi rozsiewacza. Dzi\u0119ki temu rozsiewacz zapewnia r\u00f3wnomierne i r\u00f3wnomierne rozprowadzanie nawozu na du\u017cych polach uprawnych.<\/p>\n<p><strong>3. Wszechstronno\u015b\u0107 i kompatybilno\u015b\u0107:<\/strong> Wa\u0142y WOM do przek\u0142adni rozsiewaczy nawoz\u00f3w s\u0105 dost\u0119pne w r\u00f3\u017cnych rozmiarach i konfiguracjach, co zapewnia kompatybilno\u015b\u0107 z szerok\u0105 gam\u0105 maszyn rolniczych. Niezale\u017cnie od wielko\u015bci rozsiewacza, wa\u0142 WOM mo\u017cna dobra\u0107 do specyficznych wymaga\u0144 sprz\u0119tu i mocy wyj\u015bciowej WOM ci\u0105gnika. Ta wszechstronno\u015b\u0107 u\u0142atwia rolnikom utrzymanie optymalnej wydajno\u015bci w r\u00f3\u017cnych typach maszyn i warunkach polowych.<\/p>\n<p><strong>4. \u0141atwa konserwacja i trwa\u0142o\u015b\u0107:<\/strong> Konstrukcja wa\u0142\u00f3w WOM obejmuje rozwi\u0105zania u\u0142atwiaj\u0105ce konserwacj\u0119 i wyd\u0142u\u017caj\u0105ce ich \u017cywotno\u015b\u0107. Elementy takie jak smarowniczki, regulowana d\u0142ugo\u015b\u0107 i os\u0142ony ochronne u\u0142atwiaj\u0105 rutynowe serwisowanie, zapewniaj\u0105c sprawne dzia\u0142anie wa\u0142\u00f3w przez d\u0142ugi czas. Regularna konserwacja pomaga zapobiega\u0107 uszkodzeniom i zmniejsza ryzyko kosztownych napraw, dzi\u0119ki czemu te wa\u0142y WOM s\u0105 ekonomicznym rozwi\u0105zaniem dla rolnik\u00f3w.<\/p>\n<p><strong>5. Zwi\u0119kszona efektywno\u015b\u0107 stosowania nawoz\u00f3w:<\/strong> Zapewniaj\u0105c sta\u0142e i niezawodne dostarczanie mocy do przek\u0142adni rozsiewacza nawozu, wa\u0142y odbioru mocy przyczyniaj\u0105 si\u0119 do zwi\u0119kszenia wydajno\u015bci operacyjnej. Efektem jest r\u00f3wnomierne rozprowadzanie nawozu, redukcja strat i optymalizacja plon\u00f3w. Precyzja i trwa\u0142o\u015b\u0107 wa\u0142\u00f3w odbioru mocy przyczyniaj\u0105 si\u0119 do poprawy og\u00f3lnej wydajno\u015bci nawo\u017cenia, wspieraj\u0105c zr\u00f3wnowa\u017cone praktyki rolnicze i sprzyjaj\u0105c lepszemu wzrostowi upraw.<\/p>\n<p>Podsumowuj\u0105c, wa\u0142y odbioru mocy (WOM) do przek\u0142adni rozsiewaczy nawoz\u00f3w rolniczych to kluczowe elementy zapewniaj\u0105ce niezawodne przenoszenie mocy, wydajno\u015b\u0107 operacyjn\u0105 i d\u0142ugotrwa\u0142\u0105 prac\u0119 w zastosowaniach rolniczych. Zaprojektowane z my\u015bl\u0105 o trwa\u0142o\u015bci, precyzji i \u0142atwo\u015bci konserwacji, wa\u0142y te pomagaj\u0105 zoptymalizowa\u0107 wydajno\u015b\u0107 rozsiewaczy nawoz\u00f3w, przyczyniaj\u0105c si\u0119 do wzrostu wydajno\u015bci rolnictwa.<\/p>\n<p><img loading=\"lazy\" decoding=\"async\" class=\"alignnone size-full wp-image-2171\" src=\"https:\/\/fmp-components.com\/wp-content\/uploads\/2024\/12\/PTO-Shafts-for-Agricultural-Fertilizer-Spreader-Gearbox-1.webp\" alt=\"Wa\u0142y odbioru mocy do rozsiewaczy nawoz\u00f3w rolniczych - skrzynia bieg\u00f3w - 1\" width=\"1200\" height=\"800\" title=\"\" srcset=\"https:\/\/fmp-components.com\/wp-content\/uploads\/2024\/12\/PTO-Shafts-for-Agricultural-Fertilizer-Spreader-Gearbox-1.webp 1200w, https:\/\/fmp-components.com\/wp-content\/uploads\/2024\/12\/PTO-Shafts-for-Agricultural-Fertilizer-Spreader-Gearbox-1-980x653.webp 980w, https:\/\/fmp-components.com\/wp-content\/uploads\/2024\/12\/PTO-Shafts-for-Agricultural-Fertilizer-Spreader-Gearbox-1-480x320.webp 480w\" sizes=\"(min-width: 0px) and (max-width: 480px) 480px, (min-width: 481px) and (max-width: 980px) 980px, (min-width: 981px) 1200px, 100vw\" \/><\/p>\n<h3>O FMP<\/h3>\n<p>Z siedzib\u0105 g\u0142\u00f3wn\u0105 we W\u0142oszech, FMP to wiod\u0105cy producent, znany na ca\u0142ym \u015bwiecie ze swojego do\u015bwiadczenia w projektowaniu, rozwoju i produkcji wysokowydajnych przek\u0142adni, obs\u0142uguj\u0105cych g\u0142\u00f3wnie sektor maszyn rolniczych. Znana z zaanga\u017cowania w precyzj\u0119 wykonania, innowacyjno\u015b\u0107 i niezr\u00f3wnan\u0105 niezawodno\u015b\u0107, firma FMP ugruntowa\u0142a swoj\u0105 pozycj\u0119 zaufanego partnera w dostarczaniu wysokiej jako\u015bci produkt\u00f3w, kt\u00f3re spe\u0142niaj\u0105 zmieniaj\u0105ce si\u0119 potrzeby rynku rolniczego i przemys\u0142owego. Nasze bogate portfolio produkt\u00f3w obejmuje specjalistyczne przek\u0142adnie do kosiarek, wa\u0142y odbioru mocy (WOM) i inne kluczowe komponenty, zaprojektowane z my\u015bl\u0105 o oferowaniu rozwi\u0105za\u0144 dostosowanych do szerokiego spektrum zastosowa\u0144.<\/p>\n<p>W FMP rozumiemy, \u017ce ka\u017cdy klient ma unikalne wyzwania i wymagania. Dlatego specjalizujemy si\u0119 w oferowaniu rozwi\u0105za\u0144 szytych na miar\u0119, zar\u00f3wno pojedynczych komponent\u00f3w, jak i kompletnych, zintegrowanych system\u00f3w. Nasze podej\u015bcie oparte na wsp\u00f3\u0142pracy gwarantuje, \u017ce ka\u017cde rozwi\u0105zanie jest zar\u00f3wno skuteczne, jak i wydajne, zwi\u0119kszaj\u0105c wydajno\u015b\u0107 i optymalizuj\u0105c warto\u015b\u0107. D\u0105\u017c\u0105c do szybkiego, profesjonalnego reagowania i fachowego doradztwa, obs\u0142ugujemy ka\u017cde zapytanie z precyzj\u0105 i dba\u0142o\u015bci\u0105 o szczeg\u00f3\u0142y, zapewniaj\u0105c naszym klientom najwy\u017cszy poziom obs\u0142ugi i wsparcia.<\/p>\n<p>Przywi\u0105zujemy du\u017c\u0105 wag\u0119 do jasnej i ci\u0105g\u0142ej komunikacji, szczeg\u00f3lnie w procesie rozwoju nowych produkt\u00f3w. Nasz zaanga\u017cowany zesp\u00f3\u0142 \u015bci\u015ble wsp\u00f3\u0142pracuje z klientami, aby zrozumie\u0107 ich specyficzne potrzeby, oferuj\u0105c praktyczne spostrze\u017cenia, kt\u00f3re prowadz\u0105 do najskuteczniejszych rozwi\u0105za\u0144. Niezale\u017cnie od tego, czy projektujemy innowacyjne produkty, czy realizujemy istniej\u0105ce zam\u00f3wienia, koncentrujemy si\u0119 na dostarczaniu wysokiej jako\u015bci, precyzyjnie zaprojektowanych rozwi\u0105za\u0144, kt\u00f3re s\u0105 realizowane terminowo i przekraczaj\u0105 oczekiwania.<\/p>\n<p>Podstaw\u0105 dzia\u0142alno\u015bci FMP jest niezmienne zaanga\u017cowanie w jako\u015b\u0107. Przestrzegamy najwy\u017cszych standard\u00f3w produkcyjnych i wdra\u017camy rygorystyczne procedury kontroli jako\u015bci, aby zapewni\u0107, \u017ce ka\u017cdy produkt spe\u0142nia lub przewy\u017csza standardy bran\u017cowe. Nasze nieustanne d\u0105\u017cenie do jako\u015bci, w po\u0142\u0105czeniu z naszymi podstawowymi warto\u015bciami, takimi jak uczciwo\u015b\u0107, wsp\u00f3\u0142praca i wytrwa\u0142o\u015b\u0107, pomog\u0142o nam zbudowa\u0107 silne, d\u0142ugoterminowe relacje z klientami w ponad 30 krajach na ca\u0142ym \u015bwiecie.<\/p>\n<p>FMP jest zawsze otwarta na budowanie globalnych partnerstw i niezmiennie oferuje fachowe doradztwo oraz spersonalizowane rozwi\u0105zania, aby sprosta\u0107 zr\u00f3\u017cnicowanym potrzebom naszych klient\u00f3w. Nie ograniczamy si\u0119 tylko do dostarczania produkt\u00f3w \u2013 koncentrujemy si\u0119 na budowaniu trwa\u0142ych i warto\u015bciowych relacji, kt\u00f3re s\u0105 motorem sukcesu ka\u017cdego projektu. Niezale\u017cnie od tego, czy szukasz innowacyjnych rozwi\u0105za\u0144 dla nowej inicjatywy, czy potrzebujesz sta\u0142ego wsparcia dla istniej\u0105cego systemu, FMP pomo\u017ce Ci stawi\u0107 czo\u0142a wyzwaniom technicznym i zapewni\u0107 Ci ci\u0105g\u0142y sukces.<\/p>\n<p><img loading=\"lazy\" decoding=\"async\" class=\"alignnone size-full wp-image-1861\" src=\"https:\/\/fmp-components.com\/wp-content\/uploads\/2024\/12\/Other-Agricultural-Gearboxes.webp\" sizes=\"(min-width: 0px) and (max-width: 480px) 480px, (min-width: 481px) and (max-width: 980px) 980px, (min-width: 981px) 1200px, 100vw\" srcset=\"https:\/\/fmp-components.com\/wp-content\/uploads\/2024\/12\/Other-Agricultural-Gearboxes.webp 1200w, https:\/\/fmp-components.com\/wp-content\/uploads\/2024\/12\/Other-Agricultural-Gearboxes-980x1143.webp 980w, https:\/\/fmp-components.com\/wp-content\/uploads\/2024\/12\/Other-Agricultural-Gearboxes-480x560.webp 480w\" alt=\"Inne zmiany rolnicze\" width=\"1200\" height=\"1400\" title=\"\"><\/p>\n<p>Autor: CX<\/p>","protected":false},"excerpt":{"rendered":"<p>Specifications of Fertilizer Spreader Gearbox L-25C Input Ratio (i) 1.35 Input Speed (N1 [rpm]) 540 Input Power (P1 [kW]) 9.9 Output Torque (M2 [Nm]) 126 Input Type Z Weight 17 kg Features of Fertilizer Spreader Gearbox Precision Power Distribution The fertilizer spreader gearbox is designed to deliver precise control over the rotation and speed of [&hellip;]<\/p>","protected":false},"featured_media":2156,"comment_status":"open","ping_status":"closed","template":"","meta":{"_et_pb_use_builder":"","_et_pb_old_content":"","_et_gb_content_width":""},"product_brand":[],"product_cat":[54],"product_tag":[],"class_list":{"0":"post-2151","1":"product","2":"type-product","3":"status-publish","4":"has-post-thumbnail","6":"product_cat-fertilizer-spreader-gearbox","8":"first","9":"instock","10":"shipping-taxable","11":"product-type-simple"},"_links":{"self":[{"href":"https:\/\/fmp-components.com\/pl\/wp-json\/wp\/v2\/product\/2151","targetHints":{"allow":["GET"]}}],"collection":[{"href":"https:\/\/fmp-components.com\/pl\/wp-json\/wp\/v2\/product"}],"about":[{"href":"https:\/\/fmp-components.com\/pl\/wp-json\/wp\/v2\/types\/product"}],"replies":[{"embeddable":true,"href":"https:\/\/fmp-components.com\/pl\/wp-json\/wp\/v2\/comments?post=2151"}],"wp:featuredmedia":[{"embeddable":true,"href":"https:\/\/fmp-components.com\/pl\/wp-json\/wp\/v2\/media\/2156"}],"wp:attachment":[{"href":"https:\/\/fmp-components.com\/pl\/wp-json\/wp\/v2\/media?parent=2151"}],"wp:term":[{"taxonomy":"product_brand","embeddable":true,"href":"https:\/\/fmp-components.com\/pl\/wp-json\/wp\/v2\/product_brand?post=2151"},{"taxonomy":"product_cat","embeddable":true,"href":"https:\/\/fmp-components.com\/pl\/wp-json\/wp\/v2\/product_cat?post=2151"},{"taxonomy":"product_tag","embeddable":true,"href":"https:\/\/fmp-components.com\/pl\/wp-json\/wp\/v2\/product_tag?post=2151"}],"curies":[{"name":"wp","href":"https:\/\/api.w.org\/{rel}","templated":true}]}}