{"id":2142,"date":"2024-12-30T06:40:20","date_gmt":"2024-12-30T06:40:20","guid":{"rendered":"https:\/\/fmp-components.com\/?page_id=8"},"modified":"2024-12-30T08:07:38","modified_gmt":"2024-12-30T08:07:38","slug":"fertilizer-spreader-gearbox-replacement-of-comer-code-l-150j","status":"publish","type":"product","link":"https:\/\/fmp-components.com\/pl\/product\/fertilizer-spreader-gearbox-replacement-of-comer-code-l-150j\/","title":{"rendered":"Przek\u0142adnia rozsiewacza nawozu \u2013 wymiana Comer Code L-150J"},"content":{"rendered":"<p><img loading=\"lazy\" decoding=\"async\" class=\"size-full wp-image-2146 aligncenter\" src=\"https:\/\/fmp-components.com\/wp-content\/uploads\/2024\/12\/fertilizer-spreader-gearbox-l150j.webp\" alt=\"rozsiewacz-nawoz\u00f3w-skrzynia-przekladniowa-l150j\" width=\"300\" height=\"300\" title=\"\" srcset=\"https:\/\/fmp-components.com\/wp-content\/uploads\/2024\/12\/fertilizer-spreader-gearbox-l150j.webp 300w, https:\/\/fmp-components.com\/wp-content\/uploads\/2024\/12\/fertilizer-spreader-gearbox-l150j-150x150.webp 150w, https:\/\/fmp-components.com\/wp-content\/uploads\/2024\/12\/fertilizer-spreader-gearbox-l150j-12x12.webp 12w, https:\/\/fmp-components.com\/wp-content\/uploads\/2024\/12\/fertilizer-spreader-gearbox-l150j-100x100.webp 100w\" sizes=\"(max-width: 300px) 100vw, 300px\" \/><\/p>\n<table style=\"width: 100%;\" border=\"1\" width=\"100%\" cellspacing=\"0\" cellpadding=\"0\">\n<tbody>\n<tr>\n<th>Cechy techniczne<\/th>\n<td>Prze\u0142o\u017cenie skrzyni bieg\u00f3w FMP-L150J wynosi 1:1,93.<\/td>\n<\/tr>\n<tr>\n<th>Wa\u0142 wej\u015bciowy<\/th>\n<td>Otw\u00f3r okr\u0105g\u0142y 1-3\/8\u2033<\/td>\n<\/tr>\n<tr>\n<th>Wa\u0142 wyj\u015bciowy<\/th>\n<td>Wielowypusty sto\u017ckowe, tuleje nale\u017cy zamawia\u0107 osobno.<\/td>\n<\/tr>\n<tr>\n<th>Ocena skrzyni bieg\u00f3w<\/th>\n<td>60 KM przy 540 obr.\/min<\/td>\n<\/tr>\n<tr>\n<th>Obr\u00f3t<\/th>\n<td>CCW (przeciwnie do ruchu wskaz\u00f3wek zegara)<\/td>\n<\/tr>\n<tr>\n<th>Zgodno\u015b\u0107<\/th>\n<td>Pasuje do zamiennik\u00f3w no\u017cy obrotowych Comer<\/td>\n<\/tr>\n<tr>\n<th>Wz\u00f3r monta\u017cowy<\/th>\n<td>203,2 mm<\/td>\n<\/tr>\n<tr>\n<th>Aplikacja<\/th>\n<td>Nawozy<\/td>\n<\/tr>\n<tr>\n<th>Materia\u0142 korpusu<\/th>\n<td>Aluminium<\/td>\n<\/tr>\n<tr>\n<th>Szyb wej\u015bciowy<\/th>\n<td>\u03a1\u03a4\u039f \u03a635\/\u03966 (1 3\/8\u2033 z6)<\/td>\n<\/tr>\n<tr>\n<th>Szyb wyj\u015bciowy<\/th>\n<td>\u03a625 mm z dwoma otworami pionowymi. Brak rowka wpustowego.<\/td>\n<\/tr>\n<tr>\n<th>Moc wej\u015bciowa przy 540 obr.\/min<\/th>\n<td>8 kW<\/td>\n<\/tr>\n<tr>\n<th>Smarowanie<\/th>\n<td>Smar. Nie jest do\u0142\u0105czony.<\/td>\n<\/tr>\n<\/tbody>\n<\/table>\n<p><img loading=\"lazy\" decoding=\"async\" class=\"alignnone size-full wp-image-2145\" src=\"https:\/\/fmp-components.com\/wp-content\/uploads\/2024\/12\/fertilizer-spreader-gearbox-specifications-l150j.webp\" alt=\"Specyfikacje skrzyni bieg\u00f3w rozsiewacza nawoz\u00f3w L150J\" width=\"971\" height=\"619\" title=\"\" srcset=\"https:\/\/fmp-components.com\/wp-content\/uploads\/2024\/12\/fertilizer-spreader-gearbox-specifications-l150j.webp 971w, https:\/\/fmp-components.com\/wp-content\/uploads\/2024\/12\/fertilizer-spreader-gearbox-specifications-l150j-480x306.webp 480w\" sizes=\"(min-width: 0px) and (max-width: 480px) 480px, (min-width: 481px) 971px, 100vw\" \/><\/p>\n<table style=\"width: 100.459%; height: 116px;\" border=\"1\">\n<tbody>\n<tr>\n<td rowspan=\"2\"><strong>N<sub>1<\/sub>[obr.\/min]<\/strong><\/td>\n<td rowspan=\"2\"><strong>P<sub>1<\/sub>[kW]<\/strong><\/td>\n<td rowspan=\"2\"><strong>M<sub>2<\/sub>[Nm]<\/strong><\/td>\n<td><strong>Typ wa\u0142u<\/strong><\/td>\n<td><strong>\u00a0<\/strong><\/td>\n<td rowspan=\"2\"><strong>Wej\u015bcie<\/strong><\/td>\n<\/tr>\n<tr>\n<td><strong>X<\/strong><\/td>\n<td><strong>Z<\/strong><\/td>\n<\/tr>\n<tr>\n<td>540<\/td>\n<td>8.0<\/td>\n<td>137<\/td>\n<td>\u03a625<\/td>\n<td>1\u201d 3\/8 Z6<\/td>\n<td>Z<\/td>\n<\/tr>\n<tr>\n<td>540<\/td>\n<td>8.0<\/td>\n<td>137<\/td>\n<td>\u03a625<\/td>\n<td>\u03a625<\/td>\n<td>Z<\/td>\n<\/tr>\n<tr>\n<td>540<\/td>\n<td>8.0<\/td>\n<td>137<\/td>\n<td>\u03a63\/4\u201d<\/td>\n<td>\u03a63\/4\u201d<\/td>\n<td>Z<\/td>\n<\/tr>\n<\/tbody>\n<\/table>\n<h3>Wa\u0142y przegubowo-teleskopowe do przek\u0142adni rozsiewacza nawozu<\/h3>\n<p>Wa\u0142y odbioru mocy do skrzy\u0144 bieg\u00f3w rozsiewaczy nawoz\u00f3w odgrywaj\u0105 kluczow\u0105 rol\u0119 w przenoszeniu mocy z ci\u0105gnika do skrzyni bieg\u00f3w, zapewniaj\u0105c wydajn\u0105 prac\u0119 rozsiewacza. Zaprojektowane do zastosowa\u0144 wymagaj\u0105cych wysokiej wydajno\u015bci, wa\u0142y te s\u0105 skonstruowane tak, aby sprosta\u0107 surowym wymaganiom zwi\u0105zanym z rozrzucaniem nawoz\u00f3w na polach uprawnych. Dzi\u0119ki solidnej konstrukcji i precyzyjnej konstrukcji, wa\u0142y odbioru mocy zapewniaj\u0105 niezawodne przenoszenie mocy, przyczyniaj\u0105c si\u0119 do p\u0142ynnej i r\u00f3wnomiernej pracy rozsiewacza nawoz\u00f3w.<\/p>\n<p>Konstrukcja wa\u0142\u00f3w odbioru mocy (WOM) do przek\u0142adni rozsiewaczy nawoz\u00f3w obejmuje rozwi\u0105zania zwi\u0119kszaj\u0105ce trwa\u0142o\u015b\u0107 i \u0142atwo\u015b\u0107 obs\u0142ugi. Wa\u0142y te s\u0105 wyposa\u017cone w przeguby krzy\u017cakowe, kt\u00f3re zapewniaj\u0105 elastyczno\u015b\u0107 i p\u0142ynny ruch obrotowy, dostosowuj\u0105c si\u0119 do zmiennych k\u0105t\u00f3w i ruch\u00f3w mi\u0119dzy ci\u0105gnikiem a rozsiewaczem. Wa\u0142y zosta\u0142y r\u00f3wnie\u017c zaprojektowane tak, aby przenosi\u0107 moment obrotowy i napr\u0119\u017cenia generowane podczas intensywnej pracy, zapewniaj\u0105c d\u0142ugotrwa\u0142\u0105 niezawodno\u015b\u0107 nawet w trudnych warunkach.<\/p>\n<p>Wa\u0142y odbioru mocy FMP do przek\u0142adni rozsiewaczy nawoz\u00f3w s\u0105 dost\u0119pne w r\u00f3\u017cnych konfiguracjach, dopasowanych do r\u00f3\u017cnych modeli i wymaga\u0144 maszyn. Niezale\u017cnie od tego, czy potrzebujesz wa\u0142\u00f3w standardowych, czy rozwi\u0105za\u0144 niestandardowych, FMP oferuje wa\u0142y odbioru mocy kompatybilne z szerok\u0105 gam\u0105 maszyn rolniczych. Wa\u0142y te zosta\u0142y zaprojektowane z my\u015bl\u0105 o bezproblemowej integracji z przek\u0142adniami rozsiewaczy nawoz\u00f3w, zapewniaj\u0105c optymaln\u0105 wydajno\u015b\u0107 i minimalizuj\u0105c przestoje podczas prac polowych.<\/p>\n<p>Bezpiecze\u0144stwo i \u0142atwo\u015b\u0107 konserwacji to kluczowe czynniki brane pod uwag\u0119 przy projektowaniu tych wa\u0142\u00f3w odbioru mocy. Ka\u017cdy wa\u0142 posiada cechy u\u0142atwiaj\u0105ce monta\u017c, wymian\u0119 i konserwacj\u0119, co skraca czas potrzebny na konserwacj\u0119 i naprawy. Dodatkowo, wa\u0142y wyposa\u017cone s\u0105 w zabezpieczenia, takie jak os\u0142ony i zabezpieczenia, chroni\u0105ce operator\u00f3w przed potencjalnymi zagro\u017ceniami podczas pracy.<\/p>\n<p>Podsumowuj\u0105c, wa\u0142y odbioru mocy (WOM) do skrzy\u0144 bieg\u00f3w rozsiewaczy nawoz\u00f3w to niezb\u0119dne elementy zapewniaj\u0105ce efektywne przenoszenie mocy z ci\u0105gnika do rozsiewacza nawoz\u00f3w. Wa\u0142y odbioru mocy FMP oferuj\u0105 wyj\u0105tkow\u0105 wydajno\u015b\u0107, trwa\u0142o\u015b\u0107 i \u0142atwo\u015b\u0107 obs\u0142ugi, pomagaj\u0105c operatorom rolnym uzyska\u0107 r\u00f3wnomierne i wydajne rozprowadzanie nawozu, co ma kluczowe znaczenie dla optymalnego wzrostu upraw i wydajno\u015bci gospodarstwa.<\/p>\n<p><img loading=\"lazy\" decoding=\"async\" class=\"alignnone size-full wp-image-2170\" src=\"https:\/\/fmp-components.com\/wp-content\/uploads\/2024\/12\/PTO-Shafts-for-Agricultural-Fertilizer-Spreader-Gearbox-2.webp\" alt=\"Wa\u0142y odbioru mocy do rozsiewaczy nawoz\u00f3w rolniczych i przek\u0142adni 2\" width=\"1200\" height=\"800\" title=\"\" srcset=\"https:\/\/fmp-components.com\/wp-content\/uploads\/2024\/12\/PTO-Shafts-for-Agricultural-Fertilizer-Spreader-Gearbox-2.webp 1200w, https:\/\/fmp-components.com\/wp-content\/uploads\/2024\/12\/PTO-Shafts-for-Agricultural-Fertilizer-Spreader-Gearbox-2-980x653.webp 980w, https:\/\/fmp-components.com\/wp-content\/uploads\/2024\/12\/PTO-Shafts-for-Agricultural-Fertilizer-Spreader-Gearbox-2-480x320.webp 480w\" sizes=\"(min-width: 0px) and (max-width: 480px) 480px, (min-width: 481px) and (max-width: 980px) 980px, (min-width: 981px) 1200px, 100vw\" \/><\/p>\n<h3>O FMP<\/h3>\n<p>Firma FMP, z siedzib\u0105 g\u0142\u00f3wn\u0105 we W\u0142oszech, jest wiod\u0105cym producentem, znanym ze swojego do\u015bwiadczenia w projektowaniu, rozwoju i produkcji wysokowydajnych przek\u0142adni, ze szczeg\u00f3lnym uwzgl\u0119dnieniem sektora maszyn rolniczych. Dzi\u0119ki reputacji w zakresie precyzyjnej in\u017cynierii, innowacyjnych rozwi\u0105za\u0144 i niezawodnej konstrukcji, FMP sta\u0142a si\u0119 zaufanym partnerem w zaspokajaniu zmieniaj\u0105cych si\u0119 potrzeb zar\u00f3wno sektora rolniczego, jak i przemys\u0142owego. Nasza r\u00f3\u017cnorodna oferta produkt\u00f3w obejmuje specjalistyczne przek\u0142adnie do kosiarek, wa\u0142y odbioru mocy (WOM) i inne niezb\u0119dne komponenty, starannie zaprojektowane, aby zapewni\u0107 rozwi\u0105zania dostosowane do indywidualnych potrzeb w szerokim spektrum zastosowa\u0144.<\/p>\n<p>W FMP rozumiemy, \u017ce ka\u017cdy klient ma unikalne wymagania i wyzwania. Dlatego specjalizujemy si\u0119 w oferowaniu rozwi\u0105za\u0144 szytych na miar\u0119, zar\u00f3wno dla pojedynczych komponent\u00f3w, jak i w pe\u0142ni zintegrowanych system\u00f3w. \u015aci\u015ble wsp\u00f3\u0142pracujemy z naszymi klientami, aby zapewni\u0107, \u017ce ka\u017cde rozwi\u0105zanie jest nie tylko skuteczne, ale i wydajne, optymalizuj\u0105c zar\u00f3wno wydajno\u015b\u0107, jak i warto\u015b\u0107. Nasze zaanga\u017cowanie w udzielanie szybkich i profesjonalnych odpowiedzi, w po\u0142\u0105czeniu z fachowym doradztwem, gwarantuje, \u017ce ka\u017cde zapytanie jest traktowane z najwy\u017csz\u0105 staranno\u015bci\u0105 i precyzj\u0105, co prowadzi do najlepszych mo\u017cliwych rezultat\u00f3w.<\/p>\n<p>Priorytetem jest dla nas otwarta i ci\u0105g\u0142a komunikacja w ca\u0142ym procesie rozwoju produktu. Nasz zaanga\u017cowany zesp\u00f3\u0142 wsp\u00f3\u0142pracuje bezpo\u015brednio z klientami, aby w pe\u0142ni zrozumie\u0107 ich specyficzne potrzeby, oferuj\u0105c cenne spostrze\u017cenia i rekomendacje, kt\u00f3re pomog\u0105 w zapewnieniu optymalnych rozwi\u0105za\u0144. Niezale\u017cnie od tego, czy projektujemy innowacyjne produkty, czy realizujemy bie\u017c\u0105ce zam\u00f3wienia, FMP dok\u0142ada wszelkich stara\u0144, aby dostarcza\u0107 wysokiej jako\u015bci, precyzyjnie zaprojektowane rozwi\u0105zania na czas i za ka\u017cdym razem. Naszym celem jest zapewnienie klientom najlepszej obs\u0142ugi i rezultat\u00f3w, przewy\u017cszaj\u0105cych ich oczekiwania w ka\u017cdym projekcie.<\/p>\n<p>Jako\u015b\u0107 jest fundamentem dzia\u0142alno\u015bci FMP. Przestrzegamy najwy\u017cszych standard\u00f3w produkcyjnych, wdra\u017caj\u0105c rygorystyczne \u015brodki kontroli jako\u015bci, aby zapewni\u0107, \u017ce ka\u017cdy produkt nie tylko spe\u0142nia, ale wr\u0119cz przewy\u017csza standardy bran\u017cowe. To niez\u0142omne zaanga\u017cowanie w jako\u015b\u0107, w po\u0142\u0105czeniu z naszymi podstawowymi warto\u015bciami, takimi jak uczciwo\u015b\u0107, praca zespo\u0142owa i wytrwa\u0142o\u015b\u0107, pozwoli\u0142o nam zbudowa\u0107 d\u0142ugotrwa\u0142e, oparte na zaufaniu relacje z klientami w prawie 30 krajach na ca\u0142ym \u015bwiecie.<\/p>\n<p>FMP jest zawsze otwarta na globalne partnerstwa i niezmiennie oferuje fachowe doradztwo oraz rozwi\u0105zania dostosowane do indywidualnych potrzeb naszych klient\u00f3w. Nie ograniczamy si\u0119 do dostarczania produkt\u00f3w; d\u0105\u017cymy do budowania trwa\u0142ych relacji, kt\u00f3re przyczyniaj\u0105 si\u0119 do sukcesu ka\u017cdego projektu. Niezale\u017cnie od tego, czy potrzebujesz innowacyjnych rozwi\u0105za\u0144 dla nowej inicjatywy, czy sta\u0142ego wsparcia dla istniej\u0105cego systemu, FMP jest do Twojej dyspozycji, aby stawi\u0107 czo\u0142a Twoim wyzwaniom technicznym i zapewni\u0107 Ci ci\u0105g\u0142y sukces.<\/p>\n<p><img loading=\"lazy\" decoding=\"async\" class=\"alignnone size-full wp-image-1861\" src=\"https:\/\/fmp-components.com\/wp-content\/uploads\/2024\/12\/Other-Agricultural-Gearboxes.webp\" sizes=\"(min-width: 0px) and (max-width: 480px) 480px, (min-width: 481px) and (max-width: 980px) 980px, (min-width: 981px) 1200px, 100vw\" srcset=\"https:\/\/fmp-components.com\/wp-content\/uploads\/2024\/12\/Other-Agricultural-Gearboxes.webp 1200w, https:\/\/fmp-components.com\/wp-content\/uploads\/2024\/12\/Other-Agricultural-Gearboxes-980x1143.webp 980w, https:\/\/fmp-components.com\/wp-content\/uploads\/2024\/12\/Other-Agricultural-Gearboxes-480x560.webp 480w\" alt=\"Inne zmiany rolnicze\" width=\"1200\" height=\"1400\" title=\"\"><\/p>\n<p>Autor: CX<\/p>","protected":false},"excerpt":{"rendered":"<p>Dane techniczne Prze\u0142o\u017cenie przek\u0142adni FMP-L150J wynosi 1:1,93. Wa\u0142 wej\u015bciowy: otw\u00f3r okr\u0105g\u0142y 1-3\/8\u2033. Wa\u0142 wyj\u015bciowy: wielowypusty sto\u017ckowe, tulej\u0119 nale\u017cy zam\u00f3wi\u0107 osobno. Moc przek\u0142adni: 60 KM przy 540 obr.\/min. Obroty: CCW (przeciwnie do ruchu wskaz\u00f3wek zegara). Kompatybilno\u015b\u0107: Pasuje do: Zamienniki no\u017cy obrotowych Corner. Rozstaw mocowania: 203,2 mm. Zastosowanie: Nawozy. Materia\u0142 korpusu: Aluminium. Wa\u0142 wej\u015bciowy: \u03a1\u03a4\u039f \u03a635\/\u03966 (1 3\/8\u2033 z6) [\u2026]<\/p>","protected":false},"featured_media":2147,"comment_status":"open","ping_status":"closed","template":"","meta":{"_et_pb_use_builder":"","_et_pb_old_content":"","_et_gb_content_width":""},"product_brand":[],"product_cat":[54],"product_tag":[],"class_list":{"0":"post-2142","1":"product","2":"type-product","3":"status-publish","4":"has-post-thumbnail","6":"product_cat-fertilizer-spreader-gearbox","8":"first","9":"instock","10":"shipping-taxable","11":"product-type-simple"},"_links":{"self":[{"href":"https:\/\/fmp-components.com\/pl\/wp-json\/wp\/v2\/product\/2142","targetHints":{"allow":["GET"]}}],"collection":[{"href":"https:\/\/fmp-components.com\/pl\/wp-json\/wp\/v2\/product"}],"about":[{"href":"https:\/\/fmp-components.com\/pl\/wp-json\/wp\/v2\/types\/product"}],"replies":[{"embeddable":true,"href":"https:\/\/fmp-components.com\/pl\/wp-json\/wp\/v2\/comments?post=2142"}],"wp:featuredmedia":[{"embeddable":true,"href":"https:\/\/fmp-components.com\/pl\/wp-json\/wp\/v2\/media\/2147"}],"wp:attachment":[{"href":"https:\/\/fmp-components.com\/pl\/wp-json\/wp\/v2\/media?parent=2142"}],"wp:term":[{"taxonomy":"product_brand","embeddable":true,"href":"https:\/\/fmp-components.com\/pl\/wp-json\/wp\/v2\/product_brand?post=2142"},{"taxonomy":"product_cat","embeddable":true,"href":"https:\/\/fmp-components.com\/pl\/wp-json\/wp\/v2\/product_cat?post=2142"},{"taxonomy":"product_tag","embeddable":true,"href":"https:\/\/fmp-components.com\/pl\/wp-json\/wp\/v2\/product_tag?post=2142"}],"curies":[{"name":"wp","href":"https:\/\/api.w.org\/{rel}","templated":true}]}}