{"id":2117,"date":"2024-12-30T05:53:09","date_gmt":"2024-12-30T05:53:09","guid":{"rendered":"https:\/\/fmp-components.com\/?page_id=8"},"modified":"2024-12-30T06:19:10","modified_gmt":"2024-12-30T06:19:10","slug":"rotary-tiller-gearboxes-replacement-of-comer-code-tlz21j","status":"publish","type":"product","link":"https:\/\/fmp-components.com\/pl\/product\/rotary-tiller-gearboxes-replacement-of-comer-code-tlz21j\/","title":{"rendered":"Przek\u0142adnie glebogryzarek obrotowych \u2013 wymiana Comer Code TLZ21J"},"content":{"rendered":"<p><img loading=\"lazy\" decoding=\"async\" class=\"size-full wp-image-2132 aligncenter\" src=\"https:\/\/fmp-components.com\/wp-content\/uploads\/2024\/12\/rotary-tiller-gearbox-TLZ-21J1.webp\" alt=\"przek\u0142adnia glebogryzarki obrotowej TLZ-21J\" width=\"674\" height=\"314\" title=\"\" srcset=\"https:\/\/fmp-components.com\/wp-content\/uploads\/2024\/12\/rotary-tiller-gearbox-TLZ-21J1.webp 674w, https:\/\/fmp-components.com\/wp-content\/uploads\/2024\/12\/rotary-tiller-gearbox-TLZ-21J1-480x224.webp 480w\" sizes=\"(min-width: 0px) and (max-width: 480px) 480px, (min-width: 481px) 674px, 100vw\" \/><\/p>\n<h2>Specyfikacja przek\u0142adni glebogryzarki obrotowej TLZ-21J<\/h2>\n<p><img loading=\"lazy\" decoding=\"async\" class=\"alignnone size-full wp-image-2127\" src=\"https:\/\/fmp-components.com\/wp-content\/uploads\/2024\/12\/rotary-tiller-gearbox-TLZ-21J-detail.webp\" alt=\"przek\u0142adnia-glebogryzarki-TLZ-21J-szczeg\u00f3\u0142y\" width=\"936\" height=\"565\" title=\"\" srcset=\"https:\/\/fmp-components.com\/wp-content\/uploads\/2024\/12\/rotary-tiller-gearbox-TLZ-21J-detail.webp 936w, https:\/\/fmp-components.com\/wp-content\/uploads\/2024\/12\/rotary-tiller-gearbox-TLZ-21J-detail-480x290.webp 480w\" sizes=\"(min-width: 0px) and (max-width: 480px) 480px, (min-width: 481px) 936px, 100vw\" \/><\/p>\n<table style=\"width: 101.556%; height: 310px;\" border=\"1\" cellspacing=\"0\" cellpadding=\"0\">\n<tbody>\n<tr>\n<td style=\"width: 58.0851%;\"><strong>I<\/strong><\/td>\n<td style=\"width: 41.7021%;\">1.46<\/td>\n<\/tr>\n<tr>\n<td style=\"width: 58.0851%;\"><strong>N<sub>1<\/sub>[obr.\/min]<\/strong><\/td>\n<td style=\"width: 41.7021%;\">540<\/td>\n<\/tr>\n<tr>\n<td style=\"width: 58.0851%;\"><strong>P<sub>1<\/sub>[kW]<\/strong><\/td>\n<td style=\"width: 41.7021%;\">29.4<\/td>\n<\/tr>\n<tr>\n<td style=\"width: 58.0851%;\"><strong>M<sub>2<\/sub>[Nm]<\/strong><\/td>\n<td style=\"width: 41.7021%;\">736<\/td>\n<\/tr>\n<tr>\n<td style=\"width: 58.0851%;\"><strong>Wa\u0142 X\u00a0 \u00a0 \u00a0 \u00a0 \u00a0 \u00a0 \u00a0 \u00a0 \u00a0 \u00a0 \u00a0 \u00a0 \u00a0 \u00a0 \u00a0 \u00a0 \u00a0 \u00a0 \u00a0 \u00a0 \u00a0 \u00a0 \u00a0 \u00a0 \u00a0 \u00a0 \u00a0 \u00a0 \u00a0 \u00a0 \u00a0 \u00a0 \u00a0 \u00a0 \u00a0 \u00a0 \u00a0 \u00a0 \u00a0 \u00a0 <img loading=\"lazy\" decoding=\"async\" class=\"alignnone size-full wp-image-2126\" src=\"https:\/\/fmp-components.com\/wp-content\/uploads\/2024\/12\/shaft-x-1.webp\" alt=\"wa\u0142-x \" width=\"81\" height=\"78\" title=\"\" srcset=\"https:\/\/fmp-components.com\/wp-content\/uploads\/2024\/12\/shaft-x-1.webp 81w, https:\/\/fmp-components.com\/wp-content\/uploads\/2024\/12\/shaft-x-1-12x12.webp 12w\" sizes=\"(max-width: 81px) 100vw, 81px\" \/><\/strong><\/td>\n<td style=\"width: 41.7021%;\">1\u201d 3\/8 Z6<\/td>\n<\/tr>\n<tr>\n<td style=\"width: 58.0851%;\"><strong>Wa\u0142 Z\u00a0 \u00a0 \u00a0 \u00a0 \u00a0 \u00a0 \u00a0 \u00a0 \u00a0 \u00a0 \u00a0 \u00a0 \u00a0 \u00a0 \u00a0 \u00a0 \u00a0 \u00a0 \u00a0 \u00a0 \u00a0 \u00a0 \u00a0 \u00a0 \u00a0 \u00a0 \u00a0 \u00a0 \u00a0 \u00a0 \u00a0 \u00a0 \u00a0 \u00a0 \u00a0 \u00a0 \u00a0 \u00a0 \u00a0 \u00a0 \u00a0 \u00a0<img loading=\"lazy\" decoding=\"async\" class=\"alignnone size-full wp-image-2125\" src=\"https:\/\/fmp-components.com\/wp-content\/uploads\/2024\/12\/shaft-1.webp\" alt=\"wa\u0142\" width=\"64\" height=\"57\" title=\"\" srcset=\"https:\/\/fmp-components.com\/wp-content\/uploads\/2024\/12\/shaft-1.webp 64w, https:\/\/fmp-components.com\/wp-content\/uploads\/2024\/12\/shaft-1-13x12.webp 13w\" sizes=\"(max-width: 64px) 100vw, 64px\" \/><\/strong><\/td>\n<td style=\"width: 41.7021%;\">36*40<\/td>\n<\/tr>\n<tr>\n<td style=\"width: 58.0851%;\"><strong>Wej\u015bcie<\/strong><\/td>\n<td style=\"width: 41.7021%;\">X<\/td>\n<\/tr>\n<\/tbody>\n<\/table>\n<h2>Jak dzia\u0142a skrzynia bieg\u00f3w glebogryzarki nap\u0119dzanej WOM-em ci\u0105gnika?<\/h2>\n<p>Przek\u0142adnia glebogryzarki nap\u0119dzana WOM ci\u0105gnika dzia\u0142a poprzez przeniesienie mocy mechanicznej z wa\u0142u odbioru mocy (WOM) ci\u0105gnika na ostrza glebogryzarki, umo\u017cliwiaj\u0105c efektywn\u0105 upraw\u0119 gleby. Podczas jazdy ci\u0105gnika wa\u0142 WOM obraca si\u0119, przekazuj\u0105c energi\u0119 obrotow\u0105 do przek\u0142adni, kt\u00f3ra nast\u0119pnie przekazuje t\u0119 moc na ostrza glebogryzarki. Ostrza te, cz\u0119sto wykonane w formie zestawu obrotowych tarcz lub z\u0119b\u00f3w, wgryzaj\u0105 si\u0119 w gleb\u0119, rozdrabniaj\u0105c j\u0105 na mniejsze cz\u0105stki, co zapewnia lepsze napowietrzenie i przygotowanie \u0142o\u017ca siewnego.<\/p>\n<p>Przek\u0142adnia odgrywa kluczow\u0105 rol\u0119 w zapewnieniu odpowiedniej konwersji pr\u0119dko\u015bci obrotowej i momentu obrotowego dostarczanych przez wa\u0142ek odbioru mocy (WOM) i ich dystrybucji na ostrza glebogryzarki. Przek\u0142adnia zazwyczaj sk\u0142ada si\u0119 z szeregu k\u00f3\u0142 z\u0119batych i wa\u0142k\u00f3w, zaprojektowanych do regulacji pr\u0119dko\u015bci i si\u0142y, zapewniaj\u0105c optymalne warunki dla r\u00f3\u017cnych rodzaj\u00f3w gleby i g\u0142\u0119boko\u015bci uprawy. Dzi\u0119ki temu glebogryzarka mo\u017ce wydajnie pracowa\u0107 w r\u00f3\u017cnych warunkach rolniczych.<\/p>\n<p>Przek\u0142adnia pomaga r\u00f3wnie\u017c utrzyma\u0107 sta\u0142\u0105 pr\u0119dko\u015b\u0107 obrotow\u0105, zapewniaj\u0105c p\u0142ynn\u0105 prac\u0119 i zapobiegaj\u0105c przeci\u0105\u017ceniu no\u017cy glebogryzarki. Moment obrotowy generowany przez WOM jest przenoszony przez przek\u0142adni\u0119, co zmniejsza ryzyko uszkodzenia zar\u00f3wno wa\u0142u WOM, jak i samej glebogryzarki. W rezultacie przek\u0142adnia wyd\u0142u\u017ca \u017cywotno\u015b\u0107 zar\u00f3wno ci\u0105gnika, jak i glebogryzarki.<\/p>\n<p>Opr\u00f3cz przenoszenia mocy, przek\u0142adnia zosta\u0142a zaprojektowana tak, aby sprosta\u0107 trudnym warunkom, z jakimi borykaj\u0105 si\u0119 glebogryzarki podczas u\u017cytkowania, takim jak op\u00f3r ze strony twardej gleby czy kamieni. Wysokiej jako\u015bci materia\u0142y, solidna konstrukcja i odpowiednie smarowanie gwarantuj\u0105, \u017ce przek\u0142adnia wytrzymuje obci\u0105\u017cenia eksploatacyjne bezawaryjnie. Okresowa konserwacja, taka jak wymiana oleju i przegl\u0105dy, jest niezb\u0119dna do utrzymania przek\u0142adni w optymalnym stanie technicznym.<\/p>\n<p>Og\u00f3lnie rzecz bior\u0105c, przek\u0142adnia glebogryzarki nap\u0119dzana WOM ci\u0105gnika jest niezb\u0119dna do przekszta\u0142cania mocy silnika ci\u0105gnika w si\u0142\u0119 niezb\u0119dn\u0105 do nap\u0119dzania ostrzy glebogryzarki. Reguluj\u0105c pr\u0119dko\u015b\u0107, moment obrotowy i wydajno\u015b\u0107, przek\u0142adnia zapewnia efektywn\u0105 prac\u0119 glebogryzarki przy minimalnym zu\u017cyciu, maksymalizuj\u0105c wydajno\u015b\u0107 pracy w polu.<\/p>\n<p><img loading=\"lazy\" decoding=\"async\" class=\"alignnone size-full wp-image-2128\" src=\"https:\/\/fmp-components.com\/wp-content\/uploads\/2024\/12\/Rotary-Tiller-Gearbox-47.webp\" alt=\"Przek\u0142adnia glebogryzarki\" width=\"1024\" height=\"600\" title=\"\" srcset=\"https:\/\/fmp-components.com\/wp-content\/uploads\/2024\/12\/Rotary-Tiller-Gearbox-47.webp 1024w, https:\/\/fmp-components.com\/wp-content\/uploads\/2024\/12\/Rotary-Tiller-Gearbox-47-980x574.webp 980w, https:\/\/fmp-components.com\/wp-content\/uploads\/2024\/12\/Rotary-Tiller-Gearbox-47-480x281.webp 480w\" sizes=\"(min-width: 0px) and (max-width: 480px) 480px, (min-width: 481px) and (max-width: 980px) 980px, (min-width: 981px) 1024px, 100vw\" \/><\/p>\n<h2>Zastosowanie przek\u0142adni glebogryzarki obrotowej nap\u0119dzanej WOM ci\u0105gnika<\/h2>\n<p>Przek\u0142adnia glebogryzarki nap\u0119dzanej WOM ci\u0105gnika jest kluczowym elementem nowoczesnego rolnictwa, umo\u017cliwiaj\u0105cym efektywne przygotowanie i upraw\u0119 gleby. Jej g\u0142\u00f3wnym zastosowaniem s\u0105 glebogryzarki u\u017cywane do uprawy i spulchniania gleby, co czyni j\u0105 idealn\u0105 do r\u00f3\u017cnych zada\u0144 rolniczych, od przygotowania \u0142o\u017ca siewnego po wprowadzanie materii organicznej do gleby. Poni\u017cej przedstawiono kluczowe obszary zastosowania przek\u0142adni glebogryzarki nap\u0119dzanej WOM ci\u0105gnika:<\/p>\n<ol>\n<li><strong>Uprawa gleby i przygotowanie \u0142o\u017ca siewnego<\/strong><br \/>\nJednym z g\u0142\u00f3wnych zastosowa\u0144 przek\u0142adni glebogryzarki nap\u0119dzanej WOM ci\u0105gnika jest uprawa gleby. Przenosz\u0105c moc z WOM ci\u0105gnika na ostrza glebogryzarki, przek\u0142adnia umo\u017cliwia im wcinanie si\u0119 w ubit\u0105 gleb\u0119 i jej rozdrabnianie. Proces ten pomaga przygotowa\u0107 gleb\u0119 do siewu, zapewniaj\u0105c odpowiednie napowietrzenie i rozbijanie bry\u0142 ziemi, u\u0142atwiaj\u0105c kie\u0142kowanie i ukorzenianie si\u0119 nasion.<\/li>\n<li><strong>Zwalczanie chwast\u00f3w<\/strong><br \/>\nGlebogryzarki wyposa\u017cone w przek\u0142adnie nap\u0119dzane WOM s\u0105 r\u00f3wnie\u017c szeroko stosowane do zwalczania chwast\u00f3w. Przewracaj\u0105c gleb\u0119 i naruszaj\u0105c system korzeniowy chwast\u00f3w, glebogryzarki te pomagaj\u0105 eliminowa\u0107 niepo\u017c\u0105dan\u0105 ro\u015blinno\u015b\u0107 i zapobiegaj\u0105 jej ponownemu wzrostowi. Przek\u0142adnia zapewnia, \u017ce \u200b\u200bostrza glebogryzarki pracuj\u0105 z odpowiedni\u0105 pr\u0119dko\u015bci\u0105 i momentem obrotowym, co pozwala skutecznie wyrywa\u0107 chwasty bez uszkadzania struktury otaczaj\u0105cej gleby.<\/li>\n<li><strong>W\u0142\u0105czanie materii organicznej i nawoz\u00f3w<\/strong><br \/>\nInnym istotnym zastosowaniem przek\u0142adni glebogryzarki nap\u0119dzanej WOM jest wprowadzanie materii organicznej (takiej jak resztki po\u017cniwne, kompost czy obornik) do gleby. Ostrza glebogryzarki mieszaj\u0105 materi\u0119 organiczn\u0105 z wierzchni\u0105 warstw\u0105 gleby, zwi\u0119kszaj\u0105c jej \u017cyzno\u015b\u0107 i poprawiaj\u0105c jej struktur\u0119. Proces ten przyspiesza r\u00f3wnie\u017c rozk\u0142ad, wzbogacaj\u0105c gleb\u0119 w niezb\u0119dne sk\u0142adniki od\u017cywcze dla przysz\u0142ych upraw.<\/li>\n<li><strong>Rozbijanie twardej gleby<\/strong><br \/>\nNa obszarach o ubitej glebie, przek\u0142adnia glebogryzarki nap\u0119dzana WOM mo\u017ce by\u0107 nieoceniona do rozbijania warstw twardej gleby. Twarda gleba to g\u0119sta, nieprzepuszczalna warstwa pod powierzchni\u0105 gleby, kt\u00f3ra ogranicza wzrost korzeni i infiltracj\u0119 wody. Przek\u0142adnia zapewnia, \u017ce \u200b\u200bostrza glebogryzarki maj\u0105 niezb\u0119dn\u0105 moc, aby przebi\u0107 si\u0119 przez te twarde warstwy, u\u0142atwiaj\u0105c lepsz\u0105 penetracj\u0119 korzeni i poprawiaj\u0105c og\u00f3ln\u0105 retencj\u0119 wody w glebie.<\/li>\n<li><strong>Karczowanie terenu i przygotowanie terenu<\/strong><br \/>\nOpr\u00f3cz tradycyjnej uprawy roli, przek\u0142adnia glebogryzarki nap\u0119dzana WOM znajduje r\u00f3wnie\u017c zastosowanie w karczowaniu i przygotowywaniu terenu pod cele rolnicze lub budowlane. Glebogryzarka umo\u017cliwia karczowanie ro\u015blinno\u015bci, rozbijanie kamienistego lub nier\u00f3wnego terenu oraz przygotowywanie du\u017cych powierzchni pod zasiewy lub prace budowlane. Przek\u0142adnia zapewnia niezb\u0119dn\u0105 moc do pracy lemieszy glebogryzarki z du\u017c\u0105 pr\u0119dko\u015bci\u0105, umo\u017cliwiaj\u0105c efektywne karczowanie terenu nawet w trudnych warunkach.<\/li>\n<\/ol>\n<p>Przek\u0142adnia glebogryzarki nap\u0119dzana WOM ci\u0105gnika to niezb\u0119dne narz\u0119dzie w szerokim zakresie zastosowa\u0144 rolniczych. Pomaga poprawi\u0107 jako\u015b\u0107 gleby, zwi\u0119kszy\u0107 plony i zwi\u0119kszy\u0107 wydajno\u015b\u0107 operacyjn\u0105, zapewniaj\u0105c optymalne przenoszenie mocy podczas r\u00f3\u017cnych zada\u0144, takich jak uprawa roli, zwalczanie chwast\u00f3w i przygotowanie gruntu.<\/p>\n<p><img loading=\"lazy\" decoding=\"async\" class=\"alignnone size-full wp-image-2129\" src=\"https:\/\/fmp-components.com\/wp-content\/uploads\/2024\/12\/Rotary-Tiller-Gearbox-Applications.webp\" alt=\"Zastosowania przek\u0142adni glebogryzarki obrotowej\" width=\"1000\" height=\"720\" title=\"\" srcset=\"https:\/\/fmp-components.com\/wp-content\/uploads\/2024\/12\/Rotary-Tiller-Gearbox-Applications.webp 1000w, https:\/\/fmp-components.com\/wp-content\/uploads\/2024\/12\/Rotary-Tiller-Gearbox-Applications-980x706.webp 980w, https:\/\/fmp-components.com\/wp-content\/uploads\/2024\/12\/Rotary-Tiller-Gearbox-Applications-480x346.webp 480w\" sizes=\"(min-width: 0px) and (max-width: 480px) 480px, (min-width: 481px) and (max-width: 980px) 980px, (min-width: 981px) 1000px, 100vw\" \/><\/p>\n<h3>O FMP<\/h3>\n<p>Firma FMP, z siedzib\u0105 g\u0142\u00f3wn\u0105 we W\u0142oszech, jest wiod\u0105cym producentem, znanym ze swojego do\u015bwiadczenia w projektowaniu, rozwoju i produkcji wysokowydajnych przek\u0142adni, ze szczeg\u00f3lnym uwzgl\u0119dnieniem sektora maszyn rolniczych. Znana z zaanga\u017cowania w precyzj\u0119 wykonania, innowacyjno\u015b\u0107 i niezr\u00f3wnan\u0105 niezawodno\u015b\u0107, firma FMP zyska\u0142a solidn\u0105 reputacj\u0119 jako dostawca produkt\u00f3w najwy\u017cszej jako\u015bci, spe\u0142niaj\u0105cych dynamiczne potrzeby rynku rolniczego i przemys\u0142owego. Nasze bogate portfolio produkt\u00f3w obejmuje specjalistyczne przek\u0142adnie do kosiarek, wa\u0142y odbioru mocy (WOM) i inne niezb\u0119dne komponenty, dostosowane do indywidualnych potrzeb w szerokim zakresie zastosowa\u0144.<\/p>\n<p>W FMP zdajemy sobie spraw\u0119, \u017ce ka\u017cdy klient stoi przed indywidualnymi wyzwaniami i wymaganiami. Dlatego specjalizujemy si\u0119 w dostarczaniu rozwi\u0105za\u0144 dostosowanych do indywidualnych potrzeb, zar\u00f3wno pojedynczych komponent\u00f3w, jak i kompletnych, zintegrowanych system\u00f3w. \u015aci\u015ble wsp\u00f3\u0142pracujemy z naszymi klientami, dbaj\u0105c o to, aby ka\u017cde rozwi\u0105zanie by\u0142o nie tylko skuteczne, ale tak\u017ce wydajne, optymalizuj\u0105c wydajno\u015b\u0107 i warto\u015b\u0107. Nasze zaanga\u017cowanie w szybk\u0105 i profesjonaln\u0105 obs\u0142ug\u0119, w po\u0142\u0105czeniu z fachowym doradztwem, gwarantuje, \u017ce ka\u017cde zapytanie jest obs\u0142ugiwane z precyzj\u0105 i staranno\u015bci\u0105.<\/p>\n<p>Priorytetem jest dla nas jasna i ci\u0105g\u0142a komunikacja, szczeg\u00f3lnie podczas opracowywania nowych produkt\u00f3w. Nasz zaanga\u017cowany zesp\u00f3\u0142 wsp\u00f3\u0142pracuje bezpo\u015brednio z klientami, aby dog\u0142\u0119bnie zrozumie\u0107 ich specyficzne potrzeby, oferuj\u0105c praktyczne wskaz\u00f3wki, kt\u00f3re prowadz\u0105 do optymalnych rozwi\u0105za\u0144. Niezale\u017cnie od tego, czy projektujemy nowatorskie produkty, czy realizujemy bie\u017c\u0105ce zam\u00f3wienia, niezmiennie d\u0105\u017cymy do dostarczania wysokiej jako\u015bci, precyzyjnie zaprojektowanych rozwi\u0105za\u0144, szybko i niezawodnie.<\/p>\n<p>Podstaw\u0105 dzia\u0142alno\u015bci FMP jest niezmiennie wysoka jako\u015b\u0107. Przestrzegamy najwy\u017cszych standard\u00f3w produkcyjnych, stosuj\u0105c rygorystyczne procedury kontroli jako\u015bci, aby zapewni\u0107, \u017ce ka\u017cdy produkt nie tylko spe\u0142nia, ale wr\u0119cz przewy\u017csza oczekiwania bran\u017cy. Nasze zaanga\u017cowanie w jako\u015b\u0107, w po\u0142\u0105czeniu z naszymi podstawowymi warto\u015bciami, takimi jak uczciwo\u015b\u0107, wsp\u00f3\u0142praca i wytrwa\u0142o\u015b\u0107, pomog\u0142o nam zbudowa\u0107 silne, d\u0142ugoterminowe relacje z klientami w ponad 30 krajach na ca\u0142ym \u015bwiecie.<\/p>\n<p>FMP jest zawsze otwarta na nawi\u0105zywanie globalnych partnerstw i niezmiennie oferuje fachowe doradztwo oraz rozwi\u0105zania dopasowane do zr\u00f3\u017cnicowanych potrzeb naszych klient\u00f3w. Nie ograniczamy si\u0119 do dostarczania produkt\u00f3w \u2013 d\u0105\u017cymy do budowania trwa\u0142ych i warto\u015bciowych relacji, kt\u00f3re przyczyniaj\u0105 si\u0119 do sukcesu ka\u017cdego projektu. Niezale\u017cnie od tego, czy szukasz innowacyjnych rozwi\u0105za\u0144 dla nowej inicjatywy, czy sta\u0142ego wsparcia dla istniej\u0105cego systemu, FMP jest do Twojej dyspozycji, aby sprosta\u0107 Twoim wyzwaniom technicznym i zapewni\u0107 Ci ci\u0105g\u0142y sukces.<\/p>\n<p><img loading=\"lazy\" decoding=\"async\" class=\"alignnone size-full wp-image-1861\" src=\"https:\/\/fmp-components.com\/wp-content\/uploads\/2024\/12\/Other-Agricultural-Gearboxes.webp\" sizes=\"(min-width: 0px) and (max-width: 480px) 480px, (min-width: 481px) and (max-width: 980px) 980px, (min-width: 981px) 1200px, 100vw\" srcset=\"https:\/\/fmp-components.com\/wp-content\/uploads\/2024\/12\/Other-Agricultural-Gearboxes.webp 1200w, https:\/\/fmp-components.com\/wp-content\/uploads\/2024\/12\/Other-Agricultural-Gearboxes-980x1143.webp 980w, https:\/\/fmp-components.com\/wp-content\/uploads\/2024\/12\/Other-Agricultural-Gearboxes-480x560.webp 480w\" alt=\"Inne zmiany rolnicze\" width=\"1200\" height=\"1400\" title=\"\"><\/p>\n<p>Autor: CX<\/p>","protected":false},"excerpt":{"rendered":"<p>Rotary Tiller Gearbox TLZ-21J Specifications i 1.46 N1[rpm] 540 P1[kW] 29.4 M2[Nm] 736 Shaft X\u00a0 \u00a0 \u00a0 \u00a0 \u00a0 \u00a0 \u00a0 \u00a0 \u00a0 \u00a0 \u00a0 \u00a0 \u00a0 \u00a0 \u00a0 \u00a0 \u00a0 \u00a0 \u00a0 \u00a0 \u00a0 \u00a0 \u00a0 \u00a0 \u00a0 \u00a0 \u00a0 \u00a0 \u00a0 \u00a0 \u00a0 \u00a0 \u00a0 \u00a0 \u00a0 \u00a0 \u00a0 \u00a0 \u00a0 \u00a0 1&#8221; [&hellip;]<\/p>","protected":false},"featured_media":2131,"comment_status":"open","ping_status":"closed","template":"","meta":{"_et_pb_use_builder":"","_et_pb_old_content":"","_et_gb_content_width":""},"product_brand":[],"product_cat":[53],"product_tag":[],"class_list":{"0":"post-2117","1":"product","2":"type-product","3":"status-publish","4":"has-post-thumbnail","6":"product_cat-rotary-tiller-gearbox","8":"first","9":"instock","10":"shipping-taxable","11":"product-type-simple"},"_links":{"self":[{"href":"https:\/\/fmp-components.com\/pl\/wp-json\/wp\/v2\/product\/2117","targetHints":{"allow":["GET"]}}],"collection":[{"href":"https:\/\/fmp-components.com\/pl\/wp-json\/wp\/v2\/product"}],"about":[{"href":"https:\/\/fmp-components.com\/pl\/wp-json\/wp\/v2\/types\/product"}],"replies":[{"embeddable":true,"href":"https:\/\/fmp-components.com\/pl\/wp-json\/wp\/v2\/comments?post=2117"}],"wp:featuredmedia":[{"embeddable":true,"href":"https:\/\/fmp-components.com\/pl\/wp-json\/wp\/v2\/media\/2131"}],"wp:attachment":[{"href":"https:\/\/fmp-components.com\/pl\/wp-json\/wp\/v2\/media?parent=2117"}],"wp:term":[{"taxonomy":"product_brand","embeddable":true,"href":"https:\/\/fmp-components.com\/pl\/wp-json\/wp\/v2\/product_brand?post=2117"},{"taxonomy":"product_cat","embeddable":true,"href":"https:\/\/fmp-components.com\/pl\/wp-json\/wp\/v2\/product_cat?post=2117"},{"taxonomy":"product_tag","embeddable":true,"href":"https:\/\/fmp-components.com\/pl\/wp-json\/wp\/v2\/product_tag?post=2117"}],"curies":[{"name":"wp","href":"https:\/\/api.w.org\/{rel}","templated":true}]}}