{"id":2101,"date":"2024-12-30T03:47:55","date_gmt":"2024-12-30T03:47:55","guid":{"rendered":"https:\/\/fmp-components.com\/?page_id=8"},"modified":"2024-12-30T05:08:43","modified_gmt":"2024-12-30T05:08:43","slug":"rotary-tiller-gearboxes-replacement-of-comer-code-tb-278c","status":"publish","type":"product","link":"https:\/\/fmp-components.com\/pl\/product\/rotary-tiller-gearboxes-replacement-of-comer-code-tb-278c\/","title":{"rendered":"Przek\u0142adnie glebogryzarek obrotowych \u2013 wymiana kodu Comer TB-278C"},"content":{"rendered":"<table style=\"width: 100%;\" border=\"1\" width=\"100%\" cellspacing=\"0\" cellpadding=\"0\">\n<tbody>\n<tr>\n<td width=\"132\"><img loading=\"lazy\" decoding=\"async\" class=\"alignnone size-full wp-image-2108\" src=\"https:\/\/fmp-components.com\/wp-content\/uploads\/2024\/12\/Rotary-Tiller-Gearbox-Replacement-of-Comer-Code-TB-278C.webp\" alt=\"Wymiana przek\u0142adni glebogryzarki obrotowej o kodzie Comer TB-278C\" width=\"600\" height=\"600\" title=\"\" srcset=\"https:\/\/fmp-components.com\/wp-content\/uploads\/2024\/12\/Rotary-Tiller-Gearbox-Replacement-of-Comer-Code-TB-278C.webp 600w, https:\/\/fmp-components.com\/wp-content\/uploads\/2024\/12\/Rotary-Tiller-Gearbox-Replacement-of-Comer-Code-TB-278C-480x480.webp 480w\" sizes=\"(min-width: 0px) and (max-width: 480px) 480px, (min-width: 481px) 600px, 100vw\" \/><\/td>\n<td width=\"138\"><img loading=\"lazy\" decoding=\"async\" class=\"alignnone size-full wp-image-2109\" src=\"https:\/\/fmp-components.com\/wp-content\/uploads\/2024\/12\/Rotary-Tiller-Gearboxes-Replacement-of-Comer-Gearbox-TB-278C.webp\" alt=\"Przek\u0142adnie glebogryzarek - wymiana przek\u0142adni Comer TB-278C\" width=\"600\" height=\"600\" title=\"\" srcset=\"https:\/\/fmp-components.com\/wp-content\/uploads\/2024\/12\/Rotary-Tiller-Gearboxes-Replacement-of-Comer-Gearbox-TB-278C.webp 600w, https:\/\/fmp-components.com\/wp-content\/uploads\/2024\/12\/Rotary-Tiller-Gearboxes-Replacement-of-Comer-Gearbox-TB-278C-480x480.webp 480w\" sizes=\"(min-width: 0px) and (max-width: 480px) 480px, (min-width: 481px) 600px, 100vw\" \/><\/td>\n<\/tr>\n<\/tbody>\n<\/table>\n<h2>Dane techniczne przek\u0142adni glebogryzarki obrotowej TB-278C<\/h2>\n<table style=\"width: 100%;\" border=\"1\" width=\"100%\" cellspacing=\"0\" cellpadding=\"0\">\n<tbody>\n<tr style=\"height: 23px;\">\n<td style=\"height: 46px;\" rowspan=\"2\" width=\"132\"><img loading=\"lazy\" decoding=\"async\" class=\"alignnone size-full wp-image-2107\" src=\"https:\/\/fmp-components.com\/wp-content\/uploads\/2024\/12\/Specifications-of-Rotary-Tiller-Gearbox-TB-278C.webp\" alt=\"Dane techniczne przek\u0142adni glebogryzarki TB-278C\" width=\"600\" height=\"420\" title=\"\" srcset=\"https:\/\/fmp-components.com\/wp-content\/uploads\/2024\/12\/Specifications-of-Rotary-Tiller-Gearbox-TB-278C.webp 600w, https:\/\/fmp-components.com\/wp-content\/uploads\/2024\/12\/Specifications-of-Rotary-Tiller-Gearbox-TB-278C-480x336.webp 480w\" sizes=\"(min-width: 0px) and (max-width: 480px) 480px, (min-width: 481px) 600px, 100vw\" \/><\/td>\n<td style=\"height: 23px;\" width=\"138\"><img loading=\"lazy\" decoding=\"async\" class=\"alignnone size-full wp-image-2106\" src=\"https:\/\/fmp-components.com\/wp-content\/uploads\/2024\/12\/Specifications-of-Rotary-Tiller-Gearbox-TB-278C-1.webp\" alt=\"Specyfikacja przek\u0142adni glebogryzarki TB-278C-1\" width=\"600\" height=\"198\" title=\"\" srcset=\"https:\/\/fmp-components.com\/wp-content\/uploads\/2024\/12\/Specifications-of-Rotary-Tiller-Gearbox-TB-278C-1.webp 600w, https:\/\/fmp-components.com\/wp-content\/uploads\/2024\/12\/Specifications-of-Rotary-Tiller-Gearbox-TB-278C-1-480x158.webp 480w\" sizes=\"(min-width: 0px) and (max-width: 480px) 480px, (min-width: 481px) 600px, 100vw\" \/><\/td>\n<\/tr>\n<tr style=\"height: 23px;\">\n<td style=\"height: 23px;\"><img loading=\"lazy\" decoding=\"async\" class=\"alignnone size-full wp-image-2105\" src=\"https:\/\/fmp-components.com\/wp-content\/uploads\/2024\/12\/Specifications-of-Rotary-Tiller-Gearbox-TB-278C-2.webp\" alt=\"Specyfikacja przek\u0142adni glebogryzarki obrotowej TB-278C-2\" width=\"600\" height=\"298\" title=\"\" srcset=\"https:\/\/fmp-components.com\/wp-content\/uploads\/2024\/12\/Specifications-of-Rotary-Tiller-Gearbox-TB-278C-2.webp 600w, https:\/\/fmp-components.com\/wp-content\/uploads\/2024\/12\/Specifications-of-Rotary-Tiller-Gearbox-TB-278C-2-480x238.webp 480w\" sizes=\"(min-width: 0px) and (max-width: 480px) 480px, (min-width: 481px) 600px, 100vw\" \/><\/td>\n<\/tr>\n<\/tbody>\n<\/table>\n<p>&nbsp;<\/p>\n<table class=\"kh-1xzm1su\" border=\"1\" cellspacing=\"0\" cellpadding=\"0\" data-intent=\"lists-product-attributes\" data-test-id=\"attributes-list\">\n<tbody class=\"kh-1ago99h\">\n<tr id=\"attLongDescription\" class=\"kh-bwvum6\">\n<th class=\"kh-10oizfy\">Opis<\/th>\n<td class=\"kh-1f5nhat\">\n<div class=\"kh-pkx4zo\">Przek\u0142adnie glebogryzarek obrotowych \u2013 wymiana przek\u0142adni Comer TB-278C<\/div>\n<\/td>\n<\/tr>\n<tr id=\"attApplicationRange\" class=\"kh-bwvum6\">\n<th class=\"kh-10oizfy\">Aplikacja<\/th>\n<td class=\"kh-1f5nhat\">\n<ul>\n<li class=\"kh-16zd49f\">R\u00f3\u017cne zastosowania (rolnicze)<\/li>\n<li class=\"kh-16zd49f\">Kosiarki<\/li>\n<li class=\"kh-16zd49f\">Glebogryzarki obrotowe wielorz\u0119dowe<\/li>\n<\/ul>\n<\/td>\n<\/tr>\n<tr id=\"attConsistsOf\" class=\"kh-bwvum6\">\n<th class=\"kh-10oizfy\">Sk\u0142ada si\u0119 z<\/th>\n<td class=\"kh-1f5nhat\">\n<ul>\n<li class=\"kh-16zd49f\">Skrzynia bieg\u00f3w<\/li>\n<li class=\"kh-16zd49f\">Bez oleju<\/li>\n<\/ul>\n<\/td>\n<\/tr>\n<tr id=\"attTechnicalInformation\" class=\"kh-bwvum6\">\n<th class=\"kh-10oizfy\">Informacje techniczne<\/th>\n<td class=\"kh-1f5nhat\">\n<ul>\n<li class=\"kh-16zd49f\">Je\u015bli masz pytania dotycz\u0105ce wydajno\u015bci przy innych pr\u0119dko\u015bciach, nie wahaj si\u0119 z nami skontaktowa\u0107.<\/li>\n<li class=\"kh-16zd49f\">Przy pierwszym u\u017cyciu olej nale\u017cy wymieni\u0107 po 50 godzinach pracy.<\/li>\n<\/ul>\n<\/td>\n<\/tr>\n<tr id=\"taMaxOutputTorqueDaNm\" class=\"kh-bwvum6\">\n<th class=\"kh-10oizfy\">Maksymalny moment wyj\u015bciowy<\/th>\n<td class=\"kh-1f5nhat\">\n<div class=\"kh-pkx4zo\">100,8 daNm<\/div>\n<\/td>\n<\/tr>\n<tr id=\"taContainsOil\" class=\"kh-bwvum6\">\n<th class=\"kh-10oizfy\">Zawiera olej<\/th>\n<td class=\"kh-1f5nhat\">\n<div class=\"kh-pkx4zo\">NIE<\/div>\n<\/td>\n<\/tr>\n<tr id=\"taMaxOilCapacityL\" class=\"kh-bwvum6\">\n<th class=\"kh-10oizfy\">Maksymalna pojemno\u015b\u0107 oleju<\/th>\n<td class=\"kh-1f5nhat\">\n<div class=\"kh-pkx4zo\">1,6 litra<\/div>\n<\/td>\n<\/tr>\n<tr id=\"taMaxOilChangeIntervalH\" class=\"kh-bwvum6\">\n<th class=\"kh-10oizfy\">Maksymalny odst\u0119p mi\u0119dzy wymianami oleju<\/th>\n<td class=\"kh-1f5nhat\">\n<div class=\"kh-pkx4zo\">500 godzin<\/div>\n<\/td>\n<\/tr>\n<tr id=\"taOilSAEViscosityGrade\" class=\"kh-bwvum6\">\n<th class=\"kh-10oizfy\">Klasa lepko\u015bci oleju SAE<\/th>\n<td class=\"kh-1f5nhat\">\n<div class=\"kh-pkx4zo\">80W-90<\/div>\n<\/td>\n<\/tr>\n<tr id=\"taHousingMaterial_16\" class=\"kh-bwvum6\">\n<th class=\"kh-10oizfy\">Materia\u0142 obudowy<\/th>\n<td class=\"kh-1f5nhat\">\n<div class=\"kh-pkx4zo\">\u017beliwo GG25<\/div>\n<\/td>\n<\/tr>\n<tr id=\"taWeightKg_75\" class=\"kh-bwvum6\">\n<th class=\"kh-10oizfy\">Waga<\/th>\n<td class=\"kh-1f5nhat\">\n<div class=\"kh-pkx4zo\">24 kilogramy<\/div>\n<\/td>\n<\/tr>\n<tr id=\"taGearArrangementRed\" class=\"kh-bwvum6\">\n<th class=\"kh-10oizfy\">Uk\u0142ad przek\u0142adni redukuj\u0105cy<\/th>\n<td class=\"kh-1f5nhat\">\n<div class=\"kh-pkx4zo\">5 &#8211; 6<\/div>\n<\/td>\n<\/tr>\n<tr id=\"taGearRatio\" class=\"kh-bwvum6\">\n<th class=\"kh-10oizfy\">Prze\u0142o\u017cenie<\/th>\n<td class=\"kh-1f5nhat\">\n<div class=\"kh-pkx4zo\">1.6:1<\/div>\n<\/td>\n<\/tr>\n<tr id=\"taInputShaftReducing\" class=\"kh-bwvum6\">\n<th class=\"kh-10oizfy\">Wa\u0142 wej\u015bciowy Redukcja<\/th>\n<td class=\"kh-1f5nhat\">\n<div class=\"kh-pkx4zo\">Z<\/div>\n<\/td>\n<\/tr>\n<tr id=\"taNSInputpowerKW-HPR\" class=\"kh-bwvum6\">\n<th class=\"kh-10oizfy\">Moc wej\u015bciowa kW \/ KM Zmniejszenie<\/th>\n<td class=\"kh-1f5nhat\">\n<div class=\"kh-pkx4zo\">36,8 \/ 50 kW\/KM<\/div>\n<\/td>\n<\/tr>\n<tr id=\"taRatioIncreasing\" class=\"kh-bwvum6\">\n<th class=\"kh-10oizfy\">Wsp\u00f3\u0142czynnik wzrastaj\u0105cy<\/th>\n<td class=\"kh-1f5nhat\">\n<div class=\"kh-pkx4zo\">1:1,6<\/div>\n<\/td>\n<\/tr>\n<tr id=\"taRatioReducing\" class=\"kh-bwvum6\">\n<th class=\"kh-10oizfy\">Zmniejszanie wsp\u00f3\u0142czynnika<\/th>\n<td class=\"kh-1f5nhat\">\n<div class=\"kh-pkx4zo\">1.6: 1<\/div>\n<\/td>\n<\/tr>\n<tr id=\"taShaftX\" class=\"kh-bwvum6\">\n<th class=\"kh-10oizfy\">Wa\u0142 X<\/th>\n<td class=\"kh-1f5nhat\">\n<div class=\"kh-pkx4zo\">41,45 mm sze\u015bciok\u0105tny (C)<\/div>\n<\/td>\n<\/tr>\n<tr id=\"taShaftZ\" class=\"kh-bwvum6\">\n<th class=\"kh-10oizfy\">Wa\u0142 Z<\/th>\n<td class=\"kh-1f5nhat\">\n<div class=\"kh-pkx4zo\">1 3\/8\u2033 (6) (A)<\/div>\n<\/td>\n<\/tr>\n<\/tbody>\n<\/table>\n<h2>Zalety przek\u0142adni glebogryzarki obrotowej TB-278C<\/h2>\n<p>Przek\u0142adnia glebogryzarki obrotowej TB-278C oferuje szereg kluczowych korzy\u015bci dla rolnictwa, zapewniaj\u0105c optymaln\u0105 wydajno\u015b\u0107 i efektywno\u015b\u0107 prac uprawowych. Oto g\u0142\u00f3wne zalety:<\/p>\n<ol>\n<li>Trwa\u0142o\u015b\u0107 i niezawodno\u015b\u0107: Przek\u0142adnia TB-278C zosta\u0142a zaprojektowana tak, aby sprosta\u0107 wymagaj\u0105cym warunkom pracy w rolnictwie. Wykonana z wysokiej jako\u015bci materia\u0142\u00f3w, jest przeznaczona do intensywnej eksploatacji, zapewniaj\u0105c d\u0142ugotrwa\u0142\u0105 niezawodno\u015b\u0107 nawet w trudnych warunkach eksploatacyjnych. Ta trwa\u0142o\u015b\u0107 minimalizuje potrzeb\u0119 napraw lub wymiany, oferuj\u0105c ekonomiczn\u0105 wydajno\u015b\u0107 w d\u0142ugim okresie.<\/li>\n<li>Wydajne przeniesienie mocy: Zaprojektowany z my\u015bl\u0105 o efektywnym przenoszeniu mocy z WOM ci\u0105gnika na glebogryzark\u0119, model TB-278C zapewnia p\u0142ynn\u0105 i wydajn\u0105 upraw\u0119. To wydajne przeniesienie mocy optymalizuje prac\u0119 ostrzy glebogryzarki, co przek\u0142ada si\u0119 na lepsz\u0105 upraw\u0119 gleby i wi\u0119ksz\u0105 wydajno\u015b\u0107 operacyjn\u0105, zar\u00f3wno na glebach lekkich, jak i ci\u0119\u017ckich.<\/li>\n<li>Wszechstronno\u015b\u0107 i kompatybilno\u015b\u0107: Przek\u0142adnia TB-278C jest kompatybilna z r\u00f3\u017cnymi modelami glebogryzarek, zapewniaj\u0105c elastyczno\u015b\u0107 dla r\u00f3\u017cnych typ\u00f3w maszyn rolniczych. Jej wszechstronna konstrukcja pozwala na jej wykorzystanie w szerokim zakresie zastosowa\u0144, od ma\u0142ych ogrod\u00f3w po du\u017ce gospodarstwa rolne, co czyni j\u0105 cennym atutem w zr\u00f3\u017cnicowanych warunkach rolniczych.<\/li>\n<li>Ni\u017csze zu\u017cycie paliwa: Dzi\u0119ki optymalizacji przenoszenia mocy i redukcji niepotrzebnych strat energii, skrzynia bieg\u00f3w TB-278C przyczynia si\u0119 do poprawy efektywno\u015bci paliwowej. Przek\u0142ada si\u0119 to na ni\u017csze koszty eksploatacji, poniewa\u017c ci\u0105gnik zu\u017cywa mniej paliwa do wykonania tej samej pracy. Wi\u0119ksza efektywno\u015b\u0107 paliwowa przyczynia si\u0119 r\u00f3wnie\u017c do og\u00f3lnej zr\u00f3wnowa\u017cono\u015bci \u015brodowiskowej poprzez redukcj\u0119 emisji.<\/li>\n<li>\u0141atwa konserwacja i trwa\u0142o\u015b\u0107: Dzi\u0119ki przyjaznej dla u\u017cytkownika konstrukcji, przek\u0142adnia TB-278C wymaga minimalnej konserwacji, co dodatkowo wyd\u0142u\u017ca jej \u017cywotno\u015b\u0107. Regularna konserwacja jest prosta, a przek\u0142adnia zosta\u0142a zaprojektowana tak, aby dzia\u0142a\u0107 z minimalnym zu\u017cyciem, zapewniaj\u0105c maksymaln\u0105 wydajno\u015b\u0107 przez ca\u0142y okres eksploatacji. To sprawia, \u017ce \u200b\u200bjest to niezawodny wyb\u00f3r dla rolnik\u00f3w poszukuj\u0105cych sprz\u0119tu o niskich wymaganiach konserwacyjnych i wysokiej wydajno\u015bci.<\/li>\n<\/ol>\n<p>Og\u00f3lnie rzecz bior\u0105c, przek\u0142adnia TB-278C to wszechstronne, niezawodne i ekonomiczne rozwi\u0105zanie do uprawy rotacyjnej, kt\u00f3re zapewnia szereg korzy\u015bci podnosz\u0105cych wydajno\u015b\u0107, redukuj\u0105cych koszty eksploatacji i gwarantuj\u0105cych d\u0142ugoterminow\u0105 wydajno\u015b\u0107.<\/p>\n<table style=\"width: 100%; height: 463px;\" border=\"1\" width=\"100%\" cellspacing=\"0\" cellpadding=\"0\">\n<tbody>\n<tr style=\"height: 463px;\">\n<td style=\"width: 49.8921%; height: 463px;\" width=\"132\"><img loading=\"lazy\" decoding=\"async\" class=\"alignnone size-full wp-image-2103\" src=\"https:\/\/fmp-components.com\/wp-content\/uploads\/2024\/12\/Where-Are-Rotary-Tiller-Gearboxes-Used-1.webp\" alt=\"Gdzie s\u0105 u\u017cywane przek\u0142adnie glebogryzarek obrotowych\" width=\"1000\" height=\"1000\" title=\"\" srcset=\"https:\/\/fmp-components.com\/wp-content\/uploads\/2024\/12\/Where-Are-Rotary-Tiller-Gearboxes-Used-1.webp 1000w, https:\/\/fmp-components.com\/wp-content\/uploads\/2024\/12\/Where-Are-Rotary-Tiller-Gearboxes-Used-1-980x980.webp 980w, https:\/\/fmp-components.com\/wp-content\/uploads\/2024\/12\/Where-Are-Rotary-Tiller-Gearboxes-Used-1-480x480.webp 480w\" sizes=\"(min-width: 0px) and (max-width: 480px) 480px, (min-width: 481px) and (max-width: 980px) 980px, (min-width: 981px) 1000px, 100vw\" \/><\/td>\n<td style=\"width: 49.892%; height: 463px;\" width=\"138\"><img loading=\"lazy\" decoding=\"async\" class=\"alignnone size-full wp-image-2104\" src=\"https:\/\/fmp-components.com\/wp-content\/uploads\/2024\/12\/Where-Are-Rotary-Tiller-Gearboxes-Used-2.webp\" alt=\"Gdzie s\u0105 u\u017cywane przek\u0142adnie glebogryzarek obrotowych\" width=\"1000\" height=\"1000\" title=\"\" srcset=\"https:\/\/fmp-components.com\/wp-content\/uploads\/2024\/12\/Where-Are-Rotary-Tiller-Gearboxes-Used-2.webp 1000w, https:\/\/fmp-components.com\/wp-content\/uploads\/2024\/12\/Where-Are-Rotary-Tiller-Gearboxes-Used-2-980x980.webp 980w, https:\/\/fmp-components.com\/wp-content\/uploads\/2024\/12\/Where-Are-Rotary-Tiller-Gearboxes-Used-2-480x480.webp 480w\" sizes=\"(min-width: 0px) and (max-width: 480px) 480px, (min-width: 481px) and (max-width: 980px) 980px, (min-width: 981px) 1000px, 100vw\" \/><\/td>\n<\/tr>\n<\/tbody>\n<\/table>\n<h2>Gdzie stosuje si\u0119 przek\u0142adnie w glebogryzarkach obrotowych?<\/h2>\n<p><strong>Przek\u0142adnie glebogryzarek obrotowych<\/strong> Przek\u0142adnie te s\u0105 niezb\u0119dnymi elementami w r\u00f3\u017cnych zastosowaniach rolniczych, gdzie wymagane jest przygotowanie gleby i uprawa roli. Oto kluczowe obszary zastosowania tych przek\u0142adni:<\/p>\n<ol>\n<li><strong>Uprawa i przygotowanie gleby<\/strong>Przek\u0142adnie glebogryzarek obrotowych s\u0105 stosowane g\u0142\u00f3wnie w uprawie roli do rozdrabniania, napowietrzania i przygotowywania gleby do siewu. Przek\u0142adnia przekazuje moc z WOM ci\u0105gnika na glebogryzark\u0119, umo\u017cliwiaj\u0105c obrotowym no\u017com efektywne spulchnianie gleby, czyni\u0105c j\u0105 spulchnion\u0105 i nadaj\u0105c\u0105 si\u0119 do uprawy. Ma to kluczowe znaczenie w rolnictwie na du\u017c\u0105 skal\u0119, ogrodnictwie i kszta\u0142towaniu krajobrazu, zapewniaj\u0105c odpowiednie przygotowanie gleby do siewu.<\/li>\n<li><strong>Karczowanie terenu i kontrola ro\u015blinno\u015bci<\/strong>Te przek\u0142adnie s\u0105 r\u00f3wnie\u017c wykorzystywane w pracach karczowniczych, gdzie nap\u0119dzaj\u0105 glebogryzarki, kt\u00f3re pomagaj\u0105 usuwa\u0107 zanieczyszczenia, chwasty i przero\u015bni\u0119t\u0105 ro\u015blinno\u015b\u0107. U\u017cywaj\u0105c glebogryzarki obrotowej z przek\u0142adni\u0105, rolnicy i architekci krajobrazu mog\u0105 szybko przygotowa\u0107 wcze\u015bniej zaniedbane lub zaro\u015bni\u0119te tereny pod upraw\u0119 lub zabudow\u0119, zapewniaj\u0105c lepsz\u0105 kontrol\u0119 nad ro\u015blinno\u015bci\u0105 i bardziej efektywne u\u017cytkowanie grunt\u00f3w.<\/li>\n<li><strong>P\u0142odozmian i napowietrzanie gleby<\/strong>W systemach p\u0142odozmianu przek\u0142adnie glebogryzarek obrotowych wspomagaj\u0105 upraw\u0119 gleby pomi\u0119dzy kolejnymi sezonami siewu, napowietrzaj\u0105c gleb\u0119 i pomagaj\u0105c zwalcza\u0107 chwasty i szkodniki. Proces ten poprawia zdrowie gleby, zapewniaj\u0105c swobodny dop\u0142yw powietrza, wody i sk\u0142adnik\u00f3w od\u017cywczych do korzeni ro\u015blin. Regularne napowietrzanie gleby jest niezb\u0119dne dla maksymalizacji plon\u00f3w i utrzymania jej \u017cyzno\u015bci w d\u0142u\u017cszej perspektywie.<\/li>\n<li><strong>Konserwacja winnic i sad\u00f3w<\/strong>Przek\u0142adnie glebogryzarek obrotowych s\u0105 r\u00f3wnie\u017c powszechnie stosowane w winnicach i sadach. Pomagaj\u0105 one w utrzymaniu gleby mi\u0119dzy rz\u0119dami winoro\u015bli lub drzew, zapewniaj\u0105c niezb\u0119dne zabiegi uprawowe, kt\u00f3re utrzymuj\u0105 gleb\u0119 lu\u017an\u0105 i \u017cyzn\u0105. Zapewnia to optymalne warunki dla ro\u015blin owocuj\u0105cych, wspomagaj\u0105c wzrost i produktywno\u015b\u0107, szczeg\u00f3lnie w trwa\u0142ych systemach rolniczych, takich jak sady.<\/li>\n<li><strong>Ogrodnictwo i ogrodnictwo<\/strong>Poza rolnictwem na du\u017c\u0105 skal\u0119, przek\u0142adnie glebogryzarek obrotowych s\u0105 r\u00f3wnie\u017c szeroko stosowane w zastosowaniach na mniejsz\u0105 skal\u0119, takich jak ogrodnictwo i ogr\u00f3dki przydomowe. Ogrodnicy-amatorzy, architekci krajobrazu i szk\u00f3\u0142karze wykorzystuj\u0105 glebogryzarki obrotowe do przygotowania grz\u0105dek, tworzenia rz\u0119d\u00f3w kwiat\u00f3w i wydajnego mieszania sk\u0142adnik\u00f3w od\u017cywczych z gleby, co zapewnia zdrowy wzrost kwiat\u00f3w, warzyw i innych ro\u015blin.<\/li>\n<\/ol>\n<p>Og\u00f3lnie rzecz bior\u0105c, przek\u0142adnie glebogryzarek obrotowych odgrywaj\u0105 istotn\u0105 rol\u0119 w usprawnianiu proces\u00f3w uprawy gleby w wielu sektorach rolnictwa, kszta\u0142towania krajobrazu i ogrodnictwa, przyczyniaj\u0105c si\u0119 do zwi\u0119kszenia wydajno\u015bci, poprawy stanu gleby i zarz\u0105dzania gruntami.<\/p>\n<p><img loading=\"lazy\" decoding=\"async\" class=\"alignnone size-full wp-image-2102\" src=\"https:\/\/fmp-components.com\/wp-content\/uploads\/2024\/12\/PTO-Shaft-for-Rotary-Tiller-Gearbox.webp\" alt=\"Wa\u0142 odbioru mocy do przek\u0142adni glebogryzarki\" width=\"1000\" height=\"600\" title=\"\" srcset=\"https:\/\/fmp-components.com\/wp-content\/uploads\/2024\/12\/PTO-Shaft-for-Rotary-Tiller-Gearbox.webp 1000w, https:\/\/fmp-components.com\/wp-content\/uploads\/2024\/12\/PTO-Shaft-for-Rotary-Tiller-Gearbox-980x588.webp 980w, https:\/\/fmp-components.com\/wp-content\/uploads\/2024\/12\/PTO-Shaft-for-Rotary-Tiller-Gearbox-480x288.webp 480w\" sizes=\"(min-width: 0px) and (max-width: 480px) 480px, (min-width: 481px) and (max-width: 980px) 980px, (min-width: 981px) 1000px, 100vw\" \/><\/p>\n<h3>O FMP<\/h3>\n<p>Firma FMP, z siedzib\u0105 g\u0142\u00f3wn\u0105 we W\u0142oszech, to wiod\u0105cy producent, znany ze swojego do\u015bwiadczenia w projektowaniu, rozwoju i produkcji wysokowydajnych przek\u0142adni, obs\u0142uguj\u0105cych g\u0142\u00f3wnie przemys\u0142 maszyn rolniczych. Koncentruj\u0105c si\u0119 na precyzyjnej in\u017cynierii, innowacyjno\u015bci i niezawodno\u015bci, FMP zbudowa\u0142o reputacj\u0119 dostawcy wysokiej jako\u015bci produkt\u00f3w, kt\u00f3re spe\u0142niaj\u0105 zmieniaj\u0105ce si\u0119 potrzeby sektora rolniczego i przemys\u0142owego. Ich szeroka gama produkt\u00f3w obejmuje specjalistyczne przek\u0142adnie do kosiarek, wa\u0142y odbioru mocy (WOM) i inne niezb\u0119dne komponenty, zaprojektowane z my\u015bl\u0105 o oferowaniu rozwi\u0105za\u0144 dostosowanych do szerokiego zakresu zastosowa\u0144.<\/p>\n<p>W FMP zdajemy sobie spraw\u0119, \u017ce ka\u017cdy klient ma unikalne wymagania. Dlatego specjalizujemy si\u0119 w dostarczaniu rozwi\u0105za\u0144 szytych na miar\u0119, zar\u00f3wno dla pojedynczych komponent\u00f3w, jak i w pe\u0142ni zintegrowanych system\u00f3w. Dzi\u0119ki bliskiej wsp\u00f3\u0142pracy z klientami zapewniamy, \u017ce ka\u017cde rozwi\u0105zanie jest zar\u00f3wno wysoce skuteczne, jak i wydajne. Nasze zaanga\u017cowanie w zapewnianie szybkich, profesjonalnych odpowiedzi i fachowego doradztwa gwarantuje, \u017ce ka\u017cde zapytanie jest obs\u0142ugiwane z najwy\u017csz\u0105 staranno\u015bci\u0105 i precyzj\u0105.<\/p>\n<p>Przywi\u0105zujemy du\u017c\u0105 wag\u0119 do utrzymywania otwartej i ci\u0105g\u0142ej komunikacji, szczeg\u00f3lnie w obszarze rozwoju produkt\u00f3w. Nasz zaanga\u017cowany zesp\u00f3\u0142 wsp\u00f3\u0142pracuje bezpo\u015brednio z klientami, aby w pe\u0142ni zrozumie\u0107 ich potrzeby i wyzwania, oferuj\u0105c praktyczne spostrze\u017cenia, kt\u00f3re prowadz\u0105 do optymalnych rozwi\u0105za\u0144. Niezale\u017cnie od tego, czy projektujemy innowacyjne produkty, czy realizujemy istniej\u0105ce zam\u00f3wienia, FMP dok\u0142ada wszelkich stara\u0144, aby dostarcza\u0107 wysokiej jako\u015bci, precyzyjnie zaprojektowane rozwi\u0105zania, terminowe i niezawodne.<\/p>\n<p>Podstaw\u0105 dzia\u0142alno\u015bci FMP jest niezmienne zaanga\u017cowanie w jako\u015b\u0107. Przestrzegamy najwy\u017cszych standard\u00f3w produkcyjnych, dbaj\u0105c o to, aby ka\u017cdy produkt spe\u0142nia\u0142 lub przewy\u017csza\u0142 oczekiwania bran\u017cy. Dzi\u0119ki rygorystycznemu procesowi kontroli jako\u015bci gwarantujemy, \u017ce ka\u017cdy produkt jest bezb\u0142\u0119dny, odzwierciedlaj\u0105c nasze fundamentalne warto\u015bci: uczciwo\u015b\u0107, prac\u0119 zespo\u0142ow\u0105 i wytrwa\u0142o\u015b\u0107. Zasady te pomog\u0142y nam zbudowa\u0107 silne i trwa\u0142e relacje z klientami w prawie 30 krajach na ca\u0142ym \u015bwiecie.<\/p>\n<p>FMP d\u0105\u017cy do budowania d\u0142ugoterminowych, globalnych partnerstw oraz zapewniania fachowego doradztwa i rozwi\u0105za\u0144 dostosowanych do indywidualnych potrzeb naszych klient\u00f3w. Nie ograniczamy si\u0119 do dostarczania produkt\u00f3w; koncentrujemy si\u0119 na budowaniu trwa\u0142ych relacji, kt\u00f3re przyczyniaj\u0105 si\u0119 do sukcesu ka\u017cdego projektu. Niezale\u017cnie od tego, czy potrzebujesz nowych, innowacyjnych rozwi\u0105za\u0144, czy wsparcia dla istniej\u0105cego systemu, FMP jest do Twojej dyspozycji, aby sprosta\u0107 Twoim wyzwaniom technicznym i zapewni\u0107 Ci ci\u0105g\u0142y sukces.<\/p>\n<p><img loading=\"lazy\" decoding=\"async\" class=\"alignnone size-full wp-image-1861\" src=\"https:\/\/fmp-components.com\/wp-content\/uploads\/2024\/12\/Other-Agricultural-Gearboxes.webp\" sizes=\"(min-width: 0px) and (max-width: 480px) 480px, (min-width: 481px) and (max-width: 980px) 980px, (min-width: 981px) 1200px, 100vw\" srcset=\"https:\/\/fmp-components.com\/wp-content\/uploads\/2024\/12\/Other-Agricultural-Gearboxes.webp 1200w, https:\/\/fmp-components.com\/wp-content\/uploads\/2024\/12\/Other-Agricultural-Gearboxes-980x1143.webp 980w, https:\/\/fmp-components.com\/wp-content\/uploads\/2024\/12\/Other-Agricultural-Gearboxes-480x560.webp 480w\" alt=\"Inne zmiany rolnicze\" width=\"1200\" height=\"1400\" title=\"\"><\/p>\n<p>Autor: CX<\/p>","protected":false},"excerpt":{"rendered":"<p>Specifications of Rotary Tiller Gearbox TB-278C &nbsp; Description Rotary Tiller Gearboxes &#8211; Replacement of Comer Gearbox TB-278C Application Various (agricultural) applications Mowers Multi-row rotary tillers Consists of Gearbox Without oil Technical information If you have any questions regarding performance at different speeds, please do not hesitate to contact us. When using it for the first [&hellip;]<\/p>","protected":false},"featured_media":2109,"comment_status":"open","ping_status":"closed","template":"","meta":{"_et_pb_use_builder":"","_et_pb_old_content":"","_et_gb_content_width":""},"product_brand":[],"product_cat":[53],"product_tag":[],"class_list":{"0":"post-2101","1":"product","2":"type-product","3":"status-publish","4":"has-post-thumbnail","6":"product_cat-rotary-tiller-gearbox","8":"first","9":"instock","10":"shipping-taxable","11":"product-type-simple"},"_links":{"self":[{"href":"https:\/\/fmp-components.com\/pl\/wp-json\/wp\/v2\/product\/2101","targetHints":{"allow":["GET"]}}],"collection":[{"href":"https:\/\/fmp-components.com\/pl\/wp-json\/wp\/v2\/product"}],"about":[{"href":"https:\/\/fmp-components.com\/pl\/wp-json\/wp\/v2\/types\/product"}],"replies":[{"embeddable":true,"href":"https:\/\/fmp-components.com\/pl\/wp-json\/wp\/v2\/comments?post=2101"}],"wp:featuredmedia":[{"embeddable":true,"href":"https:\/\/fmp-components.com\/pl\/wp-json\/wp\/v2\/media\/2109"}],"wp:attachment":[{"href":"https:\/\/fmp-components.com\/pl\/wp-json\/wp\/v2\/media?parent=2101"}],"wp:term":[{"taxonomy":"product_brand","embeddable":true,"href":"https:\/\/fmp-components.com\/pl\/wp-json\/wp\/v2\/product_brand?post=2101"},{"taxonomy":"product_cat","embeddable":true,"href":"https:\/\/fmp-components.com\/pl\/wp-json\/wp\/v2\/product_cat?post=2101"},{"taxonomy":"product_tag","embeddable":true,"href":"https:\/\/fmp-components.com\/pl\/wp-json\/wp\/v2\/product_tag?post=2101"}],"curies":[{"name":"wp","href":"https:\/\/api.w.org\/{rel}","templated":true}]}}