{"id":2084,"date":"2024-12-30T03:14:12","date_gmt":"2024-12-30T03:14:12","guid":{"rendered":"https:\/\/fmp-components.com\/?page_id=8"},"modified":"2024-12-30T03:19:44","modified_gmt":"2024-12-30T03:19:44","slug":"rotary-tiller-gearboxes-replacement-of-comer-code-tb-19j","status":"publish","type":"product","link":"https:\/\/fmp-components.com\/pl\/product\/rotary-tiller-gearboxes-replacement-of-comer-code-tb-19j\/","title":{"rendered":"Przek\u0142adnie glebogryzarek obrotowych \u2013 wymiana kodu Comer TB-19J"},"content":{"rendered":"<p><img loading=\"lazy\" decoding=\"async\" class=\"alignnone size-full wp-image-2089\" src=\"https:\/\/fmp-components.com\/wp-content\/uploads\/2024\/12\/Rotary-Tiller-Gearbox-2.webp\" alt=\"Skrzynia bieg\u00f3w glebogryzarki obrotowej\" width=\"1280\" height=\"1280\" title=\"\" srcset=\"https:\/\/fmp-components.com\/wp-content\/uploads\/2024\/12\/Rotary-Tiller-Gearbox-2.webp 1280w, https:\/\/fmp-components.com\/wp-content\/uploads\/2024\/12\/Rotary-Tiller-Gearbox-2-980x980.webp 980w, https:\/\/fmp-components.com\/wp-content\/uploads\/2024\/12\/Rotary-Tiller-Gearbox-2-480x480.webp 480w\" sizes=\"(min-width: 0px) and (max-width: 480px) 480px, (min-width: 481px) and (max-width: 980px) 980px, (min-width: 981px) 1280px, 100vw\" \/><\/p>\n<h2>Szczeg\u00f3\u0142y przek\u0142adni glebogryzarki obrotowej TB-19J<\/h2>\n<p><img loading=\"lazy\" decoding=\"async\" class=\"alignnone size-full wp-image-2085\" src=\"https:\/\/fmp-components.com\/wp-content\/uploads\/2024\/12\/rotary-tiller-gearbox-TB-19J.webp\" alt=\"przek\u0142adnia glebogryzarki obrotowej TB-19J\" width=\"948\" height=\"678\" title=\"\" srcset=\"https:\/\/fmp-components.com\/wp-content\/uploads\/2024\/12\/rotary-tiller-gearbox-TB-19J.webp 948w, https:\/\/fmp-components.com\/wp-content\/uploads\/2024\/12\/rotary-tiller-gearbox-TB-19J-480x343.webp 480w\" sizes=\"(min-width: 0px) and (max-width: 480px) 480px, (min-width: 481px) 948px, 100vw\" \/><\/p>\n<table style=\"width: 91.0199%; height: 347px;\" border=\"1\">\n<tbody>\n<tr>\n<td style=\"width: 52.8504%;\"><strong>I<\/strong><\/td>\n<td style=\"width: 46.4371%;\">1.46<\/td>\n<\/tr>\n<tr>\n<td style=\"width: 52.8504%;\"><strong>N<sub>1<\/sub>[obr.\/min]<\/strong><\/td>\n<td style=\"width: 46.4371%;\">540<\/td>\n<\/tr>\n<tr>\n<td style=\"width: 52.8504%;\"><strong>P<sub>1<\/sub>[kW]<\/strong><\/td>\n<td style=\"width: 46.4371%;\">16.9<\/td>\n<\/tr>\n<tr>\n<td style=\"width: 52.8504%;\"><strong>M<sub>2<\/sub>[Nm]<\/strong><\/td>\n<td style=\"width: 46.4371%;\">423<\/td>\n<\/tr>\n<tr>\n<td style=\"width: 52.8504%;\"><strong>Wa\u0142 X\u00a0 \u00a0 \u00a0 \u00a0 \u00a0 \u00a0 \u00a0 \u00a0 \u00a0 \u00a0 \u00a0 \u00a0 \u00a0 \u00a0 \u00a0 \u00a0 \u00a0 \u00a0 <img loading=\"lazy\" decoding=\"async\" class=\"alignnone size-full wp-image-2086\" src=\"https:\/\/fmp-components.com\/wp-content\/uploads\/2024\/12\/shaft.webp\" alt=\"wa\u0142\" width=\"67\" height=\"65\" title=\"\" srcset=\"https:\/\/fmp-components.com\/wp-content\/uploads\/2024\/12\/shaft.webp 67w, https:\/\/fmp-components.com\/wp-content\/uploads\/2024\/12\/shaft-12x12.webp 12w\" sizes=\"(max-width: 67px) 100vw, 67px\" \/><\/strong><\/td>\n<td style=\"width: 46.4371%;\">30<\/td>\n<\/tr>\n<tr>\n<td style=\"width: 52.8504%;\"><strong>Wa\u0142 Z\u00a0 \u00a0 \u00a0 \u00a0 \u00a0 \u00a0 \u00a0 \u00a0 \u00a0 \u00a0 \u00a0 \u00a0 \u00a0 \u00a0 \u00a0 \u00a0 \u00a0 \u00a0<img loading=\"lazy\" decoding=\"async\" class=\"alignnone size-full wp-image-2087\" src=\"https:\/\/fmp-components.com\/wp-content\/uploads\/2024\/12\/shaft-x.webp\" alt=\"wa\u0142-x\" width=\"81\" height=\"78\" title=\"\" srcset=\"https:\/\/fmp-components.com\/wp-content\/uploads\/2024\/12\/shaft-x.webp 81w, https:\/\/fmp-components.com\/wp-content\/uploads\/2024\/12\/shaft-x-12x12.webp 12w\" sizes=\"(max-width: 81px) 100vw, 81px\" \/><\/strong><\/td>\n<td style=\"width: 46.4371%;\">1\u201d 3\/8 Z6<\/td>\n<\/tr>\n<tr>\n<td style=\"width: 52.8504%;\"><strong>Wej\u015bcie<\/strong><\/td>\n<td style=\"width: 46.4371%;\">Z<\/td>\n<\/tr>\n<\/tbody>\n<\/table>\n<h2>Wa\u0142y przegubowo-teleskopowe do przek\u0142adni glebogryzarek obrotowych<\/h2>\n<p>Wa\u0142 odbioru mocy (WOM) to kluczowy element s\u0142u\u017c\u0105cy do przenoszenia mocy mechanicznej z silnika ci\u0105gnika do przek\u0142adni glebogryzarki, umo\u017cliwiaj\u0105c jej wydajn\u0105 prac\u0119. Wa\u0142 odbioru mocy dzia\u0142a jak kana\u0142 \u0142\u0105cz\u0105cy WOM ci\u0105gnika ze skrzyni\u0105 bieg\u00f3w, u\u0142atwiaj\u0105c przekazywanie energii obrotowej niezb\u0119dnej do nap\u0119dzania z\u0119b\u00f3w glebogryzarki. Z\u0119by te odpowiadaj\u0105 za rozdrabnianie gleby, co sprawia, \u017ce wa\u0142 odbioru mocy jest integralnym elementem prac zwi\u0105zanych z przygotowaniem i upraw\u0105 gleby.<\/p>\n<h3>Elementy wa\u0142u odbioru mocy<\/h3>\n<p>Typowy wa\u0142 odbioru mocy sk\u0142ada si\u0119 z kilku kluczowych cz\u0119\u015bci:<\/p>\n<ul>\n<li>Jarzmo wej\u015bciowe: \u0141\u0105czy si\u0119 z wa\u0142em wyj\u015bciowym WOM ci\u0105gnika i przekazuje moc z silnika ci\u0105gnika do wa\u0142u WOM.<\/li>\n<li>Wa\u0142 nap\u0119dowy: Centralny element wa\u0142u odbioru mocy. Przenosi on moc obrotow\u0105 z jarzma wej\u015bciowego do jarzma wyj\u015bciowego.<\/li>\n<li>Jarzmo wyj\u015bciowe: Jarzmo wyj\u015bciowe \u0142\u0105czy wa\u0142 odbioru mocy z przek\u0142adni\u0105 glebogryzarki obrotowej, przekazuj\u0105c moc mechaniczn\u0105 do przek\u0142adni, kt\u00f3ra nast\u0119pnie nap\u0119dza z\u0119by uprawowe.<\/li>\n<\/ul>\n<h3>Funkcja i znaczenie<\/h3>\n<p>Wa\u0142 odbioru mocy (WOM) umo\u017cliwia wydajn\u0105 i precyzyjn\u0105 kontrol\u0119 pracy glebogryzarki, a w szczeg\u00f3lno\u015bci pr\u0119dko\u015bci i kierunku obrot\u00f3w z\u0119b\u00f3w. Dzi\u0119ki temu operator mo\u017ce dostosowa\u0107 prac\u0119 glebogryzarki do warunk\u00f3w glebowych i wymaganej g\u0142\u0119boko\u015bci uprawy. Wa\u0142 odbioru mocy (WOM) przyczynia si\u0119 r\u00f3wnie\u017c do maksymalizacji oszcz\u0119dno\u015bci paliwa, zapewniaj\u0105c efektywne przenoszenie mocy z silnika ci\u0105gnika na przek\u0142adni\u0119 glebogryzarki, co zmniejsza straty energii.<\/p>\n<h3>\u0141atwe pod\u0142\u0105czanie i od\u0142\u0105czanie<\/h3>\n<p>Jedn\u0105 z kluczowych zalet wa\u0142u odbioru mocy (WOM) jest \u0142atwo\u015b\u0107 jego monta\u017cu i demonta\u017cu. Zosta\u0142 on zaprojektowany z my\u015bl\u0105 o szybkim pod\u0142\u0105czaniu i od\u0142\u0105czaniu mi\u0119dzy ci\u0105gnikiem a przek\u0142adni\u0105 glebogryzarki, co u\u0142atwia operatorom prze\u0142\u0105czanie si\u0119 mi\u0119dzy r\u00f3\u017cnymi narz\u0119dziami lub wykonywanie prac konserwacyjnych.<\/p>\n<h3>Konserwacja i bezpiecze\u0144stwo<\/h3>\n<p>Prawid\u0142owa konserwacja i regulacja s\u0105 kluczowe dla zapewnienia optymalnej wydajno\u015bci i bezpiecze\u0144stwa wa\u0142u odbioru mocy. Nale\u017cy regularnie przeprowadza\u0107 kontrole zu\u017cycia, zw\u0142aszcza jarzm i wa\u0142u nap\u0119dowego. Prawid\u0142owe smarowanie i wyr\u00f3wnanie s\u0105 niezb\u0119dne, aby unikn\u0105\u0107 niepotrzebnego tarcia, przegrzania i potencjalnych awarii. Wa\u017cne jest, aby upewni\u0107 si\u0119, \u017ce wa\u0142 odbioru mocy jest bezpiecznie zamocowany zar\u00f3wno do ci\u0105gnika, jak i skrzyni bieg\u00f3w, aby zapobiec wypadkom, poniewa\u017c nieprawid\u0142owy monta\u017c mo\u017ce prowadzi\u0107 do uszkodze\u0144, a nawet obra\u017ce\u0144.<\/p>\n<p><img loading=\"lazy\" decoding=\"async\" class=\"alignnone size-full wp-image-2088\" src=\"https:\/\/fmp-components.com\/wp-content\/uploads\/2024\/12\/Agricultural-Gearbox-and-PTO-Drive-Shaft1.webp\" alt=\"Przek\u0142adnia rolnicza i wa\u0142 nap\u0119dowy WOM\" width=\"1200\" height=\"540\" title=\"\" srcset=\"https:\/\/fmp-components.com\/wp-content\/uploads\/2024\/12\/Agricultural-Gearbox-and-PTO-Drive-Shaft1.webp 1200w, https:\/\/fmp-components.com\/wp-content\/uploads\/2024\/12\/Agricultural-Gearbox-and-PTO-Drive-Shaft1-980x441.webp 980w, https:\/\/fmp-components.com\/wp-content\/uploads\/2024\/12\/Agricultural-Gearbox-and-PTO-Drive-Shaft1-480x216.webp 480w\" sizes=\"(min-width: 0px) and (max-width: 480px) 480px, (min-width: 481px) and (max-width: 980px) 980px, (min-width: 981px) 1200px, 100vw\" \/><\/p>\n<h3>Wa\u0142y odbioru mocy FMP<\/h3>\n<p>W FMP oferujemy szerok\u0105 gam\u0119 wa\u0142\u00f3w WOM zaprojektowanych specjalnie do przek\u0142adni glebogryzarek. Nasze wa\u0142y WOM zosta\u0142y zaprojektowane z my\u015bl\u0105 o trwa\u0142o\u015bci, \u0142atwo\u015bci u\u017cytkowania i optymalnym przenoszeniu mocy. Niezale\u017cnie od tego, czy szukasz standardowego wa\u0142u WOM, czy rozwi\u0105zania dostosowanego do Twojego sprz\u0119tu, FMP oferuje wysokiej jako\u015bci wa\u0142y WOM, kt\u00f3re spe\u0142niaj\u0105 wymagania maszyn rolniczych. Nasze produkty s\u0105 zaprojektowane tak, aby wytrzyma\u0107 trudne warunki panuj\u0105ce w rolnictwie, oferuj\u0105c niezawodn\u0105 i d\u0142ugotrwa\u0142\u0105 wydajno\u015b\u0107.<\/p>\n<p>Wa\u0142y odbioru mocy FMP s\u0105 kompatybilne z r\u00f3\u017cnymi przek\u0142adniami glebogryzarek i innego sprz\u0119tu rolniczego, zapewniaj\u0105c elastyczno\u015b\u0107 w szerokim zakresie zastosowa\u0144. Zale\u017cy nam na dostarczaniu produkt\u00f3w, kt\u00f3re nie tylko spe\u0142niaj\u0105, ale wr\u0119cz przewy\u017cszaj\u0105 standardy bran\u017cowe, gwarantuj\u0105c optymaln\u0105 wydajno\u015b\u0107 Pa\u0144stwa sprz\u0119tu przez wiele lat.<\/p>\n<p>Wa\u0142 odbioru mocy (WOM) jest niezb\u0119dnym elementem zapewniaj\u0105cym efektywne przenoszenie mocy mi\u0119dzy ci\u0105gnikiem a przek\u0142adni\u0105 glebogryzarki. Prawid\u0142owy dob\u00f3r, konserwacja i obs\u0142uga wa\u0142u WOM pozwalaj\u0105 zmaksymalizowa\u0107 wydajno\u015b\u0107 i \u017cywotno\u015b\u0107 sprz\u0119tu. FMP oferuje szerok\u0105 gam\u0119 wysokiej jako\u015bci wa\u0142\u00f3w WOM, spe\u0142niaj\u0105cych potrzeby nowoczesnego rolnictwa, pomagaj\u0105c w osi\u0105gni\u0119ciu niezawodnej i precyzyjnej uprawy roli przy ka\u017cdym u\u017cyciu.<\/p>\n<h3>O FMP<\/h3>\n<p>Firma FMP, z siedzib\u0105 g\u0142\u00f3wn\u0105 we W\u0142oszech, jest wiod\u0105cym producentem, znanym ze swojego do\u015bwiadczenia w projektowaniu, rozwoju i produkcji wysokowydajnych przek\u0142adni, g\u0142\u00f3wnie dla sektora maszyn rolniczych. Dzi\u0119ki ugruntowanej reputacji w zakresie precyzyjnej in\u017cynierii, innowacji i niezawodno\u015bci, FMP sta\u0142a si\u0119 zaufanym partnerem w zaspokajaniu zmieniaj\u0105cych si\u0119 potrzeb zar\u00f3wno rynku rolniczego, jak i przemys\u0142owego. Nasze kompleksowe portfolio produkt\u00f3w obejmuje specjalistyczne przek\u0142adnie do kosiarek, wa\u0142y odbioru mocy (WOM) i inne niezb\u0119dne komponenty, dostosowane do zapewnienia efektywnych rozwi\u0105za\u0144 w szerokim zakresie zastosowa\u0144.<\/p>\n<p>W FMP rozumiemy, \u017ce ka\u017cdy klient ma indywidualne potrzeby i wyzwania. Dlatego specjalizujemy si\u0119 w dostarczaniu rozwi\u0105za\u0144 dostosowanych do indywidualnych potrzeb, niezale\u017cnie od tego, czy potrzebujesz pojedynczych komponent\u00f3w, czy w pe\u0142ni zintegrowanych system\u00f3w. Stosujemy podej\u015bcie oparte na wsp\u00f3\u0142pracy, \u015bci\u015ble wsp\u00f3\u0142pracuj\u0105c z klientami, aby zapewni\u0107 skuteczno\u015b\u0107 i wydajno\u015b\u0107 ka\u017cdego rozwi\u0105zania. Nasze zaanga\u017cowanie w szybk\u0105, profesjonaln\u0105 odpowied\u017a i fachowe doradztwo gwarantuje, \u017ce ka\u017cde zapytanie zostanie rozpatrzone z najwy\u017csz\u0105 staranno\u015bci\u0105 i precyzj\u0105.<\/p>\n<p>Priorytetem jest dla nas otwarta i ci\u0105g\u0142a komunikacja, szczeg\u00f3lnie w procesie rozwoju nowych produkt\u00f3w. Nasz zaanga\u017cowany zesp\u00f3\u0142 \u015bci\u015ble wsp\u00f3\u0142pracuje z klientami, aby w pe\u0142ni zrozumie\u0107 ich potrzeby i dostarcza\u0107 praktyczne wnioski, kt\u00f3re prowadz\u0105 do najskuteczniejszych rozwi\u0105za\u0144. Niezale\u017cnie od tego, czy projektujemy innowacyjne produkty, czy realizujemy bie\u017c\u0105ce zam\u00f3wienia, FMP dok\u0142ada wszelkich stara\u0144, aby dostarcza\u0107 wysokiej jako\u015bci, precyzyjnie zaprojektowane rozwi\u0105zania na czas i za ka\u017cdym razem.<\/p>\n<p>Jako\u015b\u0107 jest podstaw\u0105 dzia\u0142alno\u015bci FMP. Przestrzegamy najwy\u017cszych standard\u00f3w produkcyjnych i wdra\u017camy rygorystyczne \u015brodki kontroli jako\u015bci, aby zapewni\u0107, \u017ce ka\u017cdy produkt spe\u0142nia lub przewy\u017csza oczekiwania bran\u017cy. Nasze nieustaj\u0105ce zaanga\u017cowanie w jako\u015b\u0107, w po\u0142\u0105czeniu z naszymi podstawowymi warto\u015bciami, takimi jak uczciwo\u015b\u0107, praca zespo\u0142owa i wytrwa\u0142o\u015b\u0107, pomog\u0142o nam nawi\u0105za\u0107 d\u0142ugotrwa\u0142e relacje z klientami w prawie 30 krajach.<\/p>\n<p>FMP zawsze ch\u0119tnie buduje globalne partnerstwa i z zaanga\u017cowaniem oferuje fachowe doradztwo oraz rozwi\u0105zania dopasowane do zr\u00f3\u017cnicowanych potrzeb naszych klient\u00f3w. Nasze podej\u015bcie wykracza poza samo dostarczanie produkt\u00f3w; koncentrujemy si\u0119 na budowaniu trwa\u0142ych relacji, kt\u00f3re przyczyniaj\u0105 si\u0119 do sukcesu ka\u017cdego projektu. Niezale\u017cnie od tego, czy potrzebujesz innowacyjnych rozwi\u0105za\u0144 dla nowego przedsi\u0119wzi\u0119cia, czy sta\u0142ego wsparcia dla istniej\u0105cego systemu, FMP jest do Twojej dyspozycji, aby sprosta\u0107 Twoim wyzwaniom technicznym i pom\u00f3c w zapewnieniu trwa\u0142ego sukcesu.<\/p>\n<p><img loading=\"lazy\" decoding=\"async\" class=\"alignnone size-full wp-image-1861\" src=\"https:\/\/fmp-components.com\/wp-content\/uploads\/2024\/12\/Other-Agricultural-Gearboxes.webp\" sizes=\"(min-width: 0px) and (max-width: 480px) 480px, (min-width: 481px) and (max-width: 980px) 980px, (min-width: 981px) 1200px, 100vw\" srcset=\"https:\/\/fmp-components.com\/wp-content\/uploads\/2024\/12\/Other-Agricultural-Gearboxes.webp 1200w, https:\/\/fmp-components.com\/wp-content\/uploads\/2024\/12\/Other-Agricultural-Gearboxes-980x1143.webp 980w, https:\/\/fmp-components.com\/wp-content\/uploads\/2024\/12\/Other-Agricultural-Gearboxes-480x560.webp 480w\" alt=\"Inne zmiany rolnicze\" width=\"1200\" height=\"1400\" title=\"\"><\/p>\n<p>Autor: CX<\/p>","protected":false},"excerpt":{"rendered":"<p>Rotary Tiller Gearbox TB-19J Details i 1.46 N1[rpm] 540 P1[kW] 16.9 M2[Nm] 423 Shaft X\u00a0 \u00a0 \u00a0 \u00a0 \u00a0 \u00a0 \u00a0 \u00a0 \u00a0 \u00a0 \u00a0 \u00a0 \u00a0 \u00a0 \u00a0 \u00a0 \u00a0 \u00a0 30 Shaft Z\u00a0 \u00a0 \u00a0 \u00a0 \u00a0 \u00a0 \u00a0 \u00a0 \u00a0 \u00a0 \u00a0 \u00a0 \u00a0 \u00a0 \u00a0 \u00a0 \u00a0 \u00a0 1&#8221; 3\/8 Z6 [&hellip;]<\/p>","protected":false},"featured_media":2089,"comment_status":"open","ping_status":"closed","template":"","meta":{"_et_pb_use_builder":"","_et_pb_old_content":"","_et_gb_content_width":""},"product_brand":[],"product_cat":[53],"product_tag":[],"class_list":{"0":"post-2084","1":"product","2":"type-product","3":"status-publish","4":"has-post-thumbnail","6":"product_cat-rotary-tiller-gearbox","8":"first","9":"instock","10":"shipping-taxable","11":"product-type-simple"},"_links":{"self":[{"href":"https:\/\/fmp-components.com\/pl\/wp-json\/wp\/v2\/product\/2084","targetHints":{"allow":["GET"]}}],"collection":[{"href":"https:\/\/fmp-components.com\/pl\/wp-json\/wp\/v2\/product"}],"about":[{"href":"https:\/\/fmp-components.com\/pl\/wp-json\/wp\/v2\/types\/product"}],"replies":[{"embeddable":true,"href":"https:\/\/fmp-components.com\/pl\/wp-json\/wp\/v2\/comments?post=2084"}],"wp:featuredmedia":[{"embeddable":true,"href":"https:\/\/fmp-components.com\/pl\/wp-json\/wp\/v2\/media\/2089"}],"wp:attachment":[{"href":"https:\/\/fmp-components.com\/pl\/wp-json\/wp\/v2\/media?parent=2084"}],"wp:term":[{"taxonomy":"product_brand","embeddable":true,"href":"https:\/\/fmp-components.com\/pl\/wp-json\/wp\/v2\/product_brand?post=2084"},{"taxonomy":"product_cat","embeddable":true,"href":"https:\/\/fmp-components.com\/pl\/wp-json\/wp\/v2\/product_cat?post=2084"},{"taxonomy":"product_tag","embeddable":true,"href":"https:\/\/fmp-components.com\/pl\/wp-json\/wp\/v2\/product_tag?post=2084"}],"curies":[{"name":"wp","href":"https:\/\/api.w.org\/{rel}","templated":true}]}}