{"id":2072,"date":"2024-12-30T03:01:06","date_gmt":"2024-12-30T03:01:06","guid":{"rendered":"https:\/\/fmp-components.com\/?page_id=8"},"modified":"2024-12-30T03:09:00","modified_gmt":"2024-12-30T03:09:00","slug":"rotary-tiller-gearboxes-replacement-of-comer-code-t-281j","status":"publish","type":"product","link":"https:\/\/fmp-components.com\/pl\/product\/rotary-tiller-gearboxes-replacement-of-comer-code-t-281j\/","title":{"rendered":"Przek\u0142adnie glebogryzarek obrotowych \u2013 wymiana kodu Comer T-281J"},"content":{"rendered":"<h2>Przek\u0142adnie glebogryzarek obrotowych \u2013 wymiana kodu Comer T-281J<\/h2>\n<p>Przek\u0142adnia do glebogryzarki obrotowej, zast\u0119puj\u0105ca przek\u0142adni\u0119 Comer Code T-281J, to solidna i wydajna skrzynia bieg\u00f3w zaprojektowana z my\u015bl\u0105 o efektywnym przenoszeniu mocy i p\u0142ynnej pracy glebogryzarek obrotowych wykorzystywanych w r\u00f3\u017cnych zastosowaniach rolniczych. Zaprojektowana do intensywnego u\u017cytkowania, przek\u0142adnia ta idealnie nadaje si\u0119 do rozdrabniania gleby, przygotowywania gruntu pod zasiew oraz \u0142atwego radzenia sobie z trudnymi warunkami glebowymi. Jest bezpo\u015brednim zamiennikiem przek\u0142adni Comer T-281J, zapewniaj\u0105c doskona\u0142e dopasowanie i niezawodn\u0105 prac\u0119.<\/p>\n<p><img loading=\"lazy\" decoding=\"async\" class=\"alignnone size-full wp-image-2082\" src=\"https:\/\/fmp-components.com\/wp-content\/uploads\/2024\/12\/Rotary-Tiller-Gearbox-1.webp\" alt=\"Skrzynia bieg\u00f3w glebogryzarki obrotowej\" width=\"1280\" height=\"1280\" title=\"\" srcset=\"https:\/\/fmp-components.com\/wp-content\/uploads\/2024\/12\/Rotary-Tiller-Gearbox-1.webp 1280w, https:\/\/fmp-components.com\/wp-content\/uploads\/2024\/12\/Rotary-Tiller-Gearbox-1-980x980.webp 980w, https:\/\/fmp-components.com\/wp-content\/uploads\/2024\/12\/Rotary-Tiller-Gearbox-1-480x480.webp 480w\" sizes=\"(min-width: 0px) and (max-width: 480px) 480px, (min-width: 481px) and (max-width: 980px) 980px, (min-width: 981px) 1280px, 100vw\" \/><\/p>\n<h3>G\u0142\u00f3wne cechy:<\/h3>\n<ol>\n<li>Trwa\u0142a konstrukcja: Wykonana z materia\u0142\u00f3w najwy\u017cszej jako\u015bci przek\u0142adnia zosta\u0142a zaprojektowana tak, aby wytrzyma\u0107 trudy ci\u0105g\u0142ej pracy w trudnych warunkach rolniczych, zapewniaj\u0105c zwi\u0119kszon\u0105 trwa\u0142o\u015b\u0107 i d\u0142ug\u0105 \u017cywotno\u015b\u0107.<\/li>\n<li>Wysoka wydajno\u015b\u0107: Skrzynia bieg\u00f3w zapewnia sprawne przenoszenie mocy z WOM (wa\u0142u odbioru mocy) ci\u0105gnika na ostrza glebogryzarki, co pozwala zoptymalizowa\u0107 przygotowanie gleby przy minimalnej stracie mocy i wi\u0119kszej oszcz\u0119dno\u015bci paliwa.<\/li>\n<li>Precyzyjna in\u017cynieria: Nacisk na precyzj\u0119 i niezawodno\u015b\u0107 zosta\u0142 po\u0142o\u017cony na przek\u0142adni\u0119 wyposa\u017con\u0105 w precyzyjnie doci\u0119te ko\u0142a z\u0119bate i bardzo wytrzyma\u0142e \u0142o\u017cyska, co zapewnia p\u0142ynn\u0105 prac\u0119 i mniejsze zu\u017cycie z biegiem czasu.<\/li>\n<li>Odporno\u015b\u0107 na korozj\u0119: Skrzynia bieg\u00f3w jest pokryta pow\u0142okami odpornymi na korozj\u0119, dzi\u0119ki czemu wytrzymuje dzia\u0142anie wilgoci, chemikali\u00f3w i innych trudnych warunk\u00f3w \u015brodowiskowych, co zapewnia trwa\u0142o\u015b\u0107 i ci\u0105g\u0142\u0105 wydajno\u015b\u0107 w trudnych warunkach rolniczych.<\/li>\n<li>Niskie wymagania konserwacyjne: Skrzynia bieg\u00f3w zosta\u0142a zaprojektowana z my\u015bl\u0105 o \u0142atwej konserwacji. Wymaga minimalnej konserwacji. \u0141atwy dost\u0119p do wlewu oleju i korka spustowego sprawia, \u017ce \u200b\u200brutynowe smarowanie i serwisowanie staj\u0105 si\u0119 prostymi zadaniami.<\/li>\n<li>Wszechstronno\u015b\u0107: Kompatybilna z r\u00f3\u017cnymi glebogryzarkami, uniwersalna konstrukcja przek\u0142adni pozwala na jej zastosowanie w szerokiej gamie maszyn rolniczych, co czyni j\u0105 niezawodnym rozwi\u0105zaniem dla rolnik\u00f3w i profesjonalist\u00f3w z bran\u017cy rolnej.<\/li>\n<\/ol>\n<h3>Korzy\u015bci:<\/h3>\n<ul>\n<li>Lepsza wydajno\u015b\u0107: Zapewnia niezawodn\u0105 i ci\u0105g\u0142\u0105 prac\u0119, gwarantuj\u0105c sta\u0142\u0105 g\u0142\u0119boko\u015b\u0107 uprawy i r\u00f3wnomierne obracanie gleby.<\/li>\n<li>Oszcz\u0119dno\u015b\u0107: Ta przek\u0142adnia jest bezpo\u015brednim zamiennikiem przek\u0142adni Comer T-281J i stanowi niedrogie rozwi\u0105zanie pozwalaj\u0105ce utrzyma\u0107 maksymaln\u0105 wydajno\u015b\u0107 glebogryzarki bez konieczno\u015bci zakupu nowego, kosztownego sprz\u0119tu.<\/li>\n<li>Wi\u0119ksza niezawodno\u015b\u0107: Koncentruj\u0105c si\u0119 na trwa\u0142o\u015bci i \u0142atwo\u015bci konserwacji, przek\u0142adnia redukuje przestoje i koszty konserwacji, oferuj\u0105c niezawodn\u0105 prac\u0119 w d\u0142ugim okresie.<\/li>\n<\/ul>\n<p>Przek\u0142adnia glebogryzarki obrotowej \u2013 zamiennik Comer Code T-281J to wysokiej jako\u015bci, wydajne i trwa\u0142e rozwi\u0105zanie do zastosowa\u0144 rolniczych wymagaj\u0105cych solidnego sprz\u0119tu uprawowego. Precyzyjna konstrukcja, odporno\u015b\u0107 na korozj\u0119 i \u0142atwa konserwacja sprawiaj\u0105, \u017ce jest to cenny element dla os\u00f3b, kt\u00f3re chc\u0105 dba\u0107 o swoje glebogryzarki obrotowe z minimalnym wysi\u0142kiem i maksymaln\u0105 wydajno\u015bci\u0105.<\/p>\n<table style=\"width: 100%;\" border=\"1\" width=\"100%\" cellspacing=\"0\" cellpadding=\"0\">\n<tbody>\n<tr>\n<th>Opis<\/th>\n<td>Przek\u0142adnie glebogryzarek obrotowych \u2013 wymiana kodu Comer T-281J<\/td>\n<\/tr>\n<tr>\n<th>Aplikacja<\/th>\n<td>R\u00f3\u017cne zastosowania (rolnicze),<br \/>\nKosiarki,<br \/>\nGlebogryzarki wielorz\u0119dowe,<br \/>\nPi\u0142y ta\u015bmowe<\/td>\n<\/tr>\n<tr>\n<th>Sk\u0142ada si\u0119 z<\/th>\n<td>Skrzynia bieg\u00f3w<\/td>\n<\/tr>\n<tr>\n<th>Bez oleju<\/th>\n<td>Informacje techniczne<\/td>\n<\/tr>\n<tr>\n<th><\/th>\n<td>Je\u015bli masz pytania dotycz\u0105ce wydajno\u015bci przy innych pr\u0119dko\u015bciach, nie wahaj si\u0119 z nami skontaktowa\u0107.<\/td>\n<\/tr>\n<tr>\n<th><\/th>\n<td>Przy pierwszym u\u017cyciu olej nale\u017cy wymieni\u0107 po 50 godzinach pracy.<\/td>\n<\/tr>\n<tr>\n<th>Maksymalny moment wyj\u015bciowy<\/th>\n<td>29,4 daNm<\/td>\n<\/tr>\n<tr>\n<th>Zawiera olej<\/th>\n<td>NIE<\/td>\n<\/tr>\n<tr>\n<th>Maksymalna pojemno\u015b\u0107 oleju<\/th>\n<td>0,5 l<\/td>\n<\/tr>\n<tr>\n<th>Maksymalny odst\u0119p mi\u0119dzy wymianami oleju<\/th>\n<td>500 godzin<\/td>\n<\/tr>\n<tr>\n<th>Klasa lepko\u015bci oleju SAE<\/th>\n<td>80W-90<\/td>\n<\/tr>\n<tr>\n<th>Materia\u0142 obudowy<\/th>\n<td>Aluminium<\/td>\n<\/tr>\n<tr>\n<th>Waga<\/th>\n<td>7 kg<\/td>\n<\/tr>\n<tr>\n<th>Zwi\u0119kszenie uk\u0142adu przek\u0142adni<\/th>\n<td>23 &#8211; 24<\/td>\n<\/tr>\n<tr>\n<th>Uk\u0142ad przek\u0142adni redukuj\u0105cy<\/th>\n<td>3 &#8211; 4<\/td>\n<\/tr>\n<tr>\n<th>Moc wej\u015bciowa kW \/ KM wzrasta<\/th>\n<td>14,7 \/ 20 kW\/KM<\/td>\n<\/tr>\n<tr>\n<th>Zwi\u0119kszanie wa\u0142u wej\u015bciowego<\/th>\n<td>X<\/td>\n<\/tr>\n<tr>\n<th>Przek\u0142adnia wa\u0142u wej\u015bciowego<\/th>\n<td>Z<\/td>\n<\/tr>\n<tr>\n<th>Moc wej\u015bciowa kW \/ KM Zmniejszenie<\/th>\n<td>11,8 \/ 16 kW\/KM<\/td>\n<\/tr>\n<tr>\n<th>Moment obrotowy wyj\u015bciowy DaNm wzrasta<\/th>\n<td>17,2 daNm<\/td>\n<\/tr>\n<tr>\n<th>Wsp\u00f3\u0142czynnik wzrastaj\u0105cy<\/th>\n<td>1 : 1.46<\/td>\n<\/tr>\n<tr>\n<th>Zmniejszanie wsp\u00f3\u0142czynnika<\/th>\n<td>1.46 : 1<\/td>\n<\/tr>\n<tr>\n<th>Wa\u0142 X<\/th>\n<td>1 3\/8&#8243; (6)<\/td>\n<\/tr>\n<tr>\n<th>Wa\u0142 Z<\/th>\n<td>1 3\/8\u2033 (6) (E)<\/td>\n<\/tr>\n<\/tbody>\n<\/table>\n<p><img loading=\"lazy\" decoding=\"async\" class=\"alignnone size-full wp-image-2081\" src=\"https:\/\/fmp-components.com\/wp-content\/uploads\/2024\/12\/Rotary-Tiller-Gearboxes-\u2013-Replacement-of-Comer-Code-T-281J.webp\" alt=\"Skrzynia bieg\u00f3w glebogryzarki obrotowej\" width=\"955\" height=\"639\" title=\"\" srcset=\"https:\/\/fmp-components.com\/wp-content\/uploads\/2024\/12\/Rotary-Tiller-Gearboxes-\u2013-Replacement-of-Comer-Code-T-281J.webp 955w, https:\/\/fmp-components.com\/wp-content\/uploads\/2024\/12\/Rotary-Tiller-Gearboxes-\u2013-Replacement-of-Comer-Code-T-281J-300x201.webp 300w, https:\/\/fmp-components.com\/wp-content\/uploads\/2024\/12\/Rotary-Tiller-Gearboxes-\u2013-Replacement-of-Comer-Code-T-281J-768x514.webp 768w, https:\/\/fmp-components.com\/wp-content\/uploads\/2024\/12\/Rotary-Tiller-Gearboxes-\u2013-Replacement-of-Comer-Code-T-281J-18x12.webp 18w, https:\/\/fmp-components.com\/wp-content\/uploads\/2024\/12\/Rotary-Tiller-Gearboxes-\u2013-Replacement-of-Comer-Code-T-281J-480x321.webp 480w, https:\/\/fmp-components.com\/wp-content\/uploads\/2024\/12\/Rotary-Tiller-Gearboxes-\u2013-Replacement-of-Comer-Code-T-281J-600x401.webp 600w\" sizes=\"(max-width: 955px) 100vw, 955px\" \/><\/p>\n<p><img loading=\"lazy\" decoding=\"async\" class=\"alignnone size-full wp-image-2080\" src=\"https:\/\/fmp-components.com\/wp-content\/uploads\/2024\/12\/Rotary-Tiller-Gearboxes-\u2013-Replacement-of-Comer-Code-T-281J-1.webp\" alt=\"Skrzynia bieg\u00f3w glebogryzarki obrotowej\" width=\"945\" height=\"229\" title=\"\" srcset=\"https:\/\/fmp-components.com\/wp-content\/uploads\/2024\/12\/Rotary-Tiller-Gearboxes-\u2013-Replacement-of-Comer-Code-T-281J-1.webp 945w, https:\/\/fmp-components.com\/wp-content\/uploads\/2024\/12\/Rotary-Tiller-Gearboxes-\u2013-Replacement-of-Comer-Code-T-281J-1-300x73.webp 300w, https:\/\/fmp-components.com\/wp-content\/uploads\/2024\/12\/Rotary-Tiller-Gearboxes-\u2013-Replacement-of-Comer-Code-T-281J-1-768x186.webp 768w, https:\/\/fmp-components.com\/wp-content\/uploads\/2024\/12\/Rotary-Tiller-Gearboxes-\u2013-Replacement-of-Comer-Code-T-281J-1-18x4.webp 18w, https:\/\/fmp-components.com\/wp-content\/uploads\/2024\/12\/Rotary-Tiller-Gearboxes-\u2013-Replacement-of-Comer-Code-T-281J-1-480x116.webp 480w, https:\/\/fmp-components.com\/wp-content\/uploads\/2024\/12\/Rotary-Tiller-Gearboxes-\u2013-Replacement-of-Comer-Code-T-281J-1-600x145.webp 600w\" sizes=\"(max-width: 945px) 100vw, 945px\" \/><\/p>\n<h3>O FMP<\/h3>\n<p>Firma FMP, z siedzib\u0105 g\u0142\u00f3wn\u0105 we W\u0142oszech, jest wiod\u0105cym producentem specjalizuj\u0105cym si\u0119 w projektowaniu, rozwoju i produkcji wysokowydajnych przek\u0142adni do maszyn rolniczych. Znana z precyzyjnej in\u017cynierii, innowacyjnego podej\u015bcia i niezmiennej niezawodno\u015bci, oferujemy szerok\u0105 gam\u0119 przek\u0142adni, w tym przek\u0142adnie do kosiarek, a tak\u017ce niezb\u0119dne komponenty, takie jak wa\u0142y odbioru mocy (WOM). Nasz\u0105 misj\u0105 jest oferowanie rozwi\u0105za\u0144 dostosowanych do indywidualnych potrzeb, precyzyjnie odpowiadaj\u0105cych unikalnym potrzebom sektora rolniczego i przemys\u0142owego, zar\u00f3wno poprzez pojedyncze produkty, jak i w pe\u0142ni zintegrowane systemy.<\/p>\n<p>W FMP zdajemy sobie spraw\u0119, \u017ce ka\u017cdy klient ma indywidualne wymagania. Dlatego specjalizujemy si\u0119 w dostarczaniu rozwi\u0105za\u0144 szytych na miar\u0119, zaprojektowanych tak, aby spe\u0142ni\u0107 te specyficzne potrzeby. Niezale\u017cnie od tego, czy szukasz specjalistycznej skrzyni bieg\u00f3w, czy kompletnego systemu, \u015bci\u015ble wsp\u00f3\u0142pracujemy z Tob\u0105, aby opracowa\u0107 najbardziej efektywne i wydajne rozwi\u0105zanie. Nasze zaanga\u017cowanie w szybk\u0105, profesjonaln\u0105 obs\u0142ug\u0119 i fachowe doradztwo gwarantuje, \u017ce ka\u017cde zapytanie jest obs\u0142ugiwane z najwy\u017csz\u0105 staranno\u015bci\u0105 i precyzj\u0105.<\/p>\n<p>Przywi\u0105zujemy du\u017c\u0105 wag\u0119 do wspierania otwartej komunikacji i wsp\u00f3\u0142pracy z naszymi klientami, szczeg\u00f3lnie podczas rozwoju nowych produkt\u00f3w. Nasz zaanga\u017cowany zesp\u00f3\u0142 wsp\u00f3\u0142pracuje z klientami, aby w pe\u0142ni zrozumie\u0107 ich wyzwania, dostarczaj\u0105c im cennych informacji, kt\u00f3re prowadz\u0105 do optymalnych rozwi\u0105za\u0144. Niezale\u017cnie od tego, czy tworzymy nowe produkty, czy realizujemy bie\u017c\u0105ce zam\u00f3wienia, zawsze d\u0105\u017cymy do dostarczania wysokiej jako\u015bci, precyzyjnie zaprojektowanych rozwi\u0105za\u0144 na czas i za ka\u017cdym razem.<\/p>\n<p>Jako\u015b\u0107 jest podstaw\u0105 wszystkiego, co robimy w FMP. Nasze procesy produkcyjne spe\u0142niaj\u0105 najwy\u017csze standardy bran\u017cowe, gwarantuj\u0105c dok\u0142adno\u015b\u0107 i brak wad. Wdra\u017camy rygorystyczne procedury kontroli jako\u015bci, kt\u00f3re gwarantuj\u0105, \u017ce ka\u017cdy produkt spe\u0142nia lub przewy\u017csza oczekiwania klient\u00f3w. To zaanga\u017cowanie w d\u0105\u017cenie do doskona\u0142o\u015bci, w po\u0142\u0105czeniu z naszymi podstawowymi warto\u015bciami, takimi jak uczciwo\u015b\u0107, praca zespo\u0142owa i wytrwa\u0142o\u015b\u0107, pozwoli\u0142o nam zbudowa\u0107 trwa\u0142e relacje z klientami w prawie 30 krajach na ca\u0142ym \u015bwiecie.<\/p>\n<p>FMP jest zawsze otwarta na nawi\u0105zywanie globalnych partnerstw i oferowanie eksperckiego doradztwa oraz rozwi\u0105za\u0144 dostosowanych do indywidualnych potrzeb naszych klient\u00f3w. Nasze podej\u015bcie wykracza poza samo dostarczanie produkt\u00f3w \u2013 koncentrujemy si\u0119 na budowaniu d\u0142ugoterminowych relacji, kt\u00f3re przyczyniaj\u0105 si\u0119 do wsp\u00f3lnego sukcesu. Niezale\u017cnie od tego, czy szukasz innowacyjnych rozwi\u0105za\u0144 dla nowego projektu, czy potrzebujesz wsparcia dla istniej\u0105cego systemu, FMP z zaanga\u017cowaniem stawia czo\u0142a Twoim wyzwaniom technicznym i zapewnia sta\u0142y sukces.<\/p>\n<p><img loading=\"lazy\" decoding=\"async\" class=\"alignnone size-full wp-image-1861\" src=\"https:\/\/fmp-components.com\/wp-content\/uploads\/2024\/12\/Other-Agricultural-Gearboxes.webp\" sizes=\"(min-width: 0px) and (max-width: 480px) 480px, (min-width: 481px) and (max-width: 980px) 980px, (min-width: 981px) 1200px, 100vw\" srcset=\"https:\/\/fmp-components.com\/wp-content\/uploads\/2024\/12\/Other-Agricultural-Gearboxes.webp 1200w, https:\/\/fmp-components.com\/wp-content\/uploads\/2024\/12\/Other-Agricultural-Gearboxes-980x1143.webp 980w, https:\/\/fmp-components.com\/wp-content\/uploads\/2024\/12\/Other-Agricultural-Gearboxes-480x560.webp 480w\" alt=\"Inne zmiany rolnicze\" width=\"1200\" height=\"1400\" title=\"\"><\/p>\n<p>Autor: CX<\/p>","protected":false},"excerpt":{"rendered":"<p>Rotary Tiller Gearboxes \u2013 Replacement of Comer Code T-281J The Rotary Tiller Gearbox, replacing Comer Code T-281J, is a robust and high-performance gearbox designed to deliver efficient power transfer and ensure the smooth operation of rotary tillers used in various agricultural applications. Engineered for heavy-duty use, this gearbox is ideal for breaking up soil, preparing [&hellip;]<\/p>","protected":false},"featured_media":2082,"comment_status":"open","ping_status":"closed","template":"","meta":{"_et_pb_use_builder":"","_et_pb_old_content":"","_et_gb_content_width":""},"product_brand":[],"product_cat":[53],"product_tag":[],"class_list":{"0":"post-2072","1":"product","2":"type-product","3":"status-publish","4":"has-post-thumbnail","6":"product_cat-rotary-tiller-gearbox","8":"first","9":"instock","10":"shipping-taxable","11":"product-type-simple"},"_links":{"self":[{"href":"https:\/\/fmp-components.com\/pl\/wp-json\/wp\/v2\/product\/2072","targetHints":{"allow":["GET"]}}],"collection":[{"href":"https:\/\/fmp-components.com\/pl\/wp-json\/wp\/v2\/product"}],"about":[{"href":"https:\/\/fmp-components.com\/pl\/wp-json\/wp\/v2\/types\/product"}],"replies":[{"embeddable":true,"href":"https:\/\/fmp-components.com\/pl\/wp-json\/wp\/v2\/comments?post=2072"}],"wp:featuredmedia":[{"embeddable":true,"href":"https:\/\/fmp-components.com\/pl\/wp-json\/wp\/v2\/media\/2082"}],"wp:attachment":[{"href":"https:\/\/fmp-components.com\/pl\/wp-json\/wp\/v2\/media?parent=2072"}],"wp:term":[{"taxonomy":"product_brand","embeddable":true,"href":"https:\/\/fmp-components.com\/pl\/wp-json\/wp\/v2\/product_brand?post=2072"},{"taxonomy":"product_cat","embeddable":true,"href":"https:\/\/fmp-components.com\/pl\/wp-json\/wp\/v2\/product_cat?post=2072"},{"taxonomy":"product_tag","embeddable":true,"href":"https:\/\/fmp-components.com\/pl\/wp-json\/wp\/v2\/product_tag?post=2072"}],"curies":[{"name":"wp","href":"https:\/\/api.w.org\/{rel}","templated":true}]}}