{"id":2039,"date":"2024-12-30T01:00:18","date_gmt":"2024-12-30T01:00:18","guid":{"rendered":"https:\/\/fmp-components.com\/?page_id=8"},"modified":"2024-12-30T01:08:49","modified_gmt":"2024-12-30T01:08:49","slug":"agricultural-lawn-mower-gearbox-fmp-140","status":"publish","type":"product","link":"https:\/\/fmp-components.com\/pl\/product\/agricultural-lawn-mower-gearbox-fmp-140\/","title":{"rendered":"Skrzynia bieg\u00f3w kosiarki rolniczej FMP-140"},"content":{"rendered":"<h2>Przek\u0142adnia kosiarki rolniczej FMP-140 \u2013 Wprowadzenie do produktu<\/h2>\n<p>Przek\u0142adnia FMP-140 do kosiarki rolniczej to wysokowydajna i trwa\u0142a przek\u0142adnia zaprojektowana specjalnie do kosiarek i innych maszyn rolniczych. Zaprojektowana przez FMP, wiod\u0105cego producenta precyzyjnych przek\u0142adni, przek\u0142adnia FMP-140 \u0142\u0105czy niezawodno\u015b\u0107, wydajno\u015b\u0107 i d\u0142ugotrwa\u0142\u0105 prac\u0119, spe\u0142niaj\u0105c wymagania zar\u00f3wno w zastosowaniach komercyjnych, jak i przydomowych.<\/p>\n<p><strong>G\u0142\u00f3wne cechy:<\/strong><\/p>\n<ol>\n<li><strong>Solidna konstrukcja:<\/strong> Model FMP-140 zosta\u0142 wykonany z wysokiej jako\u015bci materia\u0142\u00f3w, aby sprosta\u0107 trudnym warunkom pracy w rolnictwie. Jego trwa\u0142a konstrukcja gwarantuje wytrzyma\u0142o\u015b\u0107 i d\u0142ug\u0105 \u017cywotno\u015b\u0107, nawet w trudnych warunkach.<\/li>\n<li><strong>Wysoka wydajno\u015b\u0107:<\/strong> Ta przek\u0142adnia zosta\u0142a zaprojektowana z my\u015bl\u0105 o maksymalizacji wydajno\u015bci operacyjnej, zapewniaj\u0105c p\u0142ynne przenoszenie mocy przy minimalnych stratach energii. Zapewnia optymaln\u0105 wydajno\u015b\u0107 kosiarek do trawy, dostarczaj\u0105c ostrzom sta\u0142\u0105 moc, co gwarantuje czyste i precyzyjne ci\u0119cie.<\/li>\n<li><strong>Kompaktowy i lekki:<\/strong> Przek\u0142adnia FMP-140 charakteryzuje si\u0119 kompaktow\u0105 i lekk\u0105 konstrukcj\u0105, co u\u0142atwia jej monta\u017c i integracj\u0119 z r\u00f3\u017cnymi systemami kosiarek. Pomimo niewielkich rozmiar\u00f3w, nie wp\u0142ywa to negatywnie na moc ani wydajno\u015b\u0107.<\/li>\n<li><strong>Wszechstronno\u015b\u0107:<\/strong> FMP-140 jest niezwykle wszechstronny i mo\u017ce by\u0107 stosowany w r\u00f3\u017cnych maszynach rolniczych, w tym kosiarkach rotacyjnych, podkaszarkach i innych podobnych urz\u0105dzeniach. Jego wszechstronno\u015b\u0107 sprawia, \u017ce \u200b\u200bjest to niezawodny wyb\u00f3r do r\u00f3\u017cnorodnych zastosowa\u0144.<\/li>\n<li><strong>\u0141atwa konserwacja:<\/strong> Przek\u0142adnia FMP-140 zosta\u0142a zaprojektowana z my\u015bl\u0105 o \u0142atwo\u015bci konserwacji. Jej prosta, a zarazem solidna konstrukcja zapewnia bezproblemow\u0105, rutynow\u0105 konserwacj\u0119, minimalizuj\u0105c przestoje i zapewniaj\u0105c p\u0142ynn\u0105 prac\u0119.<\/li>\n<li><strong>Opcje dostosowywania:<\/strong> Firma FMP oferuje opcje personalizacji przek\u0142adni FMP-140, pozwalaj\u0105ce na dostosowanie jej do konkretnych potrzeb klienta, w tym modyfikacje wa\u0142\u00f3w wej\u015bciowych\/wyj\u015bciowych, \u015brednicy \u0142o\u017cysk i konfiguracji monta\u017cowych.<\/li>\n<\/ol>\n<p><strong>Zastosowania:<\/strong><\/p>\n<ul>\n<li>Kosiarki rolnicze<\/li>\n<li>Kosiarki rotacyjne<\/li>\n<li>Podkaszarki<\/li>\n<li>Maszyny do piel\u0119gnacji trawnik\u00f3w<\/li>\n<li>Inne maszyny rolnicze wymagaj\u0105ce wydajnego przeniesienia nap\u0119du<\/li>\n<\/ul>\n<table style=\"width: 96.2203%; height: 596px;\" border=\"1\" width=\"100%\" cellspacing=\"0\" cellpadding=\"0\">\n<tbody>\n<tr>\n<td width=\"110\"><img loading=\"lazy\" decoding=\"async\" class=\"alignnone size-full wp-image-2040\" src=\"https:\/\/fmp-components.com\/wp-content\/uploads\/2024\/12\/FMP_agricultural-gearbox-HC-140-2.webp\" alt=\"FMP_przek\u0142adnia-rolnicza-HC-140-2\" width=\"413\" height=\"553\" title=\"\" srcset=\"https:\/\/fmp-components.com\/wp-content\/uploads\/2024\/12\/FMP_agricultural-gearbox-HC-140-2.webp 413w, https:\/\/fmp-components.com\/wp-content\/uploads\/2024\/12\/FMP_agricultural-gearbox-HC-140-2-224x300.webp 224w, https:\/\/fmp-components.com\/wp-content\/uploads\/2024\/12\/FMP_agricultural-gearbox-HC-140-2-9x12.webp 9w\" sizes=\"(max-width: 413px) 100vw, 413px\" \/><\/td>\n<td width=\"98\"><img loading=\"lazy\" decoding=\"async\" class=\"alignnone size-full wp-image-2041\" src=\"https:\/\/fmp-components.com\/wp-content\/uploads\/2024\/12\/Lawn-Mower-Gearbox-9.webp\" alt=\"Skrzynia bieg\u00f3w kosiarki\" width=\"500\" height=\"500\" title=\"\" srcset=\"https:\/\/fmp-components.com\/wp-content\/uploads\/2024\/12\/Lawn-Mower-Gearbox-9.webp 500w, https:\/\/fmp-components.com\/wp-content\/uploads\/2024\/12\/Lawn-Mower-Gearbox-9-480x480.webp 480w\" sizes=\"(min-width: 0px) and (max-width: 480px) 480px, (min-width: 481px) 500px, 100vw\" \/><\/td>\n<\/tr>\n<\/tbody>\n<\/table>\n<table style=\"width: 97.407%; height: 214px;\" border=\"1\">\n<tbody>\n<tr>\n<td style=\"width: 31.0059%;\"><strong>PRZEDMIOT<\/strong><\/td>\n<td style=\"width: 68.284%;\">FMP-140<\/td>\n<\/tr>\n<tr>\n<td style=\"width: 31.0059%;\"><strong>Stosunek<\/strong><\/td>\n<td style=\"width: 68.284%;\">1:1.5\/1:1.93<\/td>\n<\/tr>\n<tr>\n<td style=\"width: 31.0059%;\"><strong>Z\u0119by<\/strong><\/td>\n<td style=\"width: 68.284%;\">21\/14 27\/14<\/td>\n<\/tr>\n<tr>\n<td style=\"width: 31.0059%;\"><strong>Modu\u0142<\/strong><\/td>\n<td style=\"width: 68.284%;\">\u00a05.7 \/5.64<\/td>\n<\/tr>\n<tr>\n<td style=\"width: 31.0059%;\"><strong>Moc (KM)<\/strong><\/td>\n<td style=\"width: 68.284%;\">60<\/td>\n<\/tr>\n<tr>\n<td style=\"width: 31.0059%;\"><strong>Znamionowe wej\u015bcie<\/strong><\/td>\n<td style=\"width: 68.284%;\">540 obr.\/min<\/td>\n<\/tr>\n<tr>\n<td style=\"width: 31.0059%;\"><strong>Opis wej\u015bcia\/wyj\u015bcia<\/strong><\/td>\n<td style=\"width: 68.284%;\">1-3\/8 Z6 Sto\u017ckowy rowek<\/td>\n<\/tr>\n<tr>\n<td style=\"width: 31.0059%;\"><strong>Waga (NW)<\/strong><\/td>\n<td style=\"width: 68.284%;\">30 kg<\/td>\n<\/tr>\n<\/tbody>\n<\/table>\n<article class=\"w-full scroll-mb-[var(--thread-trailing-height,150px)] text-token-text-primary focus-visible:outline-2 focus-visible:outline-offset-[-4px]\" dir=\"auto\" data-testid=\"conversation-turn-11\" data-scroll-anchor=\"true\">\n<div class=\"m-auto text-base py-[18px] px-3 md:px-4 w-full md:px-5 lg:px-4 xl:px-5\">\n<div class=\"mx-auto flex flex-1 gap-4 text-base md:gap-5 lg:gap-6 md:max-w-3xl lg:max-w-[40rem] xl:max-w-[48rem]\">\n<div class=\"group\/conversation-turn relative flex w-full min-w-0 flex-col agent-turn\">\n<div class=\"flex-col gap-1 md:gap-3\">\n<div class=\"flex max-w-full flex-col flex-grow\">\n<div class=\"min-h-8 text-message flex w-full flex-col items-end gap-2 whitespace-normal break-words text-start [.text-message+&amp;]:mt-5\" dir=\"auto\" data-message-author-role=\"assistant\" data-message-id=\"34732349-e34e-4f41-bcf6-f51e6a4c4ca7\" data-message-model-slug=\"gpt-4o\">\n<div class=\"flex w-full flex-col gap-1 empty:hidden first:pt-[3px]\">\n<div class=\"markdown prose w-full break-words dark:prose-invert light\">\n<h2>Zalety przek\u0142adni kosiarki rolniczej FMP-140<\/h2>\n<p>Przek\u0142adnia kosiarki rolniczej FMP-140 zosta\u0142a zaprojektowana specjalnie z my\u015bl\u0105 o zwi\u0119kszeniu wydajno\u015bci, efektywno\u015bci i trwa\u0142o\u015bci kosiarek i innych maszyn rolniczych. Oto kluczowe zalety wyboru przek\u0142adni FMP-140:<\/p>\n<ol>\n<li>Wyj\u0105tkowa trwa\u0142o\u015b\u0107 i d\u0142ugowieczno\u015b\u0107:\n<ul>\n<li>Skrzynia bieg\u00f3w FMP-140 zosta\u0142a wykonana z wysokiej jako\u015bci materia\u0142\u00f3w i precyzyjnie wykonana, co gwarantuje solidn\u0105 i trwa\u0142\u0105 konstrukcj\u0119, odporn\u0105 na intensywne u\u017cytkowanie.<\/li>\n<li>Jego trwa\u0142a konstrukcja wytrzymuje trudy trudnych warunk\u00f3w rolniczych, zmniejszaj\u0105c potrzeb\u0119 cz\u0119stych napraw lub wymian.<\/li>\n<\/ul>\n<\/li>\n<li>Zwi\u0119kszona wydajno\u015b\u0107 operacyjna:\n<ul>\n<li>Przek\u0142adnia zosta\u0142a zaprojektowana tak, aby zapewni\u0107 maksymaln\u0105 wydajno\u015b\u0107 przenoszenia mocy, minimalizuj\u0105c straty energii pomi\u0119dzy silnikiem a ostrzami tn\u0105cymi.<\/li>\n<li>Taka wydajno\u015b\u0107 przek\u0142ada si\u0119 na lepsz\u0105 oszcz\u0119dno\u015b\u0107 paliwa, ni\u017csze koszty eksploatacji i lepsz\u0105 og\u00f3ln\u0105 wydajno\u015b\u0107, dzi\u0119ki czemu jest to op\u0142acalny wyb\u00f3r zar\u00f3wno w zastosowaniach komercyjnych, jak i domowych.<\/li>\n<\/ul>\n<\/li>\n<li>Wszechstronno\u015b\u0107 w r\u00f3\u017cnych zastosowaniach:\n<ul>\n<li>Przek\u0142adnia FMP-140 jest kompatybilna z szerok\u0105 gam\u0105 maszyn rolniczych i maszyn do piel\u0119gnacji trawnik\u00f3w, w tym kosiarek rotacyjnych, wykaszarek i urz\u0105dze\u0144 do piel\u0119gnacji murawy.<\/li>\n<li>Uniwersalna konstrukcja pozwala na zastosowanie urz\u0105dzenia w r\u00f3\u017cnych typach maszyn do koszenia trawnik\u00f3w i piel\u0119gnacji teren\u00f3w zielonych, zapewniaj\u0105c elastyczne rozwi\u0105zanie dla r\u00f3\u017cnych potrzeb operacyjnych.<\/li>\n<\/ul>\n<\/li>\n<li>Kompaktowy i lekki:\n<ul>\n<li>Mimo solidnej konstrukcji, FMP-140 zosta\u0142 zaprojektowany tak, aby by\u0142 kompaktowy i lekki, dzi\u0119ki czemu \u0142atwiej go zainstalowa\u0107 i zintegrowa\u0107 z r\u00f3\u017cnymi systemami.<\/li>\n<li>Zmniejsza to ca\u0142kowit\u0105 mas\u0119 maszyny, poprawiaj\u0105c jej zwrotno\u015b\u0107 i \u0142atwo\u015b\u0107 obs\u0142ugi podczas pracy.<\/li>\n<\/ul>\n<\/li>\n<li>Niskie koszty utrzymania i \u0142atwo\u015b\u0107 serwisowania:\n<ul>\n<li>Przek\u0142adnia FMP-140 zosta\u0142a zaprojektowana z my\u015bl\u0105 o \u0142atwej konserwacji. Jej podzespo\u0142y s\u0105 \u0142atwo dost\u0119pne w celu rutynowego serwisowania i napraw.<\/li>\n<li>Prosta konstrukcja minimalizuje potrzeb\u0119 stosowania specjalistycznych narz\u0119dzi i wiedzy technicznej, co pozwala ograniczy\u0107 koszty konserwacji i przestoje.<\/li>\n<\/ul>\n<\/li>\n<\/ol>\n<p>Przek\u0142adnia FMP-140 do kosiarki rolniczej oferuje liczne zalety, dzi\u0119ki czemu stanowi idealny wyb\u00f3r dla ka\u017cdego, kto poszukuje niezawodnej, wydajnej i trwa\u0142ej przek\u0142adni do kosiarek i maszyn rolniczych. Dzi\u0119ki swojej wszechstronno\u015bci, \u0142atwo\u015bci konserwacji i doskona\u0142ej wydajno\u015bci w trudnych warunkach, przek\u0142adnia FMP-140 zosta\u0142a zaprojektowana z my\u015bl\u0105 o doskona\u0142ej relacji jako\u015bci do ceny i d\u0142ugotrwa\u0142ej niezawodno\u015bci w terenie.<\/p>\n<p><img loading=\"lazy\" decoding=\"async\" class=\"alignnone  wp-image-1961\" src=\"https:\/\/fmp-components.com\/wp-content\/uploads\/2024\/12\/Lawn-Mower-Gearbox-1.webp\" alt=\"Skrzynia bieg\u00f3w kosiarki\" width=\"928\" height=\"620\" title=\"\" srcset=\"https:\/\/fmp-components.com\/wp-content\/uploads\/2024\/12\/Lawn-Mower-Gearbox-1.webp 928w, https:\/\/fmp-components.com\/wp-content\/uploads\/2024\/12\/Lawn-Mower-Gearbox-1-480x321.webp 480w\" sizes=\"(min-width: 0px) and (max-width: 480px) 480px, (min-width: 481px) 928px, 100vw\" \/><\/p>\n<\/div>\n<\/div>\n<\/div>\n<\/div>\n<\/div>\n<\/div>\n<\/div>\n<\/div>\n<\/article>\n<h3>Dlaczego warto wybra\u0107 skrzyni\u0119 bieg\u00f3w FMP-140?<\/h3>\n<p>Kosiarka FMP-140 zosta\u0142a zaprojektowana z my\u015bl\u0105 o wysokiej wydajno\u015bci, niezawodno\u015bci i \u0142atwo\u015bci u\u017cytkowania. Dzi\u0119ki zaanga\u017cowaniu firmy FMP w precyzj\u0119 i jako\u015b\u0107, przek\u0142adnia FMP-140 gwarantuje wydajn\u0105 i efektywn\u0105 prac\u0119 kosiarki nawet w trudnych warunkach. Niezale\u017cnie od tego, czy zajmujesz si\u0119 utrzymaniem du\u017cych posiad\u0142o\u015bci, nieruchomo\u015bci komercyjnych, czy p\u00f3l uprawnych, ta przek\u0142adnia zapewnia niezawodno\u015b\u0107 i moc niezb\u0119dn\u0105 do uzyskania doskona\u0142ych rezultat\u00f3w koszenia.<\/p>\n<p>Aby uzyska\u0107 wi\u0119cej informacji lub zapyta\u0107 o opcje niestandardowe, skontaktuj si\u0119 z FMP ju\u017c dzi\u015b. Zale\u017cy nam na dostarczaniu najlepszych rozwi\u0105za\u0144 dostosowanych do Twoich indywidualnych potrzeb.<\/p>\n<h3>O FMP<\/h3>\n<p>Firma FMP z siedzib\u0105 we W\u0142oszech jest uznanym liderem w projektowaniu, rozwoju i produkcji wysokowydajnych przek\u0142adni, koncentruj\u0105c si\u0119 przede wszystkim na sektorze maszyn rolniczych. Znana z do\u015bwiadczenia w precyzyjnej in\u017cynierii, innowacji i niezawodno\u015bci, firma FMP zyska\u0142a reputacj\u0119 dostawcy wysokiej jako\u015bci produkt\u00f3w, kt\u00f3re odpowiadaj\u0105 zmieniaj\u0105cym si\u0119 potrzebom bran\u017cy rolniczej i przemys\u0142owej. Nasza zr\u00f3\u017cnicowana oferta produkt\u00f3w obejmuje specjalistyczne przek\u0142adnie do kosiarek, wa\u0142y odbioru mocy (WOM) oraz szereg niezb\u0119dnych komponent\u00f3w, wszystkie zaprojektowane tak, aby zapewni\u0107 rozwi\u0105zania dopasowane do szerokiego spektrum zastosowa\u0144.<\/p>\n<p>W FMP rozumiemy, \u017ce ka\u017cdy klient ma indywidualne potrzeby. Dlatego specjalizujemy si\u0119 w oferowaniu rozwi\u0105za\u0144 niestandardowych \u2013 zar\u00f3wno pojedynczych komponent\u00f3w, jak i w pe\u0142ni zintegrowanych system\u00f3w. Stosujemy podej\u015bcie oparte na wsp\u00f3\u0142pracy, \u015bci\u015ble wsp\u00f3\u0142pracuj\u0105c z naszymi klientami, aby zapewni\u0107 skuteczno\u015b\u0107 i wydajno\u015b\u0107 ka\u017cdego rozwi\u0105zania. Nasze zaanga\u017cowanie w szybk\u0105, profesjonaln\u0105 obs\u0142ug\u0119 i fachowe doradztwo gwarantuje, \u017ce ka\u017cde zapytanie zostanie obs\u0142u\u017cone z precyzj\u0105 i dba\u0142o\u015bci\u0105.<\/p>\n<p>Przywi\u0105zujemy du\u017c\u0105 wag\u0119 do otwartej i ci\u0105g\u0142ej komunikacji, szczeg\u00f3lnie w obszarze rozwoju produkt\u00f3w. Nasz zesp\u00f3\u0142 wsp\u00f3\u0142pracuje bezpo\u015brednio z klientami, aby w pe\u0142ni zrozumie\u0107 ich specyficzne wyzwania, oferuj\u0105c praktyczne spostrze\u017cenia, kt\u00f3re prowadz\u0105 do optymalnych rozwi\u0105za\u0144. Niezale\u017cnie od tego, czy opracowujemy nowe produkty, czy realizujemy istniej\u0105ce zam\u00f3wienia, nasze zaanga\u017cowanie w dostarczanie wysokiej jako\u015bci, precyzyjnie zaprojektowanych rozwi\u0105za\u0144 pozostaje niezmienne.<\/p>\n<p>Jako\u015b\u0107 jest fundamentem wszystkiego, co robimy w FMP. Przestrzegamy najwy\u017cszych standard\u00f3w produkcji i wdra\u017camy rygorystyczne procesy kontroli jako\u015bci, aby zapewni\u0107, \u017ce ka\u017cdy produkt spe\u0142nia lub przewy\u017csza oczekiwania bran\u017cy. Nasze nieustaj\u0105ce zaanga\u017cowanie w jako\u015b\u0107, w po\u0142\u0105czeniu z naszymi podstawowymi warto\u015bciami, takimi jak uczciwo\u015b\u0107, praca zespo\u0142owa i wytrwa\u0142o\u015b\u0107, pomog\u0142o nam zbudowa\u0107 d\u0142ugotrwa\u0142e relacje z klientami w prawie 30 krajach na ca\u0142ym \u015bwiecie.<\/p>\n<p>FMP jest zawsze otwarta na globalne partnerstwa i z zaanga\u017cowaniem zapewnia fachowe doradztwo oraz rozwi\u0105zania dostosowane do indywidualnych potrzeb naszych klient\u00f3w. Nie ograniczamy si\u0119 do dostarczania produkt\u00f3w \u2013 koncentrujemy si\u0119 na budowaniu trwa\u0142ych relacji, gwarantuj\u0105c sukces ka\u017cdego projektu. Niezale\u017cnie od tego, czy szukasz innowacyjnych rozwi\u0105za\u0144 dla nowej inicjatywy, czy potrzebujesz wsparcia dla istniej\u0105cego systemu, FMP z zaanga\u017cowaniem stawia czo\u0142a Twoim wyzwaniom technicznym i pomaga Ci osi\u0105gn\u0105\u0107 trwa\u0142y sukces.<\/p>\n<p><img loading=\"lazy\" decoding=\"async\" class=\"alignnone size-full wp-image-1861\" src=\"https:\/\/fmp-components.com\/wp-content\/uploads\/2024\/12\/Other-Agricultural-Gearboxes.webp\" sizes=\"(min-width: 0px) and (max-width: 480px) 480px, (min-width: 481px) and (max-width: 980px) 980px, (min-width: 981px) 1200px, 100vw\" srcset=\"https:\/\/fmp-components.com\/wp-content\/uploads\/2024\/12\/Other-Agricultural-Gearboxes.webp 1200w, https:\/\/fmp-components.com\/wp-content\/uploads\/2024\/12\/Other-Agricultural-Gearboxes-980x1143.webp 980w, https:\/\/fmp-components.com\/wp-content\/uploads\/2024\/12\/Other-Agricultural-Gearboxes-480x560.webp 480w\" alt=\"Inne zmiany rolnicze\" width=\"1200\" height=\"1400\" title=\"\"><\/p>\n<p>Autor: CX<\/p>\n<p>&nbsp;<\/p>","protected":false},"excerpt":{"rendered":"<p>Agricultural Lawn Mower Gearbox FMP-140 \u2013 Product Introduction The FMP-140 Agricultural Lawn Mower Gearbox is a high-performance, durable gearbox designed specifically for lawn mowers and other agricultural machinery. Engineered by FMP, a leading manufacturer of precision gearboxes, the FMP-140 combines reliability, efficiency, and long-lasting performance to meet the demands of both commercial and residential mowing [&hellip;]<\/p>","protected":false},"featured_media":2041,"comment_status":"open","ping_status":"closed","template":"","meta":{"_et_pb_use_builder":"","_et_pb_old_content":"","_et_gb_content_width":""},"product_brand":[],"product_cat":[52],"product_tag":[],"class_list":{"0":"post-2039","1":"product","2":"type-product","3":"status-publish","4":"has-post-thumbnail","6":"product_cat-lawn-mower-gearbox","8":"first","9":"instock","10":"shipping-taxable","11":"product-type-simple"},"_links":{"self":[{"href":"https:\/\/fmp-components.com\/pl\/wp-json\/wp\/v2\/product\/2039","targetHints":{"allow":["GET"]}}],"collection":[{"href":"https:\/\/fmp-components.com\/pl\/wp-json\/wp\/v2\/product"}],"about":[{"href":"https:\/\/fmp-components.com\/pl\/wp-json\/wp\/v2\/types\/product"}],"replies":[{"embeddable":true,"href":"https:\/\/fmp-components.com\/pl\/wp-json\/wp\/v2\/comments?post=2039"}],"wp:featuredmedia":[{"embeddable":true,"href":"https:\/\/fmp-components.com\/pl\/wp-json\/wp\/v2\/media\/2041"}],"wp:attachment":[{"href":"https:\/\/fmp-components.com\/pl\/wp-json\/wp\/v2\/media?parent=2039"}],"wp:term":[{"taxonomy":"product_brand","embeddable":true,"href":"https:\/\/fmp-components.com\/pl\/wp-json\/wp\/v2\/product_brand?post=2039"},{"taxonomy":"product_cat","embeddable":true,"href":"https:\/\/fmp-components.com\/pl\/wp-json\/wp\/v2\/product_cat?post=2039"},{"taxonomy":"product_tag","embeddable":true,"href":"https:\/\/fmp-components.com\/pl\/wp-json\/wp\/v2\/product_tag?post=2039"}],"curies":[{"name":"wp","href":"https:\/\/api.w.org\/{rel}","templated":true}]}}