{"id":2035,"date":"2024-12-30T00:46:25","date_gmt":"2024-12-30T00:46:25","guid":{"rendered":"https:\/\/fmp-components.com\/?page_id=8"},"modified":"2024-12-30T00:57:51","modified_gmt":"2024-12-30T00:57:51","slug":"agricultural-lawn-mower-gearbox-fmp-55","status":"publish","type":"product","link":"https:\/\/fmp-components.com\/pl\/product\/agricultural-lawn-mower-gearbox-fmp-55\/","title":{"rendered":"Skrzynia bieg\u00f3w kosiarki rolniczej FMP-55"},"content":{"rendered":"<h2>Cechy przek\u0142adni kosiarki rolniczej FMP-55<\/h2>\n<p>Przek\u0142adnia kosiarki rolniczej FMP-55 zosta\u0142a zaprojektowana z my\u015bl\u0105 o wysokiej wydajno\u015bci, trwa\u0142o\u015bci i niezawodno\u015bci, spe\u0142niaj\u0105c rygorystyczne wymagania dotycz\u0105ce koszenia trawnik\u00f3w w rolnictwie. Zaprojektowana do intensywnego u\u017cytkowania, FMP-55 zapewnia p\u0142ynn\u0105 prac\u0119, d\u0142ugotrwa\u0142\u0105 eksploatacj\u0119 i wydajne przenoszenie mocy. Najwa\u017cniejsze cechy FMP-55 to:<\/p>\n<ol>\n<li><strong>Ci\u0119\u017cka konstrukcja<\/strong><br \/>\nModel FMP-55 zosta\u0142 wykonany z materia\u0142\u00f3w o wysokiej wytrzyma\u0142o\u015bci, dzi\u0119ki czemu nadaje si\u0119 do pracy w trudnych warunkach rolniczych. Jego solidna konstrukcja gwarantuje doskona\u0142\u0105 odporno\u015b\u0107 na zu\u017cycie, wstrz\u0105sy i ekstremalne obci\u0105\u017cenia eksploatacyjne.<\/li>\n<li><strong>Wysoka no\u015bno\u015b\u0107 momentu obrotowego<\/strong><br \/>\nTa przek\u0142adnia zosta\u0142a zaprojektowana z my\u015bl\u0105 o wysokim momencie obrotowym, dzi\u0119ki czemu idealnie nadaje si\u0119 do ci\u0119\u017ckich zada\u0144 zwi\u0105zanych z koszeniem, w tym do pracy w g\u0119stej trawie, zaro\u015blach i na nier\u00f3wnym terenie. Przek\u0142adnia FMP-55 zapewnia efektywne przenoszenie mocy z silnika na ostrza.<\/li>\n<li><strong>In\u017cynieria precyzyjna<\/strong><br \/>\nPrzek\u0142adnia FMP-55 wyposa\u017cona jest w precyzyjnie obrobione ko\u0142a z\u0119bate, kt\u00f3re zapewniaj\u0105 p\u0142ynne przenoszenie mocy, minimalizuj\u0105c wibracje i zu\u017cycie. Ta precyzja in\u017cynieryjna poprawia og\u00f3ln\u0105 wydajno\u015b\u0107, sprawno\u015b\u0107 operacyjn\u0105 i wyd\u0142u\u017ca \u017cywotno\u015b\u0107 przek\u0142adni.<\/li>\n<li><strong>Wydajne przenoszenie mocy<\/strong><br \/>\nZaprojektowany z my\u015bl\u0105 o maksymalnej efektywno\u015bci energetycznej, kosiarka FMP-55 redukuje straty energii podczas transmisji. To poprawia oszcz\u0119dno\u015b\u0107 paliwa, zmniejsza obci\u0105\u017cenie silnika i zapewnia optymaln\u0105 wydajno\u015b\u0107 podczas d\u0142ugich sesji koszenia.<\/li>\n<li><strong>Kompaktowy i lekki<\/strong><br \/>\nPomimo solidnych cech, kosiarka FMP-55 zosta\u0142a zaprojektowana tak, aby by\u0142a kompaktowa i lekka. Dzi\u0119ki temu zmniejsza si\u0119 jej ca\u0142kowita masa, poprawia si\u0119 jej zwrotno\u015b\u0107 oraz u\u0142atwia monta\u017c i obs\u0142ug\u0119.<\/li>\n<li><strong>Niskie wymagania konserwacyjne<\/strong><br \/>\nPrzek\u0142adnia FMP-55 wymaga minimalnej konserwacji dzi\u0119ki elementom samosmaruj\u0105cym i trwa\u0142ym uszczelnieniom. Zmniejsza to cz\u0119stotliwo\u015b\u0107 przegl\u0105d\u00f3w i zapewnia ci\u0105g\u0142o\u015b\u0107 pracy, obni\u017caj\u0105c og\u00f3lne koszty utrzymania.<\/li>\n<\/ol>\n<p>Przek\u0142adnia kosiarki rolniczej FMP-55 to solidne, niezawodne i wydajne rozwi\u0105zanie do r\u00f3\u017cnorodnych zastosowa\u0144. Zaprojektowana z my\u015bl\u0105 o obs\u0142udze du\u017cych obci\u0105\u017ce\u0144, ograniczeniu konieczno\u015bci konserwacji i zapewnieniu p\u0142ynnego przenoszenia mocy, jest idealnym wyborem dla profesjonalist\u00f3w z bran\u017cy rolniczej poszukuj\u0105cych wydajnych przek\u0142adni, kt\u00f3re sprawdz\u0105 si\u0119 w trudnych warunkach.<\/p>\n<h2>Specyfikacja<\/h2>\n<table style=\"width: 96.2203%; height: 596px;\" border=\"1\" width=\"100%\" cellspacing=\"0\" cellpadding=\"0\">\n<tbody>\n<tr>\n<td width=\"110\"><img loading=\"lazy\" decoding=\"async\" class=\"alignnone size-full wp-image-2037\" src=\"https:\/\/fmp-components.com\/wp-content\/uploads\/2024\/12\/fmp_agricultural-gearbox-HC-55-2.webp\" alt=\"fmp_agricultural-gearbox-HC-55\" width=\"400\" height=\"486\" title=\"\" srcset=\"https:\/\/fmp-components.com\/wp-content\/uploads\/2024\/12\/fmp_agricultural-gearbox-HC-55-2.webp 400w, https:\/\/fmp-components.com\/wp-content\/uploads\/2024\/12\/fmp_agricultural-gearbox-HC-55-2-247x300.webp 247w, https:\/\/fmp-components.com\/wp-content\/uploads\/2024\/12\/fmp_agricultural-gearbox-HC-55-2-10x12.webp 10w\" sizes=\"(max-width: 400px) 100vw, 400px\" \/><\/td>\n<td width=\"98\"><img loading=\"lazy\" decoding=\"async\" class=\"alignnone size-full wp-image-2036\" src=\"https:\/\/fmp-components.com\/wp-content\/uploads\/2024\/12\/Agricultural-Lawn-Mower-Gearbox-FMP-55.webp\" alt=\"Skrzynia bieg\u00f3w kosiarki rolniczej FMP-55\" width=\"500\" height=\"500\" title=\"\" srcset=\"https:\/\/fmp-components.com\/wp-content\/uploads\/2024\/12\/Agricultural-Lawn-Mower-Gearbox-FMP-55.webp 500w, https:\/\/fmp-components.com\/wp-content\/uploads\/2024\/12\/Agricultural-Lawn-Mower-Gearbox-FMP-55-480x480.webp 480w\" sizes=\"(min-width: 0px) and (max-width: 480px) 480px, (min-width: 481px) 500px, 100vw\" \/><\/td>\n<\/tr>\n<\/tbody>\n<\/table>\n<table style=\"width: 100%;\" border=\"1\" width=\"100%\" cellspacing=\"0\" cellpadding=\"0\">\n<tbody>\n<tr>\n<th>Przedmiot<\/th>\n<td>FMP-55<\/td>\n<\/tr>\n<tr>\n<th>Stosunek<\/th>\n<td>1:1.6<\/td>\n<\/tr>\n<tr>\n<th>Z\u0119by<\/th>\n<td>15\/24<\/td>\n<\/tr>\n<tr>\n<th>Modu\u0142<\/th>\n<td>6.0<\/td>\n<\/tr>\n<tr>\n<th>Moc (KM)<\/th>\n<td>50<\/td>\n<\/tr>\n<tr>\n<th>Znamionowe wej\u015bcie<\/th>\n<td>540 obr.\/min<\/td>\n<\/tr>\n<tr>\n<th>Opis wej\u015bcia\/wyj\u015bcia<\/th>\n<td>1-3\/8 Z6, wa\u0142 wielowypustowy z podstaw\u0105 sto\u017ckow\u0105<\/td>\n<\/tr>\n<tr>\n<th>Waga (NW)<\/th>\n<td>28,7 kg<\/td>\n<\/tr>\n<tr>\n<th>Tworzywo<\/th>\n<td>\u2013 HT250 do mieszka\u0144<br \/>\n\u2013 20CrMnTi na wa\u0142ek przek\u0142adni<br \/>\n\u2013 Aluminium na p\u0142yt\u0119<\/td>\n<\/tr>\n<\/tbody>\n<\/table>\n<h3>Dostarczamy r\u00f3wnie\u017c wa\u0142y odbioru mocy<\/h3>\n<p>FMP, zaufany i niezawodny producent wa\u0142k\u00f3w WOM z siedzib\u0105 w Chinach, dok\u0142ada wszelkich stara\u0144, aby dostarcza\u0107 wysokiej jako\u015bci wa\u0142y WOM, zaprojektowane z my\u015bl\u0105 o optymalnej wydajno\u015bci i trwa\u0142o\u015bci. Oferujemy szerok\u0105 gam\u0119 wa\u0142k\u00f3w WOM, dostosowanych do zr\u00f3\u017cnicowanych potrzeb maszyn rolniczych i przemys\u0142owych. Nasze wa\u0142y WOM s\u0105 dost\u0119pne z r\u00f3\u017cnymi \u015brednicami \u0142o\u017cysk, co zapewnia kompatybilno\u015b\u0107 z r\u00f3\u017cnymi urz\u0105dzeniami i zastosowaniami.<\/p>\n<p>Niezale\u017cnie od tego, czy potrzebujesz wa\u0142u przegubowo-teleskopowego do skrzyni bieg\u00f3w w maszynie rolniczej, kosiarki rotacyjnej czy innych maszyn rolniczych, FMP oferuje rozwi\u0105zania dostosowane do Twoich indywidualnych potrzeb. Dzi\u0119ki naszemu do\u015bwiadczeniu w precyzyjnej in\u017cynierii i wieloletniemu do\u015bwiadczeniu gwarantujemy produkty niezawodne, trwa\u0142e i trwa\u0142e.<\/p>\n<p>Nasz zesp\u00f3\u0142 dok\u0142ada wszelkich stara\u0144, aby zapewni\u0107 szybk\u0105 i sprawn\u0105 obs\u0142ug\u0119, gwarantuj\u0105c fachow\u0105 porad\u0119 i terminowe rozwi\u0105zania w odpowiedzi na Pa\u0144stwa zapytania. Je\u015bli szukaj\u0105 Pa\u0144stwo wydajnego wa\u0142u odbioru mocy (WOM), kt\u00f3ry sprosta wymaganiom Pa\u0144stwa maszyn, prosimy o kontakt ju\u017c dzi\u015b. Niech FMP b\u0119dzie Pa\u0144stwa zaufanym partnerem w zakresie wszystkich potrzeb zwi\u0105zanych z wa\u0142ami WOM!<\/p>\n<p><img loading=\"lazy\" decoding=\"async\" class=\"alignnone size-full wp-image-2010\" src=\"https:\/\/fmp-components.com\/wp-content\/uploads\/2024\/12\/Agricultural-Lawnmower-Gearbox-Precautions-for-Use1.webp\" alt=\"Skrzynia bieg\u00f3w kosiarki\" width=\"1202\" height=\"665\" title=\"\" srcset=\"https:\/\/fmp-components.com\/wp-content\/uploads\/2024\/12\/Agricultural-Lawnmower-Gearbox-Precautions-for-Use1.webp 1202w, https:\/\/fmp-components.com\/wp-content\/uploads\/2024\/12\/Agricultural-Lawnmower-Gearbox-Precautions-for-Use1-980x542.webp 980w, https:\/\/fmp-components.com\/wp-content\/uploads\/2024\/12\/Agricultural-Lawnmower-Gearbox-Precautions-for-Use1-480x266.webp 480w\" sizes=\"(min-width: 0px) and (max-width: 480px) 480px, (min-width: 481px) and (max-width: 980px) 980px, (min-width: 981px) 1202px, 100vw\" \/><\/p>\n<h3>O FMP<\/h3>\n<p>Firma FMP, z siedzib\u0105 g\u0142\u00f3wn\u0105 we W\u0142oszech, jest wiod\u0105cym producentem, znanym ze swojego do\u015bwiadczenia w projektowaniu, rozwoju i produkcji wysokowydajnych przek\u0142adni, g\u0142\u00f3wnie dla sektora maszyn rolniczych. Koncentruj\u0105c si\u0119 na precyzyjnej in\u017cynierii, innowacyjno\u015bci i niezawodno\u015bci, FMP zbudowa\u0142o reputacj\u0119 dostawcy najwy\u017cszej jako\u015bci produkt\u00f3w, kt\u00f3re spe\u0142niaj\u0105 zmieniaj\u0105ce si\u0119 potrzeby sektora rolniczego i przemys\u0142owego. Nasze portfolio produkt\u00f3w obejmuje specjalistyczne przek\u0142adnie do kosiarek, wa\u0142y odbioru mocy (WOM) oraz r\u00f3\u017cnorodne kluczowe komponenty, zaprojektowane z my\u015bl\u0105 o oferowaniu rozwi\u0105za\u0144 dostosowanych do szerokiego zakresu zastosowa\u0144.<\/p>\n<p>W FMP rozumiemy, \u017ce ka\u017cdy klient ma unikalne wymagania. Dlatego specjalizujemy si\u0119 w dostarczaniu rozwi\u0105za\u0144 niestandardowych \u2013 zar\u00f3wno pojedynczych komponent\u00f3w, jak i w pe\u0142ni zintegrowanych system\u00f3w. Stosujemy podej\u015bcie oparte na wsp\u00f3\u0142pracy, \u015bci\u015ble wsp\u00f3\u0142pracuj\u0105c z naszymi klientami, aby zapewni\u0107, \u017ce ka\u017cde rozwi\u0105zanie jest nie tylko skuteczne, ale i wydajne. Nasze zaanga\u017cowanie w szybk\u0105, profesjonaln\u0105 obs\u0142ug\u0119 i fachowe doradztwo gwarantuje, \u017ce ka\u017cde zapytanie jest obs\u0142ugiwane z najwy\u017csz\u0105 staranno\u015bci\u0105 i precyzj\u0105.<\/p>\n<p>K\u0142adziemy du\u017cy nacisk na otwart\u0105 i ci\u0105g\u0142\u0105 komunikacj\u0119, szczeg\u00f3lnie w obszarze rozwoju produkt\u00f3w. Nasz zesp\u00f3\u0142 wsp\u00f3\u0142pracuje bezpo\u015brednio z klientami, aby zrozumie\u0107 ich specyficzne wyzwania i oferowa\u0107 praktyczne spostrze\u017cenia, kt\u00f3re prowadz\u0105 do optymalnych rozwi\u0105za\u0144. Niezale\u017cnie od tego, czy projektujemy innowacyjne produkty, czy realizujemy bie\u017c\u0105ce zam\u00f3wienia, dok\u0142adamy wszelkich stara\u0144, aby dostarcza\u0107 wysokiej jako\u015bci, precyzyjnie zaprojektowane rozwi\u0105zania na czas i za ka\u017cdym razem.<\/p>\n<p>Jako\u015b\u0107 jest sercem wszystkiego, co robimy w FMP. Przestrzegamy najwy\u017cszych standard\u00f3w produkcyjnych, wdra\u017caj\u0105c rygorystyczne procesy kontroli jako\u015bci, aby zapewni\u0107, \u017ce ka\u017cdy produkt spe\u0142nia lub przewy\u017csza oczekiwania bran\u017cy. Nasze zaanga\u017cowanie w jako\u015b\u0107, w po\u0142\u0105czeniu z warto\u015bciami uczciwo\u015bci, pracy zespo\u0142owej i wytrwa\u0142o\u015bci, pomog\u0142o nam zbudowa\u0107 trwa\u0142e relacje z klientami w prawie 30 krajach na ca\u0142ym \u015bwiecie.<\/p>\n<p>FMP jest zawsze otwarta na globalne partnerstwa i z zaanga\u017cowaniem zapewnia fachowe doradztwo oraz rozwi\u0105zania dostosowane do indywidualnych potrzeb naszych klient\u00f3w. Nie ograniczamy si\u0119 do dostarczania produkt\u00f3w \u2013 koncentrujemy si\u0119 na budowaniu d\u0142ugoterminowych relacji, gwarantuj\u0105c sukces ka\u017cdego projektu. Niezale\u017cnie od tego, czy szukasz innowacyjnych rozwi\u0105za\u0144 dla nowej inicjatywy, czy potrzebujesz wsparcia dla istniej\u0105cego systemu, FMP z zaanga\u017cowaniem stawia czo\u0142a Twoim wyzwaniom technicznym i pomaga Ci osi\u0105ga\u0107 trwa\u0142e sukcesy.<\/p>\n<p><img loading=\"lazy\" decoding=\"async\" class=\"alignnone size-full wp-image-1861\" src=\"https:\/\/fmp-components.com\/wp-content\/uploads\/2024\/12\/Other-Agricultural-Gearboxes.webp\" sizes=\"(min-width: 0px) and (max-width: 480px) 480px, (min-width: 481px) and (max-width: 980px) 980px, (min-width: 981px) 1200px, 100vw\" srcset=\"https:\/\/fmp-components.com\/wp-content\/uploads\/2024\/12\/Other-Agricultural-Gearboxes.webp 1200w, https:\/\/fmp-components.com\/wp-content\/uploads\/2024\/12\/Other-Agricultural-Gearboxes-980x1143.webp 980w, https:\/\/fmp-components.com\/wp-content\/uploads\/2024\/12\/Other-Agricultural-Gearboxes-480x560.webp 480w\" alt=\"Inne zmiany rolnicze\" width=\"1200\" height=\"1400\" title=\"\"><\/p>\n<p>Autor: CX<\/p>","protected":false},"excerpt":{"rendered":"<p>Features of Agricultural Lawn Mower Gearbox FMP-55 The FMP-55 Agricultural Lawn Mower Gearbox is engineered for high performance, durability, and reliability, designed to meet the demanding requirements of agricultural lawn mowing applications. Built for heavy-duty use, the FMP-55 ensures smooth operation, long-lasting service, and efficient power transmission. Key features of the FMP-55 include: Heavy-Duty Construction [&hellip;]<\/p>","protected":false},"featured_media":2036,"comment_status":"open","ping_status":"closed","template":"","meta":{"_et_pb_use_builder":"","_et_pb_old_content":"","_et_gb_content_width":""},"product_brand":[],"product_cat":[52],"product_tag":[],"class_list":{"0":"post-2035","1":"product","2":"type-product","3":"status-publish","4":"has-post-thumbnail","6":"product_cat-lawn-mower-gearbox","8":"first","9":"instock","10":"shipping-taxable","11":"product-type-simple"},"_links":{"self":[{"href":"https:\/\/fmp-components.com\/pl\/wp-json\/wp\/v2\/product\/2035","targetHints":{"allow":["GET"]}}],"collection":[{"href":"https:\/\/fmp-components.com\/pl\/wp-json\/wp\/v2\/product"}],"about":[{"href":"https:\/\/fmp-components.com\/pl\/wp-json\/wp\/v2\/types\/product"}],"replies":[{"embeddable":true,"href":"https:\/\/fmp-components.com\/pl\/wp-json\/wp\/v2\/comments?post=2035"}],"wp:featuredmedia":[{"embeddable":true,"href":"https:\/\/fmp-components.com\/pl\/wp-json\/wp\/v2\/media\/2036"}],"wp:attachment":[{"href":"https:\/\/fmp-components.com\/pl\/wp-json\/wp\/v2\/media?parent=2035"}],"wp:term":[{"taxonomy":"product_brand","embeddable":true,"href":"https:\/\/fmp-components.com\/pl\/wp-json\/wp\/v2\/product_brand?post=2035"},{"taxonomy":"product_cat","embeddable":true,"href":"https:\/\/fmp-components.com\/pl\/wp-json\/wp\/v2\/product_cat?post=2035"},{"taxonomy":"product_tag","embeddable":true,"href":"https:\/\/fmp-components.com\/pl\/wp-json\/wp\/v2\/product_tag?post=2035"}],"curies":[{"name":"wp","href":"https:\/\/api.w.org\/{rel}","templated":true}]}}