{"id":2031,"date":"2024-12-27T01:51:37","date_gmt":"2024-12-27T01:51:37","guid":{"rendered":"https:\/\/fmp-components.com\/?page_id=8"},"modified":"2024-12-27T01:51:37","modified_gmt":"2024-12-27T01:51:37","slug":"agricultural-lawn-mower-gearbox-fmp-rc81","status":"publish","type":"product","link":"https:\/\/fmp-components.com\/pl\/product\/agricultural-lawn-mower-gearbox-fmp-rc81\/","title":{"rendered":"Skrzynia bieg\u00f3w kosiarki rolniczej FMP-RC81"},"content":{"rendered":"<h2>Przek\u0142adnia kosiarki rolniczej FMP-RC81 Specyfikacja<\/h2>\n<table style=\"width: 96.2203%; height: 596px;\" border=\"1\" width=\"100%\" cellspacing=\"0\" cellpadding=\"0\">\n<tbody>\n<tr>\n<td width=\"110\"><img loading=\"lazy\" decoding=\"async\" class=\"alignnone size-full wp-image-2033\" src=\"https:\/\/fmp-components.com\/wp-content\/uploads\/2024\/12\/fmp_agricultural-gearbox-HC-RC81-2.webp\" alt=\"fmp_rolnicza-skrzynia-przek\u0142adniowa-HC-RC81-2\" width=\"399\" height=\"518\" title=\"\" srcset=\"https:\/\/fmp-components.com\/wp-content\/uploads\/2024\/12\/fmp_agricultural-gearbox-HC-RC81-2.webp 399w, https:\/\/fmp-components.com\/wp-content\/uploads\/2024\/12\/fmp_agricultural-gearbox-HC-RC81-2-231x300.webp 231w, https:\/\/fmp-components.com\/wp-content\/uploads\/2024\/12\/fmp_agricultural-gearbox-HC-RC81-2-9x12.webp 9w\" sizes=\"(max-width: 399px) 100vw, 399px\" \/><\/td>\n<td width=\"98\"><img loading=\"lazy\" decoding=\"async\" class=\"alignnone size-full wp-image-2034\" src=\"https:\/\/fmp-components.com\/wp-content\/uploads\/2024\/12\/fmp_agricultural-gearbox-HC-RC81.webp\" alt=\"fmp_rolnicza-skrzynia-przek\u0142adniowa-HC-RC81-2\" width=\"400\" height=\"400\" title=\"\" srcset=\"https:\/\/fmp-components.com\/wp-content\/uploads\/2024\/12\/fmp_agricultural-gearbox-HC-RC81.webp 400w, https:\/\/fmp-components.com\/wp-content\/uploads\/2024\/12\/fmp_agricultural-gearbox-HC-RC81-300x300.webp 300w, https:\/\/fmp-components.com\/wp-content\/uploads\/2024\/12\/fmp_agricultural-gearbox-HC-RC81-150x150.webp 150w, https:\/\/fmp-components.com\/wp-content\/uploads\/2024\/12\/fmp_agricultural-gearbox-HC-RC81-12x12.webp 12w, https:\/\/fmp-components.com\/wp-content\/uploads\/2024\/12\/fmp_agricultural-gearbox-HC-RC81-100x100.webp 100w\" sizes=\"(max-width: 400px) 100vw, 400px\" \/><\/td>\n<\/tr>\n<\/tbody>\n<\/table>\n<table style=\"width: 95.6387%; height: 235px;\" border=\"1\">\n<tbody>\n<tr>\n<td><strong>PRZEDMIOT<\/strong><\/td>\n<td>FMP-RC81<\/td>\n<\/tr>\n<tr>\n<td><strong>Stosunek<\/strong><\/td>\n<td>1:1.93\/1:1.46<\/td>\n<\/tr>\n<tr>\n<td><strong>Z\u0119by<\/strong><\/td>\n<td>27\/14 19\/13<\/td>\n<\/tr>\n<tr>\n<td><strong>Modu\u0142<\/strong><\/td>\n<td>5.5 \/ 7.0<\/td>\n<\/tr>\n<tr>\n<td><strong>Moc (KM)<\/strong><\/td>\n<td>80<\/td>\n<\/tr>\n<tr>\n<td><strong>Znamionowe wej\u015bcie<\/strong><\/td>\n<td>600 obr.\/min<\/td>\n<\/tr>\n<tr>\n<td><strong>Opis wej\u015bcia\/wyj\u015bcia<\/strong><\/td>\n<td>1-3\/8 Z6 Sto\u017ckowy rowek<\/td>\n<\/tr>\n<tr>\n<td><strong>Waga (NW)<\/strong><\/td>\n<td>28,7 kg<\/td>\n<\/tr>\n<\/tbody>\n<\/table>\n<h3>Cechy skrzyni bieg\u00f3w kosiarki rolniczej FMP-RC81<\/h3>\n<p>Przek\u0142adnia kosiarki rolniczej FMP-RC81 to wydajna, wytrzyma\u0142a przek\u0142adnia zaprojektowana tak, aby zapewni\u0107 wyj\u0105tkow\u0105 niezawodno\u015b\u0107, wydajno\u015b\u0107 i trwa\u0142o\u015b\u0107 w wymagaj\u0105cych zastosowaniach koszenia trawnik\u00f3w. Zosta\u0142a zbudowana tak, aby poradzi\u0107 sobie z najtrudniejszymi warunkami i zapewni\u0107 d\u0142ugotrwa\u0142\u0105 eksploatacj\u0119. Kluczowe cechy FMP-RC81 obejmuj\u0105:<\/p>\n<ol>\n<li><strong>Konstrukcja o du\u017cej wytrzyma\u0142o\u015bci<\/strong><br \/>\nFMP-RC81 jest wykonany z solidnych, wysoce wytrzyma\u0142ych materia\u0142\u00f3w, aby wytrzyma\u0107 du\u017ce obci\u0105\u017cenia zwi\u0105zane z koszeniem trawnik\u00f3w rolniczych. Jego solidna konstrukcja zapewnia doskona\u0142\u0105 wydajno\u015b\u0107 w trudnych warunkach, od g\u0119stej trawy po nier\u00f3wny teren.<\/li>\n<li><strong>Wysoka no\u015bno\u015b\u0107 momentu obrotowego<\/strong><br \/>\nDzi\u0119ki doskona\u0142ej zdolno\u015bci do obs\u0142ugi momentu obrotowego FMP-RC81 idealnie nadaje si\u0119 do zastosowa\u0144 o du\u017cym obci\u0105\u017ceniu. Zapewnia wydajn\u0105 transmisj\u0119 mocy nawet w najbardziej wymagaj\u0105cych warunkach, umo\u017cliwiaj\u0105c kosiarce dzia\u0142anie z najwy\u017csz\u0105 wydajno\u015bci\u0105, nawet w g\u0119stej trawie lub na pochy\u0142ym terenie.<\/li>\n<li><strong>Precyzyjnie obrabiane ko\u0142a z\u0119bate<\/strong><br \/>\nWyposa\u017cony w precyzyjnie zaprojektowane ko\u0142a z\u0119bate, FMP-RC81 zapewnia p\u0142ynn\u0105, wydajn\u0105 transmisj\u0119 mocy przy minimalnych wibracjach. Ta precyzja zmniejsza zu\u017cycie, co wyd\u0142u\u017ca \u017cywotno\u015b\u0107 i obni\u017ca koszty konserwacji.<\/li>\n<li><strong>Zoptymalizowana efektywno\u015b\u0107 energetyczna<\/strong><br \/>\nFMP-RC81 ma zoptymalizowan\u0105 konstrukcj\u0119 przek\u0142adni, kt\u00f3ra minimalizuje utrat\u0119 mocy, zwi\u0119kszaj\u0105c og\u00f3ln\u0105 wydajno\u015b\u0107 kosiarki. Zmniejsza to obci\u0105\u017cenie silnika, poprawiaj\u0105c oszcz\u0119dno\u015b\u0107 paliwa i zapewniaj\u0105c, \u017ce moc jest efektywnie wykorzystywana do wydajno\u015bci koszenia.<\/li>\n<li><strong>Kompaktowy i lekki<\/strong><br \/>\nPomimo swoich mo\u017cliwo\u015bci ci\u0119\u017ckiej pracy, FMP-RC81 jest zaprojektowany tak, aby by\u0142 kompaktowy i lekki. Dzi\u0119ki temu mo\u017cna go \u0142atwo zintegrowa\u0107 z r\u00f3\u017cnymi systemami kosiarek do trawy bez dodawania nadmiernej masy, co przyczynia si\u0119 do lepszej manewrowo\u015bci i mniejszego obci\u0105\u017cenia sprz\u0119tu.<\/li>\n<li><strong>Konstrukcja wymagaj\u0105ca niewielkiej konserwacji<\/strong><br \/>\nPrzek\u0142adnia FMP-RC81 zosta\u0142a zaprojektowana tak, aby wymaga\u0142a minimalnej konserwacji, z samosmaruj\u0105cymi komponentami, kt\u00f3re zmniejszaj\u0105 potrzeb\u0119 cz\u0119stego serwisowania. Taka konstrukcja zapewnia ci\u0105g\u0142\u0105 prac\u0119 przy zmniejszonych przestojach i kosztach konserwacji.<\/li>\n<li><strong>Wszechstronny i \u0142atwy w adaptacji<\/strong><br \/>\nFMP-RC81 jest niezwykle wszechstronny, kompatybilny z szerok\u0105 gam\u0105 kosiarek do trawy stosowanych w rolnictwie i kszta\u0142towaniu krajobrazu. Mo\u017cna go dostosowa\u0107 do konkretnych wymaga\u0144, zapewniaj\u0105c optymaln\u0105 wydajno\u015b\u0107 w r\u00f3\u017cnych konfiguracjach kosiarek.<\/li>\n<\/ol>\n<p>Skrzynia bieg\u00f3w kosiarki rolniczej FMP-RC81 \u0142\u0105czy w sobie wytrzyma\u0142o\u015b\u0107, wydajno\u015b\u0107 i niezawodno\u015b\u0107, co czyni j\u0105 doskona\u0142ym wyborem do zastosowa\u0144 w rolnictwie i przemy\u015ble. Zaprojektowana do obs\u0142ugi du\u017cych obci\u0105\u017ce\u0144, redukcji konserwacji i p\u0142ynnego przenoszenia mocy, zosta\u0142a zbudowana tak, aby maksymalizowa\u0107 wydajno\u015b\u0107 operacyjn\u0105 i minimalizowa\u0107 przestoje.<\/p>\n<p><img loading=\"lazy\" decoding=\"async\" class=\"alignnone size-full wp-image-1994\" src=\"https:\/\/fmp-components.com\/wp-content\/uploads\/2024\/12\/Lawn-Mower-Gearbox-7.webp\" alt=\"Skrzynia bieg\u00f3w kosiarki\" width=\"1502\" height=\"805\" title=\"\" srcset=\"https:\/\/fmp-components.com\/wp-content\/uploads\/2024\/12\/Lawn-Mower-Gearbox-7.webp 1502w, https:\/\/fmp-components.com\/wp-content\/uploads\/2024\/12\/Lawn-Mower-Gearbox-7-1280x686.webp 1280w, https:\/\/fmp-components.com\/wp-content\/uploads\/2024\/12\/Lawn-Mower-Gearbox-7-980x525.webp 980w, https:\/\/fmp-components.com\/wp-content\/uploads\/2024\/12\/Lawn-Mower-Gearbox-7-480x257.webp 480w\" sizes=\"(min-width: 0px) and (max-width: 480px) 480px, (min-width: 481px) and (max-width: 980px) 980px, (min-width: 981px) and (max-width: 1280px) 1280px, (min-width: 1281px) 1502px, 100vw\" \/><\/p>\n<h3>O FMP<\/h3>\n<p>FMP, z siedzib\u0105 we W\u0142oszech, jest wiod\u0105cym producentem specjalizuj\u0105cym si\u0119 w wysokowydajnych przek\u0142adniach do maszyn rolniczych. Znani z precyzyjnej in\u017cynierii, innowacji i niezawodno\u015bci, oferujemy szerok\u0105 gam\u0119 przek\u0142adni, w tym przek\u0142adnie do kosiarek do trawy i niezb\u0119dne komponenty, takie jak wa\u0142ki odbioru mocy. Nasz\u0105 misj\u0105 jest dostarczanie dostosowanych rozwi\u0105za\u0144, kt\u00f3re spe\u0142niaj\u0105 specyficzne potrzeby sektora rolniczego i przemys\u0142owego, zar\u00f3wno poprzez pojedyncze produkty, jak i zintegrowane systemy.<\/p>\n<p>Rozumiemy, \u017ce ka\u017cdy klient ma wyj\u0105tkowe wymagania, dlatego jeste\u015bmy mistrzami w dostosowywaniu naszych produkt\u00f3w do tych potrzeb. Niezale\u017cnie od tego, czy potrzebujesz specjalistycznej skrzyni bieg\u00f3w, czy kompletnego systemu, \u015bci\u015ble wsp\u00f3\u0142pracujemy z Tob\u0105, aby dostarcza\u0107 najbardziej efektywne i wydajne rozwi\u0105zania. Nasze szybkie i profesjonalne odpowiedzi w po\u0142\u0105czeniu z fachow\u0105 porad\u0105 zapewniaj\u0105, \u017ce ka\u017cde zapytanie jest obs\u0142ugiwane z dba\u0142o\u015bci\u0105 i precyzj\u0105.<\/p>\n<p>W FMP priorytetowo traktujemy otwart\u0105 komunikacj\u0119 i wsp\u00f3\u0142prac\u0119, zw\u0142aszcza podczas opracowywania nowych produkt\u00f3w. Nasz zesp\u00f3\u0142 wsp\u00f3\u0142pracuje z klientami, aby zrozumie\u0107 ich wyzwania i dostarcza\u0107 informacje, kt\u00f3re prowadz\u0105 do optymalnych rozwi\u0105za\u0144. Jeste\u015bmy zobowi\u0105zani do dostarczania wysokiej jako\u015bci, precyzyjnie zaprojektowanych produkt\u00f3w na czas, niezale\u017cnie od tego, czy chodzi o nowe rozwi\u0105zania, czy istniej\u0105ce zam\u00f3wienia.<\/p>\n<p>Jako\u015b\u0107 jest sercem dzia\u0142alno\u015bci FMP. Nasze procesy produkcyjne s\u0105 zgodne z najwy\u017cszymi standardami, zapewniaj\u0105c dok\u0142adno\u015b\u0107 i brak wad. Rygorystyczna kontrola jako\u015bci gwarantuje, \u017ce ka\u017cdy produkt spe\u0142nia lub przewy\u017csza standardy bran\u017cowe. To zaanga\u017cowanie w jako\u015b\u0107, w po\u0142\u0105czeniu z naszymi podstawowymi warto\u015bciami uczciwo\u015bci, pracy zespo\u0142owej i wytrwa\u0142o\u015bci, pozwoli\u0142o nam zbudowa\u0107 silne relacje z klientami w prawie 30 krajach.<\/p>\n<p>FMP jest zawsze otwarta na globalne partnerstwa, oferuj\u0105c fachowe porady i dostosowane rozwi\u0105zania. Nasze podej\u015bcie wykracza poza samo dostarczanie produkt\u00f3w; naszym celem jest budowanie d\u0142ugoterminowych relacji, kt\u00f3re nap\u0119dzaj\u0105 wzajemny sukces. Niezale\u017cnie od tego, czy potrzebujesz nowych rozwi\u0105za\u0144, czy wsparcia dla istniej\u0105cych system\u00f3w, FMP jest oddana rozwi\u0105zywaniu Twoich wyzwa\u0144 technicznych i zapewnianiu ci\u0105g\u0142ego sukcesu.<\/p>\n<p><img loading=\"lazy\" decoding=\"async\" class=\"alignnone size-full wp-image-1861\" src=\"https:\/\/fmp-components.com\/wp-content\/uploads\/2024\/12\/Other-Agricultural-Gearboxes.webp\" sizes=\"(min-width: 0px) and (max-width: 480px) 480px, (min-width: 481px) and (max-width: 980px) 980px, (min-width: 981px) 1200px, 100vw\" srcset=\"https:\/\/fmp-components.com\/wp-content\/uploads\/2024\/12\/Other-Agricultural-Gearboxes.webp 1200w, https:\/\/fmp-components.com\/wp-content\/uploads\/2024\/12\/Other-Agricultural-Gearboxes-980x1143.webp 980w, https:\/\/fmp-components.com\/wp-content\/uploads\/2024\/12\/Other-Agricultural-Gearboxes-480x560.webp 480w\" alt=\"Inne zmiany rolnicze\" width=\"1200\" height=\"1400\" title=\"\"><\/p>\n<p>Autor: CX<\/p>","protected":false},"excerpt":{"rendered":"<p>Agricultural Lawn Mower Gearbox FMP-RC81 Specification ITEM FMP-RC81 Ratio 1:1.93\/1:1.46 Teeth 27\/14 19\/13 Module 5.5 \/ 7.0 Power(HP) 80 Rated Input 600rpm Input\/Output Description 1-3\/8 Z6 Taper spline Weight(N.W) 28.7KG Features of Agricultural Lawn Mower Gearbox FMP-RC81 The FMP-RC81 Agricultural Lawn Mower Gearbox is a high-performance, heavy-duty gearbox designed to deliver exceptional reliability, efficiency, and [&hellip;]<\/p>","protected":false},"featured_media":2034,"comment_status":"open","ping_status":"closed","template":"","meta":{"_et_pb_use_builder":"","_et_pb_old_content":"","_et_gb_content_width":""},"product_brand":[],"product_cat":[52],"product_tag":[],"class_list":{"0":"post-2031","1":"product","2":"type-product","3":"status-publish","4":"has-post-thumbnail","6":"product_cat-lawn-mower-gearbox","8":"first","9":"instock","10":"shipping-taxable","11":"product-type-simple"},"_links":{"self":[{"href":"https:\/\/fmp-components.com\/pl\/wp-json\/wp\/v2\/product\/2031","targetHints":{"allow":["GET"]}}],"collection":[{"href":"https:\/\/fmp-components.com\/pl\/wp-json\/wp\/v2\/product"}],"about":[{"href":"https:\/\/fmp-components.com\/pl\/wp-json\/wp\/v2\/types\/product"}],"replies":[{"embeddable":true,"href":"https:\/\/fmp-components.com\/pl\/wp-json\/wp\/v2\/comments?post=2031"}],"wp:featuredmedia":[{"embeddable":true,"href":"https:\/\/fmp-components.com\/pl\/wp-json\/wp\/v2\/media\/2034"}],"wp:attachment":[{"href":"https:\/\/fmp-components.com\/pl\/wp-json\/wp\/v2\/media?parent=2031"}],"wp:term":[{"taxonomy":"product_brand","embeddable":true,"href":"https:\/\/fmp-components.com\/pl\/wp-json\/wp\/v2\/product_brand?post=2031"},{"taxonomy":"product_cat","embeddable":true,"href":"https:\/\/fmp-components.com\/pl\/wp-json\/wp\/v2\/product_cat?post=2031"},{"taxonomy":"product_tag","embeddable":true,"href":"https:\/\/fmp-components.com\/pl\/wp-json\/wp\/v2\/product_tag?post=2031"}],"curies":[{"name":"wp","href":"https:\/\/api.w.org\/{rel}","templated":true}]}}