{"id":2028,"date":"2024-12-27T01:47:24","date_gmt":"2024-12-27T01:47:24","guid":{"rendered":"https:\/\/fmp-components.com\/?page_id=8"},"modified":"2024-12-27T01:47:24","modified_gmt":"2024-12-27T01:47:24","slug":"agricultural-lawn-mower-gearbox-fmp-rc61","status":"publish","type":"product","link":"https:\/\/fmp-components.com\/pl\/product\/agricultural-lawn-mower-gearbox-fmp-rc61\/","title":{"rendered":"Skrzynia bieg\u00f3w kosiarki rolniczej FMP-RC61"},"content":{"rendered":"<h2>Specyfikacja skrzyni bieg\u00f3w kosiarki rolniczej FMP-RC61<\/h2>\n<table style=\"width: 96.2203%; height: 596px;\" border=\"1\" width=\"100%\" cellspacing=\"0\" cellpadding=\"0\">\n<tbody>\n<tr>\n<td width=\"110\"><img loading=\"lazy\" decoding=\"async\" class=\"alignnone size-full wp-image-2029\" src=\"https:\/\/fmp-components.com\/wp-content\/uploads\/2024\/12\/fmp_agricultural-gearbox-HC-RC61-2.webp\" alt=\"fmp_agricultural-gearbox-HC-RC61-2\" width=\"470\" height=\"564\" title=\"\" srcset=\"https:\/\/fmp-components.com\/wp-content\/uploads\/2024\/12\/fmp_agricultural-gearbox-HC-RC61-2.webp 470w, https:\/\/fmp-components.com\/wp-content\/uploads\/2024\/12\/fmp_agricultural-gearbox-HC-RC61-2-250x300.webp 250w, https:\/\/fmp-components.com\/wp-content\/uploads\/2024\/12\/fmp_agricultural-gearbox-HC-RC61-2-10x12.webp 10w\" sizes=\"(max-width: 470px) 100vw, 470px\" \/><\/td>\n<td width=\"98\"><img loading=\"lazy\" decoding=\"async\" class=\"alignnone size-full wp-image-2030\" src=\"https:\/\/fmp-components.com\/wp-content\/uploads\/2024\/12\/fmp_agricultural-gearbox-HC-RC61.webp\" alt=\"fmp_agricultural-gearbox-HC-RC61-2\" width=\"400\" height=\"400\" title=\"\" srcset=\"https:\/\/fmp-components.com\/wp-content\/uploads\/2024\/12\/fmp_agricultural-gearbox-HC-RC61.webp 400w, https:\/\/fmp-components.com\/wp-content\/uploads\/2024\/12\/fmp_agricultural-gearbox-HC-RC61-300x300.webp 300w, https:\/\/fmp-components.com\/wp-content\/uploads\/2024\/12\/fmp_agricultural-gearbox-HC-RC61-150x150.webp 150w, https:\/\/fmp-components.com\/wp-content\/uploads\/2024\/12\/fmp_agricultural-gearbox-HC-RC61-12x12.webp 12w, https:\/\/fmp-components.com\/wp-content\/uploads\/2024\/12\/fmp_agricultural-gearbox-HC-RC61-100x100.webp 100w\" sizes=\"(max-width: 400px) 100vw, 400px\" \/><\/td>\n<\/tr>\n<\/tbody>\n<\/table>\n<table style=\"width: 96.4817%; height: 184px;\" border=\"1\">\n<tbody>\n<tr style=\"height: 23px;\">\n<td style=\"width: 39.6789%; height: 23px;\"><strong>PRZEDMIOT<\/strong><\/td>\n<td style=\"width: 62.0413%; height: 23px;\">FMP-RC61<\/td>\n<\/tr>\n<tr style=\"height: 23px;\">\n<td style=\"width: 39.6789%; height: 23px;\"><strong>Stosunek<\/strong><\/td>\n<td style=\"width: 62.0413%; height: 23px;\">1:1.46\/1:1.93<\/td>\n<\/tr>\n<tr style=\"height: 23px;\">\n<td style=\"width: 39.6789%; height: 23px;\"><strong>Z\u0119by<\/strong><\/td>\n<td style=\"width: 62.0413%; height: 23px;\">19\/13 27\/14<\/td>\n<\/tr>\n<tr style=\"height: 23px;\">\n<td style=\"width: 39.6789%; height: 23px;\"><strong>Modu\u0142<\/strong><\/td>\n<td style=\"width: 62.0413%; height: 23px;\">\u00a07.0\u00a0\/5.5<\/td>\n<\/tr>\n<tr style=\"height: 23px;\">\n<td style=\"width: 39.6789%; height: 23px;\"><strong>Moc (KM)<\/strong><\/td>\n<td style=\"width: 62.0413%; height: 23px;\">60<\/td>\n<\/tr>\n<tr style=\"height: 23px;\">\n<td style=\"width: 39.6789%; height: 23px;\"><strong>Znamionowe wej\u015bcie<\/strong><\/td>\n<td style=\"width: 62.0413%; height: 23px;\">540 obr.\/min<\/td>\n<\/tr>\n<tr style=\"height: 23px;\">\n<td style=\"width: 39.6789%; height: 23px;\"><strong>Opis wej\u015bcia\/wyj\u015bcia<\/strong><\/td>\n<td style=\"width: 62.0413%; height: 23px;\">1-3\/8 Z6 Sto\u017ckowy rowek<\/td>\n<\/tr>\n<tr style=\"height: 23px;\">\n<td style=\"width: 39.6789%; height: 23px;\"><strong>Waga (NW)<\/strong><\/td>\n<td style=\"width: 62.0413%; height: 23px;\">36,5 kg<\/td>\n<\/tr>\n<\/tbody>\n<\/table>\n<h2>Cechy przek\u0142adni kosiarki rolniczej FMP-RC61<\/h2>\n<p>Przek\u0142adnia kosiarki rolniczej FMP-RC61 zosta\u0142a zaprojektowana z my\u015bl\u0105 o zapewnieniu wyj\u0105tkowej wydajno\u015bci, trwa\u0142o\u015bci i niezawodno\u015bci w wymagaj\u0105cych warunkach rolniczych. Zaprojektowana do ci\u0119\u017ckich zastosowa\u0144, zapewnia doskona\u0142\u0105 wydajno\u015b\u0107 i d\u0142ug\u0105 \u017cywotno\u015b\u0107. Najwa\u017cniejsze cechy kosiarki FMP-RC61 to:<\/p>\n<ol>\n<li><strong>Ci\u0119\u017cka konstrukcja<\/strong><br \/>\nKosiarka FMP-RC61 zosta\u0142a wykonana z materia\u0142\u00f3w o wysokiej wytrzyma\u0142o\u015bci, aby sprosta\u0107 surowym wymaganiom koszenia trawnik\u00f3w w rolnictwie. Jej solidna konstrukcja gwarantuje niezawodno\u015b\u0107 nawet w trudnych warunkach pracy.<\/li>\n<li><strong>Wysoki moment obrotowy i no\u015bno\u015b\u0107<\/strong><br \/>\nPrzek\u0142adnia FMP-RC61, kt\u00f3ra wytrzymuje wi\u0119ksze obci\u0105\u017cenia momentem obrotowym, doskonale sprawdza si\u0119 w trudnych warunkach, gwarantuj\u0105c wydajne przenoszenie mocy na ostrza kosiarki, nawet w g\u0119stej trawie i trudnym terenie.<\/li>\n<li><strong>Precyzyjna konstrukcja przek\u0142adni<\/strong><br \/>\nDzi\u0119ki precyzyjnie zaprojektowanym przek\u0142adniom, przek\u0142adnia FMP-RC61 zapewnia p\u0142ynne i r\u00f3wnomierne przenoszenie mocy. Ta precyzja zmniejsza zu\u017cycie, minimalizuje wibracje i wyd\u0142u\u017ca \u017cywotno\u015b\u0107 przek\u0142adni.<\/li>\n<li><strong>Zwi\u0119kszona efektywno\u015b\u0107 energetyczna<\/strong><br \/>\nZaprojektowany z my\u015bl\u0105 o maksymalnej wydajno\u015bci, kosiarka FMP-RC61 minimalizuje straty energii podczas przenoszenia mocy. Wydajna konstrukcja poprawia oszcz\u0119dno\u015b\u0107 paliwa, zmniejsza obci\u0105\u017cenie silnika i zapewnia optymaln\u0105 wydajno\u015b\u0107 koszenia.<\/li>\n<li><strong>Kompaktowy i oszcz\u0119dzaj\u0105cy miejsce<\/strong><br \/>\nMimo swojej wytrzyma\u0142o\u015bci, FMP-RC61 zosta\u0142 zaprojektowany z my\u015bl\u0105 o kompaktowej, oszcz\u0119dzaj\u0105cej miejsce konstrukcji, kt\u00f3ra umo\u017cliwia \u0142atw\u0105 integracj\u0119 z r\u00f3\u017cnymi systemami kosiarek do trawy bez uszczerbku dla wydajno\u015bci.<\/li>\n<li><strong>Niskie wymagania konserwacyjne<\/strong><br \/>\nMaszyna FMP-RC61 zosta\u0142a zaprojektowana z my\u015bl\u0105 o minimalnej konserwacji. Posiada samosmaruj\u0105ce podzespo\u0142y i trwa\u0142e uszczelnienia, kt\u00f3re redukuj\u0105 potrzeb\u0119 cz\u0119stego serwisowania i gwarantuj\u0105 ci\u0105g\u0142\u0105 prac\u0119 przy minimalnych przestojach.<\/li>\n<li><strong>Wszechstronna kompatybilno\u015b\u0107<\/strong><br \/>\nModel FMP-RC61 jest kompatybilny z szerok\u0105 gam\u0105 kosiarek rolniczych, oferuj\u0105c wszechstronno\u015b\u0107 w r\u00f3\u017cnych zastosowaniach. Mo\u017cna go dostosowa\u0107 do konkretnych konfiguracji maszyn i potrzeb klienta.<\/li>\n<\/ol>\n<p>Przek\u0142adnia kosiarki rolniczej FMP-RC61 to wydajne, niezawodne i trwa\u0142e rozwi\u0105zanie, zaprojektowane z my\u015bl\u0105 o zapewnieniu doskona\u0142ych rezultat\u00f3w w wymagaj\u0105cych zastosowaniach rolniczych i przemys\u0142owych. Jej innowacyjne rozwi\u0105zania zapewniaj\u0105 optymaln\u0105 wydajno\u015b\u0107, d\u0142ug\u0105 \u017cywotno\u015b\u0107 i niskie koszty eksploatacji.<\/p>\n<p><img loading=\"lazy\" decoding=\"async\" class=\"alignnone size-full wp-image-1994\" src=\"https:\/\/fmp-components.com\/wp-content\/uploads\/2024\/12\/Lawn-Mower-Gearbox-7.webp\" alt=\"Skrzynia bieg\u00f3w kosiarki\" width=\"1502\" height=\"805\" title=\"\" srcset=\"https:\/\/fmp-components.com\/wp-content\/uploads\/2024\/12\/Lawn-Mower-Gearbox-7.webp 1502w, https:\/\/fmp-components.com\/wp-content\/uploads\/2024\/12\/Lawn-Mower-Gearbox-7-1280x686.webp 1280w, https:\/\/fmp-components.com\/wp-content\/uploads\/2024\/12\/Lawn-Mower-Gearbox-7-980x525.webp 980w, https:\/\/fmp-components.com\/wp-content\/uploads\/2024\/12\/Lawn-Mower-Gearbox-7-480x257.webp 480w\" sizes=\"(min-width: 0px) and (max-width: 480px) 480px, (min-width: 481px) and (max-width: 980px) 980px, (min-width: 981px) and (max-width: 1280px) 1280px, (min-width: 1281px) 1502px, 100vw\" \/><\/p>\n<h3>O FMP<\/h3>\n<p>Firma FMP z siedzib\u0105 we W\u0142oszech to uznany producent, znany z wysokowydajnych przek\u0142adni dostosowanych do maszyn rolniczych. Dzi\u0119ki ugruntowanej reputacji w zakresie precyzyjnej in\u017cynierii, innowacji i niezawodno\u015bci, oferujemy szerok\u0105 gam\u0119 przek\u0142adni, w tym specjalistyczne przek\u0142adnie do kosiarek oraz kluczowe komponenty, takie jak wa\u0142y odbioru mocy (WOM). Naszym celem jest dostarczanie rozwi\u0105za\u0144 dostosowanych do indywidualnych potrzeb, idealnie dopasowanych do specyficznych potrzeb sektora rolniczego i przemys\u0142owego, zar\u00f3wno jako samodzielne produkty, jak i zintegrowane systemy.<\/p>\n<p>Rozumiej\u0105c, \u017ce potrzeby ka\u017cdego klienta s\u0105 indywidualne, specjalizujemy si\u0119 w dostosowywaniu naszych produkt\u00f3w do tych specyficznych wymaga\u0144. Niezale\u017cnie od tego, czy szukasz skrzyni bieg\u00f3w na zam\u00f3wienie, czy kompletnego systemu, \u015bci\u015ble wsp\u00f3\u0142pracujemy z Tob\u0105, aby opracowa\u0107 wydajne i skuteczne rozwi\u0105zania. Nasze szybkie, profesjonalne odpowiedzi i fachowe doradztwo gwarantuj\u0105, \u017ce ka\u017cde zapytanie jest rozpatrywane z najwy\u017csz\u0105 staranno\u015bci\u0105 i dok\u0142adno\u015bci\u0105.<\/p>\n<p>W FMP k\u0142adziemy du\u017cy nacisk na transparentn\u0105 komunikacj\u0119 i wsp\u00f3\u0142prac\u0119, szczeg\u00f3lnie podczas projektowania i rozwoju nowych produkt\u00f3w. Wsp\u00f3\u0142pracujemy z naszymi klientami, aby dog\u0142\u0119bnie zrozumie\u0107 ich wyzwania, oferuj\u0105c im wiedz\u0119, kt\u00f3ra prowadzi do optymalnych, innowacyjnych rozwi\u0105za\u0144. Nasze zaanga\u017cowanie w dostarczanie wysokiej jako\u015bci, precyzyjnie zaprojektowanych produkt\u00f3w, na czas i zgodnie z oczekiwaniami klient\u00f3w, jest kluczowe dla wszystkich naszych dzia\u0142a\u0144.<\/p>\n<p>Jako\u015b\u0107 jest fundamentem dzia\u0142alno\u015bci FMP. Nasze procesy produkcyjne s\u0105 regulowane najwy\u017cszymi standardami, co gwarantuje perfekcyjne wykonanie i brak wad. Rygorystyczna kontrola jako\u015bci gwarantuje, \u017ce ka\u017cdy produkt spe\u0142nia lub przewy\u017csza standardy bran\u017cowe. To niezachwiane zaanga\u017cowanie w jako\u015b\u0107, w po\u0142\u0105czeniu z naszymi podstawowymi warto\u015bciami, takimi jak uczciwo\u015b\u0107, praca zespo\u0142owa i wytrwa\u0142o\u015b\u0107, pomog\u0142o nam zbudowa\u0107 trwa\u0142e relacje z klientami w ponad 30 krajach.<\/p>\n<p>FMP jest zawsze otwarta na globalne partnerstwa, oferuj\u0105c eksperckie konsultacje i spersonalizowane rozwi\u0105zania. Nasze podej\u015bcie nie polega wy\u0142\u0105cznie na dostarczaniu produkt\u00f3w, ale na budowaniu d\u0142ugoterminowych partnerstw, kt\u00f3re prowadz\u0105 do wsp\u00f3lnego sukcesu. Niezale\u017cnie od tego, czy szukasz innowacyjnych rozwi\u0105za\u0144, czy sta\u0142ego wsparcia dla istniej\u0105cych system\u00f3w, FMP jest zaanga\u017cowane w rozwi\u0105zywanie Twoich problem\u00f3w technicznych i zapewnienie Ci ci\u0105g\u0142ego sukcesu.<\/p>\n<p><img loading=\"lazy\" decoding=\"async\" class=\"alignnone size-full wp-image-1861\" src=\"https:\/\/fmp-components.com\/wp-content\/uploads\/2024\/12\/Other-Agricultural-Gearboxes.webp\" sizes=\"(min-width: 0px) and (max-width: 480px) 480px, (min-width: 481px) and (max-width: 980px) 980px, (min-width: 981px) 1200px, 100vw\" srcset=\"https:\/\/fmp-components.com\/wp-content\/uploads\/2024\/12\/Other-Agricultural-Gearboxes.webp 1200w, https:\/\/fmp-components.com\/wp-content\/uploads\/2024\/12\/Other-Agricultural-Gearboxes-980x1143.webp 980w, https:\/\/fmp-components.com\/wp-content\/uploads\/2024\/12\/Other-Agricultural-Gearboxes-480x560.webp 480w\" alt=\"Inne zmiany rolnicze\" width=\"1200\" height=\"1400\" title=\"\"><\/p>\n<p>Autor: CX<\/p>","protected":false},"excerpt":{"rendered":"<p>Agricultural Lawn Mower Gearbox FMP-RC61 Specification ITEM FMP-RC61 Ratio 1:1.46\/1:1.93 Teeth 19\/13 27\/14 Module \u00a07.0\u00a0\/5.5 Power(HP) 60 Rated Input 540rpm Input\/Output Description 1-3\/8 Z6 Taper spline Weight(N.W) 36.5KG Features of Agricultural Lawn Mower Gearbox FMP-RC61 The FMP-RC61 Agricultural Lawn Mower Gearbox is engineered to provide outstanding performance, durability, and reliability in demanding agricultural environments. Designed [&hellip;]<\/p>","protected":false},"featured_media":2030,"comment_status":"open","ping_status":"closed","template":"","meta":{"_et_pb_use_builder":"","_et_pb_old_content":"","_et_gb_content_width":""},"product_brand":[],"product_cat":[52],"product_tag":[],"class_list":{"0":"post-2028","1":"product","2":"type-product","3":"status-publish","4":"has-post-thumbnail","6":"product_cat-lawn-mower-gearbox","8":"first","9":"instock","10":"shipping-taxable","11":"product-type-simple"},"_links":{"self":[{"href":"https:\/\/fmp-components.com\/pl\/wp-json\/wp\/v2\/product\/2028","targetHints":{"allow":["GET"]}}],"collection":[{"href":"https:\/\/fmp-components.com\/pl\/wp-json\/wp\/v2\/product"}],"about":[{"href":"https:\/\/fmp-components.com\/pl\/wp-json\/wp\/v2\/types\/product"}],"replies":[{"embeddable":true,"href":"https:\/\/fmp-components.com\/pl\/wp-json\/wp\/v2\/comments?post=2028"}],"wp:featuredmedia":[{"embeddable":true,"href":"https:\/\/fmp-components.com\/pl\/wp-json\/wp\/v2\/media\/2030"}],"wp:attachment":[{"href":"https:\/\/fmp-components.com\/pl\/wp-json\/wp\/v2\/media?parent=2028"}],"wp:term":[{"taxonomy":"product_brand","embeddable":true,"href":"https:\/\/fmp-components.com\/pl\/wp-json\/wp\/v2\/product_brand?post=2028"},{"taxonomy":"product_cat","embeddable":true,"href":"https:\/\/fmp-components.com\/pl\/wp-json\/wp\/v2\/product_cat?post=2028"},{"taxonomy":"product_tag","embeddable":true,"href":"https:\/\/fmp-components.com\/pl\/wp-json\/wp\/v2\/product_tag?post=2028"}],"curies":[{"name":"wp","href":"https:\/\/api.w.org\/{rel}","templated":true}]}}