{"id":2021,"date":"2024-12-27T01:29:14","date_gmt":"2024-12-27T01:29:14","guid":{"rendered":"https:\/\/fmp-components.com\/?page_id=8"},"modified":"2024-12-27T01:42:20","modified_gmt":"2024-12-27T01:42:20","slug":"agricultural-lawn-mower-gearbox-fmp-rc51","status":"publish","type":"product","link":"https:\/\/fmp-components.com\/pl\/product\/agricultural-lawn-mower-gearbox-fmp-rc51\/","title":{"rendered":"Skrzynia bieg\u00f3w kosiarki rolniczej FMP-RC51"},"content":{"rendered":"<h2>Specyfikacja<\/h2>\n<table style=\"width: 96.2203%; height: 596px;\" border=\"1\" width=\"100%\" cellspacing=\"0\" cellpadding=\"0\">\n<tbody>\n<tr>\n<td width=\"110\"><img loading=\"lazy\" decoding=\"async\" class=\"alignnone size-full wp-image-2025\" src=\"https:\/\/fmp-components.com\/wp-content\/uploads\/2024\/12\/fmp_agricultural-gearbox-HC-RC51-2.webp\" alt=\"fmp_rolnicza-skrzynia-przek\u0142adniowa-HC-RC51-2\" width=\"404\" height=\"547\" title=\"\" srcset=\"https:\/\/fmp-components.com\/wp-content\/uploads\/2024\/12\/fmp_agricultural-gearbox-HC-RC51-2.webp 404w, https:\/\/fmp-components.com\/wp-content\/uploads\/2024\/12\/fmp_agricultural-gearbox-HC-RC51-2-222x300.webp 222w, https:\/\/fmp-components.com\/wp-content\/uploads\/2024\/12\/fmp_agricultural-gearbox-HC-RC51-2-9x12.webp 9w\" sizes=\"(max-width: 404px) 100vw, 404px\" \/><\/td>\n<td width=\"98\"><img loading=\"lazy\" decoding=\"async\" class=\"alignnone size-full wp-image-2026\" src=\"https:\/\/fmp-components.com\/wp-content\/uploads\/2024\/12\/fmp_agricultural-gearbox-HC-RC51.webp\" alt=\"fmp_rolnicza-skrzynia-przek\u0142adniowa-HC-RC51-2\" width=\"400\" height=\"400\" title=\"\" srcset=\"https:\/\/fmp-components.com\/wp-content\/uploads\/2024\/12\/fmp_agricultural-gearbox-HC-RC51.webp 400w, https:\/\/fmp-components.com\/wp-content\/uploads\/2024\/12\/fmp_agricultural-gearbox-HC-RC51-300x300.webp 300w, https:\/\/fmp-components.com\/wp-content\/uploads\/2024\/12\/fmp_agricultural-gearbox-HC-RC51-150x150.webp 150w, https:\/\/fmp-components.com\/wp-content\/uploads\/2024\/12\/fmp_agricultural-gearbox-HC-RC51-12x12.webp 12w, https:\/\/fmp-components.com\/wp-content\/uploads\/2024\/12\/fmp_agricultural-gearbox-HC-RC51-100x100.webp 100w\" sizes=\"(max-width: 400px) 100vw, 400px\" \/><\/td>\n<\/tr>\n<\/tbody>\n<\/table>\n<p>&nbsp;<\/p>\n<table style=\"width: 100.19%; height: 241px;\" border=\"1\">\n<tbody>\n<tr>\n<td style=\"width: 36.3538%;\"><strong>PRZEDMIOT<\/strong><\/td>\n<td style=\"width: 62.9989%;\">FMP-rc51<\/td>\n<\/tr>\n<tr>\n<td style=\"width: 36.3538%;\"><strong>Stosunek<\/strong><\/td>\n<td style=\"width: 62.9989%;\">1:1.47\/1:1.93<\/td>\n<\/tr>\n<tr>\n<td style=\"width: 36.3538%;\"><strong>Z\u0119by<\/strong><\/td>\n<td style=\"width: 62.9989%;\">22\/15 29\/15<\/td>\n<\/tr>\n<tr>\n<td style=\"width: 36.3538%;\"><strong>Modu\u0142<\/strong><\/td>\n<td style=\"width: 62.9989%;\">\u00a05.08 \/4.0<\/td>\n<\/tr>\n<tr>\n<td style=\"width: 36.3538%;\"><strong>Moc (KM)<\/strong><\/td>\n<td style=\"width: 62.9989%;\">30<\/td>\n<\/tr>\n<tr>\n<td style=\"width: 36.3538%;\"><strong>Znamionowe wej\u015bcie<\/strong><\/td>\n<td style=\"width: 62.9989%;\">540 obr.\/min<\/td>\n<\/tr>\n<tr>\n<td style=\"width: 36.3538%;\"><strong>Opis wej\u015bcia\/wyj\u015bcia<\/strong><\/td>\n<td style=\"width: 62.9989%;\">\u00a0Wielowypust\/Wpust sto\u017ckowy<\/td>\n<\/tr>\n<tr>\n<td style=\"width: 36.3538%;\"><strong>Waga (NW)<\/strong><\/td>\n<td style=\"width: 62.9989%;\">29 kg<\/td>\n<\/tr>\n<\/tbody>\n<\/table>\n<h2>Cechy przek\u0142adni kosiarki rolniczej FMP-RC51<\/h2>\n<p>Przek\u0142adnia kosiarki rolniczej FMP-RC51 zosta\u0142a zaprojektowana z my\u015bl\u0105 o wysokiej wydajno\u015bci, niezawodno\u015bci i trwa\u0142o\u015bci, co czyni j\u0105 idealnym rozwi\u0105zaniem do koszenia trawnik\u00f3w. Najwa\u017cniejsze cechy kosiarki FMP-RC51 to:<\/p>\n<ol>\n<li><strong>Solidna konstrukcja<\/strong><br \/>\nWykonana z materia\u0142\u00f3w najwy\u017cszej jako\u015bci przek\u0142adnia FMP-RC51 charakteryzuje si\u0119 wyj\u0105tkow\u0105 wytrzyma\u0142o\u015bci\u0105 i odporno\u015bci\u0105, dzi\u0119ki czemu wytrzymuje rygorystyczne wymagania wyst\u0119puj\u0105ce w \u015brodowisku rolniczym.<\/li>\n<li><strong>In\u017cynieria precyzyjna<\/strong><br \/>\nPrzek\u0142adnia FMP-RC51 charakteryzuje si\u0119 precyzyjn\u0105 obr\u00f3bk\u0105, zapewniaj\u0105c\u0105 p\u0142ynn\u0105 prac\u0119 i optymalne przenoszenie mocy. Taka konstrukcja minimalizuje zu\u017cycie, wyd\u0142u\u017caj\u0105c \u017cywotno\u015b\u0107 i wydajno\u015b\u0107 skrzyni bieg\u00f3w.<\/li>\n<li><strong>Wysoka no\u015bno\u015b\u0107 momentu obrotowego<\/strong><br \/>\nZaprojektowana do obs\u0142ugi du\u017cych obci\u0105\u017ce\u0144 momentem obrotowym kosiarka FMP-RC51 gwarantuje znakomit\u0105 wydajno\u015b\u0107 w trudnych warunkach koszenia, gwarantuj\u0105c niezawodn\u0105 prac\u0119 nawet w trudnym terenie.<\/li>\n<li><strong>Wydajne przenoszenie mocy<\/strong><br \/>\nDzi\u0119ki wysokowydajnej konstrukcji przek\u0142adni, FMP-RC51 zapewnia minimalne straty energii i maksymaln\u0105 moc wyj\u015bciow\u0105. Pozwala to na p\u0142ynn\u0105 prac\u0119, zmniejszaj\u0105c obci\u0105\u017cenie silnika i zwi\u0119kszaj\u0105c oszcz\u0119dno\u015b\u0107 paliwa.<\/li>\n<li><strong>Kompaktowy i lekki<\/strong><br \/>\nPrzek\u0142adnia ma kompaktow\u0105 i lekk\u0105 konstrukcj\u0119, dzi\u0119ki czemu mo\u017cna j\u0105 \u0142atwo zamontowa\u0107 i zintegrowa\u0107 z r\u00f3\u017cnymi systemami kosiarek do trawy, bez dodawania zb\u0119dnego ci\u0119\u017caru.<\/li>\n<li><strong>Niskie koszty utrzymania<\/strong><br \/>\nPrzek\u0142adnia FMP-RC51 zosta\u0142a zaprojektowana tak, aby wymaga\u0142a niewielkiej konserwacji. Posiada samosmaruj\u0105ce elementy, kt\u00f3re zmniejszaj\u0105 potrzeb\u0119 cz\u0119stego serwisowania, zwi\u0119kszaj\u0105c wydajno\u015b\u0107 i minimalizuj\u0105c przestoje.<\/li>\n<li><strong>Wszechstronna kompatybilno\u015b\u0107<\/strong><br \/>\nModel FMP-RC51 jest kompatybilny z szerok\u0105 gam\u0105 kosiarek do trawy, co czyni go wszechstronnym rozwi\u0105zaniem do r\u00f3\u017cnych zastosowa\u0144 w rolnictwie. Mo\u017cna go \u0142atwo dostosowa\u0107 do konkretnych wymaga\u0144 maszyn.<\/li>\n<\/ol>\n<p>Dzi\u0119ki tym cechom przek\u0142adnia kosiarki rolniczej FMP-RC51 jest niezawodnym, wydajnym i trwa\u0142ym wyborem dla maszyn rolniczych, zapewniaj\u0105cym wyj\u0105tkow\u0105 wydajno\u015b\u0107 i trwa\u0142o\u015b\u0107 podczas koszenia trawnik\u00f3w.<\/p>\n<div class=\"flex-shrink-0 flex flex-col relative items-end\">\n<div>\n<div class=\"pt-0\">\n<div class=\"gizmo-bot-avatar flex h-8 w-8 items-center justify-center overflow-hidden rounded-full\">\n<div class=\"relative p-1 rounded-sm flex items-center justify-center bg-token-main-surface-primary text-token-text-primary h-8 w-8\"><img loading=\"lazy\" decoding=\"async\" class=\"alignnone size-full wp-image-1994\" src=\"https:\/\/fmp-components.com\/wp-content\/uploads\/2024\/12\/Lawn-Mower-Gearbox-7.webp\" alt=\"Skrzynia bieg\u00f3w kosiarki\" width=\"1502\" height=\"805\" title=\"\" srcset=\"https:\/\/fmp-components.com\/wp-content\/uploads\/2024\/12\/Lawn-Mower-Gearbox-7.webp 1502w, https:\/\/fmp-components.com\/wp-content\/uploads\/2024\/12\/Lawn-Mower-Gearbox-7-1280x686.webp 1280w, https:\/\/fmp-components.com\/wp-content\/uploads\/2024\/12\/Lawn-Mower-Gearbox-7-980x525.webp 980w, https:\/\/fmp-components.com\/wp-content\/uploads\/2024\/12\/Lawn-Mower-Gearbox-7-480x257.webp 480w\" sizes=\"(min-width: 0px) and (max-width: 480px) 480px, (min-width: 481px) and (max-width: 980px) 980px, (min-width: 981px) and (max-width: 1280px) 1280px, (min-width: 1281px) 1502px, 100vw\" \/><\/div>\n<\/div>\n<\/div>\n<\/div>\n<\/div>\n<div class=\"group\/conversation-turn relative flex w-full min-w-0 flex-col agent-turn\">\n<div class=\"flex-col gap-1 md:gap-3\">\n<div class=\"flex max-w-full flex-col flex-grow\">\n<div class=\"min-h-8 text-message flex w-full flex-col items-end gap-2 whitespace-normal break-words text-start [.text-message+&amp;]:mt-5\" dir=\"auto\" data-message-author-role=\"assistant\" data-message-id=\"f83c79da-cb0c-4da0-823f-20067c852903\" data-message-model-slug=\"gpt-4o\">\n<div class=\"flex w-full flex-col gap-1 empty:hidden first:pt-[3px]\">\n<div class=\"markdown prose w-full break-words dark:prose-invert light\">\n<h3>O FMP<\/h3>\n<p>Firma FMP z siedzib\u0105 we W\u0142oszech to uznany producent, znany z wysokowydajnych przek\u0142adni dostosowanych do maszyn rolniczych. Dzi\u0119ki ugruntowanej reputacji w zakresie precyzyjnej in\u017cynierii, innowacji i niezawodno\u015bci, oferujemy szerok\u0105 gam\u0119 przek\u0142adni, w tym specjalistyczne przek\u0142adnie do kosiarek oraz kluczowe komponenty, takie jak wa\u0142y odbioru mocy (WOM). Naszym celem jest dostarczanie rozwi\u0105za\u0144 dostosowanych do indywidualnych potrzeb, idealnie dopasowanych do specyficznych potrzeb sektora rolniczego i przemys\u0142owego, zar\u00f3wno jako samodzielne produkty, jak i zintegrowane systemy.<\/p>\n<p>Rozumiej\u0105c, \u017ce potrzeby ka\u017cdego klienta s\u0105 indywidualne, specjalizujemy si\u0119 w dostosowywaniu naszych produkt\u00f3w do tych specyficznych wymaga\u0144. Niezale\u017cnie od tego, czy szukasz skrzyni bieg\u00f3w na zam\u00f3wienie, czy kompletnego systemu, \u015bci\u015ble wsp\u00f3\u0142pracujemy z Tob\u0105, aby opracowa\u0107 wydajne i skuteczne rozwi\u0105zania. Nasze szybkie, profesjonalne odpowiedzi i fachowe doradztwo gwarantuj\u0105, \u017ce ka\u017cde zapytanie jest rozpatrywane z najwy\u017csz\u0105 staranno\u015bci\u0105 i dok\u0142adno\u015bci\u0105.<\/p>\n<p>W FMP k\u0142adziemy du\u017cy nacisk na transparentn\u0105 komunikacj\u0119 i wsp\u00f3\u0142prac\u0119, szczeg\u00f3lnie podczas projektowania i rozwoju nowych produkt\u00f3w. Wsp\u00f3\u0142pracujemy z naszymi klientami, aby dog\u0142\u0119bnie zrozumie\u0107 ich wyzwania, oferuj\u0105c im wiedz\u0119, kt\u00f3ra prowadzi do optymalnych, innowacyjnych rozwi\u0105za\u0144. Nasze zaanga\u017cowanie w dostarczanie wysokiej jako\u015bci, precyzyjnie zaprojektowanych produkt\u00f3w, na czas i zgodnie z oczekiwaniami klient\u00f3w, jest kluczowe dla wszystkich naszych dzia\u0142a\u0144.<\/p>\n<p>Jako\u015b\u0107 jest fundamentem dzia\u0142alno\u015bci FMP. Nasze procesy produkcyjne s\u0105 regulowane najwy\u017cszymi standardami, co gwarantuje perfekcyjne wykonanie i brak wad. Rygorystyczna kontrola jako\u015bci gwarantuje, \u017ce ka\u017cdy produkt spe\u0142nia lub przewy\u017csza standardy bran\u017cowe. To niezachwiane zaanga\u017cowanie w jako\u015b\u0107, w po\u0142\u0105czeniu z naszymi podstawowymi warto\u015bciami, takimi jak uczciwo\u015b\u0107, praca zespo\u0142owa i wytrwa\u0142o\u015b\u0107, pomog\u0142o nam zbudowa\u0107 trwa\u0142e relacje z klientami w ponad 30 krajach.<\/p>\n<p>FMP jest zawsze otwarta na globalne partnerstwa, oferuj\u0105c eksperckie konsultacje i spersonalizowane rozwi\u0105zania. Nasze podej\u015bcie nie polega wy\u0142\u0105cznie na dostarczaniu produkt\u00f3w, ale na budowaniu d\u0142ugoterminowych partnerstw, kt\u00f3re prowadz\u0105 do wsp\u00f3lnego sukcesu. Niezale\u017cnie od tego, czy szukasz innowacyjnych rozwi\u0105za\u0144, czy sta\u0142ego wsparcia dla istniej\u0105cych system\u00f3w, FMP jest zaanga\u017cowane w rozwi\u0105zywanie Twoich problem\u00f3w technicznych i zapewnienie Ci ci\u0105g\u0142ego sukcesu.<\/p>\n<\/div>\n<\/div>\n<\/div>\n<\/div>\n<\/div>\n<\/div>\n<p><img loading=\"lazy\" decoding=\"async\" class=\"alignnone size-full wp-image-1861\" src=\"https:\/\/fmp-components.com\/wp-content\/uploads\/2024\/12\/Other-Agricultural-Gearboxes.webp\" sizes=\"(min-width: 0px) and (max-width: 480px) 480px, (min-width: 481px) and (max-width: 980px) 980px, (min-width: 981px) 1200px, 100vw\" srcset=\"https:\/\/fmp-components.com\/wp-content\/uploads\/2024\/12\/Other-Agricultural-Gearboxes.webp 1200w, https:\/\/fmp-components.com\/wp-content\/uploads\/2024\/12\/Other-Agricultural-Gearboxes-980x1143.webp 980w, https:\/\/fmp-components.com\/wp-content\/uploads\/2024\/12\/Other-Agricultural-Gearboxes-480x560.webp 480w\" alt=\"Inne zmiany rolnicze\" width=\"1200\" height=\"1400\" title=\"\"><\/p>\n<p>Autor: CX<\/p>","protected":false},"excerpt":{"rendered":"<p>Specification &nbsp; ITEM FMP-rc51 Ratio 1:1.47\/1:1.93 Teeth 22\/15 29\/15 Module \u00a05.08 \/4.0 Power(HP) 30 Rated Input 540rpm Input\/Output Description \u00a0Spline \/Taper spline Weight(N.W) 29KG Features of Agricultural Lawn Mower Gearbox FMP-RC51 The FMP-RC51 Agricultural Lawn Mower Gearbox is designed for high performance, reliability, and durability, making it the ideal solution for lawn mowing applications. Key [&hellip;]<\/p>","protected":false},"featured_media":2026,"comment_status":"open","ping_status":"closed","template":"","meta":{"_et_pb_use_builder":"","_et_pb_old_content":"","_et_gb_content_width":""},"product_brand":[],"product_cat":[52],"product_tag":[],"class_list":{"0":"post-2021","1":"product","2":"type-product","3":"status-publish","4":"has-post-thumbnail","6":"product_cat-lawn-mower-gearbox","8":"first","9":"instock","10":"shipping-taxable","11":"product-type-simple"},"_links":{"self":[{"href":"https:\/\/fmp-components.com\/pl\/wp-json\/wp\/v2\/product\/2021","targetHints":{"allow":["GET"]}}],"collection":[{"href":"https:\/\/fmp-components.com\/pl\/wp-json\/wp\/v2\/product"}],"about":[{"href":"https:\/\/fmp-components.com\/pl\/wp-json\/wp\/v2\/types\/product"}],"replies":[{"embeddable":true,"href":"https:\/\/fmp-components.com\/pl\/wp-json\/wp\/v2\/comments?post=2021"}],"wp:featuredmedia":[{"embeddable":true,"href":"https:\/\/fmp-components.com\/pl\/wp-json\/wp\/v2\/media\/2026"}],"wp:attachment":[{"href":"https:\/\/fmp-components.com\/pl\/wp-json\/wp\/v2\/media?parent=2021"}],"wp:term":[{"taxonomy":"product_brand","embeddable":true,"href":"https:\/\/fmp-components.com\/pl\/wp-json\/wp\/v2\/product_brand?post=2021"},{"taxonomy":"product_cat","embeddable":true,"href":"https:\/\/fmp-components.com\/pl\/wp-json\/wp\/v2\/product_cat?post=2021"},{"taxonomy":"product_tag","embeddable":true,"href":"https:\/\/fmp-components.com\/pl\/wp-json\/wp\/v2\/product_tag?post=2021"}],"curies":[{"name":"wp","href":"https:\/\/api.w.org\/{rel}","templated":true}]}}