{"id":2020,"date":"2024-12-27T01:24:26","date_gmt":"2024-12-27T01:24:26","guid":{"rendered":"https:\/\/fmp-components.com\/?page_id=8"},"modified":"2024-12-27T01:37:57","modified_gmt":"2024-12-27T01:37:57","slug":"agricultural-lawn-mower-gearbox-fmp-rc31-193-fmp-rc31-147","status":"publish","type":"product","link":"https:\/\/fmp-components.com\/pl\/product\/agricultural-lawn-mower-gearbox-fmp-rc31-193-fmp-rc31-147\/","title":{"rendered":"Skrzynia bieg\u00f3w kosiarki rolniczej FMP-RC31-193 FMP-RC31-147"},"content":{"rendered":"<h2>Specyfikacja<\/h2>\n<table style=\"width: 96.2203%; height: 596px;\" border=\"1\" width=\"100%\" cellspacing=\"0\" cellpadding=\"0\">\n<tbody>\n<tr>\n<td width=\"110\">\u00a0<img loading=\"lazy\" decoding=\"async\" class=\"alignnone size-full wp-image-2024\" src=\"https:\/\/fmp-components.com\/wp-content\/uploads\/2024\/12\/fmp_agricultural-gearbox-HC-RC31-2.webp\" alt=\"fmp_agricultural-gearbox-HC-RC31\" width=\"460\" height=\"559\" title=\"\" srcset=\"https:\/\/fmp-components.com\/wp-content\/uploads\/2024\/12\/fmp_agricultural-gearbox-HC-RC31-2.webp 460w, https:\/\/fmp-components.com\/wp-content\/uploads\/2024\/12\/fmp_agricultural-gearbox-HC-RC31-2-247x300.webp 247w, https:\/\/fmp-components.com\/wp-content\/uploads\/2024\/12\/fmp_agricultural-gearbox-HC-RC31-2-10x12.webp 10w\" sizes=\"(max-width: 460px) 100vw, 460px\" \/><\/td>\n<td width=\"98\"><img loading=\"lazy\" decoding=\"async\" class=\"alignnone size-full wp-image-2023\" src=\"https:\/\/fmp-components.com\/wp-content\/uploads\/2024\/12\/fmp_agricultural-gearbox-HC-RC31.webp\" alt=\"fmp_agricultural-gearbox-HC-RC31\" width=\"400\" height=\"400\" title=\"\" srcset=\"https:\/\/fmp-components.com\/wp-content\/uploads\/2024\/12\/fmp_agricultural-gearbox-HC-RC31.webp 400w, https:\/\/fmp-components.com\/wp-content\/uploads\/2024\/12\/fmp_agricultural-gearbox-HC-RC31-300x300.webp 300w, https:\/\/fmp-components.com\/wp-content\/uploads\/2024\/12\/fmp_agricultural-gearbox-HC-RC31-150x150.webp 150w, https:\/\/fmp-components.com\/wp-content\/uploads\/2024\/12\/fmp_agricultural-gearbox-HC-RC31-12x12.webp 12w, https:\/\/fmp-components.com\/wp-content\/uploads\/2024\/12\/fmp_agricultural-gearbox-HC-RC31-100x100.webp 100w\" sizes=\"(max-width: 400px) 100vw, 400px\" \/><\/td>\n<\/tr>\n<\/tbody>\n<\/table>\n<p>&nbsp;<\/p>\n<table style=\"width: 99.0815%; height: 208px;\" border=\"1\" cellspacing=\"0\" cellpadding=\"0\">\n<tbody>\n<tr>\n<td><strong>PRZEDMIOT<\/strong><\/td>\n<td>Skrzynia bieg\u00f3w kosiarki FMP-RC30-193<\/td>\n<\/tr>\n<tr>\n<td><strong>Stosunek<\/strong><\/td>\n<td>1:1.93<\/td>\n<\/tr>\n<tr>\n<td><strong>Z\u0119by<\/strong><\/td>\n<td>15\/29<\/td>\n<\/tr>\n<tr>\n<td><strong>Modu\u0142<\/strong><\/td>\n<td>4.0<\/td>\n<\/tr>\n<tr>\n<td><strong>Moc (KM)<\/strong><\/td>\n<td>30<\/td>\n<\/tr>\n<tr>\n<td><strong>Znamionowe wej\u015bcie<\/strong><\/td>\n<td>540 obr.\/min<\/td>\n<\/tr>\n<tr>\n<td><strong>Opis wej\u015bcia\/wyj\u015bcia<\/strong><\/td>\n<td>1-3\/8 Z6\u03c631,75 O\u015b optyczna<\/td>\n<\/tr>\n<tr>\n<td><strong>Waga (NW)<\/strong><\/td>\n<td>24,5 kg<\/td>\n<\/tr>\n<\/tbody>\n<\/table>\n<h2>Skrzynia bieg\u00f3w kosiarki rolniczej FMP-RC31-193 i FMP-RC31-147<\/h2>\n<p>FMP oferuje gam\u0119 wysokowydajnych przek\u0142adni do kosiarek rolniczych, zaprojektowanych z my\u015bl\u0105 o wymaganiach r\u00f3\u017cnorodnych zastosowa\u0144 w piel\u0119gnacji trawnik\u00f3w. W\u015br\u00f3d naszych godnych uwagi modeli znajduj\u0105 si\u0119 FMP-RC31-193 i FMP-RC31-147, kt\u00f3re charakteryzuj\u0105 si\u0119 wyj\u0105tkow\u0105 niezawodno\u015bci\u0105, trwa\u0142o\u015bci\u0105 i wydajno\u015bci\u0105. Oba modele zosta\u0142y zaprojektowane z my\u015bl\u0105 o zapewnieniu optymalnej wydajno\u015bci dla szerokiej gamy maszyn rolniczych i przemys\u0142owych, gwarantuj\u0105c p\u0142ynn\u0105 prac\u0119 i wysok\u0105 wydajno\u015b\u0107.<\/p>\n<h3>G\u0142\u00f3wne cechy FMP-RC31-193 i FMP-RC31-147:<\/h3>\n<ol>\n<li><strong>Wysoka wydajno\u015b\u0107 i przenoszenie momentu obrotowego<\/strong>:\n<ul>\n<li>Obie przek\u0142adnie zaprojektowano tak, aby zapewnia\u0142y du\u017cy moment obrotowy i wysok\u0105 wydajno\u015b\u0107, dzi\u0119ki czemu Twoja kosiarka lub maszyna rolnicza b\u0119dzie dzia\u0142a\u0107 z maksymaln\u0105 wydajno\u015bci\u0105.<\/li>\n<\/ul>\n<\/li>\n<li><strong>Trwa\u0142o\u015b\u0107<\/strong>:\n<ul>\n<li>Wykonane z najwy\u017cszej jako\u015bci materia\u0142\u00f3w i przy wykorzystaniu zaawansowanej in\u017cynierii, modele FMP-RC31-193 i FMP-RC31-147 s\u0105 przeznaczone do pracy w trudnych warunkach i przy d\u0142u\u017cszym u\u017cytkowaniu, co zapewnia d\u0142ug\u0105 \u017cywotno\u015b\u0107.<\/li>\n<\/ul>\n<\/li>\n<li><strong>In\u017cynieria precyzyjna<\/strong>:\n<ul>\n<li>Modele te s\u0105 produkowane z precyzj\u0105, co gwarantuje minimalny luz i ha\u0142as, gwarantuj\u0105c p\u0142ynn\u0105 prac\u0119 kosiarki lub innego sprz\u0119tu rolniczego.<\/li>\n<\/ul>\n<\/li>\n<li><strong>Wszechstronno\u015b\u0107<\/strong>:\n<ul>\n<li>Przek\u0142adnie FMP-RC31-193 i FMP-RC31-147 mo\u017cna \u0142atwo zintegrowa\u0107 z r\u00f3\u017cnymi maszynami rolniczymi, co zapewnia elastyczno\u015b\u0107 instalacji i u\u017cytkowania. Oba modele mo\u017cna dostosowa\u0107 do r\u00f3\u017cnych wymaga\u0144 dotycz\u0105cych mocy wej\u015bciowej i wyj\u015bciowej.<\/li>\n<\/ul>\n<\/li>\n<li><strong>Niskie koszty utrzymania<\/strong>:\n<ul>\n<li>Obie przek\u0142adnie zaprojektowano z my\u015bl\u0105 o minimalnym zu\u017cyciu i wymagaj\u0105 rzadszej konserwacji, co zmniejsza przestoje i poprawia wydajno\u015b\u0107 operacyjn\u0105.<\/li>\n<\/ul>\n<\/li>\n<li><strong>Cicha praca<\/strong>:\n<ul>\n<li>Dzi\u0119ki zaawansowanej produkcji i wysokiej jako\u015bci materia\u0142om przek\u0142adnie FMP-RC31-193 i FMP-RC31-147 zosta\u0142y zaprojektowane tak, aby pracowa\u0107 cicho i p\u0142ynnie, redukuj\u0105c ha\u0142as podczas u\u017cytkowania.<\/li>\n<\/ul>\n<\/li>\n<\/ol>\n<p><img loading=\"lazy\" decoding=\"async\" class=\"alignnone size-full wp-image-2009\" src=\"https:\/\/fmp-components.com\/wp-content\/uploads\/2024\/12\/Lawn-Mower-Gearbox-Suppliers-6.webp\" alt=\"Skrzynia bieg\u00f3w kosiarki\" width=\"1000\" height=\"445\" title=\"\" srcset=\"https:\/\/fmp-components.com\/wp-content\/uploads\/2024\/12\/Lawn-Mower-Gearbox-Suppliers-6.webp 1000w, https:\/\/fmp-components.com\/wp-content\/uploads\/2024\/12\/Lawn-Mower-Gearbox-Suppliers-6-980x436.webp 980w, https:\/\/fmp-components.com\/wp-content\/uploads\/2024\/12\/Lawn-Mower-Gearbox-Suppliers-6-480x214.webp 480w\" sizes=\"(min-width: 0px) and (max-width: 480px) 480px, (min-width: 481px) and (max-width: 980px) 980px, (min-width: 981px) 1000px, 100vw\" \/><\/p>\n<h3>Zastosowania:<\/h3>\n<p>Modele FMP-RC31-193 i FMP-RC31-147 idealnie nadaj\u0105 si\u0119 do stosowania w:<\/p>\n<ul>\n<li><strong>Kosiarki rotacyjne<\/strong><\/li>\n<li><strong>Sprz\u0119t do piel\u0119gnacji trawnik\u00f3w<\/strong><\/li>\n<li><strong>Maszyny rolnicze<\/strong><\/li>\n<li><strong>No\u017ce obrotowe i rozdrabniacze<\/strong><\/li>\n<li><strong>Systemy koszenia p\u00f3l<\/strong><\/li>\n<\/ul>\n<h3>Dlaczego warto wybra\u0107 FMP-RC31-193 i FMP-RC31-147?<\/h3>\n<p>Przek\u0142adnie FMP zosta\u0142y zaprojektowane tak, aby spe\u0142nia\u0107 specyficzne wymagania maszyn rolniczych, \u0142\u0105cz\u0105c wytrzyma\u0142o\u015b\u0107, precyzj\u0119 i niezawodno\u015b\u0107. Niezale\u017cnie od tego, czy potrzebujesz wymiany, czy projektujesz nowy system, te modele oferuj\u0105 wydajne i trwa\u0142e rozwi\u0105zanie dla Twoich potrzeb rolniczych.<\/p>\n<p>FMP rozumie, \u017ce ka\u017cda aplikacja jest wyj\u0105tkowa. Dlatego oferujemy opcje personalizacji, aby spe\u0142ni\u0107 specyficzne wymagania operacyjne. Niezale\u017cnie od tego, czy potrzebujesz dopasowanego stosunku mocy wej\u015bciowej do wyj\u015bciowej, czy konkretnych konfiguracji monta\u017cu, pomo\u017cemy Ci zaprojektowa\u0107 idealne rozwi\u0105zanie dopasowane do Twoich potrzeb.<\/p>\n<p>Aby uzyska\u0107 wi\u0119cej informacji lub poprosi\u0107 o wycen\u0119, skontaktuj si\u0119 z naszym zespo\u0142em w FMP. Zale\u017cy nam na dostarczaniu najwy\u017cszej jako\u015bci skrzy\u0144 bieg\u00f3w i wyj\u0105tkowej obs\u0142ugi, aby sprosta\u0107 wszystkim Twoim potrzebom w zakresie maszyn rolniczych.<\/p>\n<p><img loading=\"lazy\" decoding=\"async\" class=\"alignnone size-full wp-image-1994\" src=\"https:\/\/fmp-components.com\/wp-content\/uploads\/2024\/12\/Lawn-Mower-Gearbox-7.webp\" alt=\"Skrzynia bieg\u00f3w kosiarki\" width=\"1502\" height=\"805\" title=\"\" srcset=\"https:\/\/fmp-components.com\/wp-content\/uploads\/2024\/12\/Lawn-Mower-Gearbox-7.webp 1502w, https:\/\/fmp-components.com\/wp-content\/uploads\/2024\/12\/Lawn-Mower-Gearbox-7-1280x686.webp 1280w, https:\/\/fmp-components.com\/wp-content\/uploads\/2024\/12\/Lawn-Mower-Gearbox-7-980x525.webp 980w, https:\/\/fmp-components.com\/wp-content\/uploads\/2024\/12\/Lawn-Mower-Gearbox-7-480x257.webp 480w\" sizes=\"(min-width: 0px) and (max-width: 480px) 480px, (min-width: 481px) and (max-width: 980px) 980px, (min-width: 981px) and (max-width: 1280px) 1280px, (min-width: 1281px) 1502px, 100vw\" \/><\/p>\n<h3>O FMP<\/h3>\n<p>Firma FMP z siedzib\u0105 we W\u0142oszech jest wiod\u0105cym producentem, cenionym za specjalistyczn\u0105 wiedz\u0119 w zakresie projektowania, rozwoju i produkcji wysokowydajnych przek\u0142adni do maszyn rolniczych. Stawiamy na precyzj\u0119 wykonania, innowacyjno\u015b\u0107 i niezawodno\u015b\u0107. Nasza oferta obejmuje przek\u0142adnie do kosiarek oraz kluczowe komponenty, takie jak wa\u0142y odbioru mocy (WOM), kt\u00f3re zapewniaj\u0105 rozwi\u0105zania dostosowane do potrzeb sektora rolniczego i przemys\u0142owego. Niezale\u017cnie od tego, czy chodzi o pojedyncze komponenty, czy w pe\u0142ni zintegrowane systemy, koncentrujemy si\u0119 na zaspokajaniu indywidualnych potrzeb naszych klient\u00f3w.<\/p>\n<p>W FMP rozumiemy, \u017ce ka\u017cdy klient ma specyficzne wymagania, dlatego specjalizujemy si\u0119 w dostarczaniu rozwi\u0105za\u0144 szytych na miar\u0119. Od specjalistycznych skrzy\u0144 bieg\u00f3w po kompletne systemy, \u015bci\u015ble wsp\u00f3\u0142pracujemy z naszymi klientami, aby zapewni\u0107 najbardziej efektywne i wydajne rozwi\u0105zania. Nasze szybkie i profesjonalne odpowiedzi, w po\u0142\u0105czeniu z fachowym doradztwem, gwarantuj\u0105, \u017ce ka\u017cde zapytanie zostanie obs\u0142u\u017cone z dba\u0142o\u015bci\u0105 i precyzj\u0105.<\/p>\n<p>Priorytetem jest dla nas otwarta i ci\u0105g\u0142a komunikacja z naszymi klientami, szczeg\u00f3lnie w kontek\u015bcie rozwoju nowych produkt\u00f3w. Nasz zesp\u00f3\u0142 wsp\u00f3\u0142pracuje bezpo\u015brednio z klientami, aby w pe\u0142ni zrozumie\u0107 ich wyzwania i oferowa\u0107 im wiedz\u0119, kt\u00f3ra prowadzi do optymalnych rozwi\u0105za\u0144. Niezale\u017cnie od tego, czy projektujemy nowe produkty, czy realizujemy istniej\u0105ce zam\u00f3wienia, dok\u0142adamy wszelkich stara\u0144, aby dostarcza\u0107 wysokiej jako\u015bci, precyzyjnie zaprojektowane produkty na czas.<\/p>\n<p>Jako\u015b\u0107 jest fundamentem wszystkiego, co robimy w FMP. Nasze procesy produkcyjne spe\u0142niaj\u0105 najwy\u017csze standardy dok\u0142adno\u015bci i zerowej liczby defekt\u00f3w. Wdra\u017camy rygorystyczne procedury kontroli jako\u015bci, aby zapewni\u0107, \u017ce ka\u017cdy produkt spe\u0142nia lub przewy\u017csza standardy bran\u017cowe. To zaanga\u017cowanie w jako\u015b\u0107, w po\u0142\u0105czeniu z naszymi podstawowymi warto\u015bciami, takimi jak uczciwo\u015b\u0107, praca zespo\u0142owa i wytrwa\u0142o\u015b\u0107, pozwoli\u0142o nam zbudowa\u0107 silne i trwa\u0142e relacje z klientami w prawie 30 krajach.<\/p>\n<p>FMP jest zawsze otwarta na globalne partnerstwa i zobowi\u0105zana do oferowania eksperckiego doradztwa oraz rozwi\u0105za\u0144 dostosowanych do indywidualnych potrzeb. Nasze podej\u015bcie wykracza poza samo dostarczanie produkt\u00f3w \u2013 koncentrujemy si\u0119 na budowaniu d\u0142ugoterminowych relacji z klientami, zapewniaj\u0105c im sukces w ka\u017cdym projekcie. Niezale\u017cnie od tego, czy potrzebujesz innowacyjnych rozwi\u0105za\u0144 dla nowego projektu, czy wsparcia dla istniej\u0105cego systemu, FMP z zaanga\u017cowaniem stawia czo\u0142a Twoim wyzwaniom technicznym i zapewnia sta\u0142y sukces.<\/p>\n<p><img loading=\"lazy\" decoding=\"async\" class=\"alignnone size-full wp-image-1861\" src=\"https:\/\/fmp-components.com\/wp-content\/uploads\/2024\/12\/Other-Agricultural-Gearboxes.webp\" sizes=\"(min-width: 0px) and (max-width: 480px) 480px, (min-width: 481px) and (max-width: 980px) 980px, (min-width: 981px) 1200px, 100vw\" srcset=\"https:\/\/fmp-components.com\/wp-content\/uploads\/2024\/12\/Other-Agricultural-Gearboxes.webp 1200w, https:\/\/fmp-components.com\/wp-content\/uploads\/2024\/12\/Other-Agricultural-Gearboxes-980x1143.webp 980w, https:\/\/fmp-components.com\/wp-content\/uploads\/2024\/12\/Other-Agricultural-Gearboxes-480x560.webp 480w\" alt=\"Inne zmiany rolnicze\" width=\"1200\" height=\"1400\" title=\"\"><\/p>\n<p>Autor: CX<\/p>","protected":false},"excerpt":{"rendered":"<p>Specification \u00a0 &nbsp; ITEM Lawnmower Gearbox FMP-RC30-193 Ratio 1:1.93 Teeth 15\/29 Module 4.0 Power(HP) 30 Rated Input 540rpm Input\/Output Description 1-3\/8 Z6\u03c631.75 Optic axis Weight(N.W) 24.5KG Agricultural Lawn Mower Gearbox FMP-RC31-193 &amp; FMP-RC31-147 FMP offers a range of high-performance agricultural lawn mower gearboxes designed to meet the demands of various lawn maintenance applications. Among our [&hellip;]<\/p>","protected":false},"featured_media":2023,"comment_status":"open","ping_status":"closed","template":"","meta":{"_et_pb_use_builder":"","_et_pb_old_content":"","_et_gb_content_width":""},"product_brand":[],"product_cat":[52],"product_tag":[],"class_list":{"0":"post-2020","1":"product","2":"type-product","3":"status-publish","4":"has-post-thumbnail","6":"product_cat-lawn-mower-gearbox","8":"first","9":"instock","10":"shipping-taxable","11":"product-type-simple"},"_links":{"self":[{"href":"https:\/\/fmp-components.com\/pl\/wp-json\/wp\/v2\/product\/2020","targetHints":{"allow":["GET"]}}],"collection":[{"href":"https:\/\/fmp-components.com\/pl\/wp-json\/wp\/v2\/product"}],"about":[{"href":"https:\/\/fmp-components.com\/pl\/wp-json\/wp\/v2\/types\/product"}],"replies":[{"embeddable":true,"href":"https:\/\/fmp-components.com\/pl\/wp-json\/wp\/v2\/comments?post=2020"}],"wp:featuredmedia":[{"embeddable":true,"href":"https:\/\/fmp-components.com\/pl\/wp-json\/wp\/v2\/media\/2023"}],"wp:attachment":[{"href":"https:\/\/fmp-components.com\/pl\/wp-json\/wp\/v2\/media?parent=2020"}],"wp:term":[{"taxonomy":"product_brand","embeddable":true,"href":"https:\/\/fmp-components.com\/pl\/wp-json\/wp\/v2\/product_brand?post=2020"},{"taxonomy":"product_cat","embeddable":true,"href":"https:\/\/fmp-components.com\/pl\/wp-json\/wp\/v2\/product_cat?post=2020"},{"taxonomy":"product_tag","embeddable":true,"href":"https:\/\/fmp-components.com\/pl\/wp-json\/wp\/v2\/product_tag?post=2020"}],"curies":[{"name":"wp","href":"https:\/\/api.w.org\/{rel}","templated":true}]}}