{"id":2015,"date":"2024-12-27T01:18:55","date_gmt":"2024-12-27T01:18:55","guid":{"rendered":"https:\/\/fmp-components.com\/?page_id=8"},"modified":"2026-03-18T03:40:47","modified_gmt":"2026-03-18T03:40:47","slug":"agricultural-lawn-mower-gearbox-fmp-rc30-193","status":"publish","type":"product","link":"https:\/\/fmp-components.com\/pl\/product\/agricultural-lawn-mower-gearbox-fmp-rc30-193\/","title":{"rendered":"Skrzynia bieg\u00f3w kosiarki rolniczej FMP-RC30-193"},"content":{"rendered":"<h2>Specyfikacja przek\u0142adni kosiarki rolniczej FMP-RC30-193<\/h2>\n<table style=\"width: 96.2203%; height: 596px;\" border=\"1\" width=\"100%\" cellspacing=\"0\" cellpadding=\"0\">\n<tbody>\n<tr>\n<td width=\"110\">\u00a0<img loading=\"lazy\" decoding=\"async\" class=\"alignnone size-full wp-image-2017\" src=\"https:\/\/fmp-components.com\/wp-content\/uploads\/2024\/12\/fmp_agricultural-gearbox-HC-RC30-193-2.webp\" alt=\"fmp_agricultural-gearbox-HC-RC30-193-2\" width=\"400\" height=\"537\" title=\"\" srcset=\"https:\/\/fmp-components.com\/wp-content\/uploads\/2024\/12\/fmp_agricultural-gearbox-HC-RC30-193-2.webp 400w, https:\/\/fmp-components.com\/wp-content\/uploads\/2024\/12\/fmp_agricultural-gearbox-HC-RC30-193-2-223x300.webp 223w, https:\/\/fmp-components.com\/wp-content\/uploads\/2024\/12\/fmp_agricultural-gearbox-HC-RC30-193-2-9x12.webp 9w\" sizes=\"(max-width: 400px) 100vw, 400px\" \/><\/td>\n<td width=\"98\"><img loading=\"lazy\" decoding=\"async\" class=\"alignnone size-full wp-image-2016\" src=\"https:\/\/fmp-components.com\/wp-content\/uploads\/2024\/12\/fmp_agricultural-gearbox-HC-RC30-193.webp\" alt=\"fmp_agricultural-gearbox-HC-RC30-193\" width=\"400\" height=\"400\" title=\"\" srcset=\"https:\/\/fmp-components.com\/wp-content\/uploads\/2024\/12\/fmp_agricultural-gearbox-HC-RC30-193.webp 400w, https:\/\/fmp-components.com\/wp-content\/uploads\/2024\/12\/fmp_agricultural-gearbox-HC-RC30-193-300x300.webp 300w, https:\/\/fmp-components.com\/wp-content\/uploads\/2024\/12\/fmp_agricultural-gearbox-HC-RC30-193-150x150.webp 150w, https:\/\/fmp-components.com\/wp-content\/uploads\/2024\/12\/fmp_agricultural-gearbox-HC-RC30-193-12x12.webp 12w, https:\/\/fmp-components.com\/wp-content\/uploads\/2024\/12\/fmp_agricultural-gearbox-HC-RC30-193-100x100.webp 100w\" sizes=\"(max-width: 400px) 100vw, 400px\" \/><\/td>\n<\/tr>\n<\/tbody>\n<\/table>\n<table style=\"width: 98.1069%; height: 204px;\" border=\"1\" cellspacing=\"0\" cellpadding=\"0\">\n<tbody>\n<tr>\n<td><strong>PRZEDMIOT<\/strong><\/td>\n<td>Skrzynia bieg\u00f3w kosiarki FMP-RC30-193<\/td>\n<\/tr>\n<tr>\n<td><strong>Stosunek<\/strong><\/td>\n<td>1:1.93<\/td>\n<\/tr>\n<tr>\n<td><strong>Z\u0119by<\/strong><\/td>\n<td>15\/29<\/td>\n<\/tr>\n<tr>\n<td><strong>Modu\u0142<\/strong><\/td>\n<td>4.0<\/td>\n<\/tr>\n<tr>\n<td><strong>Moc (KM)<\/strong><\/td>\n<td>30<\/td>\n<\/tr>\n<tr>\n<td><strong>Znamionowe wej\u015bcie<\/strong><\/td>\n<td>540 obr.\/min<\/td>\n<\/tr>\n<tr>\n<td><strong>Opis wej\u015bcia\/wyj\u015bcia<\/strong><\/td>\n<td>1-3\/8 Z6\u03c631,75 O\u015b optyczna<\/td>\n<\/tr>\n<tr>\n<td><strong>Waga (NW)<\/strong><\/td>\n<td>24,5 kg<\/td>\n<\/tr>\n<\/tbody>\n<\/table>\n<h2>Wa\u0142y odbioru mocy i przek\u0142adnie rolnicze<\/h2>\n<p>Wa\u0142y odbioru mocy i przek\u0142adnie rolnicze to niezb\u0119dne elementy, kt\u00f3re wsp\u00f3\u0142pracuj\u0105c ze sob\u0105, przenosz\u0105 moc mechaniczn\u0105 mi\u0119dzy ci\u0105gnikami rolniczymi a zamontowanymi na nich narz\u0119dziami. Uk\u0142ady te odgrywaj\u0105 kluczow\u0105 rol\u0119 w zapewnieniu p\u0142ynnej pracy r\u00f3\u017cnych maszyn rolniczych, umo\u017cliwiaj\u0105c ci\u0105gnikom wydajne wykonywanie zada\u0144, takich jak uprawa roli, koszenie i transport ci\u0119\u017ckich \u0142adunk\u00f3w.<\/p>\n<p>Wa\u0142 odbioru mocy (WOM) to kluczowe ogniwo \u0142\u0105cz\u0105ce ci\u0105gnik z maszynami rolniczymi. Przekszta\u0142ca energi\u0119 obrotow\u0105 silnika w energi\u0119 mechaniczn\u0105, kt\u00f3ra nap\u0119dza r\u00f3\u017cne narz\u0119dzia i maszyny rolnicze. Przenosz\u0105c moc silnika na inne narz\u0119dzia, takie jak kosiarki, prasy i p\u0142ugi, wa\u0142 WOM umo\u017cliwia ci\u0105gnikowi \u0142atwe wykonywanie wielu zada\u0144. Prawid\u0142owo dzia\u0142aj\u0105cy wa\u0142 WOM zwi\u0119ksza wszechstronno\u015b\u0107 i wydajno\u015b\u0107 pracy ci\u0105gnika. Ponadto pomaga zmniejszy\u0107 zu\u017cycie silnika i innych uk\u0142ad\u00f3w ci\u0105gnika, zapewniaj\u0105c jego d\u0142ugotrwa\u0142\u0105 wydajno\u015b\u0107.<\/p>\n<p>Kluczow\u0105 zalet\u0105 wa\u0142u odbioru mocy (WOM) jest jego zdolno\u015b\u0107 do przenoszenia du\u017cych obci\u0105\u017ce\u0144 bez negatywnego wp\u0142ywu na prac\u0119 silnika ci\u0105gnika. Prawid\u0142owo u\u017cywany minimalizuje ryzyko uszkodzenia zar\u00f3wno ci\u0105gnika, jak i operatora. Jednak, jak ka\u017cdy element mechaniczny, wa\u0142 odbioru mocy mo\u017ce z czasem ulec zu\u017cyciu, zw\u0142aszcza je\u015bli nie jest odpowiednio konserwowany. Regularne przegl\u0105dy, smarowanie i terminowa wymiana zu\u017cytych cz\u0119\u015bci s\u0105 niezb\u0119dne dla zapewnienia wydajnej i bezpiecznej pracy uk\u0142adu WOM.<\/p>\n<p>Przek\u0142adnia rolnicza wsp\u00f3\u0142pracuje z wa\u0142em odbioru mocy (WOM), przenosz\u0105c i moduluj\u0105c moc mechaniczn\u0105, dostosowuj\u0105c j\u0105 do specyficznych wymaga\u0144 nap\u0119dzanego sprz\u0119tu. Zapewnia ona odpowiedni\u0105 pr\u0119dko\u015b\u0107 i moment obrotowy, w zale\u017cno\u015bci od wykonywanego zadania. Przek\u0142adnie rolnicze s\u0105 dost\u0119pne w r\u00f3\u017cnych konfiguracjach, w tym przek\u0142adnie sto\u017ckowe, \u015blimakowe i planetarne, z kt\u00f3rych ka\u017cda zosta\u0142a zaprojektowana z my\u015bl\u0105 o konkretnych potrzebach eksploatacyjnych. Na przyk\u0142ad przek\u0142adnie kosiarek do trawy musz\u0105 zapewnia\u0107 sta\u0142y i wydajny moment obrotowy przy pracy z ni\u017cszymi pr\u0119dko\u015bciami, aby zapewni\u0107 precyzyjne koszenie.<\/p>\n<p>Wybieraj\u0105c przek\u0142adni\u0119 rolnicz\u0105, nale\u017cy wzi\u0105\u0107 pod uwag\u0119 takie czynniki, jak trwa\u0142o\u015b\u0107, mechanizm i jako\u015b\u0107 materia\u0142\u00f3w. Wytrzyma\u0142a przek\u0142adnia wykonana z materia\u0142\u00f3w o wysokiej wytrzyma\u0142o\u015bci pos\u0142u\u017cy przez wiele lat, zmniejszaj\u0105c cz\u0119stotliwo\u015b\u0107 wymian i koszty konserwacji. Wysokiej jako\u015bci przek\u0142adnie s\u0105 zaprojektowane tak, aby wytrzyma\u0107 trudne warunki pracy, w tym nara\u017cenie na kurz, wilgo\u0107 i du\u017ce obci\u0105\u017cenia, co czyni je niezb\u0119dn\u0105 inwestycj\u0105 w d\u0142ugoterminowe gospodarstwa rolne.<\/p>\n<p>Trwa\u0142o\u015b\u0107 skrzyni bieg\u00f3w ma bezpo\u015bredni wp\u0142yw na og\u00f3ln\u0105 wydajno\u015b\u0107 i ekonomiczno\u015b\u0107 maszyn rolniczych. Inwestycja w solidnie wykonan\u0105 skrzyni\u0119 bieg\u00f3w gwarantuje jej optymaln\u0105 prac\u0119 przez ca\u0142y okres eksploatacji, co pozwala unikn\u0105\u0107 kosztownych napraw lub wymian. Jest to szczeg\u00f3lnie wa\u017cne dla rolnik\u00f3w, kt\u00f3rzy wykorzystuj\u0105 swoje maszyny w codziennej pracy, poniewa\u017c nieoczekiwane przestoje mog\u0105 prowadzi\u0107 do znacznych strat wydajno\u015bci.<\/p>\n<p>Podsumowuj\u0105c, zar\u00f3wno wa\u0142y odbioru mocy, jak i przek\u0142adnie rolnicze s\u0105 kluczowymi elementami dla efektywnej pracy maszyn rolniczych. Kupuj\u0105c te produkty, nale\u017cy wybra\u0107 wysokiej jako\u015bci, trwa\u0142e rozwi\u0105zania, kt\u00f3re spe\u0142ni\u0105 Pa\u0144stwa specyficzne potrzeby. Nale\u017cy wzi\u0105\u0107 pod uwag\u0119 takie czynniki, jak wytrzyma\u0142o\u015b\u0107 materia\u0142u, wymagania konserwacyjne oraz rodzaj zada\u0144, jakie b\u0119d\u0105 wykonywane przez Pa\u0144stwa maszyny. Wybieraj\u0105c odpowiednie komponenty, zapewni\u0105 Pa\u0144stwo p\u0142ynn\u0105, bezpieczn\u0105 i wydajn\u0105 prac\u0119 ci\u0105gnika i maszyn przez wiele lat.<\/p>\n<table style=\"width: 100.747%; height: 471px;\" border=\"1\" cellspacing=\"0\" cellpadding=\"0\">\n<tbody>\n<tr style=\"height: 468px;\">\n<td style=\"width: 49.0831%; height: 468px;\" width=\"110\"><img loading=\"lazy\" decoding=\"async\" class=\"alignnone size-full wp-image-2018\" src=\"https:\/\/fmp-components.com\/wp-content\/uploads\/2024\/12\/PTO-Shafts-and-Agricultural-Gearboxes-1.webp\" alt=\"Wa\u0142y odbioru mocy i przek\u0142adnie rolnicze\" width=\"600\" height=\"600\" title=\"\" srcset=\"https:\/\/fmp-components.com\/wp-content\/uploads\/2024\/12\/PTO-Shafts-and-Agricultural-Gearboxes-1.webp 600w, https:\/\/fmp-components.com\/wp-content\/uploads\/2024\/12\/PTO-Shafts-and-Agricultural-Gearboxes-1-480x480.webp 480w\" sizes=\"(min-width: 0px) and (max-width: 480px) 480px, (min-width: 481px) 600px, 100vw\" \/><\/td>\n<td style=\"width: 50.7012%; height: 468px;\" width=\"98\"><img loading=\"lazy\" decoding=\"async\" class=\"alignnone wp-image-2019\" src=\"https:\/\/fmp-components.com\/wp-content\/uploads\/2024\/12\/PTO-Shafts-and-Agricultural-Gearboxes.webp\" alt=\"Wa\u0142y odbioru mocy i przek\u0142adnie rolnicze\" width=\"474\" height=\"474\" title=\"\"><\/td>\n<\/tr>\n<\/tbody>\n<\/table>\n<h3>O FMP<\/h3>\n<p>Firma FMP, z siedzib\u0105 g\u0142\u00f3wn\u0105 we W\u0142oszech, jest wiod\u0105cym producentem, cenionym za swoje do\u015bwiadczenie w projektowaniu i produkcji wysokowydajnych przek\u0142adni do maszyn rolniczych. Znani z precyzji wykonania, innowacyjno\u015bci i niezawodno\u015bci, oferujemy szerok\u0105 gam\u0119 produkt\u00f3w, w tym przek\u0142adnie do kosiarek oraz niezb\u0119dne komponenty, takie jak wa\u0142y odbioru mocy (WOM). Nasz\u0105 misj\u0105 jest dostarczanie rozwi\u0105za\u0144 dostosowanych do indywidualnych potrzeb sektora rolniczego i przemys\u0142owego, dostarczaj\u0105c zar\u00f3wno pojedyncze produkty, jak i w pe\u0142ni zintegrowane systemy.<\/p>\n<p>W FMP rozumiemy, \u017ce ka\u017cdy klient ma specyficzne potrzeby, dlatego specjalizujemy si\u0119 w dostosowywaniu naszych produkt\u00f3w do indywidualnych potrzeb. Niezale\u017cnie od tego, czy potrzebujesz specjalistycznej skrzyni bieg\u00f3w, czy kompletnego systemu, \u015bci\u015ble wsp\u00f3\u0142pracujemy z Tob\u0105, aby dostarczy\u0107 Ci najbardziej efektywne i wydajne rozwi\u0105zanie. Nasze zaanga\u017cowanie w zadowolenie klienta znajduje odzwierciedlenie w szybkich, profesjonalnych odpowiedziach i fachowym doradztwie, dzi\u0119ki czemu ka\u017cde zapytanie jest traktowane z dba\u0142o\u015bci\u0105 i precyzj\u0105.<\/p>\n<p>Przywi\u0105zujemy du\u017c\u0105 wag\u0119 do otwartej komunikacji i ci\u0105g\u0142ej wsp\u00f3\u0142pracy z naszymi klientami, szczeg\u00f3lnie podczas opracowywania nowych produkt\u00f3w. Nasz zesp\u00f3\u0142 \u015bci\u015ble wsp\u00f3\u0142pracuje z klientami, aby w pe\u0142ni zrozumie\u0107 ich wyzwania i oferowa\u0107 im wiedz\u0119, kt\u00f3ra prowadzi do optymalnych rozwi\u0105za\u0144. Niezale\u017cnie od tego, czy opracowujemy nowe produkty, czy realizujemy istniej\u0105ce zam\u00f3wienia, dok\u0142adamy wszelkich stara\u0144, aby dostarcza\u0107 wysokiej jako\u015bci, precyzyjnie zaprojektowane produkty na czas.<\/p>\n<p>Jako\u015b\u0107 jest fundamentem wszystkiego, co robimy w FMP. Nasze procesy produkcyjne spe\u0142niaj\u0105 najwy\u017csze standardy dok\u0142adno\u015bci i precyzji, gwarantuj\u0105c, \u017ce ka\u017cdy produkt jest wolny od wad. Wdra\u017camy rygorystyczne \u015brodki kontroli jako\u015bci, aby zapewni\u0107, \u017ce wszystkie nasze produkty spe\u0142niaj\u0105 lub przewy\u017cszaj\u0105 standardy bran\u017cowe. To nieustanne skupienie na jako\u015bci, w po\u0142\u0105czeniu z naszymi podstawowymi warto\u015bciami, takimi jak uczciwo\u015b\u0107, praca zespo\u0142owa i wytrwa\u0142o\u015b\u0107, pomog\u0142o nam nawi\u0105za\u0107 d\u0142ugotrwa\u0142e relacje z klientami w prawie 30 krajach na ca\u0142ym \u015bwiecie.<\/p>\n<p>FMP jest zawsze otwarta na nawi\u0105zywanie globalnych partnerstw, oferuj\u0105c fachowe doradztwo i rozwi\u0105zania dostosowane do indywidualnych potrzeb. Nasze podej\u015bcie wykracza poza samo dostarczanie produkt\u00f3w \u2013 d\u0105\u017cymy do budowania d\u0142ugoterminowych relacji, kt\u00f3re sprzyjaj\u0105 wsp\u00f3lnemu sukcesowi. Niezale\u017cnie od tego, czy potrzebujesz nowych rozwi\u0105za\u0144, czy wsparcia dla istniej\u0105cych system\u00f3w, FMP z zaanga\u017cowaniem stawia czo\u0142a Twoim wyzwaniom technicznym i zapewnia sta\u0142y sukces.<\/p>\n<p><img loading=\"lazy\" decoding=\"async\" class=\"alignnone size-full wp-image-1861\" src=\"https:\/\/fmp-components.com\/wp-content\/uploads\/2024\/12\/Other-Agricultural-Gearboxes.webp\" sizes=\"(min-width: 0px) and (max-width: 480px) 480px, (min-width: 481px) and (max-width: 980px) 980px, (min-width: 981px) 1200px, 100vw\" srcset=\"https:\/\/fmp-components.com\/wp-content\/uploads\/2024\/12\/Other-Agricultural-Gearboxes.webp 1200w, https:\/\/fmp-components.com\/wp-content\/uploads\/2024\/12\/Other-Agricultural-Gearboxes-980x1143.webp 980w, https:\/\/fmp-components.com\/wp-content\/uploads\/2024\/12\/Other-Agricultural-Gearboxes-480x560.webp 480w\" alt=\"Inne zmiany rolnicze\" width=\"1200\" height=\"1400\" title=\"\"><\/p>\n<p>Autor: CX<\/p>","protected":false},"excerpt":{"rendered":"<p>Agricultural Lawn Mower Gearbox FMP-RC30-193 Specification \u00a0 ITEM Lawnmower Gearbox FMP-RC30-193 Ratio 1:1.93 Teeth 15\/29 Module 4.0 Power(HP) 30 Rated Input 540rpm Input\/Output Description 1-3\/8 Z6\u03c631.75 Optic axis Weight(N.W) 24.5KG PTO Shafts and Agricultural Gearboxes PTO shafts and agricultural gearboxes are essential components that work in tandem to transfer mechanical power between farm tractors and [&hellip;]<\/p>","protected":false},"featured_media":2016,"comment_status":"open","ping_status":"closed","template":"","meta":{"_et_pb_use_builder":"","_et_pb_old_content":"","_et_gb_content_width":""},"product_brand":[],"product_cat":[52],"product_tag":[],"class_list":{"0":"post-2015","1":"product","2":"type-product","3":"status-publish","4":"has-post-thumbnail","6":"product_cat-lawn-mower-gearbox","8":"first","9":"instock","10":"shipping-taxable","11":"product-type-simple"},"_links":{"self":[{"href":"https:\/\/fmp-components.com\/pl\/wp-json\/wp\/v2\/product\/2015","targetHints":{"allow":["GET"]}}],"collection":[{"href":"https:\/\/fmp-components.com\/pl\/wp-json\/wp\/v2\/product"}],"about":[{"href":"https:\/\/fmp-components.com\/pl\/wp-json\/wp\/v2\/types\/product"}],"replies":[{"embeddable":true,"href":"https:\/\/fmp-components.com\/pl\/wp-json\/wp\/v2\/comments?post=2015"}],"wp:featuredmedia":[{"embeddable":true,"href":"https:\/\/fmp-components.com\/pl\/wp-json\/wp\/v2\/media\/2016"}],"wp:attachment":[{"href":"https:\/\/fmp-components.com\/pl\/wp-json\/wp\/v2\/media?parent=2015"}],"wp:term":[{"taxonomy":"product_brand","embeddable":true,"href":"https:\/\/fmp-components.com\/pl\/wp-json\/wp\/v2\/product_brand?post=2015"},{"taxonomy":"product_cat","embeddable":true,"href":"https:\/\/fmp-components.com\/pl\/wp-json\/wp\/v2\/product_cat?post=2015"},{"taxonomy":"product_tag","embeddable":true,"href":"https:\/\/fmp-components.com\/pl\/wp-json\/wp\/v2\/product_tag?post=2015"}],"curies":[{"name":"wp","href":"https:\/\/api.w.org\/{rel}","templated":true}]}}