{"id":2006,"date":"2024-12-27T00:52:54","date_gmt":"2024-12-27T00:52:54","guid":{"rendered":"https:\/\/fmp-components.com\/?page_id=8"},"modified":"2024-12-27T01:06:40","modified_gmt":"2024-12-27T01:06:40","slug":"agricultural-lawn-mower-gearbox-fmp-gs4rc","status":"publish","type":"product","link":"https:\/\/fmp-components.com\/pl\/product\/agricultural-lawn-mower-gearbox-fmp-gs4rc\/","title":{"rendered":"Skrzynia bieg\u00f3w kosiarki rolniczej FMP-GS4RC"},"content":{"rendered":"<h2>Specyfikacja skrzyni bieg\u00f3w kosiarki rolniczej<\/h2>\n<table style=\"width: 100%;\" border=\"1\" width=\"100%\" cellspacing=\"0\" cellpadding=\"0\">\n<tbody>\n<tr>\n<td width=\"110\"><img loading=\"lazy\" decoding=\"async\" class=\"wp-image-2007 alignleft\" src=\"https:\/\/fmp-components.com\/wp-content\/uploads\/2024\/12\/fmp_agricultural-gearbox-HC-GS4RC-2.webp\" alt=\"fmp_agricultural-gearbox-HC-GS4RC-2\" width=\"363\" height=\"460\" title=\"\"><\/td>\n<td width=\"98\"><img loading=\"lazy\" decoding=\"async\" class=\"alignnone wp-image-2008\" src=\"https:\/\/fmp-components.com\/wp-content\/uploads\/2024\/12\/Lawn-Mower-Gearbox-8.webp\" alt=\"Skrzynia bieg\u00f3w kosiarki\" width=\"420\" height=\"420\" title=\"\"><\/td>\n<\/tr>\n<\/tbody>\n<\/table>\n<table style=\"width: 96.588%; height: 225px;\" border=\"1\" cellspacing=\"0\" cellpadding=\"0\">\n<tbody>\n<tr>\n<td><strong>PRZEDMIOT<\/strong><\/td>\n<td>FMP-GS4RC<\/td>\n<\/tr>\n<tr>\n<td><strong>Stosunek<\/strong><\/td>\n<td>1:1.46\/1:1.93<\/td>\n<\/tr>\n<tr>\n<td><strong>Z\u0119by<\/strong><\/td>\n<td>22\/15 23\/12<\/td>\n<\/tr>\n<tr>\n<td><strong>Modu\u0142<\/strong><\/td>\n<td>\u00a05.08 \/5.0<\/td>\n<\/tr>\n<tr>\n<td><strong>Moc (KM)<\/strong><\/td>\n<td>30<\/td>\n<\/tr>\n<tr>\n<td><strong>Znamionowe wej\u015bcie<\/strong><\/td>\n<td>540 obr.\/min<\/td>\n<\/tr>\n<tr>\n<td><strong>Opis wej\u015bcia\/wyj\u015bcia<\/strong><\/td>\n<td>1-3\/8 Z6 Sto\u017ckowy rowek<\/td>\n<\/tr>\n<tr>\n<td><strong>Waga (NW)<\/strong><\/td>\n<td>19 kg<\/td>\n<\/tr>\n<\/tbody>\n<\/table>\n<h2>Materia\u0142 skrzyni bieg\u00f3w kosiarki rolniczej<\/h2>\n<table style=\"width: 96.0662%; height: 133px;\" border=\"1\" cellspacing=\"0\" cellpadding=\"0\">\n<tbody>\n<tr>\n<td colspan=\"2\"><strong>Tworzywo<\/strong><\/td>\n<\/tr>\n<tr>\n<td><strong>Mieszkania\u00a0<\/strong><\/td>\n<td>QT450<\/td>\n<\/tr>\n<tr>\n<td><strong>Wa\u0142 przek\u0142adni<\/strong><\/td>\n<td>20CrMnTi<\/td>\n<\/tr>\n<tr>\n<td><strong>P\u0142yta<\/strong><\/td>\n<td>Aluminium<\/td>\n<\/tr>\n<\/tbody>\n<\/table>\n<h2>Zastosowania przek\u0142adni kosiarki rolniczej<\/h2>\n<p>W FMP specjalizujemy si\u0119 w dostarczaniu wysokowydajnych przek\u0142adni zaprojektowanych z my\u015bl\u0105 o specyficznych wymaganiach maszyn rolniczych i przemys\u0142owych. Nasze przek\u0142adnie znajduj\u0105 zastosowanie w szerokim zakresie zastosowa\u0144, zapewniaj\u0105c wydajno\u015b\u0107, trwa\u0142o\u015b\u0107 i niezawodno\u015b\u0107 w r\u00f3\u017cnych sektorach. Poni\u017cej przedstawiamy niekt\u00f3re z kluczowych zastosowa\u0144 naszych przek\u0142adni do kosiarek rolniczych:<\/p>\n<h4>No\u017cyce obrotowe<\/h4>\n<p>Kosiarki rotacyjne s\u0105 niezb\u0119dne do usuwania przero\u015bni\u0119tej trawy, krzew\u00f3w i chwast\u00f3w na terenach rolniczych i wiejskich. Nasze przek\u0142adnie zosta\u0142y zaprojektowane tak, aby efektywnie przenosi\u0107 moc z ci\u0105gnika na ostrza kosiarki, umo\u017cliwiaj\u0105c p\u0142ynne i efektywne ci\u0119cie nawet w g\u0119stej ro\u015blinno\u015bci. Dzi\u0119ki wyj\u0105tkowej trwa\u0142o\u015bci, przek\u0142adnie te zapewniaj\u0105 minimalny czas przestoju i maksymaln\u0105 wydajno\u015b\u0107 podczas prac karczowniczych.<\/p>\n<h4>No\u017ce obrotowe<\/h4>\n<p>Kosiarki obrotowe s\u0105 szeroko stosowane w rolnictwie i kszta\u0142towaniu krajobrazu do piel\u0119gnacji p\u00f3l, pastwisk i poboczy dr\u00f3g poprzez koszenie trawy, chwast\u00f3w i ma\u0142ych krzew\u00f3w. Przek\u0142adnie FMP zosta\u0142y zaprojektowane tak, aby zapewni\u0107 odpowiedni moment obrotowy i moc, gwarantuj\u0105c p\u0142ynny obr\u00f3t ostrza i optymaln\u0105 wydajno\u015b\u0107 ci\u0119cia. Ich solidna konstrukcja pomaga zmniejszy\u0107 zu\u017cycie, dzi\u0119ki czemu idealnie nadaj\u0105 si\u0119 do ci\u0119\u017ckich zada\u0144 zwi\u0105zanych z koszeniem.<\/p>\n<h4>Cotton Choppers<\/h4>\n<p>Siekacze bawe\u0142ny odgrywaj\u0105 kluczow\u0105 rol\u0119 w zwalczaniu chwast\u00f3w i zarz\u0105dzaniu uprawami na polach bawe\u0142ny. Nasze przek\u0142adnie zapewniaj\u0105 precyzyjne przeniesienie mocy niezb\u0119dne do optymalnego dzia\u0142ania maszyn do siekania bawe\u0142ny, umo\u017cliwiaj\u0105c operatorom efektywne zarz\u0105dzanie uprawami bawe\u0142ny i utrzymanie ich w dobrej kondycji. Przek\u0142adnie te zosta\u0142y zaprojektowane z my\u015bl\u0105 o trudnych warunkach pracy, cz\u0119sto wyst\u0119puj\u0105cych w uprawach bawe\u0142ny.<\/p>\n<h4>Drwale drzew<\/h4>\n<p>Podkaszarki do drzew s\u0105 wykorzystywane w le\u015bnictwie i rolnictwie do wycinania drzew, zaro\u015bli i g\u0119stego listowia. Przek\u0142adnie kosiarek FMP zapewniaj\u0105 wysoki moment obrotowy niezb\u0119dny do nap\u0119dzania mechanizm\u00f3w tn\u0105cych, umo\u017cliwiaj\u0105c operatorom \u0142atwe radzenie sobie z grubymi ga\u0142\u0119ziami i pniami. Nasze przek\u0142adnie zosta\u0142y zaprojektowane do pracy pod du\u017cym obci\u0105\u017ceniem, zachowuj\u0105c jednocze\u015bnie wydajno\u015b\u0107 i redukuj\u0105c wibracje, co poprawia komfort i wydajno\u015b\u0107 operatora.<\/p>\n<h4>Pojemniki polowe<\/h4>\n<p>Skrzynie polowe s\u0105 powszechnie u\u017cywane do zbierania i transportu zebranych plon\u00f3w. Przek\u0142adnie FMP zapewniaj\u0105 niezawodne przeniesienie mocy niezb\u0119dne do nap\u0119dzania mechanizm\u00f3w roz\u0142adowczych skrzy\u0144 polowych, gwarantuj\u0105c p\u0142ynn\u0105 prac\u0119 podczas zbior\u00f3w. Niezale\u017cnie od tego, czy s\u0105 u\u017cywane do zbioru zb\u00f3\u017c, bawe\u0142ny czy innych upraw, skrzynie te s\u0105 zaprojektowane tak, aby wytrzyma\u0107 trudy zbior\u00f3w rolnych, skracaj\u0105c przestoje i poprawiaj\u0105c og\u00f3ln\u0105 wydajno\u015b\u0107.<\/p>\n<h4>Kosiarki i sprz\u0119t do piel\u0119gnacji trawnik\u00f3w<\/h4>\n<p>Opr\u00f3cz specjalistycznych zastosowa\u0144 wymienionych powy\u017cej, nasze przek\u0142adnie rolnicze znajduj\u0105 r\u00f3wnie\u017c szerokie zastosowanie w kosiarkach i sprz\u0119cie do piel\u0119gnacji trawnik\u00f3w. Dotyczy to kosiarek samojezdnych, kosiarek komercyjnych i przemys\u0142owych system\u00f3w koszenia, gdzie nasze przek\u0142adnie umo\u017cliwiaj\u0105 wydajne koszenie trawy i r\u00f3wnomierne roz\u0142o\u017cenie mocy na ostrza.<\/p>\n<p>Przek\u0142adnie FMP zosta\u0142y zaprojektowane z my\u015bl\u0105 o niezawodnej pracy w r\u00f3\u017cnorodnych zastosowaniach maszyn rolniczych. Od kosiarek obrotowych i sieczkarni, po sieczkarnie do bawe\u0142ny i kombajny do zbioru na polu, nasze przek\u0142adnie zapewniaj\u0105 stabiln\u0105 transmisj\u0119 mocy, trwa\u0142o\u015b\u0107 i precyzj\u0119. Niezale\u017cnie od tego, czy chodzi o ma\u0142e gospodarstwa rolne, czy du\u017ce zastosowania przemys\u0142owe, przek\u0142adnie FMP zosta\u0142y zaprojektowane tak, aby zoptymalizowa\u0107 wydajno\u015b\u0107, obni\u017cy\u0107 koszty konserwacji i zapewni\u0107 d\u0142ugowieczno\u015b\u0107 sprz\u0119tu rolniczego.<\/p>\n<p><img loading=\"lazy\" decoding=\"async\" class=\"alignnone size-full wp-image-2009\" src=\"https:\/\/fmp-components.com\/wp-content\/uploads\/2024\/12\/Lawn-Mower-Gearbox-Suppliers-6.webp\" alt=\"\" width=\"1000\" height=\"445\" title=\"\" srcset=\"https:\/\/fmp-components.com\/wp-content\/uploads\/2024\/12\/Lawn-Mower-Gearbox-Suppliers-6.webp 1000w, https:\/\/fmp-components.com\/wp-content\/uploads\/2024\/12\/Lawn-Mower-Gearbox-Suppliers-6-980x436.webp 980w, https:\/\/fmp-components.com\/wp-content\/uploads\/2024\/12\/Lawn-Mower-Gearbox-Suppliers-6-480x214.webp 480w\" sizes=\"(min-width: 0px) and (max-width: 480px) 480px, (min-width: 481px) and (max-width: 980px) 980px, (min-width: 981px) 1000px, 100vw\" \/><\/p>\n<h2>Wa\u0142 odbioru mocy do skrzyni bieg\u00f3w kosiarki rolniczej<\/h2>\n<p>Wa\u0142 odbioru mocy (WOM) to kluczowy element maszyn rolniczych, stanowi\u0105cy \u0142\u0105cznik mi\u0119dzy silnikiem ci\u0105gnika a przek\u0142adniami r\u00f3\u017cnych narz\u0119dzi, takimi jak przek\u0142adnie kosiarek. W FMP produkujemy wysokiej jako\u015bci wa\u0142y WOM zaprojektowane specjalnie do bezproblemowej wsp\u00f3\u0142pracy ze skrzyniami bieg\u00f3w kosiarek, zapewniaj\u0105c niezawodn\u0105 prac\u0119 w r\u00f3\u017cnych zastosowaniach rolniczych.<\/p>\n<h3>G\u0142\u00f3wne cechy i zalety wa\u0142u odbioru mocy do skrzyni bieg\u00f3w kosiarki rolniczej<\/h3>\n<ol>\n<li><strong>Wydajny transfer mocy<\/strong><br \/>\nWa\u0142y odbioru mocy (WOM) zosta\u0142y zaprojektowane tak, aby efektywnie przenosi\u0107 moc mechaniczn\u0105 z silnika ci\u0105gnika do przek\u0142adni kosiarki. Dzi\u0119ki temu ostrza kosiarki pracuj\u0105 z optymaln\u0105 pr\u0119dko\u015bci\u0105, co pozwala na efektywne koszenie trawy i ro\u015blinno\u015bci. Utrzymuj\u0105c sta\u0142y przep\u0142yw mocy, wa\u0142y WOM pomagaj\u0105 uzyska\u0107 czystsze i bardziej r\u00f3wnomierne koszenie, poprawiaj\u0105c og\u00f3ln\u0105 wydajno\u015b\u0107 kosiarki.<\/li>\n<li><strong>Trwa\u0142o\u015b\u0107 i niezawodno\u015b\u0107<\/strong><br \/>\nWa\u0142y odbioru mocy FMP zosta\u0142y zaprojektowane tak, aby sprosta\u0107 trudnym warunkom panuj\u0105cym w rolnictwie. Wykonane z materia\u0142\u00f3w o wysokiej wytrzyma\u0142o\u015bci i precyzyjnie zaprojektowane w celu ograniczenia zu\u017cycia, wa\u0142y te zapewniaj\u0105 d\u0142ug\u0105 \u017cywotno\u015b\u0107 nawet przy du\u017cych obci\u0105\u017ceniach i trudnych warunkach polowych. Ich wytrzyma\u0142o\u015b\u0107 skraca przestoje i konieczno\u015b\u0107 cz\u0119stych napraw, co przek\u0142ada si\u0119 na wy\u017csz\u0105 wydajno\u015b\u0107.<\/li>\n<li><strong>Mo\u017cliwo\u015b\u0107 dostosowania d\u0142ugo\u015bci i konfiguracji<\/strong><br \/>\nWa\u0142y odbioru mocy FMP mo\u017cna dostosowa\u0107 pod wzgl\u0119dem d\u0142ugo\u015bci i konfiguracji do konkretnych wymaga\u0144. Niezale\u017cnie od tego, czy potrzebujesz standardowej d\u0142ugo\u015bci, czy niestandardowej konfiguracji dla konkretnego modelu kosiarki, oferujemy rozwi\u0105zania dopasowane do unikalnych specyfikacji Twojego sprz\u0119tu.<\/li>\n<li><strong>Bezpiecze\u0144stwo i \u0142atwa konserwacja<\/strong><br \/>\nNasze wa\u0142y odbioru mocy (WOM) s\u0105 wyposa\u017cone w zabezpieczenia, takie jak os\u0142ony i zabezpieczenia, kt\u00f3re minimalizuj\u0105 ryzyko wypadk\u00f3w podczas pracy. Dodatkowo, zosta\u0142y zaprojektowane z my\u015bl\u0105 o \u0142atwej konserwacji, umo\u017cliwiaj\u0105c szybk\u0105 kontrol\u0119 i wymian\u0119 element\u00f3w eksploatacyjnych, co gwarantuje p\u0142ynn\u0105 i bezpieczn\u0105 prac\u0119 uk\u0142adu.<\/li>\n<li><strong>Wszechstronno\u015b\u0107 w sprz\u0119cie rolniczym<\/strong><br \/>\nCho\u0107 wa\u0142y odbioru mocy FMP zosta\u0142y zaprojektowane do kosiarek do trawy, mog\u0105 by\u0107 r\u00f3wnie\u017c stosowane z wieloma innymi maszynami rolniczymi, w tym kosiarkami rotacyjnymi, kosiarkami polowymi i podkaszarkami do trawy. Ta wszechstronno\u015b\u0107 sprawia, \u017ce \u200b\u200bs\u0105 one cennym atutem w gospodarstwach rolnych i firmach zajmuj\u0105cych si\u0119 kszta\u0142towaniem krajobrazu, kt\u00f3re wymagaj\u0105 niezawodnego przenoszenia mocy mi\u0119dzy r\u00f3\u017cnymi typami maszyn.<\/li>\n<\/ol>\n<p><img loading=\"lazy\" decoding=\"async\" class=\"alignnone size-full wp-image-2010\" src=\"https:\/\/fmp-components.com\/wp-content\/uploads\/2024\/12\/Agricultural-Lawnmower-Gearbox-Precautions-for-Use1.webp\" alt=\"\" width=\"1202\" height=\"665\" title=\"\" srcset=\"https:\/\/fmp-components.com\/wp-content\/uploads\/2024\/12\/Agricultural-Lawnmower-Gearbox-Precautions-for-Use1.webp 1202w, https:\/\/fmp-components.com\/wp-content\/uploads\/2024\/12\/Agricultural-Lawnmower-Gearbox-Precautions-for-Use1-980x542.webp 980w, https:\/\/fmp-components.com\/wp-content\/uploads\/2024\/12\/Agricultural-Lawnmower-Gearbox-Precautions-for-Use1-480x266.webp 480w\" sizes=\"(min-width: 0px) and (max-width: 480px) 480px, (min-width: 481px) and (max-width: 980px) 980px, (min-width: 981px) 1202px, 100vw\" \/><\/p>\n<h3>Zastosowania wa\u0142u odbioru mocy w przek\u0142adniach kosiarek rolniczych<\/h3>\n<ul>\n<li><strong>Kosiarki do trawy i podkaszarki:<\/strong> Wa\u0142 odbioru mocy \u0142\u0105czy silnik ci\u0105gnika z ostrzami kosiarki, umo\u017cliwiaj\u0105c wydajne koszenie trawy, chwast\u00f3w i ma\u0142ych krzew\u00f3w.<\/li>\n<li><strong>No\u017ce obrotowe:<\/strong> Wa\u0142y przegubowo-teleskopowe s\u0142u\u017c\u0105 do nap\u0119dzania kosiarek rotacyjnych, co pozwala na ich efektywn\u0105 prac\u0119 w trudnych warunkach polowych.<\/li>\n<li><strong>Kosiarki rotacyjne i kosiarki do chwast\u00f3w:<\/strong> Wa\u0142y odbioru mocy s\u0142u\u017c\u0105 do nap\u0119dzania wytrzyma\u0142ych ostrzy kosiarek obrotowych, usuwaj\u0105cych g\u0119st\u0105 ro\u015blinno\u015b\u0107 i chwasty na polach uprawnych.<\/li>\n<li><strong>Kosiarki polowe:<\/strong> Wa\u0142y odbioru mocy s\u0105 niezb\u0119dne do \u0142\u0105czenia ci\u0105gnika z kosiarkami polowymi, zapewniaj\u0105c wydajne koszenie i konserwacj\u0119 du\u017cych obszar\u00f3w rolnych.<\/li>\n<\/ul>\n<h3>Dlaczego warto wybra\u0107 wa\u0142y odbioru mocy FMP do przek\u0142adni kosiarki rolniczej?<\/h3>\n<ul>\n<li><strong>Personalizacja<\/strong>:FMP oferuje szerok\u0105 gam\u0119 wa\u0142\u00f3w odbioru mocy o r\u00f3\u017cnych d\u0142ugo\u015bciach, konfiguracjach i wzorach, aby sprosta\u0107 konkretnym potrzebom.<\/li>\n<li><strong>Niezawodno\u015b\u0107<\/strong>Nasze wa\u0142y odbioru mocy zaprojektowano z my\u015bl\u0105 o d\u0142ugotrwa\u0142ej wydajno\u015bci w wymagaj\u0105cych warunkach rolniczych, minimalizuj\u0105c przestoje i koszty napraw.<\/li>\n<li><strong>Bezpiecze\u0144stwo<\/strong>:Dzi\u0119ki wbudowanym funkcjom bezpiecze\u0144stwa nasze wa\u0142y odbioru mocy pomagaj\u0105 zmniejszy\u0107 ryzyko obra\u017ce\u0144 podczas u\u017cytkowania.<\/li>\n<li><strong>In\u017cynieria precyzyjna<\/strong>:Ka\u017cdy wa\u0142ek przeka\u017anika mocy jest wykonany z wysok\u0105 precyzj\u0105, co zapewnia p\u0142ynne przenoszenie mocy i zmniejsza ryzyko awarii mechanicznej.<\/li>\n<li><strong>Wsparcie globalne<\/strong>:Produkty FMP ciesz\u0105 si\u0119 zaufaniem klient\u00f3w na ca\u0142ym \u015bwiecie. Oferujemy fachowe doradztwo i wsparcie, aby mie\u0107 pewno\u015b\u0107, \u017ce nasze wa\u0142y odbioru mocy spe\u0142niaj\u0105 dok\u0142adnie Twoje wymagania.<\/li>\n<\/ul>\n<p>Wa\u0142y odbioru mocy FMP do skrzy\u0144 bieg\u00f3w kosiarek rolniczych to idealny wyb\u00f3r zapewniaj\u0105cy niezawodne przenoszenie mocy i optymaln\u0105 wydajno\u015b\u0107 w r\u00f3\u017cnych zastosowaniach rolniczych i ogrodniczych. Zaprojektowane z my\u015bl\u0105 o trwa\u0142o\u015bci i \u0142atwo\u015bci u\u017cytkowania oraz bezpiecze\u0144stwie, nasze wa\u0142y odbioru mocy pomagaj\u0105 w pe\u0142ni wykorzysta\u0107 mo\u017cliwo\u015bci skrzyni bieg\u00f3w kosiarki, zapewniaj\u0105c d\u0142ugotrwa\u0142\u0105 wydajno\u015b\u0107 i niezawodno\u015b\u0107 w szerokim zakresie prac rolniczych.<\/p>\n<p><img loading=\"lazy\" decoding=\"async\" class=\"alignnone size-full wp-image-1906\" src=\"https:\/\/fmp-components.com\/wp-content\/uploads\/2024\/12\/Rotary-Mower-Gearbox17.webp\" alt=\"Skrzynia bieg\u00f3w kosiarki rotacyjnej\" width=\"1280\" height=\"463\" title=\"\" srcset=\"https:\/\/fmp-components.com\/wp-content\/uploads\/2024\/12\/Rotary-Mower-Gearbox17.webp 1280w, https:\/\/fmp-components.com\/wp-content\/uploads\/2024\/12\/Rotary-Mower-Gearbox17-980x354.webp 980w, https:\/\/fmp-components.com\/wp-content\/uploads\/2024\/12\/Rotary-Mower-Gearbox17-480x174.webp 480w\" sizes=\"(min-width: 0px) and (max-width: 480px) 480px, (min-width: 481px) and (max-width: 980px) 980px, (min-width: 981px) 1280px, 100vw\" \/><\/p>\n<h2>O FMP<\/h2>\n<p>Firma FMP, z siedzib\u0105 g\u0142\u00f3wn\u0105 we W\u0142oszech, jest wiod\u0105cym producentem znanym z projektowania i produkcji wysokowydajnych przek\u0142adni do maszyn rolniczych. Dzi\u0119ki reputacji precyzyjnej in\u017cynierii, innowacji i niezawodno\u015bci, oferujemy szerok\u0105 gam\u0119 produkt\u00f3w, w tym przek\u0142adnie do kosiarek oraz kluczowe komponenty, takie jak wa\u0142y odbioru mocy (WOM). Naszym celem jest dostarczanie rozwi\u0105za\u0144 dostosowanych do indywidualnych potrzeb sektora rolniczego i przemys\u0142owego, oferuj\u0105c zar\u00f3wno samodzielne produkty, jak i w pe\u0142ni zintegrowane systemy.<\/p>\n<p>W FMP zdajemy sobie spraw\u0119, \u017ce ka\u017cdy klient ma specyficzne wymagania, dlatego specjalizujemy si\u0119 w dostosowywaniu naszych produkt\u00f3w do indywidualnych potrzeb. Niezale\u017cnie od tego, czy szukasz specjalistycznej skrzyni bieg\u00f3w, czy kompletnego systemu, \u015bci\u015ble wsp\u00f3\u0142pracujemy z Tob\u0105, aby dostarczy\u0107 najbardziej efektywne i wydajne rozwi\u0105zanie. Nasze zaanga\u017cowanie w zadowolenie klienta znajduje odzwierciedlenie w szybkich i profesjonalnych odpowiedziach oraz fachowym doradztwie, dzi\u0119ki czemu ka\u017cde zapytanie jest traktowane precyzyjnie i starannie.<\/p>\n<p>Cenimy otwart\u0105 komunikacj\u0119 i ci\u0105g\u0142\u0105 wsp\u00f3\u0142prac\u0119 z naszymi klientami, szczeg\u00f3lnie podczas opracowywania nowych produkt\u00f3w. Nasz zesp\u00f3\u0142 \u015bci\u015ble wsp\u00f3\u0142pracuje z klientami, aby zrozumie\u0107 ich wyzwania i dostarcza\u0107 im cenne informacje, kt\u00f3re prowadz\u0105 do optymalnych rozwi\u0105za\u0144. Niezale\u017cnie od tego, czy opracowujemy nowe produkty, czy realizujemy istniej\u0105ce zam\u00f3wienia, zawsze d\u0105\u017cymy do terminowego dostarczania wysokiej jako\u015bci, precyzyjnie zaprojektowanych produkt\u00f3w.<\/p>\n<p>Jako\u015b\u0107 jest fundamentem dzia\u0142alno\u015bci FMP. Nasze procesy produkcyjne opieraj\u0105 si\u0119 na zasadach wysokich standard\u00f3w, dok\u0142adno\u015bci i zerowej liczby defekt\u00f3w. Wdra\u017camy rygorystyczne \u015brodki kontroli jako\u015bci, aby zapewni\u0107, \u017ce ka\u017cdy produkt spe\u0142nia lub przewy\u017csza standardy bran\u017cowe. To nieustanne skupienie na jako\u015bci, w po\u0142\u0105czeniu z naszymi podstawowymi warto\u015bciami, takimi jak uczciwo\u015b\u0107, praca zespo\u0142owa i wytrwa\u0142o\u015b\u0107, pomog\u0142o nam zbudowa\u0107 trwa\u0142e relacje z klientami w prawie 30 krajach.<\/p>\n<p>FMP jest zawsze otwarta na nawi\u0105zywanie globalnych partnerstw, oferuj\u0105c fachowe doradztwo i rozwi\u0105zania dostosowane do indywidualnych potrzeb. Nasze podej\u015bcie wykracza poza samo dostarczanie produkt\u00f3w \u2013 d\u0105\u017cymy do budowania d\u0142ugoterminowych relacji, kt\u00f3re prowadz\u0105 do wsp\u00f3lnego sukcesu. Niezale\u017cnie od tego, czy potrzebujesz nowych rozwi\u0105za\u0144, czy wsparcia dla istniej\u0105cych system\u00f3w, FMP z zaanga\u017cowaniem stawia czo\u0142a Twoim wyzwaniom technicznym i zapewnia sta\u0142y sukces.<\/p>\n<p><img loading=\"lazy\" decoding=\"async\" class=\"alignnone size-full wp-image-1861\" src=\"https:\/\/fmp-components.com\/wp-content\/uploads\/2024\/12\/Other-Agricultural-Gearboxes.webp\" sizes=\"(min-width: 0px) and (max-width: 480px) 480px, (min-width: 481px) and (max-width: 980px) 980px, (min-width: 981px) 1200px, 100vw\" srcset=\"https:\/\/fmp-components.com\/wp-content\/uploads\/2024\/12\/Other-Agricultural-Gearboxes.webp 1200w, https:\/\/fmp-components.com\/wp-content\/uploads\/2024\/12\/Other-Agricultural-Gearboxes-980x1143.webp 980w, https:\/\/fmp-components.com\/wp-content\/uploads\/2024\/12\/Other-Agricultural-Gearboxes-480x560.webp 480w\" alt=\"Inne zmiany rolnicze\" width=\"1200\" height=\"1400\" title=\"\"><\/p>\n<p>Autor: CX<\/p>\n<p>&nbsp;<\/p>","protected":false},"excerpt":{"rendered":"<p>Agricultural Lawnmower Gearbox\u00a0Specification ITEM FMP-GS4RC Ratio 1:1.46\/1:1.93 Teeth 22\/15 23\/12 Module \u00a05.08 \/5.0 Power(HP) 30 Rated Input 540rpm Input\/Output Description 1-3\/8 Z6 Taper spline Weight(N.W) 19KG Agricultural Lawn Mower Gearbox Material Material Housing\u00a0 QT450 Gear shaft 20CrMnTi Plate Aluminum Agricultural Lawnmower Gearbox Applications At FMP, we specialize in providing high-performance gearboxes designed to meet the [&hellip;]<\/p>","protected":false},"featured_media":2008,"comment_status":"open","ping_status":"closed","template":"","meta":{"_et_pb_use_builder":"","_et_pb_old_content":"","_et_gb_content_width":""},"product_brand":[],"product_cat":[52],"product_tag":[],"class_list":{"0":"post-2006","1":"product","2":"type-product","3":"status-publish","4":"has-post-thumbnail","6":"product_cat-lawn-mower-gearbox","8":"first","9":"instock","10":"shipping-taxable","11":"product-type-simple"},"_links":{"self":[{"href":"https:\/\/fmp-components.com\/pl\/wp-json\/wp\/v2\/product\/2006","targetHints":{"allow":["GET"]}}],"collection":[{"href":"https:\/\/fmp-components.com\/pl\/wp-json\/wp\/v2\/product"}],"about":[{"href":"https:\/\/fmp-components.com\/pl\/wp-json\/wp\/v2\/types\/product"}],"replies":[{"embeddable":true,"href":"https:\/\/fmp-components.com\/pl\/wp-json\/wp\/v2\/comments?post=2006"}],"wp:featuredmedia":[{"embeddable":true,"href":"https:\/\/fmp-components.com\/pl\/wp-json\/wp\/v2\/media\/2008"}],"wp:attachment":[{"href":"https:\/\/fmp-components.com\/pl\/wp-json\/wp\/v2\/media?parent=2006"}],"wp:term":[{"taxonomy":"product_brand","embeddable":true,"href":"https:\/\/fmp-components.com\/pl\/wp-json\/wp\/v2\/product_brand?post=2006"},{"taxonomy":"product_cat","embeddable":true,"href":"https:\/\/fmp-components.com\/pl\/wp-json\/wp\/v2\/product_cat?post=2006"},{"taxonomy":"product_tag","embeddable":true,"href":"https:\/\/fmp-components.com\/pl\/wp-json\/wp\/v2\/product_tag?post=2006"}],"curies":[{"name":"wp","href":"https:\/\/api.w.org\/{rel}","templated":true}]}}