{"id":1999,"date":"2024-12-26T08:44:59","date_gmt":"2024-12-26T08:44:59","guid":{"rendered":"https:\/\/fmp-components.com\/?page_id=8"},"modified":"2024-12-27T00:36:22","modified_gmt":"2024-12-27T00:36:22","slug":"fmp-1zs-380-lawn-mower-gearbox","status":"publish","type":"product","link":"https:\/\/fmp-components.com\/pl\/product\/fmp-1zs-380-lawn-mower-gearbox\/","title":{"rendered":"FMP-1ZS-380 Skrzynia bieg\u00f3w kosiarki"},"content":{"rendered":"<p><img loading=\"lazy\" decoding=\"async\" class=\"size-full wp-image-2005 aligncenter\" src=\"https:\/\/fmp-components.com\/wp-content\/uploads\/2024\/12\/FMP_agricultural-gearbox-HC-1ZS-380.webp\" alt=\"FMP_rolnicza-skrzynia-przek\u0142adniowa-HC-1ZS-380\" width=\"400\" height=\"400\" title=\"\" srcset=\"https:\/\/fmp-components.com\/wp-content\/uploads\/2024\/12\/FMP_agricultural-gearbox-HC-1ZS-380.webp 400w, https:\/\/fmp-components.com\/wp-content\/uploads\/2024\/12\/FMP_agricultural-gearbox-HC-1ZS-380-300x300.webp 300w, https:\/\/fmp-components.com\/wp-content\/uploads\/2024\/12\/FMP_agricultural-gearbox-HC-1ZS-380-150x150.webp 150w, https:\/\/fmp-components.com\/wp-content\/uploads\/2024\/12\/FMP_agricultural-gearbox-HC-1ZS-380-12x12.webp 12w, https:\/\/fmp-components.com\/wp-content\/uploads\/2024\/12\/FMP_agricultural-gearbox-HC-1ZS-380-100x100.webp 100w\" sizes=\"(max-width: 400px) 100vw, 400px\" \/><\/p>\n<h2>Specyfikacja skrzyni bieg\u00f3w kosiarki FMP-1ZS-380<\/h2>\n<p><img loading=\"lazy\" decoding=\"async\" class=\"alignnone wp-image-2000\" src=\"https:\/\/fmp-components.com\/wp-content\/uploads\/2024\/12\/fmp_agricultural-gearbox-HC-1ZS-380-1.webp\" alt=\"fmp_agricultural-gearbox-HC-1ZS-380-1\" width=\"806\" height=\"307\" title=\"\" srcset=\"https:\/\/fmp-components.com\/wp-content\/uploads\/2024\/12\/fmp_agricultural-gearbox-HC-1ZS-380-1.webp 806w, https:\/\/fmp-components.com\/wp-content\/uploads\/2024\/12\/fmp_agricultural-gearbox-HC-1ZS-380-1-480x183.webp 480w\" sizes=\"(min-width: 0px) and (max-width: 480px) 480px, (min-width: 481px) 806px, 100vw\" \/><\/p>\n<table style=\"width: 85.3964%; height: 238px;\" border=\"1\">\n<tbody>\n<tr>\n<td style=\"width: 37.4684%;\">PRZEDMIOT<\/td>\n<td style=\"width: 61.7722%;\">FMP-1ZS-380 Skrzynia bieg\u00f3w kosiarki<\/td>\n<\/tr>\n<tr>\n<td style=\"width: 37.4684%;\">Stosunek<\/td>\n<td style=\"width: 61.7722%;\">1:1.24<\/td>\n<\/tr>\n<tr>\n<td style=\"width: 37.4684%;\">Z\u0119by<\/td>\n<td style=\"width: 61.7722%;\">21\/17\/17\/17<\/td>\n<\/tr>\n<tr>\n<td style=\"width: 37.4684%;\">Modu\u0142<\/td>\n<td style=\"width: 61.7722%;\">7.0<\/td>\n<\/tr>\n<tr>\n<td style=\"width: 37.4684%;\">Moc (KM)<\/td>\n<td style=\"width: 61.7722%;\">100<\/td>\n<\/tr>\n<tr>\n<td style=\"width: 37.4684%;\">Znamionowe wej\u015bcie<\/td>\n<td style=\"width: 61.7722%;\">540 obr.\/min<\/td>\n<\/tr>\n<tr>\n<td style=\"width: 37.4684%;\">Opis wej\u015bcia\/wyj\u015bcia<\/td>\n<td style=\"width: 61.7722%;\">\u00a0Klin<\/td>\n<\/tr>\n<tr>\n<td style=\"width: 37.4684%;\">Waga (NW)<\/td>\n<td style=\"width: 61.7722%;\">42,5 kg<\/td>\n<\/tr>\n<\/tbody>\n<\/table>\n<h3>Zalety przek\u0142adni kosiarki FMP-1ZS-380<\/h3>\n<ol>\n<li><strong>Wysoka wydajno\u015b\u0107 i efektywno\u015b\u0107<\/strong><br \/>\nPrzek\u0142adnia kosiarki FMP-1ZS-380 zosta\u0142a zaprojektowana z my\u015bl\u0105 o optymalnym przenoszeniu mocy, zapewniaj\u0105c maksymaln\u0105 wydajno\u015b\u0107 kosiarki. Zapewnia niezawodn\u0105 i stabiln\u0105 prac\u0119, dzi\u0119ki czemu nadaje si\u0119 do r\u00f3\u017cnorodnych zastosowa\u0144 w piel\u0119gnacji trawnik\u00f3w, od ma\u0142ych ogrod\u00f3w przydomowych po wi\u0119ksze zadania koszenia w obiektach komercyjnych.<\/li>\n<li><strong>Trwa\u0142o\u015b\u0107 i d\u0142ugowieczno\u015b\u0107<\/strong><br \/>\nZbudowany z wysokiej jako\u015bci materia\u0142\u00f3w i precyzyjnie zaprojektowany, FMP-1ZS-380 zosta\u0142 zaprojektowany tak, aby wytrzyma\u0107 zu\u017cycie i uszkodzenia wynikaj\u0105ce z intensywnego u\u017cytkowania. Jego solidna konstrukcja gwarantuje trwa\u0142o\u015b\u0107 i d\u0142ug\u0105 \u017cywotno\u015b\u0107 nawet w trudnych warunkach eksploatacji.<\/li>\n<li><strong>Opcje dostosowywania<\/strong><br \/>\nFMP oferuje dostosowanie do specyficznych wymaga\u0144 aplikacji. Niezale\u017cnie od tego, czy potrzebujesz regulacji prze\u0142o\u017ce\u0144, konfiguracji monta\u017cu czy innych parametr\u00f3w technicznych, FMP-1ZS-380 mo\u017cna dostosowa\u0107 do indywidualnych potrzeb.<\/li>\n<li><strong>\u0141atwa konserwacja<\/strong><br \/>\nPrzek\u0142adnia zosta\u0142a zaprojektowana z my\u015bl\u0105 o \u0142atwo\u015bci konserwacji. Jej przyjazna dla u\u017cytkownika konstrukcja zapewnia szybkie i proste serwisowanie, skracaj\u0105c przestoje i umo\u017cliwiaj\u0105c operatorom utrzymanie optymalnej wydajno\u015bci przy minimalnym wysi\u0142ku.<\/li>\n<li><strong>Niski poziom ha\u0142asu i wibracji<\/strong><br \/>\nKosiarka FMP-1ZS-380 zosta\u0142a wyposa\u017cona w funkcje redukuj\u0105ce ha\u0142as, aby zapewni\u0107 cichsz\u0105 prac\u0119. Dzi\u0119ki temu idealnie nadaje si\u0119 do miejsc, w kt\u00f3rych poziom ha\u0142asu musi by\u0107 minimalny, a jednocze\u015bnie zapewnia\u0107 efektywne przenoszenie mocy na ostrza kosiarki.<\/li>\n<li><strong>Kompaktowa i lekka konstrukcja<\/strong><br \/>\nPomimo swojej wysokiej wydajno\u015bci, kosiarka FMP-1ZS-380 charakteryzuje si\u0119 kompaktow\u0105 i lekk\u0105 konstrukcj\u0105. Dzi\u0119ki temu mo\u017cna j\u0105 \u0142atwo zintegrowa\u0107 z r\u00f3\u017cnymi modelami kosiarek bez zb\u0119dnego zwi\u0119kszania masy, co poprawia zwrotno\u015b\u0107 i \u0142atwo\u015b\u0107 obs\u0142ugi.<\/li>\n<li><strong>In\u017cynieria precyzyjna<\/strong><br \/>\nWyprodukowana zgodnie z rygorystycznymi standardami kontroli jako\u015bci, kosiarka FMP-1ZS-380 wyposa\u017cona jest w precyzyjnie zaprojektowane przek\u0142adnie, kt\u00f3re redukuj\u0105 luz i poprawiaj\u0105 og\u00f3ln\u0105 wydajno\u015b\u0107. Zapewnia to p\u0142ynniejsz\u0105 prac\u0119 i poprawia jako\u015b\u0107 koszenia.<\/li>\n<\/ol>\n<p>Podsumowuj\u0105c, przek\u0142adnia kosiarki FMP-1ZS-380 \u0142\u0105czy w sobie wysok\u0105 wydajno\u015b\u0107, trwa\u0142o\u015b\u0107, \u0142atwo\u015b\u0107 konserwacji i mo\u017cliwo\u015bci personalizacji, dzi\u0119ki czemu jest najlepszym wyborem do koszenia trawy zar\u00f3wno w zastosowaniach domowych, jak i komercyjnych.<\/p>\n<p><img loading=\"lazy\" decoding=\"async\" class=\"alignnone size-full wp-image-1994\" src=\"https:\/\/fmp-components.com\/wp-content\/uploads\/2024\/12\/Lawn-Mower-Gearbox-7.webp\" alt=\"Skrzynia bieg\u00f3w kosiarki\" width=\"1502\" height=\"805\" title=\"\" srcset=\"https:\/\/fmp-components.com\/wp-content\/uploads\/2024\/12\/Lawn-Mower-Gearbox-7.webp 1502w, https:\/\/fmp-components.com\/wp-content\/uploads\/2024\/12\/Lawn-Mower-Gearbox-7-1280x686.webp 1280w, https:\/\/fmp-components.com\/wp-content\/uploads\/2024\/12\/Lawn-Mower-Gearbox-7-980x525.webp 980w, https:\/\/fmp-components.com\/wp-content\/uploads\/2024\/12\/Lawn-Mower-Gearbox-7-480x257.webp 480w\" sizes=\"(min-width: 0px) and (max-width: 480px) 480px, (min-width: 481px) and (max-width: 980px) 980px, (min-width: 981px) and (max-width: 1280px) 1280px, (min-width: 1281px) 1502px, 100vw\" \/><\/p>\n<h3>O FMP<\/h3>\n<p>FMP, z siedzib\u0105 we W\u0142oszech, jest wiod\u0105cym producentem specjalizuj\u0105cym si\u0119 w wysokowydajnych przek\u0142adniach do maszyn rolniczych. Znani z precyzyjnej in\u017cynierii, innowacji i niezawodno\u015bci, oferujemy szerok\u0105 gam\u0119 przek\u0142adni, w tym przek\u0142adnie do kosiarek do trawy i niezb\u0119dne komponenty, takie jak wa\u0142ki odbioru mocy. Nasz\u0105 misj\u0105 jest dostarczanie dostosowanych rozwi\u0105za\u0144, kt\u00f3re spe\u0142niaj\u0105 specyficzne potrzeby sektora rolniczego i przemys\u0142owego, zar\u00f3wno poprzez pojedyncze produkty, jak i zintegrowane systemy.<\/p>\n<p>Rozumiemy, \u017ce ka\u017cdy klient ma wyj\u0105tkowe wymagania, dlatego jeste\u015bmy mistrzami w dostosowywaniu naszych produkt\u00f3w do tych potrzeb. Niezale\u017cnie od tego, czy potrzebujesz specjalistycznej skrzyni bieg\u00f3w, czy kompletnego systemu, \u015bci\u015ble wsp\u00f3\u0142pracujemy z Tob\u0105, aby dostarcza\u0107 najbardziej efektywne i wydajne rozwi\u0105zania. Nasze szybkie i profesjonalne odpowiedzi w po\u0142\u0105czeniu z fachow\u0105 porad\u0105 zapewniaj\u0105, \u017ce ka\u017cde zapytanie jest obs\u0142ugiwane z dba\u0142o\u015bci\u0105 i precyzj\u0105.<\/p>\n<p>W FMP priorytetowo traktujemy otwart\u0105 komunikacj\u0119 i wsp\u00f3\u0142prac\u0119, zw\u0142aszcza podczas opracowywania nowych produkt\u00f3w. Nasz zesp\u00f3\u0142 wsp\u00f3\u0142pracuje z klientami, aby zrozumie\u0107 ich wyzwania i dostarcza\u0107 informacje, kt\u00f3re prowadz\u0105 do optymalnych rozwi\u0105za\u0144. Jeste\u015bmy zobowi\u0105zani do dostarczania wysokiej jako\u015bci, precyzyjnie zaprojektowanych produkt\u00f3w na czas, niezale\u017cnie od tego, czy chodzi o nowe rozwi\u0105zania, czy istniej\u0105ce zam\u00f3wienia.<\/p>\n<p>Jako\u015b\u0107 jest sercem dzia\u0142alno\u015bci FMP. Nasze procesy produkcyjne s\u0105 zgodne z najwy\u017cszymi standardami, zapewniaj\u0105c dok\u0142adno\u015b\u0107 i brak wad. Rygorystyczna kontrola jako\u015bci gwarantuje, \u017ce ka\u017cdy produkt spe\u0142nia lub przewy\u017csza standardy bran\u017cowe. To zaanga\u017cowanie w jako\u015b\u0107, w po\u0142\u0105czeniu z naszymi podstawowymi warto\u015bciami uczciwo\u015bci, pracy zespo\u0142owej i wytrwa\u0142o\u015bci, pozwoli\u0142o nam zbudowa\u0107 silne relacje z klientami w prawie 30 krajach.<\/p>\n<p>FMP jest zawsze otwarta na globalne partnerstwa, oferuj\u0105c fachowe porady i dostosowane rozwi\u0105zania. Nasze podej\u015bcie wykracza poza samo dostarczanie produkt\u00f3w; naszym celem jest budowanie d\u0142ugoterminowych relacji, kt\u00f3re nap\u0119dzaj\u0105 wzajemny sukces. Niezale\u017cnie od tego, czy potrzebujesz nowych rozwi\u0105za\u0144, czy wsparcia dla istniej\u0105cych system\u00f3w, FMP jest oddana rozwi\u0105zywaniu Twoich wyzwa\u0144 technicznych i zapewnianiu ci\u0105g\u0142ego sukcesu.<\/p>\n<p><img loading=\"lazy\" decoding=\"async\" class=\"alignnone size-full wp-image-1861\" src=\"https:\/\/fmp-components.com\/wp-content\/uploads\/2024\/12\/Other-Agricultural-Gearboxes.webp\" sizes=\"(min-width: 0px) and (max-width: 480px) 480px, (min-width: 481px) and (max-width: 980px) 980px, (min-width: 981px) 1200px, 100vw\" srcset=\"https:\/\/fmp-components.com\/wp-content\/uploads\/2024\/12\/Other-Agricultural-Gearboxes.webp 1200w, https:\/\/fmp-components.com\/wp-content\/uploads\/2024\/12\/Other-Agricultural-Gearboxes-980x1143.webp 980w, https:\/\/fmp-components.com\/wp-content\/uploads\/2024\/12\/Other-Agricultural-Gearboxes-480x560.webp 480w\" alt=\"Inne zmiany rolnicze\" width=\"1200\" height=\"1400\" title=\"\"><\/p>\n<p>Autor: CX<\/p>","protected":false},"excerpt":{"rendered":"<p>FMP-1ZS-380 Lawn Mower Gearbox Specification ITEM FMP-1ZS-380 Lawn Mower Gearbox Ratio 1:1.24 Teeth 21\/17\/17\/17 Module 7.0 Power\uff08HP\uff09 100 Rated Input 540rpm Input\/Output description \u00a0Spline Weight\uff08N.W\uff09 42.5Kg Advantages of FMP-1ZS-380 Lawn Mower Gearbox High Performance &amp; Efficiency The FMP-1ZS-380 lawn mower gearbox is designed for optimal power transmission, ensuring that the mower operates at peak efficiency. [&hellip;]<\/p>","protected":false},"featured_media":2005,"comment_status":"open","ping_status":"closed","template":"","meta":{"_et_pb_use_builder":"","_et_pb_old_content":"","_et_gb_content_width":""},"product_brand":[],"product_cat":[52],"product_tag":[],"class_list":{"0":"post-1999","1":"product","2":"type-product","3":"status-publish","4":"has-post-thumbnail","6":"product_cat-lawn-mower-gearbox","8":"first","9":"instock","10":"shipping-taxable","11":"product-type-simple"},"_links":{"self":[{"href":"https:\/\/fmp-components.com\/pl\/wp-json\/wp\/v2\/product\/1999","targetHints":{"allow":["GET"]}}],"collection":[{"href":"https:\/\/fmp-components.com\/pl\/wp-json\/wp\/v2\/product"}],"about":[{"href":"https:\/\/fmp-components.com\/pl\/wp-json\/wp\/v2\/types\/product"}],"replies":[{"embeddable":true,"href":"https:\/\/fmp-components.com\/pl\/wp-json\/wp\/v2\/comments?post=1999"}],"wp:featuredmedia":[{"embeddable":true,"href":"https:\/\/fmp-components.com\/pl\/wp-json\/wp\/v2\/media\/2005"}],"wp:attachment":[{"href":"https:\/\/fmp-components.com\/pl\/wp-json\/wp\/v2\/media?parent=1999"}],"wp:term":[{"taxonomy":"product_brand","embeddable":true,"href":"https:\/\/fmp-components.com\/pl\/wp-json\/wp\/v2\/product_brand?post=1999"},{"taxonomy":"product_cat","embeddable":true,"href":"https:\/\/fmp-components.com\/pl\/wp-json\/wp\/v2\/product_cat?post=1999"},{"taxonomy":"product_tag","embeddable":true,"href":"https:\/\/fmp-components.com\/pl\/wp-json\/wp\/v2\/product_tag?post=1999"}],"curies":[{"name":"wp","href":"https:\/\/api.w.org\/{rel}","templated":true}]}}