{"id":1989,"date":"2024-12-26T08:28:11","date_gmt":"2024-12-26T08:28:11","guid":{"rendered":"https:\/\/fmp-components.com\/?page_id=8"},"modified":"2024-12-26T08:28:11","modified_gmt":"2024-12-26T08:28:11","slug":"fmp-40002-lawn-mower-gearbox","status":"publish","type":"product","link":"https:\/\/fmp-components.com\/pl\/product\/fmp-40002-lawn-mower-gearbox\/","title":{"rendered":"FMP-40002 Skrzynia bieg\u00f3w kosiarki"},"content":{"rendered":"<p><img loading=\"lazy\" decoding=\"async\" class=\"size-full wp-image-1991 aligncenter\" src=\"https:\/\/fmp-components.com\/wp-content\/uploads\/2024\/12\/fmp_agricultural-gearbox-HC-40002.webp\" alt=\"fmp_rolnicza-skrzynia-przek\u0142adniowa-HC-40002\" width=\"400\" height=\"400\" title=\"\" srcset=\"https:\/\/fmp-components.com\/wp-content\/uploads\/2024\/12\/fmp_agricultural-gearbox-HC-40002.webp 400w, https:\/\/fmp-components.com\/wp-content\/uploads\/2024\/12\/fmp_agricultural-gearbox-HC-40002-300x300.webp 300w, https:\/\/fmp-components.com\/wp-content\/uploads\/2024\/12\/fmp_agricultural-gearbox-HC-40002-150x150.webp 150w, https:\/\/fmp-components.com\/wp-content\/uploads\/2024\/12\/fmp_agricultural-gearbox-HC-40002-12x12.webp 12w, https:\/\/fmp-components.com\/wp-content\/uploads\/2024\/12\/fmp_agricultural-gearbox-HC-40002-100x100.webp 100w\" sizes=\"(max-width: 400px) 100vw, 400px\" \/><\/p>\n<h2>Specyfikacja skrzyni bieg\u00f3w kosiarki FMP-40002<\/h2>\n<p><img loading=\"lazy\" decoding=\"async\" class=\"alignnone  wp-image-1990\" src=\"https:\/\/fmp-components.com\/wp-content\/uploads\/2024\/12\/fmp_agricultural-gearbox-HC-40002-1.webp\" alt=\"fmp_rolnicza-skrzynia-przek\u0142adniowa-HC-40002\" width=\"849\" height=\"572\" title=\"\" srcset=\"https:\/\/fmp-components.com\/wp-content\/uploads\/2024\/12\/fmp_agricultural-gearbox-HC-40002-1.webp 849w, https:\/\/fmp-components.com\/wp-content\/uploads\/2024\/12\/fmp_agricultural-gearbox-HC-40002-1-480x323.webp 480w\" sizes=\"(min-width: 0px) and (max-width: 480px) 480px, (min-width: 481px) 849px, 100vw\" \/><\/p>\n<table style=\"width: 97.3284%; height: 220px;\" border=\"1\">\n<tbody>\n<tr>\n<td style=\"width: 27.852%;\">PRZEDMIOT<\/td>\n<td style=\"width: 71.5313%;\">40002 Przek\u0142adnia kosiarki<\/td>\n<\/tr>\n<tr>\n<td style=\"width: 27.852%;\">Stosunek<\/td>\n<td style=\"width: 71.5313%;\">3.2:1\/3.77:1\/4.17:1<\/td>\n<\/tr>\n<tr>\n<td style=\"width: 27.852%;\">Z\u0119by<\/td>\n<td style=\"width: 71.5313%;\">15\/48 13\/49 12\/50<\/td>\n<\/tr>\n<tr>\n<td style=\"width: 27.852%;\">Modu\u0142<\/td>\n<td style=\"width: 71.5313%;\">15\/48 13\/49 12\/50<\/td>\n<\/tr>\n<tr>\n<td style=\"width: 27.852%;\">Moc (KM)<\/td>\n<td style=\"width: 71.5313%;\">85\/85\/85<\/td>\n<\/tr>\n<tr>\n<td style=\"width: 27.852%;\">Znamionowe wej\u015bcie<\/td>\n<td style=\"width: 71.5313%;\">540 obr.\/min<\/td>\n<\/tr>\n<tr>\n<td style=\"width: 27.852%;\">Opis wej\u015bcia\/wyj\u015bcia<\/td>\n<td style=\"width: 71.5313%;\">\u00a01 3\/4 Z6<\/td>\n<\/tr>\n<tr>\n<td style=\"width: 27.852%;\">Waga (NW)<\/td>\n<td style=\"width: 71.5313%;\">111 kg<\/td>\n<\/tr>\n<\/tbody>\n<\/table>\n<h2>Zalety przek\u0142adni kosiarki FMP-40002<\/h2>\n<p>Przek\u0142adnia kosiarki FMP-40002 to wysokowydajny, precyzyjnie zaprojektowany element, zaprojektowany w celu optymalizacji pracy kosiarek rolniczych i przemys\u0142owych. Oto kilka kluczowych zalet stosowania przek\u0142adni FMP-40002:<\/p>\n<h3>Trwa\u0142o\u015b\u0107 i d\u0142ugowieczno\u015b\u0107<\/h3>\n<ul>\n<li>Solidna konstrukcja: Zbudowany z materia\u0142\u00f3w o wysokiej wytrzyma\u0142o\u015bci, FMP-40002 jest zaprojektowany tak, aby wytrzyma\u0107 trudne warunki i intensywne u\u017cytkowanie, co gwarantuje d\u0142ug\u0105 \u017cywotno\u015b\u0107.<\/li>\n<li>Odporno\u015b\u0107 na korozj\u0119: Przek\u0142adnia zosta\u0142a zaprojektowana tak, aby by\u0142a odporna na zu\u017cycie i korozj\u0119, dzi\u0119ki czemu idealnie nadaje si\u0119 do d\u0142ugotrwa\u0142ego u\u017cytkowania na zewn\u0105trz w zmiennych warunkach pogodowych.<\/li>\n<\/ul>\n<h3>Wysoka wydajno\u015b\u0107 i przenoszenie mocy<\/h3>\n<ul>\n<li>Optymalne przenoszenie mocy: FMP-40002 gwarantuje wydajne przenoszenie mocy z silnika do ostrzy kosiarki, co przek\u0142ada si\u0119 na sp\u00f3jn\u0105 i niezawodn\u0105 wydajno\u015b\u0107 podczas pracy.<\/li>\n<li>Precyzyjna kontrola pr\u0119dko\u015bci: Zapewnia odpowiedni moment obrotowy i pr\u0119dko\u015b\u0107, aby osi\u0105gn\u0105\u0107 najlepsze rezultaty ci\u0119cia, nawet w trudnych warunkach pracy.<\/li>\n<\/ul>\n<h3>Opcje dostosowywania<\/h3>\n<ul>\n<li>Rozwi\u0105zania na miar\u0119: W FMP rozumiemy, \u017ce r\u00f3\u017cne kosiarki do trawy wymagaj\u0105 specyficznych parametr\u00f3w pracy. Model FMP-40002 mo\u017cna dostosowa\u0107 do indywidualnych potrzeb, w tym do regulacji wa\u0142\u00f3w wyj\u015bciowych, prze\u0142o\u017ce\u0144 i konfiguracji mocowania.<\/li>\n<li>Elastyczna konstrukcja: Przek\u0142adni\u0119 mo\u017cna dostosowa\u0107 do r\u00f3\u017cnych modeli kosiarek, co zapewnia bezproblemow\u0105 kompatybilno\u015b\u0107 i maksymaln\u0105 wydajno\u015b\u0107.<\/li>\n<\/ul>\n<h3>\u0141atwa konserwacja<\/h3>\n<ul>\n<li>Niskie wymagania konserwacyjne: FMP-40002 zosta\u0142 zaprojektowany z my\u015bl\u0105 o niezawodno\u015bci i wymaga minimalnej konserwacji, co pozwala ograniczy\u0107 przestoje i koszty eksploatacji.<\/li>\n<li>\u0141atwo\u015b\u0107 obs\u0142ugi: Prosta konstrukcja przek\u0142adni i \u0142atwo\u015b\u0107 monta\u017cu sprawiaj\u0105, \u017ce operatorzy mog\u0105 j\u0105 szybko skonfigurowa\u0107 i konserwowa\u0107, nie wymagaj\u0105c przy tym du\u017cej wiedzy technicznej.<\/li>\n<\/ul>\n<h3>Op\u0142acalno\u015b\u0107<\/h3>\n<ul>\n<li>D\u0142ugoterminowe oszcz\u0119dno\u015bci: Dzi\u0119ki wysokiej trwa\u0142o\u015bci i niezawodno\u015bci FMP-40002 zmniejsza potrzeb\u0119 cz\u0119stych napraw i wymian, zapewniaj\u0105c d\u0142ugoterminow\u0105 warto\u015b\u0107 inwestycji.<\/li>\n<li>Wydajno\u015b\u0107 energetyczna: Wydajny transfer mocy zapewnia ni\u017csze zu\u017cycie energii, co pozwala ograniczy\u0107 koszty eksploatacji kosiarki.<\/li>\n<\/ul>\n<p>Podsumowuj\u0105c, przek\u0142adnia kosiarki FMP-40002 wyr\u00f3\u017cnia si\u0119 trwa\u0142o\u015bci\u0105, wydajno\u015bci\u0105 i wszechstronno\u015bci\u0105. Dzi\u0119ki mo\u017cliwo\u015bci dopasowania przek\u0142adni do konkretnych potrzeb, jest to idealny wyb\u00f3r do zwi\u0119kszenia wydajno\u015bci kosiarek do trawy zar\u00f3wno w zastosowaniach rolniczych, jak i przemys\u0142owych.<\/p>\n<p><img loading=\"lazy\" decoding=\"async\" class=\"alignnone  wp-image-1992\" src=\"https:\/\/fmp-components.com\/wp-content\/uploads\/2024\/12\/Lawn-Mower-Gearbox-6.webp\" alt=\"Skrzynia bieg\u00f3w kosiarki\" width=\"879\" height=\"646\" title=\"\" srcset=\"https:\/\/fmp-components.com\/wp-content\/uploads\/2024\/12\/Lawn-Mower-Gearbox-6.webp 879w, https:\/\/fmp-components.com\/wp-content\/uploads\/2024\/12\/Lawn-Mower-Gearbox-6-480x353.webp 480w\" sizes=\"(min-width: 0px) and (max-width: 480px) 480px, (min-width: 481px) 879px, 100vw\" \/><\/p>\n<h3>O FMP<\/h3>\n<p>Firma FMP z siedzib\u0105 we W\u0142oszech jest wiod\u0105cym producentem specjalizuj\u0105cym si\u0119 w projektowaniu, rozwoju i produkcji wysokowydajnych przek\u0142adni do maszyn rolniczych. K\u0142ad\u0105c nacisk na precyzj\u0119 wykonania, innowacyjno\u015b\u0107 i niezawodno\u015b\u0107, oferujemy szerok\u0105 gam\u0119 przek\u0142adni, w tym przek\u0142adnie do kosiarek do trawy, a tak\u017ce kluczowe komponenty, takie jak wa\u0142y odbioru mocy (WOM). Nasz\u0105 misj\u0105 jest dostarczanie rozwi\u0105za\u0144 dostosowanych do indywidualnych potrzeb sektora rolniczego i przemys\u0142owego, oferuj\u0105c zar\u00f3wno samodzielne produkty, jak i w pe\u0142ni zintegrowane systemy.<\/p>\n<p>W FMP rozumiemy, \u017ce ka\u017cdy klient ma unikalne wymagania, dlatego specjalizujemy si\u0119 w dostosowywaniu naszych produkt\u00f3w do indywidualnych potrzeb. Niezale\u017cnie od tego, czy potrzebujesz specjalistycznej skrzyni bieg\u00f3w, czy kompletnego systemu, \u015bci\u015ble wsp\u00f3\u0142pracujemy z Tob\u0105, aby opracowa\u0107 najbardziej efektywne i wydajne rozwi\u0105zanie. Nasze zaanga\u017cowanie w zadowolenie klienta przejawia si\u0119 w szybkich, profesjonalnych odpowiedziach i fachowym doradztwie, dzi\u0119ki czemu ka\u017cde zapytanie jest traktowane z precyzj\u0105 i staranno\u015bci\u0105.<\/p>\n<p>Wierzymy w utrzymywanie otwartej i ci\u0105g\u0142ej komunikacji z naszymi klientami, szczeg\u00f3lnie podczas opracowywania nowych produkt\u00f3w. Nasz zaanga\u017cowany zesp\u00f3\u0142 \u015bci\u015ble wsp\u00f3\u0142pracuje z klientami, aby zrozumie\u0107 ich specyficzne wyzwania i dostarcza\u0107 im cennych informacji, kt\u00f3re prowadz\u0105 do optymalnych rozwi\u0105za\u0144. Niezale\u017cnie od tego, czy opracowujemy nowe produkty, czy realizujemy istniej\u0105ce zam\u00f3wienia, dok\u0142adamy wszelkich stara\u0144, aby dostarcza\u0107 wysokiej jako\u015bci, precyzyjnie zaprojektowane produkty szybko i sprawnie.<\/p>\n<p>W FMP jako\u015b\u0107 jest fundamentem wszystkiego, co robimy. Nasze procesy produkcyjne spe\u0142niaj\u0105 najwy\u017csze standardy, gwarantuj\u0105c dok\u0142adno\u015b\u0107 i brak wad. Wdra\u017camy rygorystyczne \u015brodki kontroli jako\u015bci, aby zapewni\u0107, \u017ce ka\u017cdy produkt spe\u0142nia lub przewy\u017csza standardy bran\u017cowe. Ta nieustanna koncentracja na jako\u015bci, w po\u0142\u0105czeniu z naszymi podstawowymi warto\u015bciami, takimi jak uczciwo\u015b\u0107, praca zespo\u0142owa i wytrwa\u0142o\u015b\u0107, pozwoli\u0142a nam zbudowa\u0107 silne i trwa\u0142e relacje z klientami w prawie 30 krajach na ca\u0142ym \u015bwiecie.<\/p>\n<p>FMP jest zawsze otwarta na nawi\u0105zywanie globalnych partnerstw i z zaanga\u017cowaniem oferuje fachowe doradztwo oraz rozwi\u0105zania dostosowane do indywidualnych potrzeb. Nasze podej\u015bcie wykracza poza samo dostarczanie produkt\u00f3w \u2013 d\u0105\u017cymy do budowania d\u0142ugoterminowych relacji z naszymi klientami, zapewniaj\u0105c im sukces w ka\u017cdym projekcie. Niezale\u017cnie od tego, czy potrzebujesz rozwi\u0105za\u0144 dla nowej inicjatywy, czy wsparcia dla istniej\u0105cego systemu, FMP z zaanga\u017cowaniem stawia czo\u0142a Twoim wyzwaniom technicznym i pomaga Ci osi\u0105gn\u0105\u0107 trwa\u0142y sukces.<\/p>\n<p><img loading=\"lazy\" decoding=\"async\" class=\"alignnone size-full wp-image-1861\" src=\"https:\/\/fmp-components.com\/wp-content\/uploads\/2024\/12\/Other-Agricultural-Gearboxes.webp\" sizes=\"(min-width: 0px) and (max-width: 480px) 480px, (min-width: 481px) and (max-width: 980px) 980px, (min-width: 981px) 1200px, 100vw\" srcset=\"https:\/\/fmp-components.com\/wp-content\/uploads\/2024\/12\/Other-Agricultural-Gearboxes.webp 1200w, https:\/\/fmp-components.com\/wp-content\/uploads\/2024\/12\/Other-Agricultural-Gearboxes-980x1143.webp 980w, https:\/\/fmp-components.com\/wp-content\/uploads\/2024\/12\/Other-Agricultural-Gearboxes-480x560.webp 480w\" alt=\"Inne zmiany rolnicze\" width=\"1200\" height=\"1400\" title=\"\"><\/p>\n<p>Autor: CX<\/p>\n<p>&nbsp;<\/p>","protected":false},"excerpt":{"rendered":"<p>FMP-40002 Lawn Mower Gearbox Specification ITEM 40002 Lawn mower gearbox Ratio 3.2:1\/3.77:1\/4.17:1 Teeth 15\/48 13\/49 12\/50 Module 15\/48 13\/49 12\/50 Power\uff08HP\uff09 85\/85\/85 Rated Input 540rpm Input\/Output description \u00a01 3\/4 Z6 Weight\uff08N.W\uff09 111Kg Advantages of FMP-40002 Lawn Mower Gearbox The FMP-40002 Lawn Mower Gearbox is a high-performance, precision-engineered component designed to optimize the operation of agricultural [&hellip;]<\/p>","protected":false},"featured_media":1991,"comment_status":"open","ping_status":"closed","template":"","meta":{"_et_pb_use_builder":"","_et_pb_old_content":"","_et_gb_content_width":""},"product_brand":[],"product_cat":[52],"product_tag":[],"class_list":{"0":"post-1989","1":"product","2":"type-product","3":"status-publish","4":"has-post-thumbnail","6":"product_cat-lawn-mower-gearbox","8":"first","9":"instock","10":"shipping-taxable","11":"product-type-simple"},"_links":{"self":[{"href":"https:\/\/fmp-components.com\/pl\/wp-json\/wp\/v2\/product\/1989","targetHints":{"allow":["GET"]}}],"collection":[{"href":"https:\/\/fmp-components.com\/pl\/wp-json\/wp\/v2\/product"}],"about":[{"href":"https:\/\/fmp-components.com\/pl\/wp-json\/wp\/v2\/types\/product"}],"replies":[{"embeddable":true,"href":"https:\/\/fmp-components.com\/pl\/wp-json\/wp\/v2\/comments?post=1989"}],"wp:featuredmedia":[{"embeddable":true,"href":"https:\/\/fmp-components.com\/pl\/wp-json\/wp\/v2\/media\/1991"}],"wp:attachment":[{"href":"https:\/\/fmp-components.com\/pl\/wp-json\/wp\/v2\/media?parent=1989"}],"wp:term":[{"taxonomy":"product_brand","embeddable":true,"href":"https:\/\/fmp-components.com\/pl\/wp-json\/wp\/v2\/product_brand?post=1989"},{"taxonomy":"product_cat","embeddable":true,"href":"https:\/\/fmp-components.com\/pl\/wp-json\/wp\/v2\/product_cat?post=1989"},{"taxonomy":"product_tag","embeddable":true,"href":"https:\/\/fmp-components.com\/pl\/wp-json\/wp\/v2\/product_tag?post=1989"}],"curies":[{"name":"wp","href":"https:\/\/api.w.org\/{rel}","templated":true}]}}