{"id":1983,"date":"2024-12-26T07:51:14","date_gmt":"2024-12-26T07:51:14","guid":{"rendered":"https:\/\/fmp-components.com\/?page_id=8"},"modified":"2024-12-30T02:49:27","modified_gmt":"2024-12-30T02:49:27","slug":"fmp-ag135-lawnmower-135-deg-gearbox-11-for-agricultural","status":"publish","type":"product","link":"https:\/\/fmp-components.com\/pl\/product\/fmp-ag135-lawnmower-135-deg-gearbox-11-for-agricultural\/","title":{"rendered":"FMP-AG135 Kosiarka 135 stopni Przek\u0142adnia 1:1 do maszyn rolniczych"},"content":{"rendered":"<h2>FMP-AG135 Kosiarka 135 stopni Przek\u0142adnia 1:1 do zastosowa\u0144 rolniczych<\/h2>\n<p><img loading=\"lazy\" decoding=\"async\" class=\"alignnone wp-image-1984\" src=\"https:\/\/fmp-components.com\/wp-content\/uploads\/2024\/12\/fmp_agricultural-gearbox-HC-AG135-1.webp\" alt=\"fmp_rolnicza-skrzynia-przek\u0142adniowa-HC-AG135\" width=\"919\" height=\"548\" title=\"\" srcset=\"https:\/\/fmp-components.com\/wp-content\/uploads\/2024\/12\/fmp_agricultural-gearbox-HC-AG135-1.webp 919w, https:\/\/fmp-components.com\/wp-content\/uploads\/2024\/12\/fmp_agricultural-gearbox-HC-AG135-1-480x286.webp 480w\" sizes=\"(min-width: 0px) and (max-width: 480px) 480px, (min-width: 481px) 919px, 100vw\" \/><\/p>\n<table style=\"width: 99.0594%; height: 184px;\" border=\"1\">\n<tbody>\n<tr style=\"height: 23px;\">\n<td style=\"height: 23px;\">PRZEDMIOT<\/td>\n<td style=\"height: 23px;\">FMP-AG135 skrzynia bieg\u00f3w 135 stopni<\/td>\n<\/tr>\n<tr style=\"height: 23px;\">\n<td style=\"height: 23px;\">Stosunek<\/td>\n<td style=\"height: 23px;\">1:1<\/td>\n<\/tr>\n<tr style=\"height: 23px;\">\n<td style=\"height: 23px;\">Z\u0119by<\/td>\n<td style=\"height: 23px;\">20\/20<\/td>\n<\/tr>\n<tr style=\"height: 23px;\">\n<td style=\"height: 23px;\">Modu\u0142<\/td>\n<td style=\"height: 23px;\">6.0<\/td>\n<\/tr>\n<tr style=\"height: 23px;\">\n<td style=\"height: 23px;\">Moc (KM)<\/td>\n<td style=\"height: 23px;\">50<\/td>\n<\/tr>\n<tr style=\"height: 23px;\">\n<td style=\"height: 23px;\">Znamionowe wej\u015bcie<\/td>\n<td style=\"height: 23px;\">540 obr.\/min<\/td>\n<\/tr>\n<tr style=\"height: 23px;\">\n<td style=\"height: 23px;\">Opis wej\u015bcia\/wyj\u015bcia<\/td>\n<td style=\"height: 23px;\">\u00a01 3\/8 Z6 Sto\u017ckowa podstawa wa\u0142u wielowypustowego<\/td>\n<\/tr>\n<tr style=\"height: 23px;\">\n<td style=\"height: 23px;\">Waga (NW)<\/td>\n<td style=\"height: 23px;\">16,5 kg<\/td>\n<\/tr>\n<\/tbody>\n<\/table>\n<h3>Cechy skrzyni bieg\u00f3w kosiarki<\/h3>\n<p>Przek\u0142adnie kosiarki do trawy to niezb\u0119dne elementy nap\u0119dzaj\u0105ce ostrza tn\u0105ce, zapewniaj\u0105ce wydajn\u0105 i sp\u00f3jn\u0105 prac\u0119 kosiarki. Oto kluczowe cechy, kt\u00f3re sprawiaj\u0105, \u017ce te przek\u0142adnie s\u0105 skuteczne i niezawodne w r\u00f3\u017cnych zastosowaniach koszenia:<\/p>\n<h4>Trwa\u0142o\u015b\u0107 i solidno\u015b\u0107<\/h4>\n<p>Przek\u0142adnie kosiarek do trawy s\u0105 zaprojektowane tak, aby wytrzyma\u0107 du\u017ce obci\u0105\u017cenia i ci\u0105g\u0142\u0105 prac\u0119 wymagan\u0105 w warunkach zewn\u0119trznych. Wykonane z wysokiej jako\u015bci materia\u0142\u00f3w, takich jak hartowana stal, s\u0105 trwa\u0142e i odporne na zu\u017cycie, zapewniaj\u0105c d\u0142ugoterminow\u0105 niezawodno\u015b\u0107 nawet w trudnych warunkach.<\/p>\n<h4>Precyzyjna konstrukcja przek\u0142adni<\/h4>\n<p>Te skrzynie bieg\u00f3w charakteryzuj\u0105 si\u0119 precyzyjnie zaprojektowanymi ko\u0142ami z\u0119batymi, kt\u00f3re zapewniaj\u0105 p\u0142ynne i wydajne przenoszenie mocy na ostrza kosiarki. Precyzyjna konstrukcja zapewnia minimalne tarcie, zmniejszaj\u0105c utrat\u0119 energii i poprawiaj\u0105c wydajno\u015b\u0107 uk\u0142adu tn\u0105cego, co skutkuje czystszymi ci\u0119ciami i mniejszym zu\u017cyciem paliwa.<\/p>\n<h4>Wysoka no\u015bno\u015b\u0107 momentu obrotowego<\/h4>\n<p>Przek\u0142adnie kosiarek do trawy s\u0105 zaprojektowane tak, aby obs\u0142ugiwa\u0107 wysokie poziomy momentu obrotowego niezb\u0119dne do skutecznego nap\u0119dzania ostrzy kosiarki. Niezale\u017cnie od tego, czy chodzi o kosiarki obrotowe, czy modele przemys\u0142owe, te przek\u0142adnie mog\u0105 sprawnie przenosi\u0107 wymagan\u0105 moc, umo\u017cliwiaj\u0105c ostrzom ci\u0119cie g\u0119stej trawy, chwast\u00f3w i innej twardej ro\u015blinno\u015bci.<\/p>\n<h4>Kompaktowy i lekki<\/h4>\n<p>Pomimo swojej wytrzyma\u0142o\u015bci i trwa\u0142o\u015bci, przek\u0142adnie kosiarek s\u0105 zaprojektowane tak, aby by\u0142y kompaktowe i lekkie. Dzi\u0119ki temu s\u0105 \u0142atwiejsze w instalacji, konserwacji i obs\u0142udze bez dodawania zb\u0119dnego ci\u0119\u017caru do sprz\u0119tu, co mo\u017ce poprawi\u0107 zwrotno\u015b\u0107 i oszcz\u0119dno\u015b\u0107 paliwa.<\/p>\n<h4>Odporno\u015b\u0107 na korozj\u0119 i warunki atmosferyczne<\/h4>\n<p>Bior\u0105c pod uwag\u0119, \u017ce kosiarki do trawy s\u0105 zazwyczaj u\u017cywane na zewn\u0105trz, skrzynie bieg\u00f3w s\u0105 wyposa\u017cone w funkcje zapobiegaj\u0105ce rdzewieniu i korozji. Wiele skrzy\u0144 bieg\u00f3w kosiarek do trawy jest pokrytych pow\u0142okami ochronnymi lub wykonanych z materia\u0142\u00f3w odpornych na korozj\u0119, aby zapewni\u0107 optymaln\u0105 wydajno\u015b\u0107 w r\u00f3\u017cnych warunkach pogodowych, takich jak deszcz, wilgo\u0107 i ekstremalne temperatury.<\/p>\n<p>Przek\u0142adnie kosiarek \u0142\u0105cz\u0105 w sobie wytrzyma\u0142o\u015b\u0107, precyzj\u0119 i wydajno\u015b\u0107, aby skutecznie zasila\u0107 systemy tn\u0105ce. S\u0105 zaprojektowane z my\u015bl\u0105 o trwa\u0142o\u015bci, niskich wymaganiach konserwacyjnych i wysokiej wydajno\u015bci, co czyni je niezb\u0119dnym elementem nowoczesnego sprz\u0119tu kosz\u0105cego. Niezale\u017cnie od tego, czy do u\u017cytku domowego, czy komercyjnego, odpowiednia przek\u0142adnia zapewnia optymaln\u0105 wydajno\u015b\u0107 koszenia i d\u0142ug\u0105 \u017cywotno\u015b\u0107 sprz\u0119tu.<\/p>\n<p><img loading=\"lazy\" decoding=\"async\" class=\"alignnone wp-image-1985\" src=\"https:\/\/fmp-components.com\/wp-content\/uploads\/2024\/12\/Lawn-Mower-Gearbox-1-1.webp\" alt=\"Skrzynia bieg\u00f3w kosiarki\" width=\"943\" height=\"630\" title=\"\" srcset=\"https:\/\/fmp-components.com\/wp-content\/uploads\/2024\/12\/Lawn-Mower-Gearbox-1-1.webp 943w, https:\/\/fmp-components.com\/wp-content\/uploads\/2024\/12\/Lawn-Mower-Gearbox-1-1-480x321.webp 480w\" sizes=\"(min-width: 0px) and (max-width: 480px) 480px, (min-width: 481px) 943px, 100vw\" \/><\/p>\n<h3>O FMP<\/h3>\n<p>FMP, z siedzib\u0105 we W\u0142oszech, jest wiod\u0105cym producentem specjalizuj\u0105cym si\u0119 w projektowaniu, rozwoju i produkcji wysokowydajnych skrzy\u0144 bieg\u00f3w do maszyn rolniczych. Znani z precyzyjnej in\u017cynierii, innowacji i niezawodno\u015bci, oferujemy kompleksow\u0105 gam\u0119 skrzy\u0144 bieg\u00f3w, w tym do kosiarek do trawy, wraz z niezb\u0119dnymi komponentami, takimi jak wa\u0142ki odbioru mocy. Nasz\u0105 misj\u0105 jest dostarczanie dostosowanych rozwi\u0105za\u0144, kt\u00f3re spe\u0142niaj\u0105 specyficzne potrzeby zar\u00f3wno sektora rolniczego, jak i przemys\u0142owego, czy to poprzez pojedyncze produkty, czy w pe\u0142ni zintegrowane systemy.<\/p>\n<p>W FMP rozumiemy, \u017ce ka\u017cdy klient ma wyj\u0105tkowe wymagania, co motywuje nas do dostosowywania naszych produkt\u00f3w do nich. Niezale\u017cnie od tego, czy potrzebujesz specjalistycznej skrzyni bieg\u00f3w, czy kompletnego systemu, \u015bci\u015ble wsp\u00f3\u0142pracujemy z Tob\u0105, aby zapewni\u0107 najbardziej efektywne i wydajne rozwi\u0105zanie. Jeste\u015bmy dumni z dostarczania szybkich i profesjonalnych odpowiedzi, zapewniaj\u0105c, \u017ce ka\u017cde zapytanie jest rozpatrywane z najwy\u017csz\u0105 wiedz\u0105 specjalistyczn\u0105 i dba\u0142o\u015bci\u0105 o szczeg\u00f3\u0142y.<\/p>\n<p>Otwarta komunikacja i wsp\u00f3\u0142praca s\u0105 podstaw\u0105 naszego podej\u015bcia, szczeg\u00f3lnie w zakresie opracowywania nowych produkt\u00f3w. Nasz zesp\u00f3\u0142 \u015bci\u015ble wsp\u00f3\u0142pracuje z klientami, aby dok\u0142adnie zrozumie\u0107 ich wyzwania i zapewni\u0107 cenne informacje, kt\u00f3re prowadz\u0105 do optymalnych rozwi\u0105za\u0144. Od opracowywania nowych produkt\u00f3w po realizacj\u0119 istniej\u0105cych zam\u00f3wie\u0144, jeste\u015bmy zobowi\u0105zani do dostarczania wysokiej jako\u015bci, precyzyjnie zaprojektowanych produkt\u00f3w z szybko\u015bci\u0105 i dok\u0142adno\u015bci\u0105.<\/p>\n<p>Jako\u015b\u0107 jest sercem wszystkiego, co robimy. Nasze procesy produkcyjne opieraj\u0105 si\u0119 na zasadach wysokich standard\u00f3w, precyzji i zerowej liczby wad. Wdra\u017camy rygorystyczne \u015brodki kontroli jako\u015bci, aby zapewni\u0107, \u017ce ka\u017cdy produkt przekracza standardy bran\u017cowe. To sta\u0142e skupienie na jako\u015bci, w po\u0142\u0105czeniu z naszymi warto\u015bciami uczciwo\u015bci, pracy zespo\u0142owej i wytrwa\u0142o\u015bci, pozwoli\u0142o nam zbudowa\u0107 trwa\u0142e relacje z klientami w prawie 30 krajach na ca\u0142ym \u015bwiecie.<\/p>\n<p>FMP jest zawsze otwarte na globalne partnerstwa i zobowi\u0105zuje si\u0119 do oferowania fachowych porad i dostosowanych rozwi\u0105za\u0144. Nasza filozofia wykracza poza samo dostarczanie produkt\u00f3w \u2014 chodzi o budowanie d\u0142ugoterminowych relacji, kt\u00f3re zapewniaj\u0105 wzajemny sukces. Niezale\u017cnie od tego, czy potrzebujesz rozwi\u0105za\u0144 dla nowego projektu, czy wsparcia dla istniej\u0105cego systemu, FMP jest oddane rozwi\u0105zywaniu Twoich wyzwa\u0144 technicznych i zapewnianiu Ci ci\u0105g\u0142ego sukcesu.<\/p>\n<p><img loading=\"lazy\" decoding=\"async\" class=\"alignnone size-full wp-image-1861\" src=\"https:\/\/fmp-components.com\/wp-content\/uploads\/2024\/12\/Other-Agricultural-Gearboxes.webp\" sizes=\"(min-width: 0px) and (max-width: 480px) 480px, (min-width: 481px) and (max-width: 980px) 980px, (min-width: 981px) 1200px, 100vw\" srcset=\"https:\/\/fmp-components.com\/wp-content\/uploads\/2024\/12\/Other-Agricultural-Gearboxes.webp 1200w, https:\/\/fmp-components.com\/wp-content\/uploads\/2024\/12\/Other-Agricultural-Gearboxes-980x1143.webp 980w, https:\/\/fmp-components.com\/wp-content\/uploads\/2024\/12\/Other-Agricultural-Gearboxes-480x560.webp 480w\" alt=\"Inne zmiany rolnicze\" width=\"1200\" height=\"1400\" title=\"\"><\/p>\n<p>Autor: CX<\/p>","protected":false},"excerpt":{"rendered":"<p>FMP-AG135 Lawnmower 135 deg gearbox 1:1 for Agricultural Specification ITEM FMP-AG135 135 deg gearbox Ratio 1:1 Teeth 20\/20 Module 6.0 Power\uff08HP\uff09 50 Rated Input 540rpm Input\/Output description \u00a01 3\/8 Z6 Cone base aequilate Spline Shaft Weight\uff08N.W\uff09 16.5Kg Features of Lawn Mower Gearbox Lawn mower gearboxes are essential components that drive the cutting blades, ensuring efficient [&hellip;]<\/p>","protected":false},"featured_media":2078,"comment_status":"open","ping_status":"closed","template":"","meta":{"_et_pb_use_builder":"","_et_pb_old_content":"","_et_gb_content_width":""},"product_brand":[],"product_cat":[52],"product_tag":[],"class_list":{"0":"post-1983","1":"product","2":"type-product","3":"status-publish","4":"has-post-thumbnail","6":"product_cat-lawn-mower-gearbox","8":"first","9":"instock","10":"shipping-taxable","11":"product-type-simple"},"_links":{"self":[{"href":"https:\/\/fmp-components.com\/pl\/wp-json\/wp\/v2\/product\/1983","targetHints":{"allow":["GET"]}}],"collection":[{"href":"https:\/\/fmp-components.com\/pl\/wp-json\/wp\/v2\/product"}],"about":[{"href":"https:\/\/fmp-components.com\/pl\/wp-json\/wp\/v2\/types\/product"}],"replies":[{"embeddable":true,"href":"https:\/\/fmp-components.com\/pl\/wp-json\/wp\/v2\/comments?post=1983"}],"wp:featuredmedia":[{"embeddable":true,"href":"https:\/\/fmp-components.com\/pl\/wp-json\/wp\/v2\/media\/2078"}],"wp:attachment":[{"href":"https:\/\/fmp-components.com\/pl\/wp-json\/wp\/v2\/media?parent=1983"}],"wp:term":[{"taxonomy":"product_brand","embeddable":true,"href":"https:\/\/fmp-components.com\/pl\/wp-json\/wp\/v2\/product_brand?post=1983"},{"taxonomy":"product_cat","embeddable":true,"href":"https:\/\/fmp-components.com\/pl\/wp-json\/wp\/v2\/product_cat?post=1983"},{"taxonomy":"product_tag","embeddable":true,"href":"https:\/\/fmp-components.com\/pl\/wp-json\/wp\/v2\/product_tag?post=1983"}],"curies":[{"name":"wp","href":"https:\/\/api.w.org\/{rel}","templated":true}]}}