{"id":1978,"date":"2024-12-26T07:41:22","date_gmt":"2024-12-26T07:41:22","guid":{"rendered":"https:\/\/fmp-components.com\/?page_id=8"},"modified":"2024-12-26T07:41:22","modified_gmt":"2024-12-26T07:41:22","slug":"fmp-bgb9-lawn-mower-gearbox-for-agricultural-lawn-mower","status":"publish","type":"product","link":"https:\/\/fmp-components.com\/pl\/product\/fmp-bgb9-lawn-mower-gearbox-for-agricultural-lawn-mower\/","title":{"rendered":"FMP-BGB9 Skrzynia bieg\u00f3w kosiarki do trawy rolniczej"},"content":{"rendered":"<p><img loading=\"lazy\" decoding=\"async\" class=\"alignnone size-full wp-image-1981\" src=\"https:\/\/fmp-components.com\/wp-content\/uploads\/2024\/12\/FMP_agricultural-gearbox-HC-LF211-1.webp\" alt=\"FMP_przek\u0142adnia-rolnicza-HC-LF211-1\" width=\"1000\" height=\"500\" title=\"\" srcset=\"https:\/\/fmp-components.com\/wp-content\/uploads\/2024\/12\/FMP_agricultural-gearbox-HC-LF211-1.webp 1000w, https:\/\/fmp-components.com\/wp-content\/uploads\/2024\/12\/FMP_agricultural-gearbox-HC-LF211-1-980x490.webp 980w, https:\/\/fmp-components.com\/wp-content\/uploads\/2024\/12\/FMP_agricultural-gearbox-HC-LF211-1-480x240.webp 480w\" sizes=\"(min-width: 0px) and (max-width: 480px) 480px, (min-width: 481px) and (max-width: 980px) 980px, (min-width: 981px) 1000px, 100vw\" \/><\/p>\n<h2>Specyfikacja skrzyni bieg\u00f3w kosiarki rolniczej<\/h2>\n<table style=\"width: 92.9372%; height: 200px;\" border=\"1\" cellspacing=\"0\" cellpadding=\"0\">\n<tbody>\n<tr style=\"height: 27px;\">\n<td style=\"width: 32.0166%; height: 27px;\">PRZEDMIOT<\/td>\n<td style=\"width: 67.8794%; height: 27px;\">FMP-BGB9 Przek\u0142adnia kosiarki<\/td>\n<\/tr>\n<tr style=\"height: 27px;\">\n<td style=\"width: 32.0166%; height: 27px;\">Stosunek<\/td>\n<td style=\"width: 67.8794%; height: 27px;\">1:1 \/ 1:1.35 \/ 1:1.46 \/ 1:2<\/td>\n<\/tr>\n<tr style=\"height: 27px;\">\n<td style=\"width: 32.0166%; height: 27px;\">Z\u0119by<\/td>\n<td style=\"width: 67.8794%; height: 27px;\">16\/16\u00a0 23\/17\u00a0 22\/15 15\/30<\/td>\n<\/tr>\n<tr style=\"height: 27px;\">\n<td style=\"width: 32.0166%; height: 27px;\">Modu\u0142<\/td>\n<td style=\"width: 67.8794%; height: 27px;\">6.35 \/\u00a0 5.0 \/ 5.0 \/ 3.5<\/td>\n<\/tr>\n<tr style=\"height: 27px;\">\n<td style=\"width: 32.0166%; height: 27px;\">Moc (KM)<\/td>\n<td style=\"width: 67.8794%; height: 27px;\">30<\/td>\n<\/tr>\n<tr style=\"height: 27px;\">\n<td style=\"width: 32.0166%; height: 27px;\">Znamionowe wej\u015bcie<\/td>\n<td style=\"width: 67.8794%; height: 27px;\">540 obr.\/min<\/td>\n<\/tr>\n<tr style=\"height: 27px;\">\n<td style=\"width: 32.0166%; height: 27px;\">Opis wej\u015bcia\/wyj\u015bcia<\/td>\n<td style=\"width: 67.8794%; height: 27px;\">1 3\/8 Z6 13\/8 Z6 O\u015b optyczna<\/td>\n<\/tr>\n<tr style=\"height: 27px;\">\n<td style=\"width: 32.0166%; height: 27px;\">Waga (NW)<\/td>\n<td style=\"width: 67.8794%; height: 27px;\">23 kg<\/td>\n<\/tr>\n<\/tbody>\n<\/table>\n<h3>Przek\u0142adnia kosiarki do u\u017cytku rolniczego<\/h3>\n<p>Przek\u0142adnia kosiarki jest niezb\u0119dna do przenoszenia mocy z silnika na ostrza tn\u0105ce kosiarek rolniczych. Zapewnia wydajn\u0105 prac\u0119, dzi\u0119ki czemu koszenie jest szybsze i p\u0142ynniejsze. Oto przegl\u0105d najwa\u017cniejszych funkcji i korzy\u015bci:<\/p>\n<h3>G\u0142\u00f3wne cechy:<\/h3>\n<ul>\n<li><strong>Przenoszenie mocy:<\/strong> Przenosi moc silnika na ostrza kosiarki, umo\u017cliwiaj\u0105c wydajne ci\u0119cie.<\/li>\n<li><strong>Trwa\u0142o\u015b\u0107:<\/strong> Wykonane z materia\u0142\u00f3w o wysokiej wytrzyma\u0142o\u015bci, np. stali, przek\u0142adnie te s\u0105 odporne na trudne warunki panuj\u0105ce w rolnictwie.<\/li>\n<li><strong>Kontrola pr\u0119dko\u015bci i momentu obrotowego:<\/strong> Oferuje r\u00f3\u017cne prze\u0142o\u017cenia zapewniaj\u0105ce optymaln\u0105 wydajno\u015b\u0107 ci\u0119cia w r\u00f3\u017cnych rodzajach terenu.<\/li>\n<li><strong>Funkcje bezpiecze\u0144stwa:<\/strong> Wyposa\u017cone w sprz\u0119g\u0142a najazdowe i zabezpieczenia przeci\u0105\u017ceniowe, aby zapobiec uszkodzeniom i zapewni\u0107 bezpiecze\u0144stwo.<\/li>\n<li><strong>Personalizacja:<\/strong> Mo\u017cliwo\u015b\u0107 dostosowania d\u0142ugo\u015bci, momentu obrotowego i po\u0142\u0105czenia do konkretnych wymaga\u0144 kosiarki.<\/li>\n<li><strong>Wszechstronno\u015b\u0107:<\/strong> Nadaje si\u0119 do kosiarek rotacyjnych, kosiarek bijakowych i innego sprz\u0119tu rolniczego.<\/li>\n<li><strong>Op\u0142acalno\u015b\u0107:<\/strong> Zmniejsza przestoje i koszty napraw, zapewniaj\u0105c p\u0142ynne dzia\u0142anie.<\/li>\n<\/ul>\n<h3>Zastosowania:<\/h3>\n<ul>\n<li><strong>Kosiarki rotacyjne:<\/strong> Do wydajnego koszenia trawy, pod\u0142\u0105czenie poprzez wa\u0142ek odbioru mocy.<\/li>\n<li><strong>Kosiarki bijakowe:<\/strong> Zapewnia p\u0142ynny obr\u00f3t umo\u017cliwiaj\u0105cy rozdrabnianie i koszenie r\u00f3\u017cnorodnej ro\u015blinno\u015bci.<\/li>\n<li><strong>Kosiarki samojezdne i kosiarki o zerowym promieniu skr\u0119tu:<\/strong> Zapewnia r\u00f3wnomierne przenoszenie mocy przy koszeniu na du\u017c\u0105 skal\u0119.<\/li>\n<li><strong>Kosiarki r\u0119czne:<\/strong> Optymalizuje pr\u0119dko\u015b\u0107 ostrza, zapewniaj\u0105c czyste ci\u0119cia nawet na nier\u00f3wnym pod\u0142o\u017cu.<\/li>\n<\/ul>\n<h3>Korzy\u015bci:<\/h3>\n<ul>\n<li><strong>Ulepszone ci\u0119cie:<\/strong> Sta\u0142a pr\u0119dko\u015b\u0107 ostrza zapewniaj\u0105ca czyste i r\u00f3wnomierne ci\u0119cie.<\/li>\n<li><strong>Efektywno\u015b\u0107 paliwowa:<\/strong> Optymalizuje zu\u017cycie energii, poprawiaj\u0105c efektywno\u015b\u0107 zu\u017cycia paliwa.<\/li>\n<li><strong>D\u0142u\u017csza \u017cywotno\u015b\u0107 sprz\u0119tu:<\/strong> Trwa\u0142a konstrukcja wyd\u0142u\u017ca \u017cywotno\u015b\u0107 kosiarki.<\/li>\n<li><strong>Niskie koszty utrzymania:<\/strong> Wymaga minimalnej konserwacji, co zmniejsza przestoje.<\/li>\n<li><strong>Zwi\u0119kszone bezpiecze\u0144stwo:<\/strong> Zapobiega uszkodzeniom dzi\u0119ki funkcjom bezpiecze\u0144stwa, redukuj\u0105c ryzyko dla operatora.<\/li>\n<\/ul>\n<h3>Dlaczego warto wybra\u0107 FMP:<\/h3>\n<p>FMP produkuje wysokiej jako\u015bci przek\u0142adnie do kosiarek zaprojektowane z my\u015bl\u0105 o trwa\u0142o\u015bci, niezawodno\u015bci i wydajno\u015bci. Niezale\u017cnie od tego, czy potrzebujesz rozwi\u0105zania standardowego, czy niestandardowego, FMP oferuje idealn\u0105 przek\u0142adni\u0119 do kosiarek rolniczych, gwarantuj\u0105c\u0105 wydajn\u0105 prac\u0119 i d\u0142ugotrwa\u0142\u0105 wydajno\u015b\u0107.<\/p>\n<p>Przek\u0142adnie FMP do kosiarek oferuj\u0105 trwa\u0142o\u015b\u0107, precyzj\u0119 i wydajno\u015b\u0107, dzi\u0119ki czemu idealnie nadaj\u0105 si\u0119 do koszenia trawnik\u00f3w w rolnictwie. Zaufaj FMP, je\u015bli szukasz spersonalizowanych, wysokowydajnych przek\u0142adni dopasowanych do Twoich potrzeb.<\/p>\n<p><img loading=\"lazy\" decoding=\"async\" class=\"alignnone size-full wp-image-1871\" src=\"https:\/\/fmp-components.com\/wp-content\/uploads\/2024\/12\/Differences-Between-Rotary-Mower-Gearbox-and-Flail-Mower-Gearbox-2.webp\" alt=\"R\u00f3\u017cnice mi\u0119dzy skrzyni\u0105 bieg\u00f3w kosiarki rotacyjnej a skrzyni\u0105 bieg\u00f3w kosiarki bijakowej\" width=\"1000\" height=\"600\" title=\"\" srcset=\"https:\/\/fmp-components.com\/wp-content\/uploads\/2024\/12\/Differences-Between-Rotary-Mower-Gearbox-and-Flail-Mower-Gearbox-2.webp 1000w, https:\/\/fmp-components.com\/wp-content\/uploads\/2024\/12\/Differences-Between-Rotary-Mower-Gearbox-and-Flail-Mower-Gearbox-2-980x588.webp 980w, https:\/\/fmp-components.com\/wp-content\/uploads\/2024\/12\/Differences-Between-Rotary-Mower-Gearbox-and-Flail-Mower-Gearbox-2-480x288.webp 480w\" sizes=\"(min-width: 0px) and (max-width: 480px) 480px, (min-width: 481px) and (max-width: 980px) 980px, (min-width: 981px) 1000px, 100vw\" \/><\/p>\n<h3>O FMP<\/h3>\n<p>Firma FMP z siedzib\u0105 we W\u0142oszech jest wiod\u0105cym producentem specjalizuj\u0105cym si\u0119 w projektowaniu, rozwoju i produkcji wysokowydajnych przek\u0142adni do maszyn rolniczych. Znani z precyzji wykonania, innowacyjno\u015bci i niezawodno\u015bci, oferujemy szerok\u0105 gam\u0119 przek\u0142adni, w tym przek\u0142adnie do kosiarek do trawy, a tak\u017ce niezb\u0119dne komponenty, takie jak wa\u0142y odbioru mocy (WOM). Naszym celem jest dostarczanie rozwi\u0105za\u0144 dostosowanych do indywidualnych potrzeb sektora rolniczego i przemys\u0142owego, zar\u00f3wno poprzez pojedyncze produkty, jak i w pe\u0142ni zintegrowane systemy.<\/p>\n<p>W FMP rozumiemy, \u017ce ka\u017cdy klient ma unikalne wymagania. Dlatego dok\u0142adamy wszelkich stara\u0144, aby dostosowywa\u0107 nasze produkty do tych specyficznych potrzeb. Niezale\u017cnie od tego, czy potrzebujesz specjalistycznej skrzyni bieg\u00f3w, czy kompletnego systemu, \u015bci\u015ble wsp\u00f3\u0142pracujemy z Tob\u0105, aby opracowa\u0107 najbardziej efektywne i wydajne rozwi\u0105zanie. Jeste\u015bmy dumni z udzielania szybkich i profesjonalnych odpowiedzi, dbaj\u0105c o to, aby ka\u017cde zapytanie by\u0142o obs\u0142ugiwane fachowo i precyzyjnie.<\/p>\n<p>Przywi\u0105zujemy du\u017c\u0105 wag\u0119 do otwartej i sta\u0142ej komunikacji z naszymi klientami, szczeg\u00f3lnie w kontek\u015bcie rozwoju nowych produkt\u00f3w. Nasz zaanga\u017cowany zesp\u00f3\u0142 wsp\u00f3\u0142pracuje z klientami, aby w pe\u0142ni zrozumie\u0107 ich wyzwania i oferowa\u0107 cenne spostrze\u017cenia, kt\u00f3re prowadz\u0105 do optymalnych rozwi\u0105za\u0144. Od rozwoju nowych produkt\u00f3w po realizacj\u0119 istniej\u0105cych zam\u00f3wie\u0144, dok\u0142adamy wszelkich stara\u0144, aby dostarcza\u0107 wysokiej jako\u015bci, precyzyjnie zaprojektowane produkty, szybko i precyzyjnie.<\/p>\n<p>Jako\u015b\u0107 jest fundamentem wszystkiego, co robimy w FMP. Nasze procesy produkcyjne opieraj\u0105 si\u0119 na zasadach wysokich standard\u00f3w, dok\u0142adno\u015bci i zerowej liczby defekt\u00f3w. Stosujemy rygorystyczne procedury kontroli jako\u015bci, aby zapewni\u0107, \u017ce ka\u017cdy produkt przewy\u017csza standardy bran\u017cowe. To niez\u0142omne zaanga\u017cowanie w jako\u015b\u0107, w po\u0142\u0105czeniu z naszymi warto\u015bciami, takimi jak uczciwo\u015b\u0107, praca zespo\u0142owa i wytrwa\u0142o\u015b\u0107, pozwoli\u0142o nam zbudowa\u0107 trwa\u0142e relacje z klientami w prawie 30 krajach na ca\u0142ym \u015bwiecie.<\/p>\n<p>FMP jest zawsze otwarta na nawi\u0105zywanie globalnych partnerstw i ch\u0119tnie s\u0142u\u017cy fachowym doradztwem oraz indywidualnymi rozwi\u0105zaniami. Nasze podej\u015bcie wykracza poza samo dostarczanie produkt\u00f3w \u2013 zale\u017cy nam na budowaniu d\u0142ugoterminowych relacji z klientami, zapewniaj\u0105c im sukces w ka\u017cdym projekcie. Niezale\u017cnie od tego, czy szukasz rozwi\u0105za\u0144 dla nowej inicjatywy, czy potrzebujesz wsparcia dla istniej\u0105cego systemu, FMP jest do Twojej dyspozycji, aby sprosta\u0107 Twoim wyzwaniom technicznym i pom\u00f3c w zapewnieniu Ci ci\u0105g\u0142ego sukcesu.<\/p>\n<p><img loading=\"lazy\" decoding=\"async\" class=\"alignnone size-full wp-image-1861\" src=\"https:\/\/fmp-components.com\/wp-content\/uploads\/2024\/12\/Other-Agricultural-Gearboxes.webp\" sizes=\"(min-width: 0px) and (max-width: 480px) 480px, (min-width: 481px) and (max-width: 980px) 980px, (min-width: 981px) 1200px, 100vw\" srcset=\"https:\/\/fmp-components.com\/wp-content\/uploads\/2024\/12\/Other-Agricultural-Gearboxes.webp 1200w, https:\/\/fmp-components.com\/wp-content\/uploads\/2024\/12\/Other-Agricultural-Gearboxes-980x1143.webp 980w, https:\/\/fmp-components.com\/wp-content\/uploads\/2024\/12\/Other-Agricultural-Gearboxes-480x560.webp 480w\" alt=\"Inne zmiany rolnicze\" width=\"1200\" height=\"1400\" title=\"\"><\/p>\n<p>Autor: CX<\/p>","protected":false},"excerpt":{"rendered":"<p>Agricultural Lawnmower Gearbox Specification ITEM FMP-BGB9 Lawn mower gearbox Ratio 1:1 \/ 1:1.35 \/ 1:1.46 \/ 1:2 Teeth 16\/16\u00a0 23\/17\u00a0 22\/15 15\/30 Module 6.35 \/\u00a0 5.0 \/ 5.0 \/ 3.5 Power\uff08HP\uff09 30 Rated Input 540rpm Input\/Output description 1 3\/8 Z6 13\/8 Z6 OPtic axis Weight\uff08N.W\uff09 23Kg Lawn Mower Gearbox for Agricultural Use A lawn mower [&hellip;]<\/p>","protected":false},"featured_media":1982,"comment_status":"open","ping_status":"closed","template":"","meta":{"_et_pb_use_builder":"","_et_pb_old_content":"","_et_gb_content_width":""},"product_brand":[],"product_cat":[52],"product_tag":[],"class_list":{"0":"post-1978","1":"product","2":"type-product","3":"status-publish","4":"has-post-thumbnail","6":"product_cat-lawn-mower-gearbox","8":"first","9":"instock","10":"shipping-taxable","11":"product-type-simple"},"_links":{"self":[{"href":"https:\/\/fmp-components.com\/pl\/wp-json\/wp\/v2\/product\/1978","targetHints":{"allow":["GET"]}}],"collection":[{"href":"https:\/\/fmp-components.com\/pl\/wp-json\/wp\/v2\/product"}],"about":[{"href":"https:\/\/fmp-components.com\/pl\/wp-json\/wp\/v2\/types\/product"}],"replies":[{"embeddable":true,"href":"https:\/\/fmp-components.com\/pl\/wp-json\/wp\/v2\/comments?post=1978"}],"wp:featuredmedia":[{"embeddable":true,"href":"https:\/\/fmp-components.com\/pl\/wp-json\/wp\/v2\/media\/1982"}],"wp:attachment":[{"href":"https:\/\/fmp-components.com\/pl\/wp-json\/wp\/v2\/media?parent=1978"}],"wp:term":[{"taxonomy":"product_brand","embeddable":true,"href":"https:\/\/fmp-components.com\/pl\/wp-json\/wp\/v2\/product_brand?post=1978"},{"taxonomy":"product_cat","embeddable":true,"href":"https:\/\/fmp-components.com\/pl\/wp-json\/wp\/v2\/product_cat?post=1978"},{"taxonomy":"product_tag","embeddable":true,"href":"https:\/\/fmp-components.com\/pl\/wp-json\/wp\/v2\/product_tag?post=1978"}],"curies":[{"name":"wp","href":"https:\/\/api.w.org\/{rel}","templated":true}]}}