{"id":1973,"date":"2024-12-26T05:53:04","date_gmt":"2024-12-26T05:53:04","guid":{"rendered":"https:\/\/fmp-components.com\/?page_id=8"},"modified":"2024-12-26T07:47:18","modified_gmt":"2024-12-26T07:47:18","slug":"mower-gearboxes-replacement-of-comer-code-tl-312d","status":"publish","type":"product","link":"https:\/\/fmp-components.com\/pl\/product\/mower-gearboxes-replacement-of-comer-code-tl-312d\/","title":{"rendered":"Przek\u0142adnie kosiarki \u2013 wymiana Comer Code TL-312D"},"content":{"rendered":"<p><img loading=\"lazy\" decoding=\"async\" class=\"size-full wp-image-1974 aligncenter\" src=\"https:\/\/fmp-components.com\/wp-content\/uploads\/2024\/12\/Mower-Gearboxes-\u2013-Replacement-of-Comer-Code-TL-312D.webp\" alt=\"Przek\u0142adnie kosiarki \u2013 wymiana Comer Code TL-312D\" width=\"500\" height=\"500\" title=\"\" srcset=\"https:\/\/fmp-components.com\/wp-content\/uploads\/2024\/12\/Mower-Gearboxes-\u2013-Replacement-of-Comer-Code-TL-312D.webp 500w, https:\/\/fmp-components.com\/wp-content\/uploads\/2024\/12\/Mower-Gearboxes-\u2013-Replacement-of-Comer-Code-TL-312D-300x300.webp 300w, https:\/\/fmp-components.com\/wp-content\/uploads\/2024\/12\/Mower-Gearboxes-\u2013-Replacement-of-Comer-Code-TL-312D-150x150.webp 150w, https:\/\/fmp-components.com\/wp-content\/uploads\/2024\/12\/Mower-Gearboxes-\u2013-Replacement-of-Comer-Code-TL-312D-12x12.webp 12w, https:\/\/fmp-components.com\/wp-content\/uploads\/2024\/12\/Mower-Gearboxes-\u2013-Replacement-of-Comer-Code-TL-312D-480x480.webp 480w, https:\/\/fmp-components.com\/wp-content\/uploads\/2024\/12\/Mower-Gearboxes-\u2013-Replacement-of-Comer-Code-TL-312D-100x100.webp 100w\" sizes=\"(max-width: 500px) 100vw, 500px\" \/><\/p>\n<h2>Przek\u0142adnie kosiarek \u2013 wymiana specyfikacji Comer Code TL-312D<\/h2>\n<table style=\"width: 100%;\" border=\"1\" width=\"100%\" cellspacing=\"0\" cellpadding=\"0\">\n<tbody>\n<tr>\n<th>Opis<\/th>\n<td>Przek\u0142adnie kosiarki \u2013 wymiana Comer Code TL-312D<\/td>\n<\/tr>\n<tr>\n<th>Aplikacja<\/th>\n<td>Kosiarki<\/td>\n<\/tr>\n<tr>\n<th>Sk\u0142ada si\u0119 z<\/th>\n<td>Skrzynia bieg\u00f3w<\/td>\n<\/tr>\n<tr>\n<th>Bez oleju<\/th>\n<td>Informacje techniczne<\/td>\n<\/tr>\n<tr>\n<th><\/th>\n<td>Je\u015bli masz pytania dotycz\u0105ce wydajno\u015bci przy innych pr\u0119dko\u015bciach, nie wahaj si\u0119 z nami skontaktowa\u0107.<\/td>\n<\/tr>\n<tr>\n<th><\/th>\n<td>Przy pierwszym u\u017cyciu olej nale\u017cy wymieni\u0107 po 50 godzinach pracy.<\/td>\n<\/tr>\n<tr>\n<th>Zawiera olej<\/th>\n<td>NIE<\/td>\n<\/tr>\n<tr>\n<th>Maksymalna pojemno\u015b\u0107 oleju<\/th>\n<td>1,5 litra<\/td>\n<\/tr>\n<tr>\n<th>Maksymalny odst\u0119p mi\u0119dzy wymianami oleju<\/th>\n<td>500 godzin<\/td>\n<\/tr>\n<tr>\n<th>Klasa lepko\u015bci oleju SAE<\/th>\n<td>80W-90<\/td>\n<\/tr>\n<tr>\n<th>Materia\u0142 obudowy<\/th>\n<td>\u017beliwo GG25<\/td>\n<\/tr>\n<tr>\n<th>Waga<\/th>\n<td>27 kg<\/td>\n<\/tr>\n<tr>\n<th>Zwi\u0119kszenie uk\u0142adu przek\u0142adni<\/th>\n<td>21-22<\/td>\n<\/tr>\n<tr>\n<th>Moc wej\u015bciowa kW \/ KM wzrasta<\/th>\n<td>76,5 \/ 104 kW\/KM<\/td>\n<\/tr>\n<tr>\n<th>Zwi\u0119kszanie wa\u0142u wej\u015bciowego<\/th>\n<td>X<\/td>\n<\/tr>\n<tr>\n<th>Moment obrotowy wyj\u015bciowy DaNm wzrasta<\/th>\n<td>42,7 daNm<\/td>\n<\/tr>\n<tr>\n<th>Wsp\u00f3\u0142czynnik wzrastaj\u0105cy<\/th>\n<td>1 : 1.6<\/td>\n<\/tr>\n<tr>\n<th>Zmniejszanie wsp\u00f3\u0142czynnika<\/th>\n<td>1.6 : 1<\/td>\n<\/tr>\n<tr>\n<th>Wa\u0142 X<\/th>\n<td>1 3\/8\u2033 (6) (A)<\/td>\n<\/tr>\n<tr>\n<th>Wa\u0142 Z<\/th>\n<td>33 godz. 7 (B)<\/td>\n<\/tr>\n<\/tbody>\n<\/table>\n<h3>Zalety skrzy\u0144 bieg\u00f3w kosiarek<\/h3>\n<p>Przek\u0142adnie kosiarki to niezb\u0119dne podzespo\u0142y w maszynach do koszenia trawnik\u00f3w i trawy, przenosz\u0105ce moc z ci\u0105gnika lub silnika na ostrza kosiarki. Przek\u0142adnie te odgrywaj\u0105 kluczow\u0105 rol\u0119 w zapewnieniu wydajnej, efektywnej i niezawodnej pracy kosiarek. Poni\u017cej przedstawiamy kilka kluczowych zalet stosowania wysokiej jako\u015bci przek\u0142adni kosiarki:<\/p>\n<h4>Wydajne przenoszenie mocy<\/h4>\n<p>Przek\u0142adnie kosiarki zosta\u0142y zaprojektowane tak, aby zapewni\u0107 efektywne przenoszenie mocy z silnika ci\u0105gnika na ostrza kosiarki. To efektywne przeniesienie mocy pomaga utrzyma\u0107 odpowiedni\u0105 pr\u0119dko\u015b\u0107 i moment obrotowy ostrzy, gwarantuj\u0105c optymaln\u0105 wydajno\u015b\u0107 koszenia. Niezale\u017cnie od tego, czy chodzi o kosiark\u0119 rotacyjn\u0105, czy samojezdn\u0105, efektywne przeniesienie mocy zapewnia r\u00f3wnomierne ci\u0119cie trawy przez ostrza, co przek\u0142ada si\u0119 na czyste i r\u00f3wne koszenie.<\/p>\n<h4>Trwa\u0142o\u015b\u0107 i d\u0142ugowieczno\u015b\u0107<\/h4>\n<p>Wysokiej jako\u015bci przek\u0142adnie kosiarek s\u0105 zaprojektowane tak, aby sprosta\u0107 trudnym warunkom pracy i intensywnemu u\u017cytkowaniu. Wykonane z trwa\u0142ych materia\u0142\u00f3w, takich jak wysokogatunkowa stal i stopy aluminium, s\u0105 odporne na zu\u017cycie, korozj\u0119 i wysok\u0105 temperatur\u0119. Dzi\u0119ki temu przek\u0142adnie kosiarek dzia\u0142aj\u0105 p\u0142ynnie i niezawodnie przez d\u0142ugi czas, minimalizuj\u0105c potrzeb\u0119 cz\u0119stych napraw lub wymiany. Ich solidno\u015b\u0107 ma kluczowe znaczenie dla utrzymania optymalnej wydajno\u015bci w wymagaj\u0105cych zastosowaniach rolniczych, ogrodniczych i przemys\u0142owych.<\/p>\n<h4>Zredukowane wymagania konserwacyjne<\/h4>\n<p>Przek\u0142adnie kosiarki zaprojektowano z my\u015bl\u0105 o bezobs\u0142ugowej pracy. Dzi\u0119ki odpowiedniemu smarowaniu i trwa\u0142ej konstrukcji, zu\u017cywaj\u0105 si\u0119 one mniej ni\u017c inne podzespo\u0142y mechaniczne. To przek\u0142ada si\u0119 na mniejsz\u0105 liczb\u0119 awarii i ni\u017csze og\u00f3lne koszty utrzymania. Przy minimalnych wymaganiach konserwacyjnych, przek\u0142adnie te zapewniaj\u0105 p\u0142ynn\u0105 prac\u0119 kosiarki, zapewniaj\u0105c d\u0142u\u017cszy czas sprawno\u015bci i wydajno\u015b\u0107.<\/p>\n<h4>Ulepszona wydajno\u015b\u0107 ci\u0119cia<\/h4>\n<p>Przek\u0142adnia odgrywa kluczow\u0105 rol\u0119 w zapewnieniu prawid\u0142owej pr\u0119dko\u015bci i momentu obrotowego ostrzy kosiarki, co jest niezb\u0119dne do efektywnego koszenia. Niezale\u017cnie od tego, czy kosisz g\u0119st\u0105 traw\u0119, chwasty, czy nier\u00f3wny teren, dobrze zaprojektowana przek\u0142adnia kosiarki zapewnia sta\u0142\u0105 wydajno\u015b\u0107 koszenia. Efektem jest czystsze i bardziej r\u00f3wnomierne koszenie, co poprawia estetyk\u0119 trawnika lub pola, a jednocze\u015bnie zapobiega uszkodzeniom sprz\u0119tu.<\/p>\n<h4>Wszechstronno\u015b\u0107 i personalizacja<\/h4>\n<p>Przek\u0142adnie kosiarek s\u0105 niezwykle wszechstronne i mo\u017cna je dostosowa\u0107 do r\u00f3\u017cnych modeli kosiarek i zastosowa\u0144. Niezale\u017cnie od tego, czy potrzebujesz przek\u0142adni jedno- czy wielobiegowej, czy te\u017c rozwi\u0105zania dostosowanego do konkretnych potrzeb koszenia, przek\u0142adnie kosiarek oferuj\u0105 elastyczno\u015b\u0107. Wielu producent\u00f3w, w tym FMP, oferuje dopasowane opcje przek\u0142adni, aby sprosta\u0107 wymaganiom wydajno\u015bciowym r\u00f3\u017cnych zada\u0144 zwi\u0105zanych z koszeniem, od ma\u0142ych prac zwi\u0105zanych z piel\u0119gnacj\u0105 trawnik\u00f3w po du\u017ce gospodarstwa rolne.<\/p>\n<h4>Bezpiecze\u0144stwo i niezawodno\u015b\u0107<\/h4>\n<p>Nowoczesne przek\u0142adnie kosiarek s\u0105 wyposa\u017cone w zabezpieczenia, takie jak sprz\u0119g\u0142a najazdowe i mechanizmy roz\u0142\u0105czaj\u0105ce, kt\u00f3re chroni\u0105 zar\u00f3wno kosiark\u0119, jak i operatora. Funkcje te zapobiegaj\u0105 uszkodzeniu przek\u0142adni i no\u017cy kosiarki w przypadku nag\u0142ego wy\u0142\u0105czenia lub od\u0142\u0105czenia kosiarki. Pomagaj\u0105 r\u00f3wnie\u017c zapobiega\u0107 wypadkom, zapewniaj\u0105c bezpiecze\u0144stwo operatora i zmniejszaj\u0105c ryzyko awarii mechanicznych podczas pracy.<\/p>\n<p>Przek\u0142adnie kosiarki to kluczowe elementy, kt\u00f3re zwi\u0119kszaj\u0105 wydajno\u015b\u0107, trwa\u0142o\u015b\u0107 i osi\u0105gi kosiarek do trawy i maszyn rolniczych. Ich zdolno\u015b\u0107 do efektywnego przenoszenia mocy, poprawy wydajno\u015bci koszenia i redukcji potrzeb konserwacyjnych sprawia, \u017ce \u200b\u200bs\u0105 one niezb\u0119dne do utrzymania wysokiej jako\u015bci sprz\u0119tu do koszenia. Dzi\u0119ki r\u00f3\u017cnorodnym opcjom personalizacji, solidnej konstrukcji i ekonomicznym rozwi\u0105zaniom, przek\u0142adnie kosiarki zapewniaj\u0105 d\u0142ugoterminow\u0105 warto\u015b\u0107 zar\u00f3wno w zastosowaniach domowych, jak i profesjonalnych.<\/p>\n<p><img loading=\"lazy\" decoding=\"async\" class=\"alignnone wp-image-1951\" src=\"https:\/\/fmp-components.com\/wp-content\/uploads\/2024\/12\/Rotary-Mower-Gearbox-211.webp\" alt=\"Skrzynia bieg\u00f3w kosiarki rotacyjnej\" width=\"929\" height=\"697\" title=\"\" srcset=\"https:\/\/fmp-components.com\/wp-content\/uploads\/2024\/12\/Rotary-Mower-Gearbox-211.webp 929w, https:\/\/fmp-components.com\/wp-content\/uploads\/2024\/12\/Rotary-Mower-Gearbox-211-480x360.webp 480w\" sizes=\"(min-width: 0px) and (max-width: 480px) 480px, (min-width: 481px) 929px, 100vw\" \/><\/p>\n<h3>O FMP<\/h3>\n<p>Firma FMP z siedzib\u0105 we W\u0142oszech to wiod\u0105cy producent, znany z projektowania, rozwoju i produkcji wysokowydajnych przek\u0142adni do maszyn rolniczych. Koncentruj\u0105c si\u0119 na precyzyjnej in\u017cynierii, innowacyjno\u015bci i niezawodno\u015bci, oferujemy szerok\u0105 gam\u0119 przek\u0142adni, w tym przek\u0142adnie do kosiarek, a tak\u017ce kluczowe komponenty, takie jak wa\u0142y odbioru mocy (WOM). Nasz\u0105 misj\u0105 jest dostarczanie rozwi\u0105za\u0144 dostosowanych do potrzeb sektora rolniczego i przemys\u0142owego, oferuj\u0105c zar\u00f3wno pojedyncze produkty, jak i w pe\u0142ni zintegrowane systemy, kt\u00f3re spe\u0142niaj\u0105 specyficzne potrzeby naszych klient\u00f3w.<\/p>\n<p>W FMP zdajemy sobie spraw\u0119, \u017ce ka\u017cdy klient ma unikalne wymagania. Dlatego specjalizujemy si\u0119 w dostosowywaniu naszych produkt\u00f3w do indywidualnych potrzeb. Niezale\u017cnie od tego, czy szukasz specjalistycznej skrzyni bieg\u00f3w, czy kompleksowego systemu, \u015bci\u015ble wsp\u00f3\u0142pracujemy z Tob\u0105, aby opracowa\u0107 najbardziej efektywne i wydajne rozwi\u0105zanie. Nasze zaanga\u017cowanie w zadowolenie klienta znajduje odzwierciedlenie w szybkich, profesjonalnych odpowiedziach i fachowym doradztwie, dzi\u0119ki czemu ka\u017cde zapytanie jest obs\u0142ugiwane z najwy\u017csz\u0105 staranno\u015bci\u0105 i precyzj\u0105.<\/p>\n<p>Otwarta i ci\u0105g\u0142a komunikacja z naszymi klientami jest kluczowa, szczeg\u00f3lnie w procesie rozwoju nowych produkt\u00f3w. Nasz zaanga\u017cowany zesp\u00f3\u0142 wsp\u00f3\u0142pracuje z klientami, aby zrozumie\u0107 ich wyzwania i dostarcza\u0107 im cenne informacje, kt\u00f3re prowadz\u0105 do optymalnych rozwi\u0105za\u0144. Niezale\u017cnie od tego, czy opracowujemy nowe produkty, czy realizujemy istniej\u0105ce zam\u00f3wienia, niezmiennie d\u0105\u017cymy do dostarczania wysokiej jako\u015bci, precyzyjnie zaprojektowanych produkt\u00f3w, szybko i sprawnie.<\/p>\n<p>Jako\u015b\u0107 jest fundamentem wszystkiego, co robimy. W FMP nasze procesy produkcyjne opieraj\u0105 si\u0119 na zasadach wysokich standard\u00f3w, dok\u0142adno\u015bci i zerowej liczby defekt\u00f3w. Wdra\u017camy rygorystyczne \u015brodki kontroli jako\u015bci, aby zapewni\u0107, \u017ce ka\u017cdy produkt spe\u0142nia lub przewy\u017csza standardy bran\u017cowe. To nieustanne skupienie na jako\u015bci, w po\u0142\u0105czeniu z naszymi podstawowymi warto\u015bciami, takimi jak uczciwo\u015b\u0107, praca zespo\u0142owa i wytrwa\u0142o\u015b\u0107, pomog\u0142o nam zbudowa\u0107 silne i trwa\u0142e relacje z klientami w prawie 30 krajach na ca\u0142ym \u015bwiecie.<\/p>\n<p>FMP jest zawsze otwarta na budowanie globalnych partnerstw i ch\u0119tnie oferuje fachowe doradztwo oraz rozwi\u0105zania dostosowane do indywidualnych potrzeb. Nasze podej\u015bcie wykracza poza samo dostarczanie produkt\u00f3w \u2013 d\u0105\u017cymy do budowania d\u0142ugoterminowych relacji z naszymi klientami, zapewniaj\u0105c im sukces w ka\u017cdym projekcie. Niezale\u017cnie od tego, czy potrzebujesz rozwi\u0105za\u0144 dla nowej inicjatywy, czy wsparcia dla istniej\u0105cego systemu, FMP jest do Twojej dyspozycji, aby sprosta\u0107 Twoim wyzwaniom technicznym i pom\u00f3c w zapewnieniu Ci dalszego sukcesu.<\/p>\n<p><img loading=\"lazy\" decoding=\"async\" class=\"alignnone size-full wp-image-1861\" src=\"https:\/\/fmp-components.com\/wp-content\/uploads\/2024\/12\/Other-Agricultural-Gearboxes.webp\" sizes=\"(min-width: 0px) and (max-width: 480px) 480px, (min-width: 481px) and (max-width: 980px) 980px, (min-width: 981px) 1200px, 100vw\" srcset=\"https:\/\/fmp-components.com\/wp-content\/uploads\/2024\/12\/Other-Agricultural-Gearboxes.webp 1200w, https:\/\/fmp-components.com\/wp-content\/uploads\/2024\/12\/Other-Agricultural-Gearboxes-980x1143.webp 980w, https:\/\/fmp-components.com\/wp-content\/uploads\/2024\/12\/Other-Agricultural-Gearboxes-480x560.webp 480w\" alt=\"Inne zmiany rolnicze\" width=\"1200\" height=\"1400\" title=\"\"><\/p>\n<p>Autor: CX<\/p>","protected":false},"excerpt":{"rendered":"<p>Mower Gearboxes \u2013 Replacement of Comer Code TL-312D Specification Description Mower Gearboxes &#8211; Replacement of Comer Code TL-312D Application Mowers Consists of Gearbox Without Oil Technical Information If you have any questions regarding performance at different speeds, please do not hesitate to contact us. When using for the first time, replace the oil after 50 [&hellip;]<\/p>","protected":false},"featured_media":1974,"comment_status":"open","ping_status":"closed","template":"","meta":{"_et_pb_use_builder":"","_et_pb_old_content":"","_et_gb_content_width":""},"product_brand":[],"product_cat":[52],"product_tag":[],"class_list":{"0":"post-1973","1":"product","2":"type-product","3":"status-publish","4":"has-post-thumbnail","6":"product_cat-lawn-mower-gearbox","8":"first","9":"instock","10":"shipping-taxable","11":"product-type-simple"},"_links":{"self":[{"href":"https:\/\/fmp-components.com\/pl\/wp-json\/wp\/v2\/product\/1973","targetHints":{"allow":["GET"]}}],"collection":[{"href":"https:\/\/fmp-components.com\/pl\/wp-json\/wp\/v2\/product"}],"about":[{"href":"https:\/\/fmp-components.com\/pl\/wp-json\/wp\/v2\/types\/product"}],"replies":[{"embeddable":true,"href":"https:\/\/fmp-components.com\/pl\/wp-json\/wp\/v2\/comments?post=1973"}],"wp:featuredmedia":[{"embeddable":true,"href":"https:\/\/fmp-components.com\/pl\/wp-json\/wp\/v2\/media\/1974"}],"wp:attachment":[{"href":"https:\/\/fmp-components.com\/pl\/wp-json\/wp\/v2\/media?parent=1973"}],"wp:term":[{"taxonomy":"product_brand","embeddable":true,"href":"https:\/\/fmp-components.com\/pl\/wp-json\/wp\/v2\/product_brand?post=1973"},{"taxonomy":"product_cat","embeddable":true,"href":"https:\/\/fmp-components.com\/pl\/wp-json\/wp\/v2\/product_cat?post=1973"},{"taxonomy":"product_tag","embeddable":true,"href":"https:\/\/fmp-components.com\/pl\/wp-json\/wp\/v2\/product_tag?post=1973"}],"curies":[{"name":"wp","href":"https:\/\/api.w.org\/{rel}","templated":true}]}}