{"id":1969,"date":"2024-12-26T05:22:40","date_gmt":"2024-12-26T05:22:40","guid":{"rendered":"https:\/\/fmp-components.com\/?page_id=8"},"modified":"2024-12-26T05:33:45","modified_gmt":"2024-12-26T05:33:45","slug":"mowers-gearboxes-replacement-of-comer-code-tl-311d","status":"publish","type":"product","link":"https:\/\/fmp-components.com\/pl\/product\/mowers-gearboxes-replacement-of-comer-code-tl-311d\/","title":{"rendered":"Skrzynie bieg\u00f3w kosiarek \u2013 wymiana kodu Comer TL-311D"},"content":{"rendered":"<p><img loading=\"lazy\" decoding=\"async\" class=\"alignnone size-full wp-image-1971\" src=\"https:\/\/fmp-components.com\/wp-content\/uploads\/2024\/12\/Mowers-Gearboxes-\u2013-Replacement-of-Comer-Code-TL-311D.webp\" alt=\"Skrzynie bieg\u00f3w kosiarek \u2013 wymiana kodu Comer TL-311D\" width=\"1000\" height=\"500\" title=\"\" srcset=\"https:\/\/fmp-components.com\/wp-content\/uploads\/2024\/12\/Mowers-Gearboxes-\u2013-Replacement-of-Comer-Code-TL-311D.webp 1000w, https:\/\/fmp-components.com\/wp-content\/uploads\/2024\/12\/Mowers-Gearboxes-\u2013-Replacement-of-Comer-Code-TL-311D-300x150.webp 300w, https:\/\/fmp-components.com\/wp-content\/uploads\/2024\/12\/Mowers-Gearboxes-\u2013-Replacement-of-Comer-Code-TL-311D-768x384.webp 768w, https:\/\/fmp-components.com\/wp-content\/uploads\/2024\/12\/Mowers-Gearboxes-\u2013-Replacement-of-Comer-Code-TL-311D-18x9.webp 18w, https:\/\/fmp-components.com\/wp-content\/uploads\/2024\/12\/Mowers-Gearboxes-\u2013-Replacement-of-Comer-Code-TL-311D-980x490.webp 980w, https:\/\/fmp-components.com\/wp-content\/uploads\/2024\/12\/Mowers-Gearboxes-\u2013-Replacement-of-Comer-Code-TL-311D-480x240.webp 480w, https:\/\/fmp-components.com\/wp-content\/uploads\/2024\/12\/Mowers-Gearboxes-\u2013-Replacement-of-Comer-Code-TL-311D-600x300.webp 600w\" sizes=\"(max-width: 1000px) 100vw, 1000px\" \/><\/p>\n<h2>Przek\u0142adnie kosiarek \u2013 wymiana specyfikacji Comer Code TL-311D<\/h2>\n<table style=\"width: 100%;\" border=\"1\" width=\"100%\" cellspacing=\"0\" cellpadding=\"0\">\n<tbody>\n<tr>\n<th>Opis<\/th>\n<td>Przek\u0142adnie kosiarek \u2013 wymiana kodu Comer TL-311D<\/td>\n<\/tr>\n<tr>\n<th>Aplikacja<\/th>\n<td>Kosiarki<\/td>\n<\/tr>\n<tr>\n<th>Sk\u0142ada si\u0119 z<\/th>\n<td>Skrzynia bieg\u00f3w<\/td>\n<\/tr>\n<tr>\n<th>Zam\u00f3w olej osobno<\/th>\n<td>Informacje techniczne<\/td>\n<\/tr>\n<tr>\n<th><\/th>\n<td>Wszystkie dane techniczne odpowiadaj\u0105 normom ISO 6335 i ISO 281.<\/td>\n<\/tr>\n<tr>\n<th>Zawiera olej<\/th>\n<td>NIE<\/td>\n<\/tr>\n<tr>\n<th>Maksymalna pojemno\u015b\u0107 oleju<\/th>\n<td>1,2 litra<\/td>\n<\/tr>\n<tr>\n<th>Klasa lepko\u015bci oleju SAE<\/th>\n<td>80W-90<\/td>\n<\/tr>\n<tr>\n<th>Waga<\/th>\n<td>23,5 kg<\/td>\n<\/tr>\n<tr>\n<th>Zwi\u0119kszenie uk\u0142adu przek\u0142adni<\/th>\n<td>27-28<\/td>\n<\/tr>\n<tr>\n<th>Moc wej\u015bciowa kW \/ KM wzrasta<\/th>\n<td>36,8 \/ 50 kW\/KM<\/td>\n<\/tr>\n<tr>\n<th>Zwi\u0119kszanie wa\u0142u wej\u015bciowego<\/th>\n<td>X<\/td>\n<\/tr>\n<tr>\n<th>Moment obrotowy wyj\u015bciowy DaNm wzrasta<\/th>\n<td>21 daNm<\/td>\n<\/tr>\n<tr>\n<th>Wsp\u00f3\u0142czynnik wzrastaj\u0105cy<\/th>\n<td>1 : 3<\/td>\n<\/tr>\n<tr>\n<th>Zmniejszanie wsp\u00f3\u0142czynnika<\/th>\n<td>3 : 1<\/td>\n<\/tr>\n<tr>\n<th>Wa\u0142 X<\/th>\n<td>1 3\/8\u2033 (6) (A)<\/td>\n<\/tr>\n<tr>\n<th>Wa\u0142 Y<\/th>\n<td>1 3\/8\u2033 (6) (A)<\/td>\n<\/tr>\n<tr>\n<th>Wa\u0142 Z<\/th>\n<td>33 (B)<\/td>\n<\/tr>\n<\/tbody>\n<\/table>\n<h2>Wa\u0142 odbioru mocy do skrzyni bieg\u00f3w kosiarki rolniczej<\/h2>\n<p>Wa\u0142 odbioru mocy (WOM) to niezb\u0119dne ogniwo \u0142\u0105cz\u0105ce silnik ci\u0105gnika lub inne \u017ar\u00f3d\u0142a nap\u0119du z przek\u0142adni\u0105 kosiarki rolniczej. Ten element odgrywa kluczow\u0105 rol\u0119 w przekazywaniu mocy mechanicznej na ostrza tn\u0105ce kosiarki, zapewniaj\u0105c wydajn\u0105 i p\u0142ynn\u0105 prac\u0119. W FMP specjalizujemy si\u0119 w dostarczaniu szerokiej gamy wysokiej jako\u015bci wa\u0142\u00f3w WOM, zaprojektowanych tak, aby bezproblemowo wsp\u00f3\u0142pracowa\u0107 z przek\u0142adniami kosiarki, maksymalizuj\u0105c wydajno\u015b\u0107, niezawodno\u015b\u0107 i trwa\u0142o\u015b\u0107.<\/p>\n<h3>G\u0142\u00f3wne cechy wa\u0142\u00f3w odbioru mocy FMP do skrzy\u0144 bieg\u00f3w kosiarek do trawy:<\/h3>\n<h4>Trwa\u0142o\u015b\u0107 i wytrzyma\u0142o\u015b\u0107<\/h4>\n<p>Wa\u0142y odbioru mocy FMP zosta\u0142y zaprojektowane tak, aby sprosta\u0107 trudom ci\u0119\u017ckich prac rolniczych. Wykonane z wysokiej jako\u015bci materia\u0142\u00f3w, w tym stali, wa\u0142y te zosta\u0142y zaprojektowane z my\u015bl\u0105 o d\u0142ugotrwa\u0142ej niezawodno\u015bci. Niezale\u017cnie od tego, czy u\u017cywasz kosiarki rotacyjnej, kosiarki do trawy, czy innego sprz\u0119tu rolniczego, nasze wa\u0142y odbioru mocy charakteryzuj\u0105 si\u0119 minimalnym zu\u017cyciem i wyj\u0105tkow\u0105 trwa\u0142o\u015bci\u0105, nawet w trudnych warunkach.<\/p>\n<h4>Wysoka wydajno\u015b\u0107<\/h4>\n<p>Wa\u0142y odbioru mocy FMP zosta\u0142y zaprojektowane tak, aby zapewni\u0107 optymalne przenoszenie mocy, umo\u017cliwiaj\u0105c ostrzom kosiarki obracanie si\u0119 z idealn\u0105 pr\u0119dko\u015bci\u0105 i momentem obrotowym, co zapewnia efektywne koszenie. Gwarantuje to sta\u0142\u0105 wydajno\u015b\u0107 i wysok\u0105 efektywno\u015b\u0107 koszenia, nawet w trudnych warunkach. Niezale\u017cnie od tego, czy kosisz g\u0119st\u0105 traw\u0119, czy nier\u00f3wny teren, wa\u0142y odbioru mocy FMP pomagaj\u0105 utrzyma\u0107 doskona\u0142e rezultaty koszenia.<\/p>\n<h4>Opcje dostosowywania<\/h4>\n<p>Rozumiemy, \u017ce ka\u017cda operacja jest wyj\u0105tkowa, dlatego oferujemy wa\u0142y WOM, kt\u00f3re mo\u017cna dostosowa\u0107 do indywidualnych potrzeb. Niezale\u017cnie od tego, czy wymagana jest regulacja d\u0142ugo\u015bci, momentu obrotowego, czy rodzaju sprz\u0119g\u0142a, FMP \u015bci\u015ble wsp\u00f3\u0142pracuje z klientami, aby zapewni\u0107 idealne dopasowanie wa\u0142u WOM do Pa\u0144stwa maszyn, gwarantuj\u0105c najwy\u017csz\u0105 wydajno\u015b\u0107 i niezawodno\u015b\u0107.<\/p>\n<h4>Bezpiecze\u0144stwo i \u0142atwo\u015b\u0107 u\u017cytkowania<\/h4>\n<p>Bezpiecze\u0144stwo jest priorytetem w przypadku sprz\u0119tu rolniczego, a wa\u0142y odbioru mocy FMP zosta\u0142y zaprojektowane z wbudowanymi zabezpieczeniami. Nale\u017c\u0105 do nich sprz\u0119g\u0142a jednokierunkowe i mechanizmy roz\u0142\u0105czaj\u0105ce, kt\u00f3re zapobiegaj\u0105 uszkodzeniom podczas roz\u0142\u0105czania wa\u0142u. Ponadto nasze wa\u0142y odbioru mocy s\u0105 \u0142atwe w monta\u017cu i konserwacji, zapewniaj\u0105c operatorom wygod\u0119 i spok\u00f3j ducha.<\/p>\n<h4>Wszechstronno\u015b\u0107<\/h4>\n<p>Wa\u0142y odbioru mocy FMP s\u0105 wszechstronne i kompatybilne z szerok\u0105 gam\u0105 przek\u0142adni kosiarek i innych maszyn rolniczych. Niezale\u017cnie od tego, czy potrzebujesz standardowego wa\u0142u odbioru mocy, czy rozwi\u0105zania zaprojektowanego na zam\u00f3wienie, oferujemy produkty odpowiednie dla ka\u017cdej skali dzia\u0142alno\u015bci, od ma\u0142ych gospodarstw rolnych po du\u017ce zastosowania przemys\u0142owe.<\/p>\n<h4>Op\u0142acalne<\/h4>\n<p>Dostarczaj\u0105c trwa\u0142e i wydajne wa\u0142y WOM, FMP pomaga obni\u017cy\u0107 koszty konserwacji i przestoje. Nasze wa\u0142y WOM zosta\u0142y zaprojektowane z my\u015bl\u0105 o d\u0142ugotrwa\u0142ej wydajno\u015bci, zapewniaj\u0105c p\u0142ynn\u0105 i wydajn\u0105 prac\u0119 sprz\u0119tu, co ostatecznie przek\u0142ada si\u0119 na oszcz\u0119dno\u015bci w kosztach napraw i wymiany. Ponadto, nasze konkurencyjne ceny oferuj\u0105 doskona\u0142\u0105 warto\u015b\u0107 inwestycji.<\/p>\n<h3>Dlaczego warto wybra\u0107 wa\u0142y odbioru mocy FMP do przek\u0142adni kosiarki?<\/h3>\n<ul>\n<li><strong>Zapewnienie jako\u015bci:<\/strong> W firmie FMP zachowujemy najwy\u017csze standardy jako\u015bci w ka\u017cdym produkcie, kt\u00f3ry wytwarzamy, co gwarantuje optymaln\u0105 prac\u0119 wa\u0142u odbioru mocy i jego d\u0142u\u017csz\u0105 \u017cywotno\u015b\u0107.<\/li>\n<li><strong>Dostosowywanie i wsparcie:<\/strong> Oferujemy fachowe doradztwo i rozwi\u0105zania szyte na miar\u0119, aby spe\u0142ni\u0107 specyficzne potrzeby Twoich maszyn i operacji, dzi\u0119ki czemu masz pewno\u015b\u0107, \u017ce otrzymasz dok\u0142adnie to, czego potrzebujesz.<\/li>\n<li><strong>Zasi\u0119g globalny:<\/strong> Firma FMP obs\u0142uguje klient\u00f3w w niemal 30 krajach i cieszy si\u0119 ugruntowan\u0105 reputacj\u0105 dostawcy wydajnych i niezawodnych podzespo\u0142\u00f3w dla sektora rolniczego.<\/li>\n<\/ul>\n<p>Aby uzyska\u0107 wi\u0119cej informacji lub zapyta\u0107 o niestandardowe wa\u0142y WOM do przek\u0142adni kosiarki rolniczej, skontaktuj si\u0119 z FMP ju\u017c dzi\u015b. Zale\u017cy nam na dostarczaniu najlepszych rozwi\u0105za\u0144 dla Twoich maszyn, gwarantuj\u0105c wydajno\u015b\u0107 i niezawodno\u015b\u0107 Twojej dzia\u0142alno\u015bci.<\/p>\n<p><img loading=\"lazy\" decoding=\"async\" class=\"alignnone size-full wp-image-1873\" src=\"https:\/\/fmp-components.com\/wp-content\/uploads\/2024\/12\/PTO-Shaft-for-Rotary-Mower-Gearboxes-15.webp\" sizes=\"(min-width: 0px) and (max-width: 480px) 480px, (min-width: 481px) and (max-width: 980px) 980px, (min-width: 981px) 1000px, 100vw\" srcset=\"https:\/\/fmp-components.com\/wp-content\/uploads\/2024\/12\/PTO-Shaft-for-Rotary-Mower-Gearboxes-15.webp 1000w, https:\/\/fmp-components.com\/wp-content\/uploads\/2024\/12\/PTO-Shaft-for-Rotary-Mower-Gearboxes-15-980x980.webp 980w, https:\/\/fmp-components.com\/wp-content\/uploads\/2024\/12\/PTO-Shaft-for-Rotary-Mower-Gearboxes-15-480x480.webp 480w\" alt=\"Wa\u0142 odbioru mocy do skrzy\u0144 bieg\u00f3w kosiarki rotacyjnej 15\" width=\"1000\" height=\"1000\" title=\"\"><\/p>\n<h3>O FMP<\/h3>\n<p>Firma FMP z siedzib\u0105 we W\u0142oszech jest wiod\u0105cym producentem specjalizuj\u0105cym si\u0119 w projektowaniu, rozwoju i produkcji wysokowydajnych przek\u0142adni do maszyn rolniczych. Naszym celem jest dostarczanie precyzyjnych rozwi\u0105za\u0144, k\u0142ad\u0105c nacisk na jako\u015b\u0107, innowacyjno\u015b\u0107 i niezawodno\u015b\u0107. Nasze bogate portfolio produkt\u00f3w obejmuje szerok\u0105 gam\u0119 przek\u0142adni, takich jak przek\u0142adnie do kosiarek, oraz niezb\u0119dne komponenty, takie jak wa\u0142y odbioru mocy (WOM). Misj\u0105 FMP jest dostarczanie rozwi\u0105za\u0144 dostosowanych do indywidualnych potrzeb sektora rolniczego i przemys\u0142owego, oferuj\u0105c zar\u00f3wno pojedyncze produkty, jak i w pe\u0142ni zintegrowane systemy.<\/p>\n<p>W FMP rozumiemy, \u017ce ka\u017cdy klient ma unikalne wymagania. Dlatego nasz\u0105 si\u0142\u0105 jest oferowanie produkt\u00f3w szytych na miar\u0119, idealnie dopasowanych do tych potrzeb. Niezale\u017cnie od tego, czy potrzebujesz specjalistycznej skrzyni bieg\u00f3w, czy kompletnego systemu, \u015bci\u015ble wsp\u00f3\u0142pracujemy z Tob\u0105, aby zapewni\u0107 najbardziej efektywne i wydajne rozwi\u0105zanie. Nasze zaanga\u017cowanie w zadowolenie klienta przejawia si\u0119 w szybkich, profesjonalnych odpowiedziach i fachowym doradztwie, dzi\u0119ki czemu ka\u017cde zapytanie jest rozpatrywane z dba\u0142o\u015bci\u0105 i precyzj\u0105.<\/p>\n<p>Wierzymy w otwart\u0105 i ci\u0105g\u0142\u0105 komunikacj\u0119 z naszymi klientami, szczeg\u00f3lnie w zakresie rozwoju nowych produkt\u00f3w. Nasz zaanga\u017cowany zesp\u00f3\u0142 \u015bci\u015ble wsp\u00f3\u0142pracuje z klientami, aby zrozumie\u0107 ich specyficzne wyzwania, oferuj\u0105c cenne spostrze\u017cenia i porady w celu stworzenia optymalnych rozwi\u0105za\u0144. Od rozwoju nowych produkt\u00f3w po realizacj\u0119 istniej\u0105cych zam\u00f3wie\u0144, dok\u0142adamy wszelkich stara\u0144, aby dostarcza\u0107 produkty wysokiej jako\u015bci, szybko i precyzyjnie.<\/p>\n<p>Podstaw\u0105 dzia\u0142alno\u015bci FMP jest nieustanna dba\u0142o\u015b\u0107 o jako\u015b\u0107. Nasze procesy produkcyjne spe\u0142niaj\u0105 surowe zasady wysokich standard\u00f3w, precyzji i zerowej liczby defekt\u00f3w. Wdra\u017camy rygorystyczne \u015brodki kontroli jako\u015bci, aby zapewni\u0107, \u017ce ka\u017cdy produkt przewy\u017csza standardy bran\u017cowe. To niez\u0142omne zaanga\u017cowanie w jako\u015b\u0107, w po\u0142\u0105czeniu z naszymi warto\u015bciami, takimi jak uczciwo\u015b\u0107, praca zespo\u0142owa i wytrwa\u0142o\u015b\u0107, pozwoli\u0142o nam zbudowa\u0107 trwa\u0142e i znacz\u0105ce partnerstwa z klientami w prawie 30 krajach na ca\u0142ym \u015bwiecie.<\/p>\n<p>FMP jest zawsze otwarta na globalne partnerstwa i oferuje fachowe doradztwo oraz rozwi\u0105zania dostosowane do indywidualnych potrzeb. Wierzymy w budowanie d\u0142ugoterminowych relacji z naszymi klientami, zapewniaj\u0105c im sukces i satysfakcj\u0119 z ka\u017cdego projektu. Niezale\u017cnie od tego, czy potrzebujesz rozwi\u0105za\u0144 dla nowego projektu, czy wsparcia dla istniej\u0105cego systemu, FMP z zaanga\u017cowaniem pomo\u017ce Ci rozwi\u0105za\u0107 Twoje problemy techniczne i zapewni\u0107 Ci ci\u0105g\u0142y sukces.<\/p>\n<p><img loading=\"lazy\" decoding=\"async\" class=\"alignnone size-full wp-image-1861\" src=\"https:\/\/fmp-components.com\/wp-content\/uploads\/2024\/12\/Other-Agricultural-Gearboxes.webp\" sizes=\"(min-width: 0px) and (max-width: 480px) 480px, (min-width: 481px) and (max-width: 980px) 980px, (min-width: 981px) 1200px, 100vw\" srcset=\"https:\/\/fmp-components.com\/wp-content\/uploads\/2024\/12\/Other-Agricultural-Gearboxes.webp 1200w, https:\/\/fmp-components.com\/wp-content\/uploads\/2024\/12\/Other-Agricultural-Gearboxes-980x1143.webp 980w, https:\/\/fmp-components.com\/wp-content\/uploads\/2024\/12\/Other-Agricultural-Gearboxes-480x560.webp 480w\" alt=\"Inne zmiany rolnicze\" width=\"1200\" height=\"1400\" title=\"\"><\/p>\n<p>Autor: CX<\/p>","protected":false},"excerpt":{"rendered":"<p>Mowers Gearboxes \u2013 Replacement of Comer Code TL-311D Specification Description Mowers Gearboxes &#8211; Replacement of Comer Code TL-311D Application Mowers Consists of Gearbox Order Oil Separately Technical Information All technical data corresponds to ISO 6335 and ISO 281. Contains Oil No Max. Oil Capacity 1.2 l Oil SAE Viscosity Grade 80W-90 Weight 23.5 kg Gear [&hellip;]<\/p>","protected":false},"featured_media":1972,"comment_status":"open","ping_status":"closed","template":"","meta":{"_et_pb_use_builder":"","_et_pb_old_content":"","_et_gb_content_width":""},"product_brand":[],"product_cat":[52],"product_tag":[],"class_list":{"0":"post-1969","1":"product","2":"type-product","3":"status-publish","4":"has-post-thumbnail","6":"product_cat-lawn-mower-gearbox","8":"first","9":"instock","10":"shipping-taxable","11":"product-type-simple"},"_links":{"self":[{"href":"https:\/\/fmp-components.com\/pl\/wp-json\/wp\/v2\/product\/1969","targetHints":{"allow":["GET"]}}],"collection":[{"href":"https:\/\/fmp-components.com\/pl\/wp-json\/wp\/v2\/product"}],"about":[{"href":"https:\/\/fmp-components.com\/pl\/wp-json\/wp\/v2\/types\/product"}],"replies":[{"embeddable":true,"href":"https:\/\/fmp-components.com\/pl\/wp-json\/wp\/v2\/comments?post=1969"}],"wp:featuredmedia":[{"embeddable":true,"href":"https:\/\/fmp-components.com\/pl\/wp-json\/wp\/v2\/media\/1972"}],"wp:attachment":[{"href":"https:\/\/fmp-components.com\/pl\/wp-json\/wp\/v2\/media?parent=1969"}],"wp:term":[{"taxonomy":"product_brand","embeddable":true,"href":"https:\/\/fmp-components.com\/pl\/wp-json\/wp\/v2\/product_brand?post=1969"},{"taxonomy":"product_cat","embeddable":true,"href":"https:\/\/fmp-components.com\/pl\/wp-json\/wp\/v2\/product_cat?post=1969"},{"taxonomy":"product_tag","embeddable":true,"href":"https:\/\/fmp-components.com\/pl\/wp-json\/wp\/v2\/product_tag?post=1969"}],"curies":[{"name":"wp","href":"https:\/\/api.w.org\/{rel}","templated":true}]}}