{"id":1962,"date":"2024-12-26T03:46:41","date_gmt":"2024-12-26T03:46:41","guid":{"rendered":"https:\/\/fmp-components.com\/?page_id=8"},"modified":"2024-12-26T03:48:03","modified_gmt":"2024-12-26T03:48:03","slug":"agricultural-lawn-mower-gearbox-fmp-lf211","status":"publish","type":"product","link":"https:\/\/fmp-components.com\/pl\/product\/agricultural-lawn-mower-gearbox-fmp-lf211\/","title":{"rendered":"Skrzynia bieg\u00f3w kosiarki rolniczej FMP-LF211"},"content":{"rendered":"<h2>Specyfikacja skrzyni bieg\u00f3w kosiarki rolniczej FMP-LF211:<\/h2>\n<p>&nbsp;<\/p>\n<p><img loading=\"lazy\" decoding=\"async\" class=\"alignnone size-full wp-image-1963\" src=\"https:\/\/fmp-components.com\/wp-content\/uploads\/2024\/12\/Lawn-Mower-Gearbox-2.webp\" alt=\"Skrzynia bieg\u00f3w kosiarki\" width=\"1000\" height=\"500\" title=\"\" srcset=\"https:\/\/fmp-components.com\/wp-content\/uploads\/2024\/12\/Lawn-Mower-Gearbox-2.webp 1000w, https:\/\/fmp-components.com\/wp-content\/uploads\/2024\/12\/Lawn-Mower-Gearbox-2-980x490.webp 980w, https:\/\/fmp-components.com\/wp-content\/uploads\/2024\/12\/Lawn-Mower-Gearbox-2-480x240.webp 480w\" sizes=\"(min-width: 0px) and (max-width: 480px) 480px, (min-width: 481px) and (max-width: 980px) 980px, (min-width: 981px) 1000px, 100vw\" \/><\/p>\n<table style=\"width: 102.595%; height: 206px;\" border=\"1\">\n<tbody>\n<tr>\n<td style=\"width: 32.2105%;\"><strong>PRZEDMIOT<\/strong><\/td>\n<td style=\"width: 67.0526%;\">FMP-LF211<\/td>\n<\/tr>\n<tr>\n<td style=\"width: 32.2105%;\"><strong>Stosunek<\/strong><\/td>\n<td style=\"width: 67.0526%;\">1:2.83<\/td>\n<\/tr>\n<tr>\n<td style=\"width: 32.2105%;\"><strong>Z\u0119by<\/strong><\/td>\n<td style=\"width: 67.0526%;\">34\/12<\/td>\n<\/tr>\n<tr>\n<td style=\"width: 32.2105%;\"><strong>Modu\u0142<\/strong><\/td>\n<td style=\"width: 67.0526%;\">3.36<\/td>\n<\/tr>\n<tr>\n<td style=\"width: 32.2105%;\"><strong>Moc (KM)<\/strong><\/td>\n<td style=\"width: 67.0526%;\">20<\/td>\n<\/tr>\n<tr>\n<td style=\"width: 32.2105%;\"><strong>Znamionowe wej\u015bcie<\/strong><\/td>\n<td style=\"width: 67.0526%;\">540 obr.\/min<\/td>\n<\/tr>\n<tr>\n<td style=\"width: 32.2105%;\"><strong>Opis wej\u015bcia\/wyj\u015bcia<\/strong><\/td>\n<td style=\"width: 67.0526%;\">1-3\/8 Z6 O\u015b optyczna<\/td>\n<\/tr>\n<tr>\n<td style=\"width: 32.2105%;\"><strong>Waga (NW)<\/strong><\/td>\n<td style=\"width: 67.0526%;\">14,5 kg<\/td>\n<\/tr>\n<\/tbody>\n<\/table>\n<h2>Wa\u0142 odbioru mocy do skrzyni bieg\u00f3w kosiarki rolniczej<\/h2>\n<p>Wa\u0142 odbioru mocy (WOM) to kluczowy element \u0142\u0105cz\u0105cy ci\u0105gnik lub inne \u017ar\u00f3d\u0142o zasilania z przek\u0142adni\u0105 kosiarki rolniczej. Odgrywa on istotn\u0105 rol\u0119 w przenoszeniu mocy mechanicznej z silnika ci\u0105gnika na ostrza tn\u0105ce kosiarki, umo\u017cliwiaj\u0105c wydajn\u0105 prac\u0119. W FMP oferujemy szeroki wyb\u00f3r wysokiej jako\u015bci wa\u0142\u00f3w WOM, kt\u00f3re zosta\u0142y zaprojektowane tak, aby bezproblemowo wsp\u00f3\u0142pracowa\u0107 z przek\u0142adniami kosiarek rolniczych, zapewniaj\u0105c optymaln\u0105 wydajno\u015b\u0107 i niezawodno\u015b\u0107.<\/p>\n<h3>G\u0142\u00f3wne cechy wa\u0142\u00f3w odbioru mocy FMP do skrzy\u0144 bieg\u00f3w kosiarek do trawy:<\/h3>\n<ol>\n<li><strong>Trwa\u0142o\u015b\u0107 i wytrzyma\u0142o\u015b\u0107<\/strong><br \/>\nWa\u0142y odbioru mocy FMP s\u0105 trwa\u0142e i wykonane z wysokiej jako\u015bci materia\u0142\u00f3w, takich jak stal, aby sprosta\u0107 napr\u0119\u017ceniom wyst\u0119puj\u0105cym podczas intensywnych prac rolniczych. Niezale\u017cnie od tego, czy s\u0105 stosowane w kosiarkach rotacyjnych, kosiarkach do trawy, czy innym sprz\u0119cie rolniczym, nasze wa\u0142y odbioru mocy zapewniaj\u0105 d\u0142ugotrwa\u0142\u0105 niezawodno\u015b\u0107 i minimalne zu\u017cycie.<\/li>\n<li><strong>Wysoka wydajno\u015b\u0107<\/strong><br \/>\nNasze wa\u0142y odbioru mocy (WOM) zosta\u0142y zaprojektowane z my\u015bl\u0105 o efektywnym przenoszeniu mocy, zapewniaj\u0105c odpowiedni\u0105 pr\u0119dko\u015b\u0107 obrotow\u0105 i moment obrotowy ostrzy kosiarki, co przek\u0142ada si\u0119 na efektywne koszenie. Ta sta\u0142a wydajno\u015b\u0107 jest niezb\u0119dna do uzyskania optymalnych rezultat\u00f3w koszenia, nawet w trudnych warunkach.<\/li>\n<li><strong>Opcje dostosowywania<\/strong><br \/>\nW FMP rozumiemy, \u017ce r\u00f3\u017cne zastosowania wymagaj\u0105 r\u00f3\u017cnych rozwi\u0105za\u0144. Oferujemy niestandardowe wa\u0142y odbioru mocy (WOM), dostosowane do konkretnych potrzeb, w tym do regulacji d\u0142ugo\u015bci, momentu obrotowego i rodzaju sprz\u0119g\u0142a. Nasz zesp\u00f3\u0142 \u015bci\u015ble wsp\u00f3\u0142pracuje z klientami, aby zapewni\u0107 idealne dopasowanie wa\u0142u WOM do ich sprz\u0119tu, zapewniaj\u0105c maksymaln\u0105 wydajno\u015b\u0107.<\/li>\n<li><strong>Bezpiecze\u0144stwo i \u0142atwo\u015b\u0107 u\u017cytkowania<\/strong><br \/>\nBezpiecze\u0144stwo jest priorytetem w sprz\u0119cie rolniczym. Wa\u0142y odbioru mocy FMP zosta\u0142y zaprojektowane z my\u015bl\u0105 o bezpiecze\u0144stwie, w tym ze sprz\u0119g\u0142ami najazdowymi i innymi mechanizmami zapobiegaj\u0105cymi uszkodzeniom podczas roz\u0142\u0105czania wa\u0142u odbioru mocy. S\u0105 one r\u00f3wnie\u017c \u0142atwe w monta\u017cu i konserwacji, zapewniaj\u0105c operatorom wygod\u0119 u\u017cytkowania.<\/li>\n<li><strong>Wszechstronno\u015b\u0107<\/strong><br \/>\nNasze wa\u0142y WOM s\u0105 kompatybilne z szerok\u0105 gam\u0105 przek\u0142adni kosiarek i maszyn rolniczych. Niezale\u017cnie od tego, czy szukasz standardowego wa\u0142u WOM, czy rozwi\u0105zania dostosowanego do indywidualnych potrzeb, FMP oferuje produkty odpowiednie do r\u00f3\u017cnych modeli kosiarek, od ma\u0142ych gospodarstw po du\u017ce zastosowania przemys\u0142owe.<\/li>\n<li><strong>Op\u0142acalne<\/strong><br \/>\nOferuj\u0105c trwa\u0142e i wydajne wa\u0142y WOM, FMP pomaga skr\u00f3ci\u0107 przestoje i koszty napraw, zapewniaj\u0105c p\u0142ynn\u0105 i wydajn\u0105 prac\u0119 sprz\u0119tu rolniczego. Nasze konkurencyjne ceny gwarantuj\u0105 najlepsz\u0105 inwestycj\u0119.<\/li>\n<\/ol>\n<h3>Dlaczego warto wybra\u0107 wa\u0142y odbioru mocy FMP do przek\u0142adni kosiarki?<\/h3>\n<ul>\n<li><strong>Zapewnienie jako\u015bci:<\/strong> Firma FMP dba o utrzymanie najwy\u017cszych standard\u00f3w jako\u015bci w ka\u017cdym produkowanym przez siebie produkcie, co gwarantuje optymaln\u0105 prac\u0119 wa\u0142u odbioru mocy przez d\u0142ugi czas.<\/li>\n<li><strong>Dostosowywanie i wsparcie:<\/strong> Oferujemy fachowe doradztwo i rozwi\u0105zania dostosowane do indywidualnych potrzeb Twoich maszyn i operacji.<\/li>\n<li><strong>Zasi\u0119g globalny:<\/strong> Firma FMP obs\u0142uguje klient\u00f3w w niemal 30 krajach i cieszy si\u0119 opini\u0105 dostawcy niezawodnych i wydajnych podzespo\u0142\u00f3w dla sektora rolniczego.<\/li>\n<\/ul>\n<p>Aby uzyska\u0107 wi\u0119cej informacji lub zapyta\u0107 o niestandardowe wa\u0142y WOM do przek\u0142adni kosiarki rolniczej, skontaktuj si\u0119 z FMP ju\u017c dzi\u015b. Zale\u017cy nam na dostarczaniu najlepszych rozwi\u0105za\u0144 dla Twoich maszyn, gwarantuj\u0105c niezawodno\u015b\u0107 i wydajno\u015b\u0107 Twojej dzia\u0142alno\u015bci.<\/p>\n<table style=\"width: 100%;\" border=\"1\" width=\"100%\" cellspacing=\"0\" cellpadding=\"0\">\n<tbody>\n<tr>\n<td width=\"110\"><img loading=\"lazy\" decoding=\"async\" class=\"alignnone size-full wp-image-1872\" src=\"https:\/\/fmp-components.com\/wp-content\/uploads\/2024\/12\/PTO-Shaft-for-Rotary-Mower-Gearboxes-16.webp\" alt=\"Wa\u0142 odbioru mocy do skrzy\u0144 bieg\u00f3w kosiarki rotacyjnej 16\" width=\"1000\" height=\"1000\" title=\"\" srcset=\"https:\/\/fmp-components.com\/wp-content\/uploads\/2024\/12\/PTO-Shaft-for-Rotary-Mower-Gearboxes-16.webp 1000w, https:\/\/fmp-components.com\/wp-content\/uploads\/2024\/12\/PTO-Shaft-for-Rotary-Mower-Gearboxes-16-980x980.webp 980w, https:\/\/fmp-components.com\/wp-content\/uploads\/2024\/12\/PTO-Shaft-for-Rotary-Mower-Gearboxes-16-480x480.webp 480w\" sizes=\"(min-width: 0px) and (max-width: 480px) 480px, (min-width: 481px) and (max-width: 980px) 980px, (min-width: 981px) 1000px, 100vw\" \/><\/td>\n<td width=\"98\"><img loading=\"lazy\" decoding=\"async\" class=\"alignnone size-full wp-image-1873\" src=\"https:\/\/fmp-components.com\/wp-content\/uploads\/2024\/12\/PTO-Shaft-for-Rotary-Mower-Gearboxes-15.webp\" alt=\"Wa\u0142 odbioru mocy do skrzy\u0144 bieg\u00f3w kosiarki rotacyjnej 15\" width=\"1000\" height=\"1000\" title=\"\" srcset=\"https:\/\/fmp-components.com\/wp-content\/uploads\/2024\/12\/PTO-Shaft-for-Rotary-Mower-Gearboxes-15.webp 1000w, https:\/\/fmp-components.com\/wp-content\/uploads\/2024\/12\/PTO-Shaft-for-Rotary-Mower-Gearboxes-15-980x980.webp 980w, https:\/\/fmp-components.com\/wp-content\/uploads\/2024\/12\/PTO-Shaft-for-Rotary-Mower-Gearboxes-15-480x480.webp 480w\" sizes=\"(min-width: 0px) and (max-width: 480px) 480px, (min-width: 481px) and (max-width: 980px) 980px, (min-width: 981px) 1000px, 100vw\" \/><\/td>\n<\/tr>\n<\/tbody>\n<\/table>\n<h3>O FMP<\/h3>\n<p>FMP to wiod\u0105cy producent skrzy\u0144 bieg\u00f3w z siedzib\u0105 we W\u0142oszech, specjalizuj\u0105cy si\u0119 w projektowaniu, rozwoju i produkcji wysokowydajnych skrzy\u0144 bieg\u00f3w do maszyn rolniczych. K\u0142ad\u0105c nacisk na jako\u015b\u0107, precyzj\u0119 i innowacyjno\u015b\u0107, oferujemy szerok\u0105 gam\u0119 skrzy\u0144 bieg\u00f3w, w tym skrzynie bieg\u00f3w do kosiarek, a tak\u017ce niezb\u0119dne komponenty, takie jak wa\u0142y odbioru mocy (WOM). Nasz\u0105 misj\u0105 jest dostarczanie rozwi\u0105za\u0144 dostosowanych do potrzeb sektora rolniczego i przemys\u0142owego, odpowiadaj\u0105c na indywidualne potrzeby naszych klient\u00f3w, zar\u00f3wno poprzez pojedyncze produkty, jak i w pe\u0142ni zintegrowane systemy.<\/p>\n<p>W FMP zdajemy sobie spraw\u0119, \u017ce ka\u017cdy klient ma specyficzne wymagania. Nasz\u0105 si\u0142\u0105 jest umiej\u0119tno\u015b\u0107 dostosowywania rozwi\u0105za\u0144 do tych zr\u00f3\u017cnicowanych potrzeb. Niezale\u017cnie od tego, czy potrzebujesz konkretnego typu skrzyni bieg\u00f3w, czy kompletnego systemu, \u015bci\u015ble wsp\u00f3\u0142pracujemy z Tob\u0105, aby zapewni\u0107 Ci najbardziej efektywny i wydajny produkt. Nasze zaanga\u017cowanie w zadowolenie klienta znajduje odzwierciedlenie w naszym responsywnym i profesjonalnym podej\u015bciu, gwarantuj\u0105cym fachowe doradztwo i wsparcie w ka\u017cdym zapytaniu.<\/p>\n<p>Priorytetem jest dla nas otwarta i ci\u0105g\u0142a komunikacja z naszymi klientami, szczeg\u00f3lnie w obszarze rozwoju nowych produkt\u00f3w. Nasz zesp\u00f3\u0142 \u015bci\u015ble wsp\u00f3\u0142pracuje z klientami, aby zrozumie\u0107 ich wyzwania, oferuj\u0105c cenne spostrze\u017cenia i porady w celu stworzenia optymalnych rozwi\u0105za\u0144. Niezale\u017cnie od tego, czy opracowujemy nowe produkty, czy realizujemy istniej\u0105ce zam\u00f3wienia, dok\u0142adamy wszelkich stara\u0144, aby dostarcza\u0107 produkty najwy\u017cszej jako\u015bci, szybko i precyzyjnie.<\/p>\n<p>Jako\u015b\u0107 jest podstaw\u0105 wszystkiego, co robimy. Nasz proces produkcyjny jest zgodny z zasadami \u201ewysokich standard\u00f3w, wysokiej precyzji i zerowej liczby defekt\u00f3w\u201d. Wdra\u017camy rygorystyczne protoko\u0142y kontroli jako\u015bci, aby zapewni\u0107, \u017ce ka\u017cdy nasz produkt przekracza standardy bran\u017cowe. To nieustanne skupienie na jako\u015bci, w po\u0142\u0105czeniu z naszymi warto\u015bciami pracy zespo\u0142owej, uczciwo\u015bci i wytrwa\u0142o\u015bci, pomog\u0142o nam zbudowa\u0107 silne i trwa\u0142e relacje z klientami w prawie 30 krajach na ca\u0142ym \u015bwiecie.<\/p>\n<p>FMP ch\u0119tnie wsp\u00f3\u0142pracuje na ca\u0142ym \u015bwiecie i zawsze ch\u0119tnie oferuje fachowe doradztwo oraz spersonalizowane rozwi\u0105zania. Nasze podej\u015bcie wykracza poza dostarczanie produkt\u00f3w; koncentrujemy si\u0119 na budowaniu d\u0142ugoterminowych partnerstw, kt\u00f3re przyczyniaj\u0105 si\u0119 do wsp\u00f3lnego sukcesu. Niezale\u017cnie od tego, czy szukasz rozwi\u0105za\u0144 dla nowych projekt\u00f3w, czy dla istniej\u0105cych potrzeb, FMP jest zaanga\u017cowane we wspieranie Twoich wyzwa\u0144 technicznych i zapewnienie Ci ci\u0105g\u0142ego sukcesu.<\/p>\n<p><img loading=\"lazy\" decoding=\"async\" class=\"alignnone size-full wp-image-1861\" src=\"https:\/\/fmp-components.com\/wp-content\/uploads\/2024\/12\/Other-Agricultural-Gearboxes.webp\" sizes=\"(min-width: 0px) and (max-width: 480px) 480px, (min-width: 481px) and (max-width: 980px) 980px, (min-width: 981px) 1200px, 100vw\" srcset=\"https:\/\/fmp-components.com\/wp-content\/uploads\/2024\/12\/Other-Agricultural-Gearboxes.webp 1200w, https:\/\/fmp-components.com\/wp-content\/uploads\/2024\/12\/Other-Agricultural-Gearboxes-980x1143.webp 980w, https:\/\/fmp-components.com\/wp-content\/uploads\/2024\/12\/Other-Agricultural-Gearboxes-480x560.webp 480w\" alt=\"Inne zmiany rolnicze\" width=\"1200\" height=\"1400\" title=\"\"><\/p>\n<p>Autor: CX<\/p>","protected":false},"excerpt":{"rendered":"<p>Agricultural Lawn Mower Gearbox FMP-LF211 Specifications: &nbsp; ITEM FMP-LF211 Ratio 1:2.83 Teeth 34\/12 Module 3.36 Power(HP) 20 Rated Input 540rpm Input\/Output Description 1-3\/8 Z6 Optic axis Weight(N.W) 14.5KG PTO Shaft for Agricultural Lawn Mower Gearbox A PTO (Power Take-Off) shaft is a crucial component in connecting a tractor or other power source to an agricultural [&hellip;]<\/p>","protected":false},"featured_media":1965,"comment_status":"open","ping_status":"closed","template":"","meta":{"_et_pb_use_builder":"","_et_pb_old_content":"","_et_gb_content_width":""},"product_brand":[],"product_cat":[52],"product_tag":[],"class_list":{"0":"post-1962","1":"product","2":"type-product","3":"status-publish","4":"has-post-thumbnail","6":"product_cat-lawn-mower-gearbox","8":"first","9":"instock","10":"shipping-taxable","11":"product-type-simple"},"_links":{"self":[{"href":"https:\/\/fmp-components.com\/pl\/wp-json\/wp\/v2\/product\/1962","targetHints":{"allow":["GET"]}}],"collection":[{"href":"https:\/\/fmp-components.com\/pl\/wp-json\/wp\/v2\/product"}],"about":[{"href":"https:\/\/fmp-components.com\/pl\/wp-json\/wp\/v2\/types\/product"}],"replies":[{"embeddable":true,"href":"https:\/\/fmp-components.com\/pl\/wp-json\/wp\/v2\/comments?post=1962"}],"wp:featuredmedia":[{"embeddable":true,"href":"https:\/\/fmp-components.com\/pl\/wp-json\/wp\/v2\/media\/1965"}],"wp:attachment":[{"href":"https:\/\/fmp-components.com\/pl\/wp-json\/wp\/v2\/media?parent=1962"}],"wp:term":[{"taxonomy":"product_brand","embeddable":true,"href":"https:\/\/fmp-components.com\/pl\/wp-json\/wp\/v2\/product_brand?post=1962"},{"taxonomy":"product_cat","embeddable":true,"href":"https:\/\/fmp-components.com\/pl\/wp-json\/wp\/v2\/product_cat?post=1962"},{"taxonomy":"product_tag","embeddable":true,"href":"https:\/\/fmp-components.com\/pl\/wp-json\/wp\/v2\/product_tag?post=1962"}],"curies":[{"name":"wp","href":"https:\/\/api.w.org\/{rel}","templated":true}]}}