{"id":1956,"date":"2024-12-26T03:32:54","date_gmt":"2024-12-26T03:32:54","guid":{"rendered":"https:\/\/fmp-components.com\/?page_id=8"},"modified":"2024-12-26T03:46:48","modified_gmt":"2024-12-26T03:46:48","slug":"agricultural-lawnmower-gearbox-fmp-lf205","status":"publish","type":"product","link":"https:\/\/fmp-components.com\/pl\/product\/agricultural-lawnmower-gearbox-fmp-lf205\/","title":{"rendered":"Skrzynia bieg\u00f3w kosiarki rolniczej FMP-LF205"},"content":{"rendered":"<h2>Specyfikacja skrzyni bieg\u00f3w kosiarki rolniczej:<\/h2>\n<p><img loading=\"lazy\" decoding=\"async\" class=\"alignnone size-full wp-image-1959\" src=\"https:\/\/fmp-components.com\/wp-content\/uploads\/2024\/12\/FMP_agricultural-gearbox-1.webp\" alt=\"FMP_przek\u0142adnia-rolnicza-1\" width=\"1000\" height=\"500\" title=\"\" srcset=\"https:\/\/fmp-components.com\/wp-content\/uploads\/2024\/12\/FMP_agricultural-gearbox-1.webp 1000w, https:\/\/fmp-components.com\/wp-content\/uploads\/2024\/12\/FMP_agricultural-gearbox-1-980x490.webp 980w, https:\/\/fmp-components.com\/wp-content\/uploads\/2024\/12\/FMP_agricultural-gearbox-1-480x240.webp 480w\" sizes=\"(min-width: 0px) and (max-width: 480px) 480px, (min-width: 481px) and (max-width: 980px) 980px, (min-width: 981px) 1000px, 100vw\" \/><\/p>\n<table style=\"width: 100.31%; height: 347px;\" border=\"1\">\n<tbody>\n<tr>\n<td style=\"width: 30.4957%;\"><strong>PRZEDMIOT<\/strong><\/td>\n<td style=\"width: 68.8578%;\">FMP-LF205<\/td>\n<\/tr>\n<tr>\n<td style=\"width: 30.4957%;\"><strong>Stosunek<\/strong><\/td>\n<td style=\"width: 68.8578%;\">1:1.93\/1:1.46<\/td>\n<\/tr>\n<tr>\n<td style=\"width: 30.4957%;\"><strong>Z\u0119by<\/strong><\/td>\n<td style=\"width: 68.8578%;\">23\/12 22\/15<\/td>\n<\/tr>\n<tr>\n<td style=\"width: 30.4957%;\"><strong>Modu\u0142<\/strong><\/td>\n<td style=\"width: 68.8578%;\">5.0 \/ 5.0<\/td>\n<\/tr>\n<tr>\n<td style=\"width: 30.4957%;\"><strong>Moc (KM)<\/strong><\/td>\n<td style=\"width: 68.8578%;\">30<\/td>\n<\/tr>\n<tr>\n<td style=\"width: 30.4957%;\"><strong>Znamionowe wej\u015bcie<\/strong><\/td>\n<td style=\"width: 68.8578%;\">540 obr.\/min<\/td>\n<\/tr>\n<tr>\n<td style=\"width: 30.4957%;\"><strong>Opis wej\u015bcia\/wyj\u015bcia<\/strong><\/td>\n<td style=\"width: 68.8578%;\">O\u015b optyczna 1-3\/8 Z6<\/p>\n<p>Sto\u017ckowy wielowypust<\/td>\n<\/tr>\n<tr>\n<td style=\"width: 30.4957%;\"><strong>Waga (NW)<\/strong><\/td>\n<td style=\"width: 68.8578%;\">19 kg<\/td>\n<\/tr>\n<\/tbody>\n<\/table>\n<h2>Pasuje do nast\u0119puj\u0105cych marek i modeli<\/h2>\n<p>Wymiana kosiarki wyka\u0144czaj\u0105cej Comer: LF-205-J<\/p>\n<div class=\"rNotes\"><strong>Odno\u015bniki krzy\u017cowe:<\/strong><\/div>\n<p><strong>Zast\u0119puje:<\/strong>\u00a0PRZYBYSZ<strong><br \/>\n<\/strong>U9.135.808.10, U9.205.808.00 , U913580810 , 9.135.029.00 , 913502900<\/p>\n<h3>Cechy skrzyni bieg\u00f3w kosiarki rolniczej<\/h3>\n<p>Przek\u0142adnie kosiarek rolniczych to niezb\u0119dne elementy, kt\u00f3re umo\u017cliwiaj\u0105 kosiarkom rotacyjnym efektywne koszenie trawy, chwast\u00f3w i innych ro\u015blin. Przek\u0142adnie te zosta\u0142y zaprojektowane tak, aby sprosta\u0107 surowym wymaganiom stawianym przez rolnictwo, zapewniaj\u0105c p\u0142ynn\u0105 i wydajn\u0105 prac\u0119. Poni\u017cej przedstawiono kluczowe cechy przek\u0142adni kosiarek rolniczych:<\/p>\n<h4>Wydajne przenoszenie mocy<\/h4>\n<p>Przek\u0142adnia w kosiarce odgrywa kluczow\u0105 rol\u0119 w przenoszeniu mocy z silnika ci\u0105gnika na ostrza kosiarki. Zapewnia optymaln\u0105 pr\u0119dko\u015b\u0107 obrotow\u0105 i moment obrotowy ostrzy, umo\u017cliwiaj\u0105c wydajne koszenie nawet g\u0119stej lub wysokiej trawy. Prawid\u0142owe przeniesienie mocy pomaga utrzyma\u0107 sta\u0142\u0105 wydajno\u015b\u0107 koszenia, zmniejszaj\u0105c obci\u0105\u017cenie silnika i poprawiaj\u0105c og\u00f3ln\u0105 wydajno\u015b\u0107.<\/p>\n<h4>Trwa\u0142a konstrukcja<\/h4>\n<p>Przek\u0142adnie kosiarek rolniczych s\u0105 zaprojektowane tak, aby wytrzyma\u0107 intensywne u\u017cytkowanie w trudnych warunkach. Wykonane z wysokiej jako\u015bci materia\u0142\u00f3w, takich jak \u017celiwo lub stopy aluminium, przek\u0142adnie te s\u0105 odporne na zu\u017cycie, korozj\u0119 i uderzenia. Solidna konstrukcja gwarantuje, \u017ce przek\u0142adnia wytrzymuje obci\u0105\u017cenia i obci\u0105\u017cenia zwi\u0105zane z ci\u0105g\u0142\u0105 prac\u0105 przez d\u0142ugi czas, co przek\u0142ada si\u0119 na wi\u0119ksz\u0105 niezawodno\u015b\u0107 i \u017cywotno\u015b\u0107.<\/p>\n<h4>P\u0142ynna praca i zmniejszone wibracje<\/h4>\n<p>Dobrze zaprojektowana przek\u0142adnia kosiarki zapewnia p\u0142ynn\u0105 prac\u0119 poprzez minimalizacj\u0119 wibracji i napr\u0119\u017ce\u0144 mechanicznych. Osi\u0105gni\u0119to to dzi\u0119ki precyzyjnej konstrukcji oraz zastosowaniu wysokiej jako\u015bci \u0142o\u017cysk, przek\u0142adni i \u015brodk\u00f3w smarnych. P\u0142ynna praca nie tylko wyd\u0142u\u017ca \u017cywotno\u015b\u0107 przek\u0142adni, ale tak\u017ce zmniejsza zu\u017cycie innych podzespo\u0142\u00f3w kosiarki, takich jak ostrza i silnik.<\/p>\n<h4>Wszechstronno\u015b\u0107 w zadaniach koszenia<\/h4>\n<p>Przek\u0142adnie kosiarek s\u0105 wszechstronne i mog\u0105 by\u0107 zaprojektowane tak, aby spe\u0142nia\u0107 r\u00f3\u017cne wymagania dotycz\u0105ce koszenia. Niekt\u00f3re przek\u0142adnie oferuj\u0105 regulowan\u0105 pr\u0119dko\u015b\u0107, umo\u017cliwiaj\u0105c r\u00f3\u017cne tryby koszenia w zale\u017cno\u015bci od rodzaju ro\u015blinno\u015bci lub terenu. Przek\u0142adnie wielobiegowe s\u0105 cz\u0119sto preferowane do r\u00f3\u017cnych zada\u0144, od koszenia trawy po walk\u0119 z trudniejsz\u0105 ro\u015blinno\u015bci\u0105, tak\u0105 jak chwasty i drobne zaro\u015bla.<\/p>\n<h4>Dostosowanie do konkretnych potrzeb<\/h4>\n<p>Wielu producent\u00f3w, w tym FMP, oferuje przek\u0142adnie do kosiarek wykonywane na zam\u00f3wienie, dostosowane do indywidualnych potrzeb klient\u00f3w. Niezale\u017cnie od tego, czy chodzi o regulacj\u0119 wysoko\u015bci koszenia, zwi\u0119kszenie momentu obrotowego podczas trudniejszych zada\u0144, czy integracj\u0119 przek\u0142adni z wi\u0119kszym systemem kosiarki, rozwi\u0105zania dostosowane do indywidualnych potrzeb gwarantuj\u0105, \u017ce przek\u0142adnia b\u0119dzie efektywnie wsp\u00f3\u0142pracowa\u0107 z ca\u0142ym systemem kosiarki.<\/p>\n<p>Przek\u0142adnie kosiarek rolniczych zosta\u0142y zaprojektowane z my\u015bl\u0105 o niezawodnej, wydajnej i d\u0142ugotrwa\u0142ej pracy w trudnych warunkach. Ich trwa\u0142o\u015b\u0107, wszechstronno\u015b\u0107 i niskie wymagania konserwacyjne sprawiaj\u0105, \u017ce s\u0105 one niezb\u0119dne dla rolnik\u00f3w, architekt\u00f3w krajobrazu i specjalist\u00f3w ds. utrzymania teren\u00f3w zielonych, kt\u00f3rzy potrzebuj\u0105 niezawodnego sprz\u0119tu do piel\u0119gnacji du\u017cych obszar\u00f3w trawy i ro\u015blinno\u015bci.<\/p>\n<p><img loading=\"lazy\" decoding=\"async\" class=\"alignnone wp-image-1961\" src=\"https:\/\/fmp-components.com\/wp-content\/uploads\/2024\/12\/Lawn-Mower-Gearbox-1.webp\" alt=\"Skrzynia bieg\u00f3w kosiarki\" width=\"943\" height=\"630\" title=\"\" srcset=\"https:\/\/fmp-components.com\/wp-content\/uploads\/2024\/12\/Lawn-Mower-Gearbox-1.webp 943w, https:\/\/fmp-components.com\/wp-content\/uploads\/2024\/12\/Lawn-Mower-Gearbox-1-480x321.webp 480w\" sizes=\"(min-width: 0px) and (max-width: 480px) 480px, (min-width: 481px) 943px, 100vw\" \/><\/p>\n<h3>O FMP<\/h3>\n<p>FMP to wiod\u0105cy producent skrzy\u0144 bieg\u00f3w z siedzib\u0105 we W\u0142oszech, specjalizuj\u0105cy si\u0119 w projektowaniu i produkcji przek\u0142adni do maszyn rolniczych. K\u0142ad\u0105c nacisk na jako\u015b\u0107 i precyzj\u0119, oferujemy szerok\u0105 gam\u0119 przek\u0142adni, w tym przek\u0142adnie do kosiarek, a tak\u017ce produkty uzupe\u0142niaj\u0105ce, takie jak wa\u0142y odbioru mocy (WOM). Naszym celem jest dostarczanie rozwi\u0105za\u0144 dostosowanych do potrzeb rynku rolniczego i przemys\u0142owego, zaspokajaj\u0105c indywidualne potrzeby naszych klient\u00f3w, zar\u00f3wno poprzez pojedyncze produkty, jak i kompletne systemy.<\/p>\n<p>W FMP rozumiemy, \u017ce ka\u017cdy klient ma specyficzne wymagania i jeste\u015bmy dumni z naszej umiej\u0119tno\u015bci dostosowywania rozwi\u0105za\u0144 do tych potrzeb. Niezale\u017cnie od tego, czy szukasz konkretnej skrzyni bieg\u00f3w, czy w pe\u0142ni zintegrowanego rozwi\u0105zania, \u015bci\u015ble wsp\u00f3\u0142pracujemy z Tob\u0105, aby opracowa\u0107 najskuteczniejsze produkty. Nasze zaanga\u017cowanie w satysfakcj\u0119 klienta przejawia si\u0119 w szybkich i profesjonalnych odpowiedziach na zapytania, dzi\u0119ki czemu ka\u017cdy klient otrzymuje najlepsze porady i wsparcie.<\/p>\n<p>Wierzymy w otwart\u0105 i ci\u0105g\u0142\u0105 komunikacj\u0119 z naszymi klientami, szczeg\u00f3lnie w kontek\u015bcie rozwoju nowych produkt\u00f3w. Nasz zesp\u00f3\u0142 ekspert\u00f3w anga\u017cuje si\u0119 w proces wsp\u00f3\u0142pracy z klientami, aby zrozumie\u0107 ich wyzwania i dostarcza\u0107 im warto\u015bciowe informacje, kt\u00f3re pozwalaj\u0105 na tworzenie najskuteczniejszych rozwi\u0105za\u0144. Niezale\u017cnie od tego, czy chodzi o nowy projekt, czy istniej\u0105ce zam\u00f3wienie, dok\u0142adamy wszelkich stara\u0144, aby dostarcza\u0107 produkty najwy\u017cszej jako\u015bci, szybko i sprawnie.<\/p>\n<p>Jako\u015b\u0107 jest sercem wszystkiego, co robimy. Nasza strategia produkcyjna opiera si\u0119 na zasadzie \u201ewysokich standard\u00f3w, wysokiej precyzji i zerowej liczby defekt\u00f3w\u201d. Przestrzegamy rygorystycznych procedur kontroli jako\u015bci, aby zapewni\u0107, \u017ce ka\u017cdy dostarczany przez nas produkt spe\u0142nia najwy\u017csze standardy bran\u017cowe. To skupienie na jako\u015bci, w po\u0142\u0105czeniu z naszym zaanga\u017cowaniem w prac\u0119 zespo\u0142ow\u0105, uczciwo\u015b\u0107 i wytrwa\u0142o\u015b\u0107, pomog\u0142o nam zbudowa\u0107 trwa\u0142e partnerstwa z klientami w prawie 30 krajach.<\/p>\n<p>Zapraszamy klient\u00f3w z ca\u0142ego \u015bwiata do wsp\u00f3\u0142pracy i zawsze jeste\u015bmy gotowi s\u0142u\u017cy\u0107 fachowym doradztwem oraz oferowa\u0107 rozwi\u0105zania dostosowane do indywidualnych potrzeb. W FMP anga\u017cujemy si\u0119 w rozwi\u0105zywanie Pa\u0144stwa problem\u00f3w technicznych i wspieranie Pa\u0144stwa sukcesu. Nasze us\u0142ugi to nie tylko dostarczanie produkt\u00f3w, ale budowanie relacji, kt\u00f3re prowadz\u0105 do wsp\u00f3lnego sukcesu.<\/p>\n<p><img loading=\"lazy\" decoding=\"async\" class=\"alignnone size-full wp-image-1861\" src=\"https:\/\/fmp-components.com\/wp-content\/uploads\/2024\/12\/Other-Agricultural-Gearboxes.webp\" sizes=\"(min-width: 0px) and (max-width: 480px) 480px, (min-width: 481px) and (max-width: 980px) 980px, (min-width: 981px) 1200px, 100vw\" srcset=\"https:\/\/fmp-components.com\/wp-content\/uploads\/2024\/12\/Other-Agricultural-Gearboxes.webp 1200w, https:\/\/fmp-components.com\/wp-content\/uploads\/2024\/12\/Other-Agricultural-Gearboxes-980x1143.webp 980w, https:\/\/fmp-components.com\/wp-content\/uploads\/2024\/12\/Other-Agricultural-Gearboxes-480x560.webp 480w\" alt=\"Inne zmiany rolnicze\" width=\"1200\" height=\"1400\" title=\"\"><\/p>\n<p>Autor: CX<\/p>","protected":false},"excerpt":{"rendered":"<p>Agricultural Lawnmower Gearbox Specifications: ITEM FMP-LF205 Ratio 1:1.93\/1:1.46 Teeth 23\/12 22\/15 Module 5.0 \/ 5.0 Power(HP) 30 Rated Input 540rpm Input\/Output Description 1-3\/8 Z6 Optic Axis Taper Spline Weight(N.W) 19KG Fits the Following Makes and Models Replacement of Comer FINISHING MOWER: LF-205-J Cross References: Replaces:\u00a0COMER U9.135.808.10, U9.205.808.00 , U913580810 , 9.135.029.00 , 913502900 Features of [&hellip;]<\/p>","protected":false},"featured_media":1960,"comment_status":"open","ping_status":"closed","template":"","meta":{"_et_pb_use_builder":"","_et_pb_old_content":"","_et_gb_content_width":""},"product_brand":[],"product_cat":[52],"product_tag":[],"class_list":{"0":"post-1956","1":"product","2":"type-product","3":"status-publish","4":"has-post-thumbnail","6":"product_cat-lawn-mower-gearbox","8":"first","9":"instock","10":"shipping-taxable","11":"product-type-simple"},"_links":{"self":[{"href":"https:\/\/fmp-components.com\/pl\/wp-json\/wp\/v2\/product\/1956","targetHints":{"allow":["GET"]}}],"collection":[{"href":"https:\/\/fmp-components.com\/pl\/wp-json\/wp\/v2\/product"}],"about":[{"href":"https:\/\/fmp-components.com\/pl\/wp-json\/wp\/v2\/types\/product"}],"replies":[{"embeddable":true,"href":"https:\/\/fmp-components.com\/pl\/wp-json\/wp\/v2\/comments?post=1956"}],"wp:featuredmedia":[{"embeddable":true,"href":"https:\/\/fmp-components.com\/pl\/wp-json\/wp\/v2\/media\/1960"}],"wp:attachment":[{"href":"https:\/\/fmp-components.com\/pl\/wp-json\/wp\/v2\/media?parent=1956"}],"wp:term":[{"taxonomy":"product_brand","embeddable":true,"href":"https:\/\/fmp-components.com\/pl\/wp-json\/wp\/v2\/product_brand?post=1956"},{"taxonomy":"product_cat","embeddable":true,"href":"https:\/\/fmp-components.com\/pl\/wp-json\/wp\/v2\/product_cat?post=1956"},{"taxonomy":"product_tag","embeddable":true,"href":"https:\/\/fmp-components.com\/pl\/wp-json\/wp\/v2\/product_tag?post=1956"}],"curies":[{"name":"wp","href":"https:\/\/api.w.org\/{rel}","templated":true}]}}