{"id":1948,"date":"2024-12-26T02:24:20","date_gmt":"2024-12-26T02:24:20","guid":{"rendered":"https:\/\/fmp-components.com\/?page_id=8"},"modified":"2024-12-26T02:37:43","modified_gmt":"2024-12-26T02:37:43","slug":"rotary-mowers-gearboxes-replacement-of-comer-code-t-25j","status":"publish","type":"product","link":"https:\/\/fmp-components.com\/pl\/product\/rotary-mowers-gearboxes-replacement-of-comer-code-t-25j\/","title":{"rendered":"Przek\u0142adnie kosiarek rotacyjnych \u2013 wymiana kodu Comer T-25J"},"content":{"rendered":"<p><img loading=\"lazy\" decoding=\"async\" class=\"size-full wp-image-1949 aligncenter\" src=\"https:\/\/fmp-components.com\/wp-content\/uploads\/2024\/12\/Rotary-Mower-Gearbox24.webp\" alt=\"Skrzynia bieg\u00f3w kosiarki rotacyjnej\" width=\"500\" height=\"500\" title=\"\" srcset=\"https:\/\/fmp-components.com\/wp-content\/uploads\/2024\/12\/Rotary-Mower-Gearbox24.webp 500w, https:\/\/fmp-components.com\/wp-content\/uploads\/2024\/12\/Rotary-Mower-Gearbox24-480x480.webp 480w\" sizes=\"(min-width: 0px) and (max-width: 480px) 480px, (min-width: 481px) 500px, 100vw\" \/><\/p>\n<h2>Przek\u0142adnie kosiarek rotacyjnych \u2013 wymiana specyfikacji Comer Code T-25J<\/h2>\n<table style=\"width: 100%;\" border=\"1\" width=\"100%\" cellspacing=\"0\" cellpadding=\"0\">\n<tbody>\n<tr>\n<th>Opis<\/th>\n<td>Przek\u0142adnie kosiarek rotacyjnych \u2013 wymiana przek\u0142adni Comer T-25J zwi\u0119kszaj\u0105cej pr\u0119dko\u015b\u0107<\/td>\n<\/tr>\n<tr>\n<th>Aplikacja<\/th>\n<td>R\u00f3\u017cne zastosowania (rolnicze), Kosiarki, Rozsiewacze nawoz\u00f3w sztucznych, Pi\u0142y ta\u015bmowe<\/td>\n<\/tr>\n<tr>\n<th>Sk\u0142ada si\u0119 z<\/th>\n<td>Skrzynia bieg\u00f3w<\/td>\n<\/tr>\n<tr>\n<th>Bez oleju<\/th>\n<td>Informacje techniczne<\/td>\n<\/tr>\n<tr>\n<th>Maksymalny moment wyj\u015bciowy<\/th>\n<td>22,7 daNm<\/td>\n<\/tr>\n<tr>\n<th>Zawiera olej<\/th>\n<td>NIE<\/td>\n<\/tr>\n<tr>\n<th>Maksymalna pojemno\u015b\u0107 oleju<\/th>\n<td>0,35 l<\/td>\n<\/tr>\n<tr>\n<th>Maksymalny odst\u0119p mi\u0119dzy wymianami oleju<\/th>\n<td>500 godzin<\/td>\n<\/tr>\n<tr>\n<th>Klasa lepko\u015bci oleju SAE<\/th>\n<td>80W-90<\/td>\n<\/tr>\n<tr>\n<th>Materia\u0142 obudowy<\/th>\n<td>Aluminium<\/td>\n<\/tr>\n<tr>\n<th>Waga<\/th>\n<td>4,1 kg<\/td>\n<\/tr>\n<tr>\n<th>Uk\u0142ad przek\u0142adni redukuj\u0105cy<\/th>\n<td>3 &#8211; 4<\/td>\n<\/tr>\n<tr>\n<th>Moc wej\u015bciowa kW \/ KM wzrasta<\/th>\n<td>11 \/ 15 kW\/KM<\/td>\n<\/tr>\n<tr>\n<th>Zwi\u0119kszanie wa\u0142u wej\u015bciowego<\/th>\n<td>X<\/td>\n<\/tr>\n<tr>\n<th>Przek\u0142adnia wa\u0142u wej\u015bciowego<\/th>\n<td>Z<\/td>\n<\/tr>\n<tr>\n<th>Moc wej\u015bciowa kW \/ KM Zmniejszenie<\/th>\n<td>7 \/ 9,5 kW\/KM<\/td>\n<\/tr>\n<tr>\n<th>Moment obrotowy wyj\u015bciowy DaNm wzrasta<\/th>\n<td>9,9 daNm<\/td>\n<\/tr>\n<tr>\n<th>Wsp\u00f3\u0142czynnik wzrastaj\u0105cy<\/th>\n<td>1 : 1.9<\/td>\n<\/tr>\n<tr>\n<th>Zmniejszanie wsp\u00f3\u0142czynnika<\/th>\n<td>1.9 : 1<\/td>\n<\/tr>\n<tr>\n<th>Wa\u0142 X<\/th>\n<td>1 3\/8\u2033 (6) (A)<\/td>\n<\/tr>\n<tr>\n<th>Wa\u0142 Z<\/th>\n<td>22 (D)<\/td>\n<\/tr>\n<\/tbody>\n<\/table>\n<h2>Zalety przek\u0142adni kosiarek rotacyjnych<\/h2>\n<p>Przek\u0142adnie kosiarek rotacyjnych to niezb\u0119dne elementy, kt\u00f3re znacz\u0105co zwi\u0119kszaj\u0105 wydajno\u015b\u0107 i niezawodno\u015b\u0107 sprz\u0119tu kosz\u0105cego wykorzystywanego w ogrodnictwie, rolnictwie i utrzymaniu teren\u00f3w zielonych. Dzi\u0119ki efektywnemu przenoszeniu mocy, zwi\u0119kszonej trwa\u0142o\u015bci i ograniczeniu konieczno\u015bci konserwacji, przek\u0142adnie te oferuj\u0105 szereg kluczowych zalet, kt\u00f3re czyni\u0105 je niezast\u0105pionymi w r\u00f3\u017cnych zastosowaniach zwi\u0105zanych z koszeniem.<\/p>\n<p><strong>Wydajne przenoszenie mocy<\/strong><\/p>\n<p>Przek\u0142adnia kosiarki rotacyjnej odgrywa kluczow\u0105 rol\u0119 w przekazywaniu mocy z silnika ci\u0105gnika na ostrza kosiarki. Zapewnia to optymaln\u0105 pr\u0119dko\u015b\u0107 obrotow\u0105 i moment obrotowy no\u017cy, zapewniaj\u0105c r\u00f3wnomierne i efektywne koszenie trawy, nawet w trudnych warunkach. Niezale\u017cnie od tego, czy kosiarka jest u\u017cywana w du\u017cych gospodarstwach rolnych, czy w pracach zwi\u0105zanych z kszta\u0142towaniem krajobrazu, sprawne przenoszenie mocy ma kluczowe znaczenie dla utrzymania wydajno\u015bci i produktywno\u015bci.<\/p>\n<p><strong>Trwa\u0142o\u015b\u0107 i d\u0142ugowieczno\u015b\u0107<\/strong><\/p>\n<p>Przek\u0142adnie kosiarek rotacyjnych, zaprojektowane z my\u015bl\u0105 o intensywnym u\u017cytkowaniu i pracy w trudnych warunkach, s\u0105 zazwyczaj wykonane z wysokiej jako\u015bci materia\u0142\u00f3w, takich jak \u017celiwo lub stopy aluminium. Ich solidna konstrukcja sprawia, \u017ce \u200b\u200bs\u0105 odporne na zu\u017cycie, korozj\u0119 i napr\u0119\u017cenia, zapewniaj\u0105c d\u0142ugotrwa\u0142\u0105 prac\u0119 i minimalizuj\u0105c awarie. Trwa\u0142o\u015b\u0107 tych przek\u0142adni minimalizuje potrzeb\u0119 cz\u0119stych napraw lub wymian, co przyczynia si\u0119 do obni\u017cenia koszt\u00f3w d\u0142ugoterminowych i zwi\u0119kszenia wydajno\u015bci operacyjnej.<\/p>\n<p><strong>Ni\u017csze koszty konserwacji i eksploatacji<\/strong><\/p>\n<p>Przek\u0142adnie kosiarek rotacyjnych zosta\u0142y zaprojektowane z my\u015bl\u0105 o wydajno\u015bci, zmniejszaj\u0105c cz\u0119stotliwo\u015b\u0107 wymaganej konserwacji. Ich solidna konstrukcja, w po\u0142\u0105czeniu z odpowiednim smarowaniem element\u00f3w wewn\u0119trznych, takich jak ko\u0142a z\u0119bate i \u0142o\u017cyska, pomaga zmniejszy\u0107 tarcie, zu\u017cycie i przegrzewanie. Prowadzi to do mniejszej liczby awarii mechanicznych, ni\u017cszych koszt\u00f3w napraw i kr\u00f3tszych przestoj\u00f3w podczas koszenia. Dzi\u0119ki temu firmy mog\u0105 zaoszcz\u0119dzi\u0107 na kosztach konserwacji i wyd\u0142u\u017cy\u0107 og\u00f3ln\u0105 \u017cywotno\u015b\u0107 swojego sprz\u0119tu.<\/p>\n<p><strong>Ulepszona wydajno\u015b\u0107 ci\u0119cia<\/strong><\/p>\n<p>Przek\u0142adnia zapewnia odpowiedni\u0105 pr\u0119dko\u015b\u0107 i moment obrotowy ostrzy kosiarki, co pozwala na czyste i r\u00f3wne ci\u0119cie. Niezale\u017cnie od rodzaju trawy i terenu, dobrze zaprojektowana przek\u0142adnia zwi\u0119ksza wydajno\u015b\u0107 koszenia. Dzi\u0119ki temu kosiarki rotacyjne lepiej radz\u0105 sobie z g\u0119stsz\u0105 ro\u015blinno\u015bci\u0105 i nier\u00f3wnym terenem, co czyni je idealnymi do r\u00f3\u017cnorodnych zada\u0144, od og\u00f3lnej piel\u0119gnacji trawnika po koszenie nier\u00f3wnych, zaro\u015bni\u0119tych obszar\u00f3w.<\/p>\n<p><strong>Wszechstronno\u015b\u0107 i personalizacja<\/strong><\/p>\n<p>Przek\u0142adnie kosiarek rotacyjnych dost\u0119pne s\u0105 w r\u00f3\u017cnych konfiguracjach, w tym w modelach jedno- i wielobiegowych, zapewniaj\u0105c elastyczno\u015b\u0107 w szerokim zakresie zastosowa\u0144. Wielu producent\u00f3w, w tym FMP, oferuje rozwi\u0105zania dostosowane do indywidualnych potrzeb, takie jak regulacja wysoko\u015bci koszenia lub zwi\u0119kszenie momentu obrotowego w trudniejszych warunkach koszenia. Ta wszechstronno\u015b\u0107 pozwala przek\u0142adniom kosiarek rotacyjnych znale\u017a\u0107 zastosowanie w r\u00f3\u017cnych bran\u017cach, od rolnictwa po kszta\u0142towanie krajobrazu w miastach, gwarantuj\u0105c odpowiedni\u0105 wydajno\u015b\u0107 w ka\u017cdym zastosowaniu.<\/p>\n<p><strong>Funkcje bezpiecze\u0144stwa<\/strong><\/p>\n<p>Bezpiecze\u0144stwo jest kluczowym czynnikiem w przypadku sprz\u0119tu do koszenia, a wiele przek\u0142adni kosiarek rotacyjnych jest wyposa\u017conych w zaawansowane funkcje bezpiecze\u0144stwa. Nale\u017c\u0105 do nich sprz\u0119g\u0142a jednokierunkowe i mechanizmy roz\u0142\u0105czaj\u0105ce, kt\u00f3re chroni\u0105 przek\u0142adni\u0119 i ostrza przed uszkodzeniem po wy\u0142\u0105czeniu silnika. Funkcje te zwi\u0119kszaj\u0105 r\u00f3wnie\u017c bezpiecze\u0144stwo operatora, zmniejszaj\u0105c ryzyko awarii mechanicznych i wypadk\u00f3w podczas pracy.<\/p>\n<p><strong>Kompaktowy i \u0142atwy w monta\u017cu<\/strong><\/p>\n<p>Kompaktowa konstrukcja przek\u0142adni kosiarek rotacyjnych zapewnia ich \u0142atwy monta\u017c w r\u00f3\u017cnych typach kosiarek i maszyn. Ich prosta integracja z r\u00f3\u017cnymi systemami sprawia, \u017ce \u200b\u200bs\u0105 doskona\u0142ym wyborem zar\u00f3wno dla producent\u00f3w OEM, jak i u\u017cytkownik\u00f3w ko\u0144cowych. Wydajna konstrukcja maksymalizuje przenoszenie mocy, minimalizuj\u0105c jednocze\u015bnie wymagania przestrzenne, dzi\u0119ki czemu przek\u0142adnie te s\u0105 wszechstronne i wygodne w u\u017cyciu z r\u00f3\u017cnymi typami maszyn.<\/p>\n<p>Podsumowuj\u0105c, przek\u0142adnie kosiarek rotacyjnych odgrywaj\u0105 kluczow\u0105 rol\u0119 w zwi\u0119kszaniu wydajno\u015bci, trwa\u0142o\u015bci i op\u0142acalno\u015bci sprz\u0119tu kosz\u0105cego. Ich zdolno\u015b\u0107 do efektywnego przenoszenia mocy, redukcji potrzeb konserwacyjnych i poprawy wydajno\u015bci koszenia sprawia, \u017ce \u200b\u200bs\u0105 niezb\u0119dnym elementem nowoczesnych kosiarek rotacyjnych stosowanych w rolnictwie, przemy\u015ble i architekturze krajobrazu. Niezale\u017cnie od tego, czy piel\u0119gnujesz du\u017ce pola, czy tereny miejskie, odpowiednia przek\u0142adnia zapewnia optymaln\u0105 prac\u0119 kosiarki, skracaj\u0105c przestoje i zwi\u0119kszaj\u0105c wydajno\u015b\u0107.<\/p>\n<p><img loading=\"lazy\" decoding=\"async\" class=\"alignnone size-full wp-image-1951\" src=\"https:\/\/fmp-components.com\/wp-content\/uploads\/2024\/12\/Rotary-Mower-Gearbox-211.webp\" alt=\"Skrzynia bieg\u00f3w kosiarki rotacyjnej\" width=\"800\" height=\"600\" title=\"\" srcset=\"https:\/\/fmp-components.com\/wp-content\/uploads\/2024\/12\/Rotary-Mower-Gearbox-211.webp 800w, https:\/\/fmp-components.com\/wp-content\/uploads\/2024\/12\/Rotary-Mower-Gearbox-211-480x360.webp 480w\" sizes=\"(min-width: 0px) and (max-width: 480px) 480px, (min-width: 481px) 800px, 100vw\" \/><\/p>\n<h3>O FMP<\/h3>\n<p>Firma FMP z siedzib\u0105 we W\u0142oszech jest wiod\u0105cym liderem w dziedzinie bada\u0144, rozwoju i produkcji przek\u0142adni, reduktor\u00f3w i maszyn in\u017cynieryjnych. Dzi\u0119ki silnemu naciskowi na jako\u015b\u0107, innowacyjno\u015b\u0107 i ci\u0105g\u0142e doskonalenie, FMP zyska\u0142a reputacj\u0119 firmy o doskona\u0142ej reputacji w bran\u017cy in\u017cynierii mechanicznej. Zaanga\u017cowanie firmy w rozw\u00f3j talent\u00f3w i post\u0119p technologiczny zapewni\u0142o jej uznanie zar\u00f3wno na rynku lokalnym, jak i mi\u0119dzynarodowym, czyni\u0105c j\u0105 zaufanym partnerem w r\u00f3\u017cnych sektorach.<\/p>\n<p>Oferta produkt\u00f3w FMP obejmuje szerok\u0105 gam\u0119 wysokowydajnych przek\u0142adni, takich jak przek\u0142adnie sto\u017ckowe, walcowe, \u015blimakowe, walcowe oraz korpusy i obudowy zawor\u00f3w odlewane ci\u015bnieniowo. Ka\u017cdy produkt jest starannie zaprojektowany, aby sprosta\u0107 wymaganiom zar\u00f3wno w przemy\u015ble, jak i rolnictwie, zapewniaj\u0105c d\u0142ugotrwa\u0142\u0105 niezawodno\u015b\u0107 i doskona\u0142\u0105 wydajno\u015b\u0107.<\/p>\n<p>Przek\u0142adnie i komponenty FMP znajduj\u0105 zastosowanie w r\u00f3\u017cnych bran\u017cach, w tym w rolnictwie, wydobyciu ropy naftowej, systemach morskich i in\u017cynierii wodnej. W rolnictwie FMP dostarcza zasilanie do kluczowych urz\u0105dze\u0144, takich jak kosiarki rotacyjne, od\u015bnie\u017carki, rozsiewacze nawoz\u00f3w i przeno\u015bniki zbo\u017cowe. Ta wszechstronno\u015b\u0107 podkre\u015bla zdolno\u015b\u0107 FMP do oferowania rozwi\u0105za\u0144 dostosowanych do indywidualnych potrzeb, optymalizuj\u0105cych wydajno\u015b\u0107 w r\u00f3\u017cnych sektorach.<\/p>\n<p>Proces produkcyjny firmy opiera si\u0119 na najnowocze\u015bniejszych technologiach i rygorystycznych standardach kontroli jako\u015bci. Od projektu pocz\u0105tkowego do monta\u017cu ko\u0144cowego, FMP dba o to, aby ka\u017cdy produkt by\u0142 wytwarzany z najwy\u017cszej jako\u015bci materia\u0142\u00f3w, takich jak \u017celiwo i stopy aluminium. Zaawansowane techniki obr\u00f3bki i dok\u0142adna kontrola gwarantuj\u0105 precyzj\u0119, trwa\u0142o\u015b\u0107 i niezmienn\u0105 wydajno\u015b\u0107. Zaanga\u017cowanie FMP w d\u0105\u017cenie do doskona\u0142o\u015bci na ka\u017cdym etapie produkcji gwarantuje, \u017ce produkty firmy nadal spe\u0142niaj\u0105 najwy\u017csze standardy bran\u017cowe.<\/p>\n<p>FMP kieruje si\u0119 nowatorskim podej\u015bciem do biznesu i satysfakcji klienta. Firma aktywnie poszukuje globalnych partner\u00f3w, oferuj\u0105c rozwi\u0105zania dostosowane do indywidualnych potrzeb klient\u00f3w. Aby dowiedzie\u0107 si\u0119 wi\u0119cej o produktach FMP lub pozna\u0107 mo\u017cliwo\u015bci wsp\u00f3\u0142pracy, zainteresowani partnerzy mog\u0105 skontaktowa\u0107 si\u0119 z firm\u0105 bezpo\u015brednio telefonicznie lub mailowo, co potwierdza zaanga\u017cowanie FMP w zapewnianie wyj\u0105tkowej obs\u0142ugi i wysokiej jako\u015bci rozwi\u0105za\u0144.<\/p>\n<p><img loading=\"lazy\" decoding=\"async\" class=\"alignnone size-full wp-image-1861\" src=\"https:\/\/fmp-components.com\/wp-content\/uploads\/2024\/12\/Other-Agricultural-Gearboxes.webp\" alt=\"Inne-przek\u0142adnie-rolnicze\" width=\"1200\" height=\"1400\" title=\"\" srcset=\"https:\/\/fmp-components.com\/wp-content\/uploads\/2024\/12\/Other-Agricultural-Gearboxes.webp 1200w, https:\/\/fmp-components.com\/wp-content\/uploads\/2024\/12\/Other-Agricultural-Gearboxes-980x1143.webp 980w, https:\/\/fmp-components.com\/wp-content\/uploads\/2024\/12\/Other-Agricultural-Gearboxes-480x560.webp 480w\" sizes=\"(min-width: 0px) and (max-width: 480px) 480px, (min-width: 481px) and (max-width: 980px) 980px, (min-width: 981px) 1200px, 100vw\" \/><\/p>\n<p>Autor: CX<\/p>","protected":false},"excerpt":{"rendered":"<p>Rotary Mowers Gearboxes \u2013 Replacement of Comer Code T-25J Specifications Description Rotary Mowers Gearboxes &#8211; Replacement of Comer T-25J speed increasing Application Various (agricultural) applications, Mowers, Chemical fertiliser spreaders, Band saws Consists of Gearbox Without Oil Technical Information Max. Output Torque 22.7 daNm Contains Oil No Max. Oil Capacity 0.35 l Max. Oil Change Interval [&hellip;]<\/p>","protected":false},"featured_media":1949,"comment_status":"open","ping_status":"closed","template":"","meta":{"_et_pb_use_builder":"","_et_pb_old_content":"","_et_gb_content_width":""},"product_brand":[],"product_cat":[51],"product_tag":[],"class_list":{"0":"post-1948","1":"product","2":"type-product","3":"status-publish","4":"has-post-thumbnail","6":"product_cat-rotary-mower-gearbox","8":"first","9":"instock","10":"shipping-taxable","11":"product-type-simple"},"_links":{"self":[{"href":"https:\/\/fmp-components.com\/pl\/wp-json\/wp\/v2\/product\/1948","targetHints":{"allow":["GET"]}}],"collection":[{"href":"https:\/\/fmp-components.com\/pl\/wp-json\/wp\/v2\/product"}],"about":[{"href":"https:\/\/fmp-components.com\/pl\/wp-json\/wp\/v2\/types\/product"}],"replies":[{"embeddable":true,"href":"https:\/\/fmp-components.com\/pl\/wp-json\/wp\/v2\/comments?post=1948"}],"wp:featuredmedia":[{"embeddable":true,"href":"https:\/\/fmp-components.com\/pl\/wp-json\/wp\/v2\/media\/1949"}],"wp:attachment":[{"href":"https:\/\/fmp-components.com\/pl\/wp-json\/wp\/v2\/media?parent=1948"}],"wp:term":[{"taxonomy":"product_brand","embeddable":true,"href":"https:\/\/fmp-components.com\/pl\/wp-json\/wp\/v2\/product_brand?post=1948"},{"taxonomy":"product_cat","embeddable":true,"href":"https:\/\/fmp-components.com\/pl\/wp-json\/wp\/v2\/product_cat?post=1948"},{"taxonomy":"product_tag","embeddable":true,"href":"https:\/\/fmp-components.com\/pl\/wp-json\/wp\/v2\/product_tag?post=1948"}],"curies":[{"name":"wp","href":"https:\/\/api.w.org\/{rel}","templated":true}]}}