{"id":1943,"date":"2024-12-26T02:18:14","date_gmt":"2024-12-26T02:18:14","guid":{"rendered":"https:\/\/fmp-components.com\/?page_id=8"},"modified":"2024-12-26T02:21:11","modified_gmt":"2024-12-26T02:21:11","slug":"rotary-mower-gearbox-replacement-of-comer-code-tf-285b","status":"publish","type":"product","link":"https:\/\/fmp-components.com\/pl\/product\/rotary-mower-gearbox-replacement-of-comer-code-tf-285b\/","title":{"rendered":"Przek\u0142adnia kosiarki rotacyjnej \u2013 wymiana kodu Comer TF-285B"},"content":{"rendered":"<p><img loading=\"lazy\" decoding=\"async\" class=\"size-full wp-image-1946 aligncenter\" src=\"https:\/\/fmp-components.com\/wp-content\/uploads\/2024\/12\/rotary-mower-gearbox-tf285b.webp\" alt=\"skrzynia-przek\u0142adni-kosiarki-rotacyjnej\" width=\"300\" height=\"300\" title=\"\" srcset=\"https:\/\/fmp-components.com\/wp-content\/uploads\/2024\/12\/rotary-mower-gearbox-tf285b.webp 300w, https:\/\/fmp-components.com\/wp-content\/uploads\/2024\/12\/rotary-mower-gearbox-tf285b-150x150.webp 150w, https:\/\/fmp-components.com\/wp-content\/uploads\/2024\/12\/rotary-mower-gearbox-tf285b-12x12.webp 12w, https:\/\/fmp-components.com\/wp-content\/uploads\/2024\/12\/rotary-mower-gearbox-tf285b-100x100.webp 100w\" sizes=\"(max-width: 300px) 100vw, 300px\" \/><\/p>\n<h2>Specyfikacja przek\u0142adni kosiarki rotacyjnej TF-285B<\/h2>\n<p><img loading=\"lazy\" decoding=\"async\" class=\"alignnone size-full wp-image-1944\" src=\"https:\/\/fmp-components.com\/wp-content\/uploads\/2024\/12\/rotary-mower-gearbox-specifications-tf285b.webp\" alt=\"skrzynia-przek\u0142adni-kosiarki-rotacyjnej\" width=\"851\" height=\"449\" title=\"\" srcset=\"https:\/\/fmp-components.com\/wp-content\/uploads\/2024\/12\/rotary-mower-gearbox-specifications-tf285b.webp 851w, https:\/\/fmp-components.com\/wp-content\/uploads\/2024\/12\/rotary-mower-gearbox-specifications-tf285b-480x253.webp 480w\" sizes=\"(min-width: 0px) and (max-width: 480px) 480px, (min-width: 481px) 851px, 100vw\" \/><\/p>\n<table style=\"width: 91.8919%; height: 108px;\" border=\"1\">\n<tbody>\n<tr>\n<td rowspan=\"2\"><strong>I<\/strong><\/td>\n<td rowspan=\"2\"><strong>N<sub>1<\/sub>[obr.\/min]<\/strong><\/td>\n<td rowspan=\"2\"><strong>P<sub>1<\/sub>[kW]<\/strong><\/td>\n<td rowspan=\"2\"><strong>M<sub>2<\/sub>[Nm]<\/strong><\/td>\n<td colspan=\"3\"><strong>Typ wa\u0142u<\/strong><\/td>\n<td rowspan=\"2\"><strong>Wej\u015bcie<\/strong><\/td>\n<\/tr>\n<tr>\n<td><strong>X<\/strong><\/td>\n<td><strong>Y<\/strong><\/td>\n<td><strong>Z<\/strong><\/td>\n<\/tr>\n<tr>\n<td>1.86<\/td>\n<td>1000<\/td>\n<td>91.9<\/td>\n<td>709<\/td>\n<td>1\u201d 3\/8 Z21<\/td>\n<td>1\u201d 3\/4 Z20<\/td>\n<td>Po\u0142\u0105czenie piastowe<\/td>\n<td>Y<\/td>\n<\/tr>\n<\/tbody>\n<\/table>\n<h2>Zalety przek\u0142adni kosiarki rotacyjnej<\/h2>\n<p>Kosiarki rotacyjne wyposa\u017cone w wysokiej jako\u015bci przek\u0142adni\u0119 oferuj\u0105 liczne zalety, dzi\u0119ki kt\u00f3rym s\u0105 niezb\u0119dnym narz\u0119dziem w pracach ogrodniczych, rolnictwie i piel\u0119gnacji teren\u00f3w zielonych. Zalety te wynikaj\u0105 z mo\u017cliwo\u015bci efektywnego przenoszenia mocy przez przek\u0142adni\u0119, zmniejszenia zu\u017cycia i poprawy og\u00f3lnej wydajno\u015bci kosiarki. Oto kilka kluczowych korzy\u015bci p\u0142yn\u0105cych z zastosowania przek\u0142adni w kosiarce rotacyjnej:<\/p>\n<ol>\n<li><strong>Wydajne przenoszenie mocy<\/strong><br \/>\nPrzek\u0142adnia kosiarki rotacyjnej odgrywa kluczow\u0105 rol\u0119 w przenoszeniu mocy z silnika ci\u0105gnika na no\u017ce kosiarki. Ta wydajna przek\u0142adnia zapewnia, \u017ce \u200b\u200bno\u017ce obracaj\u0105 si\u0119 z optymaln\u0105 pr\u0119dko\u015bci\u0105 i momentem obrotowym, umo\u017cliwiaj\u0105c kosiarce efektywne koszenie trawy, nawet w trudnych warunkach. Jest to szczeg\u00f3lnie wa\u017cne w przypadku du\u017cych gospodarstw, gdzie sp\u00f3jno\u015b\u0107 i wydajno\u015b\u0107 s\u0105 kluczowe.<\/li>\n<li><strong>Trwa\u0142o\u015b\u0107 i d\u0142ugowieczno\u015b\u0107<\/strong><br \/>\nPrzek\u0142adnie kosiarek rotacyjnych s\u0105 zaprojektowane tak, aby wytrzyma\u0107 intensywne u\u017cytkowanie i trudne warunki. Dzi\u0119ki solidnej konstrukcji, cz\u0119sto wykonanej z wysokiej jako\u015bci materia\u0142\u00f3w, takich jak \u017celiwo lub stopy aluminium, przek\u0142adnie te s\u0105 odporne na zu\u017cycie, korozj\u0119 i napr\u0119\u017cenia. Ta trwa\u0142o\u015b\u0107 gwarantuje p\u0142ynn\u0105 prac\u0119 przek\u0142adni przez d\u0142ugi czas, zmniejszaj\u0105c potrzeb\u0119 cz\u0119stych napraw lub wymian.<\/li>\n<li><strong>Ni\u017csze koszty konserwacji i eksploatacji<\/strong><br \/>\nDzi\u0119ki solidnej konstrukcji i wydajnemu przenoszeniu mocy, przek\u0142adnie kosiarek rotacyjnych wymagaj\u0105 mniej konserwacji ni\u017c inne rodzaje nap\u0119d\u00f3w kosiarek. Prawid\u0142owe smarowanie element\u00f3w wewn\u0119trznych, takich jak ko\u0142a z\u0119bate i \u0142o\u017cyska, pomaga zminimalizowa\u0107 tarcie, zu\u017cycie i przegrzewanie, co przek\u0142ada si\u0119 na ni\u017csze koszty eksploatacji i mniejsz\u0105 liczb\u0119 interwencji konserwacyjnych. Oznacza to d\u0142u\u017cszy czas sprawno\u015bci i mniej przerw na naprawy.<\/li>\n<li><strong>Ulepszona wydajno\u015b\u0107 ci\u0119cia<\/strong><br \/>\nDobrze zaprojektowana przek\u0142adnia zapewnia, \u017ce \u200b\u200bostrza kosiarki osi\u0105gaj\u0105 odpowiedni\u0105 pr\u0119dko\u015b\u0107 i moment obrotowy, co przek\u0142ada si\u0119 na czyste i r\u00f3wne ci\u0119cie. Niezale\u017cnie od tego, czy kosisz traw\u0119, chwasty, czy drobne zaro\u015bla, przek\u0142adnia zapewnia kosiarce doskona\u0142\u0105 wydajno\u015b\u0107 koszenia nawet w trudnych warunkach. Przek\u0142adnia pomaga kosiarce lepiej radzi\u0107 sobie z g\u0119st\u0105 ro\u015blinno\u015bci\u0105 i nier\u00f3wnym terenem.<\/li>\n<li><strong>Wszechstronno\u015b\u0107 i personalizacja<\/strong><br \/>\nPrzek\u0142adnie kosiarek rotacyjnych wyst\u0119puj\u0105 w r\u00f3\u017cnych konfiguracjach, takich jak modele jedno- lub wielobiegowe, co zapewnia elastyczno\u015b\u0107 w r\u00f3\u017cnych zastosowaniach. Wielu producent\u00f3w, w tym FMP, oferuje rozwi\u0105zania dostosowane do indywidualnych potrzeb, takie jak regulacja wysoko\u015bci koszenia lub zapewnienie dodatkowego momentu obrotowego do trudnych zada\u0144 koszenia. Ta wszechstronno\u015b\u0107 pozwala przek\u0142adniom na zastosowanie w szerokim spektrum bran\u017c, od rolnictwa po kszta\u0142towanie krajobrazu w miastach.<\/li>\n<li><strong>Funkcje bezpiecze\u0144stwa<\/strong><br \/>\nWiele przek\u0142adni kosiarek rotacyjnych jest wyposa\u017conych w zabezpieczenia, takie jak sprz\u0119g\u0142a jednokierunkowe lub mechanizmy roz\u0142\u0105czaj\u0105ce, kt\u00f3re zapobiegaj\u0105 uszkodzeniu przek\u0142adni i ostrzy kosiarki po wy\u0142\u0105czeniu silnika. Funkcje te pomagaj\u0105 r\u00f3wnie\u017c chroni\u0107 operatora przed wypadkami i zmniejszaj\u0105 ryzyko awarii mechanicznej.<\/li>\n<li><strong>Kompaktowy i \u0142atwy w monta\u017cu<\/strong><br \/>\nPrzek\u0142adnie kosiarek rotacyjnych s\u0105 zazwyczaj projektowane tak, aby by\u0142y kompaktowe i \u0142atwe w monta\u017cu w r\u00f3\u017cnych typach kosiarek i maszyn. Ich konstrukcja gwarantuje nie tylko wydajne przenoszenie mocy, ale tak\u017ce \u0142atw\u0105 integracj\u0119 z r\u00f3\u017cnymi systemami, co czyni je doskona\u0142ym wyborem zar\u00f3wno dla producent\u00f3w OEM, jak i u\u017cytkownik\u00f3w ko\u0144cowych.<\/li>\n<\/ol>\n<p>Podsumowuj\u0105c, przek\u0142adnia kosiarki rotacyjnej to kluczowy element, kt\u00f3ry zwi\u0119ksza wydajno\u015b\u0107, niezawodno\u015b\u0107 i ekonomiczno\u015b\u0107 sprz\u0119tu kosz\u0105cego. Jej zdolno\u015b\u0107 do efektywnego przenoszenia mocy, redukcji koszt\u00f3w konserwacji i poprawy wydajno\u015bci koszenia sprawia, \u017ce \u200b\u200bjest ona niezb\u0119dnym elementem nowoczesnych kosiarek rotacyjnych stosowanych w rolnictwie, przemy\u015ble i ogrodnictwie.<\/p>\n<p><img loading=\"lazy\" decoding=\"async\" class=\"alignnone size-full wp-image-1940\" src=\"https:\/\/fmp-components.com\/wp-content\/uploads\/2024\/12\/Rotary-Mower-Gearbox23.webp\" alt=\"Skrzynia bieg\u00f3w kosiarki rotacyjnej\" width=\"1000\" height=\"1000\" title=\"\" srcset=\"https:\/\/fmp-components.com\/wp-content\/uploads\/2024\/12\/Rotary-Mower-Gearbox23.webp 1000w, https:\/\/fmp-components.com\/wp-content\/uploads\/2024\/12\/Rotary-Mower-Gearbox23-980x980.webp 980w, https:\/\/fmp-components.com\/wp-content\/uploads\/2024\/12\/Rotary-Mower-Gearbox23-480x480.webp 480w\" sizes=\"(min-width: 0px) and (max-width: 480px) 480px, (min-width: 481px) and (max-width: 980px) 980px, (min-width: 981px) 1000px, 100vw\" \/><\/p>\n<h3>O FMP<\/h3>\n<p>Firma FMP z siedzib\u0105 we W\u0142oszech jest wiod\u0105cym innowatorem w dziedzinie bada\u0144, rozwoju i produkcji przek\u0142adni, reduktor\u00f3w i maszyn in\u017cynieryjnych. Znana ze swojego zaanga\u017cowania w jako\u015b\u0107, ci\u0105g\u0142ego doskonalenia i rozwoju talent\u00f3w, FMP zdoby\u0142a uznanie zar\u00f3wno na rynku lokalnym, jak i mi\u0119dzynarodowym. Dzi\u0119ki ugruntowanej reputacji w sektorze in\u017cynierii mechanicznej, firma jest zaufanym partnerem w r\u00f3\u017cnych bran\u017cach.<\/p>\n<p>FMP oferuje szerok\u0105 gam\u0119 wysokowydajnych produkt\u00f3w, w tym przek\u0142adnie sto\u017ckowe spiralne, przek\u0142adnie walcowe, przek\u0142adnie \u015blimakowe, przek\u0142adnie cylindryczne oraz korpusy i obudowy zawor\u00f3w odlewane ci\u015bnieniowo. Produkty te s\u0105 precyzyjnie projektowane, aby sprosta\u0107 zr\u00f3\u017cnicowanym potrzebom zastosowa\u0144 przemys\u0142owych i rolniczych, zapewniaj\u0105c niezawodno\u015b\u0107 i trwa\u0142o\u015b\u0107.<\/p>\n<p>Przek\u0142adnie i komponenty firmy FMP s\u0142u\u017c\u0105 wielu sektorom, takim jak rolnictwo, wydobycie ropy naftowej, systemy morskie i in\u017cynieria hydrauliczna. W rolnictwie FMP nap\u0119dza kluczowe maszyny, takie jak kosiarki rotacyjne, od\u015bnie\u017carki, rozsiewacze nawoz\u00f3w i przeno\u015bniki zbo\u017cowe. Ten szeroki zakres zastosowa\u0144 podkre\u015bla wszechstronno\u015b\u0107 FMP i jej zdolno\u015b\u0107 do oferowania rozwi\u0105za\u0144, kt\u00f3re zwi\u0119kszaj\u0105 wydajno\u015b\u0107 operacyjn\u0105 w r\u00f3\u017cnych bran\u017cach.<\/p>\n<p>Proces produkcyjny FMP opiera si\u0119 na zaawansowanych technikach i rygorystycznych standardach kontroli jako\u015bci. Od projektu po monta\u017c ko\u0144cowy, ka\u017cdy element jest wytwarzany z najwy\u017cszej jako\u015bci materia\u0142\u00f3w, takich jak \u017celiwo i stopy aluminium. Precyzyjne metody obr\u00f3bki zapewniaj\u0105 wysok\u0105 dok\u0142adno\u015b\u0107, a szczeg\u00f3\u0142owe kontrole gwarantuj\u0105 niezawodno\u015b\u0107 i d\u0142ugotrwa\u0142\u0105 wydajno\u015b\u0107. Nacisk FMP na jako\u015b\u0107, liniowo\u015b\u0107 i odporno\u015b\u0107 na zu\u017cycie gwarantuje, \u017ce produkty firmy nadal spe\u0142niaj\u0105 najwy\u017csze standardy.<\/p>\n<p>Jako firma o przysz\u0142o\u015bciowym podej\u015bciu, FMP stawia na zadowolenie klienta i ci\u0105g\u0142e innowacje. Firma jest otwarta na globalne partnerstwa, oferuj\u0105c rozwi\u0105zania dostosowane do potrzeb klienta. Aby dowiedzie\u0107 si\u0119 wi\u0119cej o produktach FMP lub pozna\u0107 mo\u017cliwo\u015bci wsp\u00f3\u0142pracy, potencjalni partnerzy mog\u0105 \u0142atwo skontaktowa\u0107 si\u0119 z firm\u0105 telefonicznie lub mailowo, co potwierdza zaanga\u017cowanie FMP w wyj\u0105tkow\u0105 obs\u0142ug\u0119 i wysokiej jako\u015bci rozwi\u0105zania.<\/p>\n<p><img loading=\"lazy\" decoding=\"async\" class=\"alignnone size-full wp-image-1861\" src=\"https:\/\/fmp-components.com\/wp-content\/uploads\/2024\/12\/Other-Agricultural-Gearboxes.webp\" alt=\"Inne-przek\u0142adnie-rolnicze\" width=\"1200\" height=\"1400\" title=\"\" srcset=\"https:\/\/fmp-components.com\/wp-content\/uploads\/2024\/12\/Other-Agricultural-Gearboxes.webp 1200w, https:\/\/fmp-components.com\/wp-content\/uploads\/2024\/12\/Other-Agricultural-Gearboxes-980x1143.webp 980w, https:\/\/fmp-components.com\/wp-content\/uploads\/2024\/12\/Other-Agricultural-Gearboxes-480x560.webp 480w\" sizes=\"(min-width: 0px) and (max-width: 480px) 480px, (min-width: 481px) and (max-width: 980px) 980px, (min-width: 981px) 1200px, 100vw\" \/><\/p>\n<p>Autor: CX<\/p>\n<p>&nbsp;<\/p>","protected":false},"excerpt":{"rendered":"<p>Rotary Mower Gearbox\u00a0TF-285B Specifications i N1[rpm] P1[kW] M2[Nm] Shaft Type Input X Y Z 1.86 1000 91.9 709 1&#8221; 3\/8 Z21 1&#8221; 3\/4 Z20 Hub connection Y Advantages of Rotary Mower Gearbox Rotary mowers equipped with a high-quality gearbox offer numerous advantages, making them an essential tool for landscaping, agriculture, and grounds maintenance. These advantages [&hellip;]<\/p>","protected":false},"featured_media":1946,"comment_status":"open","ping_status":"closed","template":"","meta":{"_et_pb_use_builder":"","_et_pb_old_content":"","_et_gb_content_width":""},"product_brand":[],"product_cat":[51],"product_tag":[],"class_list":{"0":"post-1943","1":"product","2":"type-product","3":"status-publish","4":"has-post-thumbnail","6":"product_cat-rotary-mower-gearbox","8":"first","9":"instock","10":"shipping-taxable","11":"product-type-simple"},"_links":{"self":[{"href":"https:\/\/fmp-components.com\/pl\/wp-json\/wp\/v2\/product\/1943","targetHints":{"allow":["GET"]}}],"collection":[{"href":"https:\/\/fmp-components.com\/pl\/wp-json\/wp\/v2\/product"}],"about":[{"href":"https:\/\/fmp-components.com\/pl\/wp-json\/wp\/v2\/types\/product"}],"replies":[{"embeddable":true,"href":"https:\/\/fmp-components.com\/pl\/wp-json\/wp\/v2\/comments?post=1943"}],"wp:featuredmedia":[{"embeddable":true,"href":"https:\/\/fmp-components.com\/pl\/wp-json\/wp\/v2\/media\/1946"}],"wp:attachment":[{"href":"https:\/\/fmp-components.com\/pl\/wp-json\/wp\/v2\/media?parent=1943"}],"wp:term":[{"taxonomy":"product_brand","embeddable":true,"href":"https:\/\/fmp-components.com\/pl\/wp-json\/wp\/v2\/product_brand?post=1943"},{"taxonomy":"product_cat","embeddable":true,"href":"https:\/\/fmp-components.com\/pl\/wp-json\/wp\/v2\/product_cat?post=1943"},{"taxonomy":"product_tag","embeddable":true,"href":"https:\/\/fmp-components.com\/pl\/wp-json\/wp\/v2\/product_tag?post=1943"}],"curies":[{"name":"wp","href":"https:\/\/api.w.org\/{rel}","templated":true}]}}