{"id":1923,"date":"2024-12-26T01:15:34","date_gmt":"2024-12-26T01:15:34","guid":{"rendered":"https:\/\/fmp-components.com\/?page_id=8"},"modified":"2024-12-26T01:23:05","modified_gmt":"2024-12-26T01:23:05","slug":"rotary-mower-gearbox-replacement-of-comer-code-lf227j","status":"publish","type":"product","link":"https:\/\/fmp-components.com\/pl\/product\/rotary-mower-gearbox-replacement-of-comer-code-lf227j\/","title":{"rendered":"Przek\u0142adnia kosiarki rotacyjnej \u2013 wymiana Comer Code LF227J"},"content":{"rendered":"<p><img loading=\"lazy\" decoding=\"async\" class=\"alignnone  wp-image-1931\" src=\"https:\/\/fmp-components.com\/wp-content\/uploads\/2024\/12\/LF-227J-Rotary-Mowers-Gearboxes-3.webp\" alt=\"LF-227J-Kosiarki-rotacyjne-Skrzynie bieg\u00f3w\" width=\"902\" height=\"451\" title=\"\"><\/p>\n<h2>Specyfikacja przek\u0142adni kosiarki rotacyjnej LF-227J<\/h2>\n<p><img loading=\"lazy\" decoding=\"async\" class=\"alignnone size-full wp-image-1924\" src=\"https:\/\/fmp-components.com\/wp-content\/uploads\/2024\/12\/LF-227J-Rotary-Mowers-Gearboxes-1.webp\" alt=\"LF-227J-Kosiarki-rotacyjne-Skrzynie bieg\u00f3w\" width=\"923\" height=\"734\" title=\"\" srcset=\"https:\/\/fmp-components.com\/wp-content\/uploads\/2024\/12\/LF-227J-Rotary-Mowers-Gearboxes-1.webp 923w, https:\/\/fmp-components.com\/wp-content\/uploads\/2024\/12\/LF-227J-Rotary-Mowers-Gearboxes-1-480x382.webp 480w\" sizes=\"(min-width: 0px) and (max-width: 480px) 480px, (min-width: 481px) 923px, 100vw\" \/><\/p>\n<table border=\"1\" cellspacing=\"0\" cellpadding=\"0\">\n<tbody>\n<tr>\n<td>Produkt<\/td>\n<td>Przek\u0142adnie kosiarek rotacyjnych \u2013 wymiana przek\u0142adni Comer LF-227J<\/td>\n<\/tr>\n<tr>\n<td>Aplikacja<\/td>\n<td>Kosiarki<\/td>\n<\/tr>\n<tr>\n<td>Informacje techniczne<\/td>\n<td>\n<ul>\n<li class=\"kh-16zd49f\">Wszystkie skrzynie bieg\u00f3w dostarczane s\u0105 bez oleju.<\/li>\n<li class=\"kh-16zd49f\">Najpierw nale\u017cy wymieni\u0107 olej po 50-70 godzinach pracy, nast\u0119pnie po 500-700 godzinach pracy lub co najmniej raz w roku.<\/li>\n<\/ul>\n<\/td>\n<\/tr>\n<tr>\n<td>Maksymalna moc wej\u015bciowa<\/td>\n<td>55 kW<\/td>\n<\/tr>\n<tr>\n<td>Zawiera olej<\/td>\n<td>NIE<\/td>\n<\/tr>\n<tr>\n<td>Maksymalna pojemno\u015b\u0107 oleju<\/td>\n<td>0,8 l<\/td>\n<\/tr>\n<tr>\n<td>Maksymalny odst\u0119p mi\u0119dzy wymianami oleju<\/td>\n<td>\n<div class=\"kh-pkx4zo\">500 godzin<\/div>\n<\/td>\n<\/tr>\n<tr>\n<td>Klasa lepko\u015bci oleju SAE<\/td>\n<td>80W-90<\/td>\n<\/tr>\n<tr>\n<td>Materia\u0142 obudowy<\/td>\n<td>\n<div class=\"kh-pkx4zo\">\u017beliwo GGG40<\/div>\n<\/td>\n<\/tr>\n<tr>\n<td>Waga<\/td>\n<td>37 kg<\/td>\n<\/tr>\n<tr>\n<td>Uk\u0142ad przek\u0142adni zwi\u0119kszaj\u0105cy<\/td>\n<td>3<\/td>\n<\/tr>\n<tr>\n<td>Prze\u0142o\u017cenie<\/td>\n<td>1: 1.83<\/td>\n<\/tr>\n<tr>\n<td>Moc wej\u015bciowa kW \/ KM Rosn\u0105ca<\/td>\n<td>55 \/ 75 kW\/KM<\/td>\n<\/tr>\n<tr>\n<td>Wa\u0142 wej\u015bciowy zwi\u0119kszaj\u0105cy<\/td>\n<td>X<\/td>\n<\/tr>\n<tr>\n<td>Moment obrotowy wyj\u015bciowy DaNm wzrasta<\/td>\n<td>51,7 daNm<\/td>\n<\/tr>\n<tr>\n<td>Wsp\u00f3\u0142czynnik wzrastaj\u0105cy<\/td>\n<td>\n<div class=\"kh-pkx4zo\">1: 1.83<\/div>\n<\/td>\n<\/tr>\n<tr>\n<td>Zmniejszanie wsp\u00f3\u0142czynnika<\/td>\n<td>\n<div class=\"kh-pkx4zo\">\n<div class=\"kh-pkx4zo\">1.83: 1<\/div>\n<\/div>\n<\/td>\n<\/tr>\n<tr>\n<td>Wa\u0142 X<\/td>\n<td>\n<div class=\"kh-pkx4zo\">1 3\/8&#8243; (6)<\/div>\n<\/td>\n<\/tr>\n<tr>\n<td>Wa\u0142 Z<\/td>\n<td>\n<div class=\"kh-pkx4zo\">ASA Z15 DP 8\/16<\/div>\n<\/td>\n<\/tr>\n<\/tbody>\n<\/table>\n<article class=\"w-full scroll-mb-[var(--thread-trailing-height,150px)] text-token-text-primary focus-visible:outline-2 focus-visible:outline-offset-[-4px]\" dir=\"auto\" data-testid=\"conversation-turn-64\" data-scroll-anchor=\"false\">\n<div class=\"m-auto text-base py-[18px] px-3 md:px-4 w-full md:px-5 lg:px-4 xl:px-5\">\n<div class=\"mx-auto flex flex-1 gap-4 text-base md:gap-5 lg:gap-6 md:max-w-3xl lg:max-w-[40rem] xl:max-w-[48rem]\">\n<div class=\"group\/conversation-turn relative flex w-full min-w-0 flex-col\">\n<div class=\"flex-col gap-1 md:gap-3\">\n<div class=\"flex max-w-full flex-col flex-grow\">\n<div class=\"min-h-8 text-message flex w-full flex-col items-end gap-2 whitespace-normal break-words text-start [.text-message+&amp;]:mt-5\" dir=\"auto\" data-message-author-role=\"user\" data-message-id=\"aaa2950e-0cfd-4509-aebd-d9a1f96d58e2\">\n<div class=\"flex w-full flex-col gap-1 empty:hidden items-end rtl:items-start\">\n<div class=\"relative max-w-[var(--user-chat-width,70%)] rounded-3xl bg-token-message-surface px-5 py-2.5\"><\/div>\n<\/div>\n<\/div>\n<\/div>\n<\/div>\n<\/div>\n<\/div>\n<\/div>\n<\/article>\n<article class=\"w-full scroll-mb-[var(--thread-trailing-height,150px)] text-token-text-primary focus-visible:outline-2 focus-visible:outline-offset-[-4px]\" dir=\"auto\" data-testid=\"conversation-turn-65\" data-scroll-anchor=\"true\">\n<div class=\"m-auto text-base py-[18px] px-3 md:px-4 w-full md:px-5 lg:px-4 xl:px-5\">\n<div class=\"mx-auto flex flex-1 gap-4 text-base md:gap-5 lg:gap-6 md:max-w-3xl lg:max-w-[40rem] xl:max-w-[48rem]\">\n<div class=\"flex-shrink-0 flex flex-col relative items-end\">\n<div>\n<div class=\"pt-0\">\n<div class=\"gizmo-bot-avatar flex h-8 w-8 items-center justify-center overflow-hidden rounded-full\">\n<div class=\"relative p-1 rounded-sm flex items-center justify-center bg-token-main-surface-primary text-token-text-primary h-8 w-8\">\n<h2>Cz\u0119\u015bci przek\u0142adni kosiarki rotacyjnej LF-227J<\/h2>\n<\/div>\n<\/div>\n<\/div>\n<\/div>\n<\/div>\n<div class=\"group\/conversation-turn relative flex w-full min-w-0 flex-col agent-turn\">\n<div class=\"flex-col gap-1 md:gap-3\">\n<div class=\"flex max-w-full flex-col flex-grow\">\n<div class=\"min-h-8 text-message flex w-full flex-col items-end gap-2 whitespace-normal break-words text-start [.text-message+&amp;]:mt-5\" dir=\"auto\" data-message-author-role=\"assistant\" data-message-id=\"265b0b87-0dc5-4499-8ae3-29eb8c5567e5\" data-message-model-slug=\"gpt-4o\">\n<div class=\"flex w-full flex-col gap-1 empty:hidden first:pt-[3px]\">\n<div class=\"markdown prose w-full break-words dark:prose-invert light\">\n<p>Przek\u0142adnia kosiarki rotacyjnej LF-227J zosta\u0142a zaprojektowana z kilku kluczowych komponent\u00f3w, kt\u00f3re wsp\u00f3\u0142pracuj\u0105 ze sob\u0105, aby zapewni\u0107 niezawodn\u0105 i wydajn\u0105 prac\u0119. Ka\u017cdy element odgrywa kluczow\u0105 rol\u0119 w zapewnieniu p\u0142ynnej pracy przek\u0142adni w trudnych warunkach, dostarczaj\u0105c ostrzom kosiarki niezb\u0119dn\u0105 moc i moment obrotowy, co gwarantuje optymaln\u0105 wydajno\u015b\u0107 koszenia.<\/p>\n<p>Sercem skrzyni bieg\u00f3w jest <strong>wa\u0142 wej\u015bciowy<\/strong>, kt\u00f3ry odpowiada za przeniesienie mocy z silnika spalinowego lub elektrycznego do skrzyni bieg\u00f3w. Wa\u0142 ten \u0142\u0105czy si\u0119 bezpo\u015brednio z uk\u0142adem WOM (wa\u0142u odbioru mocy) ci\u0105gnika i stanowi punkt wyj\u015bcia do przeniesienia mocy, kt\u00f3ry nap\u0119dza ca\u0142y uk\u0142ad kosiarki.<\/p>\n<p>Ten <strong>ko\u0142a z\u0119bate<\/strong> W przek\u0142adni LF-227J kluczowe s\u0105 mechanizmy, kt\u00f3re przekszta\u0142caj\u0105 moc wej\u015bciow\u0105 w odpowiedni\u0105 pr\u0119dko\u015b\u0107 i moment obrotowy wymagany do nap\u0119dzania ostrzy kosiarki. Przek\u0142adnia jest wyposa\u017cona w hartowane ko\u0142a z\u0119bate, zaprojektowane do pracy z du\u017cymi obci\u0105\u017ceniami, zapewniaj\u0105c efektywne przenoszenie mocy nawet w trudnych warunkach. Ko\u0142a te s\u0105 precyzyjnie obrobione, aby zachowa\u0107 wysok\u0105 wydajno\u015b\u0107 i trwa\u0142o\u015b\u0107 przez d\u0142ugi czas.<\/p>\n<p><strong>Namiar<\/strong> \u0141o\u017cyska to kolejny kluczowy element przek\u0142adni kosiarki rotacyjnej. Wspieraj\u0105 obracaj\u0105ce si\u0119 cz\u0119\u015bci przek\u0142adni i minimalizuj\u0105 tarcie mi\u0119dzy ruchomymi elementami. Zmniejszaj\u0105c tarcie, \u0142o\u017cyska pomagaj\u0105 zapobiega\u0107 nadmiernemu zu\u017cyciu, wyd\u0142u\u017caj\u0105 \u017cywotno\u015b\u0107 przek\u0142adni i zapewniaj\u0105 p\u0142ynn\u0105 i wydajn\u0105 prac\u0119.<\/p>\n<p>Jaki\u015b <strong>uszczelka olejowa<\/strong> Odgrywa kluczow\u0105 rol\u0119 w utrzymaniu integralno\u015bci skrzyni bieg\u00f3w. Zapobiega wyciekaniu smaru i przedostawaniu si\u0119 do skrzyni bieg\u00f3w brudu, zanieczyszcze\u0144 i wilgoci. Uszczelnienie olejowe zapewnia odpowiednie smarowanie element\u00f3w wewn\u0119trznych, co pomaga zapobiega\u0107 uszkodzeniom i poprawia og\u00f3ln\u0105 wydajno\u015b\u0107 skrzyni bieg\u00f3w.<\/p>\n<p>Ten <strong>mieszkania<\/strong> Przek\u0142adnia LF-227J to solidna \u017celiwna konstrukcja, kt\u00f3ra zapewnia niezb\u0119dne wsparcie i ochron\u0119 cz\u0119\u015bci wewn\u0119trznych. Ta trwa\u0142a obudowa chroni delikatne elementy przed czynnikami zewn\u0119trznymi, takimi jak kurz i woda, i pomaga zachowa\u0107 integralno\u015b\u0107 strukturaln\u0105 przek\u0142adni, nawet w trudnych warunkach pracy.<\/p>\n<p>Ten <strong>wa\u0142 wyj\u015bciowy<\/strong> Odpowiada za przeniesienie mocy ze skrzyni bieg\u00f3w na ostrza kosiarki. Przekszta\u0142ca moc obrotow\u0105 generowan\u0105 przez skrzyni\u0119 bieg\u00f3w w wysokie obroty niezb\u0119dne do wydajnego koszenia trawy i innych ro\u015blin.<\/p>\n<p>Na koniec, <strong>uk\u0142ad smarowania<\/strong> Zapewnia prawid\u0142owe smarowanie wszystkich wewn\u0119trznych element\u00f3w skrzyni bieg\u00f3w. System ten zmniejsza tarcie, zapobiega nadmiernemu zu\u017cyciu i zapewnia p\u0142ynn\u0105 prac\u0119 skrzyni bieg\u00f3w. Regularne smarowanie jest niezb\u0119dne, aby wyd\u0142u\u017cy\u0107 \u017cywotno\u015b\u0107 skrzyni bieg\u00f3w i zapewni\u0107 jej wydajn\u0105 prac\u0119.<\/p>\n<p>Podsumowuj\u0105c, przek\u0142adnia kosiarki rotacyjnej LF-227J to wysoce zaawansowane technologicznie urz\u0105dzenie, w kt\u00f3rym ka\u017cda cz\u0119\u015b\u0107 zosta\u0142a starannie zaprojektowana z my\u015bl\u0105 o spe\u0142nianiu okre\u015blonej funkcji. Regularna konserwacja, obejmuj\u0105ca kontrole smarowania, inspekcje \u0142o\u017cysk i ocen\u0119 stanu przek\u0142adni, jest niezb\u0119dna, aby utrzyma\u0107 przek\u0142adni\u0119 w optymalnej kondycji i zapewni\u0107 jej niezawodn\u0105 prac\u0119 w wymagaj\u0105cych pracach rolniczych.<\/p>\n<\/div>\n<\/div>\n<\/div>\n<\/div>\n<\/div>\n<\/div>\n<\/div>\n<\/div>\n<\/article>\n<table style=\"width: 100%; height: 284px;\" border=\"1\" width=\"100%\" cellspacing=\"0\" cellpadding=\"0\">\n<tbody>\n<tr style=\"height: 284px;\">\n<td style=\"width: 49.784%; height: 284px;\" width=\"110\"><img loading=\"lazy\" decoding=\"async\" class=\"alignnone size-full wp-image-1925\" src=\"https:\/\/fmp-components.com\/wp-content\/uploads\/2024\/12\/Rotary-Mower-Gearbox-LF-227J-2.webp\" alt=\"Skrzynia bieg\u00f3w kosiarki rotacyjnej\" width=\"2560\" height=\"1920\" title=\"\" srcset=\"https:\/\/fmp-components.com\/wp-content\/uploads\/2024\/12\/Rotary-Mower-Gearbox-LF-227J-2.webp 2560w, https:\/\/fmp-components.com\/wp-content\/uploads\/2024\/12\/Rotary-Mower-Gearbox-LF-227J-2-1280x960.webp 1280w, https:\/\/fmp-components.com\/wp-content\/uploads\/2024\/12\/Rotary-Mower-Gearbox-LF-227J-2-980x735.webp 980w, https:\/\/fmp-components.com\/wp-content\/uploads\/2024\/12\/Rotary-Mower-Gearbox-LF-227J-2-480x360.webp 480w\" sizes=\"(min-width: 0px) and (max-width: 480px) 480px, (min-width: 481px) and (max-width: 980px) 980px, (min-width: 981px) and (max-width: 1280px) 1280px, (min-width: 1281px) 2560px, 100vw\" \/><\/td>\n<td style=\"width: 50%; height: 284px;\" width=\"98\"><img loading=\"lazy\" decoding=\"async\" class=\"alignnone size-full wp-image-1927\" src=\"https:\/\/fmp-components.com\/wp-content\/uploads\/2024\/12\/Rotary-Mower-Gearbox-LF-227J-1.webp\" alt=\"Skrzynia bieg\u00f3w kosiarki rotacyjnej\" width=\"2560\" height=\"1920\" title=\"\" srcset=\"https:\/\/fmp-components.com\/wp-content\/uploads\/2024\/12\/Rotary-Mower-Gearbox-LF-227J-1.webp 2560w, https:\/\/fmp-components.com\/wp-content\/uploads\/2024\/12\/Rotary-Mower-Gearbox-LF-227J-1-1280x960.webp 1280w, https:\/\/fmp-components.com\/wp-content\/uploads\/2024\/12\/Rotary-Mower-Gearbox-LF-227J-1-980x735.webp 980w, https:\/\/fmp-components.com\/wp-content\/uploads\/2024\/12\/Rotary-Mower-Gearbox-LF-227J-1-480x360.webp 480w\" sizes=\"(min-width: 0px) and (max-width: 480px) 480px, (min-width: 481px) and (max-width: 980px) 980px, (min-width: 981px) and (max-width: 1280px) 1280px, (min-width: 1281px) 2560px, 100vw\" \/><\/td>\n<\/tr>\n<\/tbody>\n<\/table>\n<h3><\/h3>\n<h3>Wa\u0142 odbioru mocy rolniczy do przek\u0142adni kosiarki obrotowej<\/h3>\n<p>Wa\u0142 odbioru mocy (WOM) w rolnictwie odgrywa kluczow\u0105 rol\u0119 w przenoszeniu mocy z silnika ci\u0105gnika do przek\u0142adni kosiarki rotacyjnej. To po\u0142\u0105czenie umo\u017cliwia obr\u00f3t ostrzy kosiarki i efektywne koszenie trawy, co czyni go niezb\u0119dnym elementem w pracach piel\u0119gnacyjnych na du\u017c\u0105 skal\u0119. Prawid\u0142owo dobrany i konserwowany wa\u0142 WOM zapewnia wydajn\u0105 prac\u0119 przek\u0142adni, wyd\u0142u\u017caj\u0105c jej \u017cywotno\u015b\u0107 i poprawiaj\u0105c og\u00f3ln\u0105 wydajno\u015b\u0107.<\/p>\n<p>Wa\u0142 odbioru mocy (WOM) \u0142\u0105czy si\u0119 z WOM ci\u0105gnika i przekazuje moc do kosiarki rotacyjnej. Dzi\u0119ki temu silnik ci\u0105gnika nap\u0119dza przek\u0142adni\u0119 kosiarki, kt\u00f3ra z kolei nap\u0119dza ostrza. G\u0142\u00f3wnym zadaniem wa\u0142u WOM jest u\u0142atwienie przenoszenia energii, umo\u017cliwiaj\u0105c kosiarce prac\u0119 z pe\u0142n\u0105 wydajno\u015bci\u0105 i efektywne koszenie.<\/p>\n<p>Funkcjonalnie, wa\u0142ek odbioru mocy sk\u0142ada si\u0119 z wielowypustowego ko\u0144ca, kt\u00f3ry \u0142\u0105czy si\u0119 z WOM ci\u0105gnika, oraz jarzma na drugim ko\u0144cu, kt\u00f3re \u0142\u0105czy si\u0119 ze skrzyni\u0105 bieg\u00f3w kosiarki. Obracaj\u0105cy si\u0119 silnik ci\u0105gnika nap\u0119dza wa\u0142ek odbioru mocy, kt\u00f3ry obraca skrzyni\u0119 bieg\u00f3w i nap\u0119dza ostrza kosiarki. To p\u0142ynne przenoszenie mocy jest niezb\u0119dne do p\u0142ynnego i ci\u0105g\u0142ego koszenia, szczeg\u00f3lnie na wi\u0119kszych obszarach.<\/p>\n<p>Dost\u0119pne s\u0105 r\u00f3\u017cne rodzaje wa\u0142\u00f3w odbioru mocy, ka\u017cdy przeznaczony do konkretnych zastosowa\u0144. Wa\u0142 odbioru mocy o pr\u0119dko\u015bci 540 obr.\/min jest zazwyczaj u\u017cywany do mniejszych i l\u017cejszych maszyn, natomiast wa\u0142 odbioru mocy o pr\u0119dko\u015bci 1000 obr.\/min jest bardziej odpowiedni do wi\u0119kszych i mocniejszych maszyn. Dodatkowo, dwubiegowy wa\u0142 odbioru mocy oferuje elastyczno\u015b\u0107, umo\u017cliwiaj\u0105c prac\u0119 zar\u00f3wno z pr\u0119dko\u015bci\u0105 540, jak i 1000 obr.\/min, w zale\u017cno\u015bci od potrzeb maszyny.<\/p>\n<p>Aby zapewni\u0107 d\u0142ugowieczno\u015b\u0107 i wydajno\u015b\u0107 wa\u0142ka WOM, niezb\u0119dna jest regularna konserwacja. Prawid\u0142owe smarowanie ko\u0144c\u00f3wek jarzma i sprz\u0119gie\u0142 pomaga zmniejszy\u0107 zu\u017cycie, a utrzymanie wa\u0142u w czysto\u015bci i bez zanieczyszcze\u0144 zapobiega uszkodzeniom spowodowanym przez brud i korozj\u0119. Regularne kontrole pod k\u0105tem oznak zu\u017cycia lub uszkodze\u0144 s\u0105 r\u00f3wnie\u017c wa\u017cne, poniewa\u017c terminowa wymiana zu\u017cytych cz\u0119\u015bci mo\u017ce zapobiec kosztownym naprawom. Przestrzeganie tych zalece\u0144 konserwacyjnych zapewnia optymaln\u0105 prac\u0119 wa\u0142ka WOM, przyczyniaj\u0105c si\u0119 do og\u00f3lnej niezawodno\u015bci przek\u0142adni kosiarki rotacyjnej.<\/p>\n<h3><img loading=\"lazy\" decoding=\"async\" class=\"alignnone size-full wp-image-1929\" src=\"https:\/\/fmp-components.com\/wp-content\/uploads\/2024\/12\/LF-227J-Rotary-Mowers-Gearboxes-21.webp\" alt=\"LF-227J-Kosiarki-rotacyjne-Skrzynie bieg\u00f3w\" width=\"980\" height=\"490\" title=\"\" srcset=\"https:\/\/fmp-components.com\/wp-content\/uploads\/2024\/12\/LF-227J-Rotary-Mowers-Gearboxes-21.webp 980w, https:\/\/fmp-components.com\/wp-content\/uploads\/2024\/12\/LF-227J-Rotary-Mowers-Gearboxes-21-480x240.webp 480w\" sizes=\"(min-width: 0px) and (max-width: 480px) 480px, (min-width: 481px) 980px, 100vw\" \/>O FMP<\/h3>\n<p>Firma FMP, z siedzib\u0105 we W\u0142oszech, jest uznanym liderem w dziedzinie bada\u0144, rozwoju i produkcji przek\u0142adni, reduktor\u00f3w i maszyn in\u017cynieryjnych. Dzi\u0119ki sta\u0142emu zaanga\u017cowaniu w innowacje, jako\u015b\u0107 i rozw\u00f3j talent\u00f3w, FMP zyska\u0142a pozycj\u0119 znacz\u0105cego gracza w bran\u017cy in\u017cynierii mechanicznej. Ci\u0105g\u0142e d\u0105\u017cenie firmy do doskona\u0142o\u015bci pomog\u0142o jej zbudowa\u0107 siln\u0105 reputacj\u0119 zar\u00f3wno na rynku krajowym, jak i mi\u0119dzynarodowym, czyni\u0105c j\u0105 zaufan\u0105 mark\u0105 w bran\u017cy.<\/p>\n<p>FMP oferuje szerok\u0105 gam\u0119 wysokowydajnych produkt\u00f3w, zaprojektowanych z my\u015bl\u0105 o zr\u00f3\u017cnicowanych potrzebach r\u00f3\u017cnych bran\u017c. Oferta firmy obejmuje przek\u0142adnie sto\u017ckowe, walcowe, \u015blimakowe, walcowe oraz korpusy i obudowy zawor\u00f3w odlewane ci\u015bnieniowo. Ka\u017cdy produkt jest starannie zaprojektowany, aby zapewni\u0107 niezawodn\u0105 i wydajn\u0105 prac\u0119, gwarantuj\u0105c optymalne rezultaty zar\u00f3wno w ci\u0119\u017ckich zastosowaniach przemys\u0142owych, jak i w bardziej specjalistycznych zastosowaniach.<\/p>\n<p>Wszechstronno\u015b\u0107 produkt\u00f3w FMP pozwala im obs\u0142ugiwa\u0107 szeroki wachlarz bran\u017c. W rolnictwie ich przek\u0142adnie nap\u0119dzaj\u0105 niezb\u0119dne maszyny, takie jak kosiarki rotacyjne, od\u015bnie\u017carki, rozsiewacze nawoz\u00f3w i przeno\u015bniki zbo\u017cowe. Poza rolnictwem, FMP dostarcza r\u00f3wnie\u017c komponenty do maszyn przemys\u0142owych wykorzystywanych w wydobyciu ropy naftowej, zastosowaniach morskich i in\u017cynierii hydraulicznej. Ten szeroki zakres zastosowa\u0144 \u015bwiadczy o wszechstronno\u015bci i niezawodno\u015bci produkt\u00f3w FMP w r\u00f3\u017cnych dziedzinach.<\/p>\n<p>Zaawansowane procesy produkcyjne FMP odzwierciedlaj\u0105 zaanga\u017cowanie firmy w jako\u015b\u0107. Od projektu po ko\u0144cowy monta\u017c, ka\u017cdy produkt jest poddawany rygorystycznej dba\u0142o\u015bci o szczeg\u00f3\u0142y. Aby zapewni\u0107 trwa\u0142o\u015b\u0107, dobierane s\u0105 wy\u0142\u0105cznie wysokiej jako\u015bci materia\u0142y, w tym \u017celiwo i stopy aluminium. Do precyzyjnego wytwarzania komponent\u00f3w wykorzystywane s\u0105 zaawansowane techniki obr\u00f3bki, takie jak toczenie i frezowanie. Proces monta\u017cu zapewnia prawid\u0142owe ustawienie i smarowanie, co przek\u0142ada si\u0119 na p\u0142ynn\u0105 prac\u0119, a obr\u00f3bka cieplna i pow\u0142oki powierzchniowe zwi\u0119kszaj\u0105 wytrzyma\u0142o\u015b\u0107, odporno\u015b\u0107 na zu\u017cycie i poprawiaj\u0105 wygl\u0105d. Rygorystyczne procedury kontroli jako\u015bci gwarantuj\u0105, \u017ce ka\u017cdy produkt spe\u0142nia najwy\u017csze standardy wydajno\u015bci.<\/p>\n<p>Zaanga\u017cowanie FMP w dostarczanie najwy\u017cszej jako\u015bci produkt\u00f3w i wyj\u0105tkowej obs\u0142ugi zapewni\u0142o firmie znakomit\u0105 reputacj\u0119 w bran\u017cy produkcyjnej. Koncentruj\u0105c si\u0119 na jako\u015bci wykonania i zadowoleniu klienta, firma stale si\u0119 rozwija i umacnia swoj\u0105 pozycj\u0119 na rynku. FMP aktywnie wsp\u00f3\u0142pracuje z globalnymi partnerami, oferuj\u0105c rozwi\u0105zania dostosowane do indywidualnych potrzeb klient\u00f3w na ca\u0142ym \u015bwiecie. Potencjalni partnerzy mog\u0105 \u0142atwo skontaktowa\u0107 si\u0119 z FMP, aby uzyska\u0107 wi\u0119cej informacji, co potwierdza zaanga\u017cowanie firmy w d\u0105\u017ceniu do doskona\u0142o\u015bci i rozwi\u0105za\u0144 zorientowanych na klienta.<\/p>\n<p><img loading=\"lazy\" decoding=\"async\" class=\"alignnone size-full wp-image-1861\" src=\"https:\/\/fmp-components.com\/wp-content\/uploads\/2024\/12\/Other-Agricultural-Gearboxes.webp\" sizes=\"(min-width: 0px) and (max-width: 480px) 480px, (min-width: 481px) and (max-width: 980px) 980px, (min-width: 981px) 1200px, 100vw\" srcset=\"https:\/\/fmp-components.com\/wp-content\/uploads\/2024\/12\/Other-Agricultural-Gearboxes.webp 1200w, https:\/\/fmp-components.com\/wp-content\/uploads\/2024\/12\/Other-Agricultural-Gearboxes-980x1143.webp 980w, https:\/\/fmp-components.com\/wp-content\/uploads\/2024\/12\/Other-Agricultural-Gearboxes-480x560.webp 480w\" alt=\"Inne-przek\u0142adnie-rolnicze\" width=\"1200\" height=\"1400\" title=\"\"><\/p>\n<p>Autor: CX<\/p>","protected":false},"excerpt":{"rendered":"<p>Specification of\u00a0Rotary Mower Gearbox LF-227J Product Rotary Mowers Gearboxes \u2013 Replacement of Comer Gearbox LF-227J Application Mowers Technical information All gearboxes are supplied without oil. First, the oil change after 50-70 operating hours, then after 500-700 operating hours or at least once a year. Max. input power 55 kW Contains oil No Max. oil capacity [&hellip;]<\/p>","protected":false},"featured_media":1928,"comment_status":"open","ping_status":"closed","template":"","meta":{"_et_pb_use_builder":"","_et_pb_old_content":"","_et_gb_content_width":""},"product_brand":[],"product_cat":[51],"product_tag":[],"class_list":{"0":"post-1923","1":"product","2":"type-product","3":"status-publish","4":"has-post-thumbnail","6":"product_cat-rotary-mower-gearbox","8":"first","9":"instock","10":"shipping-taxable","11":"product-type-simple"},"_links":{"self":[{"href":"https:\/\/fmp-components.com\/pl\/wp-json\/wp\/v2\/product\/1923","targetHints":{"allow":["GET"]}}],"collection":[{"href":"https:\/\/fmp-components.com\/pl\/wp-json\/wp\/v2\/product"}],"about":[{"href":"https:\/\/fmp-components.com\/pl\/wp-json\/wp\/v2\/types\/product"}],"replies":[{"embeddable":true,"href":"https:\/\/fmp-components.com\/pl\/wp-json\/wp\/v2\/comments?post=1923"}],"wp:featuredmedia":[{"embeddable":true,"href":"https:\/\/fmp-components.com\/pl\/wp-json\/wp\/v2\/media\/1928"}],"wp:attachment":[{"href":"https:\/\/fmp-components.com\/pl\/wp-json\/wp\/v2\/media?parent=1923"}],"wp:term":[{"taxonomy":"product_brand","embeddable":true,"href":"https:\/\/fmp-components.com\/pl\/wp-json\/wp\/v2\/product_brand?post=1923"},{"taxonomy":"product_cat","embeddable":true,"href":"https:\/\/fmp-components.com\/pl\/wp-json\/wp\/v2\/product_cat?post=1923"},{"taxonomy":"product_tag","embeddable":true,"href":"https:\/\/fmp-components.com\/pl\/wp-json\/wp\/v2\/product_tag?post=1923"}],"curies":[{"name":"wp","href":"https:\/\/api.w.org\/{rel}","templated":true}]}}