{"id":1915,"date":"2024-12-26T00:50:23","date_gmt":"2024-12-26T00:50:23","guid":{"rendered":"https:\/\/fmp-components.com\/?page_id=8"},"modified":"2024-12-26T00:50:23","modified_gmt":"2024-12-26T00:50:23","slug":"rotary-mower-gearbox-replacement-of-comer-code-lf-139a","status":"publish","type":"product","link":"https:\/\/fmp-components.com\/pl\/product\/rotary-mower-gearbox-replacement-of-comer-code-lf-139a\/","title":{"rendered":"Przek\u0142adnia kosiarki rotacyjnej \u2013 wymiana kodu Comer LF-139A"},"content":{"rendered":"<h2>Specyfikacja przek\u0142adni kosiarki rotacyjnej LF-139A<\/h2>\n<p><img loading=\"lazy\" decoding=\"async\" class=\"alignnone size-full wp-image-1920\" src=\"https:\/\/fmp-components.com\/wp-content\/uploads\/2024\/12\/rotary-mower-gearbox-specification-1.webp\" alt=\"specyfikacja-przek\u0142adni-kosiarki-rotacyjnej\" width=\"947\" height=\"492\" title=\"\" srcset=\"https:\/\/fmp-components.com\/wp-content\/uploads\/2024\/12\/rotary-mower-gearbox-specification-1.webp 947w, https:\/\/fmp-components.com\/wp-content\/uploads\/2024\/12\/rotary-mower-gearbox-specification-1-480x249.webp 480w\" sizes=\"(min-width: 0px) and (max-width: 480px) 480px, (min-width: 481px) 947px, 100vw\" \/><\/p>\n<table style=\"width: 100%; height: 137px;\" border=\"1\" width=\"100%\" cellspacing=\"0\" cellpadding=\"0\">\n<tbody>\n<tr style=\"height: 23px;\">\n<td style=\"height: 46px;\" rowspan=\"2\"><strong>I<\/strong><\/td>\n<td style=\"height: 46px;\" rowspan=\"2\"><strong>N<sub>1<\/sub>[obr.\/min]<\/strong><\/td>\n<td style=\"height: 46px;\" rowspan=\"2\"><strong>P<sub>1<\/sub>[kW]<\/strong><\/td>\n<td style=\"height: 46px;\" rowspan=\"2\"><strong>M<sub>2<\/sub>[Nm]<\/strong><\/td>\n<td style=\"height: 23px;\" colspan=\"2\"><strong>Typ wa\u0142u<\/strong><\/td>\n<td style=\"height: 46px;\" rowspan=\"2\"><strong>Wej\u015bcie<\/strong><\/td>\n<\/tr>\n<tr style=\"height: 23px;\">\n<td style=\"height: 23px;\"><strong>X<\/strong><\/td>\n<td style=\"height: 23px;\"><strong>Z<\/strong><\/td>\n<\/tr>\n<tr style=\"height: 68px;\">\n<td style=\"height: 68px;\">1.50<\/td>\n<td style=\"height: 68px;\">540<\/td>\n<td style=\"height: 68px;\">66<\/td>\n<td style=\"height: 68px;\">755<\/td>\n<td style=\"height: 68px;\">1\u201d 3\/8 Z6<\/p>\n<p>1\u201d 3\/4 Z20<\/td>\n<td style=\"height: 68px;\">Po\u0142\u0105czenie piastowe<\/td>\n<td style=\"height: 68px;\">X<\/td>\n<\/tr>\n<tr style=\"height: 23px;\">\n<td style=\"height: 23px;\">1.20<\/td>\n<td style=\"height: 23px;\">1000<\/td>\n<td style=\"height: 23px;\">66<\/td>\n<td style=\"height: 23px;\">509<\/td>\n<td style=\"height: 23px;\">1\u201d 3\/4 Z20<\/td>\n<td style=\"height: 23px;\">Po\u0142\u0105czenie piastowe<\/td>\n<td style=\"height: 23px;\">X<\/td>\n<\/tr>\n<\/tbody>\n<\/table>\n<h3>Kontrola i konserwacja skrzyni bieg\u00f3w kosiarki obrotowej<\/h3>\n<ol>\n<li><strong>Kontrola poziomu oleju (w skrzyniach bieg\u00f3w z korkami poziomu oleju)<\/strong> Regularne sprawdzanie poziomu oleju w przek\u0142adni kosiarki rotacyjnej jest niezb\u0119dne dla zapewnienia optymalnego smarowania. Nale\u017cy rozpocz\u0105\u0107 od sprawdzenia, czy poziom oleju jest prawid\u0142owy i czy jego jako\u015b\u0107 jest zadowalaj\u0105ca. Je\u015bli poziom oleju jest niski, nale\u017cy go uzupe\u0142ni\u0107 zalecanym rodzajem oleju. Po sprawdzeniu nale\u017cy dok\u0142adnie zakr\u0119ci\u0107 korek wlewu oleju, aby zapobiec wyciekom i zanieczyszczeniom.<\/li>\n<li><strong>Wymiana oleju<\/strong> Wymiana oleju w skrzyni bieg\u00f3w jest kluczowa dla utrzymania jej prawid\u0142owego dzia\u0142ania i wyd\u0142u\u017cenia jej \u017cywotno\u015bci. Zawsze wymie\u0144 olej, gdy skrzynia bieg\u00f3w jest rozgrzana do temperatury roboczej, aby zapewni\u0107 ca\u0142kowite opr\u00f3\u017cnienie. Przed rozpocz\u0119ciem wymiany upewnij si\u0119, \u017ce olej jest od\u0142\u0105czony od zasilania, aby unikn\u0105\u0107 ryzyka pora\u017cenia pr\u0105dem. Gdy skrzynia bieg\u00f3w ostygnie i b\u0119dzie bezpieczna w obs\u0142udze, lepko\u015b\u0107 oleju wzrasta, co utrudnia jego opr\u00f3\u017cnienie. Dlatego przed odkr\u0119ceniem korka spustowego i wymian\u0105 oleju nale\u017cy poczeka\u0107 na jego ca\u0142kowite ostygni\u0119cie. Aby uzyska\u0107 optymaln\u0105 wydajno\u015b\u0107, nale\u017cy stosowa\u0107 olej zalecany przez producenta.<\/li>\n<li><strong>Kontrola poziomu oleju<\/strong> Aby sprawdzi\u0107 poziom oleju w skrzyni bieg\u00f3w, nale\u017cy najpierw od\u0142\u0105czy\u0107 zasilanie, aby unikn\u0105\u0107 pora\u017cenia pr\u0105dem. Poczekaj, a\u017c skrzynia bieg\u00f3w kosiarki ostygnie, a nast\u0119pnie wyjmij korek poziomu oleju, aby sprawdzi\u0107 jego poziom. Je\u015bli poziom oleju jest niski, uzupe\u0142nij go zgodnie z zaleceniami producenta. Po ustawieniu prawid\u0142owego poziomu oleju, dok\u0142adnie zakr\u0119\u0107 korek poziomu oleju, aby upewni\u0107 si\u0119, \u017ce nie dojdzie do wycieku podczas pracy.<\/li>\n<li><strong>Kontrola jako\u015bci oleju<\/strong> Regularna kontrola jako\u015bci oleju jest niezb\u0119dna, aby wykry\u0107 wszelkie oznaki zanieczyszczenia lub degradacji. Po od\u0142\u0105czeniu zasilania i ostygni\u0119ciu skrzyni bieg\u00f3w, nale\u017cy odkr\u0119ci\u0107 korek spustowy oleju i pobra\u0107 pr\u00f3bk\u0119 oleju. Nale\u017cy sprawdzi\u0107, czy nie ma przebarwie\u0144, zm\u0119tnienia lub obecno\u015bci cz\u0105stek sta\u0142ych. Je\u015bli olej jest m\u0119tny lub wykazuje oznaki nadmiernego zu\u017cycia, nale\u017cy go natychmiast wymieni\u0107, aby zapobiec uszkodzeniu skrzyni bieg\u00f3w. Monitorowanie wska\u017anika lepko\u015bci i innych w\u0142a\u015bciwo\u015bci oleju zapewnia p\u0142ynn\u0105 prac\u0119 i minimalizuje ryzyko awarii skrzyni bieg\u00f3w.<\/li>\n<\/ol>\n<h2>Wa\u0142y odbioru mocy i przek\u0142adnie kosiarek rotacyjnych<\/h2>\n<p>Wybieraj\u0105c wa\u0142ek odbioru mocy (WOM) do skrzyni bieg\u00f3w kosiarki rotacyjnej, nale\u017cy wzi\u0105\u0107 pod uwag\u0119 kilka kluczowych czynnik\u00f3w, aby zapewni\u0107 jego prawid\u0142owe dzia\u0142anie i trwa\u0142o\u015b\u0107. Najpierw nale\u017cy upewni\u0107 si\u0119, \u017ce d\u0142ugo\u015b\u0107 wa\u0142ka WOM jest odpowiednia do konkretnej konfiguracji. Zmierz odleg\u0142o\u015b\u0107 od \u015brodka wielowypustu WOM w ci\u0105gniku do \u015brodka wielowypustu wej\u015bciowego w skrzyni bieg\u00f3w, aby zapewni\u0107 prawid\u0142owe ustawienie.<\/p>\n<p>\u015arednica wa\u0142u odbioru mocy (WOM) powinna by\u0107 dostosowana do mocy ci\u0105gnika i momentu obrotowego wymaganego przez skrzyni\u0119 bieg\u00f3w. Informacje te mo\u017cna zazwyczaj znale\u017a\u0107 w specyfikacji producenta, kt\u00f3ra pomaga w doborze w\u0142a\u015bciwego rozmiaru wa\u0142u. U\u017cycie wa\u0142u WOM o nieodpowiednim rozmiarze mo\u017ce prowadzi\u0107 do nieefektywnej pracy, nadmiernego zu\u017cycia, a nawet awarii mechanicznej.<\/p>\n<p>Opr\u00f3cz doboru odpowiedniego rozmiaru, wa\u017cne jest regularne sprawdzanie wa\u0142u odbioru mocy (WOM) pod k\u0105tem oznak zu\u017cycia, uszkodze\u0144 lub niewsp\u00f3\u0142osiowo\u015bci. Nale\u017cy sprawdzi\u0107, czy nie ma p\u0119kni\u0119\u0107, wygi\u0119\u0107 lub nadmiernej utraty smaru, a tak\u017ce upewni\u0107 si\u0119, \u017ce po\u0142\u0105czenia s\u0105 dobrze zamocowane. Regularna konserwacja pomaga zapobiega\u0107 przestojom i zapewnia bezpieczn\u0105 i wydajn\u0105 prac\u0119 zar\u00f3wno wa\u0142u odbioru mocy, jak i przek\u0142adni kosiarki rotacyjnej.<\/p>\n<p>FMP oferuje szerok\u0105 gam\u0119 przek\u0142adni i wa\u0142\u00f3w odbioru mocy do kosiarek rotacyjnych, w tym model LF 139A, a tak\u017ce wiele innych wysokowydajnych produkt\u00f3w przeznaczonych do zastosowa\u0144 rolniczych. Zapewnienie prawid\u0142owej konserwacji i dob\u00f3r odpowiednich podzespo\u0142\u00f3w zmaksymalizuje wydajno\u015b\u0107 i \u017cywotno\u015b\u0107 Twojego sprz\u0119tu, u\u0142atwiaj\u0105c i obni\u017caj\u0105c koszty utrzymania grunt\u00f3w.<\/p>\n<p><img loading=\"lazy\" decoding=\"async\" class=\"alignnone size-full wp-image-1921\" src=\"https:\/\/fmp-components.com\/wp-content\/uploads\/2024\/12\/pto-and-rotary-mower-gearbox-1.webp\" alt=\"skrzynia bieg\u00f3w WOM i kosiarki rotacyjnej\" width=\"920\" height=\"690\" title=\"\" srcset=\"https:\/\/fmp-components.com\/wp-content\/uploads\/2024\/12\/pto-and-rotary-mower-gearbox-1.webp 920w, https:\/\/fmp-components.com\/wp-content\/uploads\/2024\/12\/pto-and-rotary-mower-gearbox-1-480x360.webp 480w\" sizes=\"(min-width: 0px) and (max-width: 480px) 480px, (min-width: 481px) 920px, 100vw\" \/><\/p>\n<h3>O FMP<\/h3>\n<p>FMP, z siedzib\u0105 we W\u0142oszech, to wiod\u0105ca firma znana ze swojego do\u015bwiadczenia w badaniach, rozwoju i produkcji przek\u0142adni, reduktor\u00f3w i maszyn in\u017cynieryjnych. Dzi\u0119ki zaanga\u017cowaniu w innowacyjno\u015b\u0107, jako\u015b\u0107 i rozw\u00f3j talent\u00f3w, FMP ugruntowa\u0142a swoj\u0105 pozycj\u0119 kluczowego gracza w bran\u017cy in\u017cynierii mechanicznej. Zaanga\u017cowanie firmy w ci\u0105g\u0142y rozw\u00f3j i d\u0105\u017cenie do doskona\u0142o\u015bci zapewni\u0142o jej siln\u0105 reputacj\u0119 zar\u00f3wno na rynku krajowym, jak i mi\u0119dzynarodowym.<\/p>\n<p><strong>Kompleksowe portfolio produkt\u00f3w<\/strong><\/p>\n<p>FMP oferuje szerok\u0105 gam\u0119 wysokowydajnych produkt\u00f3w zaprojektowanych z my\u015bl\u0105 o potrzebach r\u00f3\u017cnych bran\u017c. W portfolio produkt\u00f3w znajduj\u0105 si\u0119:<\/p>\n<ul>\n<li>Przek\u0142adnie sto\u017ckowe spiralne<\/li>\n<li>Przek\u0142adnie walcowe<\/li>\n<li>Przek\u0142adnie \u015blimakowe<\/li>\n<li>Przek\u0142adnie cylindryczne<\/li>\n<li>Korpusy i obudowy zawor\u00f3w wysokoci\u015bnieniowych odlewane<\/li>\n<\/ul>\n<p>Ka\u017cdy produkt jest projektowany z precyzj\u0105, co gwarantuje niezawodn\u0105 i wydajn\u0105 prac\u0119. Zar\u00f3wno do zastosowa\u0144 przemys\u0142owych, jak i specjalistycznych, przek\u0142adnie i komponenty FMP s\u0105 projektowane tak, aby zapewnia\u0107 optymalne rezultaty.<\/p>\n<p><strong>Szerokie zastosowania w r\u00f3\u017cnych bran\u017cach<\/strong><\/p>\n<p>Wszechstronno\u015b\u0107 produkt\u00f3w FMP sprawia, \u017ce \u200b\u200bnadaj\u0105 si\u0119 one do zastosowania w wielu ga\u0142\u0119ziach przemys\u0142u. W sektorze rolniczym ich przek\u0142adnie nap\u0119dzaj\u0105 niezb\u0119dne maszyny, takie jak kosiarki rotacyjne, od\u015bnie\u017carki, rozsiewacze nawoz\u00f3w i przeno\u015bniki zbo\u017cowe. Opr\u00f3cz zastosowa\u0144 w rolnictwie, FMP dostarcza komponenty do maszyn przemys\u0142owych do zastosowa\u0144 w wydobyciu ropy naftowej, systemach morskich i projektach hydrotechnicznych. Ten szeroki zakres zastosowa\u0144 \u015bwiadczy o wszechstronno\u015bci i popularno\u015bci oferty produkt\u00f3w FMP.<\/p>\n<p><strong>Zaawansowana doskona\u0142o\u015b\u0107 produkcyjna<\/strong><\/p>\n<p>Zaanga\u017cowanie FMP w jako\u015b\u0107 jest widoczne w zaawansowanych procesach produkcyjnych. Od fazy wst\u0119pnego projektowania po ko\u0144cowy monta\u017c, ka\u017cdy produkt jest wytwarzany z precyzj\u0105. Firma u\u017cywa wy\u0142\u0105cznie wysokiej jako\u015bci materia\u0142\u00f3w, takich jak \u017celiwo i stopy aluminium, aby zapewni\u0107 trwa\u0142o\u015b\u0107 i wydajno\u015b\u0107. Zaawansowane techniki obr\u00f3bki, w tym toczenie i frezowanie, s\u0105 wykorzystywane do produkcji ka\u017cdego komponentu zgodnie z rygorystycznymi standardami. Proces monta\u017cu koncentruje si\u0119 na zapewnieniu prawid\u0142owego ustawienia i smarowania, co zapewnia p\u0142ynn\u0105 prac\u0119, a obr\u00f3bka cieplna i pow\u0142oki powierzchniowe zwi\u0119kszaj\u0105 wytrzyma\u0142o\u015b\u0107, odporno\u015b\u0107 na zu\u017cycie i poprawiaj\u0105 wygl\u0105d. Rygorystyczne procedury kontroli jako\u015bci gwarantuj\u0105, \u017ce ka\u017cdy produkt spe\u0142nia najwy\u017csze standardy wydajno\u015bci w zakresie stabilno\u015bci, niezawodno\u015bci i trwa\u0142o\u015bci.<\/p>\n<p><strong>Reputacja w bran\u017cy i globalne partnerstwa<\/strong><\/p>\n<p>Zaanga\u017cowanie FMP w dostarczanie najwy\u017cszej jako\u015bci produkt\u00f3w i wyj\u0105tkow\u0105 obs\u0142ug\u0119 klienta zapewni\u0142o firmie znakomit\u0105 reputacj\u0119 w bran\u017cy produkcyjnej. Skupienie firmy na kunszcie, innowacjach i zadowoleniu klienta jest motorem jej nieustaj\u0105cego sukcesu. FMP ch\u0119tnie nawi\u0105zuje globalne partnerstwa i jest zaanga\u017cowana w dostarczanie rozwi\u0105za\u0144 dostosowanych do indywidualnych potrzeb klient\u00f3w na ca\u0142ym \u015bwiecie. Aby uzyska\u0107 wi\u0119cej informacji na temat produkt\u00f3w i us\u0142ug, potencjalni partnerzy mog\u0105 \u0142atwo skontaktowa\u0107 si\u0119 z FMP telefonicznie lub mailowo, co potwierdza zaanga\u017cowanie firmy w d\u0105\u017cenie do doskona\u0142o\u015bci zorientowanej na klienta.<\/p>\n<p><img loading=\"lazy\" decoding=\"async\" class=\"alignnone size-full wp-image-1861\" src=\"https:\/\/fmp-components.com\/wp-content\/uploads\/2024\/12\/Other-Agricultural-Gearboxes.webp\" sizes=\"(min-width: 0px) and (max-width: 480px) 480px, (min-width: 481px) and (max-width: 980px) 980px, (min-width: 981px) 1200px, 100vw\" srcset=\"https:\/\/fmp-components.com\/wp-content\/uploads\/2024\/12\/Other-Agricultural-Gearboxes.webp 1200w, https:\/\/fmp-components.com\/wp-content\/uploads\/2024\/12\/Other-Agricultural-Gearboxes-980x1143.webp 980w, https:\/\/fmp-components.com\/wp-content\/uploads\/2024\/12\/Other-Agricultural-Gearboxes-480x560.webp 480w\" alt=\"Inne-przek\u0142adnie-rolnicze\" width=\"1200\" height=\"1400\" title=\"\"><\/p>\n<p>Autor: CX<\/p>","protected":false},"excerpt":{"rendered":"<p>Rotary Mower Gearbox LF-139A\u00a0Specifications i N1[rpm] P1[kW] M2[Nm] Shaft Type Input X Z 1.50 540 66 755 1&#8221; 3\/8 Z6 1&#8221; 3\/4 Z20 Hub connection X 1.20 1000 66 509 1&#8221; 3\/4 Z20 Hub connection X Rotary Mower Gearbox Inspection and Maintenance Oil Level Check (For Gearboxes with Oil Level Plugs) It is essential to [&hellip;]<\/p>","protected":false},"featured_media":1922,"comment_status":"open","ping_status":"closed","template":"","meta":{"_et_pb_use_builder":"","_et_pb_old_content":"","_et_gb_content_width":""},"product_brand":[],"product_cat":[51],"product_tag":[],"class_list":{"0":"post-1915","1":"product","2":"type-product","3":"status-publish","4":"has-post-thumbnail","6":"product_cat-rotary-mower-gearbox","8":"first","9":"instock","10":"shipping-taxable","11":"product-type-simple"},"_links":{"self":[{"href":"https:\/\/fmp-components.com\/pl\/wp-json\/wp\/v2\/product\/1915","targetHints":{"allow":["GET"]}}],"collection":[{"href":"https:\/\/fmp-components.com\/pl\/wp-json\/wp\/v2\/product"}],"about":[{"href":"https:\/\/fmp-components.com\/pl\/wp-json\/wp\/v2\/types\/product"}],"replies":[{"embeddable":true,"href":"https:\/\/fmp-components.com\/pl\/wp-json\/wp\/v2\/comments?post=1915"}],"wp:featuredmedia":[{"embeddable":true,"href":"https:\/\/fmp-components.com\/pl\/wp-json\/wp\/v2\/media\/1922"}],"wp:attachment":[{"href":"https:\/\/fmp-components.com\/pl\/wp-json\/wp\/v2\/media?parent=1915"}],"wp:term":[{"taxonomy":"product_brand","embeddable":true,"href":"https:\/\/fmp-components.com\/pl\/wp-json\/wp\/v2\/product_brand?post=1915"},{"taxonomy":"product_cat","embeddable":true,"href":"https:\/\/fmp-components.com\/pl\/wp-json\/wp\/v2\/product_cat?post=1915"},{"taxonomy":"product_tag","embeddable":true,"href":"https:\/\/fmp-components.com\/pl\/wp-json\/wp\/v2\/product_tag?post=1915"}],"curies":[{"name":"wp","href":"https:\/\/api.w.org\/{rel}","templated":true}]}}