{"id":1910,"date":"2024-12-26T00:29:38","date_gmt":"2024-12-26T00:29:38","guid":{"rendered":"https:\/\/fmp-components.com\/?page_id=8"},"modified":"2024-12-26T00:48:00","modified_gmt":"2024-12-26T00:48:00","slug":"rotary-mower-gearboxes-replacement-of-comer-code-lf-149b-11","status":"publish","type":"product","link":"https:\/\/fmp-components.com\/pl\/product\/rotary-mower-gearboxes-replacement-of-comer-code-lf-149b-11\/","title":{"rendered":"Przek\u0142adnie kosiarek rotacyjnych \u2013 wymiana Comer Code LF-149B 1:1"},"content":{"rendered":"<p><img loading=\"lazy\" decoding=\"async\" class=\"alignnone size-full wp-image-1918\" src=\"https:\/\/fmp-components.com\/wp-content\/uploads\/2024\/12\/Rotary-Mower-Gearbox19.webp\" alt=\"Skrzynia bieg\u00f3w kosiarki rotacyjnej\" width=\"773\" height=\"766\" title=\"\" srcset=\"https:\/\/fmp-components.com\/wp-content\/uploads\/2024\/12\/Rotary-Mower-Gearbox19.webp 773w, https:\/\/fmp-components.com\/wp-content\/uploads\/2024\/12\/Rotary-Mower-Gearbox19-480x476.webp 480w\" sizes=\"(min-width: 0px) and (max-width: 480px) 480px, (min-width: 481px) 773px, 100vw\" \/><\/p>\n<h2>Dane techniczne przek\u0142adni kosiarki rotacyjnej LF-149B (1:1)<\/h2>\n<p><img loading=\"lazy\" decoding=\"async\" class=\"alignnone size-full wp-image-1917\" src=\"https:\/\/fmp-components.com\/wp-content\/uploads\/2024\/12\/Rotary-Mower-Gearbox-LF-149B-Specifications.webp\" alt=\"Specyfikacje przek\u0142adni kosiarki rotacyjnej LF-149B\" width=\"1307\" height=\"872\" title=\"\" srcset=\"https:\/\/fmp-components.com\/wp-content\/uploads\/2024\/12\/Rotary-Mower-Gearbox-LF-149B-Specifications.webp 1307w, https:\/\/fmp-components.com\/wp-content\/uploads\/2024\/12\/Rotary-Mower-Gearbox-LF-149B-Specifications-1280x854.webp 1280w, https:\/\/fmp-components.com\/wp-content\/uploads\/2024\/12\/Rotary-Mower-Gearbox-LF-149B-Specifications-980x654.webp 980w, https:\/\/fmp-components.com\/wp-content\/uploads\/2024\/12\/Rotary-Mower-Gearbox-LF-149B-Specifications-480x320.webp 480w\" sizes=\"(min-width: 0px) and (max-width: 480px) 480px, (min-width: 481px) and (max-width: 980px) 980px, (min-width: 981px) and (max-width: 1280px) 1280px, (min-width: 1281px) 1307px, 100vw\" \/><\/p>\n<p><img loading=\"lazy\" decoding=\"async\" class=\"alignnone size-full wp-image-1916\" src=\"https:\/\/fmp-components.com\/wp-content\/uploads\/2024\/12\/Rotary-Mower-Gearbox-LF-149B-Specifications-1.webp\" alt=\"Specyfikacje przek\u0142adni kosiarki rotacyjnej LF-149B\" width=\"1331\" height=\"316\" title=\"\" srcset=\"https:\/\/fmp-components.com\/wp-content\/uploads\/2024\/12\/Rotary-Mower-Gearbox-LF-149B-Specifications-1.webp 1331w, https:\/\/fmp-components.com\/wp-content\/uploads\/2024\/12\/Rotary-Mower-Gearbox-LF-149B-Specifications-1-1280x304.webp 1280w, https:\/\/fmp-components.com\/wp-content\/uploads\/2024\/12\/Rotary-Mower-Gearbox-LF-149B-Specifications-1-980x233.webp 980w, https:\/\/fmp-components.com\/wp-content\/uploads\/2024\/12\/Rotary-Mower-Gearbox-LF-149B-Specifications-1-480x114.webp 480w\" sizes=\"(min-width: 0px) and (max-width: 480px) 480px, (min-width: 481px) and (max-width: 980px) 980px, (min-width: 981px) and (max-width: 1280px) 1280px, (min-width: 1281px) 1331px, 100vw\" \/><\/p>\n<table class=\"kh-1xzm1su\" border=\"1\" cellspacing=\"0\" cellpadding=\"0\" data-intent=\"lists-product-attributes\" data-test-id=\"attributes-list\">\n<tbody class=\"kh-1ago99h\">\n<tr id=\"alexis#custom#item-id\" class=\"kh-bwvum6\" data-test-id=\"attribute-row\">\n<th class=\"kh-10oizfy\">Opis produktu<\/th>\n<td class=\"kh-1f5nhat\">\n<div class=\"kh-pkx4zo\">Przek\u0142adnie kosiarek rotacyjnych \u2013 wymiana przek\u0142adni Comer LF-149B 1:1<\/div>\n<\/td>\n<\/tr>\n<tr id=\"attProductDetails\" class=\"kh-bwvum6\" data-test-id=\"attribute-row\">\n<th class=\"kh-10oizfy\">Szczeg\u00f3\u0142y produktu<\/th>\n<td class=\"kh-1f5nhat\">\n<ul>\n<li class=\"kh-16zd49f\">Wszystkie skrzynie bieg\u00f3w dostarczane s\u0105 bez oleju.<\/li>\n<li class=\"kh-16zd49f\">Pierwsza wymiana oleju po 50-70 godzinach pracy, nast\u0119pnie po 500-700 godzinach pracy lub co najmniej raz w roku.<\/li>\n<li class=\"kh-16zd49f\">Skontaktuj si\u0119 z nami, aby uzyska\u0107 informacje o mocy przy innych obrotach na minut\u0119.<\/li>\n<\/ul>\n<\/td>\n<\/tr>\n<tr id=\"taMaxInputPowerKw\" class=\"kh-bwvum6\" data-test-id=\"attribute-row\">\n<th class=\"kh-10oizfy\">Maksymalna moc wej\u015bciowa<\/th>\n<td class=\"kh-1f5nhat\">\n<div class=\"kh-pkx4zo\">47 kW<\/div>\n<\/td>\n<\/tr>\n<tr id=\"taContainsOil\" class=\"kh-bwvum6\" data-test-id=\"attribute-row\">\n<th class=\"kh-10oizfy\">Zawiera olej<\/th>\n<td class=\"kh-1f5nhat\">\n<div class=\"kh-pkx4zo\">NIE<\/div>\n<\/td>\n<\/tr>\n<tr id=\"taMaxOilCapacityL\" class=\"kh-bwvum6\" data-test-id=\"attribute-row\">\n<th class=\"kh-10oizfy\">Maksymalna pojemno\u015b\u0107 oleju<\/th>\n<td class=\"kh-1f5nhat\">\n<div class=\"kh-pkx4zo\">0,8 l<\/div>\n<\/td>\n<\/tr>\n<tr id=\"taMaxOilChangeIntervalH\" class=\"kh-bwvum6\" data-test-id=\"attribute-row\">\n<th class=\"kh-10oizfy\">Maksymalny odst\u0119p mi\u0119dzy wymianami oleju<\/th>\n<td class=\"kh-1f5nhat\">\n<div class=\"kh-pkx4zo\">500 godzin<\/div>\n<\/td>\n<\/tr>\n<tr id=\"taOilSAEViscosityGrade\" class=\"kh-bwvum6\" data-test-id=\"attribute-row\">\n<th class=\"kh-10oizfy\">Klasa lepko\u015bci oleju SAE<\/th>\n<td class=\"kh-1f5nhat\">\n<div class=\"kh-pkx4zo\">80W-90<\/div>\n<\/td>\n<\/tr>\n<tr id=\"taHousingMaterial_16\" class=\"kh-bwvum6\" data-test-id=\"attribute-row\">\n<th class=\"kh-10oizfy\">Materia\u0142 obudowy<\/th>\n<td class=\"kh-1f5nhat\">\n<div class=\"kh-pkx4zo\">\u017beliwo GGG40<\/div>\n<\/td>\n<\/tr>\n<tr id=\"taWeightKg_75\" class=\"kh-bwvum6\" data-test-id=\"attribute-row\">\n<th class=\"kh-10oizfy\">Waga<\/th>\n<td class=\"kh-1f5nhat\">\n<div class=\"kh-pkx4zo\">33,4 kg<\/div>\n<\/td>\n<\/tr>\n<tr id=\"taGearArrangementInc\" class=\"kh-bwvum6\" data-test-id=\"attribute-row\">\n<th class=\"kh-10oizfy\">Uk\u0142ad przek\u0142adni zwi\u0119kszaj\u0105cy<\/th>\n<td class=\"kh-1f5nhat\">\n<div class=\"kh-pkx4zo\">3<\/div>\n<\/td>\n<\/tr>\n<tr id=\"taGearRatio\" class=\"kh-bwvum6\" data-test-id=\"attribute-row\">\n<th class=\"kh-10oizfy\">Prze\u0142o\u017cenie<\/th>\n<td class=\"kh-1f5nhat\">\n<div class=\"kh-pkx4zo\">1:1<\/div>\n<\/td>\n<\/tr>\n<tr id=\"taInputPowerKwHpInc\" class=\"kh-bwvum6\" data-test-id=\"attribute-row\">\n<th class=\"kh-10oizfy\">Moc wej\u015bciowa kW \/ KM Rosn\u0105ca<\/th>\n<td class=\"kh-1f5nhat\">\n<div class=\"kh-pkx4zo\">47 \/ 55 kW\/KM<\/div>\n<\/td>\n<\/tr>\n<tr id=\"taInputShaftIncreasi\" class=\"kh-bwvum6\" data-test-id=\"attribute-row\">\n<th class=\"kh-10oizfy\">Wa\u0142 wej\u015bciowy zwi\u0119kszaj\u0105cy<\/th>\n<td class=\"kh-1f5nhat\">\n<div class=\"kh-pkx4zo\">Z<\/div>\n<\/td>\n<\/tr>\n<tr id=\"taNSOutputTorqueDaNm_1\" class=\"kh-bwvum6\" data-test-id=\"attribute-row\">\n<th class=\"kh-10oizfy\">Moment obrotowy wyj\u015bciowy DaNm wzrasta<\/th>\n<td class=\"kh-1f5nhat\">\n<div class=\"kh-pkx4zo\">81 daNm<\/div>\n<\/td>\n<\/tr>\n<tr id=\"taRatioIncreasing\" class=\"kh-bwvum6\" data-test-id=\"attribute-row\">\n<th class=\"kh-10oizfy\">Wsp\u00f3\u0142czynnik wzrastaj\u0105cy<\/th>\n<td class=\"kh-1f5nhat\">\n<div class=\"kh-pkx4zo\">1: 1<\/div>\n<\/td>\n<\/tr>\n<tr id=\"taRatioReducing\" class=\"kh-bwvum6\" data-test-id=\"attribute-row\">\n<th class=\"kh-10oizfy\">Zmniejszanie wsp\u00f3\u0142czynnika<\/th>\n<td class=\"kh-1f5nhat\">\n<div class=\"kh-pkx4zo\">1: 1<\/div>\n<\/td>\n<\/tr>\n<tr id=\"taShaftX\" class=\"kh-bwvum6\" data-test-id=\"attribute-row\">\n<th class=\"kh-10oizfy\">Wa\u0142 Z<\/th>\n<td class=\"kh-1f5nhat\">\n<div class=\"kh-pkx4zo\">1 3\/8&#8243; (21)<\/div>\n<\/td>\n<\/tr>\n<\/tbody>\n<\/table>\n<h3>Wa\u0142 odbioru mocy rolniczy i przek\u0142adnia kosiarki obrotowej<\/h3>\n<p>Wa\u0142 odbioru mocy (WOM) w rolnictwie to niezb\u0119dny element mechaniczny s\u0142u\u017c\u0105cy do przenoszenia mocy z silnika ci\u0105gnika na r\u00f3\u017cne pod\u0142\u0105czone narz\u0119dzia, takie jak przek\u0142adnie kosiarki obrotowej. Wa\u0142 WOM \u0142\u0105czy si\u0119 bezpo\u015brednio z wyj\u015bciem silnika ci\u0105gnika, przenosz\u0105c zar\u00f3wno moc, jak i moment obrotowy na pod\u0142\u0105czone do niego urz\u0105dzenia. Umo\u017cliwia to wydajn\u0105 prac\u0119 ci\u0119\u017ckich maszyn, takich jak kosiarki, glebogryzarki i inne narz\u0119dzia rolnicze.<\/p>\n<p>Przek\u0142adnia kosiarki rotacyjnej odgrywa kluczow\u0105 rol\u0119 w procesie koszenia, przekszta\u0142caj\u0105c wysokie obroty wa\u0142u odbioru mocy (WOM) na wolniejsze obroty o wysokim momencie obrotowym, niezb\u0119dne do nap\u0119dzania ostrzy kosiarki. Ta transformacja zapewnia, \u017ce \u200b\u200bostrza kosiarki generuj\u0105 wystarczaj\u0105c\u0105 si\u0142\u0119, aby skutecznie ci\u0105\u0107 g\u0119st\u0105 traw\u0119 i ro\u015blinno\u015b\u0107. Zwi\u0119kszaj\u0105c moment obrotowy i zmniejszaj\u0105c pr\u0119dko\u015b\u0107, przek\u0142adnia optymalizuje moc przenoszon\u0105 z silnika, zapewniaj\u0105c p\u0142ynne i efektywne koszenie.<\/p>\n<p>Po\u0142\u0105czenie wa\u0142u odbioru mocy (WOM) i przek\u0142adni kosiarki rotacyjnej to powszechnie stosowana metoda piel\u0119gnacji du\u017cych obszar\u00f3w ziemi, takich jak gospodarstwa rolne, pastwiska i pola. System ten stanowi wydajne i wydajne rozwi\u0105zanie do koszenia du\u017cych powierzchni ziemi, pomagaj\u0105c rolnikom, architektom krajobrazu i w\u0142a\u015bcicielom grunt\u00f3w z \u0142atwo\u015bci\u0105 zarz\u0105dza\u0107 swoimi posesjami.<\/p>\n<h3>Jak to dzia\u0142a:<\/h3>\n<p>Aby uruchomi\u0107 wa\u0142ek odbioru mocy (WOM) i przek\u0142adni\u0119 kosiarki rotacyjnej, wa\u0142ek WOM jest najpierw pod\u0142\u0105czony do wyj\u015bcia WOM ci\u0105gnika. Drugi koniec wa\u0142ka jest pod\u0142\u0105czony do wej\u015bcia przek\u0142adni kosiarki rotacyjnej. Po za\u0142\u0105czeniu wa\u0142ek WOM przekazuje moc obrotow\u0105 do przek\u0142adni. Przek\u0142adnia nast\u0119pnie zwi\u0119ksza moment obrotowy, jednocze\u015bnie zmniejszaj\u0105c pr\u0119dko\u015b\u0107 obrotow\u0105, co nap\u0119dza ostrza kosiarki do optymalnej pr\u0119dko\u015bci koszenia. Szybko obracaj\u0105ce si\u0119 ostrza przecinaj\u0105 traw\u0119, a ca\u0142y system kontynuuje prac\u0119 na polu, zapewniaj\u0105c czyste i wydajne koszenie.<\/p>\n<h3>G\u0142\u00f3wne korzy\u015bci:<\/h3>\n<ol>\n<li><strong>Efektywne utrzymanie grunt\u00f3w<\/strong>:System ten umo\u017cliwia szybkie i efektywne koszenie du\u017cych p\u00f3l, co czyni go niezb\u0119dnym narz\u0119dziem do utrzymania gospodarstw rolnych.<\/li>\n<li><strong>Pot\u0119\u017cna wydajno\u015b\u0107<\/strong>Po\u0142\u0105czenie mocy WOM i przek\u0142adni zwi\u0119kszaj\u0105cej moment obrotowy gwarantuje, \u017ce nawet twarda, gruba trawa mo\u017ce by\u0107 \u0142atwo koszona, a wydajno\u015b\u0107 maszyny jest stabilna w r\u00f3\u017cnych warunkach.<\/li>\n<li><strong>Trwa\u0142o\u015b\u0107 i niezawodno\u015b\u0107<\/strong>:Zar\u00f3wno wa\u0142 odbioru mocy, jak i przek\u0142adnia kosiarki rotacyjnej zaprojektowano tak, aby wytrzyma\u0107 trudne warunki panuj\u0105ce w rolnictwie, zapewniaj\u0105c d\u0142ugoterminow\u0105 trwa\u0142o\u015b\u0107 i niezawodn\u0105 wydajno\u015b\u0107.<\/li>\n<li><strong>Oszcz\u0119dno\u015b\u0107 czasu<\/strong>:Zastosowanie wa\u0142u odbioru mocy i przek\u0142adni kosiarki rotacyjnej umo\u017cliwia szybsze koszenie w por\u00f3wnaniu z tradycyjnymi metodami, zmniejszaj\u0105c ilo\u015b\u0107 czasu po\u015bwi\u0119canego na piel\u0119gnacj\u0119 terenu.<\/li>\n<\/ol>\n<p>Podsumowuj\u0105c, wa\u0142 odbioru mocy (WOM) i przek\u0142adnia kosiarki rotacyjnej to niezb\u0119dne narz\u0119dzia do efektywnego i wydajnego zarz\u0105dzania gruntami. Zapewniaj\u0105 one niezb\u0119dn\u0105 moc do koszenia na du\u017c\u0105 skal\u0119, umo\u017cliwiaj\u0105c rolnikom i w\u0142a\u015bcicielom grunt\u00f3w utrzymanie swoich posesji w doskona\u0142ym stanie przy minimalnym wysi\u0142ku i czasie. Ten solidny system znacz\u0105co zwi\u0119ksza wydajno\u015b\u0107, obni\u017ca koszty operacyjne i umo\u017cliwia regularn\u0105 piel\u0119gnacj\u0119 grunt\u00f3w, szczeg\u00f3lnie na obszarach o g\u0119stej ro\u015blinno\u015bci.<\/p>\n<table style=\"width: 100%; height: 284px;\" border=\"1\" width=\"100%\" cellspacing=\"0\" cellpadding=\"0\">\n<tbody>\n<tr style=\"height: 284px;\">\n<td style=\"width: 49.784%; height: 284px;\" width=\"110\"><img loading=\"lazy\" decoding=\"async\" class=\"alignnone wp-image-1914\" src=\"https:\/\/fmp-components.com\/wp-content\/uploads\/2024\/12\/Agricultural-PTO-Shaft-and-Rotary-Mower-Gearbox-32.webp\" alt=\"Wa\u0142 odbioru mocy i skrzynia bieg\u00f3w kosiarki rotacyjnej\" width=\"462\" height=\"286\" title=\"\"><\/td>\n<td style=\"width: 50%; height: 284px;\" width=\"98\"><img loading=\"lazy\" decoding=\"async\" class=\"alignnone wp-image-1913\" src=\"https:\/\/fmp-components.com\/wp-content\/uploads\/2024\/12\/Agricultural-PTO-Shaft-and-Rotary-Mower-Gearbox-31.webp\" alt=\"Wa\u0142 odbioru mocy i skrzynia bieg\u00f3w kosiarki rotacyjnej\" width=\"463\" height=\"287\" title=\"\"><\/td>\n<\/tr>\n<\/tbody>\n<\/table>\n<h3>O FMP<\/h3>\n<p>FMP, z siedzib\u0105 we W\u0142oszech, to renomowana firma specjalizuj\u0105ca si\u0119 w badaniach, rozwoju i produkcji przek\u0142adni, reduktor\u00f3w i maszyn in\u017cynieryjnych. Ugruntowana jako lider bran\u017cy, FMP zbudowa\u0142a swoj\u0105 reputacj\u0119, koncentruj\u0105c si\u0119 na innowacyjno\u015bci, jako\u015bci i silnym zaanga\u017cowaniu w rozw\u00f3j talent\u00f3w, pozycjonuj\u0105c si\u0119 jako kluczowy gracz w sektorze in\u017cynierii mechanicznej.<\/p>\n<p><strong>Kompleksowe portfolio produkt\u00f3w<\/strong><\/p>\n<p>FMP oferuje szerok\u0105 gam\u0119 wysokowydajnych produkt\u00f3w zaprojektowanych z my\u015bl\u0105 o zr\u00f3\u017cnicowanych potrzebach przemys\u0142u. Oferta firmy obejmuje przek\u0142adnie sto\u017ckowe, walcowe, \u015blimakowe, cylindryczne oraz korpusy i obudowy zawor\u00f3w odlewane ci\u015bnieniowo. Ka\u017cdy produkt jest precyzyjnie wykonany, aby zapewni\u0107 niezawodn\u0105 i wydajn\u0105 prac\u0119 w r\u00f3\u017cnorodnych zastosowaniach.<\/p>\n<p><strong>Szerokie zastosowania w r\u00f3\u017cnych bran\u017cach<\/strong><\/p>\n<p>Produkty FMP s\u0105 wszechstronne i znajduj\u0105 zastosowanie w szerokim spektrum bran\u017c, w tym w rolnictwie, gdzie nap\u0119dzaj\u0105 takie urz\u0105dzenia jak kosiarki rotacyjne, od\u015bnie\u017carki, rozsiewacze nawoz\u00f3w i przeno\u015bniki zbo\u017cowe. Ponadto FMP dostarcza maszyny przemys\u0142owe do wydobycia ropy naftowej, zastosowa\u0144 morskich oraz komponenty hydrauliczne, co \u015bwiadczy o wszechstronno\u015bci i zasi\u0119gu oferty produktowej.<\/p>\n<p><strong>Zaawansowana doskona\u0142o\u015b\u0107 produkcyjna<\/strong><\/p>\n<p>Proces produkcyjny FMP \u015bwiadczy o zaanga\u017cowaniu firmy w jako\u015b\u0107 i precyzj\u0119. Od projektu produktu po dob\u00f3r materia\u0142\u00f3w, firma dba o to, aby ka\u017cdy etap by\u0142 dostosowany do indywidualnych potrzeb klienta. Wysokiej jako\u015bci materia\u0142y, takie jak \u017celiwo i stopy aluminium, s\u0105 dobierane ze wzgl\u0119du na trwa\u0142o\u015b\u0107, a zaawansowane techniki obr\u00f3bki, w tym toczenie i frezowanie, zapewniaj\u0105 precyzj\u0119 wykonania ka\u017cdego elementu. Proces monta\u017cu jest skrupulatny, z naciskiem na osiowanie i smarowanie, a obr\u00f3bka cieplna i powierzchniowa poprawiaj\u0105 wytrzyma\u0142o\u015b\u0107, odporno\u015b\u0107 na zu\u017cycie i wygl\u0105d. Rygorystyczne \u015brodki kontroli jako\u015bci gwarantuj\u0105, \u017ce ka\u017cdy produkt spe\u0142nia standardy wydajno\u015bci w zakresie stabilno\u015bci i niezawodno\u015bci.<\/p>\n<p><strong>Reputacja w bran\u017cy i globalne partnerstwa<\/strong><\/p>\n<p>Zaanga\u017cowanie FMP w jako\u015b\u0107, innowacyjno\u015b\u0107 i zadowolenie klienta zapewni\u0142o firmie znakomit\u0105 reputacj\u0119 w bran\u017cy produkcyjnej. Firma stale rozwija swoj\u0105 tradycj\u0119, wykorzystuj\u0105c zaawansowan\u0105 technologi\u0119 i kunszt rzemie\u015blniczy. FMP ch\u0119tnie nawi\u0105zuje globalne partnerstwa i wsp\u00f3\u0142prac\u0119, d\u0105\u017c\u0105c do dostarczania rozwi\u0105za\u0144 dostosowanych do indywidualnych potrzeb klient\u00f3w na ca\u0142ym \u015bwiecie. Aby uzyska\u0107 wi\u0119cej informacji na temat produkt\u00f3w i us\u0142ug, potencjalni partnerzy mog\u0105 \u0142atwo skontaktowa\u0107 si\u0119 z nami telefonicznie lub mailowo, co wzmacnia zaanga\u017cowanie FMP w d\u0105\u017cenie do doskona\u0142o\u015bci zorientowanej na klienta.<\/p>\n<p><img loading=\"lazy\" decoding=\"async\" class=\"alignnone size-full wp-image-1861\" src=\"https:\/\/fmp-components.com\/wp-content\/uploads\/2024\/12\/Other-Agricultural-Gearboxes.webp\" alt=\"Inne-przek\u0142adnie-rolnicze\" width=\"1200\" height=\"1400\" title=\"\" srcset=\"https:\/\/fmp-components.com\/wp-content\/uploads\/2024\/12\/Other-Agricultural-Gearboxes.webp 1200w, https:\/\/fmp-components.com\/wp-content\/uploads\/2024\/12\/Other-Agricultural-Gearboxes-980x1143.webp 980w, https:\/\/fmp-components.com\/wp-content\/uploads\/2024\/12\/Other-Agricultural-Gearboxes-480x560.webp 480w\" sizes=\"(min-width: 0px) and (max-width: 480px) 480px, (min-width: 481px) and (max-width: 980px) 980px, (min-width: 981px) 1200px, 100vw\" \/><\/p>\n<p>Autor: CX<\/p>\n<p>&nbsp;<\/p>","protected":false},"excerpt":{"rendered":"<p>Specifications of Rotary Mower Gearbox LF-149B (1:1) Product Description Rotary Mower Gearboxes &#8211; Replacement of Comer Gearbox LF-149B 1:1 Product details All gearboxes are supplied without oil. First oil change after 50-70 operating hours, then after 500-700 operating hours or at least once a year. Contact us for power at a different RPM. Max. input [&hellip;]<\/p>","protected":false},"featured_media":1918,"comment_status":"open","ping_status":"closed","template":"","meta":{"_et_pb_use_builder":"","_et_pb_old_content":"","_et_gb_content_width":""},"product_brand":[],"product_cat":[51],"product_tag":[],"class_list":{"0":"post-1910","1":"product","2":"type-product","3":"status-publish","4":"has-post-thumbnail","6":"product_cat-rotary-mower-gearbox","8":"first","9":"instock","10":"shipping-taxable","11":"product-type-simple"},"_links":{"self":[{"href":"https:\/\/fmp-components.com\/pl\/wp-json\/wp\/v2\/product\/1910","targetHints":{"allow":["GET"]}}],"collection":[{"href":"https:\/\/fmp-components.com\/pl\/wp-json\/wp\/v2\/product"}],"about":[{"href":"https:\/\/fmp-components.com\/pl\/wp-json\/wp\/v2\/types\/product"}],"replies":[{"embeddable":true,"href":"https:\/\/fmp-components.com\/pl\/wp-json\/wp\/v2\/comments?post=1910"}],"wp:featuredmedia":[{"embeddable":true,"href":"https:\/\/fmp-components.com\/pl\/wp-json\/wp\/v2\/media\/1918"}],"wp:attachment":[{"href":"https:\/\/fmp-components.com\/pl\/wp-json\/wp\/v2\/media?parent=1910"}],"wp:term":[{"taxonomy":"product_brand","embeddable":true,"href":"https:\/\/fmp-components.com\/pl\/wp-json\/wp\/v2\/product_brand?post=1910"},{"taxonomy":"product_cat","embeddable":true,"href":"https:\/\/fmp-components.com\/pl\/wp-json\/wp\/v2\/product_cat?post=1910"},{"taxonomy":"product_tag","embeddable":true,"href":"https:\/\/fmp-components.com\/pl\/wp-json\/wp\/v2\/product_tag?post=1910"}],"curies":[{"name":"wp","href":"https:\/\/api.w.org\/{rel}","templated":true}]}}