{"id":1900,"date":"2024-12-24T08:58:11","date_gmt":"2024-12-24T08:58:11","guid":{"rendered":"https:\/\/fmp-components.com\/?page_id=8"},"modified":"2024-12-24T09:04:04","modified_gmt":"2024-12-24T09:04:04","slug":"rotary-mower-gearboxes-replacement-of-comer-code-lf-199a","status":"publish","type":"product","link":"https:\/\/fmp-components.com\/pl\/product\/rotary-mower-gearboxes-replacement-of-comer-code-lf-199a\/","title":{"rendered":"Przek\u0142adnie kosiarek rotacyjnych \u2013 wymiana kodu Comer LF-199A"},"content":{"rendered":"<p><img loading=\"lazy\" decoding=\"async\" class=\"size-full wp-image-1905 aligncenter\" src=\"https:\/\/fmp-components.com\/wp-content\/uploads\/2024\/12\/Rotary-Mower-Gearboxes-Replacement-of-Comer-Code-LF-199A.webp\" alt=\"Skrzynie bieg\u00f3w kosiarki rotacyjnej - wymiana kodu Comer LF-199A\" width=\"600\" height=\"600\" title=\"\" srcset=\"https:\/\/fmp-components.com\/wp-content\/uploads\/2024\/12\/Rotary-Mower-Gearboxes-Replacement-of-Comer-Code-LF-199A.webp 600w, https:\/\/fmp-components.com\/wp-content\/uploads\/2024\/12\/Rotary-Mower-Gearboxes-Replacement-of-Comer-Code-LF-199A-480x480.webp 480w\" sizes=\"(min-width: 0px) and (max-width: 480px) 480px, (min-width: 481px) 600px, 100vw\" \/><\/p>\n<h2>Dane techniczne przek\u0142adni kosiarki rotacyjnej LF-199A\u00a0<img loading=\"lazy\" decoding=\"async\" class=\"alignnone size-full wp-image-1904\" src=\"https:\/\/fmp-components.com\/wp-content\/uploads\/2024\/12\/Specifications-of-Rotary-Mower-Gearbox-LF-199A.webp\" alt=\"Specyfikacja przek\u0142adni kosiarki rotacyjnej LF-199A\" width=\"1311\" height=\"879\" title=\"\" srcset=\"https:\/\/fmp-components.com\/wp-content\/uploads\/2024\/12\/Specifications-of-Rotary-Mower-Gearbox-LF-199A.webp 1311w, https:\/\/fmp-components.com\/wp-content\/uploads\/2024\/12\/Specifications-of-Rotary-Mower-Gearbox-LF-199A-1280x858.webp 1280w, https:\/\/fmp-components.com\/wp-content\/uploads\/2024\/12\/Specifications-of-Rotary-Mower-Gearbox-LF-199A-980x657.webp 980w, https:\/\/fmp-components.com\/wp-content\/uploads\/2024\/12\/Specifications-of-Rotary-Mower-Gearbox-LF-199A-480x322.webp 480w\" sizes=\"(min-width: 0px) and (max-width: 480px) 480px, (min-width: 481px) and (max-width: 980px) 980px, (min-width: 981px) and (max-width: 1280px) 1280px, (min-width: 1281px) 1311px, 100vw\" \/><\/h2>\n<p><img loading=\"lazy\" decoding=\"async\" class=\"alignnone size-full wp-image-1903\" src=\"https:\/\/fmp-components.com\/wp-content\/uploads\/2024\/12\/Specifications-of-Rotary-Mower-Gearbox-LF-199A-1.webp\" alt=\"Specyfikacja przek\u0142adni kosiarki rotacyjnej LF-199A-1\" width=\"1333\" height=\"506\" title=\"\" srcset=\"https:\/\/fmp-components.com\/wp-content\/uploads\/2024\/12\/Specifications-of-Rotary-Mower-Gearbox-LF-199A-1.webp 1333w, https:\/\/fmp-components.com\/wp-content\/uploads\/2024\/12\/Specifications-of-Rotary-Mower-Gearbox-LF-199A-1-1280x486.webp 1280w, https:\/\/fmp-components.com\/wp-content\/uploads\/2024\/12\/Specifications-of-Rotary-Mower-Gearbox-LF-199A-1-980x372.webp 980w, https:\/\/fmp-components.com\/wp-content\/uploads\/2024\/12\/Specifications-of-Rotary-Mower-Gearbox-LF-199A-1-480x182.webp 480w\" sizes=\"(min-width: 0px) and (max-width: 480px) 480px, (min-width: 481px) and (max-width: 980px) 980px, (min-width: 981px) and (max-width: 1280px) 1280px, (min-width: 1281px) 1333px, 100vw\" \/><\/p>\n<table border=\"1\" cellspacing=\"0\" cellpadding=\"0\">\n<tbody>\n<tr>\n<td>Model:<\/td>\n<td>Wymiana przek\u0142adni kosiarki obrotowej na przek\u0142adnie Comer LF-199A<\/td>\n<\/tr>\n<tr>\n<td>Rodzaj aplikacji:<\/td>\n<td>Jednostka zwi\u0119kszaj\u0105ca pr\u0119dko\u015b\u0107<\/td>\n<\/tr>\n<tr>\n<td>Moc wej\u015bciowa:<\/td>\n<td>\u00a045 KM-33 kW (540 obr.\/min)<\/td>\n<\/tr>\n<tr>\n<td>Stosunek:<\/td>\n<td>3,00<\/td>\n<\/tr>\n<tr>\n<td>Wyj\u015bcia:<\/td>\n<td>2<\/td>\n<\/tr>\n<tr>\n<td>Obr\u00f3t:<\/td>\n<td>Obr\u00f3t definiuje si\u0119 jako zgodny z ruchem wskaz\u00f3wek zegara lub przeciwny do ruchu wskaz\u00f3wek zegara, patrz\u0105c \u201edo \u015brodka\u201d poruszaj\u0105cych si\u0119 element\u00f3w (wa\u0142u, ko\u0142a pasowego lub z\u0119batki), przy czym przek\u0142adnia znajduje si\u0119 za elementem.<\/td>\n<\/tr>\n<tr>\n<td>Obr\u00f3t wa\u0142\u00f3w:<\/td>\n<td>\u00a0Pobierz arkusz danych, aby sprawdzi\u0107 mo\u017cliw\u0105 dost\u0119pn\u0105 rotacj\u0119.<\/td>\n<\/tr>\n<tr>\n<td>Tworzywo:<\/td>\n<td>\u00a0Lane \u017celazo<\/td>\n<\/tr>\n<tr>\n<td>Masa sucha:<\/td>\n<td>\u00a027,5 kg<\/td>\n<\/tr>\n<tr>\n<td>Dostarczane bez \u015brodka smaruj\u0105cego<\/td>\n<td>\u2022 Dost\u0119pne dla przek\u0142adni redukcyjnych (prosimy o kontakt z naszym dzia\u0142em technicznym)<\/p>\n<p>\u2022 Dost\u0119pne s\u0105 r\u00f3\u017cne obroty wa\u0142\u00f3w (prosimy o kontakt z naszym dzia\u0142em technicznym)<\/td>\n<\/tr>\n<\/tbody>\n<\/table>\n<h3>Cechy przek\u0142adni kosiarki rotacyjnej LF-199A<\/h3>\n<p>Przek\u0142adnia kosiarki rotacyjnej LF-199A to wysokowydajna, wytrzyma\u0142a przek\u0142adnia zaprojektowana specjalnie do kosiarek rotacyjnych. Zaprojektowana z my\u015bl\u0105 o wymagaj\u0105cych zastosowaniach rolniczych i przemys\u0142owych, zapewnia niezawodne przeniesienie mocy, gwarantuj\u0105c wydajne koszenie. LF-199A to przek\u0142adnia z nap\u0119dem bezpo\u015brednim, co oznacza, \u017ce \u200b\u200bprzekazuje moc bezpo\u015brednio z silnika na ostrza, eliminuj\u0105c potrzeb\u0119 stosowania pas\u00f3w i \u0142a\u0144cuch\u00f3w. To nie tylko zwi\u0119ksza wydajno\u015b\u0107, ale tak\u017ce pomaga zredukowa\u0107 ha\u0142as i wibracje, zapewniaj\u0105c p\u0142ynniejsz\u0105 i cichsz\u0105 prac\u0119.<\/p>\n<p>Wykonana z wysokiej jako\u015bci materia\u0142\u00f3w, przek\u0142adnia LF-199A idealnie nadaje si\u0119 zar\u00f3wno do zastosowa\u0144 komercyjnych, jak i domowych, zapewniaj\u0105c trwa\u0142o\u015b\u0107, niezawodno\u015b\u0107 i \u0142atwo\u015b\u0107 obs\u0142ugi. Poni\u017cej przedstawiamy kilka kluczowych cech, kt\u00f3re sprawiaj\u0105, \u017ce LF-199A jest popularnym wyborem w\u015br\u00f3d w\u0142a\u015bcicieli kosiarek rotacyjnych:<\/p>\n<h4>G\u0142\u00f3wne cechy:<\/h4>\n<ol>\n<li>Konstrukcja jednobiegowa: Model LF-199A charakteryzuje si\u0119 konstrukcj\u0105 jednobiegow\u0105, zapewniaj\u0105c\u0105 stabiln\u0105 i niezawodn\u0105 prac\u0119 przy sta\u0142ej pr\u0119dko\u015bci. Upraszcza to konfiguracj\u0119 i obs\u0142ug\u0119, czyni\u0105c go idealnym wyborem dla wi\u0119kszo\u015bci kosiarek rotacyjnych.<\/li>\n<li>Wysoki moment obrotowy: Zaprojektowana z my\u015bl\u0105 o wysokim momencie obrotowym, kosiarka LF-199A mo\u017ce efektywnie przenosi\u0107 moc z silnika na ostrza kosiarki. Taka pojemno\u015b\u0107 pozwala przek\u0142adni poradzi\u0107 sobie z trudnymi zadaniami koszenia, nawet w trudnych warunkach, bez uszczerbku dla wydajno\u015bci.<\/li>\n<li>Trwa\u0142a konstrukcja: Wykonany z najwy\u017cszej jako\u015bci materia\u0142\u00f3w, takich jak \u017celiwo lub stopy aluminium, LF-199A jest trwa\u0142y. Jego solidna konstrukcja gwarantuje odporno\u015b\u0107 na zu\u017cycie i uszkodzenia wynikaj\u0105ce z regularnego u\u017cytkowania, zapewniaj\u0105c d\u0142ugotrwa\u0142\u0105 wydajno\u015b\u0107 w wymagaj\u0105cych warunkach.<\/li>\n<li>\u0141atwa instalacja: Model LF-199A zosta\u0142 zaprojektowany z my\u015bl\u0105 o \u0142atwo\u015bci instalacji. \u0141atwe w obs\u0142udze opcje monta\u017cu pozwalaj\u0105 na szybk\u0105 konfiguracj\u0119, redukuj\u0105c przestoje i koszty konserwacji. Ta funkcja jest szczeg\u00f3lnie przydatna dla operator\u00f3w komercyjnych, kt\u00f3rzy musz\u0105 dba\u0107 o p\u0142ynn\u0105 prac\u0119 sprz\u0119tu.<\/li>\n<li>P\u0142ynna i cicha praca: Jedn\u0105 z wyr\u00f3\u017cniaj\u0105cych cech przek\u0142adni LF-199A jest jej p\u0142ynna praca. Zaprojektowana z my\u015bl\u0105 o minimalizacji ha\u0142asu i wibracji, zapewnia cichsze i wygodniejsze koszenie, co jest szczeg\u00f3lnie korzystne w miejscach wra\u017cliwych na ha\u0142as.<\/li>\n<li>Mo\u017cliwo\u015b\u0107 dostosowania prze\u0142o\u017ce\u0144 i momentu obrotowego: Przek\u0142adnia LF-199A jest dost\u0119pna w r\u00f3\u017cnych konfiguracjach, z r\u00f3\u017cnymi prze\u0142o\u017ceniami i momentami obrotowymi. Ta mo\u017cliwo\u015b\u0107 dostosowania pozwala na dopasowanie przek\u0142adni do specyficznych potrzeb r\u00f3\u017cnych kosiarek rotacyjnych, co czyni j\u0105 wszechstronnym rozwi\u0105zaniem do szerokiego zakresu zastosowa\u0144.<\/li>\n<li>Ni\u017csze wymagania konserwacyjne i d\u0142u\u017csza \u017cywotno\u015b\u0107: Konstrukcja z nap\u0119dem bezpo\u015brednim i wysokiej jako\u015bci materia\u0142y zmniejszaj\u0105 zu\u017cycie cz\u0119\u015bci ruchomych, wyd\u0142u\u017caj\u0105c \u017cywotno\u015b\u0107 skrzyni bieg\u00f3w. Przek\u0142ada si\u0119 to na ni\u017csze wymagania konserwacyjne i ni\u017csze og\u00f3lne koszty eksploatacji.<\/li>\n<li>Wszechstronno\u015b\u0107 w r\u00f3\u017cnych zastosowaniach: Niezale\u017cnie od tego, czy u\u017cywasz kosiarki LF-199A w obiektach komercyjnych, przemys\u0142owych czy domowych, jej wszechstronno\u015b\u0107 sprawia, \u017ce \u200b\u200bjest to idealne rozwi\u0105zanie dla r\u00f3\u017cnych typ\u00f3w kosiarek rotacyjnych. Jej solidna konstrukcja nadaje si\u0119 zar\u00f3wno do du\u017cych gospodarstw domowych, jak i mniejszych kosiarek przydomowych.<\/li>\n<\/ol>\n<p>Podsumowuj\u0105c, przek\u0142adnia kosiarki rotacyjnej LF-199A to trwa\u0142a, wydajna i \u0142atwa w utrzymaniu przek\u0142adnia, kt\u00f3ra zapewnia doskona\u0142e przenoszenie mocy, p\u0142ynn\u0105 prac\u0119 i wszechstronno\u015b\u0107. Dzi\u0119ki konfigurowalnym funkcjom i solidnej konstrukcji, jest to idealny wyb\u00f3r dla ka\u017cdego, kto poszukuje niezawodnej wydajno\u015bci kosiarki rotacyjnej.<\/p>\n<p><img loading=\"lazy\" decoding=\"async\" class=\"alignnone size-full wp-image-1907\" src=\"https:\/\/fmp-components.com\/wp-content\/uploads\/2024\/12\/Rotary-Mower-Gearbox16.webp\" alt=\"Skrzynia bieg\u00f3w kosiarki rotacyjnej\" width=\"1278\" height=\"471\" title=\"\" srcset=\"https:\/\/fmp-components.com\/wp-content\/uploads\/2024\/12\/Rotary-Mower-Gearbox16.webp 1278w, https:\/\/fmp-components.com\/wp-content\/uploads\/2024\/12\/Rotary-Mower-Gearbox16-980x361.webp 980w, https:\/\/fmp-components.com\/wp-content\/uploads\/2024\/12\/Rotary-Mower-Gearbox16-480x177.webp 480w\" sizes=\"(min-width: 0px) and (max-width: 480px) 480px, (min-width: 481px) and (max-width: 980px) 980px, (min-width: 981px) 1278px, 100vw\" \/><\/p>\n<h3>Zastosowania przek\u0142adni kosiarek rotacyjnych<\/h3>\n<p>Przek\u0142adnie kosiarek rotacyjnych odgrywaj\u0105 kluczow\u0105 rol\u0119 w r\u00f3\u017cnych maszynach rolniczych i przemys\u0142owych, zapewniaj\u0105c odpowiedni moment obrotowy i pr\u0119dko\u015b\u0107 obrotow\u0105, co pozwala na efektywne nap\u0119dzanie maszyn. Przek\u0142adnie te s\u0105 niezb\u0119dne do nap\u0119dzania ostrzy tn\u0105cych w kosiarkach rotacyjnych, zapewniaj\u0105c optymaln\u0105 wydajno\u015b\u0107 podczas ci\u0119\u017ckich zada\u0144. Poni\u017cej przedstawiono kilka kluczowych zastosowa\u0144, w kt\u00f3rych przek\u0142adnie kosiarek rotacyjnych s\u0105 powszechnie stosowane:<\/p>\n<h4>1. Kosiarki do trawy:<\/h4>\n<p>Przek\u0142adnie kosiarek rotacyjnych s\u0105 powszechnie stosowane w kosiarkach do nap\u0119dzania ostrzy, umo\u017cliwiaj\u0105c r\u00f3wnomierne i wydajne koszenie trawy. Przek\u0142adnie te zosta\u0142y zaprojektowane tak, aby zapewni\u0107 odpowiedni moment obrotowy i pr\u0119dko\u015b\u0107, gwarantuj\u0105c czyste, p\u0142ynne koszenie przy minimalnych wibracjach i ha\u0142asie.<\/p>\n<h4>2. Sprz\u0119t rolniczy:<\/h4>\n<p>Przek\u0142adnie kosiarek rotacyjnych s\u0105 kluczowym elementem w sprz\u0119cie rolniczym, takim jak kosiarki do siana, kosiarki dyskowe i inne maszyny do koszenia plon\u00f3w. Nap\u0119dzaj\u0105 one ostrza do koszenia siana, trawy i innych upraw, zapewniaj\u0105c r\u00f3wnomierne i wydajne koszenie, niezb\u0119dne w rolnictwie.<\/p>\n<h4>3. Sprz\u0119t do kszta\u0142towania krajobrazu:<\/h4>\n<p>W sprz\u0119cie do piel\u0119gnacji teren\u00f3w zielonych, takim jak podkaszarki, no\u017cyce do \u017cywop\u0142ot\u00f3w i kosiarki ogrodowe, przek\u0142adnie kosiarek rotacyjnych zapewniaj\u0105 moc potrzebn\u0105 do obs\u0142ugi ostrzy tn\u0105cych. Przek\u0142adnie te pomagaj\u0105 w utrzymaniu trawnik\u00f3w, ogrod\u00f3w i teren\u00f3w zielonych, umo\u017cliwiaj\u0105c precyzyjne ci\u0119cie i przycinanie, co czyni je cennym narz\u0119dziem zar\u00f3wno dla profesjonalnych architekt\u00f3w krajobrazu, jak i w\u0142a\u015bcicieli dom\u00f3w.<\/p>\n<h4>4. Kosiarki bijakowe:<\/h4>\n<p>U\u017cywane g\u0142\u00f3wnie do koszenia g\u0119stej ro\u015blinno\u015bci, kosiarki bijakowe wykorzystuj\u0105 przek\u0142adnie kosiarek rotacyjnych do nap\u0119dzania bijak\u00f3w, kt\u00f3re siekaj\u0105 traw\u0119, chwasty i inne materia\u0142y ro\u015blinne. Przek\u0142adnia zapewnia odpowiedni moment obrotowy do pracy na trudnych, zaro\u015bni\u0119tych terenach.<\/p>\n<h4>5. Rozsiewacze nawoz\u00f3w:<\/h4>\n<p>Niekt\u00f3re rozsiewacze nawoz\u00f3w wykorzystuj\u0105 przek\u0142adnie kosiarki rotacyjnej do nap\u0119dzania mechanizmu rozsiewacza, zapewniaj\u0105c r\u00f3wnomierne i r\u00f3wnomierne rozprowadzanie nawoz\u00f3w na du\u017cych obszarach. Przek\u0142adnia zapewnia niezb\u0119dny moment obrotowy do sterowania ruchem rozsiewacza, gwarantuj\u0105c precyzj\u0119 i wydajno\u015b\u0107.<\/p>\n<h4>6. Mieszalniki pasz:<\/h4>\n<p>W mieszalnikach pasz, przek\u0142adnie kosiarki obrotowej s\u0142u\u017c\u0105 do nap\u0119dzania \u0142opatek mieszaj\u0105cych, co pomaga w r\u00f3wnomiernym mieszaniu sk\u0142adnik\u00f3w paszy. Przek\u0142adnia zapewnia, \u017ce \u200b\u200b\u0142opatki mieszaj\u0105ce obracaj\u0105 si\u0119 z odpowiedni\u0105 pr\u0119dko\u015bci\u0105 i momentem obrotowym, poprawiaj\u0105c konsystencj\u0119 mieszanki paszowej.<\/p>\n<h4>7. Koparki do do\u0142k\u00f3w pod s\u0142upy:<\/h4>\n<p>Przek\u0142adnie kosiarek rotacyjnych s\u0105 r\u00f3wnie\u017c stosowane w koparkach do do\u0142k\u00f3w, gdzie nap\u0119dzaj\u0105 \u015bwidry wierc\u0105ce otwory pod ogrodzenia, sadzenie lub inne zastosowania. Wysoki moment obrotowy przek\u0142adni zapewnia \u015bwidrom skuteczn\u0105 penetracj\u0119 twardej gleby.<\/p>\n<h4>8. Glebogryzarki obrotowe:<\/h4>\n<p>W glebogryzarkach obrotowych, kt\u00f3re s\u0142u\u017c\u0105 do przygotowania gleby pod zasiew, przek\u0142adnie kosiarki obrotowej nap\u0119dzaj\u0105 ostrza uprawowe, zapewniaj\u0105c skuteczn\u0105 upraw\u0119 gleby. Przek\u0142adnie te pomagaj\u0105 ostrzom glebogryzarki obraca\u0107 si\u0119 z odpowiedni\u0105 pr\u0119dko\u015bci\u0105 i momentem obrotowym, aby rozdrobni\u0107 gleb\u0119 i wymiesza\u0107 j\u0105 z materi\u0105 organiczn\u0105.<\/p>\n<h4>9. Zamiatarki do \u015bniegu:<\/h4>\n<p>Niekt\u00f3re urz\u0105dzenia do od\u015bnie\u017cania, takie jak: <strong>od\u015bnie\u017carki<\/strong>, wykorzystuje przek\u0142adnie kosiarki obrotowej do nap\u0119dzania szczotek obrotowych lub \u015blimak\u00f3w, kt\u00f3re od\u015bnie\u017caj\u0105 drogi, parkingi i chodniki. Przek\u0142adnia zapewnia przekazywanie wystarczaj\u0105cej mocy, aby skutecznie usuwa\u0107 \u015bnieg w niskich temperaturach i trudnych warunkach.<\/p>\n<p>Przek\u0142adnie kosiarek rotacyjnych to wszechstronne podzespo\u0142y, kt\u00f3re nap\u0119dzaj\u0105 mechanizmy tn\u0105ce i obrotowe w szerokiej gamie maszyn rolniczych, ogrodniczych i przemys\u0142owych. Od kosiarek do trawy, przez wozy paszowe, po kosiarki bijakowe, przek\u0142adnie te zapewniaj\u0105 niezb\u0119dny moment obrotowy i pr\u0119dko\u015b\u0107, gwarantuj\u0105c niezawodn\u0105 i wydajn\u0105 prac\u0119 w wymagaj\u0105cych warunkach. Ich solidna konstrukcja i zdolno\u015b\u0107 do efektywnego przenoszenia mocy sprawiaj\u0105, \u017ce stanowi\u0105 kluczowy element urz\u0105dze\u0144 wykorzystywanych zar\u00f3wno w zastosowaniach komercyjnych, jak i domowych.<\/p>\n<p><img loading=\"lazy\" decoding=\"async\" class=\"alignnone size-full wp-image-1906\" src=\"https:\/\/fmp-components.com\/wp-content\/uploads\/2024\/12\/Rotary-Mower-Gearbox17.webp\" alt=\"Skrzynia bieg\u00f3w kosiarki rotacyjnej\" width=\"1280\" height=\"463\" title=\"\" srcset=\"https:\/\/fmp-components.com\/wp-content\/uploads\/2024\/12\/Rotary-Mower-Gearbox17.webp 1280w, https:\/\/fmp-components.com\/wp-content\/uploads\/2024\/12\/Rotary-Mower-Gearbox17-980x354.webp 980w, https:\/\/fmp-components.com\/wp-content\/uploads\/2024\/12\/Rotary-Mower-Gearbox17-480x174.webp 480w\" sizes=\"(min-width: 0px) and (max-width: 480px) 480px, (min-width: 481px) and (max-width: 980px) 980px, (min-width: 981px) 1280px, 100vw\" \/><\/p>\n<h3><strong>O FMP<\/strong><\/h3>\n<p>Firma FMP z siedzib\u0105 we W\u0142oszech jest uznanym liderem w dziedzinie bada\u0144, rozwoju i produkcji przek\u0142adni, reduktor\u00f3w i maszyn in\u017cynieryjnych. Firma zbudowa\u0142a swoj\u0105 reputacj\u0119, koncentruj\u0105c si\u0119 na innowacyjno\u015bci, jako\u015bci i zaanga\u017cowaniu w rozw\u00f3j talent\u00f3w, pozycjonuj\u0105c si\u0119 jako kluczowy gracz w bran\u017cy.<\/p>\n<p><strong>Kompleksowe portfolio produkt\u00f3w<\/strong><\/p>\n<p>Szeroka gama produkt\u00f3w FMP obejmuje:<\/p>\n<ul>\n<li>Przek\u0142adnie sto\u017ckowe spiralne<\/li>\n<li>Przek\u0142adnie walcowe<\/li>\n<li>Przek\u0142adnie \u015blimakowe<\/li>\n<li>Przek\u0142adnie cylindryczne<\/li>\n<li>Korpusy i obudowy zawor\u00f3w wysokoci\u015bnieniowych odlewane<\/li>\n<\/ul>\n<p><strong>Szerokie zastosowania w r\u00f3\u017cnych bran\u017cach<\/strong><\/p>\n<p>Produkty FMP s\u0105 niezwykle wszechstronne i znajduj\u0105 zastosowanie w wielu ga\u0142\u0119ziach przemys\u0142u, takich jak:<\/p>\n<ul>\n<li><strong>Rolnictwo<\/strong>:Kosiarki rotacyjne, od\u015bnie\u017carki, rozsiewacze nawoz\u00f3w i przeno\u015bniki zbo\u017cowe.<\/li>\n<li><strong>Sprz\u0119t przemys\u0142owy<\/strong>:Maszyny u\u017cywane w wydobyciu ropy naftowej, zastosowaniach morskich oraz komponenty hydrauliczne do projekt\u00f3w in\u017cynieryjnych.<\/li>\n<\/ul>\n<p><strong>Zaawansowana doskona\u0142o\u015b\u0107 produkcyjna<\/strong><\/p>\n<p>FMP szczyci si\u0119 swoim solidnym potencja\u0142em technicznym i badawczo-rozwojowym, gwarantuj\u0105cym produkcj\u0119 niezawodnych i wysokiej jako\u015bci produkt\u00f3w. Proces produkcyjny obejmuje:<\/p>\n<ul>\n<li><strong>Projektowanie produktu<\/strong>:Opracowano specyfikacje dostosowane do indywidualnych potrzeb, obejmuj\u0105ce typ skrzyni bieg\u00f3w, materia\u0142 i wymiary.<\/li>\n<li><strong>Wyb\u00f3r materia\u0142\u00f3w<\/strong>:W celu uzyskania optymalnej wydajno\u015bci wybierane s\u0105 materia\u0142y najwy\u017cszej jako\u015bci, takie jak \u017celiwo i stopy aluminium.<\/li>\n<li><strong>Obr\u00f3bka precyzyjna<\/strong>Do precyzyjnej produkcji podzespo\u0142\u00f3w stosuje si\u0119 zaawansowane techniki, takie jak toczenie i frezowanie.<\/li>\n<li><strong>Monta\u017c<\/strong>:Ko\u0142a z\u0119bate, \u0142o\u017cyska i wa\u0142y s\u0105 starannie montowane, co zapewnia w\u0142a\u015bciwe wyr\u00f3wnanie i smarowanie.<\/li>\n<li><strong>Obr\u00f3bka cieplna<\/strong>:Przek\u0142adnie s\u0105 poddawane obr\u00f3bce maj\u0105cej na celu zwi\u0119kszenie wytrzyma\u0142o\u015bci i odporno\u015bci na zu\u017cycie.<\/li>\n<li><strong>Obr\u00f3bka powierzchni<\/strong>:Polerowanie i malowanie proszkowe poprawiaj\u0105 zar\u00f3wno wygl\u0105d, jak i odporno\u015b\u0107 na korozj\u0119.<\/li>\n<li><strong>Kontrola jako\u015bci<\/strong>:Rygorystyczny proces kontroli i testowania gwarantuje, \u017ce ka\u017cdy produkt spe\u0142nia standardy wydajno\u015bci dotycz\u0105ce stabilno\u015bci i dok\u0142adno\u015bci.<\/li>\n<\/ul>\n<p><strong>Reputacja w bran\u017cy<\/strong><\/p>\n<p>Zaanga\u017cowanie FMP w jako\u015b\u0107, innowacyjno\u015b\u0107 i zadowolenie klienta ugruntowa\u0142o reputacj\u0119 firmy jako wiod\u0105cego producenta w bran\u017cy. Koncentracja firmy na rzemio\u015ble i zaawansowanej technologii nap\u0119dza jej d\u0105\u017cenie do dostarczania trwa\u0142ej warto\u015bci.<\/p>\n<p><strong>Zosta\u0144 naszym partnerem<\/strong><\/p>\n<p>FMP jest otwarta na globalne partnerstwa i wsp\u00f3\u0142prac\u0119. Aby uzyska\u0107 wi\u0119cej informacji o naszych produktach i us\u0142ugach, prosimy o kontakt telefoniczny lub mailowy. Zale\u017cy nam na dostarczaniu rozwi\u0105za\u0144 dostosowanych do indywidualnych potrzeb naszych klient\u00f3w.<\/p>\n<p><img loading=\"lazy\" decoding=\"async\" class=\"alignnone size-full wp-image-1861\" src=\"https:\/\/fmp-components.com\/wp-content\/uploads\/2024\/12\/Other-Agricultural-Gearboxes.webp\" alt=\"Inne-przek\u0142adnie-rolnicze\" width=\"1200\" height=\"1400\" title=\"\" srcset=\"https:\/\/fmp-components.com\/wp-content\/uploads\/2024\/12\/Other-Agricultural-Gearboxes.webp 1200w, https:\/\/fmp-components.com\/wp-content\/uploads\/2024\/12\/Other-Agricultural-Gearboxes-980x1143.webp 980w, https:\/\/fmp-components.com\/wp-content\/uploads\/2024\/12\/Other-Agricultural-Gearboxes-480x560.webp 480w\" sizes=\"(min-width: 0px) and (max-width: 480px) 480px, (min-width: 481px) and (max-width: 980px) 980px, (min-width: 981px) 1200px, 100vw\" \/><\/p>\n<p>Autor: CX<\/p>","protected":false},"excerpt":{"rendered":"<p>Specifications of\u00a0Rotary Mower Gearbox LF-199A\u00a0 Model: Rotary Mower Gearbox Replacement of Comer Gearboxes LF-199A Type of application: Speed increasing unit Input power rate: \u00a045Cv-33Kw (540RPM) Ratio: 3,00 Outputs: 2 Rotation: The rotation is defined as either clocwise or counter-clockwise by looking &#8220;into&#8221; the components in motion ( shaft, pulley, or sprocket), with the gearbox behind [&hellip;]<\/p>","protected":false},"featured_media":1905,"comment_status":"open","ping_status":"closed","template":"","meta":{"_et_pb_use_builder":"","_et_pb_old_content":"","_et_gb_content_width":""},"product_brand":[],"product_cat":[51],"product_tag":[],"class_list":{"0":"post-1900","1":"product","2":"type-product","3":"status-publish","4":"has-post-thumbnail","6":"product_cat-rotary-mower-gearbox","8":"first","9":"instock","10":"shipping-taxable","11":"product-type-simple"},"_links":{"self":[{"href":"https:\/\/fmp-components.com\/pl\/wp-json\/wp\/v2\/product\/1900","targetHints":{"allow":["GET"]}}],"collection":[{"href":"https:\/\/fmp-components.com\/pl\/wp-json\/wp\/v2\/product"}],"about":[{"href":"https:\/\/fmp-components.com\/pl\/wp-json\/wp\/v2\/types\/product"}],"replies":[{"embeddable":true,"href":"https:\/\/fmp-components.com\/pl\/wp-json\/wp\/v2\/comments?post=1900"}],"wp:featuredmedia":[{"embeddable":true,"href":"https:\/\/fmp-components.com\/pl\/wp-json\/wp\/v2\/media\/1905"}],"wp:attachment":[{"href":"https:\/\/fmp-components.com\/pl\/wp-json\/wp\/v2\/media?parent=1900"}],"wp:term":[{"taxonomy":"product_brand","embeddable":true,"href":"https:\/\/fmp-components.com\/pl\/wp-json\/wp\/v2\/product_brand?post=1900"},{"taxonomy":"product_cat","embeddable":true,"href":"https:\/\/fmp-components.com\/pl\/wp-json\/wp\/v2\/product_cat?post=1900"},{"taxonomy":"product_tag","embeddable":true,"href":"https:\/\/fmp-components.com\/pl\/wp-json\/wp\/v2\/product_tag?post=1900"}],"curies":[{"name":"wp","href":"https:\/\/api.w.org\/{rel}","templated":true}]}}