{"id":1859,"date":"2024-12-24T07:46:32","date_gmt":"2024-12-24T07:46:32","guid":{"rendered":"https:\/\/fmp-components.com\/?page_id=8"},"modified":"2024-12-24T07:59:12","modified_gmt":"2024-12-24T07:59:12","slug":"rotary-mower-gearboxes-replacement-of-comer-code-lf-151a-13","status":"publish","type":"product","link":"https:\/\/fmp-components.com\/pl\/product\/rotary-mower-gearboxes-replacement-of-comer-code-lf-151a-13\/","title":{"rendered":"Przek\u0142adnie kosiarki rotacyjnej \u2013 wymiana Comer Code LF-151A 1:3"},"content":{"rendered":"<p><img loading=\"lazy\" decoding=\"async\" class=\"size-full wp-image-1865 aligncenter\" src=\"https:\/\/fmp-components.com\/wp-content\/uploads\/2024\/12\/Rotary-Mower-Gearboxes-Replacement-of-Comer-Gearbox-LF-151A.webp\" alt=\"Skrzynia bieg\u00f3w kosiarki rotacyjnej 3\" width=\"600\" height=\"600\" title=\"\" srcset=\"https:\/\/fmp-components.com\/wp-content\/uploads\/2024\/12\/Rotary-Mower-Gearboxes-Replacement-of-Comer-Gearbox-LF-151A.webp 600w, https:\/\/fmp-components.com\/wp-content\/uploads\/2024\/12\/Rotary-Mower-Gearboxes-Replacement-of-Comer-Gearbox-LF-151A-480x480.webp 480w\" sizes=\"(min-width: 0px) and (max-width: 480px) 480px, (min-width: 481px) 600px, 100vw\" \/><\/p>\n<h2>Dane techniczne przek\u0142adni kosiarki rotacyjnej LF-151A (1:3)<\/h2>\n<p><img loading=\"lazy\" decoding=\"async\" class=\"alignnone size-full wp-image-1863\" src=\"https:\/\/fmp-components.com\/wp-content\/uploads\/2024\/12\/Rotary-Mower-Gearboxes-\u2013-Replacement-of-Comer-Code-LF-151A.webp\" alt=\"Przek\u0142adnie kosiarki obrotowej \u2013 wymiana przek\u0142adni Comer Code LF-151A\" width=\"1291\" height=\"356\" title=\"\" srcset=\"https:\/\/fmp-components.com\/wp-content\/uploads\/2024\/12\/Rotary-Mower-Gearboxes-\u2013-Replacement-of-Comer-Code-LF-151A.webp 1291w, https:\/\/fmp-components.com\/wp-content\/uploads\/2024\/12\/Rotary-Mower-Gearboxes-\u2013-Replacement-of-Comer-Code-LF-151A-300x83.webp 300w, https:\/\/fmp-components.com\/wp-content\/uploads\/2024\/12\/Rotary-Mower-Gearboxes-\u2013-Replacement-of-Comer-Code-LF-151A-1024x282.webp 1024w, https:\/\/fmp-components.com\/wp-content\/uploads\/2024\/12\/Rotary-Mower-Gearboxes-\u2013-Replacement-of-Comer-Code-LF-151A-768x212.webp 768w, https:\/\/fmp-components.com\/wp-content\/uploads\/2024\/12\/Rotary-Mower-Gearboxes-\u2013-Replacement-of-Comer-Code-LF-151A-18x5.webp 18w, https:\/\/fmp-components.com\/wp-content\/uploads\/2024\/12\/Rotary-Mower-Gearboxes-\u2013-Replacement-of-Comer-Code-LF-151A-1080x298.webp 1080w, https:\/\/fmp-components.com\/wp-content\/uploads\/2024\/12\/Rotary-Mower-Gearboxes-\u2013-Replacement-of-Comer-Code-LF-151A-1280x353.webp 1280w, https:\/\/fmp-components.com\/wp-content\/uploads\/2024\/12\/Rotary-Mower-Gearboxes-\u2013-Replacement-of-Comer-Code-LF-151A-980x270.webp 980w, https:\/\/fmp-components.com\/wp-content\/uploads\/2024\/12\/Rotary-Mower-Gearboxes-\u2013-Replacement-of-Comer-Code-LF-151A-480x132.webp 480w, https:\/\/fmp-components.com\/wp-content\/uploads\/2024\/12\/Rotary-Mower-Gearboxes-\u2013-Replacement-of-Comer-Code-LF-151A-600x165.webp 600w\" sizes=\"(max-width: 1291px) 100vw, 1291px\" \/><\/p>\n<table class=\"kh-1xzm1su\" border=\"1\" cellspacing=\"0\" cellpadding=\"0\" data-intent=\"lists-product-attributes\" data-test-id=\"attributes-list\">\n<tbody class=\"kh-1ago99h\">\n<tr id=\"alexis#custom#item-id\" class=\"kh-bwvum6\" data-test-id=\"attribute-row\">\n<th class=\"kh-10oizfy\">Opis produktu<\/th>\n<td class=\"kh-1f5nhat\">\n<div class=\"kh-pkx4zo\">Przek\u0142adnie kosiarki rotacyjnej \u2013 wymiana przek\u0142adni Comer LF-151A 1:3<\/div>\n<\/td>\n<\/tr>\n<tr id=\"attProductDetails\" class=\"kh-bwvum6\" data-test-id=\"attribute-row\">\n<th class=\"kh-10oizfy\">Szczeg\u00f3\u0142y produktu<\/th>\n<td class=\"kh-1f5nhat\">\n<ul>\n<li class=\"kh-16zd49f\">Wszystkie skrzynie bieg\u00f3w dostarczane s\u0105 bez oleju.<\/li>\n<li class=\"kh-16zd49f\">Najpierw nale\u017cy wymieni\u0107 olej po 50-70 godzinach pracy, nast\u0119pnie po 500-700 godzinach pracy lub co najmniej raz w roku.<\/li>\n<li class=\"kh-16zd49f\">Skontaktuj si\u0119 z nami, aby uzyska\u0107 informacje o mocy przy innych obrotach na minut\u0119.<\/li>\n<\/ul>\n<\/td>\n<\/tr>\n<tr id=\"attApplicationRange\" class=\"kh-bwvum6\" data-test-id=\"attribute-row\">\n<th class=\"kh-10oizfy\">Zakres zastosowania<\/th>\n<td class=\"kh-1f5nhat\">\n<div class=\"kh-pkx4zo\">Kosiarki<\/div>\n<\/td>\n<\/tr>\n<tr id=\"attConsistsOf\" class=\"kh-bwvum6\" data-test-id=\"attribute-row\">\n<th class=\"kh-10oizfy\">Sk\u0142ada si\u0119 z<\/th>\n<td class=\"kh-1f5nhat\">\n<ul>\n<li class=\"kh-16zd49f\">Skrzynia bieg\u00f3w<\/li>\n<li class=\"kh-16zd49f\">Bez oleju<\/li>\n<\/ul>\n<\/td>\n<\/tr>\n<tr id=\"taContainsOil\" class=\"kh-bwvum6\" data-test-id=\"attribute-row\">\n<th class=\"kh-10oizfy\">Zawiera olej<\/th>\n<td class=\"kh-1f5nhat\">\n<div class=\"kh-pkx4zo\">NIE<\/div>\n<\/td>\n<\/tr>\n<tr id=\"taMaxOilCapacityL\" class=\"kh-bwvum6\" data-test-id=\"attribute-row\">\n<th class=\"kh-10oizfy\">Maksymalna pojemno\u015b\u0107 oleju<\/th>\n<td class=\"kh-1f5nhat\">\n<div class=\"kh-pkx4zo\">1,3 litra<\/div>\n<\/td>\n<\/tr>\n<tr id=\"taMaxOilChangeIntervalH\" class=\"kh-bwvum6\" data-test-id=\"attribute-row\">\n<th class=\"kh-10oizfy\">Maksymalny odst\u0119p mi\u0119dzy wymianami oleju<\/th>\n<td class=\"kh-1f5nhat\">\n<div class=\"kh-pkx4zo\">500 godzin<\/div>\n<\/td>\n<\/tr>\n<tr id=\"taOilSAEViscosityGrade\" class=\"kh-bwvum6\" data-test-id=\"attribute-row\">\n<th class=\"kh-10oizfy\">Klasa lepko\u015bci oleju SAE<\/th>\n<td class=\"kh-1f5nhat\">\n<div class=\"kh-pkx4zo\">80W-90<\/div>\n<\/td>\n<\/tr>\n<tr id=\"taHousingMaterial_16\" class=\"kh-bwvum6\" data-test-id=\"attribute-row\">\n<th class=\"kh-10oizfy\">Materia\u0142 obudowy<\/th>\n<td class=\"kh-1f5nhat\">\n<div class=\"kh-pkx4zo\">\u017beliwo GG25<\/div>\n<\/td>\n<\/tr>\n<tr id=\"taWeightKg_75\" class=\"kh-bwvum6\" data-test-id=\"attribute-row\">\n<th class=\"kh-10oizfy\">Waga<\/th>\n<td class=\"kh-1f5nhat\">\n<div class=\"kh-pkx4zo\">21,5 kg<\/div>\n<\/td>\n<\/tr>\n<tr id=\"taGearArrangementInc\" class=\"kh-bwvum6\" data-test-id=\"attribute-row\">\n<th class=\"kh-10oizfy\">Uk\u0142ad przek\u0142adni zwi\u0119kszaj\u0105cy<\/th>\n<td class=\"kh-1f5nhat\">\n<div class=\"kh-pkx4zo\">21 &#8211; 22<\/div>\n<\/td>\n<\/tr>\n<tr id=\"taInputPowerKwHpInc\" class=\"kh-bwvum6\" data-test-id=\"attribute-row\">\n<th class=\"kh-10oizfy\">Moc wej\u015bciowa kW \/ KM Rosn\u0105ca<\/th>\n<td class=\"kh-1f5nhat\">\n<div class=\"kh-pkx4zo\">33,1 \/ 45 kW\/KM<\/div>\n<\/td>\n<\/tr>\n<tr id=\"taInputShaftIncreasi\" class=\"kh-bwvum6\" data-test-id=\"attribute-row\">\n<th class=\"kh-10oizfy\">Wa\u0142 wej\u015bciowy zwi\u0119kszaj\u0105cy<\/th>\n<td class=\"kh-1f5nhat\">\n<div class=\"kh-pkx4zo\">Y<\/div>\n<\/td>\n<\/tr>\n<tr id=\"taNSOutputTorqueDaNm_1\" class=\"kh-bwvum6\" data-test-id=\"attribute-row\">\n<th class=\"kh-10oizfy\">Moment obrotowy wyj\u015bciowy DaNm wzrasta<\/th>\n<td class=\"kh-1f5nhat\">\n<div class=\"kh-pkx4zo\">18,9 daNm<\/div>\n<\/td>\n<\/tr>\n<tr id=\"taRatioIncreasing\" class=\"kh-bwvum6\" data-test-id=\"attribute-row\">\n<th class=\"kh-10oizfy\">Wsp\u00f3\u0142czynnik wzrastaj\u0105cy<\/th>\n<td class=\"kh-1f5nhat\">\n<div class=\"kh-pkx4zo\">1: 3<\/div>\n<\/td>\n<\/tr>\n<tr id=\"taRatioReducing\" class=\"kh-bwvum6\" data-test-id=\"attribute-row\">\n<th class=\"kh-10oizfy\">Zmniejszanie wsp\u00f3\u0142czynnika<\/th>\n<td class=\"kh-1f5nhat\">\n<div class=\"kh-pkx4zo\">3: 1<\/div>\n<\/td>\n<\/tr>\n<tr id=\"taShaftY\" class=\"kh-bwvum6\" data-test-id=\"attribute-row\">\n<th class=\"kh-10oizfy\">Wa\u0142 Y<\/th>\n<td class=\"kh-1f5nhat\">\n<div class=\"kh-pkx4zo\">1 3\/8\u2033 (6) (A)<\/div>\n<\/td>\n<\/tr>\n<tr id=\"taShaftZ\" class=\"kh-bwvum6\" data-test-id=\"attribute-row\">\n<th class=\"kh-10oizfy\">Wa\u0142 Z<\/th>\n<td class=\"kh-1f5nhat\">\n<div class=\"kh-pkx4zo\">35 (B)<\/div>\n<\/td>\n<\/tr>\n<\/tbody>\n<\/table>\n<h3>Zalety przek\u0142adni kosiarki rotacyjnej LF-151A (1:3)<\/h3>\n<p>Przek\u0142adnia kosiarki rotacyjnej LF-151A oferuje szereg korzy\u015bci, dzi\u0119ki czemu jest preferowanym wyborem do kosiarek rotacyjnych o r\u00f3\u017cnych zastosowaniach. Oto jej najwa\u017cniejsze zalety:<\/p>\n<h4>1. Wysoka wydajno\u015b\u0107<\/h4>\n<p>Przek\u0142adnia LF-151A efektywnie przekazuje moc z ci\u0105gnika do kosiarki, zapewniaj\u0105c wysok\u0105 wydajno\u015b\u0107. Ta efektywno\u015b\u0107 skraca czas i energi\u0119 potrzebn\u0105 do koszenia du\u017cych obszar\u00f3w, zwi\u0119kszaj\u0105c produktywno\u015b\u0107.<\/p>\n<h4>2. P\u0142ynna praca<\/h4>\n<p>Zaprojektowana z my\u015bl\u0105 o stabilno\u015bci, kosiarka LF-151A zapewnia p\u0142ynn\u0105 prac\u0119 przy minimalnych wibracjach. Zwi\u0119ksza to komfort operatora i zapewnia r\u00f3wnomierne koszenie.<\/p>\n<h4>3. Zwi\u0119kszona trwa\u0142o\u015b\u0107<\/h4>\n<p>Zbudowany z wysokiej jako\u015bci materia\u0142\u00f3w i precyzyjnie zaprojektowany, LF-151A jest wyj\u0105tkowo wytrzyma\u0142y. Jego solidna konstrukcja pozwala mu sprosta\u0107 trudnym warunkom terenowym, redukuj\u0105c potrzeb\u0119 cz\u0119stych wymian lub napraw.<\/p>\n<h4>4. Niskie wymagania konserwacyjne<\/h4>\n<p>LF-151A jest \u0142atwy w utrzymaniu, wymaga minimalnego smarowania i zapewnia \u0142atwy dost\u0119p do kluczowych podzespo\u0142\u00f3w. Ta prostota skraca przestoje i gwarantuje bezproblemow\u0105 konserwacj\u0119.<\/p>\n<h4>5. Cicha praca<\/h4>\n<p>Pracuj\u0105c przy obni\u017conym poziomie ha\u0142asu, model LF-151A idealnie sprawdza si\u0119 w miejscach wra\u017cliwych na ha\u0142as, takich jak obszary mieszkalne, szko\u0142y i szpitale, zapewniaj\u0105c przyjemniejsze doznania.<\/p>\n<h4>6. Wszechstronno\u015b\u0107<\/h4>\n<p>Ta przek\u0142adnia jest wszechstronna i kompatybilna z r\u00f3\u017cnymi typami kosiarek. Dobrze dostosowuje si\u0119 do r\u00f3\u017cnych teren\u00f3w i wielko\u015bci p\u00f3l, dzi\u0119ki czemu nadaje si\u0119 do r\u00f3\u017cnorodnych zastosowa\u0144.<\/p>\n<h4>7. Mniejsze zu\u017cycie<\/h4>\n<p>Kosiarka LF-151A minimalizuje zu\u017cycie podzespo\u0142\u00f3w kosiarki, takich jak ostrza i kraw\u0119dzie tn\u0105ce, wyd\u0142u\u017caj\u0105c ich \u017cywotno\u015b\u0107 i zapewniaj\u0105c sta\u0142\u0105 jako\u015b\u0107 koszenia.<\/p>\n<p>Przek\u0142adnia kosiarki rotacyjnej LF-151A to niezb\u0119dny element, kt\u00f3ry zwi\u0119ksza wydajno\u015b\u0107, niezawodno\u015b\u0107 i \u017cywotno\u015b\u0107 kosiarek rotacyjnych. Jej wydajno\u015b\u0107, trwa\u0142o\u015b\u0107 i \u0142atwo\u015b\u0107 konserwacji sprawiaj\u0105, \u017ce jest to cenna inwestycja pozwalaj\u0105ca uzyska\u0107 optymalne rezultaty koszenia w r\u00f3\u017cnych warunkach.<\/p>\n<p><img loading=\"lazy\" decoding=\"async\" class=\"alignnone size-full wp-image-1868\" src=\"https:\/\/fmp-components.com\/wp-content\/uploads\/2024\/12\/Rotary-Mower-Gearbox4.webp\" alt=\"Skrzynia bieg\u00f3w kosiarki obrotowej 4\" width=\"1278\" height=\"483\" title=\"\" srcset=\"https:\/\/fmp-components.com\/wp-content\/uploads\/2024\/12\/Rotary-Mower-Gearbox4.webp 1278w, https:\/\/fmp-components.com\/wp-content\/uploads\/2024\/12\/Rotary-Mower-Gearbox4-980x370.webp 980w, https:\/\/fmp-components.com\/wp-content\/uploads\/2024\/12\/Rotary-Mower-Gearbox4-480x181.webp 480w\" sizes=\"(min-width: 0px) and (max-width: 480px) 480px, (min-width: 481px) and (max-width: 980px) 980px, (min-width: 981px) 1278px, 100vw\" \/><\/p>\n<h3>Zastosowania przek\u0142adni kosiarki rotacyjnej LF-151A (1:3)<\/h3>\n<p>Przek\u0142adnia kosiarki rotacyjnej LF-151A to wszechstronny i niezawodny element zaprojektowany do szerokiego zakresu zastosowa\u0144. Oto niekt\u00f3re z jej g\u0142\u00f3wnych zastosowa\u0144:<\/p>\n<h4>1. Kosiarki do trawy<\/h4>\n<p>Idealna do u\u017cytku domowego i komercyjnego kosiarka LF-151A zapewnia precyzj\u0119 i wydajno\u015b\u0107, dzi\u0119ki czemu \u015bwietnie nadaje si\u0119 do piel\u0119gnacji du\u017cych p\u00f3l i teren\u00f3w zielonych.<\/p>\n<h4>2. Kosiarki montowane na ci\u0105gniku<\/h4>\n<p>Kosiarka LF-151A doskonale nadaje si\u0119 do monta\u017cu na ci\u0105gnikach, dzi\u0119ki czemu doskonale nadaje si\u0119 do \u0142atwego koszenia du\u017cych obszar\u00f3w, takich jak pola, sady i winnice.<\/p>\n<h4>3. Utrzymanie rolnictwa<\/h4>\n<p>Ta przek\u0142adnia jest kompatybilna z kosiarkami do koszenia wst\u0119pnego i no\u017cycami obrotowymi, dzi\u0119ki czemu idealnie nadaje si\u0119 do piel\u0119gnacji p\u00f3l uprawnych, pastwisk i innych teren\u00f3w rolniczych na du\u017c\u0105 skal\u0119.<\/p>\n<h4>4. Przestrzenie publiczne<\/h4>\n<p>Dzi\u0119ki funkcji redukcji ha\u0142asu model LF-151A doskonale nadaje si\u0119 do stosowania w miejscach publicznych, takich jak szko\u0142y, szpitale i parki, gdzie cichsza praca ma kluczowe znaczenie.<\/p>\n<h4>5. Zadania zwi\u0105zane z zagospodarowaniem terenu<\/h4>\n<p>Model LF-151A to wszechstronny wyb\u00f3r do r\u00f3\u017cnych prac zwi\u0105zanych z kszta\u0142towaniem krajobrazu, w tym przycinania \u017cywop\u0142ot\u00f3w, karczowania krzew\u00f3w i \u015bcinania zaro\u015bli. Zapewnia niezawodn\u0105 prac\u0119 w r\u00f3\u017cnych rodzajach terenu.<\/p>\n<p>Przek\u0142adnia kosiarki rotacyjnej LF-151A to niezawodny i wszechstronny element, kt\u00f3ry zwi\u0119ksza wydajno\u015b\u0107, niezawodno\u015b\u0107 i trwa\u0142o\u015b\u0107 kosiarek w r\u00f3\u017cnych zastosowaniach. Niezale\u017cnie od tego, czy s\u0105 to maszyny do u\u017cytku domowego, rolniczego czy publicznego, gwarantuje doskona\u0142\u0105 wydajno\u015b\u0107 i d\u0142ugotrwa\u0142e rezultaty.<\/p>\n<p><img loading=\"lazy\" decoding=\"async\" class=\"alignnone size-full wp-image-1869\" src=\"https:\/\/fmp-components.com\/wp-content\/uploads\/2024\/12\/Rotary-Mower-Gearbox-LF-151A-Applications-1.webp\" alt=\"Skrzynia bieg\u00f3w kosiarki rotacyjnej LF-151A-Zastosowania-1\" width=\"2560\" height=\"1472\" title=\"\" srcset=\"https:\/\/fmp-components.com\/wp-content\/uploads\/2024\/12\/Rotary-Mower-Gearbox-LF-151A-Applications-1.webp 2560w, https:\/\/fmp-components.com\/wp-content\/uploads\/2024\/12\/Rotary-Mower-Gearbox-LF-151A-Applications-1-1280x736.webp 1280w, https:\/\/fmp-components.com\/wp-content\/uploads\/2024\/12\/Rotary-Mower-Gearbox-LF-151A-Applications-1-980x564.webp 980w, https:\/\/fmp-components.com\/wp-content\/uploads\/2024\/12\/Rotary-Mower-Gearbox-LF-151A-Applications-1-480x276.webp 480w\" sizes=\"(min-width: 0px) and (max-width: 480px) 480px, (min-width: 481px) and (max-width: 980px) 980px, (min-width: 981px) and (max-width: 1280px) 1280px, (min-width: 1281px) 2560px, 100vw\" \/><\/p>\n<h3>O FMP<\/h3>\n<p>FMP, z siedzib\u0105 we W\u0142oszech, to renomowana firma specjalizuj\u0105ca si\u0119 w badaniach, rozwoju i produkcji przek\u0142adni, reduktor\u00f3w i maszyn in\u017cynieryjnych. Dzi\u0119ki silnemu zaanga\u017cowaniu w rozw\u00f3j talent\u00f3w i wspieranie innowacji, FMP sta\u0142a si\u0119 liderem w swojej bran\u017cy.<\/p>\n<h3>Zr\u00f3\u017cnicowane portfolio produkt\u00f3w<\/h3>\n<p>W ofercie firmy znajduj\u0105 si\u0119:<\/p>\n<ul>\n<li><strong>Przek\u0142adnie sto\u017ckowe spiralne<\/strong><\/li>\n<li><strong>Przek\u0142adnie walcowe<\/strong><\/li>\n<li><strong>Przek\u0142adnie \u015blimakowe<\/strong><\/li>\n<li><strong>Przek\u0142adnie cylindryczne<\/strong><\/li>\n<li><strong>Korpusy i obudowy zawor\u00f3w wysokoci\u015bnieniowych odlewane<\/strong><\/li>\n<\/ul>\n<h3>Szeroki zakres zastosowa\u0144<\/h3>\n<p>Produkty FMP s\u0105 niezwykle wszechstronne i znajduj\u0105 zastosowanie w wielu ga\u0142\u0119ziach przemys\u0142u, w tym:<\/p>\n<ul>\n<li><strong>Rolnictwo<\/strong>:Stosowany w kosiarkach rotacyjnych, od\u015bnie\u017carkach, rozsiewaczach nawoz\u00f3w i przeno\u015bnikach zbo\u017cowych.<\/li>\n<li><strong>Sprz\u0119t przemys\u0142owy<\/strong>:Maszyny pomocnicze do wydobycia ropy naftowej, zastosowania morskie i elementy hydrauliczne do projekt\u00f3w in\u017cynieryjnych.<\/li>\n<\/ul>\n<h3>Zaawansowane procesy produkcyjne<\/h3>\n<p>Firma FMP szczyci si\u0119 swoimi solidnymi mo\u017cliwo\u015bciami technicznymi i badawczo-rozwojowymi, produkuj\u0105c niezawodne, wysokiej jako\u015bci produkty dzi\u0119ki starannemu procesowi produkcji:<\/p>\n<ol>\n<li><strong>Projektowanie produktu<\/strong>:Opracowano niestandardowe specyfikacje, obejmuj\u0105ce typ skrzyni bieg\u00f3w, materia\u0142 i wymiary.<\/li>\n<li><strong>Przygotowanie materia\u0142u<\/strong>:Wybierane i przygotowywane s\u0105 materia\u0142y wysokiej jako\u015bci, takie jak \u017celiwo i stopy aluminium.<\/li>\n<li><strong>Obr\u00f3bka precyzyjna<\/strong>: Elementy takie jak wa\u0142y przek\u0142adni i obudowy s\u0105 obrabiane przy u\u017cyciu zaawansowanych technik, takich jak toczenie i frezowanie.<\/li>\n<li><strong>Monta\u017c<\/strong>:Ko\u0142a z\u0119bate, \u0142o\u017cyska i wa\u0142y s\u0105 zamontowane w obudowie, co zapewnia precyzyjne wyr\u00f3wnanie i w\u0142a\u015bciwe smarowanie.<\/li>\n<li><strong>Obr\u00f3bka cieplna<\/strong>:Przek\u0142adnie poddawane s\u0105 obr\u00f3bce cieplnej w celu zwi\u0119kszenia wytrzyma\u0142o\u015bci i odporno\u015bci na zu\u017cycie.<\/li>\n<li><strong>Obr\u00f3bka powierzchni<\/strong>:Procesy takie jak polerowanie i malowanie proszkowe poprawiaj\u0105 wygl\u0105d i odporno\u015b\u0107 na korozj\u0119.<\/li>\n<li><strong>Kontrola jako\u015bci<\/strong>:Rygorystyczne kontrole i testy zapewniaj\u0105 stabilno\u015b\u0107, dok\u0142adno\u015b\u0107 i zgodno\u015b\u0107 ze standardami wydajno\u015bci.<\/li>\n<\/ol>\n<h3>Reputacja w bran\u017cy<\/h3>\n<p>Zaanga\u017cowanie FMP w jako\u015b\u0107, innowacyjno\u015b\u0107 i zadowolenie klienta zapewni\u0142o firmie znakomit\u0105 reputacj\u0119 w sektorze produkcyjnym. Firma kieruje si\u0119 filozofi\u0105 opart\u0105 na rzemio\u015ble, zaawansowanej technologii i zapewnianiu trwa\u0142ej warto\u015bci.<\/p>\n<h3>Zosta\u0144 naszym partnerem<\/h3>\n<p>FMP ch\u0119tnie nawi\u0105zuje wsp\u00f3\u0142prac\u0119 z klientami i partnerami z ca\u0142ego \u015bwiata. W przypadku pyta\u0144 dotycz\u0105cych naszych produkt\u00f3w i us\u0142ug prosimy o kontakt telefoniczny lub mailowy. Zale\u017cy nam na dostarczaniu rozwi\u0105za\u0144 szytych na miar\u0119, spe\u0142niaj\u0105cych Pa\u0144stwa potrzeby.<\/p>\n<p><img loading=\"lazy\" decoding=\"async\" class=\"alignnone size-full wp-image-1861\" src=\"https:\/\/fmp-components.com\/wp-content\/uploads\/2024\/12\/Other-Agricultural-Gearboxes.webp\" alt=\"Inne-przek\u0142adnie-rolnicze\" width=\"1200\" height=\"1400\" title=\"\" srcset=\"https:\/\/fmp-components.com\/wp-content\/uploads\/2024\/12\/Other-Agricultural-Gearboxes.webp 1200w, https:\/\/fmp-components.com\/wp-content\/uploads\/2024\/12\/Other-Agricultural-Gearboxes-980x1143.webp 980w, https:\/\/fmp-components.com\/wp-content\/uploads\/2024\/12\/Other-Agricultural-Gearboxes-480x560.webp 480w\" sizes=\"(min-width: 0px) and (max-width: 480px) 480px, (min-width: 481px) and (max-width: 980px) 980px, (min-width: 981px) 1200px, 100vw\" \/><\/p>\n<p>Autor: CX<\/p>","protected":false},"excerpt":{"rendered":"<p>Specifications of Rotary Mower Gearbox LF-151A (1:3) Product Description Rotary Mower Gearboxes &#8211; Replacement of Comer Gearbox LF-151A 1:3 Product details All gearboxes are supplied without oil. First, the oil change after 50-70 operating hours, then after 500-700 operating hours or at least once a year. Contact us for power at a different RPM. Application [&hellip;]<\/p>","protected":false},"featured_media":1864,"comment_status":"open","ping_status":"closed","template":"","meta":{"_et_pb_use_builder":"","_et_pb_old_content":"","_et_gb_content_width":""},"product_brand":[],"product_cat":[51],"product_tag":[],"class_list":{"0":"post-1859","1":"product","2":"type-product","3":"status-publish","4":"has-post-thumbnail","6":"product_cat-rotary-mower-gearbox","8":"first","9":"instock","10":"shipping-taxable","11":"product-type-simple"},"_links":{"self":[{"href":"https:\/\/fmp-components.com\/pl\/wp-json\/wp\/v2\/product\/1859","targetHints":{"allow":["GET"]}}],"collection":[{"href":"https:\/\/fmp-components.com\/pl\/wp-json\/wp\/v2\/product"}],"about":[{"href":"https:\/\/fmp-components.com\/pl\/wp-json\/wp\/v2\/types\/product"}],"replies":[{"embeddable":true,"href":"https:\/\/fmp-components.com\/pl\/wp-json\/wp\/v2\/comments?post=1859"}],"wp:featuredmedia":[{"embeddable":true,"href":"https:\/\/fmp-components.com\/pl\/wp-json\/wp\/v2\/media\/1864"}],"wp:attachment":[{"href":"https:\/\/fmp-components.com\/pl\/wp-json\/wp\/v2\/media?parent=1859"}],"wp:term":[{"taxonomy":"product_brand","embeddable":true,"href":"https:\/\/fmp-components.com\/pl\/wp-json\/wp\/v2\/product_brand?post=1859"},{"taxonomy":"product_cat","embeddable":true,"href":"https:\/\/fmp-components.com\/pl\/wp-json\/wp\/v2\/product_cat?post=1859"},{"taxonomy":"product_tag","embeddable":true,"href":"https:\/\/fmp-components.com\/pl\/wp-json\/wp\/v2\/product_tag?post=1859"}],"curies":[{"name":"wp","href":"https:\/\/api.w.org\/{rel}","templated":true}]}}