{"id":1853,"date":"2024-12-24T07:33:41","date_gmt":"2024-12-24T07:33:41","guid":{"rendered":"https:\/\/fmp-components.com\/?page_id=8"},"modified":"2025-05-07T14:12:19","modified_gmt":"2025-05-07T14:12:19","slug":"rotary-mower-gearboxes-replacement-of-comer-code-lf-211j","status":"publish","type":"product","link":"https:\/\/fmp-components.com\/pl\/product\/rotary-mower-gearboxes-replacement-of-comer-code-lf-211j\/","title":{"rendered":"Przek\u0142adnie kosiarek rotacyjnych \u2013 wymiana kodu Comer LF-211J"},"content":{"rendered":"<p><img loading=\"lazy\" decoding=\"async\" class=\"alignnone size-full wp-image-1856\" src=\"https:\/\/fmp-components.com\/wp-content\/uploads\/2024\/12\/Rotary-Mower-Gearbox2.webp\" alt=\"Skrzynia bieg\u00f3w kosiarki rotacyjnej\" width=\"1261\" height=\"655\" title=\"\" srcset=\"https:\/\/fmp-components.com\/wp-content\/uploads\/2024\/12\/Rotary-Mower-Gearbox2.webp 1261w, https:\/\/fmp-components.com\/wp-content\/uploads\/2024\/12\/Rotary-Mower-Gearbox2-980x509.webp 980w, https:\/\/fmp-components.com\/wp-content\/uploads\/2024\/12\/Rotary-Mower-Gearbox2-480x249.webp 480w\" sizes=\"(min-width: 0px) and (max-width: 480px) 480px, (min-width: 481px) and (max-width: 980px) 980px, (min-width: 981px) 1261px, 100vw\" \/><\/p>\n<p><img loading=\"lazy\" decoding=\"async\" class=\"alignnone size-full wp-image-1854\" src=\"https:\/\/fmp-components.com\/wp-content\/uploads\/2024\/12\/Specifications-of-Rotary-Mower-Gearbox-LF-211J.webp\" alt=\"Specyfikacja przek\u0142adni kosiarki rotacyjnej LF-211J\" width=\"1000\" height=\"590\" title=\"\" srcset=\"https:\/\/fmp-components.com\/wp-content\/uploads\/2024\/12\/Specifications-of-Rotary-Mower-Gearbox-LF-211J.webp 1000w, https:\/\/fmp-components.com\/wp-content\/uploads\/2024\/12\/Specifications-of-Rotary-Mower-Gearbox-LF-211J-980x578.webp 980w, https:\/\/fmp-components.com\/wp-content\/uploads\/2024\/12\/Specifications-of-Rotary-Mower-Gearbox-LF-211J-480x283.webp 480w\" sizes=\"(min-width: 0px) and (max-width: 480px) 480px, (min-width: 481px) and (max-width: 980px) 980px, (min-width: 981px) 1000px, 100vw\" \/><\/p>\n<h2>Specyfikacja produktu<\/h2>\n<table class=\"kh-1xzm1su\" style=\"width: 100.272%; height: 542px;\" border=\"1\" cellspacing=\"0\" cellpadding=\"0\" data-intent=\"lists-product-attributes\" data-test-id=\"attributes-list\">\n<tbody class=\"kh-1ago99h\">\n<tr id=\"alexis#custom#item-id\" class=\"kh-bwvum6\" style=\"height: 23px;\" data-test-id=\"attribute-row\">\n<th class=\"kh-10oizfy\" style=\"width: 23.4341%; height: 23px;\">Opis produktu<\/th>\n<td class=\"kh-1f5nhat\" style=\"width: 76.3499%; height: 23px;\">\n<div class=\"kh-pkx4zo\"><a href=\"https:\/\/fmp-components.com\/pl\/product-category\/agricultural-gearbox\/rotary-mower-gearbox\/\">Przek\u0142adnie kosiarek rotacyjnych<\/a> \u2013 Wymiana skrzyni bieg\u00f3w Comer LF-211J<\/div>\n<\/td>\n<\/tr>\n<tr id=\"attProductDetails\" class=\"kh-bwvum6\" style=\"height: 99px;\" data-test-id=\"attribute-row\">\n<th class=\"kh-10oizfy\" style=\"width: 23.4341%; height: 99px;\">Szczeg\u00f3\u0142y produktu<\/th>\n<td class=\"kh-1f5nhat\" style=\"width: 76.3499%; height: 99px;\">\n<ul>\n<li class=\"kh-16zd49f\">Wszystkie skrzynie bieg\u00f3w dostarczane s\u0105 bez oleju.<\/li>\n<li class=\"kh-16zd49f\">Najpierw nale\u017cy wymieni\u0107 olej po 50-70 godzinach pracy, nast\u0119pnie po 500-700 godzinach pracy lub co najmniej raz w roku.<\/li>\n<li class=\"kh-16zd49f\">Skontaktuj si\u0119 z nami, aby uzyska\u0107 informacje o mocy przy innych obrotach na minut\u0119.<\/li>\n<\/ul>\n<\/td>\n<\/tr>\n<tr id=\"attApplicationRange\" class=\"kh-bwvum6\" style=\"height: 23px;\" data-test-id=\"attribute-row\">\n<th class=\"kh-10oizfy\" style=\"width: 23.4341%; height: 23px;\">Zakres zastosowania<\/th>\n<td class=\"kh-1f5nhat\" style=\"width: 76.3499%; height: 23px;\">\n<div class=\"kh-pkx4zo\">Kosiarki<\/div>\n<\/td>\n<\/tr>\n<tr id=\"attConsistsOf\" class=\"kh-bwvum6\" style=\"height: 75px;\" data-test-id=\"attribute-row\">\n<th class=\"kh-10oizfy\" style=\"width: 23.4341%; height: 75px;\">Sk\u0142ada si\u0119 z<\/th>\n<td class=\"kh-1f5nhat\" style=\"width: 76.3499%; height: 75px;\">\n<ul>\n<li class=\"kh-16zd49f\">Skrzynia bieg\u00f3w<\/li>\n<li class=\"kh-16zd49f\">Bez oleju<\/li>\n<\/ul>\n<\/td>\n<\/tr>\n<tr id=\"taContainsOil\" class=\"kh-bwvum6\" style=\"height: 23px;\" data-test-id=\"attribute-row\">\n<th class=\"kh-10oizfy\" style=\"width: 23.4341%; height: 23px;\">Zawiera olej<\/th>\n<td class=\"kh-1f5nhat\" style=\"width: 76.3499%; height: 23px;\">\n<div class=\"kh-pkx4zo\">NIE<\/div>\n<\/td>\n<\/tr>\n<tr id=\"taMaxOilCapacityL\" class=\"kh-bwvum6\" style=\"height: 23px;\" data-test-id=\"attribute-row\">\n<th class=\"kh-10oizfy\" style=\"width: 23.4341%; height: 23px;\">Maksymalna pojemno\u015b\u0107 oleju<\/th>\n<td class=\"kh-1f5nhat\" style=\"width: 76.3499%; height: 23px;\">\n<div class=\"kh-pkx4zo\">0,8 l<\/div>\n<\/td>\n<\/tr>\n<tr id=\"taMaxOilChangeIntervalH\" class=\"kh-bwvum6\" style=\"height: 23px;\" data-test-id=\"attribute-row\">\n<th class=\"kh-10oizfy\" style=\"width: 23.4341%; height: 23px;\">Maksymalny odst\u0119p mi\u0119dzy wymianami oleju<\/th>\n<td class=\"kh-1f5nhat\" style=\"width: 76.3499%; height: 23px;\">\n<div class=\"kh-pkx4zo\">500 godzin<\/div>\n<\/td>\n<\/tr>\n<tr id=\"taOilSAEViscosityGrade\" class=\"kh-bwvum6\" style=\"height: 23px;\" data-test-id=\"attribute-row\">\n<th class=\"kh-10oizfy\" style=\"width: 23.4341%; height: 23px;\">Klasa lepko\u015bci oleju SAE<\/th>\n<td class=\"kh-1f5nhat\" style=\"width: 76.3499%; height: 23px;\">\n<div class=\"kh-pkx4zo\">80W-90<\/div>\n<\/td>\n<\/tr>\n<tr id=\"taHousingMaterial_16\" class=\"kh-bwvum6\" style=\"height: 23px;\" data-test-id=\"attribute-row\">\n<th class=\"kh-10oizfy\" style=\"width: 23.4341%; height: 23px;\">Materia\u0142 obudowy<\/th>\n<td class=\"kh-1f5nhat\" style=\"width: 76.3499%; height: 23px;\">\n<div class=\"kh-pkx4zo\"><a href=\"https:\/\/fmp-components.com\/pl\/cast-iron\/\">Lane \u017celazo<\/a> GGG40<\/div>\n<\/td>\n<\/tr>\n<tr id=\"taWeightKg_75\" class=\"kh-bwvum6\" style=\"height: 23px;\" data-test-id=\"attribute-row\">\n<th class=\"kh-10oizfy\" style=\"width: 23.4341%; height: 23px;\">Waga<\/th>\n<td class=\"kh-1f5nhat\" style=\"width: 76.3499%; height: 23px;\">\n<div class=\"kh-pkx4zo\">14 kilogram\u00f3w<\/div>\n<\/td>\n<\/tr>\n<tr id=\"taGearArrangementInc\" class=\"kh-bwvum6\" style=\"height: 23px;\" data-test-id=\"attribute-row\">\n<th class=\"kh-10oizfy\" style=\"width: 23.4341%; height: 23px;\">Uk\u0142ad przek\u0142adni zwi\u0119kszaj\u0105cy<\/th>\n<td class=\"kh-1f5nhat\" style=\"width: 76.3499%; height: 23px;\">\n<div class=\"kh-pkx4zo\">3<\/div>\n<\/td>\n<\/tr>\n<tr id=\"taInputPowerKwHpInc\" class=\"kh-bwvum6\" style=\"height: 23px;\" data-test-id=\"attribute-row\">\n<th class=\"kh-10oizfy\" style=\"width: 23.4341%; height: 23px;\">Moc wej\u015bciowa kW \/ KM Rosn\u0105ca<\/th>\n<td class=\"kh-1f5nhat\" style=\"width: 76.3499%; height: 23px;\">\n<div class=\"kh-pkx4zo\">14,7 \/ 20 kW\/KM<\/div>\n<\/td>\n<\/tr>\n<tr id=\"taInputShaftIncreasi\" class=\"kh-bwvum6\" style=\"height: 23px;\" data-test-id=\"attribute-row\">\n<th class=\"kh-10oizfy\" style=\"width: 23.4341%; height: 23px;\">Wa\u0142 wej\u015bciowy zwi\u0119kszaj\u0105cy<\/th>\n<td class=\"kh-1f5nhat\" style=\"width: 76.3499%; height: 23px;\">\n<div class=\"kh-pkx4zo\">X<\/div>\n<\/td>\n<\/tr>\n<tr id=\"taNSOutputTorqueDaNm_1\" class=\"kh-bwvum6\" style=\"height: 23px;\" data-test-id=\"attribute-row\">\n<th class=\"kh-10oizfy\" style=\"width: 23.4341%; height: 23px;\">Moment obrotowy wyj\u015bciowy DaNm wzrasta<\/th>\n<td class=\"kh-1f5nhat\" style=\"width: 76.3499%; height: 23px;\">\n<div class=\"kh-pkx4zo\">8,9 daNm<\/div>\n<\/td>\n<\/tr>\n<tr id=\"taRatioIncreasing\" class=\"kh-bwvum6\" style=\"height: 23px;\" data-test-id=\"attribute-row\">\n<th class=\"kh-10oizfy\" style=\"width: 23.4341%; height: 23px;\">Wsp\u00f3\u0142czynnik wzrastaj\u0105cy<\/th>\n<td class=\"kh-1f5nhat\" style=\"width: 76.3499%; height: 23px;\">\n<div class=\"kh-pkx4zo\">1: 2.83<\/div>\n<\/td>\n<\/tr>\n<tr id=\"taRatioReducing\" class=\"kh-bwvum6\" style=\"height: 23px;\" data-test-id=\"attribute-row\">\n<th class=\"kh-10oizfy\" style=\"width: 23.4341%; height: 23px;\">Zmniejszanie wsp\u00f3\u0142czynnika<\/th>\n<td class=\"kh-1f5nhat\" style=\"width: 76.3499%; height: 23px;\">\n<div class=\"kh-pkx4zo\">2.83 : 1<\/div>\n<\/td>\n<\/tr>\n<tr id=\"taShaftX\" class=\"kh-bwvum6\" style=\"height: 23px;\" data-test-id=\"attribute-row\">\n<th class=\"kh-10oizfy\" style=\"width: 23.4341%; height: 23px;\">Wa\u0142 X<\/th>\n<td class=\"kh-1f5nhat\" style=\"width: 76.3499%; height: 23px;\">\n<div class=\"kh-pkx4zo\">1 3\/8&#8243; (6)<\/div>\n<\/td>\n<\/tr>\n<tr id=\"taShaftZ\" class=\"kh-bwvum6\" style=\"height: 23px;\" data-test-id=\"attribute-row\">\n<th class=\"kh-10oizfy\" style=\"width: 23.4341%; height: 23px;\">Wa\u0142 Z<\/th>\n<td class=\"kh-1f5nhat\" style=\"width: 76.3499%; height: 23px;\">\n<div class=\"kh-pkx4zo\">33 godz. 7<\/div>\n<\/td>\n<\/tr>\n<\/tbody>\n<\/table>\n<h2>Cechy przek\u0142adni kosiarki rotacyjnej LF-211J<\/h2>\n<p>LF-211J to wysokowydajna przek\u0142adnia do kosiarki rotacyjnej, przeznaczona do zastosowa\u0144 rolniczych i przemys\u0142owych, zapewniaj\u0105ca niezawodne i wydajne przenoszenie mocy w kosiarkach rotacyjnych. Najwa\u017cniejsze cechy:<\/p>\n<ul>\n<li><strong>Prze\u0142o\u017cenie<\/strong>:Przek\u0142adnia ma prze\u0142o\u017cenie 1:2,83, co oznacza, \u017ce \u200b\u200bpr\u0119dko\u015b\u0107 wyj\u015bciowa jest oko\u0142o 2,83 razy wi\u0119ksza od pr\u0119dko\u015bci wej\u015bciowej.<\/li>\n<li><strong>Pojemno\u015b\u0107 mocy<\/strong>Maksymalna moc wej\u015bciowa wynosi 14,7 kW (20 KM), a maksymalny moment obrotowy na wyj\u015bciu to 8,9 daNm.<\/li>\n<li><strong>Budowa<\/strong>Obudowa wykonana jest z \u017celiwa GGG40, znanego ze swojej trwa\u0142o\u015bci i wytrzyma\u0142o\u015bci, co zapewnia d\u0142ugowieczno\u015b\u0107 i odporno\u015b\u0107 na zu\u017cycie.<\/li>\n<li><strong>Pojemno\u015b\u0107 oleju i konserwacja<\/strong>:Przek\u0142adnia ma maksymaln\u0105 pojemno\u015b\u0107 oleju 0,8 litra i wykorzystuje olej przek\u0142adniowy SAE 80W-90. Zaleca si\u0119 pierwsz\u0105 wymian\u0119 oleju po 50-70 godzinach pracy, a kolejne co 500-700 godzin lub co najmniej raz w roku.<\/li>\n<li><strong>Waga<\/strong>:Jednostka wa\u017cy oko\u0142o 14 kg, dzi\u0119ki czemu jest stosunkowo \u0142atwa w obs\u0142udze i monta\u017cu.<\/li>\n<li><strong>Specyfikacje wa\u0142u<\/strong>:Wa\u0142 wej\u015bciowy zaprojektowano tak, aby pasowa\u0142 do po\u0142\u0105czenia 1 3\/8\u2033 (6-rowkowego), natomiast wa\u0142 wyj\u015bciowy ma \u015brednic\u0119 33 mm, co zapewnia kompatybilno\u015b\u0107 ze standardowymi komponentami kosiarki obrotowej.<\/li>\n<\/ul>\n<p>Dzi\u0119ki tym cechom przek\u0142adnia LF-211J jest niezawodnym wyborem pozwalaj\u0105cym na zwi\u0119kszenie wydajno\u015bci i efektywno\u015bci kosiarek rotacyjnych w r\u00f3\u017cnych zastosowaniach rolniczych.<\/p>\n<p><img loading=\"lazy\" decoding=\"async\" class=\"alignnone size-full wp-image-1855\" src=\"https:\/\/fmp-components.com\/wp-content\/uploads\/2024\/12\/PTO-Shaft-for-Rotary-Mower-Gearbox-35.webp\" alt=\"Wa\u0142 odbioru mocy do skrzyni bieg\u00f3w kosiarki rotacyjnej\" width=\"2200\" height=\"1100\" title=\"\" srcset=\"https:\/\/fmp-components.com\/wp-content\/uploads\/2024\/12\/PTO-Shaft-for-Rotary-Mower-Gearbox-35.webp 2200w, https:\/\/fmp-components.com\/wp-content\/uploads\/2024\/12\/PTO-Shaft-for-Rotary-Mower-Gearbox-35-1280x640.webp 1280w, https:\/\/fmp-components.com\/wp-content\/uploads\/2024\/12\/PTO-Shaft-for-Rotary-Mower-Gearbox-35-980x490.webp 980w, https:\/\/fmp-components.com\/wp-content\/uploads\/2024\/12\/PTO-Shaft-for-Rotary-Mower-Gearbox-35-480x240.webp 480w\" sizes=\"(min-width: 0px) and (max-width: 480px) 480px, (min-width: 481px) and (max-width: 980px) 980px, (min-width: 981px) and (max-width: 1280px) 1280px, (min-width: 1281px) 2200px, 100vw\" \/><\/p>\n<h3>Jak zdemontowa\u0107 skrzyni\u0119 bieg\u00f3w kosiarki obrotowej<\/h3>\n<p>Demonta\u017c przek\u0142adni kosiarki obrotowej to prosty proces, je\u015bli wykonuje si\u0119 go ostro\u017cnie i systematycznie. Aby zapewni\u0107 bezpiecze\u0144stwo i wydajno\u015b\u0107, nale\u017cy post\u0119powa\u0107 zgodnie z poni\u017cszymi krokami:<\/p>\n<h4>1. Od\u0142\u0105cz \u017ar\u00f3d\u0142o zasilania<\/h4>\n<p>Przed uruchomieniem od\u0142\u0105cz kosiark\u0119 od \u017ar\u00f3d\u0142a zasilania, aby unikn\u0105\u0107 przypadkowego uruchomienia. Mo\u017ce to obejmowa\u0107 wy\u0142\u0105czenie silnika, od\u0142\u0105czenie przewodu zasilaj\u0105cego lub od\u0142\u0105czenie akumulatora.<\/p>\n<h4>2. Wyjmij ostrza tn\u0105ce<\/h4>\n<p>Od\u0142\u0105cz ostrza tn\u0105ce od korpusu kosiarki, aby uzyska\u0107 dost\u0119p do przek\u0142adni. Upewnij si\u0119, \u017ce kosiarka jest stabilna i u\u017cyj odpowiednich narz\u0119dzi, aby bezpiecznie zdemontowa\u0107 ostrza.<\/p>\n<h4>3. Odkr\u0119\u0107 \u015bruby mocuj\u0105ce skrzyni\u0119 bieg\u00f3w<\/h4>\n<p>Zidentyfikuj \u015bruby mocuj\u0105ce skrzyni\u0119 bieg\u00f3w do agregatu kosiarki. Za pomoc\u0105 klucza lub nasadki poluzuj i wyjmij te \u015bruby.<\/p>\n<h4>4. Od\u0142\u0105cz wa\u0142 wej\u015bciowy i wyj\u015bciowy<\/h4>\n<p>Od\u0142\u0105cz wa\u0142ki wej\u015bciowy i wyj\u015bciowy pod\u0142\u0105czone do skrzyni bieg\u00f3w. Mo\u017ce by\u0107 konieczne zdemontowanie sprz\u0119gie\u0142, sworzni lub innych element\u00f3w mocuj\u0105cych. Zwr\u00f3\u0107 uwag\u0119 na spos\u00f3b pod\u0142\u0105czenia wa\u0142k\u00f3w, aby u\u0142atwi\u0107 ponowny monta\u017c.<\/p>\n<h4>5. Wyjmij skrzyni\u0119 bieg\u00f3w z pok\u0142adu<\/h4>\n<p>Ostro\u017cnie podnie\u015b skrzyni\u0119 bieg\u00f3w z agregatu kosiarki. W zale\u017cno\u015bci od rozmiaru i wagi skrzyni bieg\u00f3w, do bezpiecznego przenoszenia mo\u017ce by\u0107 konieczna pomoc drugiej osoby.<\/p>\n<h4>6. Sprawd\u017a skrzyni\u0119 bieg\u00f3w<\/h4>\n<p>Sprawd\u017a skrzyni\u0119 bieg\u00f3w pod k\u0105tem oznak zu\u017cycia lub uszkodze\u0144, takich jak zu\u017cyte ko\u0142a z\u0119bate, uszkodzone uszczelki lub wadliwe \u0142o\u017cyska. Ten krok jest kluczowy dla ustalenia, czy skrzynia bieg\u00f3w nadaje si\u0119 do naprawy, czy wymaga wymiany.<\/p>\n<h4>7. Naprawa lub wymiana skrzyni bieg\u00f3w<\/h4>\n<p>Je\u015bli skrzynia bieg\u00f3w jest uszkodzona, nale\u017cy post\u0119powa\u0107 zgodnie z instrukcjami producenta dotycz\u0105cymi naprawy lub wymiany. Przed ponownym monta\u017cem nale\u017cy upewni\u0107 si\u0119, \u017ce wszystkie podzespo\u0142y s\u0105 w dobrym stanie technicznym.<\/p>\n<h4>8. Ponowna instalacja skrzyni bieg\u00f3w<\/h4>\n<p>Aby ponownie zainstalowa\u0107, wykonaj kroki usuwania w odwrotnej kolejno\u015bci:<\/p>\n<ul>\n<li>Umie\u015b\u0107 przek\u0142adni\u0119 na obudowie kosiarki.<\/li>\n<li>Zabezpiecz \u015bruby mocuj\u0105ce, dokr\u0119caj\u0105c je zgodnie z zalecanym przez producenta momentem obrotowym.<\/li>\n<li>Ponownie pod\u0142\u0105cz wa\u0142 wej\u015bciowy i wyj\u015bciowy, upewniaj\u0105c si\u0119, \u017ce wszystkie sprz\u0119g\u0142a i elementy mocuj\u0105ce s\u0105 prawid\u0142owo wyr\u00f3wnane.<\/li>\n<li>Ponownie, starannie zamontuj ostrza tn\u0105ce.<\/li>\n<\/ul>\n<h4>9. Przetestuj kosiark\u0119<\/h4>\n<p>Po ponownym zainstalowaniu kosiarki nale\u017cy sprawdzi\u0107, czy skrzynia bieg\u00f3w dzia\u0142a p\u0142ynnie i nie wydaje \u017cadnych nietypowych d\u017awi\u0119k\u00f3w ani wibracji.<\/p>\n<h3>Wskaz\u00f3wki dotycz\u0105ce bezpiecze\u0144stwa<\/h3>\n<ul>\n<li>Podczas wykonywania tego zabiegu nale\u017cy zawsze nosi\u0107 r\u0119kawice ochronne i okulary ochronne.<\/li>\n<li>Stosuj stabilne podpory, aby zapobiec przewr\u00f3ceniu si\u0119 kosiarki.<\/li>\n<li>Aby zapewni\u0107 kompatybilno\u015b\u0107 i bezpiecze\u0144stwo, nale\u017cy post\u0119powa\u0107 zgodnie ze szczeg\u00f3\u0142owymi instrukcjami zawartymi w instrukcji obs\u0142ugi kosiarki.<\/li>\n<\/ul>\n<p>Dok\u0142adnie przestrzegaj\u0105c tych krok\u00f3w i stosuj\u0105c si\u0119 do \u015brodk\u00f3w ostro\u017cno\u015bci, mo\u017cesz w razie potrzeby skutecznie zdemontowa\u0107, sprawdzi\u0107 i wymieni\u0107 lub naprawi\u0107 przek\u0142adni\u0119 kosiarki obrotowej.<\/p>\n<p><img loading=\"lazy\" decoding=\"async\" class=\"alignnone size-full wp-image-1857\" src=\"https:\/\/fmp-components.com\/wp-content\/uploads\/2024\/12\/Rotary-Mower-Gearbox1.webp\" alt=\"Skrzynia bieg\u00f3w kosiarki rotacyjnej\" width=\"1275\" height=\"428\" title=\"\" srcset=\"https:\/\/fmp-components.com\/wp-content\/uploads\/2024\/12\/Rotary-Mower-Gearbox1.webp 1275w, https:\/\/fmp-components.com\/wp-content\/uploads\/2024\/12\/Rotary-Mower-Gearbox1-980x329.webp 980w, https:\/\/fmp-components.com\/wp-content\/uploads\/2024\/12\/Rotary-Mower-Gearbox1-480x161.webp 480w\" sizes=\"(min-width: 0px) and (max-width: 480px) 480px, (min-width: 481px) and (max-width: 980px) 980px, (min-width: 981px) 1275px, 100vw\" \/><\/p>\n<h3>O FMP<\/h3>\n<p>FMP to wiod\u0105ca firma z siedzib\u0105 we W\u0142oszech, specjalizuj\u0105ca si\u0119 w badaniach, rozwoju i produkcji r\u00f3\u017cnorodnych przek\u0142adni, reduktor\u00f3w i maszyn in\u017cynieryjnych. Firma anga\u017cuje si\u0119 r\u00f3wnie\u017c w rozw\u00f3j talent\u00f3w technicznych, aby nap\u0119dza\u0107 innowacje i doskona\u0142o\u015b\u0107 w swojej dziedzinie. Portfolio produkt\u00f3w FMP obejmuje przek\u0142adnie sto\u017ckowe spiralne, przek\u0142adnie walcowe, <a href=\"https:\/\/fmp-components.com\/pl\/worm-gearbox\/\">przek\u0142adnie \u015blimakowe<\/a>, przek\u0142adnie cylindryczne, a tak\u017ce korpusy i obudowy zawor\u00f3w odlewane pod wysokim ci\u015bnieniem.<\/p>\n<h4>Szerokie zastosowania<\/h4>\n<p>Produkty FMP s\u0105 szeroko stosowane w r\u00f3\u017cnych zastosowaniach, w tym:<\/p>\n<ul>\n<li>Maszyny rolnicze, takie jak kosiarki rotacyjne, od\u015bnie\u017carki, rozsiewacze nawoz\u00f3w i przeno\u015bniki zbo\u017cowe.<\/li>\n<li>Sprz\u0119t przemys\u0142owy, maszyny do wydobywania ropy naftowej, urz\u0105dzenia przemys\u0142owe do zastosowa\u0144 morskich i komponenty hydrauliczne do projekt\u00f3w in\u017cynieryjnych.<\/li>\n<\/ul>\n<h4>Zaawansowana produkcja i technologia<\/h4>\n<p>FMP szczyci si\u0119 swoim solidnym potencja\u0142em technicznym i badawczo-rozwojowym, gwarantuj\u0105c niezawodne i wysokiej jako\u015bci produkty, spe\u0142niaj\u0105ce wymagania nowoczesnych ga\u0142\u0119zi przemys\u0142u. Firma stosuje skrupulatny i zaawansowany proces produkcyjny, obejmuj\u0105cy:<\/p>\n<ol>\n<li><strong>Projektowanie produktu<\/strong>:Opracowywanie niestandardowych specyfikacji, materia\u0142\u00f3w i wymiar\u00f3w dostosowanych do potrzeb klienta.<\/li>\n<li><strong>Przygotowanie materia\u0142u<\/strong>:Wykorzystujemy materia\u0142y najwy\u017cszej jako\u015bci, takie jak \u017celiwo lub stopy aluminium.<\/li>\n<li><strong>Obr\u00f3bka precyzyjna<\/strong>:Wykorzystywanie zaawansowanych technik toczenia, frezowania i innych technik obr\u00f3bki w celu produkcji kluczowych komponent\u00f3w, takich jak ko\u0142a z\u0119bate i obudowy.<\/li>\n<li><strong>Monta\u017c<\/strong>:Monta\u017c k\u00f3\u0142 z\u0119batych, \u0142o\u017cysk i wa\u0142\u00f3w w obudowie z precyzyjnym wyr\u00f3wnaniem, kalibracj\u0105 i odpowiednim smarowaniem.<\/li>\n<li><strong>Obr\u00f3bka procesowa<\/strong>:Przeprowadzanie obr\u00f3bki cieplnej w celu zwi\u0119kszenia wytrzyma\u0142o\u015bci i odporno\u015bci na zu\u017cycie.<\/li>\n<li><strong>Obr\u00f3bka powierzchni<\/strong>:Stosowanie polerowania, malowania proszkowego i innych obr\u00f3bek powierzchni w celu poprawy wygl\u0105du i odporno\u015bci na korozj\u0119.<\/li>\n<li><strong>Kontrola jako\u015bci<\/strong>:Wdra\u017canie rygorystycznych kontroli i test\u00f3w wymiar\u00f3w, dok\u0142adno\u015bci, ha\u0142asu i wibracji w celu zapewnienia stabilno\u015bci, bezpiecze\u0144stwa i sp\u00f3jnej jako\u015bci.<\/li>\n<\/ol>\n<h4>Reputacja w bran\u017cy<\/h4>\n<p>Zaanga\u017cowanie FMP w jako\u015b\u0107, innowacyjno\u015b\u0107 i zadowolenie klienta zapewni\u0142o firmie znakomit\u0105 reputacj\u0119 w bran\u017cy produkcyjnej. Firma kieruje si\u0119 unikaln\u0105 filozofi\u0105 biznesow\u0105, kt\u00f3ra k\u0142adzie nacisk na niezawodno\u015b\u0107, kunszt i doskona\u0142o\u015b\u0107.<\/p>\n<p>Z przyjemno\u015bci\u0105 odpowiemy na zapytania i przedstawimy mo\u017cliwo\u015bci wsp\u00f3\u0142pracy klientom i partnerom z ca\u0142ego \u015bwiata. Zach\u0119camy do kontaktu telefonicznego lub mailowego w celu uzyskania dodatkowych informacji o naszych produktach i us\u0142ugach.<\/p>\n<p><img loading=\"lazy\" decoding=\"async\" class=\"alignnone size-full wp-image-1861\" src=\"https:\/\/fmp-components.com\/wp-content\/uploads\/2024\/12\/Other-Agricultural-Gearboxes.webp\" alt=\"Inne-przek\u0142adnie-rolnicze\" width=\"1200\" height=\"1400\" title=\"\" srcset=\"https:\/\/fmp-components.com\/wp-content\/uploads\/2024\/12\/Other-Agricultural-Gearboxes.webp 1200w, https:\/\/fmp-components.com\/wp-content\/uploads\/2024\/12\/Other-Agricultural-Gearboxes-980x1143.webp 980w, https:\/\/fmp-components.com\/wp-content\/uploads\/2024\/12\/Other-Agricultural-Gearboxes-480x560.webp 480w\" sizes=\"(min-width: 0px) and (max-width: 480px) 480px, (min-width: 481px) and (max-width: 980px) 980px, (min-width: 981px) 1200px, 100vw\" \/><\/p>\n<p>Autor: CX<\/p>","protected":false},"excerpt":{"rendered":"<p>Product Specification Product Description Rotary Mower Gearboxes &#8211; Replacement of Comer Gearbox LF-211J Product details All gearboxes are supplied without oil. First, the oil change after 50-70 operating hours, then after 500-700 operating hours or at least once a year. Contact us for power at a different RPM. Application range Mowers Consists of Gearbox Without [&hellip;]<\/p>","protected":false},"featured_media":1858,"comment_status":"open","ping_status":"closed","template":"","meta":{"_et_pb_use_builder":"","_et_pb_old_content":"","_et_gb_content_width":""},"product_brand":[],"product_cat":[51],"product_tag":[],"class_list":{"0":"post-1853","1":"product","2":"type-product","3":"status-publish","4":"has-post-thumbnail","6":"product_cat-rotary-mower-gearbox","8":"first","9":"instock","10":"shipping-taxable","11":"product-type-simple"},"_links":{"self":[{"href":"https:\/\/fmp-components.com\/pl\/wp-json\/wp\/v2\/product\/1853","targetHints":{"allow":["GET"]}}],"collection":[{"href":"https:\/\/fmp-components.com\/pl\/wp-json\/wp\/v2\/product"}],"about":[{"href":"https:\/\/fmp-components.com\/pl\/wp-json\/wp\/v2\/types\/product"}],"replies":[{"embeddable":true,"href":"https:\/\/fmp-components.com\/pl\/wp-json\/wp\/v2\/comments?post=1853"}],"wp:featuredmedia":[{"embeddable":true,"href":"https:\/\/fmp-components.com\/pl\/wp-json\/wp\/v2\/media\/1858"}],"wp:attachment":[{"href":"https:\/\/fmp-components.com\/pl\/wp-json\/wp\/v2\/media?parent=1853"}],"wp:term":[{"taxonomy":"product_brand","embeddable":true,"href":"https:\/\/fmp-components.com\/pl\/wp-json\/wp\/v2\/product_brand?post=1853"},{"taxonomy":"product_cat","embeddable":true,"href":"https:\/\/fmp-components.com\/pl\/wp-json\/wp\/v2\/product_cat?post=1853"},{"taxonomy":"product_tag","embeddable":true,"href":"https:\/\/fmp-components.com\/pl\/wp-json\/wp\/v2\/product_tag?post=1853"}],"curies":[{"name":"wp","href":"https:\/\/api.w.org\/{rel}","templated":true}]}}