{"id":1845,"date":"2024-12-24T06:38:50","date_gmt":"2024-12-24T06:38:50","guid":{"rendered":"https:\/\/fmp-components.com\/?page_id=8"},"modified":"2024-12-24T06:52:40","modified_gmt":"2024-12-24T06:52:40","slug":"post-hole-digger-gearbox-replacement-of-comer-code-t-22f","status":"publish","type":"product","link":"https:\/\/fmp-components.com\/pl\/product\/post-hole-digger-gearbox-replacement-of-comer-code-t-22f\/","title":{"rendered":"Przek\u0142adnia koparki do otwor\u00f3w s\u0142upowych \u2013 wymiana kodu Comer T-22F"},"content":{"rendered":"<p>Nasza przek\u0142adnia do koparki do otwor\u00f3w s\u0142upowych, zaprojektowana specjalnie jako zamiennik przek\u0142adni Comer Code T-22F. Ta wysokowydajna przek\u0142adnia zosta\u0142a zaprojektowana tak, aby sprosta\u0107 wymaganiom r\u00f3\u017cnych zastosowa\u0144 wiertniczych, zapewniaj\u0105c wydajno\u015b\u0107 i niezawodno\u015b\u0107.<\/p>\n<h3>G\u0142\u00f3wne cechy:<\/h3>\n<ul>\n<li><strong>Mo\u017cliwo\u015b\u0107 uzyskania wysokiego momentu obrotowego<\/strong>:Ta skrzynia bieg\u00f3w zosta\u0142a zaprojektowana tak, aby radzi\u0107 sobie z wysokim momentem obrotowym i efektywnie przenosi\u0107 moc z ci\u0105gnika na \u015bwider, co zapewnia optymaln\u0105 wydajno\u015b\u0107 wiercenia w trudnych warunkach glebowych.<\/li>\n<li><strong>Trwa\u0142a konstrukcja<\/strong>Wykonana z materia\u0142\u00f3w najwy\u017cszej jako\u015bci, nasza przek\u0142adnia charakteryzuje si\u0119 wyj\u0105tkow\u0105 wytrzyma\u0142o\u015bci\u0105 i odporno\u015bci\u0105 na zu\u017cycie, co gwarantuje d\u0142ug\u0105 \u017cywotno\u015b\u0107 nawet przy intensywnym u\u017cytkowaniu.<\/li>\n<li><strong>In\u017cynieria precyzyjna<\/strong>:Ka\u017cda jednostka jest precyzyjnie obrobiona maszynowo, aby zagwarantowa\u0107 p\u0142ynn\u0105 prac\u0119 i precyzyjn\u0105 wydajno\u015b\u0107, minimalizuj\u0105c straty energii i zwi\u0119kszaj\u0105c og\u00f3ln\u0105 wydajno\u015b\u0107.<\/li>\n<li><strong>Kompaktowa konstrukcja<\/strong>:Kompaktowy rozmiar pozwala na \u0142atw\u0105 instalacj\u0119 i kompatybilno\u015b\u0107 z r\u00f3\u017cnymi typami koparek do otwor\u00f3w na s\u0142upki, dzi\u0119ki czemu jest to wszechstronny wyb\u00f3r do r\u00f3\u017cnych zastosowa\u0144.<\/li>\n<li><strong>Wszechstronna kompatybilno\u015b\u0107<\/strong>:Ta skrzynia bieg\u00f3w zosta\u0142a zaprojektowana tak, aby pasowa\u0142a do wielu traktor\u00f3w i maszyn kopi\u0105cych. Nadaje si\u0119 do prac rolniczych, ogrodniczych i budowlanych.<\/li>\n<li><strong>Skuteczny system uszczelniaj\u0105cy<\/strong>Zintegrowane uszczelki zapobiegaj\u0105 przedostawaniu si\u0119 brudu i wilgoci do skrzyni bieg\u00f3w, zapewniaj\u0105c smarowanie i wyd\u0142u\u017caj\u0105c \u017cywotno\u015b\u0107 wewn\u0119trznych podzespo\u0142\u00f3w.<\/li>\n<li><strong>Niskie wymagania konserwacyjne<\/strong>:Ta przek\u0142adnia zosta\u0142a zaprojektowana z my\u015bl\u0105 o trwa\u0142o\u015bci i wymaga minimalnej konserwacji, dzi\u0119ki czemu u\u017cytkownicy mog\u0105 skupi\u0107 si\u0119 na swojej pracy bez cz\u0119stych przerw.<\/li>\n<\/ul>\n<p>Nasza przek\u0142adnia do koparki do otwor\u00f3w s\u0142upowych, zaprojektowana jako zamiennik Comer Code T-22F, \u0142\u0105czy solidn\u0105 konstrukcj\u0119 z precyzj\u0105 wykonania, dzi\u0119ki czemu stanowi idealne rozwi\u0105zanie dla wszystkich Twoich potrzeb wiertniczych. Aby uzyska\u0107 wi\u0119cej informacji lub z\u0142o\u017cy\u0107 zam\u00f3wienie, skontaktuj si\u0119 z nami ju\u017c dzi\u015b!<\/p>\n<h2>Specyfikacja produktu:<\/h2>\n<table style=\"width: 100%;\" border=\"1\" width=\"100%\" cellspacing=\"0\" cellpadding=\"0\">\n<tbody>\n<tr>\n<th>Opis<\/th>\n<td>Przek\u0142adnia koparki do otwor\u00f3w s\u0142upowych \u2013 wymiana reduktora pr\u0119dko\u015bci Comer Code T-22F<\/td>\n<\/tr>\n<tr>\n<th>Aplikacja<\/th>\n<td>R\u00f3\u017cne zastosowania (rolnicze), Glebogryzarki wielorz\u0119dowe, Wiertnice<\/td>\n<\/tr>\n<tr>\n<th>Sk\u0142ada si\u0119 z<\/th>\n<td>Skrzynia bieg\u00f3w<\/td>\n<\/tr>\n<tr>\n<th>Bez oleju<\/th>\n<td>Informacje techniczne<\/td>\n<\/tr>\n<tr>\n<th>Zawiera olej<\/th>\n<td>NIE<\/td>\n<\/tr>\n<tr>\n<th>Pojemno\u015b\u0107 i rodzaj oleju<\/th>\n<td>3.3 GL-5 80W-90 l<\/td>\n<\/tr>\n<tr>\n<th>Zwi\u0119kszenie uk\u0142adu przek\u0142adni<\/th>\n<td>23 &#8211; 24<\/td>\n<\/tr>\n<tr>\n<th>Uk\u0142ad przek\u0142adni redukuj\u0105cy<\/th>\n<td>3 &#8211; 4<\/td>\n<\/tr>\n<tr>\n<th>Moc wej\u015bciowa kW \/ KM wzrasta<\/th>\n<td>72,1 \/ 98 kW\/KM<\/td>\n<\/tr>\n<tr>\n<th>Wej\u015bcie<\/th>\n<td>540 obr.\/min<\/td>\n<\/tr>\n<tr>\n<th>Zwi\u0119kszanie wa\u0142u wej\u015bciowego<\/th>\n<td>Y<\/td>\n<\/tr>\n<tr>\n<th>Przek\u0142adnia wa\u0142u wej\u015bciowego<\/th>\n<td>Z<\/td>\n<\/tr>\n<tr>\n<th>Materia\u0142 obudowy<\/th>\n<td>\u017beliwo GG25<\/td>\n<\/tr>\n<tr>\n<th>Moc wej\u015bciowa kW \/ KM Zmniejszenie<\/th>\n<td>60,4 \/ 82 kW\/KM<\/td>\n<\/tr>\n<tr>\n<th>Moment obrotowy wyj\u015bciowy DaNm<\/th>\n<td>199,5 daNm<\/td>\n<\/tr>\n<tr>\n<th>Moment obrotowy wyj\u015bciowy DaNm wzrasta<\/th>\n<td>64 daNm<\/td>\n<\/tr>\n<tr>\n<th>Cz\u0119stotliwo\u015b\u0107 wymiany oleju<\/th>\n<td>500 godzin<\/td>\n<\/tr>\n<tr>\n<th>Wsp\u00f3\u0142czynnik wzrastaj\u0105cy<\/th>\n<td>1 : 1.93<\/td>\n<\/tr>\n<tr>\n<th>Zmniejszanie wsp\u00f3\u0142czynnika<\/th>\n<td>1.93 : 1<\/td>\n<\/tr>\n<tr>\n<th>Wa\u0142 Y<\/th>\n<td>1 3\/8\u2033 (6) (B)<\/td>\n<\/tr>\n<tr>\n<th>Wa\u0142 Z<\/th>\n<td>1 3\/8\u2033 (6) (\u015arednica)<\/td>\n<\/tr>\n<tr>\n<th>Waga<\/th>\n<td>29 kg<\/td>\n<\/tr>\n<\/tbody>\n<\/table>\n<h2>O FMP<\/h2>\n<p>Firma FMP z siedzib\u0105 we W\u0142oszech jest wiod\u0105cym innowatorem w dziedzinie bada\u0144, rozwoju i produkcji szerokiej gamy przek\u0142adni, reduktor\u00f3w i maszyn in\u017cynieryjnych. Nasze zaanga\u017cowanie w d\u0105\u017cenie do doskona\u0142o\u015bci i innowacji pozwoli\u0142o nam stworzy\u0107 szerok\u0105 gam\u0119 produkt\u00f3w, kt\u00f3ra obejmuje:<\/p>\n<ul>\n<li><strong>Przek\u0142adnie sto\u017ckowe spiralne<\/strong><\/li>\n<li><strong>Skrzynie bieg\u00f3w proste<\/strong><\/li>\n<li><strong>Przek\u0142adnie \u015blimakowe<\/strong><\/li>\n<li><strong>Przek\u0142adnie cylindryczne<\/strong><\/li>\n<li><strong>Korpusy i obudowy zawor\u00f3w wysokoci\u015bnieniowych odlewane<\/strong><\/li>\n<\/ul>\n<p>Nasze produkty s\u0105 przeznaczone do r\u00f3\u017cnorodnych zastosowa\u0144 w wielu bran\u017cach, w tym w rolnictwie, budownictwie i transporcie morskim. Znajduj\u0105 powszechne zastosowanie w kosiarkach rolniczych, p\u0142ugach od\u015bnie\u017caj\u0105cych, rozsiewaczach nawoz\u00f3w, przeno\u015bnikach zbo\u017cowych, maszynach przemys\u0142owych, urz\u0105dzeniach do wydobywania ropy naftowej oraz uk\u0142adach hydraulicznych.<\/p>\n<p>W FMP jeste\u015bmy dumni z naszego bogatego do\u015bwiadczenia technicznego i potencja\u0142u badawczego. Nasze zaanga\u017cowanie w produkcj\u0119 niezawodnych, wysokiej jako\u015bci produkt\u00f3w ugruntowa\u0142o nasz\u0105 pozycj\u0119 zaufanej marki w bran\u017cy produkcyjnej. Kierujemy si\u0119 nasz\u0105 filozofi\u0105 biznesow\u0105, kt\u00f3ra k\u0142adzie nacisk na innowacyjno\u015b\u0107, jako\u015b\u0107 i zadowolenie klienta, co pozwala nam skutecznie reagowa\u0107 na zmieniaj\u0105ce si\u0119 potrzeby naszych klient\u00f3w.<\/p>\n<p><img loading=\"lazy\" decoding=\"async\" class=\"alignnone wp-image-1840\" src=\"https:\/\/fmp-components.com\/wp-content\/uploads\/2024\/12\/Post-Hole-Digger-Gearbox-6.webp\" alt=\"Koparka do otwor\u00f3w s\u0142upowych\" width=\"884\" height=\"582\" title=\"\" srcset=\"https:\/\/fmp-components.com\/wp-content\/uploads\/2024\/12\/Post-Hole-Digger-Gearbox-6.webp 884w, https:\/\/fmp-components.com\/wp-content\/uploads\/2024\/12\/Post-Hole-Digger-Gearbox-6-480x316.webp 480w\" sizes=\"(min-width: 0px) and (max-width: 480px) 480px, (min-width: 481px) 884px, 100vw\" \/><\/p>\n<h3>Proces produkcyjny skrzy\u0144 bieg\u00f3w rolniczych<\/h3>\n<p>Produkcja przek\u0142adni rolniczych to z\u0142o\u017cony proces obejmuj\u0105cy kilka kluczowych etap\u00f3w, z kt\u00f3rych ka\u017cdy ma na celu zapewnienie najwy\u017cszej jako\u015bci i wydajno\u015bci:<\/p>\n<p><strong>Projektowanie produktu<\/strong><br \/>\nW fazie pocz\u0105tkowej koncentrujemy si\u0119 na definiowaniu specyfikacji, doborze materia\u0142\u00f3w i okre\u015blaniu wymiar\u00f3w dostosowanych do konkretnych potrzeb aplikacji. Nasz zesp\u00f3\u0142 projektowy \u015bci\u015ble wsp\u00f3\u0142pracuje z klientami, aby zrozumie\u0107 ich wymagania i zintegrowa\u0107 najnowsze osi\u0105gni\u0119cia technologiczne.<\/p>\n<p><strong>Przygotowanie surowca<\/strong><br \/>\nStarannie pozyskujemy niezb\u0119dne materia\u0142y, g\u0142\u00f3wnie \u017celiwo i stopy aluminium, dbaj\u0105c o to, aby spe\u0142nia\u0142y one nasze rygorystyczne standardy jako\u015bci. Ka\u017cda partia przechodzi szczeg\u00f3\u0142ow\u0105 kontrol\u0119, aby zagwarantowa\u0107 optymaln\u0105 wydajno\u015b\u0107 naszych produkt\u00f3w.<\/p>\n<p><strong>Obr\u00f3bka precyzyjna<\/strong><br \/>\nSurowce poddawane s\u0105 precyzyjnej obr\u00f3bce, w tym toczeniu i frezowaniu, aby tworzy\u0107 ko\u0142a z\u0119bate, wa\u0142y i obudowy o wyj\u0105tkowej dok\u0142adno\u015bci. Nasz zaawansowany park maszynowy i wykwalifikowani technicy dbaj\u0105 o to, aby ka\u017cdy element zosta\u0142 wykonany zgodnie z najwy\u017cszymi standardami.<\/p>\n<p><strong>Monta\u017c<\/strong><br \/>\nNa etapie monta\u017cu elementy takie jak ko\u0142a z\u0119bate, \u0142o\u017cyska i wa\u0142y s\u0105 starannie montowane w obudowie. Proces ten obejmuje rygorystyczne kontrole precyzji i kalibracje, a tak\u017ce zastosowanie odpowiednich \u015brodk\u00f3w smarnych, aby zapewni\u0107 p\u0142ynn\u0105 i wydajn\u0105 prac\u0119.<\/p>\n<p><strong>Obr\u00f3bka procesowa<\/strong><br \/>\nAby zwi\u0119kszy\u0107 wytrzyma\u0142o\u015b\u0107 i odporno\u015b\u0107 na zu\u017cycie, nasze przek\u0142adnie poddawane s\u0105 zaawansowanym procesom obr\u00f3bki cieplnej. Ten kluczowy etap gwarantuje, \u017ce nasze produkty sprostaj\u0105 wymaganiom stawianym przez wymagaj\u0105ce zastosowania.<\/p>\n<p><strong>Obr\u00f3bka powierzchni<\/strong><br \/>\nStosujemy obr\u00f3bk\u0119 powierzchni, tak\u0105 jak polerowanie i malowanie proszkowe, aby poprawi\u0107 zar\u00f3wno estetyk\u0119, jak i odporno\u015b\u0107 na korozj\u0119 naszych przek\u0142adni. Obr\u00f3bki te nie tylko zwi\u0119kszaj\u0105 trwa\u0142o\u015b\u0107, ale tak\u017ce wyd\u0142u\u017caj\u0105 \u017cywotno\u015b\u0107 naszych produkt\u00f3w w r\u00f3\u017cnych warunkach \u015brodowiskowych.<\/p>\n<p><strong>Kontrola jako\u015bci<\/strong><br \/>\nKompleksowe kontrole przeprowadzane s\u0105 na ka\u017cdym etapie produkcji, obejmuj\u0105c pomiary wymiar\u00f3w, precyzji, ha\u0142asu i drga\u0144. Ten rygorystyczny proces kontroli jako\u015bci gwarantuje, \u017ce nasze przek\u0142adnie spe\u0142niaj\u0105 rygorystyczne standardy bezpiecze\u0144stwa i wydajno\u015bci.<\/p>\n<p>Og\u00f3lnie rzecz bior\u0105c, produkcja przek\u0142adni rolniczych w FMP to z\u0142o\u017cone przedsi\u0119wzi\u0119cie, wymagaj\u0105ce wysokich kwalifikacji rzemie\u015blniczych, zaawansowanej technologii produkcji oraz kompleksowego systemu kontroli jako\u015bci. Nasze skrupulatne podej\u015bcie gwarantuje, \u017ce dostarczamy przek\u0142adnie o wyj\u0105tkowej wydajno\u015bci i niezawodno\u015bci, konsekwentnie spe\u0142niaj\u0105ce wysokie standardy oczekiwane przez naszych klient\u00f3w.<\/p>\n<p>Autor: CX<\/p>","protected":false},"excerpt":{"rendered":"<p>Our Post Hole Digger Gearbox, specifically designed as a replacement for the Comer Code T-22F. This high-performance gearbox is engineered to meet the demands of various drilling applications, ensuring efficiency and reliability. Key Features: High Torque Capability: This gearbox is built to handle high torque outputs, effectively transferring power from the tractor to the auger [&hellip;]<\/p>","protected":false},"featured_media":1846,"comment_status":"open","ping_status":"closed","template":"","meta":{"_et_pb_use_builder":"","_et_pb_old_content":"","_et_gb_content_width":""},"product_brand":[],"product_cat":[50],"product_tag":[],"class_list":{"0":"post-1845","1":"product","2":"type-product","3":"status-publish","4":"has-post-thumbnail","6":"product_cat-post-hole-digger-gearbox","8":"first","9":"instock","10":"shipping-taxable","11":"product-type-simple"},"_links":{"self":[{"href":"https:\/\/fmp-components.com\/pl\/wp-json\/wp\/v2\/product\/1845","targetHints":{"allow":["GET"]}}],"collection":[{"href":"https:\/\/fmp-components.com\/pl\/wp-json\/wp\/v2\/product"}],"about":[{"href":"https:\/\/fmp-components.com\/pl\/wp-json\/wp\/v2\/types\/product"}],"replies":[{"embeddable":true,"href":"https:\/\/fmp-components.com\/pl\/wp-json\/wp\/v2\/comments?post=1845"}],"wp:featuredmedia":[{"embeddable":true,"href":"https:\/\/fmp-components.com\/pl\/wp-json\/wp\/v2\/media\/1846"}],"wp:attachment":[{"href":"https:\/\/fmp-components.com\/pl\/wp-json\/wp\/v2\/media?parent=1845"}],"wp:term":[{"taxonomy":"product_brand","embeddable":true,"href":"https:\/\/fmp-components.com\/pl\/wp-json\/wp\/v2\/product_brand?post=1845"},{"taxonomy":"product_cat","embeddable":true,"href":"https:\/\/fmp-components.com\/pl\/wp-json\/wp\/v2\/product_cat?post=1845"},{"taxonomy":"product_tag","embeddable":true,"href":"https:\/\/fmp-components.com\/pl\/wp-json\/wp\/v2\/product_tag?post=1845"}],"curies":[{"name":"wp","href":"https:\/\/api.w.org\/{rel}","templated":true}]}}