{"id":1841,"date":"2024-12-24T06:24:49","date_gmt":"2024-12-24T06:24:49","guid":{"rendered":"https:\/\/fmp-components.com\/?page_id=8"},"modified":"2024-12-24T06:51:07","modified_gmt":"2024-12-24T06:51:07","slug":"post-hole-diggers-gearboxes-replacement-of-comer-code-t-278a-11","status":"publish","type":"product","link":"https:\/\/fmp-components.com\/pl\/product\/post-hole-diggers-gearboxes-replacement-of-comer-code-t-278a-11\/","title":{"rendered":"Przek\u0142adnie koparek do otwor\u00f3w s\u0142upowych \u2013 wymiana Corner Code T-278A 1:1"},"content":{"rendered":"<p>Nasza przek\u0142adnia do koparek do otwor\u00f3w s\u0142upowych zosta\u0142a zaprojektowana jako bezpo\u015bredni zamiennik przek\u0142adni Comer Code T-278A 1:1. Ta przek\u0142adnia zosta\u0142a zaprojektowana z my\u015bl\u0105 o wyj\u0105tkowej wydajno\u015bci i niezawodno\u015bci w r\u00f3\u017cnych zastosowaniach wiertniczych.<\/p>\n<h3>G\u0142\u00f3wne cechy:<\/h3>\n<ul>\n<li><strong>Wysoka no\u015bno\u015b\u0107 momentu obrotowego<\/strong>:Mo\u017cliwo\u015b\u0107 obs\u0142ugi wymagaj\u0105cych zada\u0144 wiertniczych, zapewniaj\u0105ca wydajne przenoszenie mocy z ci\u0105gnika do \u015bwidra.<\/li>\n<li><strong>Trwa\u0142a konstrukcja<\/strong>Wykonana z materia\u0142\u00f3w najwy\u017cszej jako\u015bci, nasza przek\u0142adnia charakteryzuje si\u0119 doskona\u0142\u0105 wytrzyma\u0142o\u015bci\u0105 i odporno\u015bci\u0105 na zu\u017cycie, co gwarantuje d\u0142ug\u0105 \u017cywotno\u015b\u0107.<\/li>\n<li><strong>In\u017cynieria precyzyjna<\/strong>Ka\u017cda przek\u0142adnia jest precyzyjnie obrobiona, aby zapewni\u0107 p\u0142ynn\u0105 prac\u0119 i optymaln\u0105 wydajno\u015b\u0107, redukuj\u0105c straty energii podczas u\u017cytkowania.<\/li>\n<li><strong>Kompaktowa konstrukcja<\/strong>Kompaktowy rozmiar pozwala na \u0142atw\u0105 instalacj\u0119 i integracj\u0119 z istniej\u0105cymi zestawami do wiercenia otwor\u00f3w na s\u0142upy, bez zwi\u0119kszania ich gabaryt\u00f3w.<\/li>\n<li><strong>Wszechstronna kompatybilno\u015b\u0107<\/strong>:Zaprojektowano tak, aby pasowa\u0142 do wielu typ\u00f3w ci\u0105gnik\u00f3w i maszyn kopi\u0105cych, dzi\u0119ki czemu nadaje si\u0119 do r\u00f3\u017cnych zastosowa\u0144 rolniczych i budowlanych.<\/li>\n<li><strong>Skuteczne uszczelnienie<\/strong>Zintegrowane uszczelki zapobiegaj\u0105 przedostawaniu si\u0119 brudu i wilgoci do skrzyni bieg\u00f3w, zapewniaj\u0105c smarowanie i wyd\u0142u\u017caj\u0105c \u017cywotno\u015b\u0107 wewn\u0119trznych podzespo\u0142\u00f3w.<\/li>\n<li><strong>Niskie koszty utrzymania<\/strong>:Ta przek\u0142adnia zosta\u0142a zaprojektowana z my\u015bl\u0105 o trwa\u0142o\u015bci i wymaga minimalnej konserwacji, dzi\u0119ki czemu u\u017cytkownicy mog\u0105 skupi\u0107 si\u0119 na swojej pracy bez cz\u0119stych przerw.<\/li>\n<\/ul>\n<h2>Specyfikacja produktu:<\/h2>\n<table style=\"width: 100%;\" border=\"1\" width=\"100%\" cellspacing=\"0\" cellpadding=\"0\">\n<tbody>\n<tr>\n<th>Opis<\/th>\n<td>Przek\u0142adnie koparek do otwor\u00f3w s\u0142upowych \u2013 wymiana Corner Code T-278A 1:1<\/td>\n<\/tr>\n<tr>\n<th>Aplikacja<\/th>\n<td>R\u00f3\u017cne zastosowania (rolnicze)<\/td>\n<\/tr>\n<tr>\n<th>Sk\u0142ada si\u0119 z<\/th>\n<td>Skrzynia bieg\u00f3w<\/td>\n<\/tr>\n<tr>\n<th>Bez oleju<\/th>\n<td>Informacje techniczne<\/td>\n<\/tr>\n<tr>\n<th>Maksymalna moc wej\u015bciowa<\/th>\n<td>40,5 kW<\/td>\n<\/tr>\n<tr>\n<th>Maksymalny moment wyj\u015bciowy<\/th>\n<td>693 nm<\/td>\n<\/tr>\n<tr>\n<th>Zawiera olej<\/th>\n<td>NIE<\/td>\n<\/tr>\n<tr>\n<th>Maksymalna pojemno\u015b\u0107 oleju<\/th>\n<td>1,7 litra<\/td>\n<\/tr>\n<tr>\n<th>Maksymalny odst\u0119p mi\u0119dzy wymianami oleju<\/th>\n<td>500 godzin<\/td>\n<\/tr>\n<tr>\n<th>Klasa lepko\u015bci oleju SAE<\/th>\n<td>80W-90<\/td>\n<\/tr>\n<tr>\n<th>Materia\u0142 obudowy<\/th>\n<td>\u017beliwo GG25<\/td>\n<\/tr>\n<tr>\n<th>Waga<\/th>\n<td>23,5 kg<\/td>\n<\/tr>\n<tr>\n<th>Uk\u0142ad przek\u0142adni<\/th>\n<td>1 &#8211; 2<\/td>\n<\/tr>\n<tr>\n<th>Stosunek<\/th>\n<td>1 : 1<\/td>\n<\/tr>\n<tr>\n<th>Wa\u0142 wej\u015bciowy<\/th>\n<td>Z<\/td>\n<\/tr>\n<tr>\n<th>Wa\u0142 X<\/th>\n<td>1 3\/8\u2033 (6) (A)<\/td>\n<\/tr>\n<tr>\n<th>Wa\u0142 Z<\/th>\n<td>1 3\/8\u2033 (6) (B)<\/td>\n<\/tr>\n<\/tbody>\n<\/table>\n<h2>O FMP<\/h2>\n<p>Firma FMP z siedzib\u0105 we W\u0142oszech specjalizuje si\u0119 w badaniach, rozwoju i produkcji szerokiej gamy przek\u0142adni, reduktor\u00f3w i maszyn in\u017cynieryjnych. Nasza szeroka gama produkt\u00f3w obejmuje:<\/p>\n<ul>\n<li><strong>Przek\u0142adnie sto\u017ckowe spiralne<\/strong><\/li>\n<li><strong>Skrzynie bieg\u00f3w proste<\/strong><\/li>\n<li><strong>Przek\u0142adnie \u015blimakowe<\/strong><\/li>\n<li><strong>Przek\u0142adnie cylindryczne<\/strong><\/li>\n<li><strong>Korpusy i obudowy zawor\u00f3w wysokoci\u015bnieniowych odlewane<\/strong><\/li>\n<\/ul>\n<p>Produkty te s\u0105 przeznaczone do r\u00f3\u017cnych zastosowa\u0144, w tym kosiarek rolniczych, p\u0142ug\u00f3w \u015bnie\u017cnych, rozsiewaczy nawoz\u00f3w, przeno\u015bnik\u00f3w zbo\u017cowych, maszyn przemys\u0142owych, urz\u0105dze\u0144 do wydobywania ropy naftowej, komponent\u00f3w przemys\u0142u morskiego oraz uk\u0142ad\u00f3w hydraulicznych w in\u017cynierii.<\/p>\n<p>W FMP jeste\u015bmy dumni z naszego silnego potencja\u0142u technicznego i badawczego. Nasze zaanga\u017cowanie w produkcj\u0119 niezawodnych i wysokiej jako\u015bci produkt\u00f3w ugruntowa\u0142o nasz\u0105 pozycj\u0119 szanowanego lidera w bran\u017cy produkcyjnej. Kierujemy si\u0119 unikaln\u0105 filozofi\u0105 biznesow\u0105, kt\u00f3ra stawia na pierwszym miejscu innowacyjno\u015b\u0107, jako\u015b\u0107 i zadowolenie klienta, zapewniaj\u0105c skuteczne zaspokajanie zmieniaj\u0105cych si\u0119 potrzeb naszych klient\u00f3w.<\/p>\n<p><img loading=\"lazy\" decoding=\"async\" class=\"alignnone wp-image-1840\" src=\"https:\/\/fmp-components.com\/wp-content\/uploads\/2024\/12\/Post-Hole-Digger-Gearbox-6.webp\" alt=\"Koparka do otwor\u00f3w s\u0142upowych\" width=\"884\" height=\"582\" title=\"\" srcset=\"https:\/\/fmp-components.com\/wp-content\/uploads\/2024\/12\/Post-Hole-Digger-Gearbox-6.webp 884w, https:\/\/fmp-components.com\/wp-content\/uploads\/2024\/12\/Post-Hole-Digger-Gearbox-6-480x316.webp 480w\" sizes=\"(min-width: 0px) and (max-width: 480px) 480px, (min-width: 481px) 884px, 100vw\" \/><\/p>\n<h3>Proces produkcyjny skrzy\u0144 bieg\u00f3w rolniczych<\/h3>\n<p>Produkcja przek\u0142adni rolniczych to z\u0142o\u017cony proces obejmuj\u0105cy kilka istotnych etap\u00f3w:<\/p>\n<p><strong>Projektowanie produktu<\/strong><br \/>\nFaza pocz\u0105tkowa koncentruje si\u0119 na doborze specyfikacji, materia\u0142\u00f3w i wymiar\u00f3w dostosowanych do potrzeb konkretnego zastosowania.<\/p>\n<p><strong>Przygotowanie surowca<\/strong><br \/>\nZaopatrujemy si\u0119 w niezb\u0119dne materia\u0142y, g\u0142\u00f3wnie \u017celiwo i stopy aluminium, co gwarantuje, \u017ce spe\u0142niaj\u0105 one nasze rygorystyczne standardy jako\u015bci.<\/p>\n<p><strong>Obr\u00f3bka precyzyjna<\/strong><br \/>\nSurowce poddawane s\u0105 precyzyjnej obr\u00f3bce, obejmuj\u0105cej toczenie i frezowanie, w celu wytworzenia k\u00f3\u0142 z\u0119batych, wa\u0142\u00f3w i obud\u00f3w o wyj\u0105tkowej dok\u0142adno\u015bci.<\/p>\n<p><strong>Monta\u017c<\/strong><br \/>\nKomponenty takie jak ko\u0142a z\u0119bate, \u0142o\u017cyska i wa\u0142y s\u0105 starannie montowane w obudowie. Na tym etapie przeprowadzane s\u0105 kontrole dok\u0142adno\u015bci i kalibracje, a tak\u017ce stosowane s\u0105 odpowiednie \u015brodki smaruj\u0105ce dla zapewnienia optymalnej pracy.<\/p>\n<p><strong>Obr\u00f3bka procesowa<\/strong><br \/>\nPrzek\u0142adnie poddawane s\u0105 obr\u00f3bce cieplnej w celu zwi\u0119kszenia ich wytrzyma\u0142o\u015bci i odporno\u015bci na zu\u017cycie, co zapewnia d\u0142ugotrwa\u0142\u0105 eksploatacj\u0119.<\/p>\n<p><strong>Obr\u00f3bka powierzchni<\/strong><br \/>\nStosujemy obr\u00f3bk\u0119 powierzchni, tak\u0105 jak polerowanie i malowanie proszkowe, aby poprawi\u0107 walory estetyczne i odporno\u015b\u0107 skrzy\u0144 bieg\u00f3w na korozj\u0119.<\/p>\n<p><strong>Kontrola jako\u015bci<\/strong><br \/>\nPrzeprowadzane s\u0105 kompleksowe kontrole maj\u0105ce na celu pomiar wymiar\u00f3w, precyzji, ha\u0142asu i wibracji, aby zapewni\u0107, \u017ce nasze przek\u0142adnie spe\u0142niaj\u0105 rygorystyczne normy bezpiecze\u0144stwa i wydajno\u015bci.<\/p>\n<p>Og\u00f3lnie rzecz bior\u0105c, produkcja przek\u0142adni rolniczych to z\u0142o\u017cone przedsi\u0119wzi\u0119cie, wymagaj\u0105ce wysokich kwalifikacji rzemie\u015blniczych, zaawansowanej technologii produkcji oraz precyzyjnego systemu kontroli jako\u015bci. To skrupulatne podej\u015bcie gwarantuje, \u017ce nasze przek\u0142adnie charakteryzuj\u0105 si\u0119 wyj\u0105tkow\u0105 wydajno\u015bci\u0105 i niezawodno\u015bci\u0105.<\/p>\n<p>Autor: CX<\/p>","protected":false},"excerpt":{"rendered":"<p>Our Post Hole Diggers Gearbox, designed as a direct replacement for the Comer Code T-278A 1:1. This gearbox is engineered to deliver exceptional performance and reliability in various drilling applications. Key Features: High Torque Capacity: Capable of handling demanding drilling tasks, ensuring efficient power transfer from the tractor to the auger. Durable Construction: Made from [&hellip;]<\/p>","protected":false},"featured_media":1842,"comment_status":"open","ping_status":"closed","template":"","meta":{"_et_pb_use_builder":"","_et_pb_old_content":"","_et_gb_content_width":""},"product_brand":[],"product_cat":[50],"product_tag":[],"class_list":{"0":"post-1841","1":"product","2":"type-product","3":"status-publish","4":"has-post-thumbnail","6":"product_cat-post-hole-digger-gearbox","8":"first","9":"instock","10":"shipping-taxable","11":"product-type-simple"},"_links":{"self":[{"href":"https:\/\/fmp-components.com\/pl\/wp-json\/wp\/v2\/product\/1841","targetHints":{"allow":["GET"]}}],"collection":[{"href":"https:\/\/fmp-components.com\/pl\/wp-json\/wp\/v2\/product"}],"about":[{"href":"https:\/\/fmp-components.com\/pl\/wp-json\/wp\/v2\/types\/product"}],"replies":[{"embeddable":true,"href":"https:\/\/fmp-components.com\/pl\/wp-json\/wp\/v2\/comments?post=1841"}],"wp:featuredmedia":[{"embeddable":true,"href":"https:\/\/fmp-components.com\/pl\/wp-json\/wp\/v2\/media\/1842"}],"wp:attachment":[{"href":"https:\/\/fmp-components.com\/pl\/wp-json\/wp\/v2\/media?parent=1841"}],"wp:term":[{"taxonomy":"product_brand","embeddable":true,"href":"https:\/\/fmp-components.com\/pl\/wp-json\/wp\/v2\/product_brand?post=1841"},{"taxonomy":"product_cat","embeddable":true,"href":"https:\/\/fmp-components.com\/pl\/wp-json\/wp\/v2\/product_cat?post=1841"},{"taxonomy":"product_tag","embeddable":true,"href":"https:\/\/fmp-components.com\/pl\/wp-json\/wp\/v2\/product_tag?post=1841"}],"curies":[{"name":"wp","href":"https:\/\/api.w.org\/{rel}","templated":true}]}}