{"id":1717,"date":"2024-12-23T07:03:08","date_gmt":"2024-12-23T07:03:08","guid":{"rendered":"https:\/\/fmp-components.com\/product\/factory-price-long-stroke-hydraulic-cylinder-for-dump-trailer\/"},"modified":"2025-03-18T01:47:42","modified_gmt":"2025-03-18T01:47:42","slug":"factory-price-long-stroke-hydraulic-cylinder-for-dump-trailer","status":"publish","type":"product","link":"https:\/\/fmp-components.com\/pl\/product\/factory-price-long-stroke-hydraulic-cylinder-for-dump-trailer\/","title":{"rendered":"Cena fabryczna D\u0142ugi skok si\u0142ownika hydraulicznego do przyczepy wywrotki"},"content":{"rendered":"<p>Cylinder hydrauliczny o d\u0142ugim skoku Factory Price do przyczepy wywrotki to produkt wysokiej jako\u015bci, kt\u00f3ry zosta\u0142 zaprojektowany tak, aby zapewni\u0107 doskona\u0142\u0105 wydajno\u015b\u0107 i trwa\u0142o\u015b\u0107. Ten cylinder hydrauliczny zosta\u0142 specjalnie zaprojektowany do przyczep wywrotek, co czyni go niezb\u0119dnym elementem do wydajnej i niezawodnej pracy przyczepy.<\/p>\n<p>Jedn\u0105 z kluczowych cech tego si\u0142ownika hydraulicznego jest jego d\u0142ugi skok. Dzi\u0119ki d\u0142u\u017cszemu skokowi zapewnia wi\u0119kszy zakres ruchu, umo\u017cliwiaj\u0105c przyczepie wywrotce \u0142atwe podnoszenie i opuszczanie \u0142adunk\u00f3w. Oznacza to zwi\u0119kszon\u0105 produktywno\u015b\u0107 i wydajno\u015b\u0107 w r\u00f3\u017cnych zastosowaniach, takich jak budownictwo, rolnictwo i transport.<\/p>\n<p><img decoding=\"async\" src=\"https:\/\/hzpt.com\/wp-content\/uploads\/2023\/11\/Inverted-Telescopic-Cylinder-15.webp\" alt=\"\" title=\"\"><\/p>\n<p>Si\u0142ownik hydrauliczny jest wykonany z materia\u0142\u00f3w najwy\u017cszej jako\u015bci, co zapewnia jego trwa\u0142o\u015b\u0107 i odporno\u015b\u0107 na zu\u017cycie. Zosta\u0142 zaprojektowany tak, aby wytrzyma\u0107 wymagaj\u0105ce warunki, cz\u0119sto spotykane w zastosowaniach wymagaj\u0105cych du\u017cej wytrzyma\u0142o\u015bci. Dzi\u0119ki solidnej konstrukcji ten si\u0142ownik hydrauliczny zapewnia d\u0142ugoterminow\u0105 niezawodno\u015b\u0107 i wydajno\u015b\u0107, minimalizuj\u0105c przestoje i koszty konserwacji.<\/p>\n<p>Dodatkowo, Factory Price Long Stroke Hydraulic Cylinder For Dump Trailer jest wyposa\u017cony w zaawansowan\u0105 technologi\u0119 hydrauliczn\u0105. Posiada wysokiej jako\u015bci uk\u0142ad hydrauliczny, kt\u00f3ry zapewnia p\u0142ynn\u0105 i precyzyjn\u0105 prac\u0119, umo\u017cliwiaj\u0105c precyzyjn\u0105 kontrol\u0119 podczas podnoszenia i opuszczania. Zapewnia to bezpieczn\u0105 i wydajn\u0105 obs\u0142ug\u0119 \u0142adunk\u00f3w, zwi\u0119kszaj\u0105c og\u00f3ln\u0105 wydajno\u015b\u0107.<\/p>\n<p>Ponadto ten si\u0142ownik hydrauliczny jest zaprojektowany do \u0142atwej instalacji i kompatybilno\u015bci z r\u00f3\u017cnymi modelami wywrotek. Jest dostarczany ze wszystkimi niezb\u0119dnymi elementami monta\u017cowymi i osprz\u0119tem, dzi\u0119ki czemu proces instalacji jest szybki i bezproblemowy.<\/p>\n<p>Podsumowuj\u0105c, Factory Price Long Stroke Hydraulic Cylinder For Dump Trailer to niezawodny i wydajny produkt, kt\u00f3ry oferuje doskona\u0142y stosunek jako\u015bci do ceny. Jego d\u0142ugi skok, trwa\u0142a konstrukcja, zaawansowana technologia hydrauliczna i \u0142atwa instalacja sprawiaj\u0105, \u017ce jest to idealny wyb\u00f3r do zastosowa\u0144 w przyczepach wywrotkach. Niezale\u017cnie od tego, czy dzia\u0142asz w bran\u017cy budowlanej, rolniczej czy transportowej, ten si\u0142ownik hydrauliczny z pewno\u015bci\u0105 zwi\u0119kszy wydajno\u015b\u0107 i efektywno\u015b\u0107 Twojej przyczepy wywrotki. Odkryj najnowocze\u015bniejsz\u0105 technologi\u0119 i wyj\u0105tkow\u0105 jako\u015b\u0107 naszego nowego, fabrycznie wycenionego si\u0142ownika hydraulicznego Long Stroke Hydraulic Cylinder zaprojektowanego specjalnie do przyczep wywrotek. Ten si\u0142ownik hydrauliczny jest obj\u0119ty 1-letni\u0105 gwarancj\u0105, co zapewnia niezawodno\u015b\u0107 i spok\u00f3j ducha. Nadaje si\u0119 do szerokiej gamy bran\u017c, w tym zak\u0142ad\u00f3w produkcyjnych, warsztat\u00f3w naprawczych maszyn, gospodarstw rolnych, energetyki i g\u00f3rnictwa oraz fabryk maszyn. Ten produkt o wadze 40 kg jest dostarczany z filmami z kontroli wyj\u015bciowej i raportami z test\u00f3w maszyn. Jako nowy produkt na rok 2025 oferuje 1-letni\u0105 gwarancj\u0119 na g\u0142\u00f3wne komponenty, takie jak \u0142o\u017cyska i si\u0142ownik t\u0142okowy. Konstrukcja cylindra t\u0142okowego dzia\u0142a na zasadzie uk\u0142adu hydraulicznego i jest wykonana z wytrzyma\u0142ej stali.<\/p>\n<p><img decoding=\"async\" src=\"https:\/\/hzpt.com\/wp-content\/uploads\/2023\/11\/Inverted-Telescopic-Cylinder-6.webp\" alt=\"\" title=\"\"><\/p>\n<h2>Cechy cylindra hydraulicznego o d\u0142ugim skoku<\/h2>\n<p>Cylinder hydrauliczny o d\u0142ugim skoku to standardowa struktura cylindra t\u0142okowego zasilana energi\u0105 hydrauliczn\u0105. Kluczowe cechy tego produktu obejmuj\u0105:<\/p>\n<p>1. Materia\u0142 korpusu: Wykonany z wytrzyma\u0142ej stali, zapewniaj\u0105cej d\u0142ugotrwa\u0142\u0105 wydajno\u015b\u0107.<\/p>\n<p>2. Maksymalny ci\u0105g: Mo\u017cliwo\u015b\u0107 wytworzenia maksymalnego ci\u0105gu wynosz\u0105cego 3000.<\/p>\n<p>3. Typ: Jest to odwr\u00f3cony cylinder teleskopowy zapewniaj\u0105cy doskona\u0142\u0105 wydajno\u015b\u0107 operacyjn\u0105.<\/p>\n<p>4. Porty: Wyposa\u017cone w porty G\/SAE\/NPT\/M zapewniaj\u0105ce wszechstronn\u0105 \u0142\u0105czno\u015b\u0107.<\/p>\n<p>5. Maksymalna si\u0142a uci\u0105gu: Maksymalna si\u0142a uci\u0105gu wynosi 20 ton.<\/p>\n<h2>Zastosowania cylindra hydraulicznego o d\u0142ugim skoku<\/h2>\n<p>Ten si\u0142ownik hydrauliczny mo\u017cna stosowa\u0107 w wielu ga\u0142\u0119ziach przemys\u0142u i zastosowaniach, w tym:<\/p>\n<p>1. Zak\u0142ady produkcyjne: Cenne w r\u00f3\u017cnych procesach produkcyjnych.<\/p>\n<p>2. Warsztaty naprawy maszyn: Niezb\u0119dne do naprawy ci\u0119\u017ckiego sprz\u0119tu.<\/p>\n<p>3. Gospodarstwa rolne: Idealne do eksploatacji maszyn rolniczych.<\/p>\n<p>4. Energetyka i g\u00f3rnictwo: Idealne do intensywnych prac energetycznych i g\u00f3rniczych.<\/p>\n<p>5. Fabryka maszyn: Istotny element produkcji maszyn.<\/p>\n<p><img decoding=\"async\" src=\"https:\/\/hzpt.com\/wp-content\/uploads\/2023\/11\/Inverted-Telescopic-Cylinder-Applications.webp\" alt=\"Zastosowania odwr\u00f3conego cylindra teleskopowego\" title=\"\"><\/p>\n<h2>Zasada dzia\u0142ania i konserwacja cylindra hydraulicznego o d\u0142ugim skoku<\/h2>\n<p>Cylinder hydrauliczny Long Stroke dzia\u0142a w oparciu o zasad\u0119 mocy hydraulicznej. P\u0142yn hydrauliczny jest wprowadzany do cylindra, tworz\u0105c si\u0142\u0119 wyj\u015bciow\u0105. Regularne kontrole, czyszczenie, smarowanie i naprawy s\u0105 konieczne, aby zapewni\u0107 optymaln\u0105 funkcjonalno\u015b\u0107. Konkretne punkty konserwacji obejmuj\u0105:<\/p>\n<p>1. Regularne kontrole: Cz\u0119ste kontrole s\u0105 konieczne, aby zapobiec potencjalnym uszkodzeniom.<\/p>\n<p>2. Czyszczenie: Regularne czyszczenie zapobiega gromadzeniu si\u0119 brudu i zanieczyszcze\u0144.<\/p>\n<p>3. Smarowanie: Regularne smarowanie zapewnia p\u0142ynn\u0105 prac\u0119.<\/p>\n<p>4. Naprawy: Niezw\u0142ocznie wykonuj wszelkie niezb\u0119dne naprawy, aby unikn\u0105\u0107 dalszych uszkodze\u0144.<\/p>\n<p>5. Wymiana uszczelek: Regularna wymiana uszczelek jest wa\u017cna, aby zapobiega\u0107 przeciekom.<\/p>\n<p><img decoding=\"async\" src=\"https:\/\/hzpt.com\/wp-content\/uploads\/2023\/11\/Inverted-Telescopic-Cylinder-Manufacturers.webp\" alt=\"HZPT Fabryka Maszyn Hydraulicznych\" title=\"\"><\/p>\n<h3>Cechy<\/h3>\n<ul>\n<li>Odwr\u00f3cony cylinder teleskopowy sk\u0142ada si\u0119 z t\u0142oka o pojedynczym lub podw\u00f3jnym dzia\u0142aniu, kt\u00f3ry porusza si\u0119 tam i z powrotem wewn\u0105trz cylindra.<\/li>\n<li>T\u0142oczysko jest przymocowane do t\u0142oka i przechodzi przez dno cylindra.<\/li>\n<li>Kilka etap\u00f3w cylindr\u00f3w o mniejszej \u015brednicy jest odwracanych i montowanych na cylindrze o wi\u0119kszej \u015brednicy.<\/li>\n<li>Cylindry o mniejszej \u015brednicy s\u0105 osadzone wewn\u0105trz cylindra o wi\u0119kszej \u015brednicy, gdy t\u0142ok jest ca\u0142kowicie cofni\u0119ty.<\/li>\n<li>Cylinder ma kompaktow\u0105 konstrukcj\u0119 i nadaje si\u0119 do zastosowa\u0144 w miejscach o ograniczonej przestrzeni.<\/li>\n<\/ul>\n<h3>Zalety<\/h3>\n<ul>\n<li>Odwr\u00f3cony cylinder teleskopowy ma d\u0142u\u017cszy skok w por\u00f3wnaniu do innych typ\u00f3w cylindr\u00f3w hydraulicznych.<\/li>\n<li>Zagnie\u017cd\u017cona konstrukcja cylindr\u00f3w o mniejszej \u015brednicy zmniejsza ca\u0142kowit\u0105 d\u0142ugo\u015b\u0107 cylindra po jego ca\u0142kowitym rozci\u0105gni\u0119ciu.<\/li>\n<li>Cylinder ma du\u017c\u0105 no\u015bno\u015b\u0107 i mo\u017ce generowa\u0107 du\u017c\u0105 si\u0142\u0119 wyj\u015bciow\u0105.<\/li>\n<li>Konstrukcja cylindra zmniejsza ryzyko uszkodzenia t\u0142oczyska i lufy cylindra.<\/li>\n<li>Ten typ cylindra jest \u0142atwy w monta\u017cu i konserwacji.<\/li>\n<\/ul>\n<h3>Aplikacje<\/h3>\n<p>Odwr\u00f3cony cylinder teleskopowy ma szeroki zakres zastosowa\u0144 w r\u00f3\u017cnych ga\u0142\u0119ziach przemys\u0142u. Jest powszechnie stosowany w przyczepach wywrotkach, gdzie s\u0142u\u017cy do podnoszenia i opuszczania skrzyni \u0142adunkowej przyczepy. Cylinder hydrauliczny o d\u0142ugim skoku w cenie fabrycznej do przyczep wywrotek jest popularnym wyborem w\u015br\u00f3d producent\u00f3w ze wzgl\u0119du na wysok\u0105 no\u015bno\u015b\u0107 i d\u0142ugi skok. Odwr\u00f3cone cylindry teleskopowe s\u0105 r\u00f3wnie\u017c stosowane w sprz\u0119cie rolniczym, maszynach budowlanych i sprz\u0119cie do transportu materia\u0142\u00f3w. Nadaj\u0105 si\u0119 do zastosowa\u0144, w kt\u00f3rych wymagana jest du\u017ca si\u0142a wyj\u015bciowa i d\u0142ugi skok w kompaktowej konstrukcji.<\/p>\n<h3>O FMP \u2013 cylindrze hydraulicznym<\/h3>\n<p>W FMP specjalizujemy si\u0119 w sprzeda\u017cy i serwisie wysokiej jako\u015bci cz\u0119\u015bci do maszyn budowlanych i kompletnych maszyn. Nasz cylinder hydrauliczny jest jednym z naszych najpopularniejszych produkt\u00f3w i to z dobrego powodu. Oto pi\u0119\u0107 powod\u00f3w, dla kt\u00f3rych cylinder hydrauliczny FMP jest najlepszym wyborem dla Twoich potrzeb w zakresie maszyn budowlanych:<\/p>\n<p>1. <strong>Materia\u0142y najwy\u017cszej jako\u015bci<\/strong>:Nasz si\u0142ownik hydrauliczny wykonany jest z trwa\u0142ych i niezawodnych materia\u0142\u00f3w, co zapewnia d\u0142ugotrwa\u0142\u0105 wydajno\u015b\u0107 i minimalne wymagania konserwacyjne.<\/p>\n<p>2. <strong>Opcje dostosowywania<\/strong>: Oferujemy regulowane cylindry typu wide\u0142kowego, a tak\u017ce inne opcje dostosowywalne do Twoich konkretnych potrzeb. Dzi\u0119ki naszemu do\u015bwiadczeniu w zakresie cz\u0119\u015bci maszyn budowlanych mo\u017cemy wsp\u00f3\u0142pracowa\u0107 z Tob\u0105, aby znale\u017a\u0107 najlepsze rozwi\u0105zanie dla Twojego sprz\u0119tu.<\/p>\n<p>3. <strong>Zesp\u00f3\u0142 ekspert\u00f3w<\/strong>: Nasz do\u015bwiadczony i wykwalifikowany zesp\u00f3\u0142 sprzeda\u017cy jest zorientowany na najnowsze trendy bran\u017cowe i potrzeby klient\u00f3w w bran\u017cy maszyn budowlanych. Mog\u0105 oni zapewni\u0107 profesjonaln\u0105 konsultacj\u0119 produktow\u0105 i m\u0105dre sugestie zakupowe, aby pom\u00f3c Ci podj\u0105\u0107 najlepsz\u0105 decyzj\u0119 dla Twojej firmy.<\/p>\n<p>4. <strong>Efektywna logistyka<\/strong>:Posiadamy wydajny system dystrybucji logistycznej, aby zapewni\u0107, \u017ce klienci otrzymaj\u0105 wymagane cz\u0119\u015bci w odpowiednim czasie i dok\u0142adnie. Oznacza to minimalny przest\u00f3j maszyn budowlanych i p\u0142ynne dzia\u0142anie Twojej firmy.<\/p>\n<p>5. <strong>\u015acis\u0142a kontrola jako\u015bci<\/strong>:Nawi\u0105zujemy d\u0142ugoterminowe i stabilne relacje wsp\u00f3\u0142pracy z wieloma wysokiej jako\u015bci dostawcami w kraju i za granic\u0105, co gwarantuje, \u017ce wszystkie dostarczane cz\u0119\u015bci, w tym nasze si\u0142owniki hydrauliczne, spe\u0142niaj\u0105 surowe standardy jako\u015bci.<\/p>\n<p>Dzi\u0119ki cylindrowi hydraulicznemu FMP mo\u017cesz by\u0107 pewien jako\u015bci i niezawodno\u015bci swoich maszyn budowlanych. Skontaktuj si\u0119 z nami ju\u017c dzi\u015b, aby dowiedzie\u0107 si\u0119 wi\u0119cej o naszych produktach i o tym, jak mo\u017cemy pom\u00f3c Ci znale\u017a\u0107 najlepsze rozwi\u0105zania dla potrzeb Twojej firmy.<\/p>\n<p><img decoding=\"async\" src=\"https:\/\/fmp-components.com\/wp-content\/uploads\/2024\/12\/Adjustable-Clevis-Type-Cylinders-6.webp\" alt=\"Regulowany cylinder typu wide\u0142kowego\" width=\"853\" title=\"\"><br \/>\nAutor:CX<\/p>","protected":false},"excerpt":{"rendered":"<p>The Factory Price Long Stroke Hydraulic Cylinder For Dump Trailer is a high-quality product that is designed to provide superior performance and durability. This hydraulic cylinder is specifically engineered for dump trailers, making it an essential component for efficient and reliable trailer operation. One of the key features of this hydraulic cylinder is its long [&hellip;]<\/p>","protected":false},"featured_media":1718,"comment_status":"closed","ping_status":"closed","template":"","meta":{"_et_pb_use_builder":"","_et_pb_old_content":"","_et_gb_content_width":""},"product_brand":[],"product_cat":[45],"product_tag":[34,48],"class_list":{"0":"post-1717","1":"product","2":"type-product","3":"status-publish","4":"has-post-thumbnail","6":"product_cat-inverted-telescopic-cylinder","7":"product_tag-hydraulic-cylinder","8":"product_tag-inverted-telescopic-cylinder","10":"first","11":"instock","12":"product-type-simple"},"_links":{"self":[{"href":"https:\/\/fmp-components.com\/pl\/wp-json\/wp\/v2\/product\/1717","targetHints":{"allow":["GET"]}}],"collection":[{"href":"https:\/\/fmp-components.com\/pl\/wp-json\/wp\/v2\/product"}],"about":[{"href":"https:\/\/fmp-components.com\/pl\/wp-json\/wp\/v2\/types\/product"}],"replies":[{"embeddable":true,"href":"https:\/\/fmp-components.com\/pl\/wp-json\/wp\/v2\/comments?post=1717"}],"wp:featuredmedia":[{"embeddable":true,"href":"https:\/\/fmp-components.com\/pl\/wp-json\/wp\/v2\/media\/1718"}],"wp:attachment":[{"href":"https:\/\/fmp-components.com\/pl\/wp-json\/wp\/v2\/media?parent=1717"}],"wp:term":[{"taxonomy":"product_brand","embeddable":true,"href":"https:\/\/fmp-components.com\/pl\/wp-json\/wp\/v2\/product_brand?post=1717"},{"taxonomy":"product_cat","embeddable":true,"href":"https:\/\/fmp-components.com\/pl\/wp-json\/wp\/v2\/product_cat?post=1717"},{"taxonomy":"product_tag","embeddable":true,"href":"https:\/\/fmp-components.com\/pl\/wp-json\/wp\/v2\/product_tag?post=1717"}],"curies":[{"name":"wp","href":"https:\/\/api.w.org\/{rel}","templated":true}]}}