{"id":1713,"date":"2024-12-23T07:01:59","date_gmt":"2024-12-23T07:01:59","guid":{"rendered":"https:\/\/fmp-components.com\/product\/high-quality-small-dump-truck-4-stage-stainless-steel-hydraulic-cylinder\/"},"modified":"2025-03-11T06:03:01","modified_gmt":"2025-03-11T06:03:01","slug":"high-quality-small-dump-truck-4-stage-stainless-steel-hydraulic-cylinder","status":"publish","type":"product","link":"https:\/\/fmp-components.com\/pl\/product\/high-quality-small-dump-truck-4-stage-stainless-steel-hydraulic-cylinder\/","title":{"rendered":"Wysokiej jako\u015bci ma\u0142y wywrotka, 4-stopniowy si\u0142ownik hydrauliczny ze stali nierdzewnej"},"content":{"rendered":"<h2>Przedstawiamy wysokiej jako\u015bci 4-stopniowy hydrauliczny cylinder ze stali nierdzewnej do ma\u0142ych wywrotek:<\/h2>\n<p>Wysokiej jako\u015bci, 4-stopniowy si\u0142ownik hydrauliczny ze stali nierdzewnej do ma\u0142ych wywrotek to najnowocze\u015bniejszy produkt zaprojektowany w celu zwi\u0119kszenia wydajno\u015bci i efektywno\u015bci ma\u0142ych wywrotek. Ten si\u0142ownik hydrauliczny jest wykonany z najwy\u017cszej jako\u015bci stali nierdzewnej, co zapewnia niezr\u00f3wnan\u0105 trwa\u0142o\u015b\u0107 i odporno\u015b\u0107 na korozj\u0119.<\/p>\n<p>Dzi\u0119ki unikalnej, czterostopniowej konstrukcji, ten si\u0142ownik hydrauliczny zapewnia wyj\u0105tkow\u0105 si\u0142\u0119 podnoszenia i precyzyjn\u0105 kontrol\u0119. Zapewnia p\u0142ynn\u0105 prac\u0119, dzi\u0119ki czemu idealnie nadaje si\u0119 do r\u00f3\u017cnych zastosowa\u0144 wymagaj\u0105cych du\u017cej wytrzyma\u0142o\u015bci. Zaawansowany uk\u0142ad hydrauliczny gwarantuje p\u0142ynn\u0105 i niezawodn\u0105 prac\u0119, gwarantuj\u0105c wydajn\u0105 prac\u0119 wywrotki.<\/p>\n<p>Dzi\u0119ki kompaktowym rozmiarom ten si\u0142ownik hydrauliczny zosta\u0142 specjalnie zaprojektowany do ma\u0142ych wywrotek, umo\u017cliwiaj\u0105c im \u0142atwe manewrowanie w ciasnych przestrzeniach. Konstrukcja ze stali nierdzewnej nie tylko wyd\u0142u\u017ca jego \u017cywotno\u015b\u0107, ale tak\u017ce sprawia, \u017ce \u200b\u200bnadaje si\u0119 do pracy w trudnych warunkach, takich jak ekstremalne temperatury i \u015brodowiska korozyjne.<\/p>\n<p><img decoding=\"async\" src=\"https:\/\/hzpt.com\/wp-content\/uploads\/2023\/11\/Inverted-Telescopic-Cylinder-3.webp\" alt=\"\" title=\"\"><\/p>\n<p>Wysokiej jako\u015bci, 4-stopniowy si\u0142ownik hydrauliczny ze stali nierdzewnej do ma\u0142ych wywrotek charakteryzuje si\u0119 du\u017c\u0105 \u0142adowno\u015bci\u0105, dzi\u0119ki czemu jest w stanie przetransportowa\u0107 du\u017ce ilo\u015bci materia\u0142\u00f3w. Zosta\u0142 zaprojektowany tak, aby wytrzyma\u0107 du\u017ce obci\u0105\u017cenia bez uszczerbku dla jego funkcjonalno\u015bci i integralno\u015bci konstrukcyjnej.<\/p>\n<p>Podsumowuj\u0105c, wysokiej jako\u015bci, 4-stopniowy si\u0142ownik hydrauliczny ze stali nierdzewnej do ma\u0142ych wywrotek to produkt najwy\u017cszej jako\u015bci, oferuj\u0105cy wyj\u0105tkow\u0105 wydajno\u015b\u0107, trwa\u0142o\u015b\u0107 i precyzj\u0119 sterowania. To idealny wyb\u00f3r do ma\u0142ych wywrotek, gwarantuj\u0105cy wydajn\u0105 i niezawodn\u0105 prac\u0119 w r\u00f3\u017cnych, wymagaj\u0105cych warunkach.<\/p>\n<div>\n<table style=\"width: 100%;\" border=\"1\" width=\"100%\" cellspacing=\"0\" cellpadding=\"0\">\n<tbody>\n<tr>\n<th>Nazwa produktu<\/th>\n<td>Ma\u0142y wywrotka, 4-stopniowy si\u0142ownik hydrauliczny ze stali nierdzewnej<\/td>\n<\/tr>\n<tr>\n<th>Stan<\/th>\n<td>Nowy (2024)<\/td>\n<\/tr>\n<tr>\n<th>Waga (kg)<\/th>\n<td>40<\/td>\n<\/tr>\n<tr>\n<th>Maksymalny ci\u0105g<\/th>\n<td>3000<\/td>\n<\/tr>\n<tr>\n<th>Maksymalne poci\u0105gni\u0119cie<\/th>\n<td>20 ton<\/td>\n<\/tr>\n<tr>\n<th>Tworzywo<\/th>\n<td>Stal nierdzewna<\/td>\n<\/tr>\n<tr>\n<th>Orzecznictwo<\/th>\n<td>Certyfikat ISO9001:2000<\/td>\n<\/tr>\n<tr>\n<th>Zastosowane bran\u017ce<\/th>\n<td>Zak\u0142ady produkcyjne, warsztaty naprawcze maszyn, gospodarstwa rolne, energetyka i g\u00f3rnictwo, fabryki maszyn<\/td>\n<\/tr>\n<tr>\n<th>Projekt<\/th>\n<td>4 etapy dla lepszej wydajno\u015bci<\/td>\n<\/tr>\n<\/tbody>\n<\/table>\n<\/div>\n<div>\n<h2>Cechy 4-stopniowego cylindra hydraulicznego ze stali nierdzewnej<\/h2>\n<p>4-stopniowy si\u0142ownik hydrauliczny ze stali nierdzewnej oferuje szereg funkcji:<\/p>\n<ul>\n<li>Standardowa konstrukcja t\u0142okowo-cylindrowa zapewniaj\u0105ca optymaln\u0105 wydajno\u015b\u0107<\/li>\n<li>Si\u0142a hydrauliczna zapewniaj\u0105ca du\u017c\u0105 si\u0142\u0119 i kontrol\u0119<\/li>\n<li>Wytrzyma\u0142y korpus ze stali, odporny na intensywne u\u017cytkowanie<\/li>\n<li>Odwr\u00f3cony cylinder teleskopowy umo\u017cliwiaj\u0105cy kompaktowe przechowywanie i wi\u0119kszy zasi\u0119g<\/li>\n<li>Pod\u0142\u0105czenie cylindra mo\u017ce odbywa\u0107 si\u0119 za pomoc\u0105 r\u00f3\u017cnych port\u00f3w, w tym G, SAE, NPT i M<\/li>\n<\/ul>\n<\/div>\n<div>\n<h2>Zastosowania 4-stopniowego cylindra hydraulicznego ze stali nierdzewnej<\/h2>\n<p>Ten si\u0142ownik hydrauliczny jest niezwykle wszechstronny i mo\u017ce by\u0107 stosowany w wielu zastosowaniach:<\/p>\n<ul>\n<li>\n<ul>\n<li>Operacje w zak\u0142adzie produkcyjnym zwi\u0105zane z podnoszeniem i przemieszczaniem ci\u0119\u017ckich \u0142adunk\u00f3w<\/li>\n<li>Warsztaty napraw maszyn do konserwacji i serwisu sprz\u0119tu<\/li>\n<li>Zadania rolnicze w gospodarstwach rolnych wymagaj\u0105ce du\u017cej si\u0142y<\/li>\n<li>Przemys\u0142 energetyczny i g\u00f3rniczy do cel\u00f3w wykopaliskowych i wydobywczych<\/li>\n<\/ul>\n<\/li>\n<li>Produkcja maszyn i obs\u0142uga fabryk do r\u00f3\u017cnych zastosowa\u0144<\/li>\n<\/ul>\n<p><img decoding=\"async\" src=\"https:\/\/hzpt.com\/wp-content\/uploads\/2023\/11\/Inverted-Telescopic-Cylinder-Applications.webp\" alt=\"Zastosowania cylindr\u00f3w teleskopowych\" title=\"\"><\/p>\n<\/div>\n<div>\n<h2>Zasada dzia\u0142ania i metody konserwacji 4-stopniowego cylindra hydraulicznego ze stali nierdzewnej<\/h2>\n<p>Czterostopniowy si\u0142ownik hydrauliczny ze stali nierdzewnej dzia\u0142a w trzech g\u0142\u00f3wnych procesach: konfiguracji, dop\u0142ywu p\u0142ynu hydraulicznego i si\u0142y wyj\u015bciowej. Regularna konserwacja zapewnia optymaln\u0105 wydajno\u015b\u0107 i d\u0142u\u017csz\u0105 \u017cywotno\u015b\u0107. Poni\u017cej przedstawiono metody konserwacji:<\/p>\n<ol>\n<li>Konfiguracja: Skonfiguruj cylinder zgodnie ze szczeg\u00f3\u0142owymi wymaganiami danego zadania.<\/li>\n<li>Dop\u0142yw p\u0142ynu hydraulicznego: Dop\u0142yw p\u0142ynu do cylindra, wytwarzaj\u0105c ci\u015bnienie.<\/li>\n<li>Si\u0142a wyj\u015bciowa: Ci\u015bnienie p\u0142ynu wytwarza si\u0142\u0119 wyj\u015bciow\u0105, kt\u00f3ra nap\u0119dza cylinder, aby m\u00f3g\u0142 wykona\u0107 swoje zadanie.<\/li>\n<li>Regularne kontrole i czyszczenie: Aby przed\u0142u\u017cy\u0107 \u017cywotno\u015b\u0107 cylindra i zoptymalizowa\u0107 jego wydajno\u015b\u0107, nale\u017cy regularnie go sprawdza\u0107 i czy\u015bci\u0107.<\/li>\n<li>Wymiana uszczelek: Wymie\u0144 uszczelki, aby zapobiec przeciekom i zachowa\u0107 wysok\u0105 wydajno\u015b\u0107.<\/li>\n<\/ol>\n<\/div>\n<div>\n<p><img decoding=\"async\" src=\"https:\/\/hzpt.com\/wp-content\/uploads\/2023\/11\/Inverted-Telescopic-Cylinder-10.webp\" alt=\"\" title=\"\"><\/p>\n<\/div>\n<h2>Odwr\u00f3cony cylinder teleskopowy<\/h2>\n<p>W\u015br\u00f3d cylindr\u00f3w hydraulicznych, jednym z wyr\u00f3\u017cniaj\u0105cych si\u0119 typ\u00f3w jest odwr\u00f3cony cylinder teleskopowy. Ta unikalna konstrukcja cylindra oferuje szereg zalet w por\u00f3wnaniu z tradycyjnymi cylindrami, co czyni go popularnym wyborem w r\u00f3\u017cnych bran\u017cach. W tym wpisie na blogu zag\u0142\u0119bimy si\u0119 w zawi\u0142o\u015bci tego cylindra i om\u00f3wimy jego cechy, zastosowania i zalety.<\/p>\n<h3>Cechy odwr\u00f3conego cylindra teleskopowego<\/h3>\n<p>Odwr\u00f3cony cylinder teleskopowy, znany r\u00f3wnie\u017c jako czterostopniowy cylinder hydrauliczny ze stali nierdzewnej, charakteryzuje si\u0119 innowacyjn\u0105 konstrukcj\u0105 i wyj\u0105tkow\u0105 funkcjonalno\u015bci\u0105. Sk\u0142ada si\u0119 z wielu stopni, kt\u00f3re wsuwaj\u0105 si\u0119 jeden w drugi, tworz\u0105c kompaktowy i wydajny uk\u0142ad hydrauliczny. Oto kilka kluczowych cech tego cylindra:<\/p>\n<ol>\n<li><strong>Wysoka jako\u015b\u0107:<\/strong> Odwr\u00f3cony cylinder teleskopowy jest produkowany z najwy\u017cszej jako\u015bci materia\u0142\u00f3w i poddawany rygorystycznej kontroli jako\u015bci. Gwarantuje to jego trwa\u0142o\u015b\u0107, niezawodno\u015b\u0107 i d\u0142ug\u0105 \u017cywotno\u015b\u0107.<\/li>\n<li><strong>Zastosowanie ma\u0142ej wywrotki:<\/strong> Ten si\u0142ownik jest powszechnie stosowany w ma\u0142ych wywrotkach do wydajnego podnoszenia i opr\u00f3\u017cniania ci\u0119\u017ckich \u0142adunk\u00f3w. Jego kompaktowe rozmiary i du\u017ca moc sprawiaj\u0105, \u017ce jest idealnym wyborem do tego zastosowania.<\/li>\n<li><strong>Konstrukcja ze stali nierdzewnej:<\/strong> Cylinder wykonany jest ze stali nierdzewnej, kt\u00f3ra zapewnia doskona\u0142\u0105 odporno\u015b\u0107 na korozj\u0119, zu\u017cycie i ekstremalne temperatury. Dzi\u0119ki temu nadaje si\u0119 do pracy w wymagaj\u0105cych warunkach.<\/li>\n<li><strong>Operacje hydrauliczne:<\/strong> Odwr\u00f3cony cylinder teleskopowy wykorzystuje ci\u015bnienie hydrauliczne do wysuwania i chowania stopni. To dzia\u0142anie hydrauliczne zapewnia p\u0142ynny i precyzyjny ruch, zwi\u0119kszaj\u0105c og\u00f3ln\u0105 wydajno\u015b\u0107 systemu.<\/li>\n<\/ol>\n<h3>Zalety odwr\u00f3conego cylindra teleskopowego<\/h3>\n<p>Odwr\u00f3cony cylinder teleskopowy oferuje szereg korzy\u015bci, kt\u00f3re czyni\u0105 go preferowanym wyborem w r\u00f3\u017cnych zastosowaniach hydraulicznych. Przyjrzyjmy si\u0119 niekt\u00f3rym z tych zalet:<\/p>\n<ul>\n<li><strong>Kompaktowa konstrukcja:<\/strong> Teleskopowa konstrukcja tego cylindra pozwala na kompaktow\u0105 konstrukcj\u0119, oszcz\u0119dzaj\u0105c cenn\u0105 przestrze\u0144 w sprz\u0119cie lub maszynach. Jest to szczeg\u00f3lnie korzystne w zastosowaniach o ograniczonej przestrzeni.<\/li>\n<li><strong>Wyd\u0142u\u017cona d\u0142ugo\u015b\u0107 skoku:<\/strong> Wielostopniowy skok cylindra umo\u017cliwia d\u0142u\u017cszy skok w por\u00f3wnaniu z tradycyjnymi cylindrami. Ten wyd\u0142u\u017cony skok zapewnia wi\u0119kszy zasi\u0119g i elastyczno\u015b\u0107 podczas podnoszenia lub pchania.<\/li>\n<li><strong>Zwi\u0119kszony ud\u017awig:<\/strong> Konstrukcja odwr\u00f3conego cylindra teleskopowego zapewnia zwi\u0119kszony ud\u017awig, dzi\u0119ki czemu nadaje si\u0119 on do \u0142atwego podnoszenia ci\u0119\u017ckich \u0142adunk\u00f3w. Jego solidna konstrukcja i moc hydrauliczna przyczyniaj\u0105 si\u0119 do imponuj\u0105cych mo\u017cliwo\u015bci podnoszenia.<\/li>\n<li><strong>Poprawiona stabilno\u015b\u0107:<\/strong> Wielostopniowa konstrukcja cylindra zapewnia zwi\u0119kszon\u0105 stabilno\u015b\u0107 podczas pracy, minimalizuj\u0105c wibracje i zapewniaj\u0105c p\u0142ynne i kontrolowane ruchy. Stabilno\u015b\u0107 ta jest kluczowa w zastosowaniach, w kt\u00f3rych precyzja i bezpiecze\u0144stwo s\u0105 priorytetem.<\/li>\n<\/ul>\n<p>Podsumowuj\u0105c, odwr\u00f3cony si\u0142ownik teleskopowy to niezwyk\u0142e rozwi\u0105zanie hydrauliczne oferuj\u0105ce unikalne cechy, zastosowania i korzy\u015bci. Wysoka jako\u015b\u0107 konstrukcji, mo\u017cliwo\u015b\u0107 pracy z ma\u0142ymi wywrotkami, wykonanie ze stali nierdzewnej oraz hydrauliczne sterowanie sprawiaj\u0105, \u017ce jest to doskona\u0142y wyb\u00f3r dla r\u00f3\u017cnych bran\u017c. Niezale\u017cnie od tego, czy chodzi o podnoszenie ci\u0119\u017ckich \u0142adunk\u00f3w, zwi\u0119kszenie d\u0142ugo\u015bci skoku, czy popraw\u0119 stabilno\u015bci, si\u0142ownik ten zapewnia wyj\u0105tkow\u0105 wydajno\u015b\u0107. Zastosowanie odwr\u00f3conego si\u0142ownika teleskopowego w uk\u0142adach hydraulicznych to m\u0105dra inwestycja w wydajno\u015b\u0107, niezawodno\u015b\u0107 i produktywno\u015b\u0107.<\/p>\n<h3>O FMP \u2013 cylindrze hydraulicznym<\/h3>\n<p>W FMP specjalizujemy si\u0119 w sprzeda\u017cy i serwisie wysokiej jako\u015bci cz\u0119\u015bci do maszyn budowlanych i kompletnych maszyn. Nasz cylinder hydrauliczny jest jednym z naszych najpopularniejszych produkt\u00f3w i to z dobrego powodu. Oto pi\u0119\u0107 powod\u00f3w, dla kt\u00f3rych cylinder hydrauliczny FMP jest najlepszym wyborem dla Twoich potrzeb w zakresie maszyn budowlanych:<\/p>\n<p>1. <strong>Materia\u0142y najwy\u017cszej jako\u015bci<\/strong>:Nasz si\u0142ownik hydrauliczny wykonany jest z trwa\u0142ych i niezawodnych materia\u0142\u00f3w, co zapewnia d\u0142ugotrwa\u0142\u0105 wydajno\u015b\u0107 i minimalne wymagania konserwacyjne.<\/p>\n<p>2. <strong>Opcje dostosowywania<\/strong>: Oferujemy regulowane cylindry typu wide\u0142kowego, a tak\u017ce inne opcje dostosowywalne do Twoich konkretnych potrzeb. Dzi\u0119ki naszemu do\u015bwiadczeniu w zakresie cz\u0119\u015bci maszyn budowlanych mo\u017cemy wsp\u00f3\u0142pracowa\u0107 z Tob\u0105, aby znale\u017a\u0107 najlepsze rozwi\u0105zanie dla Twojego sprz\u0119tu.<\/p>\n<p>3. <strong>Zesp\u00f3\u0142 ekspert\u00f3w<\/strong>: Nasz do\u015bwiadczony i wykwalifikowany zesp\u00f3\u0142 sprzeda\u017cy jest zorientowany na najnowsze trendy bran\u017cowe i potrzeby klient\u00f3w w bran\u017cy maszyn budowlanych. Mog\u0105 oni zapewni\u0107 profesjonaln\u0105 konsultacj\u0119 produktow\u0105 i m\u0105dre sugestie zakupowe, aby pom\u00f3c Ci podj\u0105\u0107 najlepsz\u0105 decyzj\u0119 dla Twojej firmy.<\/p>\n<p>4. <strong>Efektywna logistyka<\/strong>:Posiadamy wydajny system dystrybucji logistycznej, aby zapewni\u0107, \u017ce klienci otrzymaj\u0105 wymagane cz\u0119\u015bci w odpowiednim czasie i dok\u0142adnie. Oznacza to minimalny przest\u00f3j maszyn budowlanych i p\u0142ynne dzia\u0142anie Twojej firmy.<\/p>\n<p>5. <strong>\u015acis\u0142a kontrola jako\u015bci<\/strong>:Nawi\u0105zujemy d\u0142ugoterminowe i stabilne relacje wsp\u00f3\u0142pracy z wieloma wysokiej jako\u015bci dostawcami w kraju i za granic\u0105, co gwarantuje, \u017ce wszystkie dostarczane cz\u0119\u015bci, w tym nasze si\u0142owniki hydrauliczne, spe\u0142niaj\u0105 surowe standardy jako\u015bci.<\/p>\n<p>Dzi\u0119ki cylindrowi hydraulicznemu FMP mo\u017cesz by\u0107 pewien jako\u015bci i niezawodno\u015bci swoich maszyn budowlanych. Skontaktuj si\u0119 z nami ju\u017c dzi\u015b, aby dowiedzie\u0107 si\u0119 wi\u0119cej o naszych produktach i o tym, jak mo\u017cemy pom\u00f3c Ci znale\u017a\u0107 najlepsze rozwi\u0105zania dla potrzeb Twojej firmy.<\/p>\n<p><img decoding=\"async\" src=\"https:\/\/fmp-components.com\/wp-content\/uploads\/2024\/12\/Adjustable-Clevis-Type-Cylinders-6.webp\" alt=\"Regulowany cylinder typu wide\u0142kowego\" width=\"853\" title=\"\"><br \/>\nAutor:CX<\/p>","protected":false},"excerpt":{"rendered":"<p>Introducing the High Quality Small Dump Truck 4 Stage Stainless Steel Hydraulic Cylinder: The High Quality Small Dump Truck 4 Stage Stainless Steel Hydraulic Cylinder is a cutting-edge product designed to enhance the performance and efficiency of small dump trucks. This hydraulic cylinder is constructed with top-of-the-line stainless steel, ensuring unparalleled durability and resistance to [&hellip;]<\/p>","protected":false},"featured_media":1714,"comment_status":"closed","ping_status":"closed","template":"","meta":{"_et_pb_use_builder":"","_et_pb_old_content":"","_et_gb_content_width":""},"product_brand":[],"product_cat":[45],"product_tag":[34,48],"class_list":{"0":"post-1713","1":"product","2":"type-product","3":"status-publish","4":"has-post-thumbnail","6":"product_cat-inverted-telescopic-cylinder","7":"product_tag-hydraulic-cylinder","8":"product_tag-inverted-telescopic-cylinder","10":"first","11":"instock","12":"product-type-simple"},"_links":{"self":[{"href":"https:\/\/fmp-components.com\/pl\/wp-json\/wp\/v2\/product\/1713","targetHints":{"allow":["GET"]}}],"collection":[{"href":"https:\/\/fmp-components.com\/pl\/wp-json\/wp\/v2\/product"}],"about":[{"href":"https:\/\/fmp-components.com\/pl\/wp-json\/wp\/v2\/types\/product"}],"replies":[{"embeddable":true,"href":"https:\/\/fmp-components.com\/pl\/wp-json\/wp\/v2\/comments?post=1713"}],"wp:featuredmedia":[{"embeddable":true,"href":"https:\/\/fmp-components.com\/pl\/wp-json\/wp\/v2\/media\/1714"}],"wp:attachment":[{"href":"https:\/\/fmp-components.com\/pl\/wp-json\/wp\/v2\/media?parent=1713"}],"wp:term":[{"taxonomy":"product_brand","embeddable":true,"href":"https:\/\/fmp-components.com\/pl\/wp-json\/wp\/v2\/product_brand?post=1713"},{"taxonomy":"product_cat","embeddable":true,"href":"https:\/\/fmp-components.com\/pl\/wp-json\/wp\/v2\/product_cat?post=1713"},{"taxonomy":"product_tag","embeddable":true,"href":"https:\/\/fmp-components.com\/pl\/wp-json\/wp\/v2\/product_tag?post=1713"}],"curies":[{"name":"wp","href":"https:\/\/api.w.org\/{rel}","templated":true}]}}